{"id":252998,"date":"2025-01-13T11:31:03","date_gmt":"2025-01-13T10:31:03","guid":{"rendered":"https:\/\/iha-race.com\/producto\/unidade-de-ar-dji-o4\/"},"modified":"2025-01-13T11:31:03","modified_gmt":"2025-01-13T10:31:03","slug":"unidade-de-ar-dji-o4","status":"publish","type":"product","link":"https:\/\/iha-race.com\/pt-pt\/produto\/unidade-de-ar-dji-o4\/","title":{"rendered":"Unidade de ar DJI O4"},"content":{"rendered":"<h2>Unidade de ar DJI O4<\/h2>\n<div class=\"style__body___hRZQQ layout-top-bottom section-container\">\n<div class=\"style__content-container___5Yesm\">\n<div>\n<div>\n<div class=\"product-detail-temp-specs\">\n<div class=\"temp-specs-table\">\n<div class=\"temp-specs-tbody\">\n<div class=\"temp-specs-tr\">\n<div class=\"temp-specs-td name\">Descri\u00e7\u00e3o Geral<\/div>\n<div class=\"temp-specs-td value\">\n<p><strong>Novas alturas de transmiss\u00e3o; mais liberdade de voo<\/strong><\/p>\n<p>A s\u00e9rie DJI O4 Air Unit est\u00e1 equipada com o sistema de transmiss\u00e3o de v\u00eddeo DJI O4, permitindo-te obter uma lat\u00eancia ultra baixa para um controlo mais \u00e1gil. Quando emparelhado com o design de antena dupla do DJI O4 Air Unit Pro, a dist\u00e2ncia m\u00e1xima de transmiss\u00e3o pode atingir at\u00e9 15 quil\u00f3metros. [ <sup>1]<\/sup> Este sistema pode selecionar automaticamente a frequ\u00eancia mais est\u00e1vel. Quer estejas a sobrevoar rios e montanhas ou a deslocar-te dentro de casa, ser\u00e1s capaz de executar ac\u00e7\u00f5es com confian\u00e7a e precis\u00e3o.  <\/p>\n<p><strong>\u00c9 n\u00edtido e fluido, e visualmente deslumbrante.<\/strong><\/p>\n<p>A s\u00e9rie de unidades a\u00e9reas DJI O4 \u00e9 capaz de gravar v\u00eddeos em 4K\/60 fps. O sistema de transmiss\u00e3o de v\u00eddeo usa a codifica\u00e7\u00e3o de v\u00eddeo H.265, tornando-o compat\u00edvel com a transmiss\u00e3o de alta taxa de quadros em 1080p \/ 100fps para imagens em tempo real claras e suaves. Independentemente da velocidade a que voares, o ecr\u00e3 da c\u00e2mara acompanhar\u00e1 o ritmo.  <\/p>\n<p><strong>Novo modo carreira: velocidade sem trav\u00f5es; divers\u00e3o sem limites<\/strong><\/p>\n<p>A s\u00e9rie DJI O4 Air Unit apresenta um novo modo de corrida, <sup>[2]<\/sup> com lat\u00eancia de transmiss\u00e3o de v\u00eddeo t\u00e3o baixa quanto 15 milissegundos. [ <sup>3]<\/sup> Suporta at\u00e9 oito aeronaves em simult\u00e2neo, <sup>[4] <\/sup>para uma emocionante viagem a alta velocidade pelos c\u00e9us.<\/p>\n<p><strong>Aquisi\u00e7\u00e3o de imagem melhorada: obras-primas cinematogr\u00e1ficas na ponta dos teus dedos<\/strong><\/p>\n<p>O DJI O4 Air Unit possui um sensor de imagem de 1\/2 polegada capaz de gravar v\u00eddeo 4K\/60 fps. O DJI O4 Air Unit Pro vai ainda mais longe com o seu sensor de imagem de 1\/1,3 polegadas, capaz de gravar v\u00eddeo 4K\/120 fps. N\u00e3o \u00e9 necess\u00e1ria uma c\u00e2mara de a\u00e7\u00e3o externa para filmagens de grande angular e de alta defini\u00e7\u00e3o. Criar imagens espectaculares nunca foi t\u00e3o f\u00e1cil.   <\/p>\n<p><strong>Mesmo com luz forte, cria com confian\u00e7a<\/strong><\/p>\n<p>O m\u00f3dulo de c\u00e2mara DJI O4 Air Unit Pro pode ser utilizado com o conjunto de filtros DJI Avata 2 ND (ND8\/16\/32) <sup>[5] <\/sup>. Mesmo em condi\u00e7\u00f5es de ilumina\u00e7\u00e3o intensa, garante uma exposi\u00e7\u00e3o equilibrada e cores fi\u00e9is \u00e0 vida. Isto permite-te controlar de forma flex\u00edvel a luz captada e a velocidade do obturador, para que possas obter facilmente uma desfocagem natural do movimento e tornar as tuas imagens mais din\u00e2micas e impactantes. <\/p>\n<p><strong>Compat\u00edvel com o modo Canvas: Your Flight, Your Way<\/strong><\/p>\n<p>Tens controlo total sobre o que \u00e9 apresentado no teu ecr\u00e3. A s\u00e9rie DJI O4 Air Unit suporta o modo Canvas e a configura\u00e7\u00e3o Betaflight OSD. Podes personalizar os dados em tempo real e o layout apresentado no ecr\u00e3 do teu goggle para tornar os dados de voo mais claros num relance e para melhorar a precis\u00e3o do controlo.  <\/p>\n<p><strong>Design leve e adapta\u00e7\u00e3o sem esfor\u00e7o<\/strong><\/p>\n<p>A s\u00e9rie DJI O4 Air Unit apresenta um design leve e port\u00e1til com grande compatibilidade. Em particular, a DJI O4 Air Unit pode acomodar estruturas de drones de 2 polegadas ou menos, permitindo uma montagem flex\u00edvel para se adequar a v\u00e1rias situa\u00e7\u00f5es de voo criativas. Experimenta a emo\u00e7\u00e3o de voar enquanto captas imagens de alta qualidade com facilidade.  <\/p>\n<\/div>\n<\/div>\n<div class=\"temp-specs-tr\">\n<div class=\"temp-specs-td name\">Conte\u00fado da embalagem<\/div>\n<div class=\"temp-specs-td value\">\n<p>U<strong>nidade de Ar<\/strong> DJI O4 M\u00f3dulo de C\u00e2mara da Unidade de Ar DJI O4 \u00d7 1 M\u00f3dulo de Transmissor da Unidade de Ar DJI O4 \u00d7 1 Antena da Unidade de Ar DJI O4 \u00d7 1 Cabo 3-em-1 da Unidade de Ar DJI O4 \u00d7 1<\/p>\n<\/div>\n<\/div>\n<div class=\"temp-specs-tr\">\n<div class=\"temp-specs-td name\">Compatibilidade<\/div>\n<div class=\"temp-specs-td value\">\n<p><strong>Plano de Adapta\u00e7\u00e3o 1<\/strong><\/p>\n<p>\u00d3culos de prote\u00e7\u00e3o DJI 3<\/p>\n<p>\u00d3culos de prote\u00e7\u00e3o DJI N3<\/p>\n<p>Controlo remoto DJI FPV 3<\/p>\n<p><strong>Plano de Adapta\u00e7\u00e3o 2<\/strong><\/p>\n<p>\u00d3culos de DJI 2<\/p>\n<p>\u00d3culos de prote\u00e7\u00e3o DJI Integra<\/p>\n<p>Controlo remoto DJI FPV 2<\/p>\n<\/div>\n<\/div>\n<\/div>\n<\/div>\n<\/div>\n<\/div>\n<\/div>\n<\/div>\n<\/div>\n<div class=\"section-container\"><\/div>\n<div>\n<div>\n<p>1) De acordo com os regulamentos da FCC, num ambiente exterior aberto e sem interfer\u00eancias, o alcance m\u00e1ximo de transmiss\u00e3o de v\u00eddeo da DJI O4 Air Unit Pro \u00e9 de 15 km. Para a Unidade A\u00e9rea DJI O4, \u00e9 de 10 km. 2. Para ativar o Modo de Corrida, s\u00e3o necess\u00e1rios os DJI Goggles 3 ou Goggles N3. Neste modo, as especifica\u00e7\u00f5es de grava\u00e7\u00e3o de v\u00eddeo padr\u00e3o s\u00e3o 1080p\/100 fps, e o modo de canal de transmiss\u00e3o de v\u00eddeo muda para manual, oferecendo op\u00e7\u00f5es de largura de banda de 20 MHz ou 40 MHz. A sele\u00e7\u00e3o de canal suportada no modo de corrida pode variar dependendo dos regulamentos de diferentes pa\u00edses e regi\u00f5es. 3) A Unidade A\u00e9rea DJI O4 oferece uma lat\u00eancia m\u00ednima de transmiss\u00e3o de v\u00eddeo de 20 ms, enquanto a Unidade A\u00e9rea DJI O4 Pro atinge uma lat\u00eancia m\u00ednima de 15 ms. Estas medi\u00e7\u00f5es foram recolhidas com os DJI Goggles 3 em modo de corrida. 4. os regulamentos variam consoante o pa\u00eds e a regi\u00e3o, pelo que o desempenho real pode variar. <\/p>\n<\/div>\n<\/div>\n","protected":false},"excerpt":{"rendered":"<p>Unidade de ar DJI O4 Descri\u00e7\u00e3o Geral Novas alturas de transmiss\u00e3o; mais liberdade de voo A s\u00e9rie DJI O4 Air Unit est\u00e1 equipada com o sistema de transmiss\u00e3o de v\u00eddeo<\/p>\n","protected":false},"featured_media":252982,"comment_status":"open","ping_status":"closed","template":"","meta":{"_joinchat":[]},"pwb-brand":[3567],"product_cat":[3346,3332,3342,2053],"product_tag":[],"class_list":{"0":"post-252998","1":"product","2":"type-product","3":"status-publish","4":"has-post-thumbnail","6":"pwb-brand-dji","7":"product_cat-dji-pt-pt-2","8":"product_cat-dji-pt-pt","9":"product_cat-dji-fpv-pt-pt","10":"product_cat-sistemas-digitais","12":"first","13":"outofstock","14":"taxable","15":"shipping-taxable","16":"purchasable","17":"product-type-simple"},"barcode":null,"atum_controlled":true,"out_stock_date":"2025-01-13 11:31:04","out_stock_threshold":null,"inheritable":false,"stock_on_hold":0,"sold_today":0,"sales_last_days":0,"out_stock_days":457,"lost_sales":0,"update_date":"2026-04-16T06:31:19","atum_locations":[],"atum_stock_status":"outofstock","restock_status":false,"low_stock_amount":"","sales_update_date":"2026-04-16T06:31:19","calc_backorders":null,"yoast_head":"<!-- This site is optimized with the Yoast SEO plugin v27.3 - https:\/\/yoast.com\/product\/yoast-seo-wordpress\/ -->\n<title>Unidade de ar DJI O4 - Iha Race<\/title>\n<meta name=\"robots\" content=\"index, follow, max-snippet:-1, max-image-preview:large, max-video-preview:-1\" \/>\n<link rel=\"canonical\" href=\"https:\/\/iha-race.com\/pt-pt\/produto\/unidade-de-ar-dji-o4\/\" \/>\n<meta property=\"og:locale\" content=\"pt_PT\" \/>\n<meta property=\"og:type\" content=\"article\" \/>\n<meta property=\"og:title\" content=\"Unidade de ar DJI O4 - Iha Race\" \/>\n<meta property=\"og:description\" content=\"Unidade de ar DJI O4 Descri\u00e7\u00e3o Geral Novas alturas de transmiss\u00e3o; mais liberdade de voo A s\u00e9rie DJI O4 Air Unit est\u00e1 equipada com o sistema de transmiss\u00e3o de v\u00eddeo\" \/>\n<meta property=\"og:url\" content=\"https:\/\/iha-race.com\/pt-pt\/produto\/unidade-de-ar-dji-o4\/\" \/>\n<meta property=\"og:site_name\" content=\"Iha Race\" \/>\n<meta property=\"og:image\" content=\"https:\/\/iha-race.com\/wp-content\/uploads\/2025\/01\/DJI-O4-Air-Unit.jpg\" \/>\n\t<meta property=\"og:image:width\" content=\"1100\" \/>\n\t<meta property=\"og:image:height\" content=\"1422\" \/>\n\t<meta property=\"og:image:type\" content=\"image\/jpeg\" \/>\n<meta name=\"twitter:card\" content=\"summary_large_image\" \/>\n<meta name=\"twitter:label1\" content=\"Tempo estimado de leitura\" \/>\n\t<meta name=\"twitter:data1\" content=\"4 minutos\" \/>\n<script type=\"application\/ld+json\" class=\"yoast-schema-graph\">{\"@context\":\"https:\\\/\\\/schema.org\",\"@graph\":[{\"@type\":\"WebPage\",\"@id\":\"https:\\\/\\\/iha-race.com\\\/pt-pt\\\/produto\\\/unidade-de-ar-dji-o4\\\/\",\"url\":\"https:\\\/\\\/iha-race.com\\\/pt-pt\\\/produto\\\/unidade-de-ar-dji-o4\\\/\",\"name\":\"Unidade de ar DJI O4 - Iha Race\",\"isPartOf\":{\"@id\":\"https:\\\/\\\/iha-race.com\\\/pt-pt\\\/#website\"},\"primaryImageOfPage\":{\"@id\":\"https:\\\/\\\/iha-race.com\\\/pt-pt\\\/produto\\\/unidade-de-ar-dji-o4\\\/#primaryimage\"},\"image\":{\"@id\":\"https:\\\/\\\/iha-race.com\\\/pt-pt\\\/produto\\\/unidade-de-ar-dji-o4\\\/#primaryimage\"},\"thumbnailUrl\":\"https:\\\/\\\/iha-race.com\\\/wp-content\\\/uploads\\\/2025\\\/01\\\/DJI-O4-Air-Unit.jpg\",\"datePublished\":\"2025-01-13T10:31:03+00:00\",\"breadcrumb\":{\"@id\":\"https:\\\/\\\/iha-race.com\\\/pt-pt\\\/produto\\\/unidade-de-ar-dji-o4\\\/#breadcrumb\"},\"inLanguage\":\"pt-PT\",\"potentialAction\":[{\"@type\":\"ReadAction\",\"target\":[\"https:\\\/\\\/iha-race.com\\\/pt-pt\\\/produto\\\/unidade-de-ar-dji-o4\\\/\"]}]},{\"@type\":\"ImageObject\",\"inLanguage\":\"pt-PT\",\"@id\":\"https:\\\/\\\/iha-race.com\\\/pt-pt\\\/produto\\\/unidade-de-ar-dji-o4\\\/#primaryimage\",\"url\":\"https:\\\/\\\/iha-race.com\\\/wp-content\\\/uploads\\\/2025\\\/01\\\/DJI-O4-Air-Unit.jpg\",\"contentUrl\":\"https:\\\/\\\/iha-race.com\\\/wp-content\\\/uploads\\\/2025\\\/01\\\/DJI-O4-Air-Unit.jpg\",\"width\":1100,\"height\":1422,\"caption\":\"Comprar DJI O4 Air Unit\"},{\"@type\":\"BreadcrumbList\",\"@id\":\"https:\\\/\\\/iha-race.com\\\/pt-pt\\\/produto\\\/unidade-de-ar-dji-o4\\\/#breadcrumb\",\"itemListElement\":[{\"@type\":\"ListItem\",\"position\":1,\"name\":\"Portada\",\"item\":\"https:\\\/\\\/iha-race.com\\\/pt-pt\\\/elementor-499\\\/\"},{\"@type\":\"ListItem\",\"position\":2,\"name\":\"Shop\",\"item\":\"https:\\\/\\\/iha-race.com\\\/pt-pt\\\/shop\\\/\"},{\"@type\":\"ListItem\",\"position\":3,\"name\":\"Unidade de ar DJI O4\"}]},{\"@type\":\"WebSite\",\"@id\":\"https:\\\/\\\/iha-race.com\\\/pt-pt\\\/#website\",\"url\":\"https:\\\/\\\/iha-race.com\\\/pt-pt\\\/\",\"name\":\"Iha Race\",\"description\":\"Comprar drones de carreras FPV env\u00edos en un d\u00eda desde Espa\u00f1a\",\"publisher\":{\"@id\":\"https:\\\/\\\/iha-race.com\\\/pt-pt\\\/#organization\"},\"potentialAction\":[{\"@type\":\"SearchAction\",\"target\":{\"@type\":\"EntryPoint\",\"urlTemplate\":\"https:\\\/\\\/iha-race.com\\\/pt-pt\\\/?s={search_term_string}\"},\"query-input\":{\"@type\":\"PropertyValueSpecification\",\"valueRequired\":true,\"valueName\":\"search_term_string\"}}],\"inLanguage\":\"pt-PT\"},{\"@type\":\"Organization\",\"@id\":\"https:\\\/\\\/iha-race.com\\\/pt-pt\\\/#organization\",\"name\":\"Iha Race\",\"url\":\"https:\\\/\\\/iha-race.com\\\/pt-pt\\\/\",\"logo\":{\"@type\":\"ImageObject\",\"inLanguage\":\"pt-PT\",\"@id\":\"https:\\\/\\\/iha-race.com\\\/pt-pt\\\/#\\\/schema\\\/logo\\\/image\\\/\",\"url\":\"https:\\\/\\\/iha-race.com\\\/wp-content\\\/uploads\\\/2018\\\/07\\\/iha-race-drones-de-carreras-tienda-comprar-drones.png\",\"contentUrl\":\"https:\\\/\\\/iha-race.com\\\/wp-content\\\/uploads\\\/2018\\\/07\\\/iha-race-drones-de-carreras-tienda-comprar-drones.png\",\"width\":300,\"height\":100,\"caption\":\"Iha Race\"},\"image\":{\"@id\":\"https:\\\/\\\/iha-race.com\\\/pt-pt\\\/#\\\/schema\\\/logo\\\/image\\\/\"}}]}<\/script>\n<!-- \/ Yoast SEO plugin. -->","yoast_head_json":{"title":"Unidade de ar DJI O4 - Iha Race","robots":{"index":"index","follow":"follow","max-snippet":"max-snippet:-1","max-image-preview":"max-image-preview:large","max-video-preview":"max-video-preview:-1"},"canonical":"https:\/\/iha-race.com\/pt-pt\/produto\/unidade-de-ar-dji-o4\/","og_locale":"pt_PT","og_type":"article","og_title":"Unidade de ar DJI O4 - Iha Race","og_description":"Unidade de ar DJI O4 Descri\u00e7\u00e3o Geral Novas alturas de transmiss\u00e3o; mais liberdade de voo A s\u00e9rie DJI O4 Air Unit est\u00e1 equipada com o sistema de transmiss\u00e3o de v\u00eddeo","og_url":"https:\/\/iha-race.com\/pt-pt\/produto\/unidade-de-ar-dji-o4\/","og_site_name":"Iha Race","og_image":[{"width":1100,"height":1422,"url":"https:\/\/iha-race.com\/wp-content\/uploads\/2025\/01\/DJI-O4-Air-Unit.jpg","type":"image\/jpeg"}],"twitter_card":"summary_large_image","twitter_misc":{"Tempo estimado de leitura":"4 minutos"},"schema":{"@context":"https:\/\/schema.org","@graph":[{"@type":"WebPage","@id":"https:\/\/iha-race.com\/pt-pt\/produto\/unidade-de-ar-dji-o4\/","url":"https:\/\/iha-race.com\/pt-pt\/produto\/unidade-de-ar-dji-o4\/","name":"Unidade de ar DJI O4 - Iha Race","isPartOf":{"@id":"https:\/\/iha-race.com\/pt-pt\/#website"},"primaryImageOfPage":{"@id":"https:\/\/iha-race.com\/pt-pt\/produto\/unidade-de-ar-dji-o4\/#primaryimage"},"image":{"@id":"https:\/\/iha-race.com\/pt-pt\/produto\/unidade-de-ar-dji-o4\/#primaryimage"},"thumbnailUrl":"https:\/\/iha-race.com\/wp-content\/uploads\/2025\/01\/DJI-O4-Air-Unit.jpg","datePublished":"2025-01-13T10:31:03+00:00","breadcrumb":{"@id":"https:\/\/iha-race.com\/pt-pt\/produto\/unidade-de-ar-dji-o4\/#breadcrumb"},"inLanguage":"pt-PT","potentialAction":[{"@type":"ReadAction","target":["https:\/\/iha-race.com\/pt-pt\/produto\/unidade-de-ar-dji-o4\/"]}]},{"@type":"ImageObject","inLanguage":"pt-PT","@id":"https:\/\/iha-race.com\/pt-pt\/produto\/unidade-de-ar-dji-o4\/#primaryimage","url":"https:\/\/iha-race.com\/wp-content\/uploads\/2025\/01\/DJI-O4-Air-Unit.jpg","contentUrl":"https:\/\/iha-race.com\/wp-content\/uploads\/2025\/01\/DJI-O4-Air-Unit.jpg","width":1100,"height":1422,"caption":"Comprar DJI O4 Air Unit"},{"@type":"BreadcrumbList","@id":"https:\/\/iha-race.com\/pt-pt\/produto\/unidade-de-ar-dji-o4\/#breadcrumb","itemListElement":[{"@type":"ListItem","position":1,"name":"Portada","item":"https:\/\/iha-race.com\/pt-pt\/elementor-499\/"},{"@type":"ListItem","position":2,"name":"Shop","item":"https:\/\/iha-race.com\/pt-pt\/shop\/"},{"@type":"ListItem","position":3,"name":"Unidade de ar DJI O4"}]},{"@type":"WebSite","@id":"https:\/\/iha-race.com\/pt-pt\/#website","url":"https:\/\/iha-race.com\/pt-pt\/","name":"Iha Race","description":"Comprar drones de carreras FPV env\u00edos en un d\u00eda desde Espa\u00f1a","publisher":{"@id":"https:\/\/iha-race.com\/pt-pt\/#organization"},"potentialAction":[{"@type":"SearchAction","target":{"@type":"EntryPoint","urlTemplate":"https:\/\/iha-race.com\/pt-pt\/?s={search_term_string}"},"query-input":{"@type":"PropertyValueSpecification","valueRequired":true,"valueName":"search_term_string"}}],"inLanguage":"pt-PT"},{"@type":"Organization","@id":"https:\/\/iha-race.com\/pt-pt\/#organization","name":"Iha Race","url":"https:\/\/iha-race.com\/pt-pt\/","logo":{"@type":"ImageObject","inLanguage":"pt-PT","@id":"https:\/\/iha-race.com\/pt-pt\/#\/schema\/logo\/image\/","url":"https:\/\/iha-race.com\/wp-content\/uploads\/2018\/07\/iha-race-drones-de-carreras-tienda-comprar-drones.png","contentUrl":"https:\/\/iha-race.com\/wp-content\/uploads\/2018\/07\/iha-race-drones-de-carreras-tienda-comprar-drones.png","width":300,"height":100,"caption":"Iha Race"},"image":{"@id":"https:\/\/iha-race.com\/pt-pt\/#\/schema\/logo\/image\/"}}]}},"brands":[{"id":3567,"name":"DJI","slug":"dji"}],"_links":{"self":[{"href":"https:\/\/iha-race.com\/pt-pt\/wp-json\/wp\/v2\/product\/252998","targetHints":{"allow":["GET"]}}],"collection":[{"href":"https:\/\/iha-race.com\/pt-pt\/wp-json\/wp\/v2\/product"}],"about":[{"href":"https:\/\/iha-race.com\/pt-pt\/wp-json\/wp\/v2\/types\/product"}],"replies":[{"embeddable":true,"href":"https:\/\/iha-race.com\/pt-pt\/wp-json\/wp\/v2\/comments?post=252998"}],"version-history":[{"count":0,"href":"https:\/\/iha-race.com\/pt-pt\/wp-json\/wp\/v2\/product\/252998\/revisions"}],"wp:featuredmedia":[{"embeddable":true,"href":"https:\/\/iha-race.com\/pt-pt\/wp-json\/wp\/v2\/media\/252982"}],"wp:attachment":[{"href":"https:\/\/iha-race.com\/pt-pt\/wp-json\/wp\/v2\/media?parent=252998"}],"wp:term":[{"taxonomy":"pwb-brand","embeddable":true,"href":"https:\/\/iha-race.com\/pt-pt\/wp-json\/wp\/v2\/pwb-brand?post=252998"},{"taxonomy":"product_cat","embeddable":true,"href":"https:\/\/iha-race.com\/pt-pt\/wp-json\/wp\/v2\/product_cat?post=252998"},{"taxonomy":"product_tag","embeddable":true,"href":"https:\/\/iha-race.com\/pt-pt\/wp-json\/wp\/v2\/product_tag?post=252998"}],"curies":[{"name":"wp","href":"https:\/\/api.w.org\/{rel}","templated":true}]}}