{"id":252451,"date":"2024-12-08T15:51:18","date_gmt":"2024-12-08T14:51:18","guid":{"rendered":"https:\/\/iha-race.com\/producto\/carregador-de-baterias-beta-fpv-bt3-0-verificador-de-tensao\/"},"modified":"2024-12-08T15:51:18","modified_gmt":"2024-12-08T14:51:18","slug":"carregador-de-baterias-beta-fpv-bt3-0-verificador-de-tensao","status":"publish","type":"product","link":"https:\/\/iha-race.com\/pt-pt\/produto\/carregador-de-baterias-beta-fpv-bt3-0-verificador-de-tensao\/","title":{"rendered":"Carregador de baterias BETA FPV BT3.0 + Verificador de tens\u00e3o"},"content":{"rendered":"<h2>BETA FPV Carregador de Bateria BT3.0 + Testador<\/h2>\n<p><span>BETAFPV oferece 2 vers\u00f5es do carregador de baterias 2S e testador de voltagem, cada um com portas diferentes (BT3.0 e XH2.54) capazes de carregar baterias LiHV de 8.7V e LiPo de 8.4V. N\u00e3o s\u00f3 tem uma fun\u00e7\u00e3o de exibi\u00e7\u00e3o digital, mas tamb\u00e9m tem capacidades de monitoriza\u00e7\u00e3o da tens\u00e3o da bateria 2S. Al\u00e9m disso, suporta o protocolo de carregamento r\u00e1pido PD3.0. Este carregador compacto e port\u00e1til \u00e9 totalmente funcional e f\u00e1cil de usar, e satisfaz as necessidades de carregamento dos utilizadores mais exigentes.    <\/span>Os entusiastas de<span> quadric\u00f3pteros 2S, permitindo-lhes recarregar as suas baterias em qualquer altura e em qualquer lugar.<\/span><\/p>\n<p><em><span>Nota: LiHV (8,7 V) significa baterias de pol\u00edmero de l\u00edtio 2S de alta tens\u00e3o e LiPo (8,4 V) significa baterias de pol\u00edmero de l\u00edtio normais.<\/span><\/em><\/p>\n<p><img decoding=\"async\" src=\"https:\/\/cdn.shopifycdn.net\/s\/files\/1\/1778\/6615\/files\/83629e3e107b9b3191a560ef0655f61b_aeee262c-ed40-4185-ac89-0060555269d8_1024x1024.jpg?v=1691561547\" alt=\"Carregador de bateria 2S\"><\/p>\n<h2><span>Ponto de bala<\/span><\/h2>\n<ul>\n<li><span>Um carregador de baterias 2S compacto e port\u00e1til e um testador de voltagem com ecr\u00e3 digital, concebido especificamente para a s\u00e9rie de baterias BT3.0.<\/span><\/li>\n<li><span>Suporta o protocolo de carregamento r\u00e1pido PD3.0, que oferece uma maior pot\u00eancia de sa\u00edda e v\u00e1rias op\u00e7\u00f5es de carregamento para uma experi\u00eancia de carregamento mais r\u00e1pida e segura com dispositivos compat\u00edveis.<\/span><\/li>\n<li><span>Equipado com uma fun\u00e7\u00e3o de visor digital e capaz de monitorizar a tens\u00e3o da bateria durante o carregamento.<\/span><\/li>\n<li><span>Com duas variantes que incluem portas BT3.0 e XH2.54, este carregador oferece aos utilizadores de RC diferentes op\u00e7\u00f5es de liga\u00e7\u00e3o.<\/span><\/li>\n<li><span>Com uma interface Type-C em vez de uma interface USB, oferece-te uma escolha ainda mais ampla de op\u00e7\u00f5es de carregamento.<\/span><\/li>\n<li><span>Este carregador, que cumpre os requisitos de carregamento de baterias 2S, \u00e9 a escolha ideal para os entusiastas mais exigentes.<\/span><\/li>\n<\/ul>\n<div style=\"text-align: left;\"><img decoding=\"async\" src=\"https:\/\/cdn.shopifycdn.net\/s\/files\/1\/1778\/6615\/files\/2_ee83bca5-4f2c-446d-8659-9af60a9c358a_1024x1024.jpg?v=1691567136\" alt=\"\"><\/div>\n<h2><span>Or\u00e7amento<\/span><\/h2>\n<ul>\n<li><span>Tipo de bateria: BT3.0-LiHV (tens\u00e3o de carga: 8,7 V) \/ XH2.54-LiPo (tens\u00e3o de carga: 8,4 V)<\/span><\/li>\n<li><span>Cor do produto: branco (BT3.0) \/ preto (XH2.54)<\/span><\/li>\n<li><span>Interface de entrada: USB Type-C<\/span><\/li>\n<li><span>Gama de tens\u00e3o de entrada: 5-12 V<\/span><\/li>\n<li><span>Pot\u00eancia de entrada: M\u00e1ximo 15 W<\/span><\/li>\n<li><span>Corrente m\u00e1xima de entrada: 2,5 A<\/span><\/li>\n<li><span>Protocolo de carregamento: PD3.0<\/span><\/li>\n<li><span>Peso (por carregador): 17,0 \u00b1 1,0 g<\/span><\/li>\n<li><span>Dimens\u00f5es (C \u00d7 L \u00d7 A): 61 x 25 x 17 mm<\/span><\/li>\n<li><span>Indica\u00e7\u00e3o da capacidade da bateria: <\/span>O visor digital LED<span> mostra a tens\u00e3o total e a tens\u00e3o de cada c\u00e9lula da bateria 2S.<\/span><\/li>\n<li>O visor digital LED<span> e o LED vermelho indicam o estado de carregamento:<\/span><\/li>\n<\/ul>\n<div class=\"table-wrapper\">\n<table style=\"float: left;\" width=\"100%\">\n<tbody>\n<tr>\n<td style=\"width: 25.9152%;\">\n<div style=\"text-align: left;\"><span>Ecr\u00e3 digital LED<\/span><\/div>\n<\/td>\n<td style=\"width: 18.0848%;\">\n<div><span>Estado do indicador<\/span><\/div>\n<\/td>\n<td style=\"width: 21%;\">\n<div><span>Descri\u00e7\u00e3o<\/span><\/div>\n<\/td>\n<\/tr>\n<tr style=\"text-align: left;\">\n<td style=\"width: 25.9152%;\">\n<div><span>Ecr\u00e3 circular retangular  <\/span><\/div>\n<\/td>\n<td style=\"width: 18.0848%;\">\n<div><span>Luz vermelha apagada<\/span><\/div>\n<\/td>\n<td style=\"width: 21%;\">\n<div><span>N\u00e3o carrega<\/span><\/div>\n<\/td>\n<\/tr>\n<tr style=\"text-align: left;\">\n<td style=\"width: 25.9152%;\">\n<div><span>Tens\u00e3o total<\/span><\/div>\n<\/td>\n<td style=\"width: 18.0848%;\">\n<div><span>Luz vermelha acesa<\/span><\/div>\n<\/td>\n<td style=\"width: 21%;\">\n<div><span>Carregamento  <\/span><\/div>\n<\/td>\n<\/tr>\n<tr style=\"text-align: left;\">\n<td style=\"width: 25.9152%;\">\n<div><span>S\u00edmbolo de ret\u00e2ngulo<\/span><\/div>\n<\/td>\n<td style=\"width: 18.0848%;\">\n<div><span>Luz vermelha apagada<\/span><\/div>\n<\/td>\n<td style=\"width: 21%;\">\n<div><span>Carga conclu\u00edda<\/span><\/div>\n<\/td>\n<\/tr>\n<tr style=\"text-align: left;\">\n<td style=\"width: 25.9152%;\">\n<div><span>Sem ecr\u00e3<\/span><\/div>\n<\/td>\n<td style=\"width: 18.0848%;\">\n<div><span>Luz vermelha intermitente<\/span><\/div>\n<\/td>\n<td style=\"width: 21%;\">\n<div><span>Bateria anormal  <\/span><\/div>\n<\/td>\n<\/tr>\n<\/tbody>\n<\/table>\n<\/div>\n<p><em><span>Nota: Quando o carregador n\u00e3o carrega ou a luz vermelha pisca, verifica se a bateria est\u00e1 normal ou substitui a bateria para a carregar.<\/span><\/em><\/p>\n<div style=\"text-align: start;\"><img decoding=\"async\" src=\"https:\/\/cdn.shopifycdn.net\/s\/files\/1\/1778\/6615\/files\/f7d7c897f798fc44c391847188c3ac79_6d582cee-4bac-4c51-978a-b69a4c79e13f_480x480.jpg?v=1691320664\" alt=\"Carregador de bateria BT3.0 2S\"><\/div>\n<h2 class=\"p1\"><span>Notas de utiliza\u00e7\u00e3o<\/span><\/h2>\n<ul>\n<li><span>Observa as marca\u00e7\u00f5es de polaridade no aparelho e n\u00e3o ligues o carregador com polaridade inversa.<\/span><\/li>\n<li><span>O carregador de baterias 2S e o verificador de tens\u00e3o apenas suportam o carregamento de baterias 2S, n\u00e3o de baterias 1S.<\/span><\/li>\n<li><span>O carregador s\u00f3 pode carregar uma bateria de cada vez e n\u00e3o foi concebido para carregar duas ou mais baterias em simult\u00e2neo.<\/span><\/li>\n<\/ul>\n<h2><span>XH2.54<\/span><\/h2>\n<p><span>Este carregador \u00e9 compat\u00edvel com baterias 2S LiPo (8.4V) e tem uma porta de bateria XH2.54. Tem em aten\u00e7\u00e3o que carregar baterias 2S LiHV (8.7V) pode resultar numa carga insuficiente. Recomendamos que utilizes uma bateria 2S LiPo com um conetor de equil\u00edbrio correspondente dispon\u00edvel no mercado. Durante o processo de carregamento, se o visor digital mostrar uma tens\u00e3o superior a 8,4V (por exemplo, 9V), desliga imediatamente a fonte de alimenta\u00e7\u00e3o e verifica se existe algum problema com a bateria ou com o carregador.   <\/span><\/p>\n<div style=\"text-align: start;\"><img decoding=\"async\" src=\"https:\/\/cdn.shopifycdn.net\/s\/files\/1\/1778\/6615\/files\/xh2.54_1d706b25-aa17-4fbb-b06f-1180963a2a43_1024x1024.jpg?v=1692241240\" alt=\"Carregador de baterias 2S e verificador de tens\u00e3o\"><\/div>\n<h2><span>BT3.0<\/span><\/h2>\n<p>Este carregador <span> foi concebido para carregar baterias 2S LiHV <\/span>(8,7 V). <span>  com uma porta de bateria BT3.0. Tem em aten\u00e7\u00e3o que a tentativa de carregar baterias 2S LiPo (8,4V) pode representar um risco de sobrecarga. Para garantir um carregamento seguro e \u00f3timo, recomendamos que o uses com a bateria BETAFPV BT3.0 450mAh 2S LiHV.    <\/span>Durante o processo de carregamento, se o visor digital mostrar uma tens\u00e3o superior a 8,7 V (por exemplo, 9 V), desliga imediatamente a fonte de alimenta\u00e7\u00e3o e verifica se existe algum problema com a bateria ou com o carregador.<\/p>\n<p><img decoding=\"async\" src=\"https:\/\/cdn.shopifycdn.net\/s\/files\/1\/1778\/6615\/files\/BT3.0_ec81675b-7b1e-48be-951a-c58790f160b7_1024x1024.jpg?v=1692241283\" alt=\"Carregador de baterias 2S e verificador de tens\u00e3o\"><\/p>\n<h2><span>Acess\u00f3rios da s\u00e9rie BT3.0<\/span><\/h2>\n<p><span>Os acess\u00f3rios da s\u00e9rie BT3.0 da BETAFPV representam uma linha de produtos desenhados exclusivamente para os drones Whoop 2S, composta por tr\u00eas categorias de itens, conectores, bateria e carregador, formando um conjunto integrado de acess\u00f3rios capazes de trabalhar em perfeita harmonia. Os conectores BT3.0 eliminam a necessidade de conectores de equil\u00edbrio, simplificando a bateria BT3.0 450mAh 2S (2 pe\u00e7as) e permitindo uma maior comodidade e aumento do desempenho dos drones 2S. Quando usado em conjunto com o carregador de bateria 2S e o testador de voltagem, podes obter uma experi\u00eancia de carregamento mais eficiente e est\u00e1vel.  <\/span><\/p>\n<div style=\"text-align: left;\"><img decoding=\"async\" style=\"margin-bottom: 16px; float: none;\" src=\"https:\/\/cdn.shopifycdn.net\/s\/files\/1\/1778\/6615\/files\/d11071e3e22df0f10fe36afc311a694c_1024x1024.jpg?v=1690877425\" alt=\"S\u00e9rie BT3.0 para o drone Whoop 2S\"><\/div>\n<p><span>Recomendamos vivamente a combina\u00e7\u00e3o dos seguintes produtos para atualizar o teu drone Whoop 2S com um conjunto de acess\u00f3rios eficientes e f\u00e1ceis de usar:<\/span><\/p>\n<ul>\n<li><span>Conectores BT3.0<\/span><\/li>\n<li><span data-type=\"text\">Bateria BT3.0 450 mAh 2S (2 pe\u00e7as)<\/span><\/li>\n<li><span>Carregador de baterias 2S e verificador de tens\u00e3o<\/span><\/li>\n<\/ul>\n<h2><span>Recomendar pe\u00e7as<\/span><\/h2>\n<ul>\n<li><span>Quadcopter: <\/span><span>Quadcopter Whoop sem escova Quadcopter Whoop Pavo Pico<\/span><span>, <\/span><span>Quadcopter Meteor85 sem escovas<\/span><\/li>\n<\/ul>\n<h2><span>Pacote<\/span><\/h2>\n<ul>\n<li><span>Artigo: Carregador de baterias 2S e verificador de tens\u00e3o: XH2.54\/BT3.0<\/span><\/li>\n<li><span>1 * Carregador de bateria 2S e verificador de tens\u00e3o <\/span>: XH2.54\/BT3.0<\/li>\n<li><span>1 * 70 * 50 mm Manual em chin\u00eas e ingl\u00eas<\/span><\/li>\n<li>1 <span> saco anti-est\u00e1tico 100 x 150 mm<\/span><\/li>\n<li><span>1 * Cart\u00e3o de servi\u00e7o<\/span><\/li>\n<\/ul>\n<div style=\"text-align: left;\"><img decoding=\"async\" style=\"margin-bottom: 16px; float: none;\" src=\"https:\/\/cdn.shopifycdn.net\/s\/files\/1\/1778\/6615\/files\/3f89305fb1dabad87b9b93324e3c25cd_e337b9ae-f87a-450c-adaa-b86b1d328c53_480x480.jpg?v=1691320790\" alt=\"Carregador de bateria BT3.0 2S\"><\/div>\n","protected":false},"excerpt":{"rendered":"<p>BETA FPV Carregador de Bateria BT3.0 + Testador BETAFPV oferece 2 vers\u00f5es do carregador de baterias 2S e testador de voltagem, cada um com portas diferentes (BT3.0 e XH2.54) capazes<\/p>\n","protected":false},"featured_media":252321,"comment_status":"open","ping_status":"closed","template":"","meta":{"_joinchat":[]},"pwb-brand":[],"product_cat":[1068],"product_tag":[],"class_list":{"0":"post-252451","1":"product","2":"type-product","3":"status-publish","4":"has-post-thumbnail","6":"product_cat-carregadores","8":"first","9":"instock","10":"taxable","11":"shipping-taxable","12":"purchasable","13":"product-type-simple"},"barcode":null,"atum_controlled":true,"out_stock_date":null,"out_stock_threshold":null,"inheritable":false,"stock_on_hold":0,"sold_today":0,"sales_last_days":0,"out_stock_days":0,"lost_sales":0,"update_date":"2026-04-18T09:21:42","atum_locations":[],"atum_stock_status":"instock","restock_status":false,"low_stock_amount":"","sales_update_date":"2026-04-18T09:21:42","calc_backorders":null,"yoast_head":"<!-- This site is optimized with the Yoast SEO plugin v27.3 - https:\/\/yoast.com\/product\/yoast-seo-wordpress\/ -->\n<title>Carregador de baterias BETA FPV BT3.0 + Verificador de tens\u00e3o - Iha Race<\/title>\n<meta name=\"robots\" content=\"index, follow, max-snippet:-1, max-image-preview:large, max-video-preview:-1\" \/>\n<link rel=\"canonical\" href=\"https:\/\/iha-race.com\/pt-pt\/produto\/carregador-de-baterias-beta-fpv-bt3-0-verificador-de-tensao\/\" \/>\n<meta property=\"og:locale\" content=\"pt_PT\" \/>\n<meta property=\"og:type\" content=\"article\" \/>\n<meta property=\"og:title\" content=\"Carregador de baterias BETA FPV BT3.0 + Verificador de tens\u00e3o - Iha Race\" \/>\n<meta property=\"og:description\" content=\"BETA FPV Carregador de Bateria BT3.0 + Testador BETAFPV oferece 2 vers\u00f5es do carregador de baterias 2S e testador de voltagem, cada um com portas diferentes (BT3.0 e XH2.54) capazes\" \/>\n<meta property=\"og:url\" content=\"https:\/\/iha-race.com\/pt-pt\/produto\/carregador-de-baterias-beta-fpv-bt3-0-verificador-de-tensao\/\" \/>\n<meta property=\"og:site_name\" content=\"Iha Race\" \/>\n<meta name=\"twitter:card\" content=\"summary_large_image\" \/>\n<meta name=\"twitter:label1\" content=\"Tempo estimado de leitura\" \/>\n\t<meta name=\"twitter:data1\" content=\"5 minutos\" \/>\n<script type=\"application\/ld+json\" class=\"yoast-schema-graph\">{\"@context\":\"https:\\\/\\\/schema.org\",\"@graph\":[{\"@type\":\"WebPage\",\"@id\":\"https:\\\/\\\/iha-race.com\\\/pt-pt\\\/produto\\\/carregador-de-baterias-beta-fpv-bt3-0-verificador-de-tensao\\\/\",\"url\":\"https:\\\/\\\/iha-race.com\\\/pt-pt\\\/produto\\\/carregador-de-baterias-beta-fpv-bt3-0-verificador-de-tensao\\\/\",\"name\":\"Carregador de baterias BETA FPV BT3.0 + Verificador de tens\u00e3o - Iha Race\",\"isPartOf\":{\"@id\":\"https:\\\/\\\/iha-race.com\\\/pt-pt\\\/#website\"},\"primaryImageOfPage\":{\"@id\":\"https:\\\/\\\/iha-race.com\\\/pt-pt\\\/produto\\\/carregador-de-baterias-beta-fpv-bt3-0-verificador-de-tensao\\\/#primaryimage\"},\"image\":{\"@id\":\"https:\\\/\\\/iha-race.com\\\/pt-pt\\\/produto\\\/carregador-de-baterias-beta-fpv-bt3-0-verificador-de-tensao\\\/#primaryimage\"},\"thumbnailUrl\":\"https:\\\/\\\/iha-race.com\\\/wp-content\\\/uploads\\\/2024\\\/12\\\/BETA-FPV-Cargador-Bateria-BT3.0-Comprobador.avif\",\"datePublished\":\"2024-12-08T14:51:18+00:00\",\"breadcrumb\":{\"@id\":\"https:\\\/\\\/iha-race.com\\\/pt-pt\\\/produto\\\/carregador-de-baterias-beta-fpv-bt3-0-verificador-de-tensao\\\/#breadcrumb\"},\"inLanguage\":\"pt-PT\",\"potentialAction\":[{\"@type\":\"ReadAction\",\"target\":[\"https:\\\/\\\/iha-race.com\\\/pt-pt\\\/produto\\\/carregador-de-baterias-beta-fpv-bt3-0-verificador-de-tensao\\\/\"]}]},{\"@type\":\"ImageObject\",\"inLanguage\":\"pt-PT\",\"@id\":\"https:\\\/\\\/iha-race.com\\\/pt-pt\\\/produto\\\/carregador-de-baterias-beta-fpv-bt3-0-verificador-de-tensao\\\/#primaryimage\",\"url\":\"https:\\\/\\\/iha-race.com\\\/wp-content\\\/uploads\\\/2024\\\/12\\\/BETA-FPV-Cargador-Bateria-BT3.0-Comprobador.avif\",\"contentUrl\":\"https:\\\/\\\/iha-race.com\\\/wp-content\\\/uploads\\\/2024\\\/12\\\/BETA-FPV-Cargador-Bateria-BT3.0-Comprobador.avif\",\"width\":807,\"height\":807,\"caption\":\"BETA FPV Cargador Bateria BT3.0 + Comprobador\"},{\"@type\":\"BreadcrumbList\",\"@id\":\"https:\\\/\\\/iha-race.com\\\/pt-pt\\\/produto\\\/carregador-de-baterias-beta-fpv-bt3-0-verificador-de-tensao\\\/#breadcrumb\",\"itemListElement\":[{\"@type\":\"ListItem\",\"position\":1,\"name\":\"Portada\",\"item\":\"https:\\\/\\\/iha-race.com\\\/pt-pt\\\/elementor-499\\\/\"},{\"@type\":\"ListItem\",\"position\":2,\"name\":\"Shop\",\"item\":\"https:\\\/\\\/iha-race.com\\\/pt-pt\\\/shop\\\/\"},{\"@type\":\"ListItem\",\"position\":3,\"name\":\"Carregador de baterias BETA FPV BT3.0 + Verificador de tens\u00e3o\"}]},{\"@type\":\"WebSite\",\"@id\":\"https:\\\/\\\/iha-race.com\\\/pt-pt\\\/#website\",\"url\":\"https:\\\/\\\/iha-race.com\\\/pt-pt\\\/\",\"name\":\"Iha Race\",\"description\":\"Comprar drones de carreras FPV env\u00edos en un d\u00eda desde Espa\u00f1a\",\"publisher\":{\"@id\":\"https:\\\/\\\/iha-race.com\\\/pt-pt\\\/#organization\"},\"potentialAction\":[{\"@type\":\"SearchAction\",\"target\":{\"@type\":\"EntryPoint\",\"urlTemplate\":\"https:\\\/\\\/iha-race.com\\\/pt-pt\\\/?s={search_term_string}\"},\"query-input\":{\"@type\":\"PropertyValueSpecification\",\"valueRequired\":true,\"valueName\":\"search_term_string\"}}],\"inLanguage\":\"pt-PT\"},{\"@type\":\"Organization\",\"@id\":\"https:\\\/\\\/iha-race.com\\\/pt-pt\\\/#organization\",\"name\":\"Iha Race\",\"url\":\"https:\\\/\\\/iha-race.com\\\/pt-pt\\\/\",\"logo\":{\"@type\":\"ImageObject\",\"inLanguage\":\"pt-PT\",\"@id\":\"https:\\\/\\\/iha-race.com\\\/pt-pt\\\/#\\\/schema\\\/logo\\\/image\\\/\",\"url\":\"https:\\\/\\\/iha-race.com\\\/wp-content\\\/uploads\\\/2018\\\/07\\\/iha-race-drones-de-carreras-tienda-comprar-drones.png\",\"contentUrl\":\"https:\\\/\\\/iha-race.com\\\/wp-content\\\/uploads\\\/2018\\\/07\\\/iha-race-drones-de-carreras-tienda-comprar-drones.png\",\"width\":300,\"height\":100,\"caption\":\"Iha Race\"},\"image\":{\"@id\":\"https:\\\/\\\/iha-race.com\\\/pt-pt\\\/#\\\/schema\\\/logo\\\/image\\\/\"}}]}<\/script>\n<!-- \/ Yoast SEO plugin. -->","yoast_head_json":{"title":"Carregador de baterias BETA FPV BT3.0 + Verificador de tens\u00e3o - Iha Race","robots":{"index":"index","follow":"follow","max-snippet":"max-snippet:-1","max-image-preview":"max-image-preview:large","max-video-preview":"max-video-preview:-1"},"canonical":"https:\/\/iha-race.com\/pt-pt\/produto\/carregador-de-baterias-beta-fpv-bt3-0-verificador-de-tensao\/","og_locale":"pt_PT","og_type":"article","og_title":"Carregador de baterias BETA FPV BT3.0 + Verificador de tens\u00e3o - Iha Race","og_description":"BETA FPV Carregador de Bateria BT3.0 + Testador BETAFPV oferece 2 vers\u00f5es do carregador de baterias 2S e testador de voltagem, cada um com portas diferentes (BT3.0 e XH2.54) capazes","og_url":"https:\/\/iha-race.com\/pt-pt\/produto\/carregador-de-baterias-beta-fpv-bt3-0-verificador-de-tensao\/","og_site_name":"Iha Race","twitter_card":"summary_large_image","twitter_misc":{"Tempo estimado de leitura":"5 minutos"},"schema":{"@context":"https:\/\/schema.org","@graph":[{"@type":"WebPage","@id":"https:\/\/iha-race.com\/pt-pt\/produto\/carregador-de-baterias-beta-fpv-bt3-0-verificador-de-tensao\/","url":"https:\/\/iha-race.com\/pt-pt\/produto\/carregador-de-baterias-beta-fpv-bt3-0-verificador-de-tensao\/","name":"Carregador de baterias BETA FPV BT3.0 + Verificador de tens\u00e3o - Iha Race","isPartOf":{"@id":"https:\/\/iha-race.com\/pt-pt\/#website"},"primaryImageOfPage":{"@id":"https:\/\/iha-race.com\/pt-pt\/produto\/carregador-de-baterias-beta-fpv-bt3-0-verificador-de-tensao\/#primaryimage"},"image":{"@id":"https:\/\/iha-race.com\/pt-pt\/produto\/carregador-de-baterias-beta-fpv-bt3-0-verificador-de-tensao\/#primaryimage"},"thumbnailUrl":"https:\/\/iha-race.com\/wp-content\/uploads\/2024\/12\/BETA-FPV-Cargador-Bateria-BT3.0-Comprobador.avif","datePublished":"2024-12-08T14:51:18+00:00","breadcrumb":{"@id":"https:\/\/iha-race.com\/pt-pt\/produto\/carregador-de-baterias-beta-fpv-bt3-0-verificador-de-tensao\/#breadcrumb"},"inLanguage":"pt-PT","potentialAction":[{"@type":"ReadAction","target":["https:\/\/iha-race.com\/pt-pt\/produto\/carregador-de-baterias-beta-fpv-bt3-0-verificador-de-tensao\/"]}]},{"@type":"ImageObject","inLanguage":"pt-PT","@id":"https:\/\/iha-race.com\/pt-pt\/produto\/carregador-de-baterias-beta-fpv-bt3-0-verificador-de-tensao\/#primaryimage","url":"https:\/\/iha-race.com\/wp-content\/uploads\/2024\/12\/BETA-FPV-Cargador-Bateria-BT3.0-Comprobador.avif","contentUrl":"https:\/\/iha-race.com\/wp-content\/uploads\/2024\/12\/BETA-FPV-Cargador-Bateria-BT3.0-Comprobador.avif","width":807,"height":807,"caption":"BETA FPV Cargador Bateria BT3.0 + Comprobador"},{"@type":"BreadcrumbList","@id":"https:\/\/iha-race.com\/pt-pt\/produto\/carregador-de-baterias-beta-fpv-bt3-0-verificador-de-tensao\/#breadcrumb","itemListElement":[{"@type":"ListItem","position":1,"name":"Portada","item":"https:\/\/iha-race.com\/pt-pt\/elementor-499\/"},{"@type":"ListItem","position":2,"name":"Shop","item":"https:\/\/iha-race.com\/pt-pt\/shop\/"},{"@type":"ListItem","position":3,"name":"Carregador de baterias BETA FPV BT3.0 + Verificador de tens\u00e3o"}]},{"@type":"WebSite","@id":"https:\/\/iha-race.com\/pt-pt\/#website","url":"https:\/\/iha-race.com\/pt-pt\/","name":"Iha Race","description":"Comprar drones de carreras FPV env\u00edos en un d\u00eda desde Espa\u00f1a","publisher":{"@id":"https:\/\/iha-race.com\/pt-pt\/#organization"},"potentialAction":[{"@type":"SearchAction","target":{"@type":"EntryPoint","urlTemplate":"https:\/\/iha-race.com\/pt-pt\/?s={search_term_string}"},"query-input":{"@type":"PropertyValueSpecification","valueRequired":true,"valueName":"search_term_string"}}],"inLanguage":"pt-PT"},{"@type":"Organization","@id":"https:\/\/iha-race.com\/pt-pt\/#organization","name":"Iha Race","url":"https:\/\/iha-race.com\/pt-pt\/","logo":{"@type":"ImageObject","inLanguage":"pt-PT","@id":"https:\/\/iha-race.com\/pt-pt\/#\/schema\/logo\/image\/","url":"https:\/\/iha-race.com\/wp-content\/uploads\/2018\/07\/iha-race-drones-de-carreras-tienda-comprar-drones.png","contentUrl":"https:\/\/iha-race.com\/wp-content\/uploads\/2018\/07\/iha-race-drones-de-carreras-tienda-comprar-drones.png","width":300,"height":100,"caption":"Iha Race"},"image":{"@id":"https:\/\/iha-race.com\/pt-pt\/#\/schema\/logo\/image\/"}}]}},"brands":[],"_links":{"self":[{"href":"https:\/\/iha-race.com\/pt-pt\/wp-json\/wp\/v2\/product\/252451","targetHints":{"allow":["GET"]}}],"collection":[{"href":"https:\/\/iha-race.com\/pt-pt\/wp-json\/wp\/v2\/product"}],"about":[{"href":"https:\/\/iha-race.com\/pt-pt\/wp-json\/wp\/v2\/types\/product"}],"replies":[{"embeddable":true,"href":"https:\/\/iha-race.com\/pt-pt\/wp-json\/wp\/v2\/comments?post=252451"}],"version-history":[{"count":0,"href":"https:\/\/iha-race.com\/pt-pt\/wp-json\/wp\/v2\/product\/252451\/revisions"}],"wp:featuredmedia":[{"embeddable":true,"href":"https:\/\/iha-race.com\/pt-pt\/wp-json\/wp\/v2\/media\/252321"}],"wp:attachment":[{"href":"https:\/\/iha-race.com\/pt-pt\/wp-json\/wp\/v2\/media?parent=252451"}],"wp:term":[{"taxonomy":"pwb-brand","embeddable":true,"href":"https:\/\/iha-race.com\/pt-pt\/wp-json\/wp\/v2\/pwb-brand?post=252451"},{"taxonomy":"product_cat","embeddable":true,"href":"https:\/\/iha-race.com\/pt-pt\/wp-json\/wp\/v2\/product_cat?post=252451"},{"taxonomy":"product_tag","embeddable":true,"href":"https:\/\/iha-race.com\/pt-pt\/wp-json\/wp\/v2\/product_tag?post=252451"}],"curies":[{"name":"wp","href":"https:\/\/api.w.org\/{rel}","templated":true}]}}