{"id":252446,"date":"2024-12-11T12:41:30","date_gmt":"2024-12-11T11:41:30","guid":{"rendered":"https:\/\/iha-race.com\/producto\/betafpv-c04-camara-vtx-cetus-v2\/"},"modified":"2026-01-21T17:07:15","modified_gmt":"2026-01-21T16:07:15","slug":"betafpv-c04-camara-vtx-cetus-v2","status":"publish","type":"product","link":"https:\/\/iha-race.com\/pt-pt\/produto\/betafpv-c04-camara-vtx-cetus-v2\/","title":{"rendered":"BetaFPV C04 + C\u00e2mara VTX Cetus V2"},"content":{"rendered":"<h2>BetaFPV C04 + C\u00e2mara VTX Cetus V2<\/h2>\n<p><span>A c\u00e2mara modular C04 e o m\u00f3dulo VTX para o<\/span><span>Quadric\u00f3ptero<\/span><span>ro<\/span><span> Cetus X<\/span><span>S\u00e3o f\u00e1ceis de instalar e f\u00e1ceis de utilizar. Simplesmente liga e joga. Com o seu design leve de 4,14 g e uma resolu\u00e7\u00e3o de 1200 linhas de TV, esta c\u00e2mara oferece um desempenho excecional para micro quadric\u00f3pteros FPV. Oferece um amplo campo de vis\u00e3o de 160\u00b0 e utiliza um sensor CMOS de 1\/3&#8221; para imagens n\u00edtidas e vibrantes. Ao adquiri-la e substitu\u00ed-la no seu quadric\u00f3ptero Cetus X, os pilotos podem obter apoio de emerg\u00eancia e minimizar o tempo de inatividade.    <\/span><\/p>\n<div style=\"text-align: start;\"><img decoding=\"async\" src=\"https:\/\/cdn.shopify.com\/s\/files\/1\/1778\/6615\/files\/FB_e33c2ec9-5bcf-4d41-90de-9082b2b2a3b8_1024x1024.jpg?v=1714460352\" alt=\"C\u00e2mara C04 e m\u00f3dulo VTX\"><\/div>\n<h2 class=\"p1\"><span>Ponto de bala<\/span><\/h2>\n<ul>\n<li><span>O design modular permite uma instala\u00e7\u00e3o e utiliza\u00e7\u00e3o f\u00e1ceis, sem necessidade de conhecimentos profissionais de soldadura. Basta lig\u00e1-lo e utiliz\u00e1-lo de imediato. <\/span><\/li>\n<li><span>A pot\u00eancia m\u00e1xima de sa\u00edda \u00e9 de 350 ~ 400 mW, para que os pilotos possam voar mais tempo e mais longe, explorar mais possibilidades e divertir-se.<\/span><\/li>\n<li><span>Design miniatura e leve, pesando apenas 4,14 g com antena ajust\u00e1vel e pot\u00eancia de sa\u00edda para voos de longa dist\u00e2ncia.  <\/span><\/li>\n<li><span class=\"a-list-item\"><span>A resolu\u00e7\u00e3o de 1200 TVL e o sensor CMOS de 1\/3&#8243; garantem uma imagem n\u00edtida e de boa qualidade.<\/span><\/span><\/li>\n<li><span>Com um campo de vis\u00e3o (FOV) mais amplo de 160\u00b0, podes gravar cenas amplas e belas.<\/span><\/li>\n<li><span>Se tiveres o controlador de voo da vers\u00e3o Betaflight para o teu quadcopter Cetus X, escolhe a c\u00e2mara C04 e o m\u00f3dulo VTX da vers\u00e3o M04. Caso contr\u00e1rio, escolhe a vers\u00e3o Cetus V2. <\/span><\/li>\n<\/ul>\n<h2 class=\"p1\"><span>Especifica\u00e7\u00e3o<\/span><\/h2>\n<ul>\n<li><span>Artigo: M\u00f3dulo de c\u00e2mara e VTX C04 (M04 VTX\/Cetus VTX V2)<\/span><\/li>\n<li><span>C\u00e2mara: Micro c\u00e2mara FPV C04<\/span><\/li>\n<li><span>Sensor de imagem: Sensor CMOS de 1\/3<\/span><\/li>\n<li><span>Resolu\u00e7\u00e3o horizontal: 1200 linhas de TV<\/span><\/li>\n<li><span>Campo de vis\u00e3o: 160\u00b0.<\/span><\/li>\n<li><span>Sistema de v\u00eddeo: NTSC (4:3)<\/span><\/li>\n<li><span>Pot\u00eancia de sa\u00edda: 25-400 mW (M04 VTX)\/ 25-350 mW (Cetus VTX V2)<\/span><\/li>\n<li><span>Tens\u00e3o de alimenta\u00e7\u00e3o: 5V<\/span><\/li>\n<li><span>Tamanho: 14,5 x 21 x 23,5 mm (sem antena)<\/span><\/li>\n<li><span>Peso: 4,14 g (com antena)<\/span><\/li>\n<li><span>Frequ\u00eancia: 5 bandas, 40 canais com Raceband (M04 VTX), 1 banda, 8 canais (B-band) (Cetus VTX V2)<\/span><\/li>\n<\/ul>\n<h2 class=\"p1\"><span>Diagrama<\/span><\/h2>\n<p>A imagem seguinte mostra o tamanho da c\u00e2mara C04 e do m\u00f3dulo VTX.<\/p>\n<div style=\"text-align: start;\"><img decoding=\"async\" style=\"margin-bottom: 16px; float: none;\" src=\"https:\/\/cdn.shopify.com\/s\/files\/1\/1778\/6615\/files\/468ef44610c31b5b50b747b4f9f5ee49_9ce81fce-64f0-4605-8166-4712cc98a7a3_600x600.jpg?v=1714382607\" alt=\"C\u00e2mara C04 e m\u00f3dulo VTX\"><\/div>\n<p>A imagem seguinte mostra a frequ\u00eancia da c\u00e2mara C04 e do m\u00f3dulo VTX.<\/p>\n<div style=\"text-align: start;\"><img decoding=\"async\" style=\"float: none;\" src=\"https:\/\/cdn.shopify.com\/s\/files\/1\/1778\/6615\/files\/1_337dc6bb-a9e2-4d7e-a00f-0b78ee59da64_600x600.png?v=1714284386\" alt=\"\"><\/div>\n<div style=\"text-align: start;\"><em><span>Nota: <\/span>A vers\u00e3o Cetus V2 est\u00e1 limitada a uma frequ\u00eancia B, enquanto a vers\u00e3o M04 cobre todas as frequ\u00eancias acima indicadas.<\/em><\/div>\n<h2 class=\"p1\"><span>Conector Plug-N-Play  <\/span><\/h2>\n<p><span>A c\u00e2mara e o VTX j\u00e1 est\u00e3o soldados, ligados e s\u00e3o utilizados diretamente. Podem ser facilmente instalados e utilizados sem necessidade de conhecimentos profissionais de soldadura.  Adequado para<\/span><a href=\"https:\/\/betafpv.com\/collections\/cetus-series\/products\/cetus-x-brushless-quadcopter\"><span>Quadroc\u00f3ptero sem escovas Cetus X<\/span><\/a><span>y<\/span><a href=\"https:\/\/betafpv.com\/collections\/frame\/products\/cetus-x-brushless-whoop-frame\"><span>Estrutura Whoop sem escovas do Cetus X<\/span><\/a><span>.<\/span><\/p>\n<div style=\"text-align: start;\"><img decoding=\"async\" src=\"https:\/\/cdn.shopify.com\/s\/files\/1\/1778\/6615\/files\/ba143def7294fdd9c1d71a8ef30e0cfe_aee8edb9-d29a-4475-a7ab-a3a7d3472f21_1024x1024.jpg?v=1714449053\" alt=\"C\u00e2mara C04 e m\u00f3dulo VTX\"><\/div>\n<h2 class=\"p1\"><span>Recomendar pe\u00e7as<\/span><\/h2>\n<ul>\n<li><span>Quadro:<\/span><span>Cetus X Brushless Whoop Frame<\/span><\/li>\n<li><span>Drones:<\/span><span>Quadcopter sem escovas Cetus X<\/span><\/li>\n<\/ul>\n<h2 class=\"p1\"><span>Pacote<\/span><\/h2>\n<div style=\"text-align: start;\"><\/div>\n<div style=\"text-align: start;\">\n<ul>\n<li><span>1 * C\u00e2mara C04 e m\u00f3dulo VTX (vers\u00e3o Cetus V2)<\/span><\/li>\n<li><span>1 * Cabo<\/span><\/li>\n<li><span>2 * Parafusos<\/span><\/li>\n<\/ul>\n<p><img decoding=\"async\" style=\"float: none;\" src=\"https:\/\/cdn.shopify.com\/s\/files\/1\/1778\/6615\/files\/36911c0904db1d481a24384dac5a57ea_55bf6659-4c0f-4dff-8a1d-fe4a250fecdd_600x600.jpg?v=1714381623\" alt=\"C\u00e2mara C04 e m\u00f3dulo VTX\"><\/p>\n<\/div>\n","protected":false},"excerpt":{"rendered":"<p>BetaFPV C04 + C\u00e2mara VTX Cetus V2 A c\u00e2mara modular C04 e o m\u00f3dulo VTX para oQuadric\u00f3pteroro Cetus XS\u00e3o f\u00e1ceis de instalar e f\u00e1ceis de utilizar. Simplesmente liga e joga.<\/p>\n","protected":false},"featured_media":252428,"comment_status":"open","ping_status":"closed","template":"","meta":{"_joinchat":[]},"pwb-brand":[],"product_cat":[2407,41,4114],"product_tag":[],"class_list":{"0":"post-252446","1":"product","2":"type-product","3":"status-publish","4":"has-post-thumbnail","6":"product_cat-camaras-analogicas","7":"product_cat-camaras","8":"product_cat-black-friday-2024","10":"first","11":"instock","12":"taxable","13":"shipping-taxable","14":"purchasable","15":"product-type-simple"},"barcode":null,"atum_controlled":true,"out_stock_date":null,"out_stock_threshold":null,"inheritable":false,"stock_on_hold":0,"sold_today":0,"sales_last_days":0,"out_stock_days":0,"lost_sales":0,"update_date":"2026-04-18T09:21:42","atum_locations":[],"atum_stock_status":"instock","restock_status":false,"low_stock_amount":"","sales_update_date":"2026-04-18T09:21:42","calc_backorders":null,"yoast_head":"<!-- This site is optimized with the Yoast SEO plugin v27.3 - https:\/\/yoast.com\/product\/yoast-seo-wordpress\/ -->\n<title>BetaFPV C04 + C\u00e2mara VTX Cetus V2 - Iha Race<\/title>\n<meta name=\"robots\" content=\"index, follow, max-snippet:-1, max-image-preview:large, max-video-preview:-1\" \/>\n<link rel=\"canonical\" href=\"https:\/\/iha-race.com\/pt-pt\/produto\/betafpv-c04-camara-vtx-cetus-v2\/\" \/>\n<meta property=\"og:locale\" content=\"pt_PT\" \/>\n<meta property=\"og:type\" content=\"article\" \/>\n<meta property=\"og:title\" content=\"BetaFPV C04 + C\u00e2mara VTX Cetus V2 - Iha Race\" \/>\n<meta property=\"og:description\" content=\"BetaFPV C04 + C\u00e2mara VTX Cetus V2 A c\u00e2mara modular C04 e o m\u00f3dulo VTX para oQuadric\u00f3pteroro Cetus XS\u00e3o f\u00e1ceis de instalar e f\u00e1ceis de utilizar. Simplesmente liga e joga.\" \/>\n<meta property=\"og:url\" content=\"https:\/\/iha-race.com\/pt-pt\/produto\/betafpv-c04-camara-vtx-cetus-v2\/\" \/>\n<meta property=\"og:site_name\" content=\"Iha Race\" \/>\n<meta property=\"article:modified_time\" content=\"2026-01-21T16:07:15+00:00\" \/>\n<meta property=\"og:image\" content=\"https:\/\/iha-race.com\/wp-content\/uploads\/2024\/12\/Camara-BetaFPV-C04-VTX-Cetus-V2.webp\" \/>\n\t<meta property=\"og:image:width\" content=\"540\" \/>\n\t<meta property=\"og:image:height\" content=\"540\" \/>\n\t<meta property=\"og:image:type\" content=\"image\/webp\" \/>\n<meta name=\"twitter:card\" content=\"summary_large_image\" \/>\n<meta name=\"twitter:label1\" content=\"Tempo estimado de leitura\" \/>\n\t<meta name=\"twitter:data1\" content=\"2 minutos\" \/>\n<script type=\"application\/ld+json\" class=\"yoast-schema-graph\">{\"@context\":\"https:\\\/\\\/schema.org\",\"@graph\":[{\"@type\":\"WebPage\",\"@id\":\"https:\\\/\\\/iha-race.com\\\/pt-pt\\\/produto\\\/betafpv-c04-camara-vtx-cetus-v2\\\/\",\"url\":\"https:\\\/\\\/iha-race.com\\\/pt-pt\\\/produto\\\/betafpv-c04-camara-vtx-cetus-v2\\\/\",\"name\":\"BetaFPV C04 + C\u00e2mara VTX Cetus V2 - Iha Race\",\"isPartOf\":{\"@id\":\"https:\\\/\\\/iha-race.com\\\/pt-pt\\\/#website\"},\"primaryImageOfPage\":{\"@id\":\"https:\\\/\\\/iha-race.com\\\/pt-pt\\\/produto\\\/betafpv-c04-camara-vtx-cetus-v2\\\/#primaryimage\"},\"image\":{\"@id\":\"https:\\\/\\\/iha-race.com\\\/pt-pt\\\/produto\\\/betafpv-c04-camara-vtx-cetus-v2\\\/#primaryimage\"},\"thumbnailUrl\":\"https:\\\/\\\/iha-race.com\\\/wp-content\\\/uploads\\\/2024\\\/12\\\/Camara-BetaFPV-C04-VTX-Cetus-V2.webp\",\"datePublished\":\"2024-12-11T11:41:30+00:00\",\"dateModified\":\"2026-01-21T16:07:15+00:00\",\"breadcrumb\":{\"@id\":\"https:\\\/\\\/iha-race.com\\\/pt-pt\\\/produto\\\/betafpv-c04-camara-vtx-cetus-v2\\\/#breadcrumb\"},\"inLanguage\":\"pt-PT\",\"potentialAction\":[{\"@type\":\"ReadAction\",\"target\":[\"https:\\\/\\\/iha-race.com\\\/pt-pt\\\/produto\\\/betafpv-c04-camara-vtx-cetus-v2\\\/\"]}]},{\"@type\":\"ImageObject\",\"inLanguage\":\"pt-PT\",\"@id\":\"https:\\\/\\\/iha-race.com\\\/pt-pt\\\/produto\\\/betafpv-c04-camara-vtx-cetus-v2\\\/#primaryimage\",\"url\":\"https:\\\/\\\/iha-race.com\\\/wp-content\\\/uploads\\\/2024\\\/12\\\/Camara-BetaFPV-C04-VTX-Cetus-V2.webp\",\"contentUrl\":\"https:\\\/\\\/iha-race.com\\\/wp-content\\\/uploads\\\/2024\\\/12\\\/Camara-BetaFPV-C04-VTX-Cetus-V2.webp\",\"width\":540,\"height\":540,\"caption\":\"Comprar C\u00e1mara BetaFPV C04 + VTX Cetus V2\"},{\"@type\":\"BreadcrumbList\",\"@id\":\"https:\\\/\\\/iha-race.com\\\/pt-pt\\\/produto\\\/betafpv-c04-camara-vtx-cetus-v2\\\/#breadcrumb\",\"itemListElement\":[{\"@type\":\"ListItem\",\"position\":1,\"name\":\"Portada\",\"item\":\"https:\\\/\\\/iha-race.com\\\/pt-pt\\\/elementor-499\\\/\"},{\"@type\":\"ListItem\",\"position\":2,\"name\":\"Shop\",\"item\":\"https:\\\/\\\/iha-race.com\\\/pt-pt\\\/shop\\\/\"},{\"@type\":\"ListItem\",\"position\":3,\"name\":\"BetaFPV C04 + C\u00e2mara VTX Cetus V2\"}]},{\"@type\":\"WebSite\",\"@id\":\"https:\\\/\\\/iha-race.com\\\/pt-pt\\\/#website\",\"url\":\"https:\\\/\\\/iha-race.com\\\/pt-pt\\\/\",\"name\":\"Iha Race\",\"description\":\"Comprar drones de carreras FPV env\u00edos en un d\u00eda desde Espa\u00f1a\",\"publisher\":{\"@id\":\"https:\\\/\\\/iha-race.com\\\/pt-pt\\\/#organization\"},\"potentialAction\":[{\"@type\":\"SearchAction\",\"target\":{\"@type\":\"EntryPoint\",\"urlTemplate\":\"https:\\\/\\\/iha-race.com\\\/pt-pt\\\/?s={search_term_string}\"},\"query-input\":{\"@type\":\"PropertyValueSpecification\",\"valueRequired\":true,\"valueName\":\"search_term_string\"}}],\"inLanguage\":\"pt-PT\"},{\"@type\":\"Organization\",\"@id\":\"https:\\\/\\\/iha-race.com\\\/pt-pt\\\/#organization\",\"name\":\"Iha Race\",\"url\":\"https:\\\/\\\/iha-race.com\\\/pt-pt\\\/\",\"logo\":{\"@type\":\"ImageObject\",\"inLanguage\":\"pt-PT\",\"@id\":\"https:\\\/\\\/iha-race.com\\\/pt-pt\\\/#\\\/schema\\\/logo\\\/image\\\/\",\"url\":\"https:\\\/\\\/iha-race.com\\\/wp-content\\\/uploads\\\/2018\\\/07\\\/iha-race-drones-de-carreras-tienda-comprar-drones.png\",\"contentUrl\":\"https:\\\/\\\/iha-race.com\\\/wp-content\\\/uploads\\\/2018\\\/07\\\/iha-race-drones-de-carreras-tienda-comprar-drones.png\",\"width\":300,\"height\":100,\"caption\":\"Iha Race\"},\"image\":{\"@id\":\"https:\\\/\\\/iha-race.com\\\/pt-pt\\\/#\\\/schema\\\/logo\\\/image\\\/\"}}]}<\/script>\n<!-- \/ Yoast SEO plugin. -->","yoast_head_json":{"title":"BetaFPV C04 + C\u00e2mara VTX Cetus V2 - Iha Race","robots":{"index":"index","follow":"follow","max-snippet":"max-snippet:-1","max-image-preview":"max-image-preview:large","max-video-preview":"max-video-preview:-1"},"canonical":"https:\/\/iha-race.com\/pt-pt\/produto\/betafpv-c04-camara-vtx-cetus-v2\/","og_locale":"pt_PT","og_type":"article","og_title":"BetaFPV C04 + C\u00e2mara VTX Cetus V2 - Iha Race","og_description":"BetaFPV C04 + C\u00e2mara VTX Cetus V2 A c\u00e2mara modular C04 e o m\u00f3dulo VTX para oQuadric\u00f3pteroro Cetus XS\u00e3o f\u00e1ceis de instalar e f\u00e1ceis de utilizar. Simplesmente liga e joga.","og_url":"https:\/\/iha-race.com\/pt-pt\/produto\/betafpv-c04-camara-vtx-cetus-v2\/","og_site_name":"Iha Race","article_modified_time":"2026-01-21T16:07:15+00:00","og_image":[{"width":540,"height":540,"url":"https:\/\/iha-race.com\/wp-content\/uploads\/2024\/12\/Camara-BetaFPV-C04-VTX-Cetus-V2.webp","type":"image\/webp"}],"twitter_card":"summary_large_image","twitter_misc":{"Tempo estimado de leitura":"2 minutos"},"schema":{"@context":"https:\/\/schema.org","@graph":[{"@type":"WebPage","@id":"https:\/\/iha-race.com\/pt-pt\/produto\/betafpv-c04-camara-vtx-cetus-v2\/","url":"https:\/\/iha-race.com\/pt-pt\/produto\/betafpv-c04-camara-vtx-cetus-v2\/","name":"BetaFPV C04 + C\u00e2mara VTX Cetus V2 - Iha Race","isPartOf":{"@id":"https:\/\/iha-race.com\/pt-pt\/#website"},"primaryImageOfPage":{"@id":"https:\/\/iha-race.com\/pt-pt\/produto\/betafpv-c04-camara-vtx-cetus-v2\/#primaryimage"},"image":{"@id":"https:\/\/iha-race.com\/pt-pt\/produto\/betafpv-c04-camara-vtx-cetus-v2\/#primaryimage"},"thumbnailUrl":"https:\/\/iha-race.com\/wp-content\/uploads\/2024\/12\/Camara-BetaFPV-C04-VTX-Cetus-V2.webp","datePublished":"2024-12-11T11:41:30+00:00","dateModified":"2026-01-21T16:07:15+00:00","breadcrumb":{"@id":"https:\/\/iha-race.com\/pt-pt\/produto\/betafpv-c04-camara-vtx-cetus-v2\/#breadcrumb"},"inLanguage":"pt-PT","potentialAction":[{"@type":"ReadAction","target":["https:\/\/iha-race.com\/pt-pt\/produto\/betafpv-c04-camara-vtx-cetus-v2\/"]}]},{"@type":"ImageObject","inLanguage":"pt-PT","@id":"https:\/\/iha-race.com\/pt-pt\/produto\/betafpv-c04-camara-vtx-cetus-v2\/#primaryimage","url":"https:\/\/iha-race.com\/wp-content\/uploads\/2024\/12\/Camara-BetaFPV-C04-VTX-Cetus-V2.webp","contentUrl":"https:\/\/iha-race.com\/wp-content\/uploads\/2024\/12\/Camara-BetaFPV-C04-VTX-Cetus-V2.webp","width":540,"height":540,"caption":"Comprar C\u00e1mara BetaFPV C04 + VTX Cetus V2"},{"@type":"BreadcrumbList","@id":"https:\/\/iha-race.com\/pt-pt\/produto\/betafpv-c04-camara-vtx-cetus-v2\/#breadcrumb","itemListElement":[{"@type":"ListItem","position":1,"name":"Portada","item":"https:\/\/iha-race.com\/pt-pt\/elementor-499\/"},{"@type":"ListItem","position":2,"name":"Shop","item":"https:\/\/iha-race.com\/pt-pt\/shop\/"},{"@type":"ListItem","position":3,"name":"BetaFPV C04 + C\u00e2mara VTX Cetus V2"}]},{"@type":"WebSite","@id":"https:\/\/iha-race.com\/pt-pt\/#website","url":"https:\/\/iha-race.com\/pt-pt\/","name":"Iha Race","description":"Comprar drones de carreras FPV env\u00edos en un d\u00eda desde Espa\u00f1a","publisher":{"@id":"https:\/\/iha-race.com\/pt-pt\/#organization"},"potentialAction":[{"@type":"SearchAction","target":{"@type":"EntryPoint","urlTemplate":"https:\/\/iha-race.com\/pt-pt\/?s={search_term_string}"},"query-input":{"@type":"PropertyValueSpecification","valueRequired":true,"valueName":"search_term_string"}}],"inLanguage":"pt-PT"},{"@type":"Organization","@id":"https:\/\/iha-race.com\/pt-pt\/#organization","name":"Iha Race","url":"https:\/\/iha-race.com\/pt-pt\/","logo":{"@type":"ImageObject","inLanguage":"pt-PT","@id":"https:\/\/iha-race.com\/pt-pt\/#\/schema\/logo\/image\/","url":"https:\/\/iha-race.com\/wp-content\/uploads\/2018\/07\/iha-race-drones-de-carreras-tienda-comprar-drones.png","contentUrl":"https:\/\/iha-race.com\/wp-content\/uploads\/2018\/07\/iha-race-drones-de-carreras-tienda-comprar-drones.png","width":300,"height":100,"caption":"Iha Race"},"image":{"@id":"https:\/\/iha-race.com\/pt-pt\/#\/schema\/logo\/image\/"}}]}},"jetpack_sharing_enabled":true,"brands":[],"_links":{"self":[{"href":"https:\/\/iha-race.com\/pt-pt\/wp-json\/wp\/v2\/product\/252446","targetHints":{"allow":["GET"]}}],"collection":[{"href":"https:\/\/iha-race.com\/pt-pt\/wp-json\/wp\/v2\/product"}],"about":[{"href":"https:\/\/iha-race.com\/pt-pt\/wp-json\/wp\/v2\/types\/product"}],"replies":[{"embeddable":true,"href":"https:\/\/iha-race.com\/pt-pt\/wp-json\/wp\/v2\/comments?post=252446"}],"version-history":[{"count":0,"href":"https:\/\/iha-race.com\/pt-pt\/wp-json\/wp\/v2\/product\/252446\/revisions"}],"wp:featuredmedia":[{"embeddable":true,"href":"https:\/\/iha-race.com\/pt-pt\/wp-json\/wp\/v2\/media\/252428"}],"wp:attachment":[{"href":"https:\/\/iha-race.com\/pt-pt\/wp-json\/wp\/v2\/media?parent=252446"}],"wp:term":[{"taxonomy":"pwb-brand","embeddable":true,"href":"https:\/\/iha-race.com\/pt-pt\/wp-json\/wp\/v2\/pwb-brand?post=252446"},{"taxonomy":"product_cat","embeddable":true,"href":"https:\/\/iha-race.com\/pt-pt\/wp-json\/wp\/v2\/product_cat?post=252446"},{"taxonomy":"product_tag","embeddable":true,"href":"https:\/\/iha-race.com\/pt-pt\/wp-json\/wp\/v2\/product_tag?post=252446"}],"curies":[{"name":"wp","href":"https:\/\/api.w.org\/{rel}","templated":true}]}}