{"id":251637,"date":"2024-10-17T10:42:36","date_gmt":"2024-10-17T08:42:36","guid":{"rendered":"https:\/\/iha-race.com\/producto\/bateria-bt3-0-450-mah-2s-2-pecas\/"},"modified":"2024-10-22T10:27:56","modified_gmt":"2024-10-22T08:27:56","slug":"bateria-bt3-0-450-mah-2s-2-pecas","status":"publish","type":"product","link":"https:\/\/iha-race.com\/pt-pt\/produto\/bateria-bt3-0-450-mah-2s-2-pecas\/","title":{"rendered":"Bateria BT3.0 450 mAh 2S (2 pe\u00e7as)"},"content":{"rendered":"<h1 class=\"h2 product-single__title\">Bateria BT3.0 450 mAh 2S (2 pe\u00e7as)<\/h1>\n<p>&nbsp;<\/p>\n<p>A bateria BETAFPV BT3.0 450mAh 2S apresenta um design tudo-em-um altamente integrado que elimina a necessidade de um conetor de cabe\u00e7a de equil\u00edbrio inc\u00f3modo. Esta carater\u00edstica plug-and-play garante a facilidade de utiliza\u00e7\u00e3o e instala\u00e7\u00e3o conveniente, que simplifica e melhora o design geral dos drones 2S. Isto n\u00e3o s\u00f3 ajuda os principiantes a p\u00f4r os drones 2S a funcionar rapidamente e a desfrutar da emo\u00e7\u00e3o de voar, como tamb\u00e9m satisfaz as normas exigentes dos pilotos profissionais para a montagem de drones, permitindo-lhes exercer um maior controlo e flexibilidade no voo.  <\/p>\n<p><img decoding=\"async\" src=\"https:\/\/cdn.shopifycdn.net\/s\/files\/1\/1778\/6615\/files\/83629e3e107b9b3191a560ef0655f61b_e8f91eda-8984-41de-9188-a5e5ecbe5741_1024x1024.jpg?v=1691561774\" alt=\"Bateria BT3.0 450 mAh 2S (2 pe\u00e7as)\"><\/p>\n<h2 class=\"p1\">Ponto de bala<\/h2>\n<ul>\n<li>A elimina\u00e7\u00e3o de um conetor de cabe\u00e7a de equil\u00edbrio na bateria 2S garante um carregamento e uma instala\u00e7\u00e3o sem esfor\u00e7o.<\/li>\n<li>O design altamente integrado da bateria 2S evita qualquer exposi\u00e7\u00e3o da cablagem ou da bateria, melhorando a seguran\u00e7a e a estabilidade da energia.<\/li>\n<li>Os conectores BT3.0 e o design minimalista desta bateria 2S permitem um design simplificado para o quadcopter 2S.<\/li>\n<\/ul>\n<p>A imagem seguinte mostra as dimens\u00f5es da bateria.<\/p>\n<p><img decoding=\"async\" src=\"https:\/\/cdn.shopifycdn.net\/s\/files\/1\/1778\/6615\/files\/f7d7c897f798fc44c391847188c3ac79_4ec6e2a4-d586-4a07-a102-b51481a71928_480x480.jpg?v=1691145120\" alt=\"Bateria BT3.0 450 mAh 2S (2 pe\u00e7as)\"><\/p>\n<h2 class=\"p1\">Especifica\u00e7\u00e3o<\/h2>\n<ul>\n<li>Conector da bateria: conetor BT3.0<\/li>\n<li>Capacidade da bateria: 450 mAh<\/li>\n<li>Tipo de bateria: Bateria de l\u00edtio 2S HV<\/li>\n<li>Tens\u00e3o nominal: 7,6 V<\/li>\n<li>Tens\u00e3o totalmente carregada: 8,7 V<\/li>\n<li>Taxa de descarga: 30 \u00b0C<\/li>\n<li>Pot\u00eancia de descarga: 3,42 Wh<\/li>\n<li>Peso da bateria: 27 \u00b1 0,5 g<\/li>\n<li>Tamanho da bateria: 67*17,5*15 mm \/ 67*16*13,3 mm (tamanho de instala\u00e7\u00e3o)<\/li>\n<li>Cor: Preto<\/li>\n<li>Tratamento de superf\u00edcie: etiquetagem e tubos retr\u00e1cteis<\/li>\n<li>Curva de descarga da bateria:<\/li>\n<\/ul>\n<div style=\"text-align: left;\"><img decoding=\"async\" src=\"https:\/\/cdn.shopifycdn.net\/s\/files\/1\/1778\/6615\/files\/114a5c0012b06a7971f293f72efdece0_eb915754-b690-4132-8af5-617ac5830ebb_600x600.jpg?v=1691562102\" alt=\"\"><\/div>\n<h2 class=\"p1\">Notas de utiliza\u00e7\u00e3o<\/h2>\n<ul>\n<li>A espessura da bateria situa-se entre 13,1 e 13,6 mm, adequada para utiliza\u00e7\u00e3o com o <a href=\"https:\/\/betafpv.com\/products\/pavo-pico-brushless-whoop\">Pavo Pico Brushless Whoop Quadcopter<\/a> e o <a href=\"https:\/\/betafpv.com\/collections\/cetus-series\/products\/cetus-x-brushless-quadcopter\">Cetus X Brushless Quadcopter<\/a>.<\/li>\n<li>Para carregar esta bateria, precisas de um carregador de bateria BT3.0 2S.<\/li>\n<li>Para carregar totalmente esta bateria de alta tens\u00e3o, um carregador de tens\u00e3o normal n\u00e3o ser\u00e1 suficiente.<\/li>\n<li>Carrega esta bateria at\u00e9 \u00e0 capacidade total em cerca de 20 minutos utilizando um carregador de bateria BT3.0 2S.<\/li>\n<\/ul>\n<h2>Acess\u00f3rios da s\u00e9rie BT3.0<\/h2>\n<p>Os acess\u00f3rios da s\u00e9rie BT3.0 da BETAFPV representam uma linha de produtos desenhados exclusivamente para os drones Whoop 2S, composta por tr\u00eas categorias de itens, conectores, bateria e carregador, formando um conjunto integrado de acess\u00f3rios capazes de trabalhar em perfeita harmonia. Os conectores BT3.0 eliminam a necessidade de conectores de equil\u00edbrio, simplificando a bateria BT3.0 450mAh 2S (2 pe\u00e7as) e permitindo uma maior comodidade e aumento do desempenho dos drones 2S. Quando utilizado em conjunto com o carregador de bateria 2S, obt\u00e9m uma experi\u00eancia de carregamento mais eficiente e est\u00e1vel.  <\/p>\n<div style=\"text-align: left;\"><img decoding=\"async\" style=\"margin-bottom: 16px; float: none;\" src=\"https:\/\/cdn.shopifycdn.net\/s\/files\/1\/1778\/6615\/files\/d11071e3e22df0f10fe36afc311a694c_1024x1024.jpg?v=1690877425\" alt=\"S\u00e9rie BT3.0 para o drone Whoop 2S\"><\/div>\n<p>Recomendamos vivamente a combina\u00e7\u00e3o dos seguintes produtos para atualizar o teu drone Whoop 2S com um conjunto de acess\u00f3rios eficientes e f\u00e1ceis de usar:<\/p>\n<ul>\n<li>Conectores BT3.0<\/li>\n<li><span data-type=\"text\">Bateria BT3.0 450 mAh 2S (2 pe\u00e7as)<\/span><\/li>\n<li>Carregador de baterias 2S e verificador de tens\u00e3o<\/li>\n<\/ul>\n<h2 class=\"p1\">Pe\u00e7as recomendadas<\/h2>\n<ul>\n<li>Quadcopter:Quadcopter sem escovas Cetus X,Quadcopter sem escovas Whoop Pavo Pico<\/li>\n<\/ul>\n<h2 class=\"p1\">Pacote<\/h2>\n<ul>\n<li>2 * Bateria BT3.0 450mAh 2S<\/li>\n<li>2 * Saco de bolhas<\/li>\n<li>1 * Caixa de pilhas<\/li>\n<\/ul>\n<p><img decoding=\"async\" src=\"https:\/\/cdn.shopifycdn.net\/s\/files\/1\/1778\/6615\/files\/3f89305fb1dabad87b9b93324e3c25cd_c2bf08d2-dc95-4436-9365-6463ae7da507_480x480.jpg?v=1691043348\" alt=\"Bateria BT3.0 450 mAh 2S (2 pe\u00e7as)\"><\/p>\n","protected":false},"excerpt":{"rendered":"<p>Bateria BT3.0 450 mAh 2S (2 pe\u00e7as) &nbsp; A bateria BETAFPV BT3.0 450mAh 2S apresenta um design tudo-em-um altamente integrado que elimina a necessidade de um conetor de cabe\u00e7a de<\/p>\n","protected":false},"featured_media":251623,"comment_status":"open","ping_status":"closed","template":"","meta":{"_joinchat":[]},"pwb-brand":[],"product_cat":[17,19],"product_tag":[],"class_list":{"0":"post-251637","1":"product","2":"type-product","3":"status-publish","4":"has-post-thumbnail","6":"product_cat-baterias-para-drones","7":"product_cat-s2","9":"first","10":"instock","11":"taxable","12":"shipping-taxable","13":"purchasable","14":"product-type-simple"},"barcode":null,"atum_controlled":true,"out_stock_date":null,"out_stock_threshold":null,"inheritable":false,"stock_on_hold":0,"sold_today":0,"sales_last_days":0,"out_stock_days":0,"lost_sales":0,"update_date":"2026-04-18T09:21:43","atum_locations":[],"atum_stock_status":"instock","restock_status":false,"low_stock_amount":"","sales_update_date":"2026-04-18T09:21:43","calc_backorders":null,"yoast_head":"<!-- This site is optimized with the Yoast SEO plugin v27.3 - https:\/\/yoast.com\/product\/yoast-seo-wordpress\/ -->\n<title>Bateria BT3.0 450 mAh 2S (2 pe\u00e7as) - Iha Race<\/title>\n<meta name=\"robots\" content=\"index, follow, max-snippet:-1, max-image-preview:large, max-video-preview:-1\" \/>\n<link rel=\"canonical\" href=\"https:\/\/iha-race.com\/pt-pt\/produto\/bateria-bt3-0-450-mah-2s-2-pecas\/\" \/>\n<meta property=\"og:locale\" content=\"pt_PT\" \/>\n<meta property=\"og:type\" content=\"article\" \/>\n<meta property=\"og:title\" content=\"Bateria BT3.0 450 mAh 2S (2 pe\u00e7as) - Iha Race\" \/>\n<meta property=\"og:description\" content=\"Bateria BT3.0 450 mAh 2S (2 pe\u00e7as) &nbsp; A bateria BETAFPV BT3.0 450mAh 2S apresenta um design tudo-em-um altamente integrado que elimina a necessidade de um conetor de cabe\u00e7a de\" \/>\n<meta property=\"og:url\" content=\"https:\/\/iha-race.com\/pt-pt\/produto\/bateria-bt3-0-450-mah-2s-2-pecas\/\" \/>\n<meta property=\"og:site_name\" content=\"Iha Race\" \/>\n<meta property=\"article:modified_time\" content=\"2024-10-22T08:27:56+00:00\" \/>\n<meta property=\"og:image\" content=\"https:\/\/iha-race.com\/wp-content\/uploads\/2024\/10\/Bateria-BT3.0-450-mAh-2S-2-piezas.webp\" \/>\n\t<meta property=\"og:image:width\" content=\"540\" \/>\n\t<meta property=\"og:image:height\" content=\"540\" \/>\n\t<meta property=\"og:image:type\" content=\"image\/webp\" \/>\n<meta name=\"twitter:card\" content=\"summary_large_image\" \/>\n<meta name=\"twitter:label1\" content=\"Tempo estimado de leitura\" \/>\n\t<meta name=\"twitter:data1\" content=\"3 minutos\" \/>\n<script type=\"application\/ld+json\" class=\"yoast-schema-graph\">{\"@context\":\"https:\\\/\\\/schema.org\",\"@graph\":[{\"@type\":\"WebPage\",\"@id\":\"https:\\\/\\\/iha-race.com\\\/pt-pt\\\/produto\\\/bateria-bt3-0-450-mah-2s-2-pecas\\\/\",\"url\":\"https:\\\/\\\/iha-race.com\\\/pt-pt\\\/produto\\\/bateria-bt3-0-450-mah-2s-2-pecas\\\/\",\"name\":\"Bateria BT3.0 450 mAh 2S (2 pe\u00e7as) - Iha Race\",\"isPartOf\":{\"@id\":\"https:\\\/\\\/iha-race.com\\\/pt-pt\\\/#website\"},\"primaryImageOfPage\":{\"@id\":\"https:\\\/\\\/iha-race.com\\\/pt-pt\\\/produto\\\/bateria-bt3-0-450-mah-2s-2-pecas\\\/#primaryimage\"},\"image\":{\"@id\":\"https:\\\/\\\/iha-race.com\\\/pt-pt\\\/produto\\\/bateria-bt3-0-450-mah-2s-2-pecas\\\/#primaryimage\"},\"thumbnailUrl\":\"https:\\\/\\\/iha-race.com\\\/wp-content\\\/uploads\\\/2024\\\/10\\\/Bateria-BT3.0-450-mAh-2S-2-piezas.webp\",\"datePublished\":\"2024-10-17T08:42:36+00:00\",\"dateModified\":\"2024-10-22T08:27:56+00:00\",\"breadcrumb\":{\"@id\":\"https:\\\/\\\/iha-race.com\\\/pt-pt\\\/produto\\\/bateria-bt3-0-450-mah-2s-2-pecas\\\/#breadcrumb\"},\"inLanguage\":\"pt-PT\",\"potentialAction\":[{\"@type\":\"ReadAction\",\"target\":[\"https:\\\/\\\/iha-race.com\\\/pt-pt\\\/produto\\\/bateria-bt3-0-450-mah-2s-2-pecas\\\/\"]}]},{\"@type\":\"ImageObject\",\"inLanguage\":\"pt-PT\",\"@id\":\"https:\\\/\\\/iha-race.com\\\/pt-pt\\\/produto\\\/bateria-bt3-0-450-mah-2s-2-pecas\\\/#primaryimage\",\"url\":\"https:\\\/\\\/iha-race.com\\\/wp-content\\\/uploads\\\/2024\\\/10\\\/Bateria-BT3.0-450-mAh-2S-2-piezas.webp\",\"contentUrl\":\"https:\\\/\\\/iha-race.com\\\/wp-content\\\/uploads\\\/2024\\\/10\\\/Bateria-BT3.0-450-mAh-2S-2-piezas.webp\",\"width\":540,\"height\":540,\"caption\":\"Comprar Bater\u00eda BT3.0 450 mAh 2S (2 piezas)\"},{\"@type\":\"BreadcrumbList\",\"@id\":\"https:\\\/\\\/iha-race.com\\\/pt-pt\\\/produto\\\/bateria-bt3-0-450-mah-2s-2-pecas\\\/#breadcrumb\",\"itemListElement\":[{\"@type\":\"ListItem\",\"position\":1,\"name\":\"Portada\",\"item\":\"https:\\\/\\\/iha-race.com\\\/pt-pt\\\/elementor-499\\\/\"},{\"@type\":\"ListItem\",\"position\":2,\"name\":\"Shop\",\"item\":\"https:\\\/\\\/iha-race.com\\\/pt-pt\\\/shop\\\/\"},{\"@type\":\"ListItem\",\"position\":3,\"name\":\"Bateria BT3.0 450 mAh 2S (2 pe\u00e7as)\"}]},{\"@type\":\"WebSite\",\"@id\":\"https:\\\/\\\/iha-race.com\\\/pt-pt\\\/#website\",\"url\":\"https:\\\/\\\/iha-race.com\\\/pt-pt\\\/\",\"name\":\"Iha Race\",\"description\":\"Comprar drones de carreras FPV env\u00edos en un d\u00eda desde Espa\u00f1a\",\"publisher\":{\"@id\":\"https:\\\/\\\/iha-race.com\\\/pt-pt\\\/#organization\"},\"potentialAction\":[{\"@type\":\"SearchAction\",\"target\":{\"@type\":\"EntryPoint\",\"urlTemplate\":\"https:\\\/\\\/iha-race.com\\\/pt-pt\\\/?s={search_term_string}\"},\"query-input\":{\"@type\":\"PropertyValueSpecification\",\"valueRequired\":true,\"valueName\":\"search_term_string\"}}],\"inLanguage\":\"pt-PT\"},{\"@type\":\"Organization\",\"@id\":\"https:\\\/\\\/iha-race.com\\\/pt-pt\\\/#organization\",\"name\":\"Iha Race\",\"url\":\"https:\\\/\\\/iha-race.com\\\/pt-pt\\\/\",\"logo\":{\"@type\":\"ImageObject\",\"inLanguage\":\"pt-PT\",\"@id\":\"https:\\\/\\\/iha-race.com\\\/pt-pt\\\/#\\\/schema\\\/logo\\\/image\\\/\",\"url\":\"https:\\\/\\\/iha-race.com\\\/wp-content\\\/uploads\\\/2018\\\/07\\\/iha-race-drones-de-carreras-tienda-comprar-drones.png\",\"contentUrl\":\"https:\\\/\\\/iha-race.com\\\/wp-content\\\/uploads\\\/2018\\\/07\\\/iha-race-drones-de-carreras-tienda-comprar-drones.png\",\"width\":300,\"height\":100,\"caption\":\"Iha Race\"},\"image\":{\"@id\":\"https:\\\/\\\/iha-race.com\\\/pt-pt\\\/#\\\/schema\\\/logo\\\/image\\\/\"}}]}<\/script>\n<!-- \/ Yoast SEO plugin. -->","yoast_head_json":{"title":"Bateria BT3.0 450 mAh 2S (2 pe\u00e7as) - Iha Race","robots":{"index":"index","follow":"follow","max-snippet":"max-snippet:-1","max-image-preview":"max-image-preview:large","max-video-preview":"max-video-preview:-1"},"canonical":"https:\/\/iha-race.com\/pt-pt\/produto\/bateria-bt3-0-450-mah-2s-2-pecas\/","og_locale":"pt_PT","og_type":"article","og_title":"Bateria BT3.0 450 mAh 2S (2 pe\u00e7as) - Iha Race","og_description":"Bateria BT3.0 450 mAh 2S (2 pe\u00e7as) &nbsp; A bateria BETAFPV BT3.0 450mAh 2S apresenta um design tudo-em-um altamente integrado que elimina a necessidade de um conetor de cabe\u00e7a de","og_url":"https:\/\/iha-race.com\/pt-pt\/produto\/bateria-bt3-0-450-mah-2s-2-pecas\/","og_site_name":"Iha Race","article_modified_time":"2024-10-22T08:27:56+00:00","og_image":[{"width":540,"height":540,"url":"https:\/\/iha-race.com\/wp-content\/uploads\/2024\/10\/Bateria-BT3.0-450-mAh-2S-2-piezas.webp","type":"image\/webp"}],"twitter_card":"summary_large_image","twitter_misc":{"Tempo estimado de leitura":"3 minutos"},"schema":{"@context":"https:\/\/schema.org","@graph":[{"@type":"WebPage","@id":"https:\/\/iha-race.com\/pt-pt\/produto\/bateria-bt3-0-450-mah-2s-2-pecas\/","url":"https:\/\/iha-race.com\/pt-pt\/produto\/bateria-bt3-0-450-mah-2s-2-pecas\/","name":"Bateria BT3.0 450 mAh 2S (2 pe\u00e7as) - Iha Race","isPartOf":{"@id":"https:\/\/iha-race.com\/pt-pt\/#website"},"primaryImageOfPage":{"@id":"https:\/\/iha-race.com\/pt-pt\/produto\/bateria-bt3-0-450-mah-2s-2-pecas\/#primaryimage"},"image":{"@id":"https:\/\/iha-race.com\/pt-pt\/produto\/bateria-bt3-0-450-mah-2s-2-pecas\/#primaryimage"},"thumbnailUrl":"https:\/\/iha-race.com\/wp-content\/uploads\/2024\/10\/Bateria-BT3.0-450-mAh-2S-2-piezas.webp","datePublished":"2024-10-17T08:42:36+00:00","dateModified":"2024-10-22T08:27:56+00:00","breadcrumb":{"@id":"https:\/\/iha-race.com\/pt-pt\/produto\/bateria-bt3-0-450-mah-2s-2-pecas\/#breadcrumb"},"inLanguage":"pt-PT","potentialAction":[{"@type":"ReadAction","target":["https:\/\/iha-race.com\/pt-pt\/produto\/bateria-bt3-0-450-mah-2s-2-pecas\/"]}]},{"@type":"ImageObject","inLanguage":"pt-PT","@id":"https:\/\/iha-race.com\/pt-pt\/produto\/bateria-bt3-0-450-mah-2s-2-pecas\/#primaryimage","url":"https:\/\/iha-race.com\/wp-content\/uploads\/2024\/10\/Bateria-BT3.0-450-mAh-2S-2-piezas.webp","contentUrl":"https:\/\/iha-race.com\/wp-content\/uploads\/2024\/10\/Bateria-BT3.0-450-mAh-2S-2-piezas.webp","width":540,"height":540,"caption":"Comprar Bater\u00eda BT3.0 450 mAh 2S (2 piezas)"},{"@type":"BreadcrumbList","@id":"https:\/\/iha-race.com\/pt-pt\/produto\/bateria-bt3-0-450-mah-2s-2-pecas\/#breadcrumb","itemListElement":[{"@type":"ListItem","position":1,"name":"Portada","item":"https:\/\/iha-race.com\/pt-pt\/elementor-499\/"},{"@type":"ListItem","position":2,"name":"Shop","item":"https:\/\/iha-race.com\/pt-pt\/shop\/"},{"@type":"ListItem","position":3,"name":"Bateria BT3.0 450 mAh 2S (2 pe\u00e7as)"}]},{"@type":"WebSite","@id":"https:\/\/iha-race.com\/pt-pt\/#website","url":"https:\/\/iha-race.com\/pt-pt\/","name":"Iha Race","description":"Comprar drones de carreras FPV env\u00edos en un d\u00eda desde Espa\u00f1a","publisher":{"@id":"https:\/\/iha-race.com\/pt-pt\/#organization"},"potentialAction":[{"@type":"SearchAction","target":{"@type":"EntryPoint","urlTemplate":"https:\/\/iha-race.com\/pt-pt\/?s={search_term_string}"},"query-input":{"@type":"PropertyValueSpecification","valueRequired":true,"valueName":"search_term_string"}}],"inLanguage":"pt-PT"},{"@type":"Organization","@id":"https:\/\/iha-race.com\/pt-pt\/#organization","name":"Iha Race","url":"https:\/\/iha-race.com\/pt-pt\/","logo":{"@type":"ImageObject","inLanguage":"pt-PT","@id":"https:\/\/iha-race.com\/pt-pt\/#\/schema\/logo\/image\/","url":"https:\/\/iha-race.com\/wp-content\/uploads\/2018\/07\/iha-race-drones-de-carreras-tienda-comprar-drones.png","contentUrl":"https:\/\/iha-race.com\/wp-content\/uploads\/2018\/07\/iha-race-drones-de-carreras-tienda-comprar-drones.png","width":300,"height":100,"caption":"Iha Race"},"image":{"@id":"https:\/\/iha-race.com\/pt-pt\/#\/schema\/logo\/image\/"}}]}},"jetpack_sharing_enabled":true,"brands":[],"_links":{"self":[{"href":"https:\/\/iha-race.com\/pt-pt\/wp-json\/wp\/v2\/product\/251637","targetHints":{"allow":["GET"]}}],"collection":[{"href":"https:\/\/iha-race.com\/pt-pt\/wp-json\/wp\/v2\/product"}],"about":[{"href":"https:\/\/iha-race.com\/pt-pt\/wp-json\/wp\/v2\/types\/product"}],"replies":[{"embeddable":true,"href":"https:\/\/iha-race.com\/pt-pt\/wp-json\/wp\/v2\/comments?post=251637"}],"version-history":[{"count":1,"href":"https:\/\/iha-race.com\/pt-pt\/wp-json\/wp\/v2\/product\/251637\/revisions"}],"predecessor-version":[{"id":251690,"href":"https:\/\/iha-race.com\/pt-pt\/wp-json\/wp\/v2\/product\/251637\/revisions\/251690"}],"wp:featuredmedia":[{"embeddable":true,"href":"https:\/\/iha-race.com\/pt-pt\/wp-json\/wp\/v2\/media\/251623"}],"wp:attachment":[{"href":"https:\/\/iha-race.com\/pt-pt\/wp-json\/wp\/v2\/media?parent=251637"}],"wp:term":[{"taxonomy":"pwb-brand","embeddable":true,"href":"https:\/\/iha-race.com\/pt-pt\/wp-json\/wp\/v2\/pwb-brand?post=251637"},{"taxonomy":"product_cat","embeddable":true,"href":"https:\/\/iha-race.com\/pt-pt\/wp-json\/wp\/v2\/product_cat?post=251637"},{"taxonomy":"product_tag","embeddable":true,"href":"https:\/\/iha-race.com\/pt-pt\/wp-json\/wp\/v2\/product_tag?post=251637"}],"curies":[{"name":"wp","href":"https:\/\/api.w.org\/{rel}","templated":true}]}}