{"id":251616,"date":"2024-10-17T10:28:43","date_gmt":"2024-10-17T08:28:43","guid":{"rendered":"https:\/\/iha-race.com\/producto\/bateria-bt3-0-550-mah-2s-2-pecas\/"},"modified":"2024-10-17T10:47:04","modified_gmt":"2024-10-17T08:47:04","slug":"bateria-bt3-0-550-mah-2s-2-pecas","status":"publish","type":"product","link":"https:\/\/iha-race.com\/pt-pt\/produto\/bateria-bt3-0-550-mah-2s-2-pecas\/","title":{"rendered":"Bateria BT3.0 550 mAh 2S (2 pe\u00e7as)"},"content":{"rendered":"<h2>Bateria BT3.0 550 mAh 2S (2 pe\u00e7as)<\/h2>\n<p>\u00c0 medida que os pilotos procuram uma maior pot\u00eancia de voo, precisam de uma bateria robusta para libertar todo o potencial do seu quadric\u00f3ptero. Esta formid\u00e1vel bateria LiHV apresenta o inovador processo Z-fold, que supera os processos de enrolamento tradicionais em termos de capacidade e limiares de descarga. Com uma impressionante taxa de descarga de 75\u00b0C, o desempenho dispara. O seu design inovador incorpora uma pot\u00eancia explosiva, que faz lembrar lava derretida, tornando-a a melhor escolha para baterias de drones de corrida ou cinewhoop, permitindo uma propuls\u00e3o not\u00e1vel. Equipado com um conetor BT3.0, combina a funcionalidade do cabo de alimenta\u00e7\u00e3o de carga e descarga de equil\u00edbrio num \u00fanico conetor, incorporando pot\u00eancia e efici\u00eancia.    <\/p>\n<div><img decoding=\"async\" src=\"https:\/\/cdn.shopify.com\/s\/files\/1\/1778\/6615\/files\/83629e3e107b9b3191a560ef0655f61b_ecfaa027-9ba6-4017-89b5-f2aa5d7161ea.jpg?v=1713869242\" alt=\"Bateria BT3.0 550 mAh 2S (2 pe\u00e7as)\"><\/div>\n<h2 class=\"p1\">Ponto de bala<\/h2>\n<ul>\n<li>Com o processo de dobragem em Z, consegue uma melhoria de 5% na densidade de energia em compara\u00e7\u00e3o com o processo de enrolamento. Com uma taxa de descarga melhorada de 75\u00b0C, proporciona uma maior pot\u00eancia de explos\u00e3o para um desempenho de voo superior e uma manobrabilidade para um controlo sem paralelo. <\/li>\n<li>Os conectores BT3.0 oferecem uma comodidade inigual\u00e1vel, combinando a funcionalidade de carregamento e descarregamento do equil\u00edbrio do cabo de alimenta\u00e7\u00e3o num \u00fanico conetor, libertando-te de cabos emaranhados e do inc\u00f3modo de lidar com v\u00e1rias fichas.<\/li>\n<li>Com um ciclo de vida prolongado da bateria, assegura um suporte de energia prolongado, proporcionando aos utilizadores um desempenho sustentado e fi\u00e1vel.<\/li>\n<li>Nova bateria da s\u00e9rie LAVA, com um novo design que simboliza o poder explosivo semelhante ao da lava derretida.<\/li>\n<\/ul>\n<h2 class=\"p1\">Especifica\u00e7\u00e3o<\/h2>\n<ul>\n<li>Artigos: Bateria BT3.0 550mAh 2S (2 pe\u00e7as)<\/li>\n<li>Conector: conetor BT3.0<\/li>\n<li>Capacidade: 550mAh<\/li>\n<li>Tipo: Bateria 2S LiHv<\/li>\n<li>Tens\u00e3o nominal: 7,6 V<\/li>\n<li>Tens\u00e3o totalmente carregada: 8,7 V<\/li>\n<li>Taxa de descarga: 75 \u00b0C<\/li>\n<li>Pot\u00eancia de descarga: 4,18 Wh<\/li>\n<li>Peso: 29 \u00b1 0,5 g<\/li>\n<li>Tamanho: 71*17,5*17,5*15 mm \/ 71*15,5*15,5*13,8 mm (tamanho de instala\u00e7\u00e3o)<\/li>\n<li>Tratamento de superf\u00edcie: etiquetagem e tubos retr\u00e1cteis<\/li>\n<\/ul>\n<h2 style=\"display: inline !important;\">Diagrama<\/h2>\n<p>A imagem seguinte mostra as dimens\u00f5es da bateria.<\/p>\n<div><img decoding=\"async\" src=\"https:\/\/cdn.shopify.com\/s\/files\/1\/1778\/6615\/files\/f7d7c897f798fc44c391847188c3ac79_0936568e-5b68-4d8b-8df4-9441870cf5cc_480x480.jpg?v=1713340196\" alt=\"Bateria BT3.0 550 mAh 2S (2 pe\u00e7as)\"><\/div>\n<p>A imagem seguinte mostra o relat\u00f3rio de descarga da bateria.<\/p>\n<div style=\"text-align: left;\"><img decoding=\"async\" src=\"https:\/\/cdn.shopify.com\/s\/files\/1\/1778\/6615\/files\/1a2c3f8d1464e2ab7e53ff20e75082e3_5c870601-237e-41b3-a55f-d020e3f8262f_600x600.jpg?v=1713953290\" alt=\"Bateria BT3.0 550 mAh 2S (2 pe\u00e7as)\"><\/div>\n<div style=\"text-align: left;\"><\/div>\n<h2><\/h2>\n<h2 class=\"p1\">Processo de dobragem em Z<\/h2>\n<p>A bateria de processo Z-fold demonstra um desempenho not\u00e1vel e capacidades vers\u00e1teis. Ao tirar partido da sua baixa resist\u00eancia interna, permite uma descarga eficiente de alta corrente em per\u00edodos de tempo mais curtos, resultando em plataformas de descarga elevadas. Em compara\u00e7\u00e3o com a bateria de processo de enrolamento, alcan\u00e7a uma plataforma de descarga 0,2 V mais elevada com cargas equivalentes, assegurando uma sa\u00edda de energia consistente e robusta; apresenta tamb\u00e9m uma densidade de energia 5 % mais elevada no mesmo volume, acompanhada por uma vida \u00fatil alargada. O processo de dobragem em Z permite a personaliza\u00e7\u00e3o precisa das dimens\u00f5es dos el\u00e9ctrodos de acordo com as dimens\u00f5es da bateria de l\u00edtio, optimizando o controlo sobre o tamanho e a forma da bateria. O desempenho da bateria \u00e9 superior, com uma gama mais vasta de op\u00e7\u00f5es de apar\u00eancia e forma, e a sua aplicabilidade \u00e9 tamb\u00e9m mais alargada em compara\u00e7\u00e3o com a bateria do processo de enrolamento.    <\/p>\n<div><img decoding=\"async\" src=\"https:\/\/cdn.shopify.com\/s\/files\/1\/1778\/6615\/files\/c87350369e899281d3c131bee258dcdb_9f24ca6e-81be-4cf5-99d2-4948e6a7e33e_1024x1024.jpg?v=1700822465\" alt=\"\"><\/div>\n<h2 class=\"p1\">Aviso<\/h2>\n<ul>\n<li>Carrega totalmente a bateria nova antes de a utilizares.<\/li>\n<li>Nunca permitas que a temperatura das baterias exceda os 140\u00b0 F durante a descarga.<\/li>\n<li>Nunca descarregues a bateria abaixo de 6 V sob carga.<\/li>\n<li>Nunca sobrecarregues a bateria (4,35 V por c\u00e9lula).<\/li>\n<li>Interrompe a utiliza\u00e7\u00e3o se o utilizador verificar que a tens\u00e3o da c\u00e9lula n\u00e3o est\u00e1 equilibrada, que as c\u00e9lulas est\u00e3o inchadas, salientes, a escorrer, com fugas ou outras anomalias.<\/li>\n<li>\n<article class=\"4ever-article\" data-identifier-application__slash__x-doc-key=\"jP2lR4XWjAvLq8g5\" data-identifier-application__slash__x-cangjie-fragment=\"JTdCJTIya2xhc3MlMjIlM0ElMjJkb2N1bWVudCUyMiUyQyUyMmRhdGElMjIlM0ElN0IlN0QlMkMlMjJub2RlcyUyMiUzQSU1QiU3QiUyMmtsYXNzJTIyJTNBJTIyYmxvY2slMjIlMkMlMjJ0eXBlJTIyJTNBJTIycGFyYWdyYXBoJTIyJTJDJTIyZGF0YSUyMiUzQSU3QiUyMnV1aWQlMjIlM0ElMjJsdXFuZDMzMXRhdWVnYzQzam5tJTIyJTJDJTIyc3BhY2luZyUyMiUzQSU3QiUyMmxpbmUlMjIlM0ExLjE1JTJDJTIybGluZVJ1bGUlMjIlM0ElMjJhdXRvJTIyJTdEJTdEJTJDJTIybm9kZXMlMjIlM0ElNUIlN0IlMjJrbGFzcyUyMiUzQSUyMnRleHQlMjIlMkMlMjJsZWF2ZXMlMjIlM0ElNUIlN0IlMjJrbGFzcyUyMiUzQSUyMmxlYWYlMjIlMkMlMjJ0ZXh0JTIyJTNBJTIyRnVsbHklMjBDaGFyZ2luZyUyMCUyMiUyQyUyMm1hcmtzJTIyJTNBJTVCJTdCJTIya2xhc3MlMjIlM0ElMjJtYXJrJTIyJTJDJTIydHlwZSUyMiUzQSUyMmJvbGQlMjIlMkMlMjJkYXRhJTIyJTNBJTdCJTIydmFsdWUlMjIlM0FmYWxzZSU3RCU3RCUyQyU3QiUyMmtsYXNzJTIyJTNBJTIybWFyayUyMiUyQyUyMnR5cGUlMjIlM0ElMjJjb2xvciUyMiUyQyUyMmRhdGElMjIlM0ElN0IlMjJ2YWx1ZSUyMiUzQSUyMiUyMzI1MjcyQSUyMiU3RCU3RCUyQyU3QiUyMmtsYXNzJTIyJTNBJTIybWFyayUyMiUyQyUyMnR5cGUlMjIlM0ElMjJzeiUyMiUyQyUyMmRhdGElMjIlM0ElN0IlMjJ2YWx1ZSUyMiUzQTExJTJDJTIyc3pVbml0JTIyJTNBJTIycHQlMjIlN0QlN0QlNUQlN0QlMkMlN0IlMjJrbGFzcyUyMiUzQSUyMmxlYWYlMjIlMkMlMjJ0ZXh0JTIyJTNBJTIyYSUyMGJhdHRlcnklMjB3aWxsJTIwJTIyJTJDJTIybWFya3MlMjIlM0ElNUIlNUQlN0QlMkMlN0IlMjJrbGFzcyUyMiUzQSUyMmxlYWYlMjIlMkMlMjJ0ZXh0JTIyJTNBJTIydGFrZSUyMGFwcHJveGltYXRlbHklMjAyNSUyMG1pbnV0ZXMlMjIlMkMlMjJtYXJrcyUyMiUzQSU1QiU3QiUyMmtsYXNzJTIyJTNBJTIybWFyayUyMiUyQyUyMnR5cGUlMjIlM0ElMjJib2xkJTIyJTJDJTIyZGF0YSUyMiUzQSU3QiUyMnZhbHVlJTIyJTNBZmFsc2UlN0QlN0QlMkMlN0IlMjJrbGFzcyUyMiUzQSUyMm1hcmslMjIlMkMlMjJ0eXBlJTIyJTNBJTIyY29sb3IlMjIlMkMlMjJkYXRhJTIyJTNBJTdCJTIydmFsdWUlMjIlM0ElMjIlMjMyNTI3MkElMjIlN0QlN0QlMkMlN0IlMjJrbGFzcyUyMiUzQSUyMm1hcmslMjIlMkMlMjJ0eXBlJTIyJTNBJTIyc3olMjIlMkMlMjJkYXRhJTIyJTNBJTdCJTIydmFsdWUlMjIlM0ExMSUyQyUyMnN6VW5pdCUyMiUzQSUyMnB0JTIyJTdEJTdEJTVEJTdEJTJDJTdCJTIya2xhc3MlMjIlM0ElMjJsZWFmJTIyJTJDJTIydGV4dCUyMiUzQSUyMi4lMjAlMjIlMkMlMjJtYXJrcyUyMiUzQSU1QiU3QiUyMmtsYXNzJTIyJTNBJTIybWFyayUyMiUyQyUyMnR5cGUlMjIlM0ElMjJjb2xvciUyMiUyQyUyMmRhdGElMjIlM0ElN0IlMjJ2YWx1ZSUyMiUzQSUyMiUyMzI1MjcyQSUyMiU3RCU3RCUyQyU3QiUyMmtsYXNzJTIyJTNBJTIybWFyayUyMiUyQyUyMnR5cGUlMjIlM0ElMjJzeiUyMiUyQyUyMmRhdGElMjIlM0ElN0IlMjJ2YWx1ZSUyMiUzQTExJTJDJTIyc3pVbml0JTIyJTNBJTIycHQlMjIlN0QlN0QlNUQlN0QlMkMlN0IlMjJrbGFzcyUyMiUzQSUyMmxlYWYlMjIlMkMlMjJ0ZXh0JTIyJTNBJTIyQ2hhcmdpbmclMjBzdGVwcyUyMGFyZSUyMHNob3duJTIwYmVsb3clMjIlMkMlMjJtYXJrcyUyMiUzQSU1QiU3QiUyMmtsYXNzJTIyJTNBJTIybWFyayUyMiUyQyUyMnR5cGUlMjIlM0ElMjJib2xkJTIyJTJDJTIyZGF0YSUyMiUzQSU3QiUyMnZhbHVlJTIyJTNBZmFsc2UlN0QlN0QlMkMlN0IlMjJrbGFzcyUyMiUzQSUyMm1hcmslMjIlMkMlMjJ0eXBlJTIyJTNBJTIyY29sb3IlMjIlMkMlMjJkYXRhJTIyJTNBJTdCJTIydmFsdWUlMjIlM0ElMjIlMjMyNTI3MkElMjIlN0QlN0QlMkMlN0IlMjJrbGFzcyUyMiUzQSUyMm1hcmslMjIlMkMlMjJ0eXBlJTIyJTNBJTIyc3olMjIlMkMlMjJkYXRhJTIyJTNBJTdCJTIydmFsdWUlMjIlM0ExMSUyQyUyMnN6VW5pdCUyMiUzQSUyMnB0JTIyJTdEJTdEJTVEJTdEJTVEJTdEJTVEJTdEJTVEJTdE\" data-clipboard-cangjie=\"[\"root\",{},[\"p\",{\"uuid\":\"luqnd331tauegc43jnm\",\"spacing\":{\"line\":1.15,\"lineRule\":\"auto\"}},[\"span\",{\"data-type\":\"text\"},[\"span\",{\"bold\":false,\"color\":\"#25272A\",\"sz\":11,\"szUnit\":\"pt\",\"data-type\":\"leaf\"},\"Fully Charging \"],[\"span\",{\"data-type\":\"leaf\"},\"a battery will \"],[\"span\",{\"bold\":false,\"color\":\"#25272A\",\"sz\":11,\"szUnit\":\"pt\",\"data-type\":\"leaf\"},\"take approximately 25 minutes\"],[\"span\",{\"color\":\"#25272A\",\"sz\":11,\"szUnit\":\"pt\",\"data-type\":\"leaf\"},\". \"],[\"span\",{\"bold\":false,\"color\":\"#25272A\",\"sz\":11,\"szUnit\":\"pt\",\"data-type\":\"leaf\"},\"Charging steps are shown below\"]]]]\"><span data-type=\"text\">A carga completa <\/span><span data-type=\"text\">de uma bateria <\/span><span data-type=\"text\">demora aproximadamente 25 minutos <\/span> <span data-type=\"text\">. O  <\/span><span data-type=\"text\">Os passos de carregamento s\u00e3o mostrados abaixo.<\/span><\/p>\n<div><img decoding=\"async\" src=\"https:\/\/cdn.shopify.com\/s\/files\/1\/1778\/6615\/files\/1_98059cc5-6fb6-485b-8801-c66ad7c3b32c.png?v=1713426498\" alt=\"Bateria BT3.0 550 mAh 2S (2 pe\u00e7as)\"><\/div>\n<\/article>\n<\/li>\n<\/ul>\n<h2 class=\"p1\">Recomendar pe\u00e7as<\/h2>\n<ul>\n<li>Quadcopter<a href=\"https:\/\/betafpv.com\/products\/pavo20-pocket\">:Pocket Pavo20<\/a><\/li>\n<li>Carregador<a href=\"https:\/\/betafpv.com\/products\/2s-battery-charger-and-voltage-tester\">:Carregador de bateria 2S e testador de voltagem (vers\u00e3o BT3.0)<\/a><\/li>\n<\/ul>\n<h2 class=\"p1\">Pacote<\/h2>\n<ul>\n<li>2 * Bateria BT3.0 550mAh 2S (2 pcs.)<\/li>\n<\/ul>\n<div><img decoding=\"async\" src=\"https:\/\/cdn.shopify.com\/s\/files\/1\/1778\/6615\/files\/3f89305fb1dabad87b9b93324e3c25cd_0b04e8b1-a52c-4fde-a2d1-9041ccc91fd6_480x480.jpg?v=1713340132\" alt=\"Bateria BT3.0 550 mAh 2S (2 pe\u00e7as)\"><\/div>\n","protected":false},"excerpt":{"rendered":"<p>Bateria BT3.0 550 mAh 2S (2 pe\u00e7as) \u00c0 medida que os pilotos procuram uma maior pot\u00eancia de voo, precisam de uma bateria robusta para libertar todo o potencial do seu<\/p>\n","protected":false},"featured_media":251602,"comment_status":"open","ping_status":"closed","template":"","meta":{"_joinchat":[]},"pwb-brand":[],"product_cat":[17,19],"product_tag":[],"class_list":{"0":"post-251616","1":"product","2":"type-product","3":"status-publish","4":"has-post-thumbnail","6":"product_cat-baterias-para-drones","7":"product_cat-s2","9":"first","10":"instock","11":"taxable","12":"shipping-taxable","13":"purchasable","14":"product-type-simple"},"barcode":null,"atum_controlled":true,"out_stock_date":null,"out_stock_threshold":null,"inheritable":false,"stock_on_hold":0,"sold_today":0,"sales_last_days":0,"out_stock_days":0,"lost_sales":0,"update_date":"2026-04-18T09:21:43","atum_locations":[],"atum_stock_status":"instock","restock_status":false,"low_stock_amount":"","sales_update_date":"2026-04-18T09:21:43","calc_backorders":null,"yoast_head":"<!-- This site is optimized with the Yoast SEO plugin v27.3 - https:\/\/yoast.com\/product\/yoast-seo-wordpress\/ -->\n<title>Bateria BT3.0 550 mAh 2S (2 pe\u00e7as) - Iha Race<\/title>\n<meta name=\"robots\" content=\"index, follow, max-snippet:-1, max-image-preview:large, max-video-preview:-1\" \/>\n<link rel=\"canonical\" href=\"https:\/\/iha-race.com\/pt-pt\/produto\/bateria-bt3-0-550-mah-2s-2-pecas\/\" \/>\n<meta property=\"og:locale\" content=\"pt_PT\" \/>\n<meta property=\"og:type\" content=\"article\" \/>\n<meta property=\"og:title\" content=\"Bateria BT3.0 550 mAh 2S (2 pe\u00e7as) - Iha Race\" \/>\n<meta property=\"og:description\" content=\"Bateria BT3.0 550 mAh 2S (2 pe\u00e7as) \u00c0 medida que os pilotos procuram uma maior pot\u00eancia de voo, precisam de uma bateria robusta para libertar todo o potencial do seu\" \/>\n<meta property=\"og:url\" content=\"https:\/\/iha-race.com\/pt-pt\/produto\/bateria-bt3-0-550-mah-2s-2-pecas\/\" \/>\n<meta property=\"og:site_name\" content=\"Iha Race\" \/>\n<meta property=\"article:modified_time\" content=\"2024-10-17T08:47:04+00:00\" \/>\n<meta property=\"og:image\" content=\"https:\/\/iha-race.com\/wp-content\/uploads\/2024\/10\/Bateria-BT3.0-550-mAh-2S-2-piezas.webp\" \/>\n\t<meta property=\"og:image:width\" content=\"540\" \/>\n\t<meta property=\"og:image:height\" content=\"540\" \/>\n\t<meta property=\"og:image:type\" content=\"image\/webp\" \/>\n<meta name=\"twitter:card\" content=\"summary_large_image\" \/>\n<meta name=\"twitter:label1\" content=\"Tempo estimado de leitura\" \/>\n\t<meta name=\"twitter:data1\" content=\"3 minutos\" \/>\n<script type=\"application\/ld+json\" class=\"yoast-schema-graph\">{\"@context\":\"https:\\\/\\\/schema.org\",\"@graph\":[{\"@type\":\"WebPage\",\"@id\":\"https:\\\/\\\/iha-race.com\\\/pt-pt\\\/produto\\\/bateria-bt3-0-550-mah-2s-2-pecas\\\/\",\"url\":\"https:\\\/\\\/iha-race.com\\\/pt-pt\\\/produto\\\/bateria-bt3-0-550-mah-2s-2-pecas\\\/\",\"name\":\"Bateria BT3.0 550 mAh 2S (2 pe\u00e7as) - Iha Race\",\"isPartOf\":{\"@id\":\"https:\\\/\\\/iha-race.com\\\/pt-pt\\\/#website\"},\"primaryImageOfPage\":{\"@id\":\"https:\\\/\\\/iha-race.com\\\/pt-pt\\\/produto\\\/bateria-bt3-0-550-mah-2s-2-pecas\\\/#primaryimage\"},\"image\":{\"@id\":\"https:\\\/\\\/iha-race.com\\\/pt-pt\\\/produto\\\/bateria-bt3-0-550-mah-2s-2-pecas\\\/#primaryimage\"},\"thumbnailUrl\":\"https:\\\/\\\/iha-race.com\\\/wp-content\\\/uploads\\\/2024\\\/10\\\/Bateria-BT3.0-550-mAh-2S-2-piezas.webp\",\"datePublished\":\"2024-10-17T08:28:43+00:00\",\"dateModified\":\"2024-10-17T08:47:04+00:00\",\"breadcrumb\":{\"@id\":\"https:\\\/\\\/iha-race.com\\\/pt-pt\\\/produto\\\/bateria-bt3-0-550-mah-2s-2-pecas\\\/#breadcrumb\"},\"inLanguage\":\"pt-PT\",\"potentialAction\":[{\"@type\":\"ReadAction\",\"target\":[\"https:\\\/\\\/iha-race.com\\\/pt-pt\\\/produto\\\/bateria-bt3-0-550-mah-2s-2-pecas\\\/\"]}]},{\"@type\":\"ImageObject\",\"inLanguage\":\"pt-PT\",\"@id\":\"https:\\\/\\\/iha-race.com\\\/pt-pt\\\/produto\\\/bateria-bt3-0-550-mah-2s-2-pecas\\\/#primaryimage\",\"url\":\"https:\\\/\\\/iha-race.com\\\/wp-content\\\/uploads\\\/2024\\\/10\\\/Bateria-BT3.0-550-mAh-2S-2-piezas.webp\",\"contentUrl\":\"https:\\\/\\\/iha-race.com\\\/wp-content\\\/uploads\\\/2024\\\/10\\\/Bateria-BT3.0-550-mAh-2S-2-piezas.webp\",\"width\":540,\"height\":540,\"caption\":\"Comprar Bater\u00eda BT3.0 550 mAh 2S (2 piezas)\"},{\"@type\":\"BreadcrumbList\",\"@id\":\"https:\\\/\\\/iha-race.com\\\/pt-pt\\\/produto\\\/bateria-bt3-0-550-mah-2s-2-pecas\\\/#breadcrumb\",\"itemListElement\":[{\"@type\":\"ListItem\",\"position\":1,\"name\":\"Portada\",\"item\":\"https:\\\/\\\/iha-race.com\\\/pt-pt\\\/elementor-499\\\/\"},{\"@type\":\"ListItem\",\"position\":2,\"name\":\"Shop\",\"item\":\"https:\\\/\\\/iha-race.com\\\/pt-pt\\\/shop\\\/\"},{\"@type\":\"ListItem\",\"position\":3,\"name\":\"Bateria BT3.0 550 mAh 2S (2 pe\u00e7as)\"}]},{\"@type\":\"WebSite\",\"@id\":\"https:\\\/\\\/iha-race.com\\\/pt-pt\\\/#website\",\"url\":\"https:\\\/\\\/iha-race.com\\\/pt-pt\\\/\",\"name\":\"Iha Race\",\"description\":\"Comprar drones de carreras FPV env\u00edos en un d\u00eda desde Espa\u00f1a\",\"publisher\":{\"@id\":\"https:\\\/\\\/iha-race.com\\\/pt-pt\\\/#organization\"},\"potentialAction\":[{\"@type\":\"SearchAction\",\"target\":{\"@type\":\"EntryPoint\",\"urlTemplate\":\"https:\\\/\\\/iha-race.com\\\/pt-pt\\\/?s={search_term_string}\"},\"query-input\":{\"@type\":\"PropertyValueSpecification\",\"valueRequired\":true,\"valueName\":\"search_term_string\"}}],\"inLanguage\":\"pt-PT\"},{\"@type\":\"Organization\",\"@id\":\"https:\\\/\\\/iha-race.com\\\/pt-pt\\\/#organization\",\"name\":\"Iha Race\",\"url\":\"https:\\\/\\\/iha-race.com\\\/pt-pt\\\/\",\"logo\":{\"@type\":\"ImageObject\",\"inLanguage\":\"pt-PT\",\"@id\":\"https:\\\/\\\/iha-race.com\\\/pt-pt\\\/#\\\/schema\\\/logo\\\/image\\\/\",\"url\":\"https:\\\/\\\/iha-race.com\\\/wp-content\\\/uploads\\\/2018\\\/07\\\/iha-race-drones-de-carreras-tienda-comprar-drones.png\",\"contentUrl\":\"https:\\\/\\\/iha-race.com\\\/wp-content\\\/uploads\\\/2018\\\/07\\\/iha-race-drones-de-carreras-tienda-comprar-drones.png\",\"width\":300,\"height\":100,\"caption\":\"Iha Race\"},\"image\":{\"@id\":\"https:\\\/\\\/iha-race.com\\\/pt-pt\\\/#\\\/schema\\\/logo\\\/image\\\/\"}}]}<\/script>\n<!-- \/ Yoast SEO plugin. -->","yoast_head_json":{"title":"Bateria BT3.0 550 mAh 2S (2 pe\u00e7as) - Iha Race","robots":{"index":"index","follow":"follow","max-snippet":"max-snippet:-1","max-image-preview":"max-image-preview:large","max-video-preview":"max-video-preview:-1"},"canonical":"https:\/\/iha-race.com\/pt-pt\/produto\/bateria-bt3-0-550-mah-2s-2-pecas\/","og_locale":"pt_PT","og_type":"article","og_title":"Bateria BT3.0 550 mAh 2S (2 pe\u00e7as) - Iha Race","og_description":"Bateria BT3.0 550 mAh 2S (2 pe\u00e7as) \u00c0 medida que os pilotos procuram uma maior pot\u00eancia de voo, precisam de uma bateria robusta para libertar todo o potencial do seu","og_url":"https:\/\/iha-race.com\/pt-pt\/produto\/bateria-bt3-0-550-mah-2s-2-pecas\/","og_site_name":"Iha Race","article_modified_time":"2024-10-17T08:47:04+00:00","og_image":[{"width":540,"height":540,"url":"https:\/\/iha-race.com\/wp-content\/uploads\/2024\/10\/Bateria-BT3.0-550-mAh-2S-2-piezas.webp","type":"image\/webp"}],"twitter_card":"summary_large_image","twitter_misc":{"Tempo estimado de leitura":"3 minutos"},"schema":{"@context":"https:\/\/schema.org","@graph":[{"@type":"WebPage","@id":"https:\/\/iha-race.com\/pt-pt\/produto\/bateria-bt3-0-550-mah-2s-2-pecas\/","url":"https:\/\/iha-race.com\/pt-pt\/produto\/bateria-bt3-0-550-mah-2s-2-pecas\/","name":"Bateria BT3.0 550 mAh 2S (2 pe\u00e7as) - Iha Race","isPartOf":{"@id":"https:\/\/iha-race.com\/pt-pt\/#website"},"primaryImageOfPage":{"@id":"https:\/\/iha-race.com\/pt-pt\/produto\/bateria-bt3-0-550-mah-2s-2-pecas\/#primaryimage"},"image":{"@id":"https:\/\/iha-race.com\/pt-pt\/produto\/bateria-bt3-0-550-mah-2s-2-pecas\/#primaryimage"},"thumbnailUrl":"https:\/\/iha-race.com\/wp-content\/uploads\/2024\/10\/Bateria-BT3.0-550-mAh-2S-2-piezas.webp","datePublished":"2024-10-17T08:28:43+00:00","dateModified":"2024-10-17T08:47:04+00:00","breadcrumb":{"@id":"https:\/\/iha-race.com\/pt-pt\/produto\/bateria-bt3-0-550-mah-2s-2-pecas\/#breadcrumb"},"inLanguage":"pt-PT","potentialAction":[{"@type":"ReadAction","target":["https:\/\/iha-race.com\/pt-pt\/produto\/bateria-bt3-0-550-mah-2s-2-pecas\/"]}]},{"@type":"ImageObject","inLanguage":"pt-PT","@id":"https:\/\/iha-race.com\/pt-pt\/produto\/bateria-bt3-0-550-mah-2s-2-pecas\/#primaryimage","url":"https:\/\/iha-race.com\/wp-content\/uploads\/2024\/10\/Bateria-BT3.0-550-mAh-2S-2-piezas.webp","contentUrl":"https:\/\/iha-race.com\/wp-content\/uploads\/2024\/10\/Bateria-BT3.0-550-mAh-2S-2-piezas.webp","width":540,"height":540,"caption":"Comprar Bater\u00eda BT3.0 550 mAh 2S (2 piezas)"},{"@type":"BreadcrumbList","@id":"https:\/\/iha-race.com\/pt-pt\/produto\/bateria-bt3-0-550-mah-2s-2-pecas\/#breadcrumb","itemListElement":[{"@type":"ListItem","position":1,"name":"Portada","item":"https:\/\/iha-race.com\/pt-pt\/elementor-499\/"},{"@type":"ListItem","position":2,"name":"Shop","item":"https:\/\/iha-race.com\/pt-pt\/shop\/"},{"@type":"ListItem","position":3,"name":"Bateria BT3.0 550 mAh 2S (2 pe\u00e7as)"}]},{"@type":"WebSite","@id":"https:\/\/iha-race.com\/pt-pt\/#website","url":"https:\/\/iha-race.com\/pt-pt\/","name":"Iha Race","description":"Comprar drones de carreras FPV env\u00edos en un d\u00eda desde Espa\u00f1a","publisher":{"@id":"https:\/\/iha-race.com\/pt-pt\/#organization"},"potentialAction":[{"@type":"SearchAction","target":{"@type":"EntryPoint","urlTemplate":"https:\/\/iha-race.com\/pt-pt\/?s={search_term_string}"},"query-input":{"@type":"PropertyValueSpecification","valueRequired":true,"valueName":"search_term_string"}}],"inLanguage":"pt-PT"},{"@type":"Organization","@id":"https:\/\/iha-race.com\/pt-pt\/#organization","name":"Iha Race","url":"https:\/\/iha-race.com\/pt-pt\/","logo":{"@type":"ImageObject","inLanguage":"pt-PT","@id":"https:\/\/iha-race.com\/pt-pt\/#\/schema\/logo\/image\/","url":"https:\/\/iha-race.com\/wp-content\/uploads\/2018\/07\/iha-race-drones-de-carreras-tienda-comprar-drones.png","contentUrl":"https:\/\/iha-race.com\/wp-content\/uploads\/2018\/07\/iha-race-drones-de-carreras-tienda-comprar-drones.png","width":300,"height":100,"caption":"Iha Race"},"image":{"@id":"https:\/\/iha-race.com\/pt-pt\/#\/schema\/logo\/image\/"}}]}},"jetpack_sharing_enabled":true,"brands":[],"_links":{"self":[{"href":"https:\/\/iha-race.com\/pt-pt\/wp-json\/wp\/v2\/product\/251616","targetHints":{"allow":["GET"]}}],"collection":[{"href":"https:\/\/iha-race.com\/pt-pt\/wp-json\/wp\/v2\/product"}],"about":[{"href":"https:\/\/iha-race.com\/pt-pt\/wp-json\/wp\/v2\/types\/product"}],"replies":[{"embeddable":true,"href":"https:\/\/iha-race.com\/pt-pt\/wp-json\/wp\/v2\/comments?post=251616"}],"version-history":[{"count":1,"href":"https:\/\/iha-race.com\/pt-pt\/wp-json\/wp\/v2\/product\/251616\/revisions"}],"predecessor-version":[{"id":251642,"href":"https:\/\/iha-race.com\/pt-pt\/wp-json\/wp\/v2\/product\/251616\/revisions\/251642"}],"wp:featuredmedia":[{"embeddable":true,"href":"https:\/\/iha-race.com\/pt-pt\/wp-json\/wp\/v2\/media\/251602"}],"wp:attachment":[{"href":"https:\/\/iha-race.com\/pt-pt\/wp-json\/wp\/v2\/media?parent=251616"}],"wp:term":[{"taxonomy":"pwb-brand","embeddable":true,"href":"https:\/\/iha-race.com\/pt-pt\/wp-json\/wp\/v2\/pwb-brand?post=251616"},{"taxonomy":"product_cat","embeddable":true,"href":"https:\/\/iha-race.com\/pt-pt\/wp-json\/wp\/v2\/product_cat?post=251616"},{"taxonomy":"product_tag","embeddable":true,"href":"https:\/\/iha-race.com\/pt-pt\/wp-json\/wp\/v2\/product_tag?post=251616"}],"curies":[{"name":"wp","href":"https:\/\/api.w.org\/{rel}","templated":true}]}}