{"id":251451,"date":"2024-10-09T10:25:03","date_gmt":"2024-10-09T08:25:03","guid":{"rendered":"https:\/\/iha-race.com\/producto\/lumenier-axii-hd-stubby-5-8-ghz-antenna-for-dji-hd-digital-fpv-goggles\/"},"modified":"2025-03-07T23:17:47","modified_gmt":"2025-03-07T22:17:47","slug":"lumenier-axii-hd-stubby-5-8-ghz-antenna-for-dji-hd-digital-fpv-goggles","status":"publish","type":"product","link":"https:\/\/iha-race.com\/pt-pt\/produto\/lumenier-axii-hd-stubby-5-8-ghz-antenna-for-dji-hd-digital-fpv-goggles\/","title":{"rendered":"Lumenier AXII HD Stubby 5.8 GHz antenna for DJI HD digital FPV goggles"},"content":{"rendered":"<h2 class=\"mb-3 text-3xl font-medium text-gray-900 title-font\"><span>Lumenier AXII HD Stubby 5.8 GHz antenna for DJI HD digital FPV goggles<\/span><\/h2>\n<p>&nbsp;<\/p>\n<h2 class=\"text-gray-900 text-2xl title-font font-base w-full pb-3\"><span>Sobre este produto<\/span><\/h2>\n<div class=\"w-full\">\n<div class=\"prose max-w-none\">\n<p><span>Antena Lumenier AXII HD Stubby 5.8 GHz para \u00f3culos DJI Digital HD FPV. Uma antena polarizada circular concebida especificamente para os \u00f3culos DJI Digital HD FPV. Concebida para proporcionar uma melhor rece\u00e7\u00e3o de v\u00eddeo de 5,8 GHz num formato compacto.  <\/span><\/p>\n<p><span>Finalmente, um conjunto de antenas de alta qualidade concebido como uma substitui\u00e7\u00e3o direta e atualiza\u00e7\u00e3o para as antenas DJI de stock para os DJI Digital HD FPV Goggles. As antenas AXII HD foram concebidas desde o in\u00edcio para serem a combina\u00e7\u00e3o perfeita para os DJI Goggles. As antenas AXII HD s\u00e3o adequadas \u00e0 forma, de baixo perfil, combinadas por cores, com liga\u00e7\u00e3o direta RP-SMA e todas com um desempenho melhorado.  <\/span><\/p>\n<p><img decoding=\"async\" src=\"https:\/\/cdn-v2.getfpv.com\/media\/wysiwyg\/lumenier\/axii-hd-product-detail-banner-main.jpg\" alt=\"Antena HD AXII\"><\/p>\n<p><span>A Lumenier AXII HD Stubby \u00e9 baseada na muito popular antena AXII 2 Stubby, mas foi ainda mais personalizada para caber diretamente nos DJI HD Goggles. A AXII HD Stubby vem com um conetor RP-SMA personalizado concebido para aparafusar diretamente e com seguran\u00e7a nos DJI Goggles.  N\u00e3o s\u00e3o necess\u00e1rios adaptadores! Isto torna a configura\u00e7\u00e3o ultra-compacta e eficiente, uma vez que n\u00e3o h\u00e1 necessidade de desperdi\u00e7ar qualquer dB com adaptadores adicionais.<\/span><\/p>\n<h3><strong><span>Design personalizado para os \u00f3culos DJI HD FPV<\/span><\/strong><\/h3>\n<p><strong><img decoding=\"async\" src=\"https:\/\/cdn-v2.getfpv.com\/media\/wysiwyg\/lumenier\/axii-hd-product-detail-banner-precision-design.jpg\" alt=\"Antena HD AXII\"><\/strong><\/p>\n<p><span>A caixa de policarbonato moldada por inje\u00e7\u00e3o do Stubby protege totalmente os elementos da antena no interior, permitindo um armazenamento f\u00e1cil e sem preocupa\u00e7\u00f5es. A caixa \u00e9 selada com uma soldadura ultra-s\u00f3nica e \u00e9 resistente ao choque para a proteger de quedas acidentais. <\/span><\/p>\n<h3><\/h3>\n<h3><strong><span>Engenharia de precis\u00e3o com materiais de alta qualidade<\/span><\/strong><\/h3>\n<p><strong><img decoding=\"async\" src=\"https:\/\/cdn-v2.getfpv.com\/media\/wysiwyg\/lumenier\/axii-hd-product-detail-banner-molded.jpg\" alt=\"Antena HD AXII\"><\/strong><\/p>\n<p><span>O Lumenier AXII HD \u00e9 feito de materiais de alta qualidade e de baixa perda. O material \u00e9 a chave para uma antena de boa qualidade, e ainda mais quando se trata de desempenho. Esta tecnologia, aliada a um fabrico de precis\u00e3o, resulta numa antena de rece\u00e7\u00e3o topo de gama. Foi concebida para funcionar com os DJI HD FPV Goggles para 5,8 GHz e \u00e9 capaz de receber sinais a muitos quil\u00f3metros de dist\u00e2ncia. <\/span><\/p>\n<h2><strong><span>Caracter\u00edsticas<\/span><\/strong><\/h2>\n<ul type=\"disc\">\n<li><span>Circularmente polarizado<\/span><\/li>\n<li><span>Concebido para os \u00f3culos de FPV digitais DJI HD, com forma adequada<\/span><\/li>\n<li><span>Design compacto e de baixo perfil nos teus \u00f3culos, f\u00e1cil de guardar e transportar.<\/span><\/li>\n<li><span>Alta efici\u00eancia da antena para um sinal melhorado<\/span><\/li>\n<li><span>Cobertura de rece\u00e7\u00e3o de 360 graus em Stubby<\/span><\/li>\n<\/ul>\n<h2><strong><span>Or\u00e7amento<\/span><\/strong><\/h2>\n<h3><strong><span>Antena curta AXII HD<\/span><\/strong><\/h3>\n<ul type=\"disc\">\n<li><strong><span>Ganha:<\/span><\/strong><span> 2.2dbic<\/span><\/li>\n<li><strong><br \/>\n  <span>Rela\u00e7\u00e3o axial:<\/span><br \/>\n<\/strong><span> 1.0 (quase perfeito)<\/span><\/li>\n<li><strong><br \/>\n  <span>Largura de banda:<\/span><br \/>\n<\/strong><span> 5,3 GHz-6,2 GHz<\/span><\/li>\n<li><strong><br \/>\n  <span>Efici\u00eancia da radia\u00e7\u00e3o:<\/span><br \/>\n<\/strong><span> 98%<\/span><\/li>\n<li><strong><span>Largura do feixe:<\/span><\/strong><span> 360 graus (omnidirecional)<\/span><\/li>\n<li><strong><span>ROE:<\/span><\/strong><span>  &lt;=1,5:1<\/span><\/li>\n<li><strong><span>Peso:<\/span><\/strong><span> 6g<\/span><\/li>\n<li><strong><span>Tamanho:<\/span><\/strong><span> 26 mm x 17,5 mm<\/span><\/li>\n<li><strong><span>Conector:<\/span><\/strong><span> RP-SMA (comprimento personalizado)<\/span><\/li>\n<li><span>Funciona muito bem como uma antena de transmiss\u00e3o ou recep\u00e7\u00e3o.<\/span><\/li>\n<li><span>Compat\u00edvel com outros estilos de antenas RHCP de 5,8 GHz<\/span><\/li>\n<li><strong><span>Polariza\u00e7\u00e3o:<\/span><\/strong><span> (LHCP) Polariza\u00e7\u00e3o circular \u00e0 esquerda.<\/span><\/li>\n<\/ul>\n<h2><strong><span>Inclui<\/span><\/strong><\/h2>\n<ul type=\"disc\">\n<li><span>1x Antena curta Lumenier AXII HD (LHCP)<\/span><\/li>\n<\/ul>\n<p><em><span>Nota: Vendido individualmente. Sugerimos que compres 2 ou 4 para fazeres um conjunto para os teus \u00f3culos. Podes visitar    <\/span><a href=\"https:\/\/www.getfpv.com\/lumenier-axii-hd-5-8ghz-antenna-combo-set-for-dji-digital-hd-fpv-goggles.html\"><span>compra o conjunto completo aqui<\/span><\/a><span> se quiseres poupar algum dinheiro e obter tamb\u00e9m as antenas de patch.<\/span><\/em><\/p>\n<\/div>\n<\/div>\n","protected":false},"excerpt":{"rendered":"<p>Lumenier AXII HD Stubby 5.8 GHz antenna for DJI HD digital FPV goggles &nbsp; Sobre este produto Antena Lumenier AXII HD Stubby 5.8 GHz para \u00f3culos DJI Digital HD FPV.<\/p>\n","protected":false},"featured_media":251425,"comment_status":"open","ping_status":"closed","template":"","meta":{"_joinchat":[]},"pwb-brand":[],"product_cat":[2459,1198],"product_tag":[],"class_list":{"0":"post-251451","1":"product","2":"type-product","3":"status-publish","4":"has-post-thumbnail","6":"product_cat-acessorios-pt-pt","7":"product_cat-antenas-fpv","9":"first","10":"instock","11":"taxable","12":"shipping-taxable","13":"purchasable","14":"product-type-simple"},"barcode":null,"atum_controlled":true,"out_stock_date":null,"out_stock_threshold":null,"inheritable":false,"stock_on_hold":0,"sold_today":0,"sales_last_days":0,"out_stock_days":0,"lost_sales":0,"update_date":"2026-04-18T09:21:43","atum_locations":[],"atum_stock_status":"instock","restock_status":false,"low_stock_amount":"","sales_update_date":"2026-04-18T09:21:43","calc_backorders":null,"yoast_head":"<!-- This site is optimized with the Yoast SEO plugin v27.3 - https:\/\/yoast.com\/product\/yoast-seo-wordpress\/ -->\n<title>Lumenier AXII HD Stubby 5.8 GHz antenna for DJI HD digital FPV goggles - Iha Race<\/title>\n<meta name=\"robots\" content=\"index, follow, max-snippet:-1, max-image-preview:large, max-video-preview:-1\" \/>\n<link rel=\"canonical\" href=\"https:\/\/iha-race.com\/pt-pt\/produto\/lumenier-axii-hd-stubby-5-8-ghz-antenna-for-dji-hd-digital-fpv-goggles\/\" \/>\n<meta property=\"og:locale\" content=\"pt_PT\" \/>\n<meta property=\"og:type\" content=\"article\" \/>\n<meta property=\"og:title\" content=\"Lumenier AXII HD Stubby 5.8 GHz antenna for DJI HD digital FPV goggles - Iha Race\" \/>\n<meta property=\"og:description\" content=\"Lumenier AXII HD Stubby 5.8 GHz antenna for DJI HD digital FPV goggles &nbsp; Sobre este produto Antena Lumenier AXII HD Stubby 5.8 GHz para \u00f3culos DJI Digital HD FPV.\" \/>\n<meta property=\"og:url\" content=\"https:\/\/iha-race.com\/pt-pt\/produto\/lumenier-axii-hd-stubby-5-8-ghz-antenna-for-dji-hd-digital-fpv-goggles\/\" \/>\n<meta property=\"og:site_name\" content=\"Iha Race\" \/>\n<meta property=\"article:modified_time\" content=\"2025-03-07T22:17:47+00:00\" \/>\n<meta property=\"og:image\" content=\"https:\/\/iha-race.com\/wp-content\/uploads\/2024\/10\/Antena-Lumenier-AXII-HD-Stubby-de-58-GHz-para-gafas-FPV-digitales-HD-de-DJI.webp\" \/>\n\t<meta property=\"og:image:width\" content=\"1000\" \/>\n\t<meta property=\"og:image:height\" content=\"1000\" \/>\n\t<meta property=\"og:image:type\" content=\"image\/webp\" \/>\n<meta name=\"twitter:card\" content=\"summary_large_image\" \/>\n<meta name=\"twitter:label1\" content=\"Tempo estimado de leitura\" \/>\n\t<meta name=\"twitter:data1\" content=\"3 minutos\" \/>\n<script type=\"application\/ld+json\" class=\"yoast-schema-graph\">{\"@context\":\"https:\\\/\\\/schema.org\",\"@graph\":[{\"@type\":\"WebPage\",\"@id\":\"https:\\\/\\\/iha-race.com\\\/pt-pt\\\/produto\\\/lumenier-axii-hd-stubby-5-8-ghz-antenna-for-dji-hd-digital-fpv-goggles\\\/\",\"url\":\"https:\\\/\\\/iha-race.com\\\/pt-pt\\\/produto\\\/lumenier-axii-hd-stubby-5-8-ghz-antenna-for-dji-hd-digital-fpv-goggles\\\/\",\"name\":\"Lumenier AXII HD Stubby 5.8 GHz antenna for DJI HD digital FPV goggles - Iha Race\",\"isPartOf\":{\"@id\":\"https:\\\/\\\/iha-race.com\\\/pt-pt\\\/#website\"},\"primaryImageOfPage\":{\"@id\":\"https:\\\/\\\/iha-race.com\\\/pt-pt\\\/produto\\\/lumenier-axii-hd-stubby-5-8-ghz-antenna-for-dji-hd-digital-fpv-goggles\\\/#primaryimage\"},\"image\":{\"@id\":\"https:\\\/\\\/iha-race.com\\\/pt-pt\\\/produto\\\/lumenier-axii-hd-stubby-5-8-ghz-antenna-for-dji-hd-digital-fpv-goggles\\\/#primaryimage\"},\"thumbnailUrl\":\"https:\\\/\\\/iha-race.com\\\/wp-content\\\/uploads\\\/2024\\\/10\\\/Antena-Lumenier-AXII-HD-Stubby-de-58-GHz-para-gafas-FPV-digitales-HD-de-DJI.webp\",\"datePublished\":\"2024-10-09T08:25:03+00:00\",\"dateModified\":\"2025-03-07T22:17:47+00:00\",\"breadcrumb\":{\"@id\":\"https:\\\/\\\/iha-race.com\\\/pt-pt\\\/produto\\\/lumenier-axii-hd-stubby-5-8-ghz-antenna-for-dji-hd-digital-fpv-goggles\\\/#breadcrumb\"},\"inLanguage\":\"pt-PT\",\"potentialAction\":[{\"@type\":\"ReadAction\",\"target\":[\"https:\\\/\\\/iha-race.com\\\/pt-pt\\\/produto\\\/lumenier-axii-hd-stubby-5-8-ghz-antenna-for-dji-hd-digital-fpv-goggles\\\/\"]}]},{\"@type\":\"ImageObject\",\"inLanguage\":\"pt-PT\",\"@id\":\"https:\\\/\\\/iha-race.com\\\/pt-pt\\\/produto\\\/lumenier-axii-hd-stubby-5-8-ghz-antenna-for-dji-hd-digital-fpv-goggles\\\/#primaryimage\",\"url\":\"https:\\\/\\\/iha-race.com\\\/wp-content\\\/uploads\\\/2024\\\/10\\\/Antena-Lumenier-AXII-HD-Stubby-de-58-GHz-para-gafas-FPV-digitales-HD-de-DJI.webp\",\"contentUrl\":\"https:\\\/\\\/iha-race.com\\\/wp-content\\\/uploads\\\/2024\\\/10\\\/Antena-Lumenier-AXII-HD-Stubby-de-58-GHz-para-gafas-FPV-digitales-HD-de-DJI.webp\",\"width\":1000,\"height\":1000,\"caption\":\"Comprar Antena Lumenier AXII HD Stubby de 5,8 GHz para gafas FPV digitales HD de DJI\"},{\"@type\":\"BreadcrumbList\",\"@id\":\"https:\\\/\\\/iha-race.com\\\/pt-pt\\\/produto\\\/lumenier-axii-hd-stubby-5-8-ghz-antenna-for-dji-hd-digital-fpv-goggles\\\/#breadcrumb\",\"itemListElement\":[{\"@type\":\"ListItem\",\"position\":1,\"name\":\"Portada\",\"item\":\"https:\\\/\\\/iha-race.com\\\/pt-pt\\\/elementor-499\\\/\"},{\"@type\":\"ListItem\",\"position\":2,\"name\":\"Shop\",\"item\":\"https:\\\/\\\/iha-race.com\\\/pt-pt\\\/shop\\\/\"},{\"@type\":\"ListItem\",\"position\":3,\"name\":\"Lumenier AXII HD Stubby 5.8 GHz antenna for DJI HD digital FPV goggles\"}]},{\"@type\":\"WebSite\",\"@id\":\"https:\\\/\\\/iha-race.com\\\/pt-pt\\\/#website\",\"url\":\"https:\\\/\\\/iha-race.com\\\/pt-pt\\\/\",\"name\":\"Iha Race\",\"description\":\"Comprar drones de carreras FPV env\u00edos en un d\u00eda desde Espa\u00f1a\",\"publisher\":{\"@id\":\"https:\\\/\\\/iha-race.com\\\/pt-pt\\\/#organization\"},\"potentialAction\":[{\"@type\":\"SearchAction\",\"target\":{\"@type\":\"EntryPoint\",\"urlTemplate\":\"https:\\\/\\\/iha-race.com\\\/pt-pt\\\/?s={search_term_string}\"},\"query-input\":{\"@type\":\"PropertyValueSpecification\",\"valueRequired\":true,\"valueName\":\"search_term_string\"}}],\"inLanguage\":\"pt-PT\"},{\"@type\":\"Organization\",\"@id\":\"https:\\\/\\\/iha-race.com\\\/pt-pt\\\/#organization\",\"name\":\"Iha Race\",\"url\":\"https:\\\/\\\/iha-race.com\\\/pt-pt\\\/\",\"logo\":{\"@type\":\"ImageObject\",\"inLanguage\":\"pt-PT\",\"@id\":\"https:\\\/\\\/iha-race.com\\\/pt-pt\\\/#\\\/schema\\\/logo\\\/image\\\/\",\"url\":\"https:\\\/\\\/iha-race.com\\\/wp-content\\\/uploads\\\/2018\\\/07\\\/iha-race-drones-de-carreras-tienda-comprar-drones.png\",\"contentUrl\":\"https:\\\/\\\/iha-race.com\\\/wp-content\\\/uploads\\\/2018\\\/07\\\/iha-race-drones-de-carreras-tienda-comprar-drones.png\",\"width\":300,\"height\":100,\"caption\":\"Iha Race\"},\"image\":{\"@id\":\"https:\\\/\\\/iha-race.com\\\/pt-pt\\\/#\\\/schema\\\/logo\\\/image\\\/\"}}]}<\/script>\n<!-- \/ Yoast SEO plugin. -->","yoast_head_json":{"title":"Lumenier AXII HD Stubby 5.8 GHz antenna for DJI HD digital FPV goggles - Iha Race","robots":{"index":"index","follow":"follow","max-snippet":"max-snippet:-1","max-image-preview":"max-image-preview:large","max-video-preview":"max-video-preview:-1"},"canonical":"https:\/\/iha-race.com\/pt-pt\/produto\/lumenier-axii-hd-stubby-5-8-ghz-antenna-for-dji-hd-digital-fpv-goggles\/","og_locale":"pt_PT","og_type":"article","og_title":"Lumenier AXII HD Stubby 5.8 GHz antenna for DJI HD digital FPV goggles - Iha Race","og_description":"Lumenier AXII HD Stubby 5.8 GHz antenna for DJI HD digital FPV goggles &nbsp; Sobre este produto Antena Lumenier AXII HD Stubby 5.8 GHz para \u00f3culos DJI Digital HD FPV.","og_url":"https:\/\/iha-race.com\/pt-pt\/produto\/lumenier-axii-hd-stubby-5-8-ghz-antenna-for-dji-hd-digital-fpv-goggles\/","og_site_name":"Iha Race","article_modified_time":"2025-03-07T22:17:47+00:00","og_image":[{"width":1000,"height":1000,"url":"https:\/\/iha-race.com\/wp-content\/uploads\/2024\/10\/Antena-Lumenier-AXII-HD-Stubby-de-58-GHz-para-gafas-FPV-digitales-HD-de-DJI.webp","type":"image\/webp"}],"twitter_card":"summary_large_image","twitter_misc":{"Tempo estimado de leitura":"3 minutos"},"schema":{"@context":"https:\/\/schema.org","@graph":[{"@type":"WebPage","@id":"https:\/\/iha-race.com\/pt-pt\/produto\/lumenier-axii-hd-stubby-5-8-ghz-antenna-for-dji-hd-digital-fpv-goggles\/","url":"https:\/\/iha-race.com\/pt-pt\/produto\/lumenier-axii-hd-stubby-5-8-ghz-antenna-for-dji-hd-digital-fpv-goggles\/","name":"Lumenier AXII HD Stubby 5.8 GHz antenna for DJI HD digital FPV goggles - Iha Race","isPartOf":{"@id":"https:\/\/iha-race.com\/pt-pt\/#website"},"primaryImageOfPage":{"@id":"https:\/\/iha-race.com\/pt-pt\/produto\/lumenier-axii-hd-stubby-5-8-ghz-antenna-for-dji-hd-digital-fpv-goggles\/#primaryimage"},"image":{"@id":"https:\/\/iha-race.com\/pt-pt\/produto\/lumenier-axii-hd-stubby-5-8-ghz-antenna-for-dji-hd-digital-fpv-goggles\/#primaryimage"},"thumbnailUrl":"https:\/\/iha-race.com\/wp-content\/uploads\/2024\/10\/Antena-Lumenier-AXII-HD-Stubby-de-58-GHz-para-gafas-FPV-digitales-HD-de-DJI.webp","datePublished":"2024-10-09T08:25:03+00:00","dateModified":"2025-03-07T22:17:47+00:00","breadcrumb":{"@id":"https:\/\/iha-race.com\/pt-pt\/produto\/lumenier-axii-hd-stubby-5-8-ghz-antenna-for-dji-hd-digital-fpv-goggles\/#breadcrumb"},"inLanguage":"pt-PT","potentialAction":[{"@type":"ReadAction","target":["https:\/\/iha-race.com\/pt-pt\/produto\/lumenier-axii-hd-stubby-5-8-ghz-antenna-for-dji-hd-digital-fpv-goggles\/"]}]},{"@type":"ImageObject","inLanguage":"pt-PT","@id":"https:\/\/iha-race.com\/pt-pt\/produto\/lumenier-axii-hd-stubby-5-8-ghz-antenna-for-dji-hd-digital-fpv-goggles\/#primaryimage","url":"https:\/\/iha-race.com\/wp-content\/uploads\/2024\/10\/Antena-Lumenier-AXII-HD-Stubby-de-58-GHz-para-gafas-FPV-digitales-HD-de-DJI.webp","contentUrl":"https:\/\/iha-race.com\/wp-content\/uploads\/2024\/10\/Antena-Lumenier-AXII-HD-Stubby-de-58-GHz-para-gafas-FPV-digitales-HD-de-DJI.webp","width":1000,"height":1000,"caption":"Comprar Antena Lumenier AXII HD Stubby de 5,8 GHz para gafas FPV digitales HD de DJI"},{"@type":"BreadcrumbList","@id":"https:\/\/iha-race.com\/pt-pt\/produto\/lumenier-axii-hd-stubby-5-8-ghz-antenna-for-dji-hd-digital-fpv-goggles\/#breadcrumb","itemListElement":[{"@type":"ListItem","position":1,"name":"Portada","item":"https:\/\/iha-race.com\/pt-pt\/elementor-499\/"},{"@type":"ListItem","position":2,"name":"Shop","item":"https:\/\/iha-race.com\/pt-pt\/shop\/"},{"@type":"ListItem","position":3,"name":"Lumenier AXII HD Stubby 5.8 GHz antenna for DJI HD digital FPV goggles"}]},{"@type":"WebSite","@id":"https:\/\/iha-race.com\/pt-pt\/#website","url":"https:\/\/iha-race.com\/pt-pt\/","name":"Iha Race","description":"Comprar drones de carreras FPV env\u00edos en un d\u00eda desde Espa\u00f1a","publisher":{"@id":"https:\/\/iha-race.com\/pt-pt\/#organization"},"potentialAction":[{"@type":"SearchAction","target":{"@type":"EntryPoint","urlTemplate":"https:\/\/iha-race.com\/pt-pt\/?s={search_term_string}"},"query-input":{"@type":"PropertyValueSpecification","valueRequired":true,"valueName":"search_term_string"}}],"inLanguage":"pt-PT"},{"@type":"Organization","@id":"https:\/\/iha-race.com\/pt-pt\/#organization","name":"Iha Race","url":"https:\/\/iha-race.com\/pt-pt\/","logo":{"@type":"ImageObject","inLanguage":"pt-PT","@id":"https:\/\/iha-race.com\/pt-pt\/#\/schema\/logo\/image\/","url":"https:\/\/iha-race.com\/wp-content\/uploads\/2018\/07\/iha-race-drones-de-carreras-tienda-comprar-drones.png","contentUrl":"https:\/\/iha-race.com\/wp-content\/uploads\/2018\/07\/iha-race-drones-de-carreras-tienda-comprar-drones.png","width":300,"height":100,"caption":"Iha Race"},"image":{"@id":"https:\/\/iha-race.com\/pt-pt\/#\/schema\/logo\/image\/"}}]}},"jetpack_sharing_enabled":true,"brands":[],"_links":{"self":[{"href":"https:\/\/iha-race.com\/pt-pt\/wp-json\/wp\/v2\/product\/251451","targetHints":{"allow":["GET"]}}],"collection":[{"href":"https:\/\/iha-race.com\/pt-pt\/wp-json\/wp\/v2\/product"}],"about":[{"href":"https:\/\/iha-race.com\/pt-pt\/wp-json\/wp\/v2\/types\/product"}],"replies":[{"embeddable":true,"href":"https:\/\/iha-race.com\/pt-pt\/wp-json\/wp\/v2\/comments?post=251451"}],"version-history":[{"count":0,"href":"https:\/\/iha-race.com\/pt-pt\/wp-json\/wp\/v2\/product\/251451\/revisions"}],"wp:featuredmedia":[{"embeddable":true,"href":"https:\/\/iha-race.com\/pt-pt\/wp-json\/wp\/v2\/media\/251425"}],"wp:attachment":[{"href":"https:\/\/iha-race.com\/pt-pt\/wp-json\/wp\/v2\/media?parent=251451"}],"wp:term":[{"taxonomy":"pwb-brand","embeddable":true,"href":"https:\/\/iha-race.com\/pt-pt\/wp-json\/wp\/v2\/pwb-brand?post=251451"},{"taxonomy":"product_cat","embeddable":true,"href":"https:\/\/iha-race.com\/pt-pt\/wp-json\/wp\/v2\/product_cat?post=251451"},{"taxonomy":"product_tag","embeddable":true,"href":"https:\/\/iha-race.com\/pt-pt\/wp-json\/wp\/v2\/product_tag?post=251451"}],"curies":[{"name":"wp","href":"https:\/\/api.w.org\/{rel}","templated":true}]}}