{"id":250745,"date":"2024-08-31T11:08:15","date_gmt":"2024-08-31T09:08:15","guid":{"rendered":"https:\/\/iha-race.com\/producto\/betafpv-quadcopter-sem-escovas-air65-racing\/"},"modified":"2026-02-28T13:22:22","modified_gmt":"2026-02-28T12:22:22","slug":"betafpv-quadcopter-sem-escovas-air65-racing","status":"publish","type":"product","link":"https:\/\/iha-race.com\/pt-pt\/produto\/betafpv-quadcopter-sem-escovas-air65-racing\/","title":{"rendered":"BetaFPV Quadcopter sem escovas Air65 &#8220;Racing&#8221;."},"content":{"rendered":"<h2>Quadcopter sem escovas BetaFPV (Air65 &#8220;Racing)<\/h2>\n<p>&nbsp;  Desafia a gravidade e embarca numa viagem inesquec\u00edvel com o Air65!<br \/>\nPrepara-te para um modelo explosivamente melhorado e mais impressionante do que a s\u00e9rie Meteor.<br \/>\nPesa apenas menos 17g, mas oferece um desempenho de n\u00edvel superior.<br \/>\nEquipado com Air Canopy, Air65 Brushless Whoop Frame, controlador de voo Air Brushless (4 em 1) e a nova bateria Lava 1S 260\/300 mAh opcional, com a fun\u00e7\u00e3o Ultralight melhorada.<br \/>\nLan\u00e7a 2 vers\u00f5es do sistema de propuls\u00e3o: Racing e Freestyle.<br \/>\nQuer queiras agilidade a alta velocidade ou um voo suave e fluido, o Air65 satisfaz os desejos de todos os pilotos.<br \/>\nReina como o rei dos ultraleves e o gigante dos jactos!        <\/p>\n<div style=\"text-align: start;\"><img decoding=\"async\" style=\"margin-bottom: 16px; float: none;\" src=\"https:\/\/cdn.shopify.com\/s\/files\/1\/1778\/6615\/files\/74b96dbb2d19db9758ba306fc55ad040_88cddb43-9317-49ce-b523-d09f3122d112_1024x1024.jpg?v=1719543503\" alt=\"Quadcopter sem escovas Air65\"><\/div>\n<div style=\"text-align: start;\"><span style=\"color: #808080;\"><em>Nota: A BETAFPV est\u00e1 imensamente grata a esta equipa de testes, incluindo &#8221;Don Johnson, Tokyo_Dom, BLACK KNIGHT, where, Travis,Coitti FPV,Dog t,Knight antonio,Isaac,Alberto,under 250g,Tyrant tfpv, Wk Breeze&#8221; pelas suas valiosas ideias para o design deste Air65.<\/em><\/span><\/div>\n<h2>Ponto de bala<\/h2>\n<ul>\n<li>\n<div>Experimenta um novo n\u00edvel de corrida leve e de voo livre com o nosso Whoop Indoor 1S Whoop de 65mm.<br \/>\nPesando apenas 17,1 g, oferece-te uma experi\u00eancia de voo emocionante e \u00e1gil. <\/div>\n<\/li>\n<li>\n<div><a href=\"https:\/\/betafpv.com\/products\/air-brushless-flight-controller\">Controlador de voo sem escovas Airborne (4 em 1)<\/a>, o primeiro FC 1S a usar o processador G473 que tem um poder de computa\u00e7\u00e3o superior e est\u00e1 equipado com um girosc\u00f3pio ICM42688P, esta solu\u00e7\u00e3o tudo-em-um integra perfeitamente FC, ESC, OSD e VTX 5.8G 25mw~400mw integrado, e at\u00e9 oferece um recetor ELRS opcional, pesando apenas 2.9g.<\/div>\n<\/li>\n<li>Os sistemas de propuls\u00e3o da vers\u00e3o Racing\/Freestyle foram especificamente concebidos para o motor leve de 65 mm, proporcionando uma experi\u00eancia de voo emocionante e adaptada \u00e0s necessidades de cada piloto.<\/li>\n<li>Descobre o Air65, emparelhado com a bateria dobr\u00e1vel LAVA S\u00e9rie Z, para a derradeira experi\u00eancia de voo leve.<br \/>\nVoa para os c\u00e9us com uma agilidade e leveza sem paralelo. <\/li>\n<li>Expressa o teu estilo \u00fanico com uma variedade de op\u00e7\u00f5es de pe\u00e7as.<br \/>\nDesde estruturas de 65 mm a coberturas e h\u00e9lices, oferece aos pilotos uma sele\u00e7\u00e3o diversificada de cores cativantes.<br \/>\nCombina-as com os decalques BETAFPV para dar aos teus drones Whoop um toque personalizado e sem esfor\u00e7o.  <\/li>\n<\/ul>\n<h2>Especifica\u00e7\u00e3o<\/h2>\n<ul>\n<li>Artigo: Quadric\u00f3ptero Air65 Brushless Whoop<\/li>\n<li>Peso: 17,1 g<\/li>\n<li>Dist\u00e2ncia entre eixos: 65 mm<\/li>\n<li>Moldura:Aire65<\/li>\n<li>Pavilh\u00e3o:Dossel de ar<\/li>\n<li>FC e ESC:Controlador de voo Air Brushless (vers\u00e3o 4 em 1)<\/li>\n<li>VTX: VTX integrado de 5,8 G 25 mw a 400 mw<\/li>\n<li>Modelo da c\u00e2mara: C\u00e2mara C03<\/li>\n<li>Motor: 0702SE|27000KV(Vers\u00e3o de corrida),0702SE|23000KV(Vers\u00e3o de estilo livre)<\/li>\n<li>Acess\u00f3rios: GF1219S3B (vers\u00e3o de corrida), Ultralight HQ 31 mm (vers\u00e3o Freestyle)<\/li>\n<li>Conector da bateria:Cabo BT2.0 U Flex<\/li>\n<li>Bateria recomendada:Lava 1S <a href=\"https:\/\/betafpv.com\/collections\/batt-1s\"> 260\/300<\/a>mAh<\/li>\n<li>Tempo de voo (4,35 V-3,3 V): 4 min (LAVA 260 mAh)<\/li>\n<li>Vers\u00e3o RX: ELRS 2.4G Lite externo (inclu\u00eddo no quad)<\/li>\n<\/ul>\n<div class=\"table-wrapper\" style=\"text-align: start;\">\n<p>&nbsp;<\/p>\n<p><img decoding=\"async\" style=\"float: none;\" src=\"https:\/\/cdn.shopify.com\/s\/files\/1\/1778\/6615\/files\/1_793cbc4e-344b-4212-a64d-df3c46a26406_1024x1024.jpg?v=1719543530\" alt=\"Quadcopter sem escovas Air65\"><\/p>\n<\/div>\n<h2>Controlador de voo e ESC<\/h2>\n<p>  O primeiro FC 1S a utilizar o processador G473, controlador de voo sem escovas da Airborne (4 em 1). Desempenho equilibrado e peso leve, apenas 2,9 g.<br \/>\nGirosc\u00f3pio ICM42688P l\u00edder da ind\u00fastria, que oferece um poder de computa\u00e7\u00e3o superior e tempos de resposta ultra-r\u00e1pidos para um desempenho de voo preciso em compara\u00e7\u00e3o com o F411.<br \/>\nCom v\u00e1rias op\u00e7\u00f5es de portas UART, suporta v\u00e1rias expans\u00f5es de fun\u00e7\u00f5es.<br \/>\nEsta solu\u00e7\u00e3o tudo-em-um integra perfeitamente FC, ESC, OSD e VTX, e at\u00e9 oferece um recetor ELRS opcional.<br \/>\nO chip OSD de tamanho micro \u00e9 personalizado.<br \/>\nMergulha sem esfor\u00e7o no mundo das corridas e do estilo livre do controlo na ponta dos dedos, onde a precis\u00e3o e a capacidade de resposta inigual\u00e1veis do Air65 te esperam.       <\/p>\n<div style=\"text-align: start;\"><img decoding=\"async\" style=\"margin-bottom: 16px; float: none;\" src=\"https:\/\/cdn.shopify.com\/s\/files\/1\/1778\/6615\/files\/4in1_a6ec1569-2727-4056-aabb-ee41eb880138_1024x1024.jpg?v=1719543559\" alt=\"Quadcopter sem escovas Air65\"><\/div>\n<h2>Melhoria da cobertura de ar<\/h2>\n<p>  Experimenta imagens de alta qualidade, claras e mais n\u00edtidas com a leve c\u00e2mara Micro C03 FPV, que pesa apenas 1,45 g.<br \/>\nRedesenhado Air CanopyEstrutura mais flex\u00edvel, resistente ao impacto e dur\u00e1vel.<br \/>\nO efeito de flex\u00e3o melhorado melhora a flexibilidade, reduz a possibilidade de quebra e melhora consideravelmente a resist\u00eancia \u00e0 explos\u00e3o para uma instala\u00e7\u00e3o mais f\u00e1cil.<br \/>\nAdapta-se sem esfor\u00e7o a uma variedade de c\u00e2maras anal\u00f3gicas Micro e Nano.<br \/>\nSuporta o ajuste do \u00e2ngulo de 25\u00b0 a 50\u00b0.<br \/>\nCom ele, o Air65 pode ir at\u00e9 ao limite do estilo livre e vencer a corrida sem preocupa\u00e7\u00f5es.       <\/p>\n<div style=\"text-align: start;\"><img decoding=\"async\" style=\"margin-bottom: 16px; float: none;\" src=\"https:\/\/cdn.shopify.com\/s\/files\/1\/1778\/6615\/files\/6aea06196175391d80a25a4046b42177_43288d89-0750-40b1-997d-2d1c9ed49c7d_1024x1024.jpg?v=1719543585\" alt=\"Quadcopter sem escovas Air65\"><\/div>\n<h2>Sistema de propuls\u00e3o<\/h2>\n<p>  Quer seja na vers\u00e3o Freestyle ou Racing, o Air65 consegue manter a agilidade suficiente para conquistar as pistas de corrida sem esfor\u00e7o, satisfazendo as diversas necessidades dos pilotos.<br \/>\nA vers\u00e3o Racing foca-se no voo a alta velocidade e na agilidade, utilizando os motores 0702SE|27000KV e as h\u00e9lices GF 1219S 3B para incr\u00edveis explos\u00f5es de velocidade e uma dire\u00e7\u00e3o \u00e1gil.<br \/>\nPara uma experi\u00eancia de voo livre suave e elegante, a vers\u00e3o Freestyle apresenta os motores 0702SE|23000KV e h\u00e9lices 3B ultra-leves de 31mm de alta qualidade, permitindo respostas atempadas e ac\u00e7\u00f5es de seguimento precisas.<br \/>\nEsta combina\u00e7\u00e3o vencedora impulsiona o Air65 muito para al\u00e9m de quaisquer limita\u00e7\u00f5es em termos de velocidade e manobrabilidade.     <\/p>\n<div style=\"text-align: start;\"><img decoding=\"async\" style=\"margin-bottom: 16px; float: none;\" src=\"https:\/\/cdn.shopify.com\/s\/files\/1\/1778\/6615\/files\/7a1c87b47989db0ed336da6fb3b4637d_fdfe2abb-de18-4ea0-a819-ef9fc41e5d3b_1024x1024.jpg?v=1719543603\" alt=\"Quadcopter sem escovas Air65\"><\/div>\n<p>  A bateria ultraleveLava 1S 260\/300 mAh \u00e9 uma vers\u00e3o compacta premium do Air65.<br \/>\nCom um centro de gravidade mais concentrado, oferece uma resposta mais n\u00edtida, maior acelera\u00e7\u00e3o e melhor manobrabilidade.<br \/>\nCom o inovador processo de dobragem em Z, esta bateria LiHV excede os limites convencionais de capacidade e descarga.<br \/>\nAl\u00e9m disso, est\u00e1 equipada com o cabo BT2.0 U flex &#8211; n\u00e3o precisas de dobrar os cabos &#8211; para uma liga\u00e7\u00e3o mais f\u00e1cil e uma vida \u00fatil mais longa.<br \/>\nMais leve, reduzindo o comprimento dos cabos.<br \/>\nObt\u00e9m a melhor op\u00e7\u00e3o leve para corridas de drones ou estilo livre.       <\/p>\n<div style=\"text-align: start;\"><img decoding=\"async\" style=\"margin-bottom: 16px; float: none;\" src=\"https:\/\/cdn.shopify.com\/s\/files\/1\/1778\/6615\/files\/7ecc40279fd871bac0e0d11e210a632b_471b894a-5c5c-44dc-bbcc-11e5723b24d6_1024x1024.jpg?v=1719543685\" alt=\"Quadcopter sem escovas Air65\"><\/div>\n<h2>Marco Air65<\/h2>\n<p>  Para melhorar a experi\u00eancia de voo, os entusiastas da bricolage trabalharam arduamente para reduzir o peso dos drones Whoop de 65 mm, especialmente as estruturas para uma estrutura ultra-leve. A microestrutura Meteor65 para a estrutura Air65, que atinge um peso visivelmente mais leve de 3,64g para 2,67g.<br \/>\nMant\u00e9m uma resist\u00eancia e durabilidade excepcionais, ao mesmo tempo que introduz uma nova ranhura fixa para o motor e optimiza um design de baixo perfil.<br \/>\nCom 6 op\u00e7\u00f5es de cores, surge indiscutivelmente como a melhor op\u00e7\u00e3o de bunion para os pilotos que procuram um drone Sub18g 65mm 1S Whoop ultra-leve e de personalidade inigual\u00e1vel.    <\/p>\n<div style=\"text-align: start;\"><img decoding=\"async\" style=\"margin-bottom: 16px; float: none;\" src=\"https:\/\/cdn.shopify.com\/s\/files\/1\/1778\/6615\/files\/d2e1b9aec379546f426ce88c187b9234_4ba5ebbc-958f-43a3-a456-ad3b28d1218f_1024x1024.jpg?v=1719543712\" alt=\"Quadcopter sem escovas Air65\"><\/div>\n<h2>Pe\u00e7as recomendadas<\/h2>\n<ul>\n<li>Transmissor de r\u00e1dio: LiteRadio 3 Pro, Radio Lite 3, LiteRadio 2 SE<\/li>\n<li>\u00d3culos de prote\u00e7\u00e3o: \u00d3culos de prote\u00e7\u00e3o FPV VR03, \u00d3culos de prote\u00e7\u00e3o FPV VR02<\/li>\n<li>Controlador de voo sem escovas Goalkeeper:Air (4 em 1)<\/li>\n<li>Recetor:Recetor ELRS Lite, recetor ELRS nano<\/li>\n<li>Bateria:Bateria LAVA 1S 260mAh 80C,Bateria LAVA 1S 300mAh 75C<\/li>\n<li>Acess\u00f3rios:H\u00e9lices ultraleves de 31 mm 3B de alta qualidade, h\u00e9lices GF 1219S 3B<\/li>\n<li>Moldura colorida: Moldura Whoop sem escovas Air65<\/li>\n<li>Dossel colorido:Dossel de ar<\/li>\n<li>Parafusos: Conjunto de parafusos de montagem do motor da s\u00e9rie Meteor (40 unid.)<\/li>\n<li>Autocolante: Decalques para escorregas de \u00e1gua BETAFPV<\/li>\n<\/ul>\n<h2>Perguntas mais frequentes<\/h2>\n<ul>\n<li><a href=\"https:\/\/support.betafpv.com\/hc\/en-us\/articles\/32980449219865-CLI-and-Firmware-for-Air65-Racing\">Transfere o CLI e o firmware do Air65 (vers\u00e3o de corrida)<\/a><\/li>\n<li>\n<div><a href=\"https:\/\/support.betafpv.com\/hc\/en-us\/articles\/32979928476953-CLI-and-Firmware-for-Air65-Freestyle\">Descarrega a CLI e o firmware para o Air65 (vers\u00e3o Freestyle)<\/a><\/div>\n<\/li>\n<\/ul>\n<h2>Pacote<\/h2>\n<ul>\n<li>1 * Quadric\u00f3ptero Air65 Brushless Whoop<\/li>\n<li>1 * Dossel de ar<\/li>\n<li>4 * h\u00e9lices GF 1219S 3B (vers\u00e3o racing) \/ h\u00e9lices 3B HQ ultraleves de 31 mm (vers\u00e3o freestyle)<\/li>\n<li>1 * Pacote de parafusos<\/li>\n<li>1 * Cabo adaptador de 4 pinos<\/li>\n<li>1 * Placa adaptadora USB tipo C<\/li>\n<\/ul>\n<div style=\"text-align: left;\"><img decoding=\"async\" style=\"margin-bottom: 16px; float: none;\" src=\"https:\/\/cdn.shopify.com\/s\/files\/1\/1778\/6615\/files\/3f89305fb1dabad87b9b93324e3c25cd_5f2d6001-8664-4372-ab1f-6674c43dd524_600x600.jpg?v=1719543747\" alt=\"Quadcopter sem escovas Air65\"><\/div>\n","protected":false},"excerpt":{"rendered":"<p>Quadcopter sem escovas BetaFPV (Air65 &#8220;Racing) &nbsp; Desafia a gravidade e embarca numa viagem inesquec\u00edvel com o Air65! Prepara-te para um modelo explosivamente melhorado e mais impressionante do que a<\/p>\n","protected":false},"featured_media":258114,"comment_status":"open","ping_status":"closed","template":"","meta":{"_joinchat":[]},"pwb-brand":[],"product_cat":[951,27],"product_tag":[],"class_list":{"0":"post-250745","1":"product","2":"type-product","3":"status-publish","4":"has-post-thumbnail","6":"product_cat-drones-de-iniciacion-e-interior","7":"product_cat-drones-fpv","9":"first","10":"instock","11":"sale","12":"taxable","13":"shipping-taxable","14":"purchasable","15":"product-type-variable"},"barcode":null,"atum_controlled":true,"out_stock_date":"2026-02-03 09:46:15","out_stock_threshold":null,"inheritable":true,"stock_on_hold":1,"sold_today":1,"sales_last_days":2,"out_stock_days":74,"lost_sales":0,"update_date":"2026-04-19T09:20:46","atum_locations":[],"atum_stock_status":"instock","restock_status":false,"low_stock_amount":"","sales_update_date":"2026-04-18T09:21:43","calc_backorders":null,"yoast_head":"<!-- This site is optimized with the Yoast SEO plugin v27.3 - https:\/\/yoast.com\/product\/yoast-seo-wordpress\/ -->\n<title>BetaFPV Quadcopter sem escovas Air65 &quot;Racing&quot;. - Iha Race<\/title>\n<meta name=\"robots\" content=\"index, follow, max-snippet:-1, max-image-preview:large, max-video-preview:-1\" \/>\n<link rel=\"canonical\" href=\"https:\/\/iha-race.com\/pt-pt\/produto\/betafpv-quadcopter-sem-escovas-air65-racing\/\" \/>\n<meta property=\"og:locale\" content=\"pt_PT\" \/>\n<meta property=\"og:type\" content=\"article\" \/>\n<meta property=\"og:title\" content=\"BetaFPV Quadcopter sem escovas Air65 &quot;Racing&quot;. - Iha Race\" \/>\n<meta property=\"og:description\" content=\"Quadcopter sem escovas BetaFPV (Air65 &#8220;Racing) &nbsp; Desafia a gravidade e embarca numa viagem inesquec\u00edvel com o Air65! Prepara-te para um modelo explosivamente melhorado e mais impressionante do que a\" \/>\n<meta property=\"og:url\" content=\"https:\/\/iha-race.com\/pt-pt\/produto\/betafpv-quadcopter-sem-escovas-air65-racing\/\" \/>\n<meta property=\"og:site_name\" content=\"Iha Race\" \/>\n<meta property=\"article:modified_time\" content=\"2026-02-28T12:22:22+00:00\" \/>\n<meta property=\"og:image\" content=\"https:\/\/iha-race.com\/wp-content\/uploads\/2024\/08\/BetaFPV-Cuadricoptero-sin-escobillas-Air65.webp\" \/>\n\t<meta property=\"og:image:width\" content=\"540\" \/>\n\t<meta property=\"og:image:height\" content=\"540\" \/>\n\t<meta property=\"og:image:type\" content=\"image\/webp\" \/>\n<meta name=\"twitter:card\" content=\"summary_large_image\" \/>\n<meta name=\"twitter:label1\" content=\"Tempo estimado de leitura\" \/>\n\t<meta name=\"twitter:data1\" content=\"6 minutos\" \/>\n<script type=\"application\/ld+json\" class=\"yoast-schema-graph\">{\"@context\":\"https:\\\/\\\/schema.org\",\"@graph\":[{\"@type\":\"WebPage\",\"@id\":\"https:\\\/\\\/iha-race.com\\\/pt-pt\\\/produto\\\/betafpv-quadcopter-sem-escovas-air65-racing\\\/\",\"url\":\"https:\\\/\\\/iha-race.com\\\/pt-pt\\\/produto\\\/betafpv-quadcopter-sem-escovas-air65-racing\\\/\",\"name\":\"BetaFPV Quadcopter sem escovas Air65 \\\"Racing\\\". - Iha Race\",\"isPartOf\":{\"@id\":\"https:\\\/\\\/iha-race.com\\\/pt-pt\\\/#website\"},\"primaryImageOfPage\":{\"@id\":\"https:\\\/\\\/iha-race.com\\\/pt-pt\\\/produto\\\/betafpv-quadcopter-sem-escovas-air65-racing\\\/#primaryimage\"},\"image\":{\"@id\":\"https:\\\/\\\/iha-race.com\\\/pt-pt\\\/produto\\\/betafpv-quadcopter-sem-escovas-air65-racing\\\/#primaryimage\"},\"thumbnailUrl\":\"https:\\\/\\\/iha-race.com\\\/wp-content\\\/uploads\\\/2024\\\/08\\\/Cuadricoptero-Whoop-sin-escobillas-Air65-II4.webp\",\"datePublished\":\"2024-08-31T09:08:15+00:00\",\"dateModified\":\"2026-02-28T12:22:22+00:00\",\"breadcrumb\":{\"@id\":\"https:\\\/\\\/iha-race.com\\\/pt-pt\\\/produto\\\/betafpv-quadcopter-sem-escovas-air65-racing\\\/#breadcrumb\"},\"inLanguage\":\"pt-PT\",\"potentialAction\":[{\"@type\":\"ReadAction\",\"target\":[\"https:\\\/\\\/iha-race.com\\\/pt-pt\\\/produto\\\/betafpv-quadcopter-sem-escovas-air65-racing\\\/\"]}]},{\"@type\":\"ImageObject\",\"inLanguage\":\"pt-PT\",\"@id\":\"https:\\\/\\\/iha-race.com\\\/pt-pt\\\/produto\\\/betafpv-quadcopter-sem-escovas-air65-racing\\\/#primaryimage\",\"url\":\"https:\\\/\\\/iha-race.com\\\/wp-content\\\/uploads\\\/2024\\\/08\\\/Cuadricoptero-Whoop-sin-escobillas-Air65-II4.webp\",\"contentUrl\":\"https:\\\/\\\/iha-race.com\\\/wp-content\\\/uploads\\\/2024\\\/08\\\/Cuadricoptero-Whoop-sin-escobillas-Air65-II4.webp\",\"width\":720,\"height\":720,\"caption\":\"Comprar Cuadric\u00f3ptero Whoop sin escobillas Air65 II\"},{\"@type\":\"BreadcrumbList\",\"@id\":\"https:\\\/\\\/iha-race.com\\\/pt-pt\\\/produto\\\/betafpv-quadcopter-sem-escovas-air65-racing\\\/#breadcrumb\",\"itemListElement\":[{\"@type\":\"ListItem\",\"position\":1,\"name\":\"Portada\",\"item\":\"https:\\\/\\\/iha-race.com\\\/pt-pt\\\/elementor-499\\\/\"},{\"@type\":\"ListItem\",\"position\":2,\"name\":\"Shop\",\"item\":\"https:\\\/\\\/iha-race.com\\\/pt-pt\\\/shop\\\/\"},{\"@type\":\"ListItem\",\"position\":3,\"name\":\"BetaFPV Quadcopter sem escovas Air65 &#8220;Racing&#8221;.\"}]},{\"@type\":\"WebSite\",\"@id\":\"https:\\\/\\\/iha-race.com\\\/pt-pt\\\/#website\",\"url\":\"https:\\\/\\\/iha-race.com\\\/pt-pt\\\/\",\"name\":\"Iha Race\",\"description\":\"Comprar drones de carreras FPV env\u00edos en un d\u00eda desde Espa\u00f1a\",\"publisher\":{\"@id\":\"https:\\\/\\\/iha-race.com\\\/pt-pt\\\/#organization\"},\"potentialAction\":[{\"@type\":\"SearchAction\",\"target\":{\"@type\":\"EntryPoint\",\"urlTemplate\":\"https:\\\/\\\/iha-race.com\\\/pt-pt\\\/?s={search_term_string}\"},\"query-input\":{\"@type\":\"PropertyValueSpecification\",\"valueRequired\":true,\"valueName\":\"search_term_string\"}}],\"inLanguage\":\"pt-PT\"},{\"@type\":\"Organization\",\"@id\":\"https:\\\/\\\/iha-race.com\\\/pt-pt\\\/#organization\",\"name\":\"Iha Race\",\"url\":\"https:\\\/\\\/iha-race.com\\\/pt-pt\\\/\",\"logo\":{\"@type\":\"ImageObject\",\"inLanguage\":\"pt-PT\",\"@id\":\"https:\\\/\\\/iha-race.com\\\/pt-pt\\\/#\\\/schema\\\/logo\\\/image\\\/\",\"url\":\"https:\\\/\\\/iha-race.com\\\/wp-content\\\/uploads\\\/2018\\\/07\\\/iha-race-drones-de-carreras-tienda-comprar-drones.png\",\"contentUrl\":\"https:\\\/\\\/iha-race.com\\\/wp-content\\\/uploads\\\/2018\\\/07\\\/iha-race-drones-de-carreras-tienda-comprar-drones.png\",\"width\":300,\"height\":100,\"caption\":\"Iha Race\"},\"image\":{\"@id\":\"https:\\\/\\\/iha-race.com\\\/pt-pt\\\/#\\\/schema\\\/logo\\\/image\\\/\"}}]}<\/script>\n<!-- \/ Yoast SEO plugin. -->","yoast_head_json":{"title":"BetaFPV Quadcopter sem escovas Air65 \"Racing\". - Iha Race","robots":{"index":"index","follow":"follow","max-snippet":"max-snippet:-1","max-image-preview":"max-image-preview:large","max-video-preview":"max-video-preview:-1"},"canonical":"https:\/\/iha-race.com\/pt-pt\/produto\/betafpv-quadcopter-sem-escovas-air65-racing\/","og_locale":"pt_PT","og_type":"article","og_title":"BetaFPV Quadcopter sem escovas Air65 \"Racing\". - Iha Race","og_description":"Quadcopter sem escovas BetaFPV (Air65 &#8220;Racing) &nbsp; Desafia a gravidade e embarca numa viagem inesquec\u00edvel com o Air65! Prepara-te para um modelo explosivamente melhorado e mais impressionante do que a","og_url":"https:\/\/iha-race.com\/pt-pt\/produto\/betafpv-quadcopter-sem-escovas-air65-racing\/","og_site_name":"Iha Race","article_modified_time":"2026-02-28T12:22:22+00:00","og_image":[{"width":540,"height":540,"url":"https:\/\/iha-race.com\/wp-content\/uploads\/2024\/08\/BetaFPV-Cuadricoptero-sin-escobillas-Air65.webp","type":"image\/webp"}],"twitter_card":"summary_large_image","twitter_misc":{"Tempo estimado de leitura":"6 minutos"},"schema":{"@context":"https:\/\/schema.org","@graph":[{"@type":"WebPage","@id":"https:\/\/iha-race.com\/pt-pt\/produto\/betafpv-quadcopter-sem-escovas-air65-racing\/","url":"https:\/\/iha-race.com\/pt-pt\/produto\/betafpv-quadcopter-sem-escovas-air65-racing\/","name":"BetaFPV Quadcopter sem escovas Air65 \"Racing\". - Iha Race","isPartOf":{"@id":"https:\/\/iha-race.com\/pt-pt\/#website"},"primaryImageOfPage":{"@id":"https:\/\/iha-race.com\/pt-pt\/produto\/betafpv-quadcopter-sem-escovas-air65-racing\/#primaryimage"},"image":{"@id":"https:\/\/iha-race.com\/pt-pt\/produto\/betafpv-quadcopter-sem-escovas-air65-racing\/#primaryimage"},"thumbnailUrl":"https:\/\/iha-race.com\/wp-content\/uploads\/2024\/08\/Cuadricoptero-Whoop-sin-escobillas-Air65-II4.webp","datePublished":"2024-08-31T09:08:15+00:00","dateModified":"2026-02-28T12:22:22+00:00","breadcrumb":{"@id":"https:\/\/iha-race.com\/pt-pt\/produto\/betafpv-quadcopter-sem-escovas-air65-racing\/#breadcrumb"},"inLanguage":"pt-PT","potentialAction":[{"@type":"ReadAction","target":["https:\/\/iha-race.com\/pt-pt\/produto\/betafpv-quadcopter-sem-escovas-air65-racing\/"]}]},{"@type":"ImageObject","inLanguage":"pt-PT","@id":"https:\/\/iha-race.com\/pt-pt\/produto\/betafpv-quadcopter-sem-escovas-air65-racing\/#primaryimage","url":"https:\/\/iha-race.com\/wp-content\/uploads\/2024\/08\/Cuadricoptero-Whoop-sin-escobillas-Air65-II4.webp","contentUrl":"https:\/\/iha-race.com\/wp-content\/uploads\/2024\/08\/Cuadricoptero-Whoop-sin-escobillas-Air65-II4.webp","width":720,"height":720,"caption":"Comprar Cuadric\u00f3ptero Whoop sin escobillas Air65 II"},{"@type":"BreadcrumbList","@id":"https:\/\/iha-race.com\/pt-pt\/produto\/betafpv-quadcopter-sem-escovas-air65-racing\/#breadcrumb","itemListElement":[{"@type":"ListItem","position":1,"name":"Portada","item":"https:\/\/iha-race.com\/pt-pt\/elementor-499\/"},{"@type":"ListItem","position":2,"name":"Shop","item":"https:\/\/iha-race.com\/pt-pt\/shop\/"},{"@type":"ListItem","position":3,"name":"BetaFPV Quadcopter sem escovas Air65 &#8220;Racing&#8221;."}]},{"@type":"WebSite","@id":"https:\/\/iha-race.com\/pt-pt\/#website","url":"https:\/\/iha-race.com\/pt-pt\/","name":"Iha Race","description":"Comprar drones de carreras FPV env\u00edos en un d\u00eda desde Espa\u00f1a","publisher":{"@id":"https:\/\/iha-race.com\/pt-pt\/#organization"},"potentialAction":[{"@type":"SearchAction","target":{"@type":"EntryPoint","urlTemplate":"https:\/\/iha-race.com\/pt-pt\/?s={search_term_string}"},"query-input":{"@type":"PropertyValueSpecification","valueRequired":true,"valueName":"search_term_string"}}],"inLanguage":"pt-PT"},{"@type":"Organization","@id":"https:\/\/iha-race.com\/pt-pt\/#organization","name":"Iha Race","url":"https:\/\/iha-race.com\/pt-pt\/","logo":{"@type":"ImageObject","inLanguage":"pt-PT","@id":"https:\/\/iha-race.com\/pt-pt\/#\/schema\/logo\/image\/","url":"https:\/\/iha-race.com\/wp-content\/uploads\/2018\/07\/iha-race-drones-de-carreras-tienda-comprar-drones.png","contentUrl":"https:\/\/iha-race.com\/wp-content\/uploads\/2018\/07\/iha-race-drones-de-carreras-tienda-comprar-drones.png","width":300,"height":100,"caption":"Iha Race"},"image":{"@id":"https:\/\/iha-race.com\/pt-pt\/#\/schema\/logo\/image\/"}}]}},"jetpack_sharing_enabled":true,"brands":[],"_links":{"self":[{"href":"https:\/\/iha-race.com\/pt-pt\/wp-json\/wp\/v2\/product\/250745","targetHints":{"allow":["GET"]}}],"collection":[{"href":"https:\/\/iha-race.com\/pt-pt\/wp-json\/wp\/v2\/product"}],"about":[{"href":"https:\/\/iha-race.com\/pt-pt\/wp-json\/wp\/v2\/types\/product"}],"replies":[{"embeddable":true,"href":"https:\/\/iha-race.com\/pt-pt\/wp-json\/wp\/v2\/comments?post=250745"}],"version-history":[{"count":1,"href":"https:\/\/iha-race.com\/pt-pt\/wp-json\/wp\/v2\/product\/250745\/revisions"}],"predecessor-version":[{"id":251295,"href":"https:\/\/iha-race.com\/pt-pt\/wp-json\/wp\/v2\/product\/250745\/revisions\/251295"}],"wp:featuredmedia":[{"embeddable":true,"href":"https:\/\/iha-race.com\/pt-pt\/wp-json\/wp\/v2\/media\/258114"}],"wp:attachment":[{"href":"https:\/\/iha-race.com\/pt-pt\/wp-json\/wp\/v2\/media?parent=250745"}],"wp:term":[{"taxonomy":"pwb-brand","embeddable":true,"href":"https:\/\/iha-race.com\/pt-pt\/wp-json\/wp\/v2\/pwb-brand?post=250745"},{"taxonomy":"product_cat","embeddable":true,"href":"https:\/\/iha-race.com\/pt-pt\/wp-json\/wp\/v2\/product_cat?post=250745"},{"taxonomy":"product_tag","embeddable":true,"href":"https:\/\/iha-race.com\/pt-pt\/wp-json\/wp\/v2\/product_tag?post=250745"}],"curies":[{"name":"wp","href":"https:\/\/api.w.org\/{rel}","templated":true}]}}