{"id":250672,"date":"2024-08-30T12:27:31","date_gmt":"2024-08-30T10:27:31","guid":{"rendered":"https:\/\/iha-race.com\/producto\/helices-gemfan-de-40-mm-com-2-pas-veio-de-10-mm-4-pecas\/"},"modified":"2026-02-05T12:31:36","modified_gmt":"2026-02-05T11:31:36","slug":"helices-gemfan-de-40-mm-com-2-pas-veio-de-10-mm-4-pecas","status":"publish","type":"product","link":"https:\/\/iha-race.com\/pt-pt\/produto\/helices-gemfan-de-40-mm-com-2-pas-veio-de-10-mm-4-pecas\/","title":{"rendered":"H\u00e9lices Gemfan de 40 mm com 2 p\u00e1s (veio de 1,0 mm, 4 pe\u00e7as)"},"content":{"rendered":"<h1 class=\"h2 product-single__title\">H\u00e9lices Gemfan de 40 mm com 2 p\u00e1s (veio de 1,0 mm, 4 pe\u00e7as)<\/h1>\n<p>&nbsp;  Concebidas para o drone Whoop de 40mm, mais pot\u00eancia, maior efici\u00eancia e melhor controlo.<br \/>\nEstas h\u00e9lices de 40mm, com p\u00e1s ultra-resistentes, s\u00e3o feitas de material PC de alta qualidade com a melhor efici\u00eancia e durabilidade.<br \/>\nAs h\u00e9lices de 40mm com 2 p\u00e1s da Gemfan s\u00e3o adequadas para motores com veio de 1mm, como os motores brushless 08028 12000 kV ou 0802SE.    <img decoding=\"async\" src=\"https:\/\/cdn.shopifycdn.net\/s\/files\/1\/1778\/6615\/files\/FB3-1_1024x1024.jpg?v=1636363402\" alt=\"\"><\/p>\n<h2>Pe\u00e7as recomendadas<\/h2>\n<ul>\n<li>Quadro:Meteor75 Micro brushless frame<\/li>\n<li>Motor: Motores sem escovas 0702,Motores sem escovas 0702E,Motores sem escovas 0702SE,Motores sem escovas 0802SE<\/li>\n<li>Quadcopter: Meteorite75,Meteorite 75 (HD), Air75<\/li>\n<\/ul>\n<h2>Especifica\u00e7\u00e3o<\/h2>\n<ul>\n<li>Cor: Branco, Transparente<\/li>\n<li>Material do produto: PC<\/li>\n<li>Di\u00e2metro interior do eixo: 1,0 mm<\/li>\n<li>Peso: 1,02 g\/conjunto (branco), 0,99 g\/conjunto (transparente)<\/li>\n<\/ul>\n<div><img decoding=\"async\" src=\"https:\/\/cdn.shopify.com\/s\/files\/1\/1778\/6615\/files\/f7d7c897f798fc44c391847188c3ac79_7e0c4bfc-a030-4807-8f14-c55ca72b87f0_480x480.jpg?v=1635931090\" alt=\"\"><\/div>\n<h2>Pacote<\/h2>\n<ul>\n<li>2 * 40 mm h\u00e9lices CW de 2 p\u00e1s (veio de 1,0 mm)<\/li>\n<li>2 * 40 mm h\u00e9lices de 2 p\u00e1s CCW (veio de 1,0 mm)<\/li>\n<\/ul>\n<div><img decoding=\"async\" src=\"https:\/\/cdn.shopify.com\/s\/files\/1\/1778\/6615\/files\/3f89305fb1dabad87b9b93324e3c25cd_7adb04ce-7fef-45d1-a5f7-bae483a10881_480x480.jpg?v=1717143709\" alt=\"H\u00e9lices Gemfan de 40 mm com 2 p\u00e1s (veio de 1,0 mm, 4 pe\u00e7as)\"><\/div>\n","protected":false},"excerpt":{"rendered":"<p>H\u00e9lices Gemfan de 40 mm com 2 p\u00e1s (veio de 1,0 mm, 4 pe\u00e7as) &nbsp; Concebidas para o drone Whoop de 40mm, mais pot\u00eancia, maior efici\u00eancia e melhor controlo. Estas<\/p>\n","protected":false},"featured_media":250664,"comment_status":"open","ping_status":"closed","template":"","meta":{"_joinchat":[]},"pwb-brand":[],"product_cat":[1444,1293,1288,1414],"product_tag":[],"class_list":{"0":"post-250672","1":"product","2":"type-product","3":"status-publish","4":"has-post-thumbnail","6":"product_cat-2-pt-pt","7":"product_cat-bipalas-pt-pt","8":"product_cat-helices-fpv","9":"product_cat-polegadas","11":"first","12":"outofstock","13":"taxable","14":"shipping-taxable","15":"purchasable","16":"product-type-simple"},"barcode":null,"atum_controlled":true,"out_stock_date":"2026-03-21 19:44:48","out_stock_threshold":null,"inheritable":false,"stock_on_hold":0,"sold_today":0,"sales_last_days":0,"out_stock_days":27,"lost_sales":9,"update_date":"2026-04-18T19:10:37","atum_locations":[],"atum_stock_status":"outofstock","restock_status":false,"low_stock_amount":"","sales_update_date":"2026-04-18T19:10:37","calc_backorders":null,"yoast_head":"<!-- This site is optimized with the Yoast SEO plugin v27.3 - https:\/\/yoast.com\/product\/yoast-seo-wordpress\/ -->\n<title>H\u00e9lices Gemfan de 40 mm com 2 p\u00e1s (veio de 1,0 mm, 4 pe\u00e7as) - Iha Race<\/title>\n<meta name=\"robots\" content=\"index, follow, max-snippet:-1, max-image-preview:large, max-video-preview:-1\" \/>\n<link rel=\"canonical\" href=\"https:\/\/iha-race.com\/pt-pt\/produto\/helices-gemfan-de-40-mm-com-2-pas-veio-de-10-mm-4-pecas\/\" \/>\n<meta property=\"og:locale\" content=\"pt_PT\" \/>\n<meta property=\"og:type\" content=\"article\" \/>\n<meta property=\"og:title\" content=\"H\u00e9lices Gemfan de 40 mm com 2 p\u00e1s (veio de 1,0 mm, 4 pe\u00e7as) - Iha Race\" \/>\n<meta property=\"og:description\" content=\"H\u00e9lices Gemfan de 40 mm com 2 p\u00e1s (veio de 1,0 mm, 4 pe\u00e7as) &nbsp; Concebidas para o drone Whoop de 40mm, mais pot\u00eancia, maior efici\u00eancia e melhor controlo. Estas\" \/>\n<meta property=\"og:url\" content=\"https:\/\/iha-race.com\/pt-pt\/produto\/helices-gemfan-de-40-mm-com-2-pas-veio-de-10-mm-4-pecas\/\" \/>\n<meta property=\"og:site_name\" content=\"Iha Race\" \/>\n<meta property=\"article:modified_time\" content=\"2026-02-05T11:31:36+00:00\" \/>\n<meta property=\"og:image\" content=\"https:\/\/iha-race.com\/wp-content\/uploads\/2024\/08\/Helices-Gemfan-de-2-palas-de-40-mm-eje-de-10-mm-4-piezas.webp\" \/>\n\t<meta property=\"og:image:width\" content=\"900\" \/>\n\t<meta property=\"og:image:height\" content=\"819\" \/>\n\t<meta property=\"og:image:type\" content=\"image\/webp\" \/>\n<meta name=\"twitter:card\" content=\"summary_large_image\" \/>\n<meta name=\"twitter:label1\" content=\"Tempo estimado de leitura\" \/>\n\t<meta name=\"twitter:data1\" content=\"1 minuto\" \/>\n<script type=\"application\/ld+json\" class=\"yoast-schema-graph\">{\"@context\":\"https:\\\/\\\/schema.org\",\"@graph\":[{\"@type\":\"WebPage\",\"@id\":\"https:\\\/\\\/iha-race.com\\\/pt-pt\\\/produto\\\/helices-gemfan-de-40-mm-com-2-pas-veio-de-10-mm-4-pecas\\\/\",\"url\":\"https:\\\/\\\/iha-race.com\\\/pt-pt\\\/produto\\\/helices-gemfan-de-40-mm-com-2-pas-veio-de-10-mm-4-pecas\\\/\",\"name\":\"H\u00e9lices Gemfan de 40 mm com 2 p\u00e1s (veio de 1,0 mm, 4 pe\u00e7as) - Iha Race\",\"isPartOf\":{\"@id\":\"https:\\\/\\\/iha-race.com\\\/pt-pt\\\/#website\"},\"primaryImageOfPage\":{\"@id\":\"https:\\\/\\\/iha-race.com\\\/pt-pt\\\/produto\\\/helices-gemfan-de-40-mm-com-2-pas-veio-de-10-mm-4-pecas\\\/#primaryimage\"},\"image\":{\"@id\":\"https:\\\/\\\/iha-race.com\\\/pt-pt\\\/produto\\\/helices-gemfan-de-40-mm-com-2-pas-veio-de-10-mm-4-pecas\\\/#primaryimage\"},\"thumbnailUrl\":\"https:\\\/\\\/iha-race.com\\\/wp-content\\\/uploads\\\/2024\\\/08\\\/Helices-Gemfan-de-2-palas-de-40-mm-eje-de-10-mm-4-piezas.webp\",\"datePublished\":\"2024-08-30T10:27:31+00:00\",\"dateModified\":\"2026-02-05T11:31:36+00:00\",\"breadcrumb\":{\"@id\":\"https:\\\/\\\/iha-race.com\\\/pt-pt\\\/produto\\\/helices-gemfan-de-40-mm-com-2-pas-veio-de-10-mm-4-pecas\\\/#breadcrumb\"},\"inLanguage\":\"pt-PT\",\"potentialAction\":[{\"@type\":\"ReadAction\",\"target\":[\"https:\\\/\\\/iha-race.com\\\/pt-pt\\\/produto\\\/helices-gemfan-de-40-mm-com-2-pas-veio-de-10-mm-4-pecas\\\/\"]}]},{\"@type\":\"ImageObject\",\"inLanguage\":\"pt-PT\",\"@id\":\"https:\\\/\\\/iha-race.com\\\/pt-pt\\\/produto\\\/helices-gemfan-de-40-mm-com-2-pas-veio-de-10-mm-4-pecas\\\/#primaryimage\",\"url\":\"https:\\\/\\\/iha-race.com\\\/wp-content\\\/uploads\\\/2024\\\/08\\\/Helices-Gemfan-de-2-palas-de-40-mm-eje-de-10-mm-4-piezas.webp\",\"contentUrl\":\"https:\\\/\\\/iha-race.com\\\/wp-content\\\/uploads\\\/2024\\\/08\\\/Helices-Gemfan-de-2-palas-de-40-mm-eje-de-10-mm-4-piezas.webp\",\"width\":900,\"height\":819,\"caption\":\"Comprar H\u00e9lices Gemfan de 2 palas de 40 mm (eje de 1,0 mm, 4 piezas)\"},{\"@type\":\"BreadcrumbList\",\"@id\":\"https:\\\/\\\/iha-race.com\\\/pt-pt\\\/produto\\\/helices-gemfan-de-40-mm-com-2-pas-veio-de-10-mm-4-pecas\\\/#breadcrumb\",\"itemListElement\":[{\"@type\":\"ListItem\",\"position\":1,\"name\":\"Portada\",\"item\":\"https:\\\/\\\/iha-race.com\\\/pt-pt\\\/elementor-499\\\/\"},{\"@type\":\"ListItem\",\"position\":2,\"name\":\"Shop\",\"item\":\"https:\\\/\\\/iha-race.com\\\/pt-pt\\\/shop\\\/\"},{\"@type\":\"ListItem\",\"position\":3,\"name\":\"H\u00e9lices Gemfan de 40 mm com 2 p\u00e1s (veio de 1,0 mm, 4 pe\u00e7as)\"}]},{\"@type\":\"WebSite\",\"@id\":\"https:\\\/\\\/iha-race.com\\\/pt-pt\\\/#website\",\"url\":\"https:\\\/\\\/iha-race.com\\\/pt-pt\\\/\",\"name\":\"Iha Race\",\"description\":\"Comprar drones de carreras FPV env\u00edos en un d\u00eda desde Espa\u00f1a\",\"publisher\":{\"@id\":\"https:\\\/\\\/iha-race.com\\\/pt-pt\\\/#organization\"},\"potentialAction\":[{\"@type\":\"SearchAction\",\"target\":{\"@type\":\"EntryPoint\",\"urlTemplate\":\"https:\\\/\\\/iha-race.com\\\/pt-pt\\\/?s={search_term_string}\"},\"query-input\":{\"@type\":\"PropertyValueSpecification\",\"valueRequired\":true,\"valueName\":\"search_term_string\"}}],\"inLanguage\":\"pt-PT\"},{\"@type\":\"Organization\",\"@id\":\"https:\\\/\\\/iha-race.com\\\/pt-pt\\\/#organization\",\"name\":\"Iha Race\",\"url\":\"https:\\\/\\\/iha-race.com\\\/pt-pt\\\/\",\"logo\":{\"@type\":\"ImageObject\",\"inLanguage\":\"pt-PT\",\"@id\":\"https:\\\/\\\/iha-race.com\\\/pt-pt\\\/#\\\/schema\\\/logo\\\/image\\\/\",\"url\":\"https:\\\/\\\/iha-race.com\\\/wp-content\\\/uploads\\\/2018\\\/07\\\/iha-race-drones-de-carreras-tienda-comprar-drones.png\",\"contentUrl\":\"https:\\\/\\\/iha-race.com\\\/wp-content\\\/uploads\\\/2018\\\/07\\\/iha-race-drones-de-carreras-tienda-comprar-drones.png\",\"width\":300,\"height\":100,\"caption\":\"Iha Race\"},\"image\":{\"@id\":\"https:\\\/\\\/iha-race.com\\\/pt-pt\\\/#\\\/schema\\\/logo\\\/image\\\/\"}}]}<\/script>\n<!-- \/ Yoast SEO plugin. -->","yoast_head_json":{"title":"H\u00e9lices Gemfan de 40 mm com 2 p\u00e1s (veio de 1,0 mm, 4 pe\u00e7as) - Iha Race","robots":{"index":"index","follow":"follow","max-snippet":"max-snippet:-1","max-image-preview":"max-image-preview:large","max-video-preview":"max-video-preview:-1"},"canonical":"https:\/\/iha-race.com\/pt-pt\/produto\/helices-gemfan-de-40-mm-com-2-pas-veio-de-10-mm-4-pecas\/","og_locale":"pt_PT","og_type":"article","og_title":"H\u00e9lices Gemfan de 40 mm com 2 p\u00e1s (veio de 1,0 mm, 4 pe\u00e7as) - Iha Race","og_description":"H\u00e9lices Gemfan de 40 mm com 2 p\u00e1s (veio de 1,0 mm, 4 pe\u00e7as) &nbsp; Concebidas para o drone Whoop de 40mm, mais pot\u00eancia, maior efici\u00eancia e melhor controlo. Estas","og_url":"https:\/\/iha-race.com\/pt-pt\/produto\/helices-gemfan-de-40-mm-com-2-pas-veio-de-10-mm-4-pecas\/","og_site_name":"Iha Race","article_modified_time":"2026-02-05T11:31:36+00:00","og_image":[{"width":900,"height":819,"url":"https:\/\/iha-race.com\/wp-content\/uploads\/2024\/08\/Helices-Gemfan-de-2-palas-de-40-mm-eje-de-10-mm-4-piezas.webp","type":"image\/webp"}],"twitter_card":"summary_large_image","twitter_misc":{"Tempo estimado de leitura":"1 minuto"},"schema":{"@context":"https:\/\/schema.org","@graph":[{"@type":"WebPage","@id":"https:\/\/iha-race.com\/pt-pt\/produto\/helices-gemfan-de-40-mm-com-2-pas-veio-de-10-mm-4-pecas\/","url":"https:\/\/iha-race.com\/pt-pt\/produto\/helices-gemfan-de-40-mm-com-2-pas-veio-de-10-mm-4-pecas\/","name":"H\u00e9lices Gemfan de 40 mm com 2 p\u00e1s (veio de 1,0 mm, 4 pe\u00e7as) - Iha Race","isPartOf":{"@id":"https:\/\/iha-race.com\/pt-pt\/#website"},"primaryImageOfPage":{"@id":"https:\/\/iha-race.com\/pt-pt\/produto\/helices-gemfan-de-40-mm-com-2-pas-veio-de-10-mm-4-pecas\/#primaryimage"},"image":{"@id":"https:\/\/iha-race.com\/pt-pt\/produto\/helices-gemfan-de-40-mm-com-2-pas-veio-de-10-mm-4-pecas\/#primaryimage"},"thumbnailUrl":"https:\/\/iha-race.com\/wp-content\/uploads\/2024\/08\/Helices-Gemfan-de-2-palas-de-40-mm-eje-de-10-mm-4-piezas.webp","datePublished":"2024-08-30T10:27:31+00:00","dateModified":"2026-02-05T11:31:36+00:00","breadcrumb":{"@id":"https:\/\/iha-race.com\/pt-pt\/produto\/helices-gemfan-de-40-mm-com-2-pas-veio-de-10-mm-4-pecas\/#breadcrumb"},"inLanguage":"pt-PT","potentialAction":[{"@type":"ReadAction","target":["https:\/\/iha-race.com\/pt-pt\/produto\/helices-gemfan-de-40-mm-com-2-pas-veio-de-10-mm-4-pecas\/"]}]},{"@type":"ImageObject","inLanguage":"pt-PT","@id":"https:\/\/iha-race.com\/pt-pt\/produto\/helices-gemfan-de-40-mm-com-2-pas-veio-de-10-mm-4-pecas\/#primaryimage","url":"https:\/\/iha-race.com\/wp-content\/uploads\/2024\/08\/Helices-Gemfan-de-2-palas-de-40-mm-eje-de-10-mm-4-piezas.webp","contentUrl":"https:\/\/iha-race.com\/wp-content\/uploads\/2024\/08\/Helices-Gemfan-de-2-palas-de-40-mm-eje-de-10-mm-4-piezas.webp","width":900,"height":819,"caption":"Comprar H\u00e9lices Gemfan de 2 palas de 40 mm (eje de 1,0 mm, 4 piezas)"},{"@type":"BreadcrumbList","@id":"https:\/\/iha-race.com\/pt-pt\/produto\/helices-gemfan-de-40-mm-com-2-pas-veio-de-10-mm-4-pecas\/#breadcrumb","itemListElement":[{"@type":"ListItem","position":1,"name":"Portada","item":"https:\/\/iha-race.com\/pt-pt\/elementor-499\/"},{"@type":"ListItem","position":2,"name":"Shop","item":"https:\/\/iha-race.com\/pt-pt\/shop\/"},{"@type":"ListItem","position":3,"name":"H\u00e9lices Gemfan de 40 mm com 2 p\u00e1s (veio de 1,0 mm, 4 pe\u00e7as)"}]},{"@type":"WebSite","@id":"https:\/\/iha-race.com\/pt-pt\/#website","url":"https:\/\/iha-race.com\/pt-pt\/","name":"Iha Race","description":"Comprar drones de carreras FPV env\u00edos en un d\u00eda desde Espa\u00f1a","publisher":{"@id":"https:\/\/iha-race.com\/pt-pt\/#organization"},"potentialAction":[{"@type":"SearchAction","target":{"@type":"EntryPoint","urlTemplate":"https:\/\/iha-race.com\/pt-pt\/?s={search_term_string}"},"query-input":{"@type":"PropertyValueSpecification","valueRequired":true,"valueName":"search_term_string"}}],"inLanguage":"pt-PT"},{"@type":"Organization","@id":"https:\/\/iha-race.com\/pt-pt\/#organization","name":"Iha Race","url":"https:\/\/iha-race.com\/pt-pt\/","logo":{"@type":"ImageObject","inLanguage":"pt-PT","@id":"https:\/\/iha-race.com\/pt-pt\/#\/schema\/logo\/image\/","url":"https:\/\/iha-race.com\/wp-content\/uploads\/2018\/07\/iha-race-drones-de-carreras-tienda-comprar-drones.png","contentUrl":"https:\/\/iha-race.com\/wp-content\/uploads\/2018\/07\/iha-race-drones-de-carreras-tienda-comprar-drones.png","width":300,"height":100,"caption":"Iha Race"},"image":{"@id":"https:\/\/iha-race.com\/pt-pt\/#\/schema\/logo\/image\/"}}]}},"jetpack_sharing_enabled":true,"brands":[],"_links":{"self":[{"href":"https:\/\/iha-race.com\/pt-pt\/wp-json\/wp\/v2\/product\/250672","targetHints":{"allow":["GET"]}}],"collection":[{"href":"https:\/\/iha-race.com\/pt-pt\/wp-json\/wp\/v2\/product"}],"about":[{"href":"https:\/\/iha-race.com\/pt-pt\/wp-json\/wp\/v2\/types\/product"}],"replies":[{"embeddable":true,"href":"https:\/\/iha-race.com\/pt-pt\/wp-json\/wp\/v2\/comments?post=250672"}],"version-history":[{"count":1,"href":"https:\/\/iha-race.com\/pt-pt\/wp-json\/wp\/v2\/product\/250672\/revisions"}],"predecessor-version":[{"id":250765,"href":"https:\/\/iha-race.com\/pt-pt\/wp-json\/wp\/v2\/product\/250672\/revisions\/250765"}],"wp:featuredmedia":[{"embeddable":true,"href":"https:\/\/iha-race.com\/pt-pt\/wp-json\/wp\/v2\/media\/250664"}],"wp:attachment":[{"href":"https:\/\/iha-race.com\/pt-pt\/wp-json\/wp\/v2\/media?parent=250672"}],"wp:term":[{"taxonomy":"pwb-brand","embeddable":true,"href":"https:\/\/iha-race.com\/pt-pt\/wp-json\/wp\/v2\/pwb-brand?post=250672"},{"taxonomy":"product_cat","embeddable":true,"href":"https:\/\/iha-race.com\/pt-pt\/wp-json\/wp\/v2\/product_cat?post=250672"},{"taxonomy":"product_tag","embeddable":true,"href":"https:\/\/iha-race.com\/pt-pt\/wp-json\/wp\/v2\/product_tag?post=250672"}],"curies":[{"name":"wp","href":"https:\/\/api.w.org\/{rel}","templated":true}]}}