{"id":247766,"date":"2024-07-22T19:23:59","date_gmt":"2024-07-22T17:23:59","guid":{"rendered":"https:\/\/iha-race.com\/producto\/radiomaster-2500mah-3-7v-li-ion-18650-2-pecas\/"},"modified":"2026-02-10T15:02:35","modified_gmt":"2026-02-10T14:02:35","slug":"radiomaster-2500mah-3-7v-li-ion-18650-2-pecas","status":"publish","type":"product","link":"https:\/\/iha-race.com\/pt-pt\/produto\/radiomaster-2500mah-3-7v-li-ion-18650-2-pecas\/","title":{"rendered":"RadioMaster 3200mah 3.7v Li-ion 18650 (2 pe\u00e7as)"},"content":{"rendered":"<h2>RadioMaster 3200mah 3.7v Li-ion 18650 (2 pe\u00e7as)<\/h2>\n<p>&nbsp;<\/p>\n<div id=\"shopify-section-template--15373068697831__main\" class=\"shopify-section\">\n<div id=\"ProductSection-template--15373068697831__main-7475365740775\" class=\"product-section\" data-section-id=\"template--15373068697831__main\" data-product-id=\"7475365740775\" data-section-type=\"product\" data-product-handle=\"18650-3200mah-3-7v-battery-2pcs-for-tx16s-boxer-tx12-mt12-radios\" data-product-title=\"18650 3200mAh 3.7V Battery (2pcs) for TX16S \/ Boxer \/ TX12\/ Pocket \/ MT12 Radios\" data-product-url=\"\/products\/18650-3200mah-3-7v-battery-2pcs-for-tx16s-boxer-tx12-mt12-radios\" data-aspect-ratio=\"100.0\" data-img-url=\"\/\/www.radiomasterrc.com\/cdn\/shop\/files\/HP0157.18650-3200-1_&lt;wpml_curved wpml_value='width'&gt;&lt;\/wpml_curved&gt;x.jpg?v=1703575506\" data-history=\"true\" data-modal=\"false\">\n<div class=\"page-content page-content--product\">\n<div class=\"page-width\">\n<div class=\"grid\">\n<div class=\"grid__item medium-up--three-fifths\">\n<div class=\"product-single__meta\">\n<div data-product-blocks=\"\">\n<div class=\"product-block\">\n<div class=\"rte\">  A capacidade da bateria 18650 foi actualizada para 3200 mAh para voos sem preocupa\u00e7\u00f5es e sem ansiedade em rela\u00e7\u00e3o \u00e0 bateria. Compat\u00edvel com os r\u00e1dios TX16S, Boxer, TX12, Pocket e MT12.  <img decoding=\"async\" src=\"https:\/\/cdn.shopify.com\/s\/files\/1\/0609\/8324\/7079\/files\/HP0157.18650-3200-Detail-1_9be06509-347d-4d88-8069-336c847d1b17_1024x1024.jpg?v=1703648599\" alt=\"Bateria 18650 3200 mAh 3.7 V (2 p\u00e7s.) para r\u00e1dios TX16S\/Boxer\/TX12\/Pocket\/MT12\"><img decoding=\"async\" src=\"https:\/\/cdn.shopify.com\/s\/files\/1\/0609\/8324\/7079\/files\/HP0157.18650-3200-Detail-2_7ec33dda-5b84-4c1c-b042-f2d276d22658_1024x1024.jpg?v=1703648644\" alt=\"Bateria 18650 3200 mAh 3.7 V (2 p\u00e7s.) para r\u00e1dios TX16S\/Boxer\/TX12\/Pocket\/MT12\"><\/p>\n<h2 style=\"text-align: left;\">Especifica\u00e7\u00e3o<\/h2>\n<ul>\n<li>Item: Bateria 18650 3200mAh 3.7V<\/li>\n<li>Tipo de c\u00e9lula: Bateria 18650<\/li>\n<li>Capacidade: 3200mAh<\/li>\n<li>Tens\u00e3o: 3,7 V<\/li>\n<li>Peso: 46,22 g<\/li>\n<\/ul>\n<h2>Produtos associados<\/h2>\n<ul>\n<li>R\u00e1dios da s\u00e9rie RadioMaster TX16S MKII<\/li>\n<li>R\u00e1dios da s\u00e9rie RadioMaster TX12 MKII<\/li>\n<li>R\u00e1dios da s\u00e9rie RadioMaster Boxer<\/li>\n<li>Controlador de r\u00e1dio de superf\u00edcie RadioMaster MT12<\/li>\n<li>Controlador de r\u00e1dio de bolso RadioMaster<\/li>\n<\/ul>\n<h2 style=\"text-align: left;\">O pacote inclui<\/h2>\n<ul>\n<li>2 * Bateria 18650 3200 mAh 3,7 V<\/li>\n<\/ul>\n<\/div>\n<\/div>\n<\/div>\n<\/div>\n<\/div>\n<\/div>\n<\/div>\n<\/div>\n<\/div>\n<\/div>\n<div id=\"shopify-section-template--15373068697831__16366208004327cfa2\" class=\"shopify-section index-section\">\n<div class=\"page-width page-width--narrow\"><\/div>\n<\/div>\n","protected":false},"excerpt":{"rendered":"<p>RadioMaster 3200mah 3.7v Li-ion 18650 (2 pe\u00e7as) &nbsp; A capacidade da bateria 18650 foi actualizada para 3200 mAh para voos sem preocupa\u00e7\u00f5es e sem ansiedade em rela\u00e7\u00e3o \u00e0 bateria. Compat\u00edvel<\/p>\n","protected":false},"featured_media":247812,"comment_status":"open","ping_status":"closed","template":"","meta":{"_joinchat":[]},"pwb-brand":[],"product_cat":[1062,1120],"product_tag":[],"class_list":{"0":"post-247766","1":"product","2":"type-product","3":"status-publish","4":"has-post-thumbnail","6":"product_cat-baterias-fpv","7":"product_cat-s1-pt-pt","9":"first","10":"instock","11":"taxable","12":"shipping-taxable","13":"purchasable","14":"product-type-simple"},"barcode":null,"atum_controlled":true,"out_stock_date":null,"out_stock_threshold":null,"inheritable":false,"stock_on_hold":0,"sold_today":0,"sales_last_days":0,"out_stock_days":0,"lost_sales":0,"update_date":"2026-04-16T06:28:53","atum_locations":[],"atum_stock_status":"instock","restock_status":false,"low_stock_amount":"","sales_update_date":"2026-04-16T06:28:53","calc_backorders":null,"yoast_head":"<!-- This site is optimized with the Yoast SEO plugin v27.3 - https:\/\/yoast.com\/product\/yoast-seo-wordpress\/ -->\n<title>RadioMaster 3200mah 3.7v Li-ion 18650 (2 pe\u00e7as) - Iha Race<\/title>\n<meta name=\"robots\" content=\"index, follow, max-snippet:-1, max-image-preview:large, max-video-preview:-1\" \/>\n<link rel=\"canonical\" href=\"https:\/\/iha-race.com\/pt-pt\/produto\/radiomaster-2500mah-3-7v-li-ion-18650-2-pecas\/\" \/>\n<meta property=\"og:locale\" content=\"pt_PT\" \/>\n<meta property=\"og:type\" content=\"article\" \/>\n<meta property=\"og:title\" content=\"RadioMaster 3200mah 3.7v Li-ion 18650 (2 pe\u00e7as) - Iha Race\" \/>\n<meta property=\"og:description\" content=\"RadioMaster 3200mah 3.7v Li-ion 18650 (2 pe\u00e7as) &nbsp; A capacidade da bateria 18650 foi actualizada para 3200 mAh para voos sem preocupa\u00e7\u00f5es e sem ansiedade em rela\u00e7\u00e3o \u00e0 bateria. Compat\u00edvel\" \/>\n<meta property=\"og:url\" content=\"https:\/\/iha-race.com\/pt-pt\/produto\/radiomaster-2500mah-3-7v-li-ion-18650-2-pecas\/\" \/>\n<meta property=\"og:site_name\" content=\"Iha Race\" \/>\n<meta property=\"article:modified_time\" content=\"2026-02-10T14:02:35+00:00\" \/>\n<meta property=\"og:image\" content=\"https:\/\/iha-race.com\/wp-content\/uploads\/2024\/07\/RadioMaster-3200mah-3.7v-Li-ion-18650-2-piezas.webp\" \/>\n\t<meta property=\"og:image:width\" content=\"1000\" \/>\n\t<meta property=\"og:image:height\" content=\"1000\" \/>\n\t<meta property=\"og:image:type\" content=\"image\/webp\" \/>\n<meta name=\"twitter:card\" content=\"summary_large_image\" \/>\n<meta name=\"twitter:label1\" content=\"Tempo estimado de leitura\" \/>\n\t<meta name=\"twitter:data1\" content=\"1 minuto\" \/>\n<script type=\"application\/ld+json\" class=\"yoast-schema-graph\">{\"@context\":\"https:\\\/\\\/schema.org\",\"@graph\":[{\"@type\":\"WebPage\",\"@id\":\"https:\\\/\\\/iha-race.com\\\/pt-pt\\\/produto\\\/radiomaster-2500mah-3-7v-li-ion-18650-2-pecas\\\/\",\"url\":\"https:\\\/\\\/iha-race.com\\\/pt-pt\\\/produto\\\/radiomaster-2500mah-3-7v-li-ion-18650-2-pecas\\\/\",\"name\":\"RadioMaster 3200mah 3.7v Li-ion 18650 (2 pe\u00e7as) - Iha Race\",\"isPartOf\":{\"@id\":\"https:\\\/\\\/iha-race.com\\\/pt-pt\\\/#website\"},\"primaryImageOfPage\":{\"@id\":\"https:\\\/\\\/iha-race.com\\\/pt-pt\\\/produto\\\/radiomaster-2500mah-3-7v-li-ion-18650-2-pecas\\\/#primaryimage\"},\"image\":{\"@id\":\"https:\\\/\\\/iha-race.com\\\/pt-pt\\\/produto\\\/radiomaster-2500mah-3-7v-li-ion-18650-2-pecas\\\/#primaryimage\"},\"thumbnailUrl\":\"https:\\\/\\\/iha-race.com\\\/wp-content\\\/uploads\\\/2024\\\/07\\\/RadioMaster-3200mah-3.7v-Li-ion-18650-2-piezas.webp\",\"datePublished\":\"2024-07-22T17:23:59+00:00\",\"dateModified\":\"2026-02-10T14:02:35+00:00\",\"breadcrumb\":{\"@id\":\"https:\\\/\\\/iha-race.com\\\/pt-pt\\\/produto\\\/radiomaster-2500mah-3-7v-li-ion-18650-2-pecas\\\/#breadcrumb\"},\"inLanguage\":\"pt-PT\",\"potentialAction\":[{\"@type\":\"ReadAction\",\"target\":[\"https:\\\/\\\/iha-race.com\\\/pt-pt\\\/produto\\\/radiomaster-2500mah-3-7v-li-ion-18650-2-pecas\\\/\"]}]},{\"@type\":\"ImageObject\",\"inLanguage\":\"pt-PT\",\"@id\":\"https:\\\/\\\/iha-race.com\\\/pt-pt\\\/produto\\\/radiomaster-2500mah-3-7v-li-ion-18650-2-pecas\\\/#primaryimage\",\"url\":\"https:\\\/\\\/iha-race.com\\\/wp-content\\\/uploads\\\/2024\\\/07\\\/RadioMaster-3200mah-3.7v-Li-ion-18650-2-piezas.webp\",\"contentUrl\":\"https:\\\/\\\/iha-race.com\\\/wp-content\\\/uploads\\\/2024\\\/07\\\/RadioMaster-3200mah-3.7v-Li-ion-18650-2-piezas.webp\",\"width\":1000,\"height\":1000,\"caption\":\"comprar La capacidad de la bater\u00eda 18650 se ha mejorado a 3200 mAh para vuelos sin preocupaciones y sin ansiedad por la bater\u00eda. Compatible conTX16S,Boxer,TX12,BolsilloyMT12radios. Bater\u00eda 18650 3200 mAh 3,7 V (2 piezas) para radios TX16S\\\/Boxer\\\/TX12\\\/Pocket\\\/MT12Bater\u00eda 18650 3200 mAh 3,7 V (2 piezas) para radios TX16S\\\/Boxer\\\/TX12\\\/Pocket\\\/MT12 Especificaci\u00f3n Art\u00edculo: Bater\u00eda 18650 3200mAh 3,7V Tipo de celda: Bater\u00eda 18650 Capacidad: 3200mAh Voltaje: 3,7 V Peso: 46,22 g Productos Asociados Radios de la serie TX16S MKII de RadioMaster Radios de la serie TX12 MKII de RadioMaster Radios de la serie Boxer de RadioMaster Controlador de radio de superficie RadioMaster MT12 Controlador de radio de bolsillo RadioMaster El paquete incluye 2 * Bater\u00eda 18650 3200 mAh 3,7 V\"},{\"@type\":\"BreadcrumbList\",\"@id\":\"https:\\\/\\\/iha-race.com\\\/pt-pt\\\/produto\\\/radiomaster-2500mah-3-7v-li-ion-18650-2-pecas\\\/#breadcrumb\",\"itemListElement\":[{\"@type\":\"ListItem\",\"position\":1,\"name\":\"Portada\",\"item\":\"https:\\\/\\\/iha-race.com\\\/pt-pt\\\/elementor-499\\\/\"},{\"@type\":\"ListItem\",\"position\":2,\"name\":\"Shop\",\"item\":\"https:\\\/\\\/iha-race.com\\\/pt-pt\\\/shop\\\/\"},{\"@type\":\"ListItem\",\"position\":3,\"name\":\"RadioMaster 3200mah 3.7v Li-ion 18650 (2 pe\u00e7as)\"}]},{\"@type\":\"WebSite\",\"@id\":\"https:\\\/\\\/iha-race.com\\\/pt-pt\\\/#website\",\"url\":\"https:\\\/\\\/iha-race.com\\\/pt-pt\\\/\",\"name\":\"Iha Race\",\"description\":\"Comprar drones de carreras FPV env\u00edos en un d\u00eda desde Espa\u00f1a\",\"publisher\":{\"@id\":\"https:\\\/\\\/iha-race.com\\\/pt-pt\\\/#organization\"},\"potentialAction\":[{\"@type\":\"SearchAction\",\"target\":{\"@type\":\"EntryPoint\",\"urlTemplate\":\"https:\\\/\\\/iha-race.com\\\/pt-pt\\\/?s={search_term_string}\"},\"query-input\":{\"@type\":\"PropertyValueSpecification\",\"valueRequired\":true,\"valueName\":\"search_term_string\"}}],\"inLanguage\":\"pt-PT\"},{\"@type\":\"Organization\",\"@id\":\"https:\\\/\\\/iha-race.com\\\/pt-pt\\\/#organization\",\"name\":\"Iha Race\",\"url\":\"https:\\\/\\\/iha-race.com\\\/pt-pt\\\/\",\"logo\":{\"@type\":\"ImageObject\",\"inLanguage\":\"pt-PT\",\"@id\":\"https:\\\/\\\/iha-race.com\\\/pt-pt\\\/#\\\/schema\\\/logo\\\/image\\\/\",\"url\":\"https:\\\/\\\/iha-race.com\\\/wp-content\\\/uploads\\\/2018\\\/07\\\/iha-race-drones-de-carreras-tienda-comprar-drones.png\",\"contentUrl\":\"https:\\\/\\\/iha-race.com\\\/wp-content\\\/uploads\\\/2018\\\/07\\\/iha-race-drones-de-carreras-tienda-comprar-drones.png\",\"width\":300,\"height\":100,\"caption\":\"Iha Race\"},\"image\":{\"@id\":\"https:\\\/\\\/iha-race.com\\\/pt-pt\\\/#\\\/schema\\\/logo\\\/image\\\/\"}}]}<\/script>\n<!-- \/ Yoast SEO plugin. -->","yoast_head_json":{"title":"RadioMaster 3200mah 3.7v Li-ion 18650 (2 pe\u00e7as) - Iha Race","robots":{"index":"index","follow":"follow","max-snippet":"max-snippet:-1","max-image-preview":"max-image-preview:large","max-video-preview":"max-video-preview:-1"},"canonical":"https:\/\/iha-race.com\/pt-pt\/produto\/radiomaster-2500mah-3-7v-li-ion-18650-2-pecas\/","og_locale":"pt_PT","og_type":"article","og_title":"RadioMaster 3200mah 3.7v Li-ion 18650 (2 pe\u00e7as) - Iha Race","og_description":"RadioMaster 3200mah 3.7v Li-ion 18650 (2 pe\u00e7as) &nbsp; A capacidade da bateria 18650 foi actualizada para 3200 mAh para voos sem preocupa\u00e7\u00f5es e sem ansiedade em rela\u00e7\u00e3o \u00e0 bateria. Compat\u00edvel","og_url":"https:\/\/iha-race.com\/pt-pt\/produto\/radiomaster-2500mah-3-7v-li-ion-18650-2-pecas\/","og_site_name":"Iha Race","article_modified_time":"2026-02-10T14:02:35+00:00","og_image":[{"width":1000,"height":1000,"url":"https:\/\/iha-race.com\/wp-content\/uploads\/2024\/07\/RadioMaster-3200mah-3.7v-Li-ion-18650-2-piezas.webp","type":"image\/webp"}],"twitter_card":"summary_large_image","twitter_misc":{"Tempo estimado de leitura":"1 minuto"},"schema":{"@context":"https:\/\/schema.org","@graph":[{"@type":"WebPage","@id":"https:\/\/iha-race.com\/pt-pt\/produto\/radiomaster-2500mah-3-7v-li-ion-18650-2-pecas\/","url":"https:\/\/iha-race.com\/pt-pt\/produto\/radiomaster-2500mah-3-7v-li-ion-18650-2-pecas\/","name":"RadioMaster 3200mah 3.7v Li-ion 18650 (2 pe\u00e7as) - Iha Race","isPartOf":{"@id":"https:\/\/iha-race.com\/pt-pt\/#website"},"primaryImageOfPage":{"@id":"https:\/\/iha-race.com\/pt-pt\/produto\/radiomaster-2500mah-3-7v-li-ion-18650-2-pecas\/#primaryimage"},"image":{"@id":"https:\/\/iha-race.com\/pt-pt\/produto\/radiomaster-2500mah-3-7v-li-ion-18650-2-pecas\/#primaryimage"},"thumbnailUrl":"https:\/\/iha-race.com\/wp-content\/uploads\/2024\/07\/RadioMaster-3200mah-3.7v-Li-ion-18650-2-piezas.webp","datePublished":"2024-07-22T17:23:59+00:00","dateModified":"2026-02-10T14:02:35+00:00","breadcrumb":{"@id":"https:\/\/iha-race.com\/pt-pt\/produto\/radiomaster-2500mah-3-7v-li-ion-18650-2-pecas\/#breadcrumb"},"inLanguage":"pt-PT","potentialAction":[{"@type":"ReadAction","target":["https:\/\/iha-race.com\/pt-pt\/produto\/radiomaster-2500mah-3-7v-li-ion-18650-2-pecas\/"]}]},{"@type":"ImageObject","inLanguage":"pt-PT","@id":"https:\/\/iha-race.com\/pt-pt\/produto\/radiomaster-2500mah-3-7v-li-ion-18650-2-pecas\/#primaryimage","url":"https:\/\/iha-race.com\/wp-content\/uploads\/2024\/07\/RadioMaster-3200mah-3.7v-Li-ion-18650-2-piezas.webp","contentUrl":"https:\/\/iha-race.com\/wp-content\/uploads\/2024\/07\/RadioMaster-3200mah-3.7v-Li-ion-18650-2-piezas.webp","width":1000,"height":1000,"caption":"comprar La capacidad de la bater\u00eda 18650 se ha mejorado a 3200 mAh para vuelos sin preocupaciones y sin ansiedad por la bater\u00eda. Compatible conTX16S,Boxer,TX12,BolsilloyMT12radios. Bater\u00eda 18650 3200 mAh 3,7 V (2 piezas) para radios TX16S\/Boxer\/TX12\/Pocket\/MT12Bater\u00eda 18650 3200 mAh 3,7 V (2 piezas) para radios TX16S\/Boxer\/TX12\/Pocket\/MT12 Especificaci\u00f3n Art\u00edculo: Bater\u00eda 18650 3200mAh 3,7V Tipo de celda: Bater\u00eda 18650 Capacidad: 3200mAh Voltaje: 3,7 V Peso: 46,22 g Productos Asociados Radios de la serie TX16S MKII de RadioMaster Radios de la serie TX12 MKII de RadioMaster Radios de la serie Boxer de RadioMaster Controlador de radio de superficie RadioMaster MT12 Controlador de radio de bolsillo RadioMaster El paquete incluye 2 * Bater\u00eda 18650 3200 mAh 3,7 V"},{"@type":"BreadcrumbList","@id":"https:\/\/iha-race.com\/pt-pt\/produto\/radiomaster-2500mah-3-7v-li-ion-18650-2-pecas\/#breadcrumb","itemListElement":[{"@type":"ListItem","position":1,"name":"Portada","item":"https:\/\/iha-race.com\/pt-pt\/elementor-499\/"},{"@type":"ListItem","position":2,"name":"Shop","item":"https:\/\/iha-race.com\/pt-pt\/shop\/"},{"@type":"ListItem","position":3,"name":"RadioMaster 3200mah 3.7v Li-ion 18650 (2 pe\u00e7as)"}]},{"@type":"WebSite","@id":"https:\/\/iha-race.com\/pt-pt\/#website","url":"https:\/\/iha-race.com\/pt-pt\/","name":"Iha Race","description":"Comprar drones de carreras FPV env\u00edos en un d\u00eda desde Espa\u00f1a","publisher":{"@id":"https:\/\/iha-race.com\/pt-pt\/#organization"},"potentialAction":[{"@type":"SearchAction","target":{"@type":"EntryPoint","urlTemplate":"https:\/\/iha-race.com\/pt-pt\/?s={search_term_string}"},"query-input":{"@type":"PropertyValueSpecification","valueRequired":true,"valueName":"search_term_string"}}],"inLanguage":"pt-PT"},{"@type":"Organization","@id":"https:\/\/iha-race.com\/pt-pt\/#organization","name":"Iha Race","url":"https:\/\/iha-race.com\/pt-pt\/","logo":{"@type":"ImageObject","inLanguage":"pt-PT","@id":"https:\/\/iha-race.com\/pt-pt\/#\/schema\/logo\/image\/","url":"https:\/\/iha-race.com\/wp-content\/uploads\/2018\/07\/iha-race-drones-de-carreras-tienda-comprar-drones.png","contentUrl":"https:\/\/iha-race.com\/wp-content\/uploads\/2018\/07\/iha-race-drones-de-carreras-tienda-comprar-drones.png","width":300,"height":100,"caption":"Iha Race"},"image":{"@id":"https:\/\/iha-race.com\/pt-pt\/#\/schema\/logo\/image\/"}}]}},"brands":[],"_links":{"self":[{"href":"https:\/\/iha-race.com\/pt-pt\/wp-json\/wp\/v2\/product\/247766","targetHints":{"allow":["GET"]}}],"collection":[{"href":"https:\/\/iha-race.com\/pt-pt\/wp-json\/wp\/v2\/product"}],"about":[{"href":"https:\/\/iha-race.com\/pt-pt\/wp-json\/wp\/v2\/types\/product"}],"replies":[{"embeddable":true,"href":"https:\/\/iha-race.com\/pt-pt\/wp-json\/wp\/v2\/comments?post=247766"}],"version-history":[{"count":3,"href":"https:\/\/iha-race.com\/pt-pt\/wp-json\/wp\/v2\/product\/247766\/revisions"}],"predecessor-version":[{"id":247832,"href":"https:\/\/iha-race.com\/pt-pt\/wp-json\/wp\/v2\/product\/247766\/revisions\/247832"}],"wp:featuredmedia":[{"embeddable":true,"href":"https:\/\/iha-race.com\/pt-pt\/wp-json\/wp\/v2\/media\/247812"}],"wp:attachment":[{"href":"https:\/\/iha-race.com\/pt-pt\/wp-json\/wp\/v2\/media?parent=247766"}],"wp:term":[{"taxonomy":"pwb-brand","embeddable":true,"href":"https:\/\/iha-race.com\/pt-pt\/wp-json\/wp\/v2\/pwb-brand?post=247766"},{"taxonomy":"product_cat","embeddable":true,"href":"https:\/\/iha-race.com\/pt-pt\/wp-json\/wp\/v2\/product_cat?post=247766"},{"taxonomy":"product_tag","embeddable":true,"href":"https:\/\/iha-race.com\/pt-pt\/wp-json\/wp\/v2\/product_tag?post=247766"}],"curies":[{"name":"wp","href":"https:\/\/api.w.org\/{rel}","templated":true}]}}