{"id":247403,"date":"2024-06-30T12:45:36","date_gmt":"2024-06-30T10:45:36","guid":{"rendered":"https:\/\/iha-race.com\/producto\/nazgul-dc5-eco-6s-o3-hd-gps\/"},"modified":"2025-07-06T11:45:09","modified_gmt":"2025-07-06T09:45:09","slug":"nazgul-dc5-eco-6s-o3-hd-gps","status":"publish","type":"product","link":"https:\/\/iha-race.com\/pt-pt\/produto\/nazgul-dc5-eco-6s-o3-hd-gps\/","title":{"rendered":"Nazgul DC5 ECO 6S O3 HD"},"content":{"rendered":"<h2>Nazgul DC5 ECO 6S O3 HD<\/h2>\n<p>&nbsp;<\/p>\n<div class=\"title-product\">\n<h1><\/h1>\n<\/div>\n<p><span style=\"color: #ff0000;\"><em><strong>ENVIO 7 A 10 DIAS AP\u00d3S A COMPRA<\/strong><\/em><\/span><\/p>\n<p>&nbsp;<\/p>\n<p>&nbsp;<\/p>\n<p>&nbsp;<\/p>\n<div class=\"temp-specs-tr\">\n<h3 class=\"temp-specs-td name\"><span class=\"\">Descri\u00e7\u00e3o<\/span><\/h3>\n<div class=\"temp-specs-td value\">\n<p data-sider-select-id=\"aac4036e-8313-487e-b6d5-9b05ade67a4d\"><span class=\"\">Apresentamos-te o Nazgul DC5 ECO: redefinindo o desempenho e o valor num drone freestyle standard de 5 polegadas. Equipado com o novo sistema digital HD O3 da DJI, o seu design \u00fanico garante que n\u00e3o h\u00e1 h\u00e9lices \u00e0 vista, permitindo a utiliza\u00e7\u00e3o direta do v\u00eddeo da unidade a\u00e9rea O3. Com o controlador de voo ATF435 e o variador BLITZ E55S 2-6S 55A BLITZ, oferece um desempenho e uma fiabilidade inigual\u00e1veis. A estrutura em fibra de carbono com suporte de c\u00e2mara em alum\u00ednio \u00e9 leve mas resistente, enquanto o suporte GoPro inclu\u00eddo oferece versatilidade para captar os teus voos \u00e9picos de freestyle. Eleva a tua experi\u00eancia de voo a novas alturas com o Nazgul DC5 ECO.<\/span><\/p>\n<\/div>\n<\/div>\n<div class=\"temp-specs-tr\">\n<h3 class=\"temp-specs-td name\">pt-PT Reflejos<\/h3>\n<div class=\"temp-specs-td value\">\n<p data-sider-select-id=\"2c9b6bdc-28a5-4092-b260-42b093faf69b\"><b data-sider-select-id=\"04e34090-c4d7-42c1-88e2-b60addd61d60\">Leve e resistente<\/b><\/p>\n<p>  Uma combina\u00e7\u00e3o de fibra de carbono e alum\u00ednio garante uma estrutura leve mas robusta para o teu equipamento fotogr\u00e1fico. Concebida para uma sa\u00edda de v\u00eddeo n\u00edtida sem h\u00e9lices obstrutivas, melhorando a qualidade est\u00e9tica das tuas filmagens a\u00e9reas.  <\/p>\n<p data-sider-select-id=\"8f67b1c2-7331-4a10-b742-4abd7688980a\"><b data-sider-select-id=\"a9979aad-aa6f-491d-b148-486c8ab7cc28\">P\u00e1ra-fa\u00edscas<\/b><\/p>\n<p>  Ao ligar uma bateria, pode ser gerada uma fa\u00edsca forte no conetor, que ocorre quando a corrente elevada da bateria \u00e9 primeiro direcionada para o condensador de baixo ESR e depois enche a capacit\u00e2ncia do ESC. Adicion\u00e1mos um circuito de prote\u00e7\u00e3o para prolongar a vida \u00fatil dos conectores XT60 e evitar picos r\u00e1pidos de tens\u00e3o ou corrente, o que pode proteger os teus aparelhos electr\u00f3nicos de danos.  <\/p>\n<p data-sider-select-id=\"fcb46b0c-e03b-47b5-9eb1-fe45469766f3\"><b data-sider-select-id=\"1310f33a-6359-423a-a04c-e1cc951aaf9d\">Transmiss\u00e3o digital de baixa lat\u00eancia da unidade DJI O3 HD Air<\/b><\/p>\n<p>  Alcance de transmiss\u00e3o de v\u00eddeo at\u00e9 10 km: desfruta de uma visualiza\u00e7\u00e3o n\u00edtida e suave em tempo real nos teus \u00f3culos, mesmo em ambientes propensos a interfer\u00eancias. (Fonte: DJI) A vers\u00e3o HD permite a instala\u00e7\u00e3o de filtros ND, proporcionando um maior controlo sobre as defini\u00e7\u00f5es de exposi\u00e7\u00e3o da c\u00e2mara.  <\/p>\n<p data-sider-select-id=\"1c2476b2-5e6b-4cc1-b91b-0da95ed24383\"><b data-sider-select-id=\"93014075-3335-47fc-ae3b-992c66e91f7a\">V\u00eddeo 4K ultra grande angular estabilizado a 155\u00b0<\/b><\/p>\n<p>  Juntamente com um desempenho de imagem de alta qualidade, proporciona imagens excepcionais que manter\u00e3o o teu p\u00fablico no limite dos seus assentos. (Fonte: DJI)  <\/p>\n<p data-sider-select-id=\"e6a5af15-ec79-4511-827b-73cca355e0ed\"><b data-sider-select-id=\"0bbd4cc0-f41f-4ac4-a4ac-dc4c516c022f\">Melhora a experi\u00eancia do utilizador e simplifica a manuten\u00e7\u00e3o<\/b><\/p>\n<p data-sider-select-id=\"c57bd0dc-4003-4b12-9675-665ed42092fc\">Equipado com uma campainha incorporada e um suporte do recetor, esta carater\u00edstica facilita a manuten\u00e7\u00e3o e os ajustes do recetor.<\/p>\n<p data-sider-select-id=\"b666b420-570e-430a-8113-8d6cf2286ce3\"><b data-sider-select-id=\"79c66ba0-e9aa-4184-91cb-ca6c86e1adf4\">Espa\u00e7o DIY personalizado<\/b><\/p>\n<p>  Cria o teu pr\u00f3prio espa\u00e7o personalizado com a flexibilidade dos orif\u00edcios de montagem padr\u00e3o 20 x 20 e 30,5 x 30,5, garantindo a compatibilidade com os sistemas VTX e colunas de voo mais populares dispon\u00edveis no mercado. Adapta a tua configura\u00e7\u00e3o ao teu gosto e desfruta de um processo de integra\u00e7\u00e3o sem problemas com estas op\u00e7\u00f5es de montagem vers\u00e1teis.  <\/p><\/div>\n<\/div>\n<div class=\"temp-specs-tr\">\n<h3 class=\"temp-specs-td name\">Especifica\u00e7\u00f5es<\/h3>\n<div class=\"temp-specs-td value\">  Nome do produto: Nazgul DC5 ECO 6S O3 HD Geometria: DC (DeadCat) FC: Controlador de voo BLITZ ATF435 ESC: ESC BLITZ E55S 55A 4 IN 1 Transmiss\u00e3o de v\u00eddeo: DJI O3 Air Unit Quadro: 240mm dist\u00e2ncia entre eixos Motor: XING-E Pro 2207 1800KV Motores H\u00e9lice: Nazgul F5 H\u00e9lices  <\/p>\n<p data-sider-select-id=\"c4bf3871-b7da-43ba-bf98-5d0a290000fd\">Peso: 450g<\/p>\n<p data-sider-select-id=\"c4bf3871-b7da-43ba-bf98-5d0a290000fd\">Peso \u00e0 descolagem: Aprox. 675 g (com bateria 6S de 1400 mAh)<\/p>\n<p>  Dimens\u00f5es (C\u00d7L\u00d7A): 193\u00d7144\u00d734 mm Velocidade m\u00e1xima: 190 km\/h (modo manual) Altitude m\u00e1xima de descolagem: 7000 m  <\/p>\n<p data-sider-select-id=\"1627f023-2150-41ca-8c42-5ccde6ecee2b\">Tempo m\u00e1ximo de voo: aprox. 7,5 minutos (sem carregamento com 6S 1400 mAh)<\/p>\n<p>  Resist\u00eancia m\u00e1xima \u00e0 velocidade do vento: n\u00edvel 7 Gama de temperaturas de funcionamento: -10\u00b0 a 40\u00b0 C (14\u00b0 a 104\u00b0 F) Antenas: Antena GNSS dupla: GPS+SBAS+Galileo+QZSS+Glonass (opcional)  <\/p><\/div>\n<\/div>\n<div class=\"temp-specs-tr\">\n<div class=\"temp-specs-td name\">Transmiss\u00e3o de v\u00eddeo<\/div>\n<div class=\"temp-specs-td value\">  Nome do produto: DJI O3 Air Unit Largura de banda de comunica\u00e7\u00e3o: M\u00e1x. 40 MHz Campo de vis\u00e3o (ecr\u00e3 \u00fanico): 155\u00b0 Frequ\u00eancia de comunica\u00e7\u00e3o: 2,400-2,4835 GHz (apenas RX) \/ 5,725-5,850 GHz (RX e TX) Lat\u00eancia de ponta a ponta Com DJI FPV Goggles V2: Qualidade de transmiss\u00e3o de v\u00eddeo 810p\/120fps: A lat\u00eancia \u00e9 inferior a 28 ms. Qualidade de transmiss\u00e3o de v\u00eddeo 810p\/60fps: A lat\u00eancia \u00e9 inferior a 40 ms. Com os DJI Goggles 2: qualidade de transmiss\u00e3o de v\u00eddeo de 1080p\/100 fps: a lat\u00eancia \u00e9 t\u00e3o baixa quanto 30 ms. Qualidade de transmiss\u00e3o de v\u00eddeo 1080p\/60 fps: a lat\u00eancia \u00e9 t\u00e3o baixa quanto 40 ms. Taxa m\u00e1xima de transmiss\u00e3o de v\u00eddeo: 50 Mbps Alcance m\u00e1ximo de transmiss\u00e3o de v\u00eddeo: 10 km (FCC), 2 km (CE), 6 km (SRRC) Faixa de temperatura operacional: -10\u00b0 a 40\u00b0 C (14\u00b0 a 104\u00b0 F) Entrada de energia: 7,4-26,4 V Transmiss\u00e3o de \u00e1udio: N\/A  <\/div>\n<\/div>\n<div class=\"temp-specs-tr\">\n<h3 class=\"temp-specs-td name\">Lista de embalagem<\/h3>\n<div class=\"temp-specs-td value\">\n<p data-sider-select-id=\"9e23ee4c-9f7f-477d-bbdc-04bb1777af5e\"><span class=\"VIpgJd-yAWNEb-VIpgJd-fmcmS-sn54Q\">1 x Nazgul DC5 ECO 6S O3 HD BNF<\/span><\/p>\n<p>  2 x Antenas 2 x Almofadas de bateria 2 x Prop (pares)  <\/p><\/div>\n<\/div>\n","protected":false},"excerpt":{"rendered":"<p><span style=\"color: #ff0000;\"><strong>ENVIO NO PRAZO DE 7 A 10 DIAS AP\u00d3S A COMPRA<\/strong><\/span><strong><span style=\"color: #ff0000;\">O MODELO ELRS 2.4 GHZ EST\u00c1 EM STOCK 24 HORAS DISPON\u00cdVEL<\/span><\/strong><\/p>\n","protected":false},"featured_media":254147,"comment_status":"open","ping_status":"closed","template":"","meta":{"_joinchat":[]},"pwb-brand":[3571],"product_cat":[27,3668],"product_tag":[],"class_list":{"0":"post-247403","1":"product","2":"type-product","3":"status-publish","4":"has-post-thumbnail","6":"pwb-brand-iflight","7":"product_cat-drones-fpv","8":"product_cat-rtf-montados","10":"first","11":"instock","12":"taxable","13":"shipping-taxable","14":"purchasable","15":"product-type-variable"},"barcode":null,"atum_controlled":true,"out_stock_date":null,"out_stock_threshold":null,"inheritable":true,"stock_on_hold":0,"sold_today":0,"sales_last_days":1,"out_stock_days":null,"lost_sales":0,"update_date":"2026-04-18T09:21:43","atum_locations":[],"atum_stock_status":"instock","restock_status":false,"low_stock_amount":"","sales_update_date":"2026-04-18T09:21:43","calc_backorders":null,"yoast_head":"<!-- This site is optimized with the Yoast SEO plugin v27.3 - https:\/\/yoast.com\/product\/yoast-seo-wordpress\/ -->\n<title>Nazgul DC5 ECO 6S O3 HD - Iha Race<\/title>\n<meta name=\"robots\" content=\"index, follow, max-snippet:-1, max-image-preview:large, max-video-preview:-1\" \/>\n<link rel=\"canonical\" href=\"https:\/\/iha-race.com\/pt-pt\/produto\/nazgul-dc5-eco-6s-o3-hd-gps\/\" \/>\n<meta property=\"og:locale\" content=\"pt_PT\" \/>\n<meta property=\"og:type\" content=\"article\" \/>\n<meta property=\"og:title\" content=\"Nazgul DC5 ECO 6S O3 HD - Iha Race\" \/>\n<meta property=\"og:description\" content=\"ENVIO NO PRAZO DE 7 A 10 DIAS AP\u00d3S A COMPRAO MODELO ELRS 2.4 GHZ EST\u00c1 EM STOCK 24 HORAS DISPON\u00cdVEL\" \/>\n<meta property=\"og:url\" content=\"https:\/\/iha-race.com\/pt-pt\/produto\/nazgul-dc5-eco-6s-o3-hd-gps\/\" \/>\n<meta property=\"og:site_name\" content=\"Iha Race\" \/>\n<meta property=\"article:modified_time\" content=\"2025-07-06T09:45:09+00:00\" \/>\n<meta property=\"og:image\" content=\"https:\/\/iha-race.com\/wp-content\/uploads\/2024\/06\/Nazgul-DC5-ECO-6S-O3-HD-GPS.png\" \/>\n\t<meta property=\"og:image:width\" content=\"1000\" \/>\n\t<meta property=\"og:image:height\" content=\"1000\" \/>\n\t<meta property=\"og:image:type\" content=\"image\/png\" \/>\n<meta name=\"twitter:card\" content=\"summary_large_image\" \/>\n<meta name=\"twitter:label1\" content=\"Tempo estimado de leitura\" \/>\n\t<meta name=\"twitter:data1\" content=\"4 minutos\" \/>\n<script type=\"application\/ld+json\" class=\"yoast-schema-graph\">{\"@context\":\"https:\\\/\\\/schema.org\",\"@graph\":[{\"@type\":\"WebPage\",\"@id\":\"https:\\\/\\\/iha-race.com\\\/pt-pt\\\/produto\\\/nazgul-dc5-eco-6s-o3-hd-gps\\\/\",\"url\":\"https:\\\/\\\/iha-race.com\\\/pt-pt\\\/produto\\\/nazgul-dc5-eco-6s-o3-hd-gps\\\/\",\"name\":\"Nazgul DC5 ECO 6S O3 HD - Iha Race\",\"isPartOf\":{\"@id\":\"https:\\\/\\\/iha-race.com\\\/pt-pt\\\/#website\"},\"primaryImageOfPage\":{\"@id\":\"https:\\\/\\\/iha-race.com\\\/pt-pt\\\/produto\\\/nazgul-dc5-eco-6s-o3-hd-gps\\\/#primaryimage\"},\"image\":{\"@id\":\"https:\\\/\\\/iha-race.com\\\/pt-pt\\\/produto\\\/nazgul-dc5-eco-6s-o3-hd-gps\\\/#primaryimage\"},\"thumbnailUrl\":\"https:\\\/\\\/iha-race.com\\\/wp-content\\\/uploads\\\/2024\\\/06\\\/Nazgul-DC5-ECO-O4-6S-HD.png\",\"datePublished\":\"2024-06-30T10:45:36+00:00\",\"dateModified\":\"2025-07-06T09:45:09+00:00\",\"breadcrumb\":{\"@id\":\"https:\\\/\\\/iha-race.com\\\/pt-pt\\\/produto\\\/nazgul-dc5-eco-6s-o3-hd-gps\\\/#breadcrumb\"},\"inLanguage\":\"pt-PT\",\"potentialAction\":[{\"@type\":\"ReadAction\",\"target\":[\"https:\\\/\\\/iha-race.com\\\/pt-pt\\\/produto\\\/nazgul-dc5-eco-6s-o3-hd-gps\\\/\"]}]},{\"@type\":\"ImageObject\",\"inLanguage\":\"pt-PT\",\"@id\":\"https:\\\/\\\/iha-race.com\\\/pt-pt\\\/produto\\\/nazgul-dc5-eco-6s-o3-hd-gps\\\/#primaryimage\",\"url\":\"https:\\\/\\\/iha-race.com\\\/wp-content\\\/uploads\\\/2024\\\/06\\\/Nazgul-DC5-ECO-O4-6S-HD.png\",\"contentUrl\":\"https:\\\/\\\/iha-race.com\\\/wp-content\\\/uploads\\\/2024\\\/06\\\/Nazgul-DC5-ECO-O4-6S-HD.png\",\"width\":1000,\"height\":1000,\"caption\":\"Comprar Nazgul DC5 ECO O4 6S HD\"},{\"@type\":\"BreadcrumbList\",\"@id\":\"https:\\\/\\\/iha-race.com\\\/pt-pt\\\/produto\\\/nazgul-dc5-eco-6s-o3-hd-gps\\\/#breadcrumb\",\"itemListElement\":[{\"@type\":\"ListItem\",\"position\":1,\"name\":\"Portada\",\"item\":\"https:\\\/\\\/iha-race.com\\\/pt-pt\\\/elementor-499\\\/\"},{\"@type\":\"ListItem\",\"position\":2,\"name\":\"Shop\",\"item\":\"https:\\\/\\\/iha-race.com\\\/pt-pt\\\/shop\\\/\"},{\"@type\":\"ListItem\",\"position\":3,\"name\":\"Nazgul DC5 ECO 6S O3 HD\"}]},{\"@type\":\"WebSite\",\"@id\":\"https:\\\/\\\/iha-race.com\\\/pt-pt\\\/#website\",\"url\":\"https:\\\/\\\/iha-race.com\\\/pt-pt\\\/\",\"name\":\"Iha Race\",\"description\":\"Comprar drones de carreras FPV env\u00edos en un d\u00eda desde Espa\u00f1a\",\"publisher\":{\"@id\":\"https:\\\/\\\/iha-race.com\\\/pt-pt\\\/#organization\"},\"potentialAction\":[{\"@type\":\"SearchAction\",\"target\":{\"@type\":\"EntryPoint\",\"urlTemplate\":\"https:\\\/\\\/iha-race.com\\\/pt-pt\\\/?s={search_term_string}\"},\"query-input\":{\"@type\":\"PropertyValueSpecification\",\"valueRequired\":true,\"valueName\":\"search_term_string\"}}],\"inLanguage\":\"pt-PT\"},{\"@type\":\"Organization\",\"@id\":\"https:\\\/\\\/iha-race.com\\\/pt-pt\\\/#organization\",\"name\":\"Iha Race\",\"url\":\"https:\\\/\\\/iha-race.com\\\/pt-pt\\\/\",\"logo\":{\"@type\":\"ImageObject\",\"inLanguage\":\"pt-PT\",\"@id\":\"https:\\\/\\\/iha-race.com\\\/pt-pt\\\/#\\\/schema\\\/logo\\\/image\\\/\",\"url\":\"https:\\\/\\\/iha-race.com\\\/wp-content\\\/uploads\\\/2018\\\/07\\\/iha-race-drones-de-carreras-tienda-comprar-drones.png\",\"contentUrl\":\"https:\\\/\\\/iha-race.com\\\/wp-content\\\/uploads\\\/2018\\\/07\\\/iha-race-drones-de-carreras-tienda-comprar-drones.png\",\"width\":300,\"height\":100,\"caption\":\"Iha Race\"},\"image\":{\"@id\":\"https:\\\/\\\/iha-race.com\\\/pt-pt\\\/#\\\/schema\\\/logo\\\/image\\\/\"}}]}<\/script>\n<!-- \/ Yoast SEO plugin. -->","yoast_head_json":{"title":"Nazgul DC5 ECO 6S O3 HD - Iha Race","robots":{"index":"index","follow":"follow","max-snippet":"max-snippet:-1","max-image-preview":"max-image-preview:large","max-video-preview":"max-video-preview:-1"},"canonical":"https:\/\/iha-race.com\/pt-pt\/produto\/nazgul-dc5-eco-6s-o3-hd-gps\/","og_locale":"pt_PT","og_type":"article","og_title":"Nazgul DC5 ECO 6S O3 HD - Iha Race","og_description":"ENVIO NO PRAZO DE 7 A 10 DIAS AP\u00d3S A COMPRAO MODELO ELRS 2.4 GHZ EST\u00c1 EM STOCK 24 HORAS DISPON\u00cdVEL","og_url":"https:\/\/iha-race.com\/pt-pt\/produto\/nazgul-dc5-eco-6s-o3-hd-gps\/","og_site_name":"Iha Race","article_modified_time":"2025-07-06T09:45:09+00:00","og_image":[{"width":1000,"height":1000,"url":"https:\/\/iha-race.com\/wp-content\/uploads\/2024\/06\/Nazgul-DC5-ECO-6S-O3-HD-GPS.png","type":"image\/png"}],"twitter_card":"summary_large_image","twitter_misc":{"Tempo estimado de leitura":"4 minutos"},"schema":{"@context":"https:\/\/schema.org","@graph":[{"@type":"WebPage","@id":"https:\/\/iha-race.com\/pt-pt\/produto\/nazgul-dc5-eco-6s-o3-hd-gps\/","url":"https:\/\/iha-race.com\/pt-pt\/produto\/nazgul-dc5-eco-6s-o3-hd-gps\/","name":"Nazgul DC5 ECO 6S O3 HD - Iha Race","isPartOf":{"@id":"https:\/\/iha-race.com\/pt-pt\/#website"},"primaryImageOfPage":{"@id":"https:\/\/iha-race.com\/pt-pt\/produto\/nazgul-dc5-eco-6s-o3-hd-gps\/#primaryimage"},"image":{"@id":"https:\/\/iha-race.com\/pt-pt\/produto\/nazgul-dc5-eco-6s-o3-hd-gps\/#primaryimage"},"thumbnailUrl":"https:\/\/iha-race.com\/wp-content\/uploads\/2024\/06\/Nazgul-DC5-ECO-O4-6S-HD.png","datePublished":"2024-06-30T10:45:36+00:00","dateModified":"2025-07-06T09:45:09+00:00","breadcrumb":{"@id":"https:\/\/iha-race.com\/pt-pt\/produto\/nazgul-dc5-eco-6s-o3-hd-gps\/#breadcrumb"},"inLanguage":"pt-PT","potentialAction":[{"@type":"ReadAction","target":["https:\/\/iha-race.com\/pt-pt\/produto\/nazgul-dc5-eco-6s-o3-hd-gps\/"]}]},{"@type":"ImageObject","inLanguage":"pt-PT","@id":"https:\/\/iha-race.com\/pt-pt\/produto\/nazgul-dc5-eco-6s-o3-hd-gps\/#primaryimage","url":"https:\/\/iha-race.com\/wp-content\/uploads\/2024\/06\/Nazgul-DC5-ECO-O4-6S-HD.png","contentUrl":"https:\/\/iha-race.com\/wp-content\/uploads\/2024\/06\/Nazgul-DC5-ECO-O4-6S-HD.png","width":1000,"height":1000,"caption":"Comprar Nazgul DC5 ECO O4 6S HD"},{"@type":"BreadcrumbList","@id":"https:\/\/iha-race.com\/pt-pt\/produto\/nazgul-dc5-eco-6s-o3-hd-gps\/#breadcrumb","itemListElement":[{"@type":"ListItem","position":1,"name":"Portada","item":"https:\/\/iha-race.com\/pt-pt\/elementor-499\/"},{"@type":"ListItem","position":2,"name":"Shop","item":"https:\/\/iha-race.com\/pt-pt\/shop\/"},{"@type":"ListItem","position":3,"name":"Nazgul DC5 ECO 6S O3 HD"}]},{"@type":"WebSite","@id":"https:\/\/iha-race.com\/pt-pt\/#website","url":"https:\/\/iha-race.com\/pt-pt\/","name":"Iha Race","description":"Comprar drones de carreras FPV env\u00edos en un d\u00eda desde Espa\u00f1a","publisher":{"@id":"https:\/\/iha-race.com\/pt-pt\/#organization"},"potentialAction":[{"@type":"SearchAction","target":{"@type":"EntryPoint","urlTemplate":"https:\/\/iha-race.com\/pt-pt\/?s={search_term_string}"},"query-input":{"@type":"PropertyValueSpecification","valueRequired":true,"valueName":"search_term_string"}}],"inLanguage":"pt-PT"},{"@type":"Organization","@id":"https:\/\/iha-race.com\/pt-pt\/#organization","name":"Iha Race","url":"https:\/\/iha-race.com\/pt-pt\/","logo":{"@type":"ImageObject","inLanguage":"pt-PT","@id":"https:\/\/iha-race.com\/pt-pt\/#\/schema\/logo\/image\/","url":"https:\/\/iha-race.com\/wp-content\/uploads\/2018\/07\/iha-race-drones-de-carreras-tienda-comprar-drones.png","contentUrl":"https:\/\/iha-race.com\/wp-content\/uploads\/2018\/07\/iha-race-drones-de-carreras-tienda-comprar-drones.png","width":300,"height":100,"caption":"Iha Race"},"image":{"@id":"https:\/\/iha-race.com\/pt-pt\/#\/schema\/logo\/image\/"}}]}},"jetpack_sharing_enabled":true,"brands":[{"id":3571,"name":"iFlight","slug":"iflight"}],"_links":{"self":[{"href":"https:\/\/iha-race.com\/pt-pt\/wp-json\/wp\/v2\/product\/247403","targetHints":{"allow":["GET"]}}],"collection":[{"href":"https:\/\/iha-race.com\/pt-pt\/wp-json\/wp\/v2\/product"}],"about":[{"href":"https:\/\/iha-race.com\/pt-pt\/wp-json\/wp\/v2\/types\/product"}],"replies":[{"embeddable":true,"href":"https:\/\/iha-race.com\/pt-pt\/wp-json\/wp\/v2\/comments?post=247403"}],"version-history":[{"count":4,"href":"https:\/\/iha-race.com\/pt-pt\/wp-json\/wp\/v2\/product\/247403\/revisions"}],"predecessor-version":[{"id":251345,"href":"https:\/\/iha-race.com\/pt-pt\/wp-json\/wp\/v2\/product\/247403\/revisions\/251345"}],"wp:featuredmedia":[{"embeddable":true,"href":"https:\/\/iha-race.com\/pt-pt\/wp-json\/wp\/v2\/media\/254147"}],"wp:attachment":[{"href":"https:\/\/iha-race.com\/pt-pt\/wp-json\/wp\/v2\/media?parent=247403"}],"wp:term":[{"taxonomy":"pwb-brand","embeddable":true,"href":"https:\/\/iha-race.com\/pt-pt\/wp-json\/wp\/v2\/pwb-brand?post=247403"},{"taxonomy":"product_cat","embeddable":true,"href":"https:\/\/iha-race.com\/pt-pt\/wp-json\/wp\/v2\/product_cat?post=247403"},{"taxonomy":"product_tag","embeddable":true,"href":"https:\/\/iha-race.com\/pt-pt\/wp-json\/wp\/v2\/product_tag?post=247403"}],"curies":[{"name":"wp","href":"https:\/\/api.w.org\/{rel}","templated":true}]}}