{"id":247321,"date":"2024-06-27T10:22:04","date_gmt":"2024-06-27T08:22:04","guid":{"rendered":"https:\/\/iha-race.com\/producto\/recetor-iflight-expresslrs-elrs-500mw\/"},"modified":"2025-04-08T13:19:57","modified_gmt":"2025-04-08T11:19:57","slug":"recetor-iflight-expresslrs-elrs-500mw","status":"publish","type":"product","link":"https:\/\/iha-race.com\/pt-pt\/produto\/recetor-iflight-expresslrs-elrs-500mw\/","title":{"rendered":"Recetor iFlight ExpressLRS ELRS 500mW"},"content":{"rendered":"<h2>Recetor iFlight ExpressLRS ELRS 500mW<\/h2>\n<p>&nbsp;<\/p>\n<div class=\"temp-specs-tr\">\n<h3 class=\"temp-specs-td name\">Descri\u00e7\u00e3o<\/h3>\n<div class=\"temp-specs-td value\">\n<p>J\u00e1 est\u00e1 dispon\u00edvel uma nova vers\u00e3o do recetor iFlight ELRS. Incorpora um oscilador de cristal com compensa\u00e7\u00e3o de temperatura para evitar altera\u00e7\u00f5es de frequ\u00eancia causadas por varia\u00e7\u00f5es de temperatura, com uma pot\u00eancia de telemetria que atinge os 500 mW. Satisfaz mais do que os requisitos de fiabilidade para voos de longo curso, fotografia a\u00e9rea ou manobras FPV de estilo livre.<\/p>\n<\/div>\n<\/div>\n<div class=\"temp-specs-tr\">\n<h3 class=\"temp-specs-td name\">Caracter\u00edsticas<\/h3>\n<div class=\"temp-specs-td value\">\n<p>Componentes electr\u00f3nicos de uma s\u00f3 face, poupando espa\u00e7o de montagem Placa de dissipador de calor em alum\u00ednio para proteger os componentes electr\u00f3nicos e melhorar a capacidade anti-interfer\u00eancia. Oscilador de cristal com compensa\u00e7\u00e3o de temperatura recentemente atualizado, menor perda de pacotes, estabilidade de alta frequ\u00eancia Conector SH1.<\/p>\n<p>0 pr\u00e9-soldado (Plug&amp;Play para uma instala\u00e7\u00e3o f\u00e1cil com o iFlight FC) Pot\u00eancia de telemetria at\u00e9 500 mW, que gera sinais de telemetria mais fortes e reduz significativamente os casos de perda de telemetria.<\/p>\n<\/div>\n<\/div>\n<div class=\"temp-specs-tr\">\n<div class=\"temp-specs-td name\">Desempenho e compatibilidade<\/div>\n<div class=\"temp-specs-td value\">\n<p>Certifica-te de que instalas a antena longe de componentes condutores ou magn\u00e9ticos (carbono, metal, motores).<\/p>\n<p>Actualiza para o firmware mais recente e segue a Comunidade ELRS para obter actualiza\u00e7\u00f5es, tutoriais ou contribui\u00e7\u00f5es.<\/p>\n<p>Utiliza os receptores iFlight ELRS emparelhados com o nosso transmissor para obteres o m\u00e1ximo desempenho. Conseguimos provavelmente a melhor estabilidade de frequ\u00eancia de cristal do mercado com um desvio de frequ\u00eancia muito baixo. Consulta este artigo para mais informa\u00e7\u00f5es <a href=\"https:\/\/github.com\/ExpressLRS\/ExpressLRS\/wiki\/Crystal-Oscillator-(XO)-Frequency-Error\">https:\/\/github.com\/ExpressLRS\/ExpressLRS\/wiki\/Crystal-Oscillator-(XO)-Frequency-Error<\/a><\/p>\n<\/div>\n<\/div>\n<div class=\"temp-specs-tr\">\n<h3 class=\"temp-specs-td name\">Op\u00e7\u00e3o de banda<\/h3>\n<div class=\"temp-specs-td value\">\n<p>Tanto a banda de 900 MHz como a de 2400 MHz t\u00eam um desempenho excecional e capacidades de longo alcance. Se n\u00e3o tiveres a certeza do que comprar, consulta a Competi\u00e7\u00e3o de Longo Alcance ELRS oficial para veres o que foi alcan\u00e7ado. https:\/\/www.expresslrs.org\/2.0\/info\/long-range\/<\/p>\n<p data-sider-select-id=\"ab1b8e5c-bf52-48f0-8295-0febd5ca519f\">O que \u00e9 que podes esperar? Devido \u00e0 regulamenta\u00e7\u00e3o local, a regi\u00e3o dos 900 MHz da FCC parece ter um melhor desempenho do que a regi\u00e3o dos 868 MHz da UE. A banda de 2400 MHz funciona muito bem em qualquer regi\u00e3o e tem uma taxa de pacotes mais elevada, at\u00e9 500 Hz. N\u00e3o se trata de um protocolo comum de 2400 MHz e n\u00e3o pode ser comparado com nada anterior no mercado.<\/p>\n<\/div>\n<\/div>\n<div class=\"temp-specs-tr\">\n<h3 class=\"temp-specs-td name\">Especifica\u00e7\u00f5es<\/h3>\n<div class=\"temp-specs-td value\">\n<p>MCU: ESP8285<\/p>\n<p>Tipo de recetor: Antena \u00fanica<\/p>\n<p data-sider-select-id=\"c0bce9d0-7cb3-466b-a1c3-1d757c621156\">Firmware: iFlight 900 MHz 500 mW RX (868 MHz\/900 MHz)<\/p>\n<p data-sider-select-id=\"c0bce9d0-7cb3-466b-a1c3-1d757c621156\">  Recetor iFlight 2,4 GHz 500 mW (2,4 G)<\/p>\n<p data-sider-select-id=\"c0bce9d0-7cb3-466b-a1c3-1d757c621156\"><span class=\"VIpgJd-yAWNEb-VIpgJd-fmcmS-sn54Q\">Script Lua: iF 900 500 mW RX (868 MHz\/900 MHz) \/ iF 2G4 500 mW RX (2,4 G)<\/span><\/p>\n<p data-sider-select-id=\"9ef9c2a7-563a-47df-aa3a-a5f66fc83220\">Bandas de frequ\u00eancia: 868 MHz UE\/900 MHz FCC e 2,4 GHz ISM<\/p>\n<p data-sider-select-id=\"390da907-30f6-4717-ba4b-0aeb8721bcac\">Pot\u00eancia de telemetria: 100-500 mW (20-27 dBm) (868\/900 MHz)<\/p>\n<p>  50-500 mW (17-27 dBm) (2,4 G)<\/p>\n<p>Dimens\u00f5es: 14 x 25 x 4,3 mm<\/p>\n<p>Protocolo: CRSF<\/p>\n<p data-sider-select-id=\"9e079e45-c29b-4033-861d-f4200bcf9713\">LNA: N\/A (868\/900 MHz) \/ SIM (2,4 G)<\/p>\n<p>Peso: 1,8 g<\/p>\n<\/div>\n<\/div>\n<div class=\"temp-specs-tr\">\n<h3 class=\"temp-specs-td name\">Lista de embalagem<\/h3>\n<div class=\"temp-specs-td value\">\n<p>1 x recetor ExpressLRS de 500 mW 1 x antena<\/p>\n<\/div>\n<\/div>\n","protected":false},"excerpt":{"rendered":"<p>Recetor iFlight ExpressLRS ELRS 500mW &nbsp; Descri\u00e7\u00e3o J\u00e1 est\u00e1 dispon\u00edvel uma nova vers\u00e3o do recetor iFlight ELRS. Incorpora um oscilador de cristal com compensa\u00e7\u00e3o de temperatura para evitar altera\u00e7\u00f5es de<\/p>\n","protected":false},"featured_media":247293,"comment_status":"open","ping_status":"closed","template":"","meta":{"_joinchat":[]},"pwb-brand":[],"product_cat":[58,2436],"product_tag":[],"class_list":{"0":"post-247321","1":"product","2":"type-product","3":"status-publish","4":"has-post-thumbnail","6":"product_cat-emisoras","7":"product_cat-receptores-rx","9":"first","10":"instock","11":"taxable","12":"shipping-taxable","13":"purchasable","14":"product-type-variable"},"barcode":null,"atum_controlled":true,"out_stock_date":null,"out_stock_threshold":null,"inheritable":true,"stock_on_hold":0,"sold_today":0,"sales_last_days":1,"out_stock_days":null,"lost_sales":0,"update_date":"2026-04-18T09:21:43","atum_locations":[],"atum_stock_status":"instock","restock_status":false,"low_stock_amount":"","sales_update_date":"2026-04-18T09:21:43","calc_backorders":null,"yoast_head":"<!-- This site is optimized with the Yoast SEO plugin v27.3 - https:\/\/yoast.com\/product\/yoast-seo-wordpress\/ -->\n<title>Recetor iFlight ExpressLRS ELRS 500mW - Iha Race<\/title>\n<meta name=\"robots\" content=\"index, follow, max-snippet:-1, max-image-preview:large, max-video-preview:-1\" \/>\n<link rel=\"canonical\" href=\"https:\/\/iha-race.com\/pt-pt\/produto\/recetor-iflight-expresslrs-elrs-500mw\/\" \/>\n<meta property=\"og:locale\" content=\"pt_PT\" \/>\n<meta property=\"og:type\" content=\"article\" \/>\n<meta property=\"og:title\" content=\"Recetor iFlight ExpressLRS ELRS 500mW - Iha Race\" \/>\n<meta property=\"og:description\" content=\"Recetor iFlight ExpressLRS ELRS 500mW &nbsp; Descri\u00e7\u00e3o J\u00e1 est\u00e1 dispon\u00edvel uma nova vers\u00e3o do recetor iFlight ELRS. Incorpora um oscilador de cristal com compensa\u00e7\u00e3o de temperatura para evitar altera\u00e7\u00f5es de\" \/>\n<meta property=\"og:url\" content=\"https:\/\/iha-race.com\/pt-pt\/produto\/recetor-iflight-expresslrs-elrs-500mw\/\" \/>\n<meta property=\"og:site_name\" content=\"Iha Race\" \/>\n<meta property=\"article:modified_time\" content=\"2025-04-08T11:19:57+00:00\" \/>\n<meta property=\"og:image\" content=\"https:\/\/iha-race.com\/wp-content\/uploads\/2024\/06\/Receptor-iFlight-ExpressLRS-ELRS-500mW-3.png\" \/>\n\t<meta property=\"og:image:width\" content=\"1000\" \/>\n\t<meta property=\"og:image:height\" content=\"1000\" \/>\n\t<meta property=\"og:image:type\" content=\"image\/png\" \/>\n<meta name=\"twitter:card\" content=\"summary_large_image\" \/>\n<meta name=\"twitter:label1\" content=\"Tempo estimado de leitura\" \/>\n\t<meta name=\"twitter:data1\" content=\"2 minutos\" \/>\n<script type=\"application\/ld+json\" class=\"yoast-schema-graph\">{\"@context\":\"https:\\\/\\\/schema.org\",\"@graph\":[{\"@type\":\"WebPage\",\"@id\":\"https:\\\/\\\/iha-race.com\\\/pt-pt\\\/produto\\\/recetor-iflight-expresslrs-elrs-500mw\\\/\",\"url\":\"https:\\\/\\\/iha-race.com\\\/pt-pt\\\/produto\\\/recetor-iflight-expresslrs-elrs-500mw\\\/\",\"name\":\"Recetor iFlight ExpressLRS ELRS 500mW - Iha Race\",\"isPartOf\":{\"@id\":\"https:\\\/\\\/iha-race.com\\\/pt-pt\\\/#website\"},\"primaryImageOfPage\":{\"@id\":\"https:\\\/\\\/iha-race.com\\\/pt-pt\\\/produto\\\/recetor-iflight-expresslrs-elrs-500mw\\\/#primaryimage\"},\"image\":{\"@id\":\"https:\\\/\\\/iha-race.com\\\/pt-pt\\\/produto\\\/recetor-iflight-expresslrs-elrs-500mw\\\/#primaryimage\"},\"thumbnailUrl\":\"https:\\\/\\\/iha-race.com\\\/wp-content\\\/uploads\\\/2024\\\/06\\\/Receptor-iFlight-ExpressLRS-ELRS-500mW-3.png\",\"datePublished\":\"2024-06-27T08:22:04+00:00\",\"dateModified\":\"2025-04-08T11:19:57+00:00\",\"breadcrumb\":{\"@id\":\"https:\\\/\\\/iha-race.com\\\/pt-pt\\\/produto\\\/recetor-iflight-expresslrs-elrs-500mw\\\/#breadcrumb\"},\"inLanguage\":\"pt-PT\",\"potentialAction\":[{\"@type\":\"ReadAction\",\"target\":[\"https:\\\/\\\/iha-race.com\\\/pt-pt\\\/produto\\\/recetor-iflight-expresslrs-elrs-500mw\\\/\"]}]},{\"@type\":\"ImageObject\",\"inLanguage\":\"pt-PT\",\"@id\":\"https:\\\/\\\/iha-race.com\\\/pt-pt\\\/produto\\\/recetor-iflight-expresslrs-elrs-500mw\\\/#primaryimage\",\"url\":\"https:\\\/\\\/iha-race.com\\\/wp-content\\\/uploads\\\/2024\\\/06\\\/Receptor-iFlight-ExpressLRS-ELRS-500mW-3.png\",\"contentUrl\":\"https:\\\/\\\/iha-race.com\\\/wp-content\\\/uploads\\\/2024\\\/06\\\/Receptor-iFlight-ExpressLRS-ELRS-500mW-3.png\",\"width\":1000,\"height\":1000,\"caption\":\"Comprar Receptor iFlight ExpressLRS ELRS 500mW\"},{\"@type\":\"BreadcrumbList\",\"@id\":\"https:\\\/\\\/iha-race.com\\\/pt-pt\\\/produto\\\/recetor-iflight-expresslrs-elrs-500mw\\\/#breadcrumb\",\"itemListElement\":[{\"@type\":\"ListItem\",\"position\":1,\"name\":\"Portada\",\"item\":\"https:\\\/\\\/iha-race.com\\\/pt-pt\\\/elementor-499\\\/\"},{\"@type\":\"ListItem\",\"position\":2,\"name\":\"Shop\",\"item\":\"https:\\\/\\\/iha-race.com\\\/pt-pt\\\/shop\\\/\"},{\"@type\":\"ListItem\",\"position\":3,\"name\":\"Recetor iFlight ExpressLRS ELRS 500mW\"}]},{\"@type\":\"WebSite\",\"@id\":\"https:\\\/\\\/iha-race.com\\\/pt-pt\\\/#website\",\"url\":\"https:\\\/\\\/iha-race.com\\\/pt-pt\\\/\",\"name\":\"Iha Race\",\"description\":\"Comprar drones de carreras FPV env\u00edos en un d\u00eda desde Espa\u00f1a\",\"publisher\":{\"@id\":\"https:\\\/\\\/iha-race.com\\\/pt-pt\\\/#organization\"},\"potentialAction\":[{\"@type\":\"SearchAction\",\"target\":{\"@type\":\"EntryPoint\",\"urlTemplate\":\"https:\\\/\\\/iha-race.com\\\/pt-pt\\\/?s={search_term_string}\"},\"query-input\":{\"@type\":\"PropertyValueSpecification\",\"valueRequired\":true,\"valueName\":\"search_term_string\"}}],\"inLanguage\":\"pt-PT\"},{\"@type\":\"Organization\",\"@id\":\"https:\\\/\\\/iha-race.com\\\/pt-pt\\\/#organization\",\"name\":\"Iha Race\",\"url\":\"https:\\\/\\\/iha-race.com\\\/pt-pt\\\/\",\"logo\":{\"@type\":\"ImageObject\",\"inLanguage\":\"pt-PT\",\"@id\":\"https:\\\/\\\/iha-race.com\\\/pt-pt\\\/#\\\/schema\\\/logo\\\/image\\\/\",\"url\":\"https:\\\/\\\/iha-race.com\\\/wp-content\\\/uploads\\\/2018\\\/07\\\/iha-race-drones-de-carreras-tienda-comprar-drones.png\",\"contentUrl\":\"https:\\\/\\\/iha-race.com\\\/wp-content\\\/uploads\\\/2018\\\/07\\\/iha-race-drones-de-carreras-tienda-comprar-drones.png\",\"width\":300,\"height\":100,\"caption\":\"Iha Race\"},\"image\":{\"@id\":\"https:\\\/\\\/iha-race.com\\\/pt-pt\\\/#\\\/schema\\\/logo\\\/image\\\/\"}}]}<\/script>\n<!-- \/ Yoast SEO plugin. -->","yoast_head_json":{"title":"Recetor iFlight ExpressLRS ELRS 500mW - Iha Race","robots":{"index":"index","follow":"follow","max-snippet":"max-snippet:-1","max-image-preview":"max-image-preview:large","max-video-preview":"max-video-preview:-1"},"canonical":"https:\/\/iha-race.com\/pt-pt\/produto\/recetor-iflight-expresslrs-elrs-500mw\/","og_locale":"pt_PT","og_type":"article","og_title":"Recetor iFlight ExpressLRS ELRS 500mW - Iha Race","og_description":"Recetor iFlight ExpressLRS ELRS 500mW &nbsp; Descri\u00e7\u00e3o J\u00e1 est\u00e1 dispon\u00edvel uma nova vers\u00e3o do recetor iFlight ELRS. Incorpora um oscilador de cristal com compensa\u00e7\u00e3o de temperatura para evitar altera\u00e7\u00f5es de","og_url":"https:\/\/iha-race.com\/pt-pt\/produto\/recetor-iflight-expresslrs-elrs-500mw\/","og_site_name":"Iha Race","article_modified_time":"2025-04-08T11:19:57+00:00","og_image":[{"width":1000,"height":1000,"url":"https:\/\/iha-race.com\/wp-content\/uploads\/2024\/06\/Receptor-iFlight-ExpressLRS-ELRS-500mW-3.png","type":"image\/png"}],"twitter_card":"summary_large_image","twitter_misc":{"Tempo estimado de leitura":"2 minutos"},"schema":{"@context":"https:\/\/schema.org","@graph":[{"@type":"WebPage","@id":"https:\/\/iha-race.com\/pt-pt\/produto\/recetor-iflight-expresslrs-elrs-500mw\/","url":"https:\/\/iha-race.com\/pt-pt\/produto\/recetor-iflight-expresslrs-elrs-500mw\/","name":"Recetor iFlight ExpressLRS ELRS 500mW - Iha Race","isPartOf":{"@id":"https:\/\/iha-race.com\/pt-pt\/#website"},"primaryImageOfPage":{"@id":"https:\/\/iha-race.com\/pt-pt\/produto\/recetor-iflight-expresslrs-elrs-500mw\/#primaryimage"},"image":{"@id":"https:\/\/iha-race.com\/pt-pt\/produto\/recetor-iflight-expresslrs-elrs-500mw\/#primaryimage"},"thumbnailUrl":"https:\/\/iha-race.com\/wp-content\/uploads\/2024\/06\/Receptor-iFlight-ExpressLRS-ELRS-500mW-3.png","datePublished":"2024-06-27T08:22:04+00:00","dateModified":"2025-04-08T11:19:57+00:00","breadcrumb":{"@id":"https:\/\/iha-race.com\/pt-pt\/produto\/recetor-iflight-expresslrs-elrs-500mw\/#breadcrumb"},"inLanguage":"pt-PT","potentialAction":[{"@type":"ReadAction","target":["https:\/\/iha-race.com\/pt-pt\/produto\/recetor-iflight-expresslrs-elrs-500mw\/"]}]},{"@type":"ImageObject","inLanguage":"pt-PT","@id":"https:\/\/iha-race.com\/pt-pt\/produto\/recetor-iflight-expresslrs-elrs-500mw\/#primaryimage","url":"https:\/\/iha-race.com\/wp-content\/uploads\/2024\/06\/Receptor-iFlight-ExpressLRS-ELRS-500mW-3.png","contentUrl":"https:\/\/iha-race.com\/wp-content\/uploads\/2024\/06\/Receptor-iFlight-ExpressLRS-ELRS-500mW-3.png","width":1000,"height":1000,"caption":"Comprar Receptor iFlight ExpressLRS ELRS 500mW"},{"@type":"BreadcrumbList","@id":"https:\/\/iha-race.com\/pt-pt\/produto\/recetor-iflight-expresslrs-elrs-500mw\/#breadcrumb","itemListElement":[{"@type":"ListItem","position":1,"name":"Portada","item":"https:\/\/iha-race.com\/pt-pt\/elementor-499\/"},{"@type":"ListItem","position":2,"name":"Shop","item":"https:\/\/iha-race.com\/pt-pt\/shop\/"},{"@type":"ListItem","position":3,"name":"Recetor iFlight ExpressLRS ELRS 500mW"}]},{"@type":"WebSite","@id":"https:\/\/iha-race.com\/pt-pt\/#website","url":"https:\/\/iha-race.com\/pt-pt\/","name":"Iha Race","description":"Comprar drones de carreras FPV env\u00edos en un d\u00eda desde Espa\u00f1a","publisher":{"@id":"https:\/\/iha-race.com\/pt-pt\/#organization"},"potentialAction":[{"@type":"SearchAction","target":{"@type":"EntryPoint","urlTemplate":"https:\/\/iha-race.com\/pt-pt\/?s={search_term_string}"},"query-input":{"@type":"PropertyValueSpecification","valueRequired":true,"valueName":"search_term_string"}}],"inLanguage":"pt-PT"},{"@type":"Organization","@id":"https:\/\/iha-race.com\/pt-pt\/#organization","name":"Iha Race","url":"https:\/\/iha-race.com\/pt-pt\/","logo":{"@type":"ImageObject","inLanguage":"pt-PT","@id":"https:\/\/iha-race.com\/pt-pt\/#\/schema\/logo\/image\/","url":"https:\/\/iha-race.com\/wp-content\/uploads\/2018\/07\/iha-race-drones-de-carreras-tienda-comprar-drones.png","contentUrl":"https:\/\/iha-race.com\/wp-content\/uploads\/2018\/07\/iha-race-drones-de-carreras-tienda-comprar-drones.png","width":300,"height":100,"caption":"Iha Race"},"image":{"@id":"https:\/\/iha-race.com\/pt-pt\/#\/schema\/logo\/image\/"}}]}},"jetpack_sharing_enabled":true,"brands":[],"_links":{"self":[{"href":"https:\/\/iha-race.com\/pt-pt\/wp-json\/wp\/v2\/product\/247321","targetHints":{"allow":["GET"]}}],"collection":[{"href":"https:\/\/iha-race.com\/pt-pt\/wp-json\/wp\/v2\/product"}],"about":[{"href":"https:\/\/iha-race.com\/pt-pt\/wp-json\/wp\/v2\/types\/product"}],"replies":[{"embeddable":true,"href":"https:\/\/iha-race.com\/pt-pt\/wp-json\/wp\/v2\/comments?post=247321"}],"version-history":[{"count":2,"href":"https:\/\/iha-race.com\/pt-pt\/wp-json\/wp\/v2\/product\/247321\/revisions"}],"predecessor-version":[{"id":252061,"href":"https:\/\/iha-race.com\/pt-pt\/wp-json\/wp\/v2\/product\/247321\/revisions\/252061"}],"wp:featuredmedia":[{"embeddable":true,"href":"https:\/\/iha-race.com\/pt-pt\/wp-json\/wp\/v2\/media\/247293"}],"wp:attachment":[{"href":"https:\/\/iha-race.com\/pt-pt\/wp-json\/wp\/v2\/media?parent=247321"}],"wp:term":[{"taxonomy":"pwb-brand","embeddable":true,"href":"https:\/\/iha-race.com\/pt-pt\/wp-json\/wp\/v2\/pwb-brand?post=247321"},{"taxonomy":"product_cat","embeddable":true,"href":"https:\/\/iha-race.com\/pt-pt\/wp-json\/wp\/v2\/product_cat?post=247321"},{"taxonomy":"product_tag","embeddable":true,"href":"https:\/\/iha-race.com\/pt-pt\/wp-json\/wp\/v2\/product_tag?post=247321"}],"curies":[{"name":"wp","href":"https:\/\/api.w.org\/{rel}","templated":true}]}}