{"id":246549,"date":"2024-05-15T19:05:39","date_gmt":"2024-05-15T17:05:39","guid":{"rendered":"https:\/\/iha-race.com\/producto\/carregador-vifly-toothstor-4-port-2s\/"},"modified":"2026-04-09T23:58:16","modified_gmt":"2026-04-09T21:58:16","slug":"carregador-vifly-toothstor-4-port-2s","status":"publish","type":"product","link":"https:\/\/iha-race.com\/pt-pt\/produto\/carregador-vifly-toothstor-4-port-2s\/","title":{"rendered":"Carregador VIFLY ToothStor 4-Port 2S"},"content":{"rendered":"<h2>Carregador VIFLY ToothStor 4-Port 2S<\/h2>\n<h2><strong><span>Caracter\u00edsticas:<\/span><\/strong><\/h2>\n<ul>\n<li><strong><span>Carregador balanceado 2S de 4 portas com modo de armazenamento<\/span><\/strong><span>  Consegue equilibrar a carga de quatro baterias 2S ao mesmo tempo. E existem 4 canais de carregamento independentes, n\u00e3o \u00e9 necess\u00e1rio garantir que as baterias t\u00eam todas a mesma tens\u00e3o ou o mesmo tamanho. Para al\u00e9m de carregares a bateria at\u00e9 \u00e0 tens\u00e3o total, podes carreg\u00e1-la ou descarreg\u00e1-la at\u00e9 \u00e0 tens\u00e3o de armazenamento para um armazenamento prolongado.  <\/span><span>.<\/span><\/li>\n<\/ul>\n<ul>\n<li><strong><span>Ecr\u00e3 LCD colorido, interface intuitiva <\/span><\/strong><span>O VIFLY ToothStor possui um ecr\u00e3 LCD de alta qualidade, o estado de carregamento \u00e9 claramente apresentado e a interface intuitiva torna a opera\u00e7\u00e3o muito simples.<\/span><\/li>\n<\/ul>\n<ul>\n<li><strong><span>Carregamento apenas atrav\u00e9s do cabo de equil\u00edbrio padr\u00e3o<\/span><\/strong><span> O VIFLY ToothStor carrega as baterias apenas atrav\u00e9s do cabo de equil\u00edbrio padr\u00e3o (JST-XH2.54), eliminando convenientemente a necessidade de ligar o cabo de alimenta\u00e7\u00e3o, como o XT30, T-plugs, etc.<\/span><\/li>\n<\/ul>\n<ul>\n<li><strong><span>Forte capacidade de dissipa\u00e7\u00e3o de calor<\/span><\/strong><span>  A ventoinha e o grande dissipador de calor dissipam eficazmente o calor para evitar o sobreaquecimento da unidade. Isto melhora muito a efici\u00eancia e a velocidade da transfer\u00eancia.<\/span><\/li>\n<\/ul>\n<ul>\n<li><strong><span>Entrada de alimenta\u00e7\u00e3o m\u00faltipla  <\/span><\/strong><span>Suporta o Tipo C, XT60 e entrada de alimenta\u00e7\u00e3o DC. O tipo C suporta o protocolo PD3.0, que exige que a pot\u00eancia de entrada seja superior a 65W.<\/span><\/li>\n<\/ul>\n<ul>\n<li><strong><span>Fun\u00e7\u00e3o de mem\u00f3ria <\/span><\/strong><span>O VIFLY ToothStor tem a fun\u00e7\u00e3o de mem\u00f3ria para recordar a \u00faltima defini\u00e7\u00e3o, n\u00e3o sendo necess\u00e1rio definir a corrente de carga sempre que o ligar.<\/span><\/li>\n<\/ul>\n<ul>\n<li><strong><span>Indica\u00e7\u00e3o do sinal sonoro: <\/span><\/strong><span>O VIFLY ToothStor adicionou o sinal sonoro para soar quando um c\u00edrculo de carregamento termina, se n\u00e3o gostar do sinal sonoro, pode desligar o sinal sonoro manualmente.<\/span><\/li>\n<\/ul>\n<h2><strong><span>Especifica\u00e7\u00f5es:<\/span><\/strong><\/h2>\n<div class=\"rte__table-wrapper\">\n<table style=\"width: 715px; height: 486px;\">\n<tbody>\n<tr style=\"height: 55px;\">\n<td style=\"width: 190.525px; height: 55px;\"><span>Dimens\u00f5es<\/span><\/td>\n<td style=\"width: 312.875px; height: 55px;\"><span>109*56*30mm<\/span><\/td>\n<\/tr>\n<tr style=\"height: 19px;\">\n<td style=\"width: 190.525px; height: 19px;\"><span>Peso<\/span><\/td>\n<td style=\"width: 312.875px; height: 19px;\"><span>142g<\/span><\/td>\n<\/tr>\n<tr style=\"height: 5px;\">\n<td style=\"width: 190.525px; height: 5px;\"><span>Conector de entrada<\/span><\/td>\n<td style=\"width: 312.875px; height: 5px;\"><span>XT60, DC (5,5*2,1 mm), USB-C (PD3.0)<\/span><\/td>\n<\/tr>\n<tr style=\"height: 19px;\">\n<td style=\"width: 190.525px; height: 19px;\"><span>Gama de tens\u00e3o de entrada<\/span><\/td>\n<td style=\"width: 312.875px; height: 19px;\"><span>10V-26V <\/span><\/td>\n<\/tr>\n<tr style=\"height: 19px;\">\n<td style=\"width: 190.525px; height: 19px;\"><span>Pot\u00eancia m\u00ednima de entrada<\/span><\/td>\n<td style=\"width: 312.875px; height: 19px;\"><span>65W<\/span><\/td>\n<\/tr>\n<tr style=\"height: 19px;\">\n<td style=\"width: 190.525px; height: 19px;\"><span>Corrente de carga m\u00e1xima<\/span><\/td>\n<td style=\"width: 312.875px; height: 19px;\"><span>1,5 A\/porta<\/span><\/td>\n<\/tr>\n<tr style=\"height: 19px;\">\n<td style=\"width: 190.525px; height: 19px;\"><span>Conector de bateria compat\u00edvel<\/span><\/td>\n<td style=\"width: 312.875px; height: 19px;\"><span>XH2.54 de 3 pinos e BT3.0<\/span><\/td>\n<\/tr>\n<tr style=\"height: 19px;\">\n<td style=\"width: 190.525px; height: 19px;\"><span>Tipo de bateria<\/span><\/td>\n<td style=\"width: 312.875px; height: 19px;\"><span>LiHV\/LiPo<\/span><\/td>\n<\/tr>\n<tr style=\"height: 7.35001px;\">\n<td style=\"width: 190.525px; height: 7px;\"><span>tens\u00e3o de armazenamento<\/span><\/td>\n<td style=\"width: 312.875px; height: 7px;\"><span>3,80 V\/c\u00e9lula e 3,85 V\/c\u00e9lula<\/span><\/td>\n<\/tr>\n<tr style=\"height: 2px;\">\n<td style=\"width: 190.525px; height: 2px;\"><span>Corrente m\u00e1xima de descarga<\/span><\/td>\n<td style=\"width: 312.875px; height: 2px;\"><span>0,2 A\/porta<\/span><\/td>\n<\/tr>\n<tr style=\"height: 10px;\">\n<td style=\"width: 190.525px; height: 10px;\"><span>Balan\u00e7o atual<\/span><\/td>\n<td style=\"width: 312.875px; height: 10px;\"><span>0.2A<\/span><\/td>\n<\/tr>\n<\/tbody>\n<\/table>\n<\/div>\n<div class=\"product__section-details__inner product__section-details__inner--product_description\">\n<div class=\"product__section--desc rte\">\n<div class=\"rte\">\n<p>&nbsp;<\/p>\n<\/div>\n<\/div>\n<\/div>\n","protected":false},"excerpt":{"rendered":"<p>Carregador VIFLY ToothStor 4-Port 2S Caracter\u00edsticas: Carregador balanceado 2S de 4 portas com modo de armazenamento Consegue equilibrar a carga de quatro baterias 2S ao mesmo tempo. E existem 4<\/p>\n","protected":false},"featured_media":246545,"comment_status":"open","ping_status":"closed","template":"","meta":{"_joinchat":[]},"pwb-brand":[],"product_cat":[1068],"product_tag":[],"class_list":{"0":"post-246549","1":"product","2":"type-product","3":"status-publish","4":"has-post-thumbnail","6":"product_cat-carregadores","8":"first","9":"instock","10":"taxable","11":"shipping-taxable","12":"purchasable","13":"product-type-simple"},"barcode":null,"atum_controlled":true,"out_stock_date":null,"out_stock_threshold":null,"inheritable":false,"stock_on_hold":0,"sold_today":0,"sales_last_days":1,"out_stock_days":0,"lost_sales":0,"update_date":"2026-05-06T13:42:00","atum_locations":[],"atum_stock_status":"instock","restock_status":true,"low_stock_amount":"","sales_update_date":"2026-05-06T13:42:00","calc_backorders":null,"yoast_head":"<!-- This site is optimized with the Yoast SEO plugin v27.3 - https:\/\/yoast.com\/product\/yoast-seo-wordpress\/ -->\n<title>Carregador VIFLY ToothStor 4-Port 2S - Iha Race<\/title>\n<meta name=\"robots\" content=\"index, follow, max-snippet:-1, max-image-preview:large, max-video-preview:-1\" \/>\n<link rel=\"canonical\" href=\"https:\/\/iha-race.com\/pt-pt\/produto\/carregador-vifly-toothstor-4-port-2s\/\" \/>\n<meta property=\"og:locale\" content=\"pt_PT\" \/>\n<meta property=\"og:type\" content=\"article\" \/>\n<meta property=\"og:title\" content=\"Carregador VIFLY ToothStor 4-Port 2S - Iha Race\" \/>\n<meta property=\"og:description\" content=\"Carregador VIFLY ToothStor 4-Port 2S Caracter\u00edsticas: Carregador balanceado 2S de 4 portas com modo de armazenamento Consegue equilibrar a carga de quatro baterias 2S ao mesmo tempo. E existem 4\" \/>\n<meta property=\"og:url\" content=\"https:\/\/iha-race.com\/pt-pt\/produto\/carregador-vifly-toothstor-4-port-2s\/\" \/>\n<meta property=\"og:site_name\" content=\"Iha Race\" \/>\n<meta property=\"article:modified_time\" content=\"2026-04-09T21:58:16+00:00\" \/>\n<meta property=\"og:image\" content=\"https:\/\/iha-race.com\/wp-content\/uploads\/2024\/05\/VIFLY-ToothStor-Cargador-de-equilibrio-2S-de-4-puertos-con-modo-de-almacenamiento-1.webp\" \/>\n\t<meta property=\"og:image:width\" content=\"1200\" \/>\n\t<meta property=\"og:image:height\" content=\"1200\" \/>\n\t<meta property=\"og:image:type\" content=\"image\/webp\" \/>\n<meta name=\"twitter:card\" content=\"summary_large_image\" \/>\n<meta name=\"twitter:label1\" content=\"Tempo estimado de leitura\" \/>\n\t<meta name=\"twitter:data1\" content=\"2 minutos\" \/>\n<script type=\"application\/ld+json\" class=\"yoast-schema-graph\">{\"@context\":\"https:\\\/\\\/schema.org\",\"@graph\":[{\"@type\":\"WebPage\",\"@id\":\"https:\\\/\\\/iha-race.com\\\/pt-pt\\\/produto\\\/carregador-vifly-toothstor-4-port-2s\\\/\",\"url\":\"https:\\\/\\\/iha-race.com\\\/pt-pt\\\/produto\\\/carregador-vifly-toothstor-4-port-2s\\\/\",\"name\":\"Carregador VIFLY ToothStor 4-Port 2S - Iha Race\",\"isPartOf\":{\"@id\":\"https:\\\/\\\/iha-race.com\\\/pt-pt\\\/#website\"},\"primaryImageOfPage\":{\"@id\":\"https:\\\/\\\/iha-race.com\\\/pt-pt\\\/produto\\\/carregador-vifly-toothstor-4-port-2s\\\/#primaryimage\"},\"image\":{\"@id\":\"https:\\\/\\\/iha-race.com\\\/pt-pt\\\/produto\\\/carregador-vifly-toothstor-4-port-2s\\\/#primaryimage\"},\"thumbnailUrl\":\"https:\\\/\\\/iha-race.com\\\/wp-content\\\/uploads\\\/2024\\\/05\\\/VIFLY-ToothStor-Cargador-de-equilibrio-2S-de-4-puertos-con-modo-de-almacenamiento-1.webp\",\"datePublished\":\"2024-05-15T17:05:39+00:00\",\"dateModified\":\"2026-04-09T21:58:16+00:00\",\"breadcrumb\":{\"@id\":\"https:\\\/\\\/iha-race.com\\\/pt-pt\\\/produto\\\/carregador-vifly-toothstor-4-port-2s\\\/#breadcrumb\"},\"inLanguage\":\"pt-PT\",\"potentialAction\":[{\"@type\":\"ReadAction\",\"target\":[\"https:\\\/\\\/iha-race.com\\\/pt-pt\\\/produto\\\/carregador-vifly-toothstor-4-port-2s\\\/\"]}]},{\"@type\":\"ImageObject\",\"inLanguage\":\"pt-PT\",\"@id\":\"https:\\\/\\\/iha-race.com\\\/pt-pt\\\/produto\\\/carregador-vifly-toothstor-4-port-2s\\\/#primaryimage\",\"url\":\"https:\\\/\\\/iha-race.com\\\/wp-content\\\/uploads\\\/2024\\\/05\\\/VIFLY-ToothStor-Cargador-de-equilibrio-2S-de-4-puertos-con-modo-de-almacenamiento-1.webp\",\"contentUrl\":\"https:\\\/\\\/iha-race.com\\\/wp-content\\\/uploads\\\/2024\\\/05\\\/VIFLY-ToothStor-Cargador-de-equilibrio-2S-de-4-puertos-con-modo-de-almacenamiento-1.webp\",\"width\":1200,\"height\":1200},{\"@type\":\"BreadcrumbList\",\"@id\":\"https:\\\/\\\/iha-race.com\\\/pt-pt\\\/produto\\\/carregador-vifly-toothstor-4-port-2s\\\/#breadcrumb\",\"itemListElement\":[{\"@type\":\"ListItem\",\"position\":1,\"name\":\"Portada\",\"item\":\"https:\\\/\\\/iha-race.com\\\/pt-pt\\\/\"},{\"@type\":\"ListItem\",\"position\":2,\"name\":\"Shop\",\"item\":\"https:\\\/\\\/iha-race.com\\\/pt-pt\\\/shop\\\/\"},{\"@type\":\"ListItem\",\"position\":3,\"name\":\"Carregador VIFLY ToothStor 4-Port 2S\"}]},{\"@type\":\"WebSite\",\"@id\":\"https:\\\/\\\/iha-race.com\\\/pt-pt\\\/#website\",\"url\":\"https:\\\/\\\/iha-race.com\\\/pt-pt\\\/\",\"name\":\"Iha Race\",\"description\":\"Comprar drones de carreras FPV env\u00edos en un d\u00eda desde Espa\u00f1a\",\"publisher\":{\"@id\":\"https:\\\/\\\/iha-race.com\\\/pt-pt\\\/#organization\"},\"potentialAction\":[{\"@type\":\"SearchAction\",\"target\":{\"@type\":\"EntryPoint\",\"urlTemplate\":\"https:\\\/\\\/iha-race.com\\\/pt-pt\\\/?s={search_term_string}\"},\"query-input\":{\"@type\":\"PropertyValueSpecification\",\"valueRequired\":true,\"valueName\":\"search_term_string\"}}],\"inLanguage\":\"pt-PT\"},{\"@type\":\"Organization\",\"@id\":\"https:\\\/\\\/iha-race.com\\\/pt-pt\\\/#organization\",\"name\":\"Iha Race\",\"url\":\"https:\\\/\\\/iha-race.com\\\/pt-pt\\\/\",\"logo\":{\"@type\":\"ImageObject\",\"inLanguage\":\"pt-PT\",\"@id\":\"https:\\\/\\\/iha-race.com\\\/pt-pt\\\/#\\\/schema\\\/logo\\\/image\\\/\",\"url\":\"https:\\\/\\\/iha-race.com\\\/wp-content\\\/uploads\\\/2018\\\/07\\\/iha-race-drones-de-carreras-tienda-comprar-drones.png\",\"contentUrl\":\"https:\\\/\\\/iha-race.com\\\/wp-content\\\/uploads\\\/2018\\\/07\\\/iha-race-drones-de-carreras-tienda-comprar-drones.png\",\"width\":300,\"height\":100,\"caption\":\"Iha Race\"},\"image\":{\"@id\":\"https:\\\/\\\/iha-race.com\\\/pt-pt\\\/#\\\/schema\\\/logo\\\/image\\\/\"}}]}<\/script>\n<!-- \/ Yoast SEO plugin. -->","yoast_head_json":{"title":"Carregador VIFLY ToothStor 4-Port 2S - Iha Race","robots":{"index":"index","follow":"follow","max-snippet":"max-snippet:-1","max-image-preview":"max-image-preview:large","max-video-preview":"max-video-preview:-1"},"canonical":"https:\/\/iha-race.com\/pt-pt\/produto\/carregador-vifly-toothstor-4-port-2s\/","og_locale":"pt_PT","og_type":"article","og_title":"Carregador VIFLY ToothStor 4-Port 2S - Iha Race","og_description":"Carregador VIFLY ToothStor 4-Port 2S Caracter\u00edsticas: Carregador balanceado 2S de 4 portas com modo de armazenamento Consegue equilibrar a carga de quatro baterias 2S ao mesmo tempo. E existem 4","og_url":"https:\/\/iha-race.com\/pt-pt\/produto\/carregador-vifly-toothstor-4-port-2s\/","og_site_name":"Iha Race","article_modified_time":"2026-04-09T21:58:16+00:00","og_image":[{"width":1200,"height":1200,"url":"https:\/\/iha-race.com\/wp-content\/uploads\/2024\/05\/VIFLY-ToothStor-Cargador-de-equilibrio-2S-de-4-puertos-con-modo-de-almacenamiento-1.webp","type":"image\/webp"}],"twitter_card":"summary_large_image","twitter_misc":{"Tempo estimado de leitura":"2 minutos"},"schema":{"@context":"https:\/\/schema.org","@graph":[{"@type":"WebPage","@id":"https:\/\/iha-race.com\/pt-pt\/produto\/carregador-vifly-toothstor-4-port-2s\/","url":"https:\/\/iha-race.com\/pt-pt\/produto\/carregador-vifly-toothstor-4-port-2s\/","name":"Carregador VIFLY ToothStor 4-Port 2S - Iha Race","isPartOf":{"@id":"https:\/\/iha-race.com\/pt-pt\/#website"},"primaryImageOfPage":{"@id":"https:\/\/iha-race.com\/pt-pt\/produto\/carregador-vifly-toothstor-4-port-2s\/#primaryimage"},"image":{"@id":"https:\/\/iha-race.com\/pt-pt\/produto\/carregador-vifly-toothstor-4-port-2s\/#primaryimage"},"thumbnailUrl":"https:\/\/iha-race.com\/wp-content\/uploads\/2024\/05\/VIFLY-ToothStor-Cargador-de-equilibrio-2S-de-4-puertos-con-modo-de-almacenamiento-1.webp","datePublished":"2024-05-15T17:05:39+00:00","dateModified":"2026-04-09T21:58:16+00:00","breadcrumb":{"@id":"https:\/\/iha-race.com\/pt-pt\/produto\/carregador-vifly-toothstor-4-port-2s\/#breadcrumb"},"inLanguage":"pt-PT","potentialAction":[{"@type":"ReadAction","target":["https:\/\/iha-race.com\/pt-pt\/produto\/carregador-vifly-toothstor-4-port-2s\/"]}]},{"@type":"ImageObject","inLanguage":"pt-PT","@id":"https:\/\/iha-race.com\/pt-pt\/produto\/carregador-vifly-toothstor-4-port-2s\/#primaryimage","url":"https:\/\/iha-race.com\/wp-content\/uploads\/2024\/05\/VIFLY-ToothStor-Cargador-de-equilibrio-2S-de-4-puertos-con-modo-de-almacenamiento-1.webp","contentUrl":"https:\/\/iha-race.com\/wp-content\/uploads\/2024\/05\/VIFLY-ToothStor-Cargador-de-equilibrio-2S-de-4-puertos-con-modo-de-almacenamiento-1.webp","width":1200,"height":1200},{"@type":"BreadcrumbList","@id":"https:\/\/iha-race.com\/pt-pt\/produto\/carregador-vifly-toothstor-4-port-2s\/#breadcrumb","itemListElement":[{"@type":"ListItem","position":1,"name":"Portada","item":"https:\/\/iha-race.com\/pt-pt\/"},{"@type":"ListItem","position":2,"name":"Shop","item":"https:\/\/iha-race.com\/pt-pt\/shop\/"},{"@type":"ListItem","position":3,"name":"Carregador VIFLY ToothStor 4-Port 2S"}]},{"@type":"WebSite","@id":"https:\/\/iha-race.com\/pt-pt\/#website","url":"https:\/\/iha-race.com\/pt-pt\/","name":"Iha Race","description":"Comprar drones de carreras FPV env\u00edos en un d\u00eda desde Espa\u00f1a","publisher":{"@id":"https:\/\/iha-race.com\/pt-pt\/#organization"},"potentialAction":[{"@type":"SearchAction","target":{"@type":"EntryPoint","urlTemplate":"https:\/\/iha-race.com\/pt-pt\/?s={search_term_string}"},"query-input":{"@type":"PropertyValueSpecification","valueRequired":true,"valueName":"search_term_string"}}],"inLanguage":"pt-PT"},{"@type":"Organization","@id":"https:\/\/iha-race.com\/pt-pt\/#organization","name":"Iha Race","url":"https:\/\/iha-race.com\/pt-pt\/","logo":{"@type":"ImageObject","inLanguage":"pt-PT","@id":"https:\/\/iha-race.com\/pt-pt\/#\/schema\/logo\/image\/","url":"https:\/\/iha-race.com\/wp-content\/uploads\/2018\/07\/iha-race-drones-de-carreras-tienda-comprar-drones.png","contentUrl":"https:\/\/iha-race.com\/wp-content\/uploads\/2018\/07\/iha-race-drones-de-carreras-tienda-comprar-drones.png","width":300,"height":100,"caption":"Iha Race"},"image":{"@id":"https:\/\/iha-race.com\/pt-pt\/#\/schema\/logo\/image\/"}}]}},"jetpack_sharing_enabled":true,"brands":[],"_links":{"self":[{"href":"https:\/\/iha-race.com\/pt-pt\/wp-json\/wp\/v2\/product\/246549","targetHints":{"allow":["GET"]}}],"collection":[{"href":"https:\/\/iha-race.com\/pt-pt\/wp-json\/wp\/v2\/product"}],"about":[{"href":"https:\/\/iha-race.com\/pt-pt\/wp-json\/wp\/v2\/types\/product"}],"replies":[{"embeddable":true,"href":"https:\/\/iha-race.com\/pt-pt\/wp-json\/wp\/v2\/comments?post=246549"}],"version-history":[{"count":1,"href":"https:\/\/iha-race.com\/pt-pt\/wp-json\/wp\/v2\/product\/246549\/revisions"}],"predecessor-version":[{"id":248471,"href":"https:\/\/iha-race.com\/pt-pt\/wp-json\/wp\/v2\/product\/246549\/revisions\/248471"}],"wp:featuredmedia":[{"embeddable":true,"href":"https:\/\/iha-race.com\/pt-pt\/wp-json\/wp\/v2\/media\/246545"}],"wp:attachment":[{"href":"https:\/\/iha-race.com\/pt-pt\/wp-json\/wp\/v2\/media?parent=246549"}],"wp:term":[{"taxonomy":"pwb-brand","embeddable":true,"href":"https:\/\/iha-race.com\/pt-pt\/wp-json\/wp\/v2\/pwb-brand?post=246549"},{"taxonomy":"product_cat","embeddable":true,"href":"https:\/\/iha-race.com\/pt-pt\/wp-json\/wp\/v2\/product_cat?post=246549"},{"taxonomy":"product_tag","embeddable":true,"href":"https:\/\/iha-race.com\/pt-pt\/wp-json\/wp\/v2\/product_tag?post=246549"}],"curies":[{"name":"wp","href":"https:\/\/api.w.org\/{rel}","templated":true}]}}