{"id":246239,"date":"2024-04-19T18:55:36","date_gmt":"2024-04-19T16:55:36","guid":{"rendered":"https:\/\/iha-race.com\/producto\/quadcopter-sem-escovas-aquila16\/"},"modified":"2024-08-29T11:19:23","modified_gmt":"2024-08-29T09:19:23","slug":"quadcopter-sem-escovas-aquila16","status":"publish","type":"product","link":"https:\/\/iha-race.com\/pt-pt\/produto\/quadcopter-sem-escovas-aquila16\/","title":{"rendered":"Quadcopter sem escovas Aquila16"},"content":{"rendered":"<h2>Quadcopter sem escovas Aquila16<\/h2>\n<p>  O quadcopter a bateria Aquila16 \u00e9 uma op\u00e7\u00e3o mais avan\u00e7ada para os principiantes. \u00c9 um quadric\u00f3ptero invertido com um design aerodin\u00e2mico modular. Voa at\u00e9 8 minutos, cobrindo uma dist\u00e2ncia m\u00e1xima de 200 metros. Desfrute de um pairar est\u00e1vel e de uma melhor prote\u00e7\u00e3o da estrutura, permitindo uma pr\u00e1tica de voo constante e um melhor controlo. Acelera a tua curva de aprendizagem FPV e torna-te um profissional mais cedo.  <img decoding=\"async\" src=\"https:\/\/cdn.shopifycdn.net\/s\/files\/1\/1778\/6615\/files\/e8c7a27fcd16eb3879f1b0132dc5c82f_1024x1024.jpg?v=1697616093\" alt=\"Quadcopter sem escovas Aquila16\"><\/p>\n<h2>Caracter\u00edsticas<\/h2>\n<ul>\n<li>O quadcopter sem escovas Aquila16 destaca-se pela sua capacidade de pairar para voo assistido, garantindo um voo seguro e sem esfor\u00e7o para uma aprendizagem despreocupada.<\/li>\n<li>Constru\u00eddo a partir de material PA12 dur\u00e1vel, o Aquila16 com conduta Ferina tem uma excelente resist\u00eancia a quedas e impactos, dando-te mais tranquilidade para aprenderes.<\/li>\n<li>Com uma bateria de 1100mAh, oferece um tempo de voo de 8 minutos e uma dist\u00e2ncia m\u00e1xima de voo de 200 metros. Para quem procura modos de voo avan\u00e7ados, como freestyle ou corridas, recomenda-se optar por uma bateria 650.<\/li>\n<li>A porta de configura\u00e7\u00e3o de bateria fixa e a bateria modular minimizam os projectos de redund\u00e2ncia, tornando a instala\u00e7\u00e3o simples e sem complica\u00e7\u00f5es.<\/li>\n<li>O Aquila16 V1.0 FC, desenvolvido por ti, que usa a configura\u00e7\u00e3o BETAFPV, vem com o firmware mais popular na comunidade FPV. Os principiantes podem aprender e compreender melhor a FPV, que \u00e9 uma forma essencial de ganhar experi\u00eancia com drones.<\/li>\n<li>Oferece 3 modos de voo e de velocidade, desde principiante a profissional e desbloqueia gradualmente as capacidades avan\u00e7adas.<\/li>\n<\/ul>\n<h2>Especifica\u00e7\u00f5es<\/h2>\n<ul>\n<li>Bateria: Bateria dedicada Aquila16|1100 mAh (predefinida), 650 mAh (opcional)<\/li>\n<li>C\u00e2mara: C02<\/li>\n<li>Ajuste do \u00e2ngulo da c\u00e2mara: 15\u00b0-30\u00b0 Ajuste do \u00e2ngulo da c\u00e2mara: 15\u00b0-30\u00b0 Ajuste do \u00e2ngulo da c\u00e2mara: 15\u00b0-30\u00b0 Ajuste do \u00e2ngulo da c\u00e2mara: 15\u00b0-30<\/li>\n<li>Carregador utilizado: Carregador de bateria BT2.0 e verificador de tens\u00e3o V2<\/li>\n<li>Controlador de voo: Aquila16 V1.0<\/li>\n<li>Modos de voo: Modo N\/S\/M<\/li>\n<li>Tempo de voo (4,35V-3,4V): 8 minutos<\/li>\n<li>Material da arma\u00e7\u00e3o: PA12 preto<\/li>\n<li>Motores: 1102|18000KV<\/li>\n<li>Conector de alimenta\u00e7\u00e3o: conetor BT2.0<\/li>\n<li>H\u00e9lices: Beta-45 mm com 3 p\u00e1s<\/li>\n<li>Recetor: s\u00e9rie ELRS vers\u00e3o 2.4G 3.0<\/li>\n<li>Liga\u00e7\u00e3o do recetor: ligado 3 vezes<\/li>\n<li>Transmissor de v\u00eddeo (VTX): Aquila 25-350mW VTX<\/li>\n<li>Pot\u00eancia e alcance do VTX: 25 mW (alcance: 80 m), 350 mW (alcance: 200 m)<\/li>\n<li>Dist\u00e2ncia entre eixos: 86 mm<\/li>\n<li>Peso (sem bateria): 47,1 g<\/li>\n<li>Peso \u00e0 descolagem (com bateria de 1100 mAh): 72,5 g<\/li>\n<\/ul>\n<h2>Voar mais longe, voar mais tempo<\/h2>\n<p>  Com um tempo de voo impressionante de 8 minutos, podes desfrutar de sess\u00f5es de pr\u00e1tica intermin\u00e1veis e de uma dist\u00e2ncia de voo at\u00e9 200 m, no interior ou no exterior. Desfrute de voos sem interrup\u00e7\u00f5es, permitindo-lhe concentrar-se no aperfei\u00e7oamento das suas capacidades de pilotagem. Inclui um sistema de transmiss\u00e3o de v\u00eddeo de 350 mW de alta pot\u00eancia e baixa lat\u00eancia, que assegura a transmiss\u00e3o de v\u00eddeo em tempo real com sinais est\u00e1veis at\u00e9 200 metros. Diz adeus aos atrasos e mergulha na emo\u00e7\u00e3o de voar.  <img decoding=\"async\" src=\"https:\/\/cdn.shopifycdn.net\/s\/files\/1\/1778\/6615\/files\/6bf1a5e6a8fbcdb0cab6b737445c4e4b_831c9a10-1333-4e74-9769-d2f64b0d5975_1024x1024.jpg?v=1698030539\" alt=\"Quadcopter sem escovas Aquila16\"><\/p>\n<h2>Fun\u00e7\u00f5es auxiliares de voo<\/h2>\n<p>  O quadcopter sem escovas Aquila16 destaca-se pela sua capacidade de pairar para voo assistido, garantindo um voo seguro e sem esfor\u00e7o para uma aprendizagem despreocupada. O bar\u00f3metro de alta precis\u00e3o incorporado para a dete\u00e7\u00e3o da altitude beneficia de uma elevada estabilidade gra\u00e7as ao seu modo de manuten\u00e7\u00e3o da posi\u00e7\u00e3o e \u00e0 desloca\u00e7\u00e3o autom\u00e1tica, que permite ao drone manter-se na altitude atual. Esta fun\u00e7\u00e3o assegura uma aterragem de emerg\u00eancia em situa\u00e7\u00f5es de perda de controlo ou de bateria fraca. Entretanto, as suas caracter\u00edsticas de voo est\u00e1veis permitem-te captar imagens impressionantes com a m\u00e1xima precis\u00e3o utilizando os \u00d3culos FPV VR03. Experimente um imenso prazer e facilidade de voo.  <img decoding=\"async\" src=\"https:\/\/cdn.shopifycdn.net\/s\/files\/1\/1778\/6615\/files\/46576ea6225b0bf36a8d944cc9311f01_1024x1024.jpg?v=1697623010\" alt=\"Quadroc\u00f3ptero Quila16 Brushless\"><\/p>\n<p><em>Nota: A fun\u00e7\u00e3o de manuten\u00e7\u00e3o da posi\u00e7\u00e3o s\u00f3 est\u00e1 dispon\u00edvel no modo N.<\/em><\/p>\n<h2>Concebido para facilitar o voo<\/h2>\n<p>  Cada aspeto do seu design incorpora o facto de tornar o voo mais f\u00e1cil para os principiantes. A inclus\u00e3o de um sistema de condutas invertido melhora o impulso e a estabilidade, permitindo que o drone atinja um desempenho de voo superior com precis\u00e3o. A porta de configura\u00e7\u00e3o fixa e a bateria modular minimizam os projectos de redund\u00e2ncia, tornando a instala\u00e7\u00e3o simples e sem complica\u00e7\u00f5es. A conce\u00e7\u00e3o do protetor de condutas garante voos seguros, protegendo as h\u00e9lices, que est\u00e3o equipadas para enfrentar obst\u00e1culos inesperados.  <img decoding=\"async\" src=\"https:\/\/cdn.shopifycdn.net\/s\/files\/1\/1778\/6615\/files\/83391da716f74a4ae6d1bd2edf808e47_1805eede-d888-45ee-9d88-5a6e26c4c9e9_1024x1024.jpg?v=1697716051\" alt=\"Quadcopter sem escovas Aquila16\">  A jun\u00e7\u00e3o do recetor precisa de ser ligada 3 vezes e a primeira liga\u00e7\u00e3o da bateria pode resultar num ajuste apertado, o que requer alguma t\u00e9cnica para a inser\u00e7\u00e3o e remo\u00e7\u00e3o.  <a href=\"https:\/\/www.youtube.com\/watch?v=sVDAzZalURg\">V\u00ea este v\u00eddeo.<\/a><\/p>\n<h2>Voar no interior e no exterior<\/h2>\n<p>  O quadric\u00f3ptero Aquila16 alimentado a bateria proporciona uma experi\u00eancia de voo emocionante para todos, independentemente da idade ou do n\u00edvel de compet\u00eancia. A constru\u00e7\u00e3o dur\u00e1vel assegura um desempenho duradouro, enquanto os controlos intuitivos oferecem uma manobrabilidade precisa, garantindo uma experi\u00eancia de voo sem preocupa\u00e7\u00f5es em interiores e exteriores, enquanto capta momentos de cortar a respira\u00e7\u00e3o com uma c\u00e2mara de alta qualidade e desfruta da emo\u00e7\u00e3o da FPV em tempo real. A configura\u00e7\u00e3o simples permite-lhe mergulhar totalmente na pura alegria de voar, desbloqueando possibilidades criativas ilimitadas.  <img decoding=\"async\" src=\"https:\/\/cdn.shopifycdn.net\/s\/files\/1\/1778\/6615\/files\/6e98834b6b0690a23f244032178aa509_79e58564-5e37-48af-bada-26f1db7272b7_1024x1024.jpg?v=1697716079\" alt=\"Quadcopter sem escovas Aquila16\"><\/p>\n<h2>Diversas modalidades, acess\u00edveis a todos.<\/h2>\n<p>  O quadcopter sem escovas Aquila16 oferece 3 modos de voo N\/S\/M e suporta 3 velocidades diferentes: SLOW\/MEDIUM\/FAST. Com o Modo Tartaruga, n\u00e3o h\u00e1 carga para voar e n\u00e3o \u00e9 necess\u00e1rio afastar-se para corrigir a posi\u00e7\u00e3o manualmente para o virar e retomar o voo quando o quadric\u00f3ptero atinge o solo e vira de cabe\u00e7a para baixo. Quer sejas um piloto FPV experiente ou um completo principiante, o quadcopter sem escovas Aquila16 permite a todos voar com confian\u00e7a desde o primeiro dia.  <img decoding=\"async\" src=\"https:\/\/cdn.shopifycdn.net\/s\/files\/1\/1778\/6615\/files\/5f185f265528ba515aee8e5964d417a3_1a5cf005-0f9d-4a3f-9d00-98282e4ee3e9_1024x1024.jpg?v=1697616156\" alt=\"Quadcopter sem escovas Aquila16\">  O quadro seguinte mostra a tabela para as diferentes velocidades nos modos N de acelera\u00e7\u00e3o m\u00e1xima.  <\/p>\n<div class=\"table-wrapper\">\n<table style=\"height: 60px;\" width=\"1277\">\n<tbody>\n<tr>\n<td width=\"98\">LENTO<\/td>\n<td width=\"98\">M\u00c9DIO<\/td>\n<td width=\"98\">R\u00c1PIDO<\/td>\n<\/tr>\n<tr>\n<td>1,25 m\/s<\/td>\n<td>3,33 m\/s<\/td>\n<td>5 m\/s<\/td>\n<\/tr>\n<\/tbody>\n<\/table>\n<\/div>\n<p><img decoding=\"async\" src=\"https:\/\/cdn.shopifycdn.net\/s\/files\/1\/1778\/6615\/files\/1_5f0a91e9-ef47-490b-97b0-89530958fe53_1024x1024.jpg?v=1698030755\" alt=\"Bateria exclusiva Aquila16 (2PCS)\">  O kit Aquila16 FPV vem com uma bateria padr\u00e3o de 1100 mAh, ideal para principiantes que procuram uma experi\u00eancia de voo suave no modo N\/S. No entanto, para aqueles que pretendem melhorar as suas capacidades de voo em estilo livre e corridas em modo M, a vers\u00e3o com bateria de 650 mAh \u00e9 mais adequada e deve ser adquirida separadamente.  <\/p>\n<h2>Pe\u00e7as recomendadas<\/h2>\n<ul>\n<li>Transmissor de r\u00e1dio: Transmissor de r\u00e1dio LiteRadio 2 SE<\/li>\n<li>\u00d3culos de prote\u00e7\u00e3o: \u00d3culos de prote\u00e7\u00e3o FPV VR03<\/li>\n<li>Bateria: Bateria exclusiva Aquila16 (2PCS)<\/li>\n<li>Motor: 1102|Motor 18000KV<\/li>\n<\/ul>\n<h2>Perguntas mais frequentes<\/h2>\n<ul>\n<li><a href=\"https:\/\/support.betafpv.com\/hc\/en-us\/articles\/24444068242329-Manual-for-Aquila16-Brushless-Quadcopter\">Descarrega<\/a> o Manual do Quadcopter Aquila16 Brushless.<\/li>\n<li><a href=\"https:\/\/support.betafpv.com\/hc\/en-us\/articles\/24620036614809-Firmware-for-Aquila16-FPV-Kit\">Descarrega<\/a> o firmware para o quadcopter sem escovas Aquila16.<\/li>\n<li><a href=\"https:\/\/support.betafpv.com\/hc\/en-us\/articles\/29941006696729-How-to-replace-the-VTX-of-Aquila-16\">Como substituir o m\u00f3dulo VTX do teu Quadcopter Aquila16 Brushless.<\/a><\/li>\n<li>Existe o risco de a bateria se soltar durante acidentes graves.<\/li>\n<li>Ajuste do \u00e2ngulo da c\u00e2mara: a tampa \u00e9 fixa e o \u00e2ngulo da c\u00e2mara pode ser ajustado desapertando ou apertando os parafusos de ambos os lados.<\/li>\n<li>O ExpressLRS \u00e9 a liga\u00e7\u00e3o de r\u00e1dio mais popular atualmente. Saiba <a href=\"https:\/\/betafpv.com\/blogs\/blog\/expresslrs-the-best-rc-link-ever\">mais sobre o ExpressLRS aqui<\/a>.<\/li>\n<\/ul>\n<h2>O pacote inclui<\/h2>\n<ul>\n<li>1 x quadcopter sem escovas Aquila16<\/li>\n<li>4 x acess\u00f3rios de 3 l\u00e2minas Beta-45mm (conjunto de reserva)<\/li>\n<li>2 x Bateria exclusiva Aquila16|1100mAh<\/li>\n<li>2 x Cabo adaptador de carregamento<\/li>\n<li>1 x carregador de bateria BT2.0 e testador de tens\u00e3o V2<\/li>\n<li>1 x cabo adaptador de 4 pinos.<\/li>\n<li>1 x chave de fendas em cruz<\/li>\n<li>1 x Conjunto de parafusos exclusivo (sobresselente)<\/li>\n<li>1 x ferramenta de remo\u00e7\u00e3o de acess\u00f3rios<\/li>\n<li>1 x placa adaptadora USB tipo C (a ser utilizada juntamente com o cabo adaptador de 4 pinos para configura\u00e7\u00e3o FC)<\/li>\n<\/ul>\n<p><img decoding=\"async\" src=\"https:\/\/cdn.shopifycdn.net\/s\/files\/1\/1778\/6615\/files\/8_b28342e7-4fed-4a3c-b5eb-85d366ae41cd_480x480.jpg?v=1697699525\" alt=\"Quadcopter sem escovas Aquila16\"><\/p>\n","protected":false},"excerpt":{"rendered":"<p>Quadcopter sem escovas Aquila16 O quadcopter a bateria Aquila16 \u00e9 uma op\u00e7\u00e3o mais avan\u00e7ada para os principiantes. \u00c9 um quadric\u00f3ptero invertido com um design aerodin\u00e2mico modular. Voa at\u00e9 8 minutos,<\/p>\n","protected":false},"featured_media":245719,"comment_status":"open","ping_status":"closed","template":"","meta":{"_joinchat":[]},"pwb-brand":[],"product_cat":[1474,1458],"product_tag":[],"class_list":{"0":"post-246239","1":"product","2":"type-product","3":"status-publish","4":"has-post-thumbnail","6":"product_cat-arrancadores","7":"product_cat-fpv-drones","9":"first","10":"instock","11":"taxable","12":"shipping-taxable","13":"purchasable","14":"product-type-simple"},"barcode":null,"atum_controlled":true,"out_stock_date":null,"out_stock_threshold":null,"inheritable":false,"stock_on_hold":0,"sold_today":0,"sales_last_days":0,"out_stock_days":0,"lost_sales":0,"update_date":"2026-04-27T19:43:52","atum_locations":[],"atum_stock_status":"instock","restock_status":false,"low_stock_amount":"","sales_update_date":"2026-04-27T19:43:52","calc_backorders":null,"yoast_head":"<!-- This site is optimized with the Yoast SEO plugin v27.3 - https:\/\/yoast.com\/product\/yoast-seo-wordpress\/ -->\n<title>Quadcopter sem escovas Aquila16 - Iha Race<\/title>\n<meta name=\"robots\" content=\"index, follow, max-snippet:-1, max-image-preview:large, max-video-preview:-1\" \/>\n<link rel=\"canonical\" href=\"https:\/\/iha-race.com\/pt-pt\/produto\/quadcopter-sem-escovas-aquila16\/\" \/>\n<meta property=\"og:locale\" content=\"pt_PT\" \/>\n<meta property=\"og:type\" content=\"article\" \/>\n<meta property=\"og:title\" content=\"Quadcopter sem escovas Aquila16 - Iha Race\" \/>\n<meta property=\"og:description\" content=\"Quadcopter sem escovas Aquila16 O quadcopter a bateria Aquila16 \u00e9 uma op\u00e7\u00e3o mais avan\u00e7ada para os principiantes. \u00c9 um quadric\u00f3ptero invertido com um design aerodin\u00e2mico modular. Voa at\u00e9 8 minutos,\" \/>\n<meta property=\"og:url\" content=\"https:\/\/iha-race.com\/pt-pt\/produto\/quadcopter-sem-escovas-aquila16\/\" \/>\n<meta property=\"og:site_name\" content=\"Iha Race\" \/>\n<meta property=\"article:modified_time\" content=\"2024-08-29T09:19:23+00:00\" \/>\n<meta property=\"og:image\" content=\"https:\/\/iha-race.com\/wp-content\/uploads\/2024\/04\/Cuadricoptero-sin-escobillas-Aquila16.webp\" \/>\n\t<meta property=\"og:image:width\" content=\"720\" \/>\n\t<meta property=\"og:image:height\" content=\"720\" \/>\n\t<meta property=\"og:image:type\" content=\"image\/webp\" \/>\n<meta name=\"twitter:card\" content=\"summary_large_image\" \/>\n<meta name=\"twitter:label1\" content=\"Tempo estimado de leitura\" \/>\n\t<meta name=\"twitter:data1\" content=\"6 minutos\" \/>\n<script type=\"application\/ld+json\" class=\"yoast-schema-graph\">{\"@context\":\"https:\\\/\\\/schema.org\",\"@graph\":[{\"@type\":\"WebPage\",\"@id\":\"https:\\\/\\\/iha-race.com\\\/pt-pt\\\/produto\\\/quadcopter-sem-escovas-aquila16\\\/\",\"url\":\"https:\\\/\\\/iha-race.com\\\/pt-pt\\\/produto\\\/quadcopter-sem-escovas-aquila16\\\/\",\"name\":\"Quadcopter sem escovas Aquila16 - Iha Race\",\"isPartOf\":{\"@id\":\"https:\\\/\\\/iha-race.com\\\/pt-pt\\\/#website\"},\"primaryImageOfPage\":{\"@id\":\"https:\\\/\\\/iha-race.com\\\/pt-pt\\\/produto\\\/quadcopter-sem-escovas-aquila16\\\/#primaryimage\"},\"image\":{\"@id\":\"https:\\\/\\\/iha-race.com\\\/pt-pt\\\/produto\\\/quadcopter-sem-escovas-aquila16\\\/#primaryimage\"},\"thumbnailUrl\":\"https:\\\/\\\/iha-race.com\\\/wp-content\\\/uploads\\\/2024\\\/04\\\/Cuadricoptero-sin-escobillas-Aquila16.webp\",\"datePublished\":\"2024-04-19T16:55:36+00:00\",\"dateModified\":\"2024-08-29T09:19:23+00:00\",\"breadcrumb\":{\"@id\":\"https:\\\/\\\/iha-race.com\\\/pt-pt\\\/produto\\\/quadcopter-sem-escovas-aquila16\\\/#breadcrumb\"},\"inLanguage\":\"pt-PT\",\"potentialAction\":[{\"@type\":\"ReadAction\",\"target\":[\"https:\\\/\\\/iha-race.com\\\/pt-pt\\\/produto\\\/quadcopter-sem-escovas-aquila16\\\/\"]}]},{\"@type\":\"ImageObject\",\"inLanguage\":\"pt-PT\",\"@id\":\"https:\\\/\\\/iha-race.com\\\/pt-pt\\\/produto\\\/quadcopter-sem-escovas-aquila16\\\/#primaryimage\",\"url\":\"https:\\\/\\\/iha-race.com\\\/wp-content\\\/uploads\\\/2024\\\/04\\\/Cuadricoptero-sin-escobillas-Aquila16.webp\",\"contentUrl\":\"https:\\\/\\\/iha-race.com\\\/wp-content\\\/uploads\\\/2024\\\/04\\\/Cuadricoptero-sin-escobillas-Aquila16.webp\",\"width\":720,\"height\":720},{\"@type\":\"BreadcrumbList\",\"@id\":\"https:\\\/\\\/iha-race.com\\\/pt-pt\\\/produto\\\/quadcopter-sem-escovas-aquila16\\\/#breadcrumb\",\"itemListElement\":[{\"@type\":\"ListItem\",\"position\":1,\"name\":\"Portada\",\"item\":\"https:\\\/\\\/iha-race.com\\\/pt-pt\\\/elementor-499\\\/\"},{\"@type\":\"ListItem\",\"position\":2,\"name\":\"Shop\",\"item\":\"https:\\\/\\\/iha-race.com\\\/pt-pt\\\/shop\\\/\"},{\"@type\":\"ListItem\",\"position\":3,\"name\":\"Quadcopter sem escovas Aquila16\"}]},{\"@type\":\"WebSite\",\"@id\":\"https:\\\/\\\/iha-race.com\\\/pt-pt\\\/#website\",\"url\":\"https:\\\/\\\/iha-race.com\\\/pt-pt\\\/\",\"name\":\"Iha Race\",\"description\":\"Comprar drones de carreras FPV env\u00edos en un d\u00eda desde Espa\u00f1a\",\"publisher\":{\"@id\":\"https:\\\/\\\/iha-race.com\\\/pt-pt\\\/#organization\"},\"potentialAction\":[{\"@type\":\"SearchAction\",\"target\":{\"@type\":\"EntryPoint\",\"urlTemplate\":\"https:\\\/\\\/iha-race.com\\\/pt-pt\\\/?s={search_term_string}\"},\"query-input\":{\"@type\":\"PropertyValueSpecification\",\"valueRequired\":true,\"valueName\":\"search_term_string\"}}],\"inLanguage\":\"pt-PT\"},{\"@type\":\"Organization\",\"@id\":\"https:\\\/\\\/iha-race.com\\\/pt-pt\\\/#organization\",\"name\":\"Iha Race\",\"url\":\"https:\\\/\\\/iha-race.com\\\/pt-pt\\\/\",\"logo\":{\"@type\":\"ImageObject\",\"inLanguage\":\"pt-PT\",\"@id\":\"https:\\\/\\\/iha-race.com\\\/pt-pt\\\/#\\\/schema\\\/logo\\\/image\\\/\",\"url\":\"https:\\\/\\\/iha-race.com\\\/wp-content\\\/uploads\\\/2018\\\/07\\\/iha-race-drones-de-carreras-tienda-comprar-drones.png\",\"contentUrl\":\"https:\\\/\\\/iha-race.com\\\/wp-content\\\/uploads\\\/2018\\\/07\\\/iha-race-drones-de-carreras-tienda-comprar-drones.png\",\"width\":300,\"height\":100,\"caption\":\"Iha Race\"},\"image\":{\"@id\":\"https:\\\/\\\/iha-race.com\\\/pt-pt\\\/#\\\/schema\\\/logo\\\/image\\\/\"}}]}<\/script>\n<!-- \/ Yoast SEO plugin. -->","yoast_head_json":{"title":"Quadcopter sem escovas Aquila16 - Iha Race","robots":{"index":"index","follow":"follow","max-snippet":"max-snippet:-1","max-image-preview":"max-image-preview:large","max-video-preview":"max-video-preview:-1"},"canonical":"https:\/\/iha-race.com\/pt-pt\/produto\/quadcopter-sem-escovas-aquila16\/","og_locale":"pt_PT","og_type":"article","og_title":"Quadcopter sem escovas Aquila16 - Iha Race","og_description":"Quadcopter sem escovas Aquila16 O quadcopter a bateria Aquila16 \u00e9 uma op\u00e7\u00e3o mais avan\u00e7ada para os principiantes. \u00c9 um quadric\u00f3ptero invertido com um design aerodin\u00e2mico modular. Voa at\u00e9 8 minutos,","og_url":"https:\/\/iha-race.com\/pt-pt\/produto\/quadcopter-sem-escovas-aquila16\/","og_site_name":"Iha Race","article_modified_time":"2024-08-29T09:19:23+00:00","og_image":[{"width":720,"height":720,"url":"https:\/\/iha-race.com\/wp-content\/uploads\/2024\/04\/Cuadricoptero-sin-escobillas-Aquila16.webp","type":"image\/webp"}],"twitter_card":"summary_large_image","twitter_misc":{"Tempo estimado de leitura":"6 minutos"},"schema":{"@context":"https:\/\/schema.org","@graph":[{"@type":"WebPage","@id":"https:\/\/iha-race.com\/pt-pt\/produto\/quadcopter-sem-escovas-aquila16\/","url":"https:\/\/iha-race.com\/pt-pt\/produto\/quadcopter-sem-escovas-aquila16\/","name":"Quadcopter sem escovas Aquila16 - Iha Race","isPartOf":{"@id":"https:\/\/iha-race.com\/pt-pt\/#website"},"primaryImageOfPage":{"@id":"https:\/\/iha-race.com\/pt-pt\/produto\/quadcopter-sem-escovas-aquila16\/#primaryimage"},"image":{"@id":"https:\/\/iha-race.com\/pt-pt\/produto\/quadcopter-sem-escovas-aquila16\/#primaryimage"},"thumbnailUrl":"https:\/\/iha-race.com\/wp-content\/uploads\/2024\/04\/Cuadricoptero-sin-escobillas-Aquila16.webp","datePublished":"2024-04-19T16:55:36+00:00","dateModified":"2024-08-29T09:19:23+00:00","breadcrumb":{"@id":"https:\/\/iha-race.com\/pt-pt\/produto\/quadcopter-sem-escovas-aquila16\/#breadcrumb"},"inLanguage":"pt-PT","potentialAction":[{"@type":"ReadAction","target":["https:\/\/iha-race.com\/pt-pt\/produto\/quadcopter-sem-escovas-aquila16\/"]}]},{"@type":"ImageObject","inLanguage":"pt-PT","@id":"https:\/\/iha-race.com\/pt-pt\/produto\/quadcopter-sem-escovas-aquila16\/#primaryimage","url":"https:\/\/iha-race.com\/wp-content\/uploads\/2024\/04\/Cuadricoptero-sin-escobillas-Aquila16.webp","contentUrl":"https:\/\/iha-race.com\/wp-content\/uploads\/2024\/04\/Cuadricoptero-sin-escobillas-Aquila16.webp","width":720,"height":720},{"@type":"BreadcrumbList","@id":"https:\/\/iha-race.com\/pt-pt\/produto\/quadcopter-sem-escovas-aquila16\/#breadcrumb","itemListElement":[{"@type":"ListItem","position":1,"name":"Portada","item":"https:\/\/iha-race.com\/pt-pt\/elementor-499\/"},{"@type":"ListItem","position":2,"name":"Shop","item":"https:\/\/iha-race.com\/pt-pt\/shop\/"},{"@type":"ListItem","position":3,"name":"Quadcopter sem escovas Aquila16"}]},{"@type":"WebSite","@id":"https:\/\/iha-race.com\/pt-pt\/#website","url":"https:\/\/iha-race.com\/pt-pt\/","name":"Iha Race","description":"Comprar drones de carreras FPV env\u00edos en un d\u00eda desde Espa\u00f1a","publisher":{"@id":"https:\/\/iha-race.com\/pt-pt\/#organization"},"potentialAction":[{"@type":"SearchAction","target":{"@type":"EntryPoint","urlTemplate":"https:\/\/iha-race.com\/pt-pt\/?s={search_term_string}"},"query-input":{"@type":"PropertyValueSpecification","valueRequired":true,"valueName":"search_term_string"}}],"inLanguage":"pt-PT"},{"@type":"Organization","@id":"https:\/\/iha-race.com\/pt-pt\/#organization","name":"Iha Race","url":"https:\/\/iha-race.com\/pt-pt\/","logo":{"@type":"ImageObject","inLanguage":"pt-PT","@id":"https:\/\/iha-race.com\/pt-pt\/#\/schema\/logo\/image\/","url":"https:\/\/iha-race.com\/wp-content\/uploads\/2018\/07\/iha-race-drones-de-carreras-tienda-comprar-drones.png","contentUrl":"https:\/\/iha-race.com\/wp-content\/uploads\/2018\/07\/iha-race-drones-de-carreras-tienda-comprar-drones.png","width":300,"height":100,"caption":"Iha Race"},"image":{"@id":"https:\/\/iha-race.com\/pt-pt\/#\/schema\/logo\/image\/"}}]}},"jetpack_sharing_enabled":true,"brands":[],"_links":{"self":[{"href":"https:\/\/iha-race.com\/pt-pt\/wp-json\/wp\/v2\/product\/246239","targetHints":{"allow":["GET"]}}],"collection":[{"href":"https:\/\/iha-race.com\/pt-pt\/wp-json\/wp\/v2\/product"}],"about":[{"href":"https:\/\/iha-race.com\/pt-pt\/wp-json\/wp\/v2\/types\/product"}],"replies":[{"embeddable":true,"href":"https:\/\/iha-race.com\/pt-pt\/wp-json\/wp\/v2\/comments?post=246239"}],"version-history":[{"count":1,"href":"https:\/\/iha-race.com\/pt-pt\/wp-json\/wp\/v2\/product\/246239\/revisions"}],"predecessor-version":[{"id":248461,"href":"https:\/\/iha-race.com\/pt-pt\/wp-json\/wp\/v2\/product\/246239\/revisions\/248461"}],"wp:featuredmedia":[{"embeddable":true,"href":"https:\/\/iha-race.com\/pt-pt\/wp-json\/wp\/v2\/media\/245719"}],"wp:attachment":[{"href":"https:\/\/iha-race.com\/pt-pt\/wp-json\/wp\/v2\/media?parent=246239"}],"wp:term":[{"taxonomy":"pwb-brand","embeddable":true,"href":"https:\/\/iha-race.com\/pt-pt\/wp-json\/wp\/v2\/pwb-brand?post=246239"},{"taxonomy":"product_cat","embeddable":true,"href":"https:\/\/iha-race.com\/pt-pt\/wp-json\/wp\/v2\/product_cat?post=246239"},{"taxonomy":"product_tag","embeddable":true,"href":"https:\/\/iha-race.com\/pt-pt\/wp-json\/wp\/v2\/product_tag?post=246239"}],"curies":[{"name":"wp","href":"https:\/\/api.w.org\/{rel}","templated":true}]}}