{"id":246225,"date":"2024-04-11T17:34:52","date_gmt":"2024-04-11T15:34:52","guid":{"rendered":"https:\/\/iha-race.com\/producto\/foxeer-mini-cat-3-1200tvl-0-00001lux-starlight-camara-fpv\/"},"modified":"2024-08-29T11:19:07","modified_gmt":"2024-08-29T09:19:07","slug":"foxeer-mini-cat-3-1200tvl-0-00001lux-starlight-camara-fpv","status":"publish","type":"product","link":"https:\/\/iha-race.com\/pt-pt\/produto\/foxeer-mini-cat-3-1200tvl-0-00001lux-starlight-camara-fpv\/","title":{"rendered":"Foxeer Mini Cat 3 1200TVL 0.00001Lux StarLight C\u00e2mara FPV"},"content":{"rendered":"<h2>Foxeer Mini Cat 3 1200TVL 0.00001Lux StarLight C\u00e2mara FPV<\/h2>\n<h3>Caracter\u00edsticas<\/h3>\n<table class=\"table table-bordered\" style=\"height: 748px;\" width=\"1030\">\n<tbody>\n<tr>\n<td valign=\"center\" width=\"189\"><span>Tipo de sensor<\/span><\/td>\n<td valign=\"center\" width=\"413\"><span>Sensor CMOS de 1\/3<\/span><\/td>\n<\/tr>\n<tr>\n<td valign=\"center\"><span>Escala<\/span><\/td>\n<td valign=\"center\"><span>4:3 (predefini\u00e7\u00e3o)\/ 16:9 comut\u00e1vel<\/span><\/td>\n<\/tr>\n<tr>\n<td valign=\"center\"><span>sistema de televis\u00e3o<\/span><\/td>\n<td valign=\"center\"><span>PAL (predefini\u00e7\u00e3o)\/NTSC comut\u00e1vel<\/span><\/td>\n<\/tr>\n<tr>\n<td valign=\"center\"><span>Resolu\u00e7\u00e3o<\/span><\/td>\n<td valign=\"center\"><span>1200TVL<\/span><\/td>\n<\/tr>\n<tr>\n<td valign=\"center\"><span>Lente<\/span><\/td>\n<td valign=\"center\"><span>Lente M12 de 2,1 mm para pouca luz<\/span><\/td>\n<\/tr>\n<tr>\n<td rowspan=\"2\" valign=\"center\"><span>campo de vis\u00e3o<\/span><\/td>\n<td valign=\"center\"><span>4:3 FOV-H: 100\u00b0 FOV-D: 125\u00b0 FOV-D:125<\/span><\/td>\n<\/tr>\n<tr>\n<td valign=\"center\"><span>16:9 FOV-H: 100\u00b0 FOV-D:115\u00b0 FOV-D:115\u00b0 16:9 FOV-H: 100\u00b0 FOV-D:115<\/span><\/td>\n<\/tr>\n<tr>\n<td valign=\"center\"><span>Velocidade do obturador<\/span><\/td>\n<td valign=\"center\"><span>PAL 1\/25~1\/10000 seg.; NTSC 1\/30~1\/10000 seg.<\/span><\/td>\n<\/tr>\n<tr>\n<td valign=\"center\"><span>Sa\u00edda de v\u00eddeo<\/span><\/td>\n<td valign=\"center\"><span>Sinal anal\u00f3gico CVBS<\/span><\/td>\n<\/tr>\n<tr>\n<td valign=\"center\"><span>ilumina\u00e7\u00e3o m\u00ednima<\/span><\/td>\n<td valign=\"center\"><span>0,00001lux<\/span><\/td>\n<\/tr>\n<tr>\n<td valign=\"center\"><span>Equil\u00edbrio de brancos<\/span><\/td>\n<td valign=\"center\"><span>Autom\u00e1tico<\/span><\/td>\n<\/tr>\n<tr>\n<td valign=\"center\"><span>DNR<\/span><\/td>\n<td valign=\"center\"><span>3DNR<\/span><\/td>\n<\/tr>\n<tr>\n<td valign=\"center\"><span>WDR<\/span><\/td>\n<td valign=\"center\"><span>100dB<\/span><\/td>\n<\/tr>\n<tr>\n<td valign=\"center\"><span>DIA\/NOITE<\/span><\/td>\n<td valign=\"center\"><span>EXT\/Auto\/Auto\/Cor\/B\/W<\/span><\/td>\n<\/tr>\n<tr>\n<td valign=\"center\"><span>OSD de voo<\/span><\/td>\n<td valign=\"center\"><span>Tens\u00e3o\/T\u00edtulo da c\u00e2mara\/Hora<\/span><\/td>\n<\/tr>\n<tr>\n<td valign=\"center\"><span>Tens\u00e3o de entrada<\/span><\/td>\n<td valign=\"center\"><span>4,6 V ~ 20 V<\/span><\/td>\n<\/tr>\n<tr>\n<td valign=\"center\"><span>L\u00edngua<\/span><\/td>\n<td valign=\"center\"><span>ENGLISH \/\u4e2d\u6587\/ PYCCKNN \/ ESPANOL \/ ITALIANO \/FRANCAIS\/POLSKIM\/ PORTUGUES \/ \u65e5\u672c\u8bed \/ EAAHNIKA<\/span><\/td>\n<\/tr>\n<tr>\n<td valign=\"center\"><span>Temperatura de funcionamento<\/span><\/td>\n<td valign=\"center\"><span>-10\u00b0~50\u00b0C HR90% MAX.<\/span><\/td>\n<\/tr>\n<tr>\n<td valign=\"center\"><span>Humidade de funcionamento<\/span><\/td>\n<td valign=\"center\"><span>20~80%<\/span><\/td>\n<\/tr>\n<tr>\n<td valign=\"center\"><span>Temperatura de armazenamento<\/span><\/td>\n<td valign=\"center\"><span>-20\u00b0~70\u00b0C<\/span><\/td>\n<\/tr>\n<tr>\n<td valign=\"center\"><span>Consumo de energia<\/span><\/td>\n<td valign=\"center\"><span>95mA\u00b115% @ DC 12V<\/span><\/td>\n<\/tr>\n<tr>\n<td valign=\"center\"><span>Dimens\u00e3o<\/span><\/td>\n<td valign=\"center\"><span>22*22mm; 28*22 (com suporte)<\/span><\/td>\n<\/tr>\n<tr>\n<td valign=\"center\"><span>Peso<\/span><\/td>\n<td valign=\"center\"><span>12,2 g (excluindo o cabo)<\/span><\/td>\n<\/tr>\n<\/tbody>\n<\/table>\n<p><img decoding=\"async\" src=\"https:\/\/inew.foxeer.com\/upload\/image\/20210120\/20210120200641_57980.jpg\"><img decoding=\"async\" src=\"https:\/\/inew.foxeer.com\/upload\/image\/20210120\/20210120200702_51647.jpg\"><img decoding=\"async\" src=\"https:\/\/inew.foxeer.com\/upload\/image\/20210120\/20210120200725_16672.jpg\"><\/p>\n<h3>O pacote inclui<\/h3>\n<ul>\n<li>1 x C\u00e2mara Foxeer Mini Cat 3 1200TVL 0.00001Lux StarLight FPV<\/li>\n<li>12 x parafusos<\/li>\n<li>6 x anilhas<\/li>\n<li>1x placa osd<\/li>\n<li>1x cabo de pinos osd<\/li>\n<li>1x cabo servo<\/li>\n<li>1 x suporte<\/li>\n<\/ul>\n","protected":false},"excerpt":{"rendered":"<p>Foxeer Mini Cat 3 1200TVL 0.00001Lux StarLight C\u00e2mara FPV Caracter\u00edsticas Tipo de sensor Sensor CMOS de 1\/3 Escala 4:3 (predefini\u00e7\u00e3o)\/ 16:9 comut\u00e1vel sistema de televis\u00e3o PAL (predefini\u00e7\u00e3o)\/NTSC comut\u00e1vel Resolu\u00e7\u00e3o 1200TVL<\/p>\n","protected":false},"featured_media":245537,"comment_status":"open","ping_status":"closed","template":"","meta":{"_joinchat":[]},"pwb-brand":[],"product_cat":[2407,41],"product_tag":[],"class_list":{"0":"post-246225","1":"product","2":"type-product","3":"status-publish","4":"has-post-thumbnail","6":"product_cat-camaras-analogicas","7":"product_cat-camaras","9":"first","10":"instock","11":"taxable","12":"shipping-taxable","13":"purchasable","14":"product-type-simple"},"barcode":null,"atum_controlled":true,"out_stock_date":null,"out_stock_threshold":null,"inheritable":false,"stock_on_hold":0,"sold_today":0,"sales_last_days":0,"out_stock_days":0,"lost_sales":0,"update_date":"2026-04-18T09:21:43","atum_locations":[],"atum_stock_status":"instock","restock_status":false,"low_stock_amount":"","sales_update_date":"2026-04-18T09:21:43","calc_backorders":null,"yoast_head":"<!-- This site is optimized with the Yoast SEO plugin v27.3 - https:\/\/yoast.com\/product\/yoast-seo-wordpress\/ -->\n<title>Foxeer Mini Cat 3 1200TVL 0.00001Lux StarLight C\u00e2mara FPV - Iha Race<\/title>\n<meta name=\"robots\" content=\"index, follow, max-snippet:-1, max-image-preview:large, max-video-preview:-1\" \/>\n<link rel=\"canonical\" href=\"https:\/\/iha-race.com\/pt-pt\/produto\/foxeer-mini-cat-3-1200tvl-0-00001lux-starlight-camara-fpv\/\" \/>\n<meta property=\"og:locale\" content=\"pt_PT\" \/>\n<meta property=\"og:type\" content=\"article\" \/>\n<meta property=\"og:title\" content=\"Foxeer Mini Cat 3 1200TVL 0.00001Lux StarLight C\u00e2mara FPV - Iha Race\" \/>\n<meta property=\"og:description\" content=\"Foxeer Mini Cat 3 1200TVL 0.00001Lux StarLight C\u00e2mara FPV Caracter\u00edsticas Tipo de sensor Sensor CMOS de 1\/3 Escala 4:3 (predefini\u00e7\u00e3o)\/ 16:9 comut\u00e1vel sistema de televis\u00e3o PAL (predefini\u00e7\u00e3o)\/NTSC comut\u00e1vel Resolu\u00e7\u00e3o 1200TVL\" \/>\n<meta property=\"og:url\" content=\"https:\/\/iha-race.com\/pt-pt\/produto\/foxeer-mini-cat-3-1200tvl-0-00001lux-starlight-camara-fpv\/\" \/>\n<meta property=\"og:site_name\" content=\"Iha Race\" \/>\n<meta property=\"article:modified_time\" content=\"2024-08-29T09:19:07+00:00\" \/>\n<meta property=\"og:image\" content=\"https:\/\/iha-race.com\/wp-content\/uploads\/2024\/04\/Camara-Foxeer-Mini-Cat-3-1200TVL-0.00001Lux-StarLight-FPV.jpg\" \/>\n\t<meta property=\"og:image:width\" content=\"800\" \/>\n\t<meta property=\"og:image:height\" content=\"800\" \/>\n\t<meta property=\"og:image:type\" content=\"image\/jpeg\" \/>\n<meta name=\"twitter:card\" content=\"summary_large_image\" \/>\n<meta name=\"twitter:label1\" content=\"Tempo estimado de leitura\" \/>\n\t<meta name=\"twitter:data1\" content=\"1 minuto\" \/>\n<script type=\"application\/ld+json\" class=\"yoast-schema-graph\">{\"@context\":\"https:\\\/\\\/schema.org\",\"@graph\":[{\"@type\":\"WebPage\",\"@id\":\"https:\\\/\\\/iha-race.com\\\/pt-pt\\\/produto\\\/foxeer-mini-cat-3-1200tvl-0-00001lux-starlight-camara-fpv\\\/\",\"url\":\"https:\\\/\\\/iha-race.com\\\/pt-pt\\\/produto\\\/foxeer-mini-cat-3-1200tvl-0-00001lux-starlight-camara-fpv\\\/\",\"name\":\"Foxeer Mini Cat 3 1200TVL 0.00001Lux StarLight C\u00e2mara FPV - Iha Race\",\"isPartOf\":{\"@id\":\"https:\\\/\\\/iha-race.com\\\/pt-pt\\\/#website\"},\"primaryImageOfPage\":{\"@id\":\"https:\\\/\\\/iha-race.com\\\/pt-pt\\\/produto\\\/foxeer-mini-cat-3-1200tvl-0-00001lux-starlight-camara-fpv\\\/#primaryimage\"},\"image\":{\"@id\":\"https:\\\/\\\/iha-race.com\\\/pt-pt\\\/produto\\\/foxeer-mini-cat-3-1200tvl-0-00001lux-starlight-camara-fpv\\\/#primaryimage\"},\"thumbnailUrl\":\"https:\\\/\\\/iha-race.com\\\/wp-content\\\/uploads\\\/2024\\\/04\\\/Camara-Foxeer-Mini-Cat-3-1200TVL-0.00001Lux-StarLight-FPV.jpg\",\"datePublished\":\"2024-04-11T15:34:52+00:00\",\"dateModified\":\"2024-08-29T09:19:07+00:00\",\"breadcrumb\":{\"@id\":\"https:\\\/\\\/iha-race.com\\\/pt-pt\\\/produto\\\/foxeer-mini-cat-3-1200tvl-0-00001lux-starlight-camara-fpv\\\/#breadcrumb\"},\"inLanguage\":\"pt-PT\",\"potentialAction\":[{\"@type\":\"ReadAction\",\"target\":[\"https:\\\/\\\/iha-race.com\\\/pt-pt\\\/produto\\\/foxeer-mini-cat-3-1200tvl-0-00001lux-starlight-camara-fpv\\\/\"]}]},{\"@type\":\"ImageObject\",\"inLanguage\":\"pt-PT\",\"@id\":\"https:\\\/\\\/iha-race.com\\\/pt-pt\\\/produto\\\/foxeer-mini-cat-3-1200tvl-0-00001lux-starlight-camara-fpv\\\/#primaryimage\",\"url\":\"https:\\\/\\\/iha-race.com\\\/wp-content\\\/uploads\\\/2024\\\/04\\\/Camara-Foxeer-Mini-Cat-3-1200TVL-0.00001Lux-StarLight-FPV.jpg\",\"contentUrl\":\"https:\\\/\\\/iha-race.com\\\/wp-content\\\/uploads\\\/2024\\\/04\\\/Camara-Foxeer-Mini-Cat-3-1200TVL-0.00001Lux-StarLight-FPV.jpg\",\"width\":800,\"height\":800},{\"@type\":\"BreadcrumbList\",\"@id\":\"https:\\\/\\\/iha-race.com\\\/pt-pt\\\/produto\\\/foxeer-mini-cat-3-1200tvl-0-00001lux-starlight-camara-fpv\\\/#breadcrumb\",\"itemListElement\":[{\"@type\":\"ListItem\",\"position\":1,\"name\":\"Portada\",\"item\":\"https:\\\/\\\/iha-race.com\\\/pt-pt\\\/elementor-499\\\/\"},{\"@type\":\"ListItem\",\"position\":2,\"name\":\"Shop\",\"item\":\"https:\\\/\\\/iha-race.com\\\/pt-pt\\\/shop\\\/\"},{\"@type\":\"ListItem\",\"position\":3,\"name\":\"Foxeer Mini Cat 3 1200TVL 0.00001Lux StarLight C\u00e2mara FPV\"}]},{\"@type\":\"WebSite\",\"@id\":\"https:\\\/\\\/iha-race.com\\\/pt-pt\\\/#website\",\"url\":\"https:\\\/\\\/iha-race.com\\\/pt-pt\\\/\",\"name\":\"Iha Race\",\"description\":\"Comprar drones de carreras FPV env\u00edos en un d\u00eda desde Espa\u00f1a\",\"publisher\":{\"@id\":\"https:\\\/\\\/iha-race.com\\\/pt-pt\\\/#organization\"},\"potentialAction\":[{\"@type\":\"SearchAction\",\"target\":{\"@type\":\"EntryPoint\",\"urlTemplate\":\"https:\\\/\\\/iha-race.com\\\/pt-pt\\\/?s={search_term_string}\"},\"query-input\":{\"@type\":\"PropertyValueSpecification\",\"valueRequired\":true,\"valueName\":\"search_term_string\"}}],\"inLanguage\":\"pt-PT\"},{\"@type\":\"Organization\",\"@id\":\"https:\\\/\\\/iha-race.com\\\/pt-pt\\\/#organization\",\"name\":\"Iha Race\",\"url\":\"https:\\\/\\\/iha-race.com\\\/pt-pt\\\/\",\"logo\":{\"@type\":\"ImageObject\",\"inLanguage\":\"pt-PT\",\"@id\":\"https:\\\/\\\/iha-race.com\\\/pt-pt\\\/#\\\/schema\\\/logo\\\/image\\\/\",\"url\":\"https:\\\/\\\/iha-race.com\\\/wp-content\\\/uploads\\\/2018\\\/07\\\/iha-race-drones-de-carreras-tienda-comprar-drones.png\",\"contentUrl\":\"https:\\\/\\\/iha-race.com\\\/wp-content\\\/uploads\\\/2018\\\/07\\\/iha-race-drones-de-carreras-tienda-comprar-drones.png\",\"width\":300,\"height\":100,\"caption\":\"Iha Race\"},\"image\":{\"@id\":\"https:\\\/\\\/iha-race.com\\\/pt-pt\\\/#\\\/schema\\\/logo\\\/image\\\/\"}}]}<\/script>\n<!-- \/ Yoast SEO plugin. -->","yoast_head_json":{"title":"Foxeer Mini Cat 3 1200TVL 0.00001Lux StarLight C\u00e2mara FPV - Iha Race","robots":{"index":"index","follow":"follow","max-snippet":"max-snippet:-1","max-image-preview":"max-image-preview:large","max-video-preview":"max-video-preview:-1"},"canonical":"https:\/\/iha-race.com\/pt-pt\/produto\/foxeer-mini-cat-3-1200tvl-0-00001lux-starlight-camara-fpv\/","og_locale":"pt_PT","og_type":"article","og_title":"Foxeer Mini Cat 3 1200TVL 0.00001Lux StarLight C\u00e2mara FPV - Iha Race","og_description":"Foxeer Mini Cat 3 1200TVL 0.00001Lux StarLight C\u00e2mara FPV Caracter\u00edsticas Tipo de sensor Sensor CMOS de 1\/3 Escala 4:3 (predefini\u00e7\u00e3o)\/ 16:9 comut\u00e1vel sistema de televis\u00e3o PAL (predefini\u00e7\u00e3o)\/NTSC comut\u00e1vel Resolu\u00e7\u00e3o 1200TVL","og_url":"https:\/\/iha-race.com\/pt-pt\/produto\/foxeer-mini-cat-3-1200tvl-0-00001lux-starlight-camara-fpv\/","og_site_name":"Iha Race","article_modified_time":"2024-08-29T09:19:07+00:00","og_image":[{"width":800,"height":800,"url":"https:\/\/iha-race.com\/wp-content\/uploads\/2024\/04\/Camara-Foxeer-Mini-Cat-3-1200TVL-0.00001Lux-StarLight-FPV.jpg","type":"image\/jpeg"}],"twitter_card":"summary_large_image","twitter_misc":{"Tempo estimado de leitura":"1 minuto"},"schema":{"@context":"https:\/\/schema.org","@graph":[{"@type":"WebPage","@id":"https:\/\/iha-race.com\/pt-pt\/produto\/foxeer-mini-cat-3-1200tvl-0-00001lux-starlight-camara-fpv\/","url":"https:\/\/iha-race.com\/pt-pt\/produto\/foxeer-mini-cat-3-1200tvl-0-00001lux-starlight-camara-fpv\/","name":"Foxeer Mini Cat 3 1200TVL 0.00001Lux StarLight C\u00e2mara FPV - Iha Race","isPartOf":{"@id":"https:\/\/iha-race.com\/pt-pt\/#website"},"primaryImageOfPage":{"@id":"https:\/\/iha-race.com\/pt-pt\/produto\/foxeer-mini-cat-3-1200tvl-0-00001lux-starlight-camara-fpv\/#primaryimage"},"image":{"@id":"https:\/\/iha-race.com\/pt-pt\/produto\/foxeer-mini-cat-3-1200tvl-0-00001lux-starlight-camara-fpv\/#primaryimage"},"thumbnailUrl":"https:\/\/iha-race.com\/wp-content\/uploads\/2024\/04\/Camara-Foxeer-Mini-Cat-3-1200TVL-0.00001Lux-StarLight-FPV.jpg","datePublished":"2024-04-11T15:34:52+00:00","dateModified":"2024-08-29T09:19:07+00:00","breadcrumb":{"@id":"https:\/\/iha-race.com\/pt-pt\/produto\/foxeer-mini-cat-3-1200tvl-0-00001lux-starlight-camara-fpv\/#breadcrumb"},"inLanguage":"pt-PT","potentialAction":[{"@type":"ReadAction","target":["https:\/\/iha-race.com\/pt-pt\/produto\/foxeer-mini-cat-3-1200tvl-0-00001lux-starlight-camara-fpv\/"]}]},{"@type":"ImageObject","inLanguage":"pt-PT","@id":"https:\/\/iha-race.com\/pt-pt\/produto\/foxeer-mini-cat-3-1200tvl-0-00001lux-starlight-camara-fpv\/#primaryimage","url":"https:\/\/iha-race.com\/wp-content\/uploads\/2024\/04\/Camara-Foxeer-Mini-Cat-3-1200TVL-0.00001Lux-StarLight-FPV.jpg","contentUrl":"https:\/\/iha-race.com\/wp-content\/uploads\/2024\/04\/Camara-Foxeer-Mini-Cat-3-1200TVL-0.00001Lux-StarLight-FPV.jpg","width":800,"height":800},{"@type":"BreadcrumbList","@id":"https:\/\/iha-race.com\/pt-pt\/produto\/foxeer-mini-cat-3-1200tvl-0-00001lux-starlight-camara-fpv\/#breadcrumb","itemListElement":[{"@type":"ListItem","position":1,"name":"Portada","item":"https:\/\/iha-race.com\/pt-pt\/elementor-499\/"},{"@type":"ListItem","position":2,"name":"Shop","item":"https:\/\/iha-race.com\/pt-pt\/shop\/"},{"@type":"ListItem","position":3,"name":"Foxeer Mini Cat 3 1200TVL 0.00001Lux StarLight C\u00e2mara FPV"}]},{"@type":"WebSite","@id":"https:\/\/iha-race.com\/pt-pt\/#website","url":"https:\/\/iha-race.com\/pt-pt\/","name":"Iha Race","description":"Comprar drones de carreras FPV env\u00edos en un d\u00eda desde Espa\u00f1a","publisher":{"@id":"https:\/\/iha-race.com\/pt-pt\/#organization"},"potentialAction":[{"@type":"SearchAction","target":{"@type":"EntryPoint","urlTemplate":"https:\/\/iha-race.com\/pt-pt\/?s={search_term_string}"},"query-input":{"@type":"PropertyValueSpecification","valueRequired":true,"valueName":"search_term_string"}}],"inLanguage":"pt-PT"},{"@type":"Organization","@id":"https:\/\/iha-race.com\/pt-pt\/#organization","name":"Iha Race","url":"https:\/\/iha-race.com\/pt-pt\/","logo":{"@type":"ImageObject","inLanguage":"pt-PT","@id":"https:\/\/iha-race.com\/pt-pt\/#\/schema\/logo\/image\/","url":"https:\/\/iha-race.com\/wp-content\/uploads\/2018\/07\/iha-race-drones-de-carreras-tienda-comprar-drones.png","contentUrl":"https:\/\/iha-race.com\/wp-content\/uploads\/2018\/07\/iha-race-drones-de-carreras-tienda-comprar-drones.png","width":300,"height":100,"caption":"Iha Race"},"image":{"@id":"https:\/\/iha-race.com\/pt-pt\/#\/schema\/logo\/image\/"}}]}},"jetpack_sharing_enabled":true,"brands":[],"_links":{"self":[{"href":"https:\/\/iha-race.com\/pt-pt\/wp-json\/wp\/v2\/product\/246225","targetHints":{"allow":["GET"]}}],"collection":[{"href":"https:\/\/iha-race.com\/pt-pt\/wp-json\/wp\/v2\/product"}],"about":[{"href":"https:\/\/iha-race.com\/pt-pt\/wp-json\/wp\/v2\/types\/product"}],"replies":[{"embeddable":true,"href":"https:\/\/iha-race.com\/pt-pt\/wp-json\/wp\/v2\/comments?post=246225"}],"version-history":[{"count":1,"href":"https:\/\/iha-race.com\/pt-pt\/wp-json\/wp\/v2\/product\/246225\/revisions"}],"predecessor-version":[{"id":248447,"href":"https:\/\/iha-race.com\/pt-pt\/wp-json\/wp\/v2\/product\/246225\/revisions\/248447"}],"wp:featuredmedia":[{"embeddable":true,"href":"https:\/\/iha-race.com\/pt-pt\/wp-json\/wp\/v2\/media\/245537"}],"wp:attachment":[{"href":"https:\/\/iha-race.com\/pt-pt\/wp-json\/wp\/v2\/media?parent=246225"}],"wp:term":[{"taxonomy":"pwb-brand","embeddable":true,"href":"https:\/\/iha-race.com\/pt-pt\/wp-json\/wp\/v2\/pwb-brand?post=246225"},{"taxonomy":"product_cat","embeddable":true,"href":"https:\/\/iha-race.com\/pt-pt\/wp-json\/wp\/v2\/product_cat?post=246225"},{"taxonomy":"product_tag","embeddable":true,"href":"https:\/\/iha-race.com\/pt-pt\/wp-json\/wp\/v2\/product_tag?post=246225"}],"curies":[{"name":"wp","href":"https:\/\/api.w.org\/{rel}","templated":true}]}}