{"id":246193,"date":"2024-04-11T17:27:42","date_gmt":"2024-04-11T15:27:42","guid":{"rendered":"https:\/\/iha-race.com\/producto\/foxeer-5-8g-reaper-extreme-1-8w-72ch-vtx\/"},"modified":"2025-10-02T09:15:17","modified_gmt":"2025-10-02T07:15:17","slug":"foxeer-5-8g-reaper-extreme-1-8w-72ch-vtx","status":"publish","type":"product","link":"https:\/\/iha-race.com\/pt-pt\/produto\/foxeer-5-8g-reaper-extreme-1-8w-72ch-vtx\/","title":{"rendered":"Foxeer 5.8G Reaper Extreme 1.8W 72CH VTx"},"content":{"rendered":"<h2>Foxeer 5.8G Reaper Extreme 1.8W 72CH VTx<\/h2>\n<h3>Caracter\u00edsticas<\/h3>\n<table class=\"table table-bordered\" style=\"height: 405px;\" width=\"924\">\n<tbody>\n<tr>\n<td valign=\"center\"><span>Nome<\/span><\/td>\n<td valign=\"center\"><span>Reaper Extreme 1.8W<\/span><\/td>\n<\/tr>\n<tr>\n<td valign=\"center\"><span>Tens\u00e3o de entrada<\/span><\/td>\n<td valign=\"center\"><span>9~36V<\/span><\/td>\n<\/tr>\n<tr>\n<td valign=\"center\"><span>Tens\u00e3o de sa\u00edda<\/span><\/td>\n<td valign=\"center\"><span>5V<\/span><\/td>\n<\/tr>\n<tr>\n<td valign=\"center\"><span>Canais<\/span><\/td>\n<td valign=\"center\"><span>72 canais<\/span><\/td>\n<\/tr>\n<tr>\n<td valign=\"center\"><span>For\u00e7a<\/span><\/td>\n<td valign=\"center\"><span>25 mW\/200 mW\/500 mW\/1 W\/1,8 W, a luz vermelha pisca 1\/2\/3\/4\/5 vezes de forma correspondente<\/span><\/td>\n<\/tr>\n<tr>\n<td valign=\"center\"><span>Fosso<\/span><\/td>\n<td valign=\"center\"><span>Faz duplo clique para entrar<\/span><\/td>\n<\/tr>\n<tr>\n<td valign=\"center\" width=\"235\"><span>Peso<\/span><\/td>\n<td valign=\"center\" width=\"235\"><span>13g<\/span><\/td>\n<\/tr>\n<tr>\n<td valign=\"center\" width=\"235\"><span>Orif\u00edcio de montagem<\/span><\/td>\n<td valign=\"center\" width=\"235\"><span>20*20mm M2 2,8mm de profundidade<\/span><\/td>\n<\/tr>\n<tr>\n<td valign=\"center\"><span>Tamanho<\/span><\/td>\n<td valign=\"center\"><span>36*27,5*8mm<\/span><\/td>\n<\/tr>\n<tr>\n<td valign=\"center\"><span>Consumo de energia<\/span><\/td>\n<td valign=\"center\"><span>850ma; 10V\/1,8W<\/span><\/td>\n<\/tr>\n<tr>\n<td valign=\"center\"><\/td>\n<td valign=\"center\"><\/td>\n<\/tr>\n<\/tbody>\n<\/table>\n<h3>Especifica\u00e7\u00f5es<\/h3>\n<table class=\"table table-bordered\" style=\"height: 303px;\" width=\"962\">\n<tbody>\n<tr>\n<td valign=\"center\" width=\"94\" height=\"40\"><span>Banda<\/span><\/td>\n<td valign=\"center\" width=\"65\"><span>CH1<\/span><\/td>\n<td valign=\"center\" width=\"65\"><span>CH2<\/span><\/td>\n<td valign=\"center\" width=\"65\"><span>CH3<\/span><\/td>\n<td valign=\"center\" width=\"65\"><span>CH4<\/span><\/td>\n<td valign=\"center\" width=\"65\"><span>CH5<\/span><\/td>\n<td valign=\"center\" width=\"65\"><span>CH6<\/span><\/td>\n<td valign=\"center\" width=\"65\"><span>CH7<\/span><\/td>\n<td valign=\"center\" width=\"65\"><span>CH8<\/span><\/td>\n<\/tr>\n<tr>\n<td valign=\"center\"><span>Banda A<\/span><\/td>\n<td valign=\"center\"><span>5865<\/span><\/td>\n<td valign=\"center\"><span>5845<\/span><\/td>\n<td valign=\"center\"><span>5825<\/span><\/td>\n<td valign=\"center\"><span>5805<\/span><\/td>\n<td valign=\"center\"><span>5785<\/span><\/td>\n<td valign=\"center\"><span>5765<\/span><\/td>\n<td valign=\"center\"><span>5745<\/span><\/td>\n<td valign=\"center\"><span>5725<\/span><\/td>\n<\/tr>\n<tr>\n<td valign=\"center\"><span>B e B<\/span><\/td>\n<td valign=\"center\"><span>5733<\/span><\/td>\n<td valign=\"center\"><span>5752<\/span><\/td>\n<td valign=\"center\"><span>5771<\/span><\/td>\n<td valign=\"center\"><span>5790<\/span><\/td>\n<td valign=\"center\"><span>5809<\/span><\/td>\n<td valign=\"center\"><span>5828<\/span><\/td>\n<td valign=\"center\"><span>5847<\/span><\/td>\n<td valign=\"center\"><span>5866<\/span><\/td>\n<\/tr>\n<tr>\n<td valign=\"center\"><span>Banda E<\/span><\/td>\n<td valign=\"center\"><span>5705<\/span><\/td>\n<td valign=\"center\"><span>5685<\/span><\/td>\n<td valign=\"center\"><span>5665<\/span><\/td>\n<td valign=\"center\"><span>5645<\/span><\/td>\n<td valign=\"center\"><span>5885<\/span><\/td>\n<td valign=\"center\"><span>5905<\/span><\/td>\n<td valign=\"center\"><span>5925<\/span><\/td>\n<td valign=\"center\"><span>5945<\/span><\/td>\n<\/tr>\n<tr>\n<td valign=\"center\"><span>Banda F<\/span><\/td>\n<td valign=\"center\"><span>5740<\/span><\/td>\n<td valign=\"center\"><span>5760<\/span><\/td>\n<td valign=\"center\"><span>5780<\/span><\/td>\n<td valign=\"center\"><span>5800<\/span><\/td>\n<td valign=\"center\"><span>5820<\/span><\/td>\n<td valign=\"center\"><span>5840<\/span><\/td>\n<td valign=\"center\"><span>5860<\/span><\/td>\n<td valign=\"center\"><span>5880<\/span><\/td>\n<\/tr>\n<tr>\n<td valign=\"center\"><span>Banda R<\/span><\/td>\n<td valign=\"center\"><span>5658<\/span><\/td>\n<td valign=\"center\"><span>5695<\/span><\/td>\n<td valign=\"center\"><span>5732<\/span><\/td>\n<td valign=\"center\"><span>5769<\/span><\/td>\n<td valign=\"center\"><span>5806<\/span><\/td>\n<td valign=\"center\"><span>5843<\/span><\/td>\n<td valign=\"center\"><span>5880<\/span><\/td>\n<td valign=\"center\"><span>5917<\/span><\/td>\n<\/tr>\n<tr>\n<td valign=\"center\"><span>Banda H<\/span><\/td>\n<td valign=\"center\"><span>5653<\/span><\/td>\n<td valign=\"center\"><span>5693<\/span><\/td>\n<td valign=\"center\"><span>5733<\/span><\/td>\n<td valign=\"center\"><span>5773<\/span><\/td>\n<td valign=\"center\"><span>5813<\/span><\/td>\n<td valign=\"center\"><span>5853<\/span><\/td>\n<td valign=\"center\"><span>5893<\/span><\/td>\n<td valign=\"center\"><span>5933<\/span><\/td>\n<\/tr>\n<tr>\n<td valign=\"center\"><span>Banda L<\/span><\/td>\n<td valign=\"center\"><span>5333<\/span><\/td>\n<td valign=\"center\"><span>5373<\/span><\/td>\n<td valign=\"center\"><span>5413<\/span><\/td>\n<td valign=\"center\"><span>5453<\/span><\/td>\n<td valign=\"center\"><span>5493<\/span><\/td>\n<td valign=\"center\"><span>5533<\/span><\/td>\n<td valign=\"center\"><span>5573<\/span><\/td>\n<td valign=\"center\"><span>5613<\/span><\/td>\n<\/tr>\n<tr>\n<td valign=\"center\"><span>Banda U<\/span><\/td>\n<td valign=\"center\"><span>5325<\/span><\/td>\n<td valign=\"center\"><span>5348<\/span><\/td>\n<td valign=\"center\"><span>5366<\/span><\/td>\n<td valign=\"center\"><span>5384<\/span><\/td>\n<td valign=\"center\"><span>5402<\/span><\/td>\n<td valign=\"center\"><span>5420<\/span><\/td>\n<td valign=\"center\"><span>5438<\/span><\/td>\n<td valign=\"center\"><span>5456<\/span><\/td>\n<\/tr>\n<tr>\n<td valign=\"center\"><span>banda ou<\/span><\/td>\n<td valign=\"center\"><span>5474<\/span><\/td>\n<td valign=\"center\"><span>5492<\/span><\/td>\n<td valign=\"center\"><span>5510<\/span><\/td>\n<td valign=\"center\"><span>5528<\/span><\/td>\n<td valign=\"center\"><span>5546<\/span><\/td>\n<td valign=\"center\"><span>5564<\/span><\/td>\n<td valign=\"center\"><span>5582<\/span><\/td>\n<td valign=\"center\"><span>5600<\/span><\/td>\n<\/tr>\n<\/tbody>\n<\/table>\n<h3><strong><span>Desbloqueia frequ\u00eancias e n\u00edveis de pot\u00eancia.<\/span><\/strong><\/h3>\n<p><span>Mant\u00e9m premido o bot\u00e3o &#8220;KEY&#8221; at\u00e9 o LED vermelho (PWR) acender, apagar e acender novamente; solta o bot\u00e3o para desbloquear todas as frequ\u00eancias e n\u00edveis de pot\u00eancia; o LED vermelho intermitente significa que est\u00e1 no estado desbloqueado, o LED vermelho constante significa que est\u00e1 no estado bloqueado.<\/span><\/p>\n<h3><strong><span>Liga\/desliga o modo PIT<\/span><\/strong><\/h3>\n<p><span>Clica duas vezes no bot\u00e3o &#8220;KEY&#8221; para ativar\/desativar o modo PIT. O LED vermelho (PWR) desligado significa que o modo PIT est\u00e1 ligado; o LED vermelho (PWR) ligado significa que o modo PIT est\u00e1 desligado. No modo PIT, o VTx gera uma pot\u00eancia extremamente baixa.<\/span><\/p>\n<h3><strong><span>Nota:<\/span><\/strong><\/h3>\n<p><span>Se o fio de tramp estiver ligado, o bot\u00e3o n\u00e3o funcionar\u00e1, n\u00e3o poder\u00e1s ajustar a frequ\u00eancia e a pot\u00eancia, o controlador assumir\u00e1 o controlo.<\/span><\/p>\n<p><span>O BetaFlight s\u00f3 pode aceitar um m\u00e1ximo de 64 canais, portanto, a banda O \u00e9 removida da tabela de frequ\u00eancias padr\u00e3o.<\/span><\/p>\n<h3>O pacote inclui<\/h3>\n<ul>\n<li>1 x Foxeer 5.8G Reaper Extreme 1.8W 72CH VTx<\/li>\n<\/ul>\n<p><img decoding=\"async\" src=\"https:\/\/inew.foxeer.com\/upload\/image\/20240216\/20240216022724_28030.jpg\"><\/p>\n","protected":false},"excerpt":{"rendered":"<p>Foxeer 5.8G Reaper Extreme 1.8W 72CH VTx Caracter\u00edsticas Nome Reaper Extreme 1.8W Tens\u00e3o de entrada 9~36V Tens\u00e3o de sa\u00edda 5V Canais 72 canais For\u00e7a 25 mW\/200 mW\/500 mW\/1 W\/1,8 W,<\/p>\n","protected":false},"featured_media":245515,"comment_status":"open","ping_status":"closed","template":"","meta":{"_joinchat":[]},"pwb-brand":[],"product_cat":[1229],"product_tag":[],"class_list":{"0":"post-246193","1":"product","2":"type-product","3":"status-publish","4":"has-post-thumbnail","6":"product_cat-vtx-vrx-pt-pt","8":"first","9":"outofstock","10":"taxable","11":"shipping-taxable","12":"purchasable","13":"product-type-simple"},"barcode":null,"atum_controlled":true,"out_stock_date":"2026-02-12 15:44:09","out_stock_threshold":null,"inheritable":false,"stock_on_hold":0,"sold_today":0,"sales_last_days":0,"out_stock_days":65,"lost_sales":1168,"update_date":"2026-04-18T19:10:37","atum_locations":[],"atum_stock_status":"outofstock","restock_status":false,"low_stock_amount":"","sales_update_date":"2026-04-18T19:10:37","calc_backorders":null,"yoast_head":"<!-- This site is optimized with the Yoast SEO plugin v27.3 - https:\/\/yoast.com\/product\/yoast-seo-wordpress\/ -->\n<title>Foxeer 5.8G Reaper Extreme 1.8W 72CH VTx - Iha Race<\/title>\n<meta name=\"robots\" content=\"index, follow, max-snippet:-1, max-image-preview:large, max-video-preview:-1\" \/>\n<link rel=\"canonical\" href=\"https:\/\/iha-race.com\/pt-pt\/produto\/foxeer-5-8g-reaper-extreme-1-8w-72ch-vtx\/\" \/>\n<meta property=\"og:locale\" content=\"pt_PT\" \/>\n<meta property=\"og:type\" content=\"article\" \/>\n<meta property=\"og:title\" content=\"Foxeer 5.8G Reaper Extreme 1.8W 72CH VTx - Iha Race\" \/>\n<meta property=\"og:description\" content=\"Foxeer 5.8G Reaper Extreme 1.8W 72CH VTx Caracter\u00edsticas Nome Reaper Extreme 1.8W Tens\u00e3o de entrada 9~36V Tens\u00e3o de sa\u00edda 5V Canais 72 canais For\u00e7a 25 mW\/200 mW\/500 mW\/1 W\/1,8 W,\" \/>\n<meta property=\"og:url\" content=\"https:\/\/iha-race.com\/pt-pt\/produto\/foxeer-5-8g-reaper-extreme-1-8w-72ch-vtx\/\" \/>\n<meta property=\"og:site_name\" content=\"Iha Race\" \/>\n<meta property=\"article:modified_time\" content=\"2025-10-02T07:15:17+00:00\" \/>\n<meta property=\"og:image\" content=\"https:\/\/iha-race.com\/wp-content\/uploads\/2024\/04\/Foxeer-5.8G-Reaper-Extremo-1.8W-72CH-VTx.jpg\" \/>\n\t<meta property=\"og:image:width\" content=\"800\" \/>\n\t<meta property=\"og:image:height\" content=\"800\" \/>\n\t<meta property=\"og:image:type\" content=\"image\/jpeg\" \/>\n<meta name=\"twitter:card\" content=\"summary_large_image\" \/>\n<meta name=\"twitter:label1\" content=\"Tempo estimado de leitura\" \/>\n\t<meta name=\"twitter:data1\" content=\"1 minuto\" \/>\n<script type=\"application\/ld+json\" class=\"yoast-schema-graph\">{\"@context\":\"https:\\\/\\\/schema.org\",\"@graph\":[{\"@type\":\"WebPage\",\"@id\":\"https:\\\/\\\/iha-race.com\\\/pt-pt\\\/produto\\\/foxeer-5-8g-reaper-extreme-1-8w-72ch-vtx\\\/\",\"url\":\"https:\\\/\\\/iha-race.com\\\/pt-pt\\\/produto\\\/foxeer-5-8g-reaper-extreme-1-8w-72ch-vtx\\\/\",\"name\":\"Foxeer 5.8G Reaper Extreme 1.8W 72CH VTx - Iha Race\",\"isPartOf\":{\"@id\":\"https:\\\/\\\/iha-race.com\\\/pt-pt\\\/#website\"},\"primaryImageOfPage\":{\"@id\":\"https:\\\/\\\/iha-race.com\\\/pt-pt\\\/produto\\\/foxeer-5-8g-reaper-extreme-1-8w-72ch-vtx\\\/#primaryimage\"},\"image\":{\"@id\":\"https:\\\/\\\/iha-race.com\\\/pt-pt\\\/produto\\\/foxeer-5-8g-reaper-extreme-1-8w-72ch-vtx\\\/#primaryimage\"},\"thumbnailUrl\":\"https:\\\/\\\/iha-race.com\\\/wp-content\\\/uploads\\\/2024\\\/04\\\/Foxeer-5.8G-Reaper-Extremo-1.8W-72CH-VTx.jpg\",\"datePublished\":\"2024-04-11T15:27:42+00:00\",\"dateModified\":\"2025-10-02T07:15:17+00:00\",\"breadcrumb\":{\"@id\":\"https:\\\/\\\/iha-race.com\\\/pt-pt\\\/produto\\\/foxeer-5-8g-reaper-extreme-1-8w-72ch-vtx\\\/#breadcrumb\"},\"inLanguage\":\"pt-PT\",\"potentialAction\":[{\"@type\":\"ReadAction\",\"target\":[\"https:\\\/\\\/iha-race.com\\\/pt-pt\\\/produto\\\/foxeer-5-8g-reaper-extreme-1-8w-72ch-vtx\\\/\"]}]},{\"@type\":\"ImageObject\",\"inLanguage\":\"pt-PT\",\"@id\":\"https:\\\/\\\/iha-race.com\\\/pt-pt\\\/produto\\\/foxeer-5-8g-reaper-extreme-1-8w-72ch-vtx\\\/#primaryimage\",\"url\":\"https:\\\/\\\/iha-race.com\\\/wp-content\\\/uploads\\\/2024\\\/04\\\/Foxeer-5.8G-Reaper-Extremo-1.8W-72CH-VTx.jpg\",\"contentUrl\":\"https:\\\/\\\/iha-race.com\\\/wp-content\\\/uploads\\\/2024\\\/04\\\/Foxeer-5.8G-Reaper-Extremo-1.8W-72CH-VTx.jpg\",\"width\":800,\"height\":800},{\"@type\":\"BreadcrumbList\",\"@id\":\"https:\\\/\\\/iha-race.com\\\/pt-pt\\\/produto\\\/foxeer-5-8g-reaper-extreme-1-8w-72ch-vtx\\\/#breadcrumb\",\"itemListElement\":[{\"@type\":\"ListItem\",\"position\":1,\"name\":\"Portada\",\"item\":\"https:\\\/\\\/iha-race.com\\\/pt-pt\\\/elementor-499\\\/\"},{\"@type\":\"ListItem\",\"position\":2,\"name\":\"Shop\",\"item\":\"https:\\\/\\\/iha-race.com\\\/pt-pt\\\/shop\\\/\"},{\"@type\":\"ListItem\",\"position\":3,\"name\":\"Foxeer 5.8G Reaper Extreme 1.8W 72CH VTx\"}]},{\"@type\":\"WebSite\",\"@id\":\"https:\\\/\\\/iha-race.com\\\/pt-pt\\\/#website\",\"url\":\"https:\\\/\\\/iha-race.com\\\/pt-pt\\\/\",\"name\":\"Iha Race\",\"description\":\"Comprar drones de carreras FPV env\u00edos en un d\u00eda desde Espa\u00f1a\",\"publisher\":{\"@id\":\"https:\\\/\\\/iha-race.com\\\/pt-pt\\\/#organization\"},\"potentialAction\":[{\"@type\":\"SearchAction\",\"target\":{\"@type\":\"EntryPoint\",\"urlTemplate\":\"https:\\\/\\\/iha-race.com\\\/pt-pt\\\/?s={search_term_string}\"},\"query-input\":{\"@type\":\"PropertyValueSpecification\",\"valueRequired\":true,\"valueName\":\"search_term_string\"}}],\"inLanguage\":\"pt-PT\"},{\"@type\":\"Organization\",\"@id\":\"https:\\\/\\\/iha-race.com\\\/pt-pt\\\/#organization\",\"name\":\"Iha Race\",\"url\":\"https:\\\/\\\/iha-race.com\\\/pt-pt\\\/\",\"logo\":{\"@type\":\"ImageObject\",\"inLanguage\":\"pt-PT\",\"@id\":\"https:\\\/\\\/iha-race.com\\\/pt-pt\\\/#\\\/schema\\\/logo\\\/image\\\/\",\"url\":\"https:\\\/\\\/iha-race.com\\\/wp-content\\\/uploads\\\/2018\\\/07\\\/iha-race-drones-de-carreras-tienda-comprar-drones.png\",\"contentUrl\":\"https:\\\/\\\/iha-race.com\\\/wp-content\\\/uploads\\\/2018\\\/07\\\/iha-race-drones-de-carreras-tienda-comprar-drones.png\",\"width\":300,\"height\":100,\"caption\":\"Iha Race\"},\"image\":{\"@id\":\"https:\\\/\\\/iha-race.com\\\/pt-pt\\\/#\\\/schema\\\/logo\\\/image\\\/\"}}]}<\/script>\n<!-- \/ Yoast SEO plugin. -->","yoast_head_json":{"title":"Foxeer 5.8G Reaper Extreme 1.8W 72CH VTx - Iha Race","robots":{"index":"index","follow":"follow","max-snippet":"max-snippet:-1","max-image-preview":"max-image-preview:large","max-video-preview":"max-video-preview:-1"},"canonical":"https:\/\/iha-race.com\/pt-pt\/produto\/foxeer-5-8g-reaper-extreme-1-8w-72ch-vtx\/","og_locale":"pt_PT","og_type":"article","og_title":"Foxeer 5.8G Reaper Extreme 1.8W 72CH VTx - Iha Race","og_description":"Foxeer 5.8G Reaper Extreme 1.8W 72CH VTx Caracter\u00edsticas Nome Reaper Extreme 1.8W Tens\u00e3o de entrada 9~36V Tens\u00e3o de sa\u00edda 5V Canais 72 canais For\u00e7a 25 mW\/200 mW\/500 mW\/1 W\/1,8 W,","og_url":"https:\/\/iha-race.com\/pt-pt\/produto\/foxeer-5-8g-reaper-extreme-1-8w-72ch-vtx\/","og_site_name":"Iha Race","article_modified_time":"2025-10-02T07:15:17+00:00","og_image":[{"width":800,"height":800,"url":"https:\/\/iha-race.com\/wp-content\/uploads\/2024\/04\/Foxeer-5.8G-Reaper-Extremo-1.8W-72CH-VTx.jpg","type":"image\/jpeg"}],"twitter_card":"summary_large_image","twitter_misc":{"Tempo estimado de leitura":"1 minuto"},"schema":{"@context":"https:\/\/schema.org","@graph":[{"@type":"WebPage","@id":"https:\/\/iha-race.com\/pt-pt\/produto\/foxeer-5-8g-reaper-extreme-1-8w-72ch-vtx\/","url":"https:\/\/iha-race.com\/pt-pt\/produto\/foxeer-5-8g-reaper-extreme-1-8w-72ch-vtx\/","name":"Foxeer 5.8G Reaper Extreme 1.8W 72CH VTx - Iha Race","isPartOf":{"@id":"https:\/\/iha-race.com\/pt-pt\/#website"},"primaryImageOfPage":{"@id":"https:\/\/iha-race.com\/pt-pt\/produto\/foxeer-5-8g-reaper-extreme-1-8w-72ch-vtx\/#primaryimage"},"image":{"@id":"https:\/\/iha-race.com\/pt-pt\/produto\/foxeer-5-8g-reaper-extreme-1-8w-72ch-vtx\/#primaryimage"},"thumbnailUrl":"https:\/\/iha-race.com\/wp-content\/uploads\/2024\/04\/Foxeer-5.8G-Reaper-Extremo-1.8W-72CH-VTx.jpg","datePublished":"2024-04-11T15:27:42+00:00","dateModified":"2025-10-02T07:15:17+00:00","breadcrumb":{"@id":"https:\/\/iha-race.com\/pt-pt\/produto\/foxeer-5-8g-reaper-extreme-1-8w-72ch-vtx\/#breadcrumb"},"inLanguage":"pt-PT","potentialAction":[{"@type":"ReadAction","target":["https:\/\/iha-race.com\/pt-pt\/produto\/foxeer-5-8g-reaper-extreme-1-8w-72ch-vtx\/"]}]},{"@type":"ImageObject","inLanguage":"pt-PT","@id":"https:\/\/iha-race.com\/pt-pt\/produto\/foxeer-5-8g-reaper-extreme-1-8w-72ch-vtx\/#primaryimage","url":"https:\/\/iha-race.com\/wp-content\/uploads\/2024\/04\/Foxeer-5.8G-Reaper-Extremo-1.8W-72CH-VTx.jpg","contentUrl":"https:\/\/iha-race.com\/wp-content\/uploads\/2024\/04\/Foxeer-5.8G-Reaper-Extremo-1.8W-72CH-VTx.jpg","width":800,"height":800},{"@type":"BreadcrumbList","@id":"https:\/\/iha-race.com\/pt-pt\/produto\/foxeer-5-8g-reaper-extreme-1-8w-72ch-vtx\/#breadcrumb","itemListElement":[{"@type":"ListItem","position":1,"name":"Portada","item":"https:\/\/iha-race.com\/pt-pt\/elementor-499\/"},{"@type":"ListItem","position":2,"name":"Shop","item":"https:\/\/iha-race.com\/pt-pt\/shop\/"},{"@type":"ListItem","position":3,"name":"Foxeer 5.8G Reaper Extreme 1.8W 72CH VTx"}]},{"@type":"WebSite","@id":"https:\/\/iha-race.com\/pt-pt\/#website","url":"https:\/\/iha-race.com\/pt-pt\/","name":"Iha Race","description":"Comprar drones de carreras FPV env\u00edos en un d\u00eda desde Espa\u00f1a","publisher":{"@id":"https:\/\/iha-race.com\/pt-pt\/#organization"},"potentialAction":[{"@type":"SearchAction","target":{"@type":"EntryPoint","urlTemplate":"https:\/\/iha-race.com\/pt-pt\/?s={search_term_string}"},"query-input":{"@type":"PropertyValueSpecification","valueRequired":true,"valueName":"search_term_string"}}],"inLanguage":"pt-PT"},{"@type":"Organization","@id":"https:\/\/iha-race.com\/pt-pt\/#organization","name":"Iha Race","url":"https:\/\/iha-race.com\/pt-pt\/","logo":{"@type":"ImageObject","inLanguage":"pt-PT","@id":"https:\/\/iha-race.com\/pt-pt\/#\/schema\/logo\/image\/","url":"https:\/\/iha-race.com\/wp-content\/uploads\/2018\/07\/iha-race-drones-de-carreras-tienda-comprar-drones.png","contentUrl":"https:\/\/iha-race.com\/wp-content\/uploads\/2018\/07\/iha-race-drones-de-carreras-tienda-comprar-drones.png","width":300,"height":100,"caption":"Iha Race"},"image":{"@id":"https:\/\/iha-race.com\/pt-pt\/#\/schema\/logo\/image\/"}}]}},"jetpack_sharing_enabled":true,"brands":[],"_links":{"self":[{"href":"https:\/\/iha-race.com\/pt-pt\/wp-json\/wp\/v2\/product\/246193","targetHints":{"allow":["GET"]}}],"collection":[{"href":"https:\/\/iha-race.com\/pt-pt\/wp-json\/wp\/v2\/product"}],"about":[{"href":"https:\/\/iha-race.com\/pt-pt\/wp-json\/wp\/v2\/types\/product"}],"replies":[{"embeddable":true,"href":"https:\/\/iha-race.com\/pt-pt\/wp-json\/wp\/v2\/comments?post=246193"}],"version-history":[{"count":1,"href":"https:\/\/iha-race.com\/pt-pt\/wp-json\/wp\/v2\/product\/246193\/revisions"}],"predecessor-version":[{"id":248441,"href":"https:\/\/iha-race.com\/pt-pt\/wp-json\/wp\/v2\/product\/246193\/revisions\/248441"}],"wp:featuredmedia":[{"embeddable":true,"href":"https:\/\/iha-race.com\/pt-pt\/wp-json\/wp\/v2\/media\/245515"}],"wp:attachment":[{"href":"https:\/\/iha-race.com\/pt-pt\/wp-json\/wp\/v2\/media?parent=246193"}],"wp:term":[{"taxonomy":"pwb-brand","embeddable":true,"href":"https:\/\/iha-race.com\/pt-pt\/wp-json\/wp\/v2\/pwb-brand?post=246193"},{"taxonomy":"product_cat","embeddable":true,"href":"https:\/\/iha-race.com\/pt-pt\/wp-json\/wp\/v2\/product_cat?post=246193"},{"taxonomy":"product_tag","embeddable":true,"href":"https:\/\/iha-race.com\/pt-pt\/wp-json\/wp\/v2\/product_tag?post=246193"}],"curies":[{"name":"wp","href":"https:\/\/api.w.org\/{rel}","templated":true}]}}