{"id":246175,"date":"2024-03-22T18:28:32","date_gmt":"2024-03-22T17:28:32","guid":{"rendered":"https:\/\/iha-race.com\/producto\/meteor65-pro-frame-kit-azul\/"},"modified":"2024-10-17T11:53:04","modified_gmt":"2024-10-17T09:53:04","slug":"meteor65-pro-frame-kit-azul","status":"publish","type":"product","link":"https:\/\/iha-race.com\/pt-pt\/produto\/meteor65-pro-frame-kit-azul\/","title":{"rendered":"Meteor65 Pro Frame Kit (Azul)"},"content":{"rendered":"<h1>Meteor65 Pro Frame Kit (Azul)<\/h1>\n<p>  A \u00faltima apari\u00e7\u00e3o da estrutura brushless 1S de 65mm para o Quadcopter Meteor65 Pro. Com uma ranhura para a bateria com um design elegante que mant\u00e9m um perfil baixo e uma estrutura el\u00e1stica triangular bilateral da posi\u00e7\u00e3o de montagem do motor, este quadro pesa apenas 3,20 g.<span class=\"a-list-item\"> <\/span><\/p>\n<p><img decoding=\"async\" src=\"https:\/\/cdn.shopify.com\/s\/files\/1\/1778\/6615\/files\/FB4-1_3a5ec9f1-068f-4c9c-9537-61859042dedc_1024x1024.jpg?v=1656409933\" alt=\"\"><\/p>\n<h2>Caracter\u00edsticas<\/h2>\n<ul>\n<li>Em compara\u00e7\u00e3o com as anteriores estruturas sem escovas de 65 mm, com o perfil baixo da altura da ranhura da bateria, o centro de gravidade do drone \u00e9 reduzido e a sensa\u00e7\u00e3o de compacidade \u00e9 melhorada.<\/li>\n<li>O espa\u00e7o para a placa FC \u00e9 limitado para suportar h\u00e9lices de 35 mm num drone de 65 mm. Por isso, este quadro Meteor65 Pro s\u00f3 pode suportar quadros FC em forma de cruz. A placa normal do FC whoop N\u00c3O se adapta a este quadro.<\/li>\n<li>A posi\u00e7\u00e3o de montagem do motor do quadro do Meteor65 Pro utiliza uma estrutura el\u00e1stica triangular bilateral, o que torna o quadro mais agrad\u00e1vel do ponto de vista est\u00e9tico. Proporciona-te uma experi\u00eancia de voo mais longa e mais suave.<\/li>\n<li>A estrutura ultra-leve e dur\u00e1vel \u00e9 feita de material PP, pesando apenas 3,20g, que \u00e9 uma das estruturas mais leves que o controlador de voo sem escovas F4 1S 5A AIO (ELRS 2.4G) pode igualar.<\/li>\n<li>A estrutura \u00e9 adequada para h\u00e9lices de 31-35 mm, tais como h\u00e9lices Gemfan de 35 mm-3. Aten\u00e7\u00e3o, h\u00e9lices HQ de 35 mm. \u00c9 ligeiramente maior e N\u00c3O se adapta a esta arma\u00e7\u00e3o.<\/li>\n<\/ul>\n<h2>S\u00e9rie de molduras coloridas<\/h2>\n<p>  O Quadcopter Meteor65 Pro Brushless tornou-se mais popular entre a maioria dos pilotos desde o seu lan\u00e7amento. N\u00e3o s\u00f3 dur\u00e1vel como antes, mas tamb\u00e9m mais colorido. Lan\u00e7a agora novas molduras com 10 novas cores para o Meteor65 Pro. Escolhe a cor que mais te agrada ou colecciona todas para misturar e combinar os drones.  <img decoding=\"async\" src=\"https:\/\/cdn.shopify.com\/s\/files\/1\/1778\/6615\/files\/FB1_62e7d932-8d1b-4949-b975-65ffc6587798_1024x1024.jpg?v=1656412485\" alt=\"\"><\/p>\n<h2>Especifica\u00e7\u00f5es<\/h2>\n<ul>\n<li>Artigo: Meteor65 Pro Frame<\/li>\n<li>Material: PP<\/li>\n<li>Tamanho: 65mm<\/li>\n<li>Orif\u00edcio de montagem FC: 26 mm x 26 mm, compat\u00edvel com o padr\u00e3o de montagem da placa FC em forma de cruz tipo whoop. N\u00c3O \u00e9 compat\u00edvel com a placa normal do whoop FC.<\/li>\n<li>Orif\u00edcio de montagem do motor: Para o motor 0802SE 19500KV.<\/li>\n<li>Peso: 3,20 g<\/li>\n<li>H\u00e9lice adequada: h\u00e9lices de 35 mm ou 31 mm. Recomenda h\u00e9lices Gemfan de 35mm-3. Tem em aten\u00e7\u00e3o que as h\u00e9lices HQ de 35 mm s\u00e3o ligeiramente maiores e N\u00c3O se adaptam a esta estrutura.<\/li>\n<\/ul>\n<p><img decoding=\"async\" src=\"https:\/\/cdn.shopifycdn.net\/s\/files\/1\/1778\/6615\/files\/db333493f539cb9180fe72c38b6ad8cc_600x600.jpg?v=1636020014\" alt=\"\"><\/p>\n<h2 class=\"p1\">Pe\u00e7as recomendadas<\/h2>\n<p>  A estrutura do Meteor65 Pro s\u00f3 \u00e9 compat\u00edvel com a placa FC em forma de cruz e com as h\u00e9lices Gemfan de 35mm-3.  <\/p>\n<ul>\n<li>H\u00e9lices: 35 mm e acess\u00f3rios Gemfan de 3 p\u00e1s<\/li>\n<li>Motores: Motor 0802SE 19500KV<\/li>\n<li>Baterias: Bateria BT2.0 300mAh 1S<\/li>\n<li>FC: Controlador de voo sem escovas F4 1S 5A AIO (ELRS 2.4G)<\/li>\n<li>Parafusos: Conjunto de parafusos de montagem do motor da s\u00e9rie Meteor (40 unidades)<\/li>\n<\/ul>\n<p><span style=\"color: #ff2a00;\"><strong>Nota: A placa normal FC whoop N\u00c3O \u00e9 compat\u00edvel com este quadro.<\/strong><\/span><\/p>\n<p><span style=\"color: #ff2a00;\"><strong>Nota: As h\u00e9lices HQ de 35 mm s\u00e3o ligeiramente maiores e N\u00c3O se adaptam a este quadro.<\/strong><\/span><\/p>\n<p><img decoding=\"async\" src=\"https:\/\/cdn.shopify.com\/s\/files\/1\/1778\/6615\/files\/019287d85a5ece20b74e63f0e78b066a_dc7a2d39-1caa-408e-bb06-c541a0285799_480x480.jpg?v=1656400986\" alt=\"\"><\/p>\n<h2 class=\"p1\">O pacote inclui<\/h2>\n<ul>\n<li>1 x kit de quadro Meteor65 Pro (S\u00d3 COR AZUL)<\/li>\n<\/ul>\n","protected":false},"excerpt":{"rendered":"<p>Meteor65 Pro Frame Kit (Azul) A \u00faltima apari\u00e7\u00e3o da estrutura brushless 1S de 65mm para o Quadcopter Meteor65 Pro. Com uma ranhura para a bateria com um design elegante que<\/p>\n","protected":false},"featured_media":253965,"comment_status":"open","ping_status":"closed","template":"","meta":{"_joinchat":[]},"pwb-brand":[],"product_cat":[27,3667],"product_tag":[],"class_list":{"0":"post-246175","1":"product","2":"type-product","3":"status-publish","4":"has-post-thumbnail","6":"product_cat-drones-fpv","7":"product_cat-cuadros-frame","9":"first","10":"instock","11":"taxable","12":"shipping-taxable","13":"purchasable","14":"product-type-variable"},"barcode":null,"atum_controlled":true,"out_stock_date":"2025-10-02 23:27:46","out_stock_threshold":null,"inheritable":true,"stock_on_hold":0,"sold_today":0,"sales_last_days":2,"out_stock_days":54,"lost_sales":0,"update_date":"2026-04-18T09:21:43","atum_locations":[],"atum_stock_status":"instock","restock_status":false,"low_stock_amount":"","sales_update_date":"2026-04-18T09:21:43","calc_backorders":null,"yoast_head":"<!-- This site is optimized with the Yoast SEO plugin v27.3 - https:\/\/yoast.com\/product\/yoast-seo-wordpress\/ -->\n<title>Meteor65 Pro Frame Kit (Azul) - Iha Race<\/title>\n<meta name=\"robots\" content=\"index, follow, max-snippet:-1, max-image-preview:large, max-video-preview:-1\" \/>\n<link rel=\"canonical\" href=\"https:\/\/iha-race.com\/pt-pt\/produto\/meteor65-pro-frame-kit-azul\/\" \/>\n<meta property=\"og:locale\" content=\"pt_PT\" \/>\n<meta property=\"og:type\" content=\"article\" \/>\n<meta property=\"og:title\" content=\"Meteor65 Pro Frame Kit (Azul) - Iha Race\" \/>\n<meta property=\"og:description\" content=\"Meteor65 Pro Frame Kit (Azul) A \u00faltima apari\u00e7\u00e3o da estrutura brushless 1S de 65mm para o Quadcopter Meteor65 Pro. Com uma ranhura para a bateria com um design elegante que\" \/>\n<meta property=\"og:url\" content=\"https:\/\/iha-race.com\/pt-pt\/produto\/meteor65-pro-frame-kit-azul\/\" \/>\n<meta property=\"og:site_name\" content=\"Iha Race\" \/>\n<meta property=\"article:modified_time\" content=\"2024-10-17T09:53:04+00:00\" \/>\n<meta property=\"og:image\" content=\"https:\/\/iha-race.com\/wp-content\/uploads\/2024\/03\/Kit-de-marco-Meteor65-Pro.webp\" \/>\n\t<meta property=\"og:image:width\" content=\"720\" \/>\n\t<meta property=\"og:image:height\" content=\"720\" \/>\n\t<meta property=\"og:image:type\" content=\"image\/webp\" \/>\n<meta name=\"twitter:card\" content=\"summary_large_image\" \/>\n<meta name=\"twitter:label1\" content=\"Tempo estimado de leitura\" \/>\n\t<meta name=\"twitter:data1\" content=\"3 minutos\" \/>\n<script type=\"application\/ld+json\" class=\"yoast-schema-graph\">{\"@context\":\"https:\\\/\\\/schema.org\",\"@graph\":[{\"@type\":\"WebPage\",\"@id\":\"https:\\\/\\\/iha-race.com\\\/pt-pt\\\/produto\\\/meteor65-pro-frame-kit-azul\\\/\",\"url\":\"https:\\\/\\\/iha-race.com\\\/pt-pt\\\/produto\\\/meteor65-pro-frame-kit-azul\\\/\",\"name\":\"Meteor65 Pro Frame Kit (Azul) - Iha Race\",\"isPartOf\":{\"@id\":\"https:\\\/\\\/iha-race.com\\\/pt-pt\\\/#website\"},\"primaryImageOfPage\":{\"@id\":\"https:\\\/\\\/iha-race.com\\\/pt-pt\\\/produto\\\/meteor65-pro-frame-kit-azul\\\/#primaryimage\"},\"image\":{\"@id\":\"https:\\\/\\\/iha-race.com\\\/pt-pt\\\/produto\\\/meteor65-pro-frame-kit-azul\\\/#primaryimage\"},\"thumbnailUrl\":\"https:\\\/\\\/iha-race.com\\\/wp-content\\\/uploads\\\/2024\\\/03\\\/Cuadro-Whoop-sin-escobillas-Air65.webp\",\"datePublished\":\"2024-03-22T17:28:32+00:00\",\"dateModified\":\"2024-10-17T09:53:04+00:00\",\"breadcrumb\":{\"@id\":\"https:\\\/\\\/iha-race.com\\\/pt-pt\\\/produto\\\/meteor65-pro-frame-kit-azul\\\/#breadcrumb\"},\"inLanguage\":\"pt-PT\",\"potentialAction\":[{\"@type\":\"ReadAction\",\"target\":[\"https:\\\/\\\/iha-race.com\\\/pt-pt\\\/produto\\\/meteor65-pro-frame-kit-azul\\\/\"]}]},{\"@type\":\"ImageObject\",\"inLanguage\":\"pt-PT\",\"@id\":\"https:\\\/\\\/iha-race.com\\\/pt-pt\\\/produto\\\/meteor65-pro-frame-kit-azul\\\/#primaryimage\",\"url\":\"https:\\\/\\\/iha-race.com\\\/wp-content\\\/uploads\\\/2024\\\/03\\\/Cuadro-Whoop-sin-escobillas-Air65.webp\",\"contentUrl\":\"https:\\\/\\\/iha-race.com\\\/wp-content\\\/uploads\\\/2024\\\/03\\\/Cuadro-Whoop-sin-escobillas-Air65.webp\",\"width\":540,\"height\":540,\"caption\":\"Comprar Cuadro Whoop sin escobillas Air65\"},{\"@type\":\"BreadcrumbList\",\"@id\":\"https:\\\/\\\/iha-race.com\\\/pt-pt\\\/produto\\\/meteor65-pro-frame-kit-azul\\\/#breadcrumb\",\"itemListElement\":[{\"@type\":\"ListItem\",\"position\":1,\"name\":\"Portada\",\"item\":\"https:\\\/\\\/iha-race.com\\\/pt-pt\\\/elementor-499\\\/\"},{\"@type\":\"ListItem\",\"position\":2,\"name\":\"Shop\",\"item\":\"https:\\\/\\\/iha-race.com\\\/pt-pt\\\/shop\\\/\"},{\"@type\":\"ListItem\",\"position\":3,\"name\":\"Meteor65 Pro Frame Kit (Azul)\"}]},{\"@type\":\"WebSite\",\"@id\":\"https:\\\/\\\/iha-race.com\\\/pt-pt\\\/#website\",\"url\":\"https:\\\/\\\/iha-race.com\\\/pt-pt\\\/\",\"name\":\"Iha Race\",\"description\":\"Comprar drones de carreras FPV env\u00edos en un d\u00eda desde Espa\u00f1a\",\"publisher\":{\"@id\":\"https:\\\/\\\/iha-race.com\\\/pt-pt\\\/#organization\"},\"potentialAction\":[{\"@type\":\"SearchAction\",\"target\":{\"@type\":\"EntryPoint\",\"urlTemplate\":\"https:\\\/\\\/iha-race.com\\\/pt-pt\\\/?s={search_term_string}\"},\"query-input\":{\"@type\":\"PropertyValueSpecification\",\"valueRequired\":true,\"valueName\":\"search_term_string\"}}],\"inLanguage\":\"pt-PT\"},{\"@type\":\"Organization\",\"@id\":\"https:\\\/\\\/iha-race.com\\\/pt-pt\\\/#organization\",\"name\":\"Iha Race\",\"url\":\"https:\\\/\\\/iha-race.com\\\/pt-pt\\\/\",\"logo\":{\"@type\":\"ImageObject\",\"inLanguage\":\"pt-PT\",\"@id\":\"https:\\\/\\\/iha-race.com\\\/pt-pt\\\/#\\\/schema\\\/logo\\\/image\\\/\",\"url\":\"https:\\\/\\\/iha-race.com\\\/wp-content\\\/uploads\\\/2018\\\/07\\\/iha-race-drones-de-carreras-tienda-comprar-drones.png\",\"contentUrl\":\"https:\\\/\\\/iha-race.com\\\/wp-content\\\/uploads\\\/2018\\\/07\\\/iha-race-drones-de-carreras-tienda-comprar-drones.png\",\"width\":300,\"height\":100,\"caption\":\"Iha Race\"},\"image\":{\"@id\":\"https:\\\/\\\/iha-race.com\\\/pt-pt\\\/#\\\/schema\\\/logo\\\/image\\\/\"}}]}<\/script>\n<!-- \/ Yoast SEO plugin. -->","yoast_head_json":{"title":"Meteor65 Pro Frame Kit (Azul) - Iha Race","robots":{"index":"index","follow":"follow","max-snippet":"max-snippet:-1","max-image-preview":"max-image-preview:large","max-video-preview":"max-video-preview:-1"},"canonical":"https:\/\/iha-race.com\/pt-pt\/produto\/meteor65-pro-frame-kit-azul\/","og_locale":"pt_PT","og_type":"article","og_title":"Meteor65 Pro Frame Kit (Azul) - Iha Race","og_description":"Meteor65 Pro Frame Kit (Azul) A \u00faltima apari\u00e7\u00e3o da estrutura brushless 1S de 65mm para o Quadcopter Meteor65 Pro. Com uma ranhura para a bateria com um design elegante que","og_url":"https:\/\/iha-race.com\/pt-pt\/produto\/meteor65-pro-frame-kit-azul\/","og_site_name":"Iha Race","article_modified_time":"2024-10-17T09:53:04+00:00","og_image":[{"width":720,"height":720,"url":"https:\/\/iha-race.com\/wp-content\/uploads\/2024\/03\/Kit-de-marco-Meteor65-Pro.webp","type":"image\/webp"}],"twitter_card":"summary_large_image","twitter_misc":{"Tempo estimado de leitura":"3 minutos"},"schema":{"@context":"https:\/\/schema.org","@graph":[{"@type":"WebPage","@id":"https:\/\/iha-race.com\/pt-pt\/produto\/meteor65-pro-frame-kit-azul\/","url":"https:\/\/iha-race.com\/pt-pt\/produto\/meteor65-pro-frame-kit-azul\/","name":"Meteor65 Pro Frame Kit (Azul) - Iha Race","isPartOf":{"@id":"https:\/\/iha-race.com\/pt-pt\/#website"},"primaryImageOfPage":{"@id":"https:\/\/iha-race.com\/pt-pt\/produto\/meteor65-pro-frame-kit-azul\/#primaryimage"},"image":{"@id":"https:\/\/iha-race.com\/pt-pt\/produto\/meteor65-pro-frame-kit-azul\/#primaryimage"},"thumbnailUrl":"https:\/\/iha-race.com\/wp-content\/uploads\/2024\/03\/Cuadro-Whoop-sin-escobillas-Air65.webp","datePublished":"2024-03-22T17:28:32+00:00","dateModified":"2024-10-17T09:53:04+00:00","breadcrumb":{"@id":"https:\/\/iha-race.com\/pt-pt\/produto\/meteor65-pro-frame-kit-azul\/#breadcrumb"},"inLanguage":"pt-PT","potentialAction":[{"@type":"ReadAction","target":["https:\/\/iha-race.com\/pt-pt\/produto\/meteor65-pro-frame-kit-azul\/"]}]},{"@type":"ImageObject","inLanguage":"pt-PT","@id":"https:\/\/iha-race.com\/pt-pt\/produto\/meteor65-pro-frame-kit-azul\/#primaryimage","url":"https:\/\/iha-race.com\/wp-content\/uploads\/2024\/03\/Cuadro-Whoop-sin-escobillas-Air65.webp","contentUrl":"https:\/\/iha-race.com\/wp-content\/uploads\/2024\/03\/Cuadro-Whoop-sin-escobillas-Air65.webp","width":540,"height":540,"caption":"Comprar Cuadro Whoop sin escobillas Air65"},{"@type":"BreadcrumbList","@id":"https:\/\/iha-race.com\/pt-pt\/produto\/meteor65-pro-frame-kit-azul\/#breadcrumb","itemListElement":[{"@type":"ListItem","position":1,"name":"Portada","item":"https:\/\/iha-race.com\/pt-pt\/elementor-499\/"},{"@type":"ListItem","position":2,"name":"Shop","item":"https:\/\/iha-race.com\/pt-pt\/shop\/"},{"@type":"ListItem","position":3,"name":"Meteor65 Pro Frame Kit (Azul)"}]},{"@type":"WebSite","@id":"https:\/\/iha-race.com\/pt-pt\/#website","url":"https:\/\/iha-race.com\/pt-pt\/","name":"Iha Race","description":"Comprar drones de carreras FPV env\u00edos en un d\u00eda desde Espa\u00f1a","publisher":{"@id":"https:\/\/iha-race.com\/pt-pt\/#organization"},"potentialAction":[{"@type":"SearchAction","target":{"@type":"EntryPoint","urlTemplate":"https:\/\/iha-race.com\/pt-pt\/?s={search_term_string}"},"query-input":{"@type":"PropertyValueSpecification","valueRequired":true,"valueName":"search_term_string"}}],"inLanguage":"pt-PT"},{"@type":"Organization","@id":"https:\/\/iha-race.com\/pt-pt\/#organization","name":"Iha Race","url":"https:\/\/iha-race.com\/pt-pt\/","logo":{"@type":"ImageObject","inLanguage":"pt-PT","@id":"https:\/\/iha-race.com\/pt-pt\/#\/schema\/logo\/image\/","url":"https:\/\/iha-race.com\/wp-content\/uploads\/2018\/07\/iha-race-drones-de-carreras-tienda-comprar-drones.png","contentUrl":"https:\/\/iha-race.com\/wp-content\/uploads\/2018\/07\/iha-race-drones-de-carreras-tienda-comprar-drones.png","width":300,"height":100,"caption":"Iha Race"},"image":{"@id":"https:\/\/iha-race.com\/pt-pt\/#\/schema\/logo\/image\/"}}]}},"jetpack_sharing_enabled":true,"brands":[],"_links":{"self":[{"href":"https:\/\/iha-race.com\/pt-pt\/wp-json\/wp\/v2\/product\/246175","targetHints":{"allow":["GET"]}}],"collection":[{"href":"https:\/\/iha-race.com\/pt-pt\/wp-json\/wp\/v2\/product"}],"about":[{"href":"https:\/\/iha-race.com\/pt-pt\/wp-json\/wp\/v2\/types\/product"}],"replies":[{"embeddable":true,"href":"https:\/\/iha-race.com\/pt-pt\/wp-json\/wp\/v2\/comments?post=246175"}],"version-history":[{"count":1,"href":"https:\/\/iha-race.com\/pt-pt\/wp-json\/wp\/v2\/product\/246175\/revisions"}],"predecessor-version":[{"id":248415,"href":"https:\/\/iha-race.com\/pt-pt\/wp-json\/wp\/v2\/product\/246175\/revisions\/248415"}],"wp:featuredmedia":[{"embeddable":true,"href":"https:\/\/iha-race.com\/pt-pt\/wp-json\/wp\/v2\/media\/253965"}],"wp:attachment":[{"href":"https:\/\/iha-race.com\/pt-pt\/wp-json\/wp\/v2\/media?parent=246175"}],"wp:term":[{"taxonomy":"pwb-brand","embeddable":true,"href":"https:\/\/iha-race.com\/pt-pt\/wp-json\/wp\/v2\/pwb-brand?post=246175"},{"taxonomy":"product_cat","embeddable":true,"href":"https:\/\/iha-race.com\/pt-pt\/wp-json\/wp\/v2\/product_cat?post=246175"},{"taxonomy":"product_tag","embeddable":true,"href":"https:\/\/iha-race.com\/pt-pt\/wp-json\/wp\/v2\/product_tag?post=246175"}],"curies":[{"name":"wp","href":"https:\/\/api.w.org\/{rel}","templated":true}]}}