{"id":246020,"date":"2024-03-11T18:34:39","date_gmt":"2024-03-11T17:34:39","guid":{"rendered":"https:\/\/iha-race.com\/producto\/betafpv-bateria-bt2-0-450mah-2s-45c-2u\/"},"modified":"2025-10-08T17:03:59","modified_gmt":"2025-10-08T15:03:59","slug":"betafpv-bateria-bt2-0-450mah-2s-45c-2u","status":"publish","type":"product","link":"https:\/\/iha-race.com\/pt-pt\/produto\/betafpv-bateria-bt2-0-450mah-2s-45c-2u\/","title":{"rendered":"BetaFPV Bateria BT2.0 450mAh 2S 45C (2U)"},"content":{"rendered":"<h2>BetaFPV Bateria BT2.0 450mAh 2S 45C (2U)<\/h2>\n<p>  A bateria BETAFPV 450mAh 2S 45C Lipo tem um desempenho mais potente, com maior mobilidade e maior sensibilidade em voos de alta velocidade, o que \u00e9 adequado para drones e palitos! Esta bateria possui um conetor 2S, XT30 com cabo de silicone 16 AWG, tens\u00e3o de 7,4 V e capacidade de 450 mAh. Adequado para <a href=\"https:\/\/betafpv.com\/products\/meteor85-brushless-whoop-quadcopter-2022\">Meteoro85<\/a>, <a href=\"https:\/\/betafpv.com\/products\/meteor85-brushless-whoop-quadcopter-2s-hd-digital-vtx\">Meteoro85 HD<\/a>, Beta75X, Mobula 7 e outros drones Whoop sem escovas 2S no mercado.  <img decoding=\"async\" src=\"https:\/\/cdn.shopifycdn.net\/s\/files\/1\/1778\/6615\/files\/FB_862efe5b-188f-4285-9f5a-da9dc123a7c1_1024x1024.jpg?v=1668653689\" alt=\"\"><\/p>\n<h2>Especifica\u00e7\u00f5es<\/h2>\n<ul>\n<li>Item: Bateria 450mAh 2S 45C<\/li>\n<li>Peso: 28,2 g<\/li>\n<li>Tamanho: 60,8*15,2*14,5mm<\/li>\n<li>Conector: XT30 com cabo de silicone 16AWG<\/li>\n<li>Pack: 2S 7.4V<\/li>\n<li>Tarifa: 45C<\/li>\n<\/ul>\n<h2>Dimens\u00e3o<\/h2>\n<p>  A imagem seguinte mostra as dimens\u00f5es da bateria.  <img decoding=\"async\" src=\"https:\/\/cdn.shopifycdn.net\/s\/files\/1\/1778\/6615\/files\/468ef44610c31b5b50b747b4f9f5ee49_f29f1f2c-7207-4b2d-b27a-2b4f2adbfbb6_480x480.jpg?v=1668652832\" alt=\"\">  A corrente de descarga \u00e9 de 20,25 A neste ensaio.  <img decoding=\"async\" src=\"https:\/\/cdn.shopifycdn.net\/s\/files\/1\/1778\/6615\/files\/5E7898E8-FF20-43DE-BF75-3A5737B677CE-63872-000009128E2C9904_928a547b-81c0-4441-9c54-d5a0c1e776ca_600x600.png?v=1668737511\" alt=\"\"><\/p>\n<h2>Perguntas mais frequentes<\/h2>\n<ul>\n<li>Como maximizar a dura\u00e7\u00e3o da bateria? consulta <a href=\"https:\/\/support.betafpv.com\/hc\/en-us\/articles\/900004494043-Battery-Safety-and-Maximizing-Battery-Life\">este artigo<\/a>.<\/li>\n<\/ul>\n<h2><\/h2>\n<h2>O pacote inclui<\/h2>\n<ul>\n<li>2 x 2x450mAh 2S 45C Bateria Lipo<\/li>\n<\/ul>\n<p><img decoding=\"async\" src=\"https:\/\/cdn.shopifycdn.net\/s\/files\/1\/1778\/6615\/files\/6391ace427ade714b70fb966024ae804_480x480.jpg?v=1668656220\" alt=\"\"><\/p>\n","protected":false},"excerpt":{"rendered":"<p>BetaFPV Bateria BT2.0 450mAh 2S 45C (2U) A bateria BETAFPV 450mAh 2S 45C Lipo tem um desempenho mais potente, com maior mobilidade e maior sensibilidade em voos de alta velocidade,<\/p>\n","protected":false},"featured_media":245823,"comment_status":"open","ping_status":"closed","template":"","meta":{"_joinchat":[]},"pwb-brand":[],"product_cat":[1062,1063],"product_tag":[],"class_list":{"0":"post-246020","1":"product","2":"type-product","3":"status-publish","4":"has-post-thumbnail","6":"product_cat-baterias-fpv","7":"product_cat-s2-pt-pt","9":"first","10":"outofstock","11":"taxable","12":"shipping-taxable","13":"purchasable","14":"product-type-simple"},"barcode":null,"atum_controlled":true,"out_stock_date":"2026-04-06 16:21:25","out_stock_threshold":null,"inheritable":false,"stock_on_hold":0,"sold_today":0,"sales_last_days":0,"out_stock_days":21,"lost_sales":104,"update_date":"2026-04-27T19:46:25","atum_locations":[],"atum_stock_status":"outofstock","restock_status":false,"low_stock_amount":"","sales_update_date":"2026-04-27T19:46:25","calc_backorders":null,"yoast_head":"<!-- This site is optimized with the Yoast SEO plugin v27.3 - https:\/\/yoast.com\/product\/yoast-seo-wordpress\/ -->\n<title>BetaFPV Bateria BT2.0 450mAh 2S 45C (2U) - Iha Race<\/title>\n<meta name=\"robots\" content=\"index, follow, max-snippet:-1, max-image-preview:large, max-video-preview:-1\" \/>\n<link rel=\"canonical\" href=\"https:\/\/iha-race.com\/pt-pt\/produto\/betafpv-bateria-bt2-0-450mah-2s-45c-2u\/\" \/>\n<meta property=\"og:locale\" content=\"pt_PT\" \/>\n<meta property=\"og:type\" content=\"article\" \/>\n<meta property=\"og:title\" content=\"BetaFPV Bateria BT2.0 450mAh 2S 45C (2U) - Iha Race\" \/>\n<meta property=\"og:description\" content=\"BetaFPV Bateria BT2.0 450mAh 2S 45C (2U) A bateria BETAFPV 450mAh 2S 45C Lipo tem um desempenho mais potente, com maior mobilidade e maior sensibilidade em voos de alta velocidade,\" \/>\n<meta property=\"og:url\" content=\"https:\/\/iha-race.com\/pt-pt\/produto\/betafpv-bateria-bt2-0-450mah-2s-45c-2u\/\" \/>\n<meta property=\"og:site_name\" content=\"Iha Race\" \/>\n<meta property=\"article:modified_time\" content=\"2025-10-08T15:03:59+00:00\" \/>\n<meta property=\"og:image\" content=\"https:\/\/iha-race.com\/wp-content\/uploads\/2024\/03\/Bateria-Lipo-450mAh-2S-45C-2PCS.webp\" \/>\n\t<meta property=\"og:image:width\" content=\"720\" \/>\n\t<meta property=\"og:image:height\" content=\"720\" \/>\n\t<meta property=\"og:image:type\" content=\"image\/webp\" \/>\n<meta name=\"twitter:card\" content=\"summary_large_image\" \/>\n<meta name=\"twitter:label1\" content=\"Tempo estimado de leitura\" \/>\n\t<meta name=\"twitter:data1\" content=\"1 minuto\" \/>\n<script type=\"application\/ld+json\" class=\"yoast-schema-graph\">{\"@context\":\"https:\\\/\\\/schema.org\",\"@graph\":[{\"@type\":\"WebPage\",\"@id\":\"https:\\\/\\\/iha-race.com\\\/pt-pt\\\/produto\\\/betafpv-bateria-bt2-0-450mah-2s-45c-2u\\\/\",\"url\":\"https:\\\/\\\/iha-race.com\\\/pt-pt\\\/produto\\\/betafpv-bateria-bt2-0-450mah-2s-45c-2u\\\/\",\"name\":\"BetaFPV Bateria BT2.0 450mAh 2S 45C (2U) - Iha Race\",\"isPartOf\":{\"@id\":\"https:\\\/\\\/iha-race.com\\\/pt-pt\\\/#website\"},\"primaryImageOfPage\":{\"@id\":\"https:\\\/\\\/iha-race.com\\\/pt-pt\\\/produto\\\/betafpv-bateria-bt2-0-450mah-2s-45c-2u\\\/#primaryimage\"},\"image\":{\"@id\":\"https:\\\/\\\/iha-race.com\\\/pt-pt\\\/produto\\\/betafpv-bateria-bt2-0-450mah-2s-45c-2u\\\/#primaryimage\"},\"thumbnailUrl\":\"https:\\\/\\\/iha-race.com\\\/wp-content\\\/uploads\\\/2024\\\/03\\\/Bateria-Lipo-450mAh-2S-45C-2PCS.webp\",\"datePublished\":\"2024-03-11T17:34:39+00:00\",\"dateModified\":\"2025-10-08T15:03:59+00:00\",\"breadcrumb\":{\"@id\":\"https:\\\/\\\/iha-race.com\\\/pt-pt\\\/produto\\\/betafpv-bateria-bt2-0-450mah-2s-45c-2u\\\/#breadcrumb\"},\"inLanguage\":\"pt-PT\",\"potentialAction\":[{\"@type\":\"ReadAction\",\"target\":[\"https:\\\/\\\/iha-race.com\\\/pt-pt\\\/produto\\\/betafpv-bateria-bt2-0-450mah-2s-45c-2u\\\/\"]}]},{\"@type\":\"ImageObject\",\"inLanguage\":\"pt-PT\",\"@id\":\"https:\\\/\\\/iha-race.com\\\/pt-pt\\\/produto\\\/betafpv-bateria-bt2-0-450mah-2s-45c-2u\\\/#primaryimage\",\"url\":\"https:\\\/\\\/iha-race.com\\\/wp-content\\\/uploads\\\/2024\\\/03\\\/Bateria-Lipo-450mAh-2S-45C-2PCS.webp\",\"contentUrl\":\"https:\\\/\\\/iha-race.com\\\/wp-content\\\/uploads\\\/2024\\\/03\\\/Bateria-Lipo-450mAh-2S-45C-2PCS.webp\",\"width\":720,\"height\":720},{\"@type\":\"BreadcrumbList\",\"@id\":\"https:\\\/\\\/iha-race.com\\\/pt-pt\\\/produto\\\/betafpv-bateria-bt2-0-450mah-2s-45c-2u\\\/#breadcrumb\",\"itemListElement\":[{\"@type\":\"ListItem\",\"position\":1,\"name\":\"Portada\",\"item\":\"https:\\\/\\\/iha-race.com\\\/pt-pt\\\/elementor-499\\\/\"},{\"@type\":\"ListItem\",\"position\":2,\"name\":\"Shop\",\"item\":\"https:\\\/\\\/iha-race.com\\\/pt-pt\\\/shop\\\/\"},{\"@type\":\"ListItem\",\"position\":3,\"name\":\"BetaFPV Bateria BT2.0 450mAh 2S 45C (2U)\"}]},{\"@type\":\"WebSite\",\"@id\":\"https:\\\/\\\/iha-race.com\\\/pt-pt\\\/#website\",\"url\":\"https:\\\/\\\/iha-race.com\\\/pt-pt\\\/\",\"name\":\"Iha Race\",\"description\":\"Comprar drones de carreras FPV env\u00edos en un d\u00eda desde Espa\u00f1a\",\"publisher\":{\"@id\":\"https:\\\/\\\/iha-race.com\\\/pt-pt\\\/#organization\"},\"potentialAction\":[{\"@type\":\"SearchAction\",\"target\":{\"@type\":\"EntryPoint\",\"urlTemplate\":\"https:\\\/\\\/iha-race.com\\\/pt-pt\\\/?s={search_term_string}\"},\"query-input\":{\"@type\":\"PropertyValueSpecification\",\"valueRequired\":true,\"valueName\":\"search_term_string\"}}],\"inLanguage\":\"pt-PT\"},{\"@type\":\"Organization\",\"@id\":\"https:\\\/\\\/iha-race.com\\\/pt-pt\\\/#organization\",\"name\":\"Iha Race\",\"url\":\"https:\\\/\\\/iha-race.com\\\/pt-pt\\\/\",\"logo\":{\"@type\":\"ImageObject\",\"inLanguage\":\"pt-PT\",\"@id\":\"https:\\\/\\\/iha-race.com\\\/pt-pt\\\/#\\\/schema\\\/logo\\\/image\\\/\",\"url\":\"https:\\\/\\\/iha-race.com\\\/wp-content\\\/uploads\\\/2018\\\/07\\\/iha-race-drones-de-carreras-tienda-comprar-drones.png\",\"contentUrl\":\"https:\\\/\\\/iha-race.com\\\/wp-content\\\/uploads\\\/2018\\\/07\\\/iha-race-drones-de-carreras-tienda-comprar-drones.png\",\"width\":300,\"height\":100,\"caption\":\"Iha Race\"},\"image\":{\"@id\":\"https:\\\/\\\/iha-race.com\\\/pt-pt\\\/#\\\/schema\\\/logo\\\/image\\\/\"}}]}<\/script>\n<!-- \/ Yoast SEO plugin. -->","yoast_head_json":{"title":"BetaFPV Bateria BT2.0 450mAh 2S 45C (2U) - Iha Race","robots":{"index":"index","follow":"follow","max-snippet":"max-snippet:-1","max-image-preview":"max-image-preview:large","max-video-preview":"max-video-preview:-1"},"canonical":"https:\/\/iha-race.com\/pt-pt\/produto\/betafpv-bateria-bt2-0-450mah-2s-45c-2u\/","og_locale":"pt_PT","og_type":"article","og_title":"BetaFPV Bateria BT2.0 450mAh 2S 45C (2U) - Iha Race","og_description":"BetaFPV Bateria BT2.0 450mAh 2S 45C (2U) A bateria BETAFPV 450mAh 2S 45C Lipo tem um desempenho mais potente, com maior mobilidade e maior sensibilidade em voos de alta velocidade,","og_url":"https:\/\/iha-race.com\/pt-pt\/produto\/betafpv-bateria-bt2-0-450mah-2s-45c-2u\/","og_site_name":"Iha Race","article_modified_time":"2025-10-08T15:03:59+00:00","og_image":[{"width":720,"height":720,"url":"https:\/\/iha-race.com\/wp-content\/uploads\/2024\/03\/Bateria-Lipo-450mAh-2S-45C-2PCS.webp","type":"image\/webp"}],"twitter_card":"summary_large_image","twitter_misc":{"Tempo estimado de leitura":"1 minuto"},"schema":{"@context":"https:\/\/schema.org","@graph":[{"@type":"WebPage","@id":"https:\/\/iha-race.com\/pt-pt\/produto\/betafpv-bateria-bt2-0-450mah-2s-45c-2u\/","url":"https:\/\/iha-race.com\/pt-pt\/produto\/betafpv-bateria-bt2-0-450mah-2s-45c-2u\/","name":"BetaFPV Bateria BT2.0 450mAh 2S 45C (2U) - Iha Race","isPartOf":{"@id":"https:\/\/iha-race.com\/pt-pt\/#website"},"primaryImageOfPage":{"@id":"https:\/\/iha-race.com\/pt-pt\/produto\/betafpv-bateria-bt2-0-450mah-2s-45c-2u\/#primaryimage"},"image":{"@id":"https:\/\/iha-race.com\/pt-pt\/produto\/betafpv-bateria-bt2-0-450mah-2s-45c-2u\/#primaryimage"},"thumbnailUrl":"https:\/\/iha-race.com\/wp-content\/uploads\/2024\/03\/Bateria-Lipo-450mAh-2S-45C-2PCS.webp","datePublished":"2024-03-11T17:34:39+00:00","dateModified":"2025-10-08T15:03:59+00:00","breadcrumb":{"@id":"https:\/\/iha-race.com\/pt-pt\/produto\/betafpv-bateria-bt2-0-450mah-2s-45c-2u\/#breadcrumb"},"inLanguage":"pt-PT","potentialAction":[{"@type":"ReadAction","target":["https:\/\/iha-race.com\/pt-pt\/produto\/betafpv-bateria-bt2-0-450mah-2s-45c-2u\/"]}]},{"@type":"ImageObject","inLanguage":"pt-PT","@id":"https:\/\/iha-race.com\/pt-pt\/produto\/betafpv-bateria-bt2-0-450mah-2s-45c-2u\/#primaryimage","url":"https:\/\/iha-race.com\/wp-content\/uploads\/2024\/03\/Bateria-Lipo-450mAh-2S-45C-2PCS.webp","contentUrl":"https:\/\/iha-race.com\/wp-content\/uploads\/2024\/03\/Bateria-Lipo-450mAh-2S-45C-2PCS.webp","width":720,"height":720},{"@type":"BreadcrumbList","@id":"https:\/\/iha-race.com\/pt-pt\/produto\/betafpv-bateria-bt2-0-450mah-2s-45c-2u\/#breadcrumb","itemListElement":[{"@type":"ListItem","position":1,"name":"Portada","item":"https:\/\/iha-race.com\/pt-pt\/elementor-499\/"},{"@type":"ListItem","position":2,"name":"Shop","item":"https:\/\/iha-race.com\/pt-pt\/shop\/"},{"@type":"ListItem","position":3,"name":"BetaFPV Bateria BT2.0 450mAh 2S 45C (2U)"}]},{"@type":"WebSite","@id":"https:\/\/iha-race.com\/pt-pt\/#website","url":"https:\/\/iha-race.com\/pt-pt\/","name":"Iha Race","description":"Comprar drones de carreras FPV env\u00edos en un d\u00eda desde Espa\u00f1a","publisher":{"@id":"https:\/\/iha-race.com\/pt-pt\/#organization"},"potentialAction":[{"@type":"SearchAction","target":{"@type":"EntryPoint","urlTemplate":"https:\/\/iha-race.com\/pt-pt\/?s={search_term_string}"},"query-input":{"@type":"PropertyValueSpecification","valueRequired":true,"valueName":"search_term_string"}}],"inLanguage":"pt-PT"},{"@type":"Organization","@id":"https:\/\/iha-race.com\/pt-pt\/#organization","name":"Iha Race","url":"https:\/\/iha-race.com\/pt-pt\/","logo":{"@type":"ImageObject","inLanguage":"pt-PT","@id":"https:\/\/iha-race.com\/pt-pt\/#\/schema\/logo\/image\/","url":"https:\/\/iha-race.com\/wp-content\/uploads\/2018\/07\/iha-race-drones-de-carreras-tienda-comprar-drones.png","contentUrl":"https:\/\/iha-race.com\/wp-content\/uploads\/2018\/07\/iha-race-drones-de-carreras-tienda-comprar-drones.png","width":300,"height":100,"caption":"Iha Race"},"image":{"@id":"https:\/\/iha-race.com\/pt-pt\/#\/schema\/logo\/image\/"}}]}},"jetpack_sharing_enabled":true,"brands":[],"_links":{"self":[{"href":"https:\/\/iha-race.com\/pt-pt\/wp-json\/wp\/v2\/product\/246020","targetHints":{"allow":["GET"]}}],"collection":[{"href":"https:\/\/iha-race.com\/pt-pt\/wp-json\/wp\/v2\/product"}],"about":[{"href":"https:\/\/iha-race.com\/pt-pt\/wp-json\/wp\/v2\/types\/product"}],"replies":[{"embeddable":true,"href":"https:\/\/iha-race.com\/pt-pt\/wp-json\/wp\/v2\/comments?post=246020"}],"version-history":[{"count":1,"href":"https:\/\/iha-race.com\/pt-pt\/wp-json\/wp\/v2\/product\/246020\/revisions"}],"predecessor-version":[{"id":248405,"href":"https:\/\/iha-race.com\/pt-pt\/wp-json\/wp\/v2\/product\/246020\/revisions\/248405"}],"wp:featuredmedia":[{"embeddable":true,"href":"https:\/\/iha-race.com\/pt-pt\/wp-json\/wp\/v2\/media\/245823"}],"wp:attachment":[{"href":"https:\/\/iha-race.com\/pt-pt\/wp-json\/wp\/v2\/media?parent=246020"}],"wp:term":[{"taxonomy":"pwb-brand","embeddable":true,"href":"https:\/\/iha-race.com\/pt-pt\/wp-json\/wp\/v2\/pwb-brand?post=246020"},{"taxonomy":"product_cat","embeddable":true,"href":"https:\/\/iha-race.com\/pt-pt\/wp-json\/wp\/v2\/product_cat?post=246020"},{"taxonomy":"product_tag","embeddable":true,"href":"https:\/\/iha-race.com\/pt-pt\/wp-json\/wp\/v2\/product_tag?post=246020"}],"curies":[{"name":"wp","href":"https:\/\/api.w.org\/{rel}","templated":true}]}}