{"id":246002,"date":"2024-03-01T18:06:24","date_gmt":"2024-03-01T17:06:24","guid":{"rendered":"https:\/\/iha-race.com\/producto\/carregador-ac-skyrc-s100-neo-lipo-1-6s-10a-100w\/"},"modified":"2025-10-23T13:00:20","modified_gmt":"2025-10-23T11:00:20","slug":"carregador-ac-skyrc-s100-neo-lipo-1-6s-10a-100w","status":"publish","type":"product","link":"https:\/\/iha-race.com\/pt-pt\/produto\/carregador-ac-skyrc-s100-neo-lipo-1-6s-10a-100w\/","title":{"rendered":"Carregador AC SkyRC S100 Neo LiPo 1-6s 10A 100W"},"content":{"rendered":"<h2>Carregador AC SkyRC S100 Neo LiPo 1-6s 10A 100W<\/h2>\n<p>  O S100neo cativa com o seu design elegante e ultra-compacto, oferecendo uma pot\u00eancia m\u00e1xima de 200 W para v\u00e1rias qu\u00edmicas de bateria (LiPo\/LiFe\/Lilon\/LiHV\/NiMH\/NiCd\/Pb) como um carregador inteligente AC\/DC. Al\u00e9m disso, pode ser utilizado como dispositivo de alimenta\u00e7\u00e3o el\u00e9ctrica. A tens\u00e3o ajust\u00e1vel atinge at\u00e9 30 V e a corrente pode atingir at\u00e9 12 A. Baseado no adorado carregador e680, o S100neo vem com uma impressionante capacidade de pot\u00eancia e, ao mesmo tempo, pode tirar o m\u00e1ximo partido da sua versatilidade e das suas poderosas capacidades de carregamento. Mas o S100neo \u00e9 mais do que um simples carregador; tamb\u00e9m funciona como uma fonte de alimenta\u00e7\u00e3o digital avan\u00e7ada, oferecendo um carregamento preciso e eficiente com uma precis\u00e3o inigual\u00e1vel nos modos de corrente constante (DC) e tens\u00e3o constante (CV). Al\u00e9m disso, permite a medi\u00e7\u00e3o da tens\u00e3o sem a necessidade de uma fonte de alimenta\u00e7\u00e3o ativa, simplificando significativamente a avalia\u00e7\u00e3o da tens\u00e3o da bateria. Tudo isto enquanto o ecr\u00e3 LCD a cores vibrantes melhora a experi\u00eancia do utilizador atrav\u00e9s de uma navega\u00e7\u00e3o intuitiva e de uma monitoriza\u00e7\u00e3o f\u00e1cil.  <\/p>\n<h3>Caracter\u00edsticas<\/h3>\n<ul>\n<li>Sucessor eficiente do conhecido carregador e680<\/li>\n<li>2 entradas, 1 sa\u00edda<\/li>\n<li>M\u00e1x. 100 W de pot\u00eancia de carga CA<\/li>\n<li>M\u00e1x. 200 W Pot\u00eancia de carga DC<\/li>\n<li>Carrega com economia de tempo at\u00e9 12 A<\/li>\n<li>Controlos de 3 bot\u00f5es f\u00e1ceis de utilizar<\/li>\n<li>Leve e compacto<\/li>\n<li>Com carregamento r\u00e1pido PD\/QC3.0<\/li>\n<li>Compat\u00edvel com o carregador principal<\/li>\n<\/ul>\n<h3>Especifica\u00e7\u00f5es<\/h3>\n<table>\n<tbody>\n<tr>\n<td>Tens\u00e3o de entrada:<\/td>\n<td>AC: 100-240 V (50-60 Hz) DC: 6-30 V<\/td>\n<\/tr>\n<tr>\n<td>Pot\u00eancia de carga DC:<\/td>\n<td>m\u00e1x. 200W (+-10%)<\/td>\n<\/tr>\n<tr>\n<td>Carga de energia AC:<\/td>\n<td>m\u00e1x. 100W (+- 10%)<\/td>\n<\/tr>\n<tr>\n<td>Pot\u00eancia de descarga:<\/td>\n<td>5W (Hauptanschluss) (+- 10%) m\u00e1x. 20W (porta de equil\u00edbrio, LiPo\/6S).<\/td>\n<\/tr>\n<tr>\n<td>Corrente de carregamento:<\/td>\n<td>LiPo\/LiIon\/LiFe\/LiHV\/NiMH\/NiCd\/Pb: 0,1 A ~ 0,5 A (\u00b10,1 A) | 0,6 A ~ 12 A (+-10 %)<\/td>\n<\/tr>\n<tr>\n<td>Corrente de descarga:<\/td>\n<td>LiPo\/LiIon\/LiFe\/LiHV\/NiMH\/NiCd\/Pb: 0,1 A-0,2 A (\u00b10,1 A) | 0,3 A-2 A (+-10%)<\/td>\n<\/tr>\n<tr>\n<td>Corrente de equil\u00edbrio:<\/td>\n<td>m\u00e1x. 1,0A<\/td>\n<\/tr>\n<tr>\n<td>Corrente de carga lenta:<\/td>\n<td>50 ~ 300 mA e desligado Padr\u00e3o: 60 mA<\/td>\n<\/tr>\n<tr>\n<td>Tipos de baterias:<\/td>\n<td>LiXX: 1-6S NiXX: 1-15S Pb: 3S \/ 6S \/ 12S<\/td>\n<\/tr>\n<tr>\n<td>Peso:<\/td>\n<td>340g<\/td>\n<\/tr>\n<tr>\n<td>Dimens\u00f5es:<\/td>\n<td>105x105x62mm<\/td>\n<\/tr>\n<tr>\n<td colspan=\"2\"><strong>Fonte de alimenta\u00e7\u00e3o DC<\/strong><\/td>\n<\/tr>\n<tr>\n<td>Tens\u00e3o:<\/td>\n<td>2V ~ 30V<\/td>\n<\/tr>\n<tr>\n<td>Corrente:<\/td>\n<td>0,1 A ~ 10 A (tens\u00e3o 2 V ~ 2,9 V) 0,1 A ~ 12 A (tens\u00e3o 3 V ~ 30 V).<\/td>\n<\/tr>\n<tr>\n<td>Prote\u00e7\u00e3o contra sobretens\u00e3o:<\/td>\n<td>0,1 A (+- 0,1 A) 0,2 A ~ 4 A (+- 20 %) 4,1 A ~ 10 A (+- 10 %) 10,1 A ~ 12 A (+- 5 %)<\/td>\n<\/tr>\n<tr>\n<td>For\u00e7a:<\/td>\n<td>Entrada AC: m\u00e1x. 100 W Entrada DC: m\u00e1x. 200W<\/td>\n<\/tr>\n<tr>\n<td colspan=\"2\"><strong>Funcionamento do motor DC<\/strong><\/td>\n<\/tr>\n<tr>\n<td>Tens\u00e3o:<\/td>\n<td>3-12V<\/td>\n<\/tr>\n<tr>\n<td>Corrente:<\/td>\n<td>1-5A<\/td>\n<\/tr>\n<tr>\n<td>Endere\u00e7o:<\/td>\n<td>Avan\u00e7a<\/td>\n<\/tr>\n<tr>\n<td>Tempo:<\/td>\n<td>1-60 minutos<\/td>\n<\/tr>\n<tr>\n<td>Protec\u00e7\u00f5es:<\/td>\n<td>Prote\u00e7\u00e3o contra paragem do motor Prote\u00e7\u00e3o contra sobreintensidade Prote\u00e7\u00e3o contra sobrecarga<\/td>\n<\/tr>\n<\/tbody>\n<\/table>\n<h3>O pacote inclui<\/h3>\n<ul>\n<li>1 x carregador SKYRC S100neo<\/li>\n<li>1 x manual<\/li>\n<\/ul>\n","protected":false},"excerpt":{"rendered":"<p>Carregador AC SkyRC S100 Neo LiPo 1-6s 10A 100W O S100neo cativa com o seu design elegante e ultra-compacto, oferecendo uma pot\u00eancia m\u00e1xima de 200 W para v\u00e1rias qu\u00edmicas de<\/p>\n","protected":false},"featured_media":244398,"comment_status":"open","ping_status":"closed","template":"","meta":{"_joinchat":[]},"pwb-brand":[],"product_cat":[1068],"product_tag":[],"class_list":{"0":"post-246002","1":"product","2":"type-product","3":"status-publish","4":"has-post-thumbnail","6":"product_cat-carregadores","8":"first","9":"outofstock","10":"taxable","11":"shipping-taxable","12":"purchasable","13":"product-type-simple"},"barcode":null,"atum_controlled":true,"out_stock_date":"2026-04-28 15:56:56","out_stock_threshold":null,"inheritable":false,"stock_on_hold":0,"sold_today":0,"sales_last_days":0,"out_stock_days":0,"lost_sales":0,"update_date":"2026-04-28T13:56:56","atum_locations":[],"atum_stock_status":"instock","restock_status":false,"low_stock_amount":"","sales_update_date":"2026-04-28T13:27:56","calc_backorders":null,"yoast_head":"<!-- This site is optimized with the Yoast SEO plugin v27.3 - https:\/\/yoast.com\/product\/yoast-seo-wordpress\/ -->\n<title>Carregador AC SkyRC S100 Neo LiPo 1-6s 10A 100W - Iha Race<\/title>\n<meta name=\"robots\" content=\"index, follow, max-snippet:-1, max-image-preview:large, max-video-preview:-1\" \/>\n<link rel=\"canonical\" href=\"https:\/\/iha-race.com\/pt-pt\/produto\/carregador-ac-skyrc-s100-neo-lipo-1-6s-10a-100w\/\" \/>\n<meta property=\"og:locale\" content=\"pt_PT\" \/>\n<meta property=\"og:type\" content=\"article\" \/>\n<meta property=\"og:title\" content=\"Carregador AC SkyRC S100 Neo LiPo 1-6s 10A 100W - Iha Race\" \/>\n<meta property=\"og:description\" content=\"Carregador AC SkyRC S100 Neo LiPo 1-6s 10A 100W O S100neo cativa com o seu design elegante e ultra-compacto, oferecendo uma pot\u00eancia m\u00e1xima de 200 W para v\u00e1rias qu\u00edmicas de\" \/>\n<meta property=\"og:url\" content=\"https:\/\/iha-race.com\/pt-pt\/produto\/carregador-ac-skyrc-s100-neo-lipo-1-6s-10a-100w\/\" \/>\n<meta property=\"og:site_name\" content=\"Iha Race\" \/>\n<meta property=\"article:modified_time\" content=\"2025-10-23T11:00:20+00:00\" \/>\n<meta property=\"og:image\" content=\"https:\/\/iha-race.com\/wp-content\/uploads\/2024\/03\/Cargador-de-CA-SkyRC-S100-Neo-LiPo-1-6s-10A-100W.jpg\" \/>\n\t<meta property=\"og:image:width\" content=\"1280\" \/>\n\t<meta property=\"og:image:height\" content=\"1280\" \/>\n\t<meta property=\"og:image:type\" content=\"image\/jpeg\" \/>\n<meta name=\"twitter:card\" content=\"summary_large_image\" \/>\n<meta name=\"twitter:label1\" content=\"Tempo estimado de leitura\" \/>\n\t<meta name=\"twitter:data1\" content=\"2 minutos\" \/>\n<script type=\"application\/ld+json\" class=\"yoast-schema-graph\">{\"@context\":\"https:\\\/\\\/schema.org\",\"@graph\":[{\"@type\":\"WebPage\",\"@id\":\"https:\\\/\\\/iha-race.com\\\/pt-pt\\\/produto\\\/carregador-ac-skyrc-s100-neo-lipo-1-6s-10a-100w\\\/\",\"url\":\"https:\\\/\\\/iha-race.com\\\/pt-pt\\\/produto\\\/carregador-ac-skyrc-s100-neo-lipo-1-6s-10a-100w\\\/\",\"name\":\"Carregador AC SkyRC S100 Neo LiPo 1-6s 10A 100W - Iha Race\",\"isPartOf\":{\"@id\":\"https:\\\/\\\/iha-race.com\\\/pt-pt\\\/#website\"},\"primaryImageOfPage\":{\"@id\":\"https:\\\/\\\/iha-race.com\\\/pt-pt\\\/produto\\\/carregador-ac-skyrc-s100-neo-lipo-1-6s-10a-100w\\\/#primaryimage\"},\"image\":{\"@id\":\"https:\\\/\\\/iha-race.com\\\/pt-pt\\\/produto\\\/carregador-ac-skyrc-s100-neo-lipo-1-6s-10a-100w\\\/#primaryimage\"},\"thumbnailUrl\":\"https:\\\/\\\/iha-race.com\\\/wp-content\\\/uploads\\\/2024\\\/03\\\/Cargador-de-CA-SkyRC-S100-Neo-LiPo-1-6s-10A-100W.jpg\",\"datePublished\":\"2024-03-01T17:06:24+00:00\",\"dateModified\":\"2025-10-23T11:00:20+00:00\",\"breadcrumb\":{\"@id\":\"https:\\\/\\\/iha-race.com\\\/pt-pt\\\/produto\\\/carregador-ac-skyrc-s100-neo-lipo-1-6s-10a-100w\\\/#breadcrumb\"},\"inLanguage\":\"pt-PT\",\"potentialAction\":[{\"@type\":\"ReadAction\",\"target\":[\"https:\\\/\\\/iha-race.com\\\/pt-pt\\\/produto\\\/carregador-ac-skyrc-s100-neo-lipo-1-6s-10a-100w\\\/\"]}]},{\"@type\":\"ImageObject\",\"inLanguage\":\"pt-PT\",\"@id\":\"https:\\\/\\\/iha-race.com\\\/pt-pt\\\/produto\\\/carregador-ac-skyrc-s100-neo-lipo-1-6s-10a-100w\\\/#primaryimage\",\"url\":\"https:\\\/\\\/iha-race.com\\\/wp-content\\\/uploads\\\/2024\\\/03\\\/Cargador-de-CA-SkyRC-S100-Neo-LiPo-1-6s-10A-100W.jpg\",\"contentUrl\":\"https:\\\/\\\/iha-race.com\\\/wp-content\\\/uploads\\\/2024\\\/03\\\/Cargador-de-CA-SkyRC-S100-Neo-LiPo-1-6s-10A-100W.jpg\",\"width\":1280,\"height\":1280},{\"@type\":\"BreadcrumbList\",\"@id\":\"https:\\\/\\\/iha-race.com\\\/pt-pt\\\/produto\\\/carregador-ac-skyrc-s100-neo-lipo-1-6s-10a-100w\\\/#breadcrumb\",\"itemListElement\":[{\"@type\":\"ListItem\",\"position\":1,\"name\":\"Portada\",\"item\":\"https:\\\/\\\/iha-race.com\\\/pt-pt\\\/elementor-499\\\/\"},{\"@type\":\"ListItem\",\"position\":2,\"name\":\"Shop\",\"item\":\"https:\\\/\\\/iha-race.com\\\/pt-pt\\\/shop\\\/\"},{\"@type\":\"ListItem\",\"position\":3,\"name\":\"Carregador AC SkyRC S100 Neo LiPo 1-6s 10A 100W\"}]},{\"@type\":\"WebSite\",\"@id\":\"https:\\\/\\\/iha-race.com\\\/pt-pt\\\/#website\",\"url\":\"https:\\\/\\\/iha-race.com\\\/pt-pt\\\/\",\"name\":\"Iha Race\",\"description\":\"Comprar drones de carreras FPV env\u00edos en un d\u00eda desde Espa\u00f1a\",\"publisher\":{\"@id\":\"https:\\\/\\\/iha-race.com\\\/pt-pt\\\/#organization\"},\"potentialAction\":[{\"@type\":\"SearchAction\",\"target\":{\"@type\":\"EntryPoint\",\"urlTemplate\":\"https:\\\/\\\/iha-race.com\\\/pt-pt\\\/?s={search_term_string}\"},\"query-input\":{\"@type\":\"PropertyValueSpecification\",\"valueRequired\":true,\"valueName\":\"search_term_string\"}}],\"inLanguage\":\"pt-PT\"},{\"@type\":\"Organization\",\"@id\":\"https:\\\/\\\/iha-race.com\\\/pt-pt\\\/#organization\",\"name\":\"Iha Race\",\"url\":\"https:\\\/\\\/iha-race.com\\\/pt-pt\\\/\",\"logo\":{\"@type\":\"ImageObject\",\"inLanguage\":\"pt-PT\",\"@id\":\"https:\\\/\\\/iha-race.com\\\/pt-pt\\\/#\\\/schema\\\/logo\\\/image\\\/\",\"url\":\"https:\\\/\\\/iha-race.com\\\/wp-content\\\/uploads\\\/2018\\\/07\\\/iha-race-drones-de-carreras-tienda-comprar-drones.png\",\"contentUrl\":\"https:\\\/\\\/iha-race.com\\\/wp-content\\\/uploads\\\/2018\\\/07\\\/iha-race-drones-de-carreras-tienda-comprar-drones.png\",\"width\":300,\"height\":100,\"caption\":\"Iha Race\"},\"image\":{\"@id\":\"https:\\\/\\\/iha-race.com\\\/pt-pt\\\/#\\\/schema\\\/logo\\\/image\\\/\"}}]}<\/script>\n<!-- \/ Yoast SEO plugin. -->","yoast_head_json":{"title":"Carregador AC SkyRC S100 Neo LiPo 1-6s 10A 100W - Iha Race","robots":{"index":"index","follow":"follow","max-snippet":"max-snippet:-1","max-image-preview":"max-image-preview:large","max-video-preview":"max-video-preview:-1"},"canonical":"https:\/\/iha-race.com\/pt-pt\/produto\/carregador-ac-skyrc-s100-neo-lipo-1-6s-10a-100w\/","og_locale":"pt_PT","og_type":"article","og_title":"Carregador AC SkyRC S100 Neo LiPo 1-6s 10A 100W - Iha Race","og_description":"Carregador AC SkyRC S100 Neo LiPo 1-6s 10A 100W O S100neo cativa com o seu design elegante e ultra-compacto, oferecendo uma pot\u00eancia m\u00e1xima de 200 W para v\u00e1rias qu\u00edmicas de","og_url":"https:\/\/iha-race.com\/pt-pt\/produto\/carregador-ac-skyrc-s100-neo-lipo-1-6s-10a-100w\/","og_site_name":"Iha Race","article_modified_time":"2025-10-23T11:00:20+00:00","og_image":[{"width":1280,"height":1280,"url":"https:\/\/iha-race.com\/wp-content\/uploads\/2024\/03\/Cargador-de-CA-SkyRC-S100-Neo-LiPo-1-6s-10A-100W.jpg","type":"image\/jpeg"}],"twitter_card":"summary_large_image","twitter_misc":{"Tempo estimado de leitura":"2 minutos"},"schema":{"@context":"https:\/\/schema.org","@graph":[{"@type":"WebPage","@id":"https:\/\/iha-race.com\/pt-pt\/produto\/carregador-ac-skyrc-s100-neo-lipo-1-6s-10a-100w\/","url":"https:\/\/iha-race.com\/pt-pt\/produto\/carregador-ac-skyrc-s100-neo-lipo-1-6s-10a-100w\/","name":"Carregador AC SkyRC S100 Neo LiPo 1-6s 10A 100W - Iha Race","isPartOf":{"@id":"https:\/\/iha-race.com\/pt-pt\/#website"},"primaryImageOfPage":{"@id":"https:\/\/iha-race.com\/pt-pt\/produto\/carregador-ac-skyrc-s100-neo-lipo-1-6s-10a-100w\/#primaryimage"},"image":{"@id":"https:\/\/iha-race.com\/pt-pt\/produto\/carregador-ac-skyrc-s100-neo-lipo-1-6s-10a-100w\/#primaryimage"},"thumbnailUrl":"https:\/\/iha-race.com\/wp-content\/uploads\/2024\/03\/Cargador-de-CA-SkyRC-S100-Neo-LiPo-1-6s-10A-100W.jpg","datePublished":"2024-03-01T17:06:24+00:00","dateModified":"2025-10-23T11:00:20+00:00","breadcrumb":{"@id":"https:\/\/iha-race.com\/pt-pt\/produto\/carregador-ac-skyrc-s100-neo-lipo-1-6s-10a-100w\/#breadcrumb"},"inLanguage":"pt-PT","potentialAction":[{"@type":"ReadAction","target":["https:\/\/iha-race.com\/pt-pt\/produto\/carregador-ac-skyrc-s100-neo-lipo-1-6s-10a-100w\/"]}]},{"@type":"ImageObject","inLanguage":"pt-PT","@id":"https:\/\/iha-race.com\/pt-pt\/produto\/carregador-ac-skyrc-s100-neo-lipo-1-6s-10a-100w\/#primaryimage","url":"https:\/\/iha-race.com\/wp-content\/uploads\/2024\/03\/Cargador-de-CA-SkyRC-S100-Neo-LiPo-1-6s-10A-100W.jpg","contentUrl":"https:\/\/iha-race.com\/wp-content\/uploads\/2024\/03\/Cargador-de-CA-SkyRC-S100-Neo-LiPo-1-6s-10A-100W.jpg","width":1280,"height":1280},{"@type":"BreadcrumbList","@id":"https:\/\/iha-race.com\/pt-pt\/produto\/carregador-ac-skyrc-s100-neo-lipo-1-6s-10a-100w\/#breadcrumb","itemListElement":[{"@type":"ListItem","position":1,"name":"Portada","item":"https:\/\/iha-race.com\/pt-pt\/elementor-499\/"},{"@type":"ListItem","position":2,"name":"Shop","item":"https:\/\/iha-race.com\/pt-pt\/shop\/"},{"@type":"ListItem","position":3,"name":"Carregador AC SkyRC S100 Neo LiPo 1-6s 10A 100W"}]},{"@type":"WebSite","@id":"https:\/\/iha-race.com\/pt-pt\/#website","url":"https:\/\/iha-race.com\/pt-pt\/","name":"Iha Race","description":"Comprar drones de carreras FPV env\u00edos en un d\u00eda desde Espa\u00f1a","publisher":{"@id":"https:\/\/iha-race.com\/pt-pt\/#organization"},"potentialAction":[{"@type":"SearchAction","target":{"@type":"EntryPoint","urlTemplate":"https:\/\/iha-race.com\/pt-pt\/?s={search_term_string}"},"query-input":{"@type":"PropertyValueSpecification","valueRequired":true,"valueName":"search_term_string"}}],"inLanguage":"pt-PT"},{"@type":"Organization","@id":"https:\/\/iha-race.com\/pt-pt\/#organization","name":"Iha Race","url":"https:\/\/iha-race.com\/pt-pt\/","logo":{"@type":"ImageObject","inLanguage":"pt-PT","@id":"https:\/\/iha-race.com\/pt-pt\/#\/schema\/logo\/image\/","url":"https:\/\/iha-race.com\/wp-content\/uploads\/2018\/07\/iha-race-drones-de-carreras-tienda-comprar-drones.png","contentUrl":"https:\/\/iha-race.com\/wp-content\/uploads\/2018\/07\/iha-race-drones-de-carreras-tienda-comprar-drones.png","width":300,"height":100,"caption":"Iha Race"},"image":{"@id":"https:\/\/iha-race.com\/pt-pt\/#\/schema\/logo\/image\/"}}]}},"jetpack_sharing_enabled":true,"brands":[],"_links":{"self":[{"href":"https:\/\/iha-race.com\/pt-pt\/wp-json\/wp\/v2\/product\/246002","targetHints":{"allow":["GET"]}}],"collection":[{"href":"https:\/\/iha-race.com\/pt-pt\/wp-json\/wp\/v2\/product"}],"about":[{"href":"https:\/\/iha-race.com\/pt-pt\/wp-json\/wp\/v2\/types\/product"}],"replies":[{"embeddable":true,"href":"https:\/\/iha-race.com\/pt-pt\/wp-json\/wp\/v2\/comments?post=246002"}],"version-history":[{"count":1,"href":"https:\/\/iha-race.com\/pt-pt\/wp-json\/wp\/v2\/product\/246002\/revisions"}],"predecessor-version":[{"id":248387,"href":"https:\/\/iha-race.com\/pt-pt\/wp-json\/wp\/v2\/product\/246002\/revisions\/248387"}],"wp:featuredmedia":[{"embeddable":true,"href":"https:\/\/iha-race.com\/pt-pt\/wp-json\/wp\/v2\/media\/244398"}],"wp:attachment":[{"href":"https:\/\/iha-race.com\/pt-pt\/wp-json\/wp\/v2\/media?parent=246002"}],"wp:term":[{"taxonomy":"pwb-brand","embeddable":true,"href":"https:\/\/iha-race.com\/pt-pt\/wp-json\/wp\/v2\/pwb-brand?post=246002"},{"taxonomy":"product_cat","embeddable":true,"href":"https:\/\/iha-race.com\/pt-pt\/wp-json\/wp\/v2\/product_cat?post=246002"},{"taxonomy":"product_tag","embeddable":true,"href":"https:\/\/iha-race.com\/pt-pt\/wp-json\/wp\/v2\/product_tag?post=246002"}],"curies":[{"name":"wp","href":"https:\/\/api.w.org\/{rel}","templated":true}]}}