{"id":244179,"date":"2024-02-08T17:19:44","date_gmt":"2024-02-08T16:19:44","guid":{"rendered":"https:\/\/iha-race.com\/producto\/dji-terra-electricity-overseas-1-ano-1-dispositivo\/"},"modified":"2024-08-29T11:16:29","modified_gmt":"2024-08-29T09:16:29","slug":"dji-terra-electricity-overseas-1-ano-1-dispositivo","status":"publish","type":"product","link":"https:\/\/iha-race.com\/pt-pt\/produto\/dji-terra-electricity-overseas-1-ano-1-dispositivo\/","title":{"rendered":"DJI Terra Electricity Overseas 1 ano (1 dispositivo)"},"content":{"rendered":"<h2>DJI Terra Electricity Overseas 1 ano (1 dispositivo)<\/h2>\n<p>  DJI Terra \u00e9 uma nova ferramenta de software. A sua principal carater\u00edstica \u00e9 o facto de transformar dados de drones em modelos digitais 3D e mapas para facilitar a an\u00e1lise e a tomada de decis\u00f5es. O DJI Terra permite que as empresas e organiza\u00e7\u00f5es que utilizam a tecnologia de drones DJI captem, visualizem e analisem imagens a\u00e9reas para uma grande variedade de aplica\u00e7\u00f5es nos sectores da seguran\u00e7a p\u00fablica, constru\u00e7\u00e3o, infra-estruturas, agricultura e cinema.  &#8220;<em>Como l\u00edder no sector dos drones comerciais, a DJI continua a desenvolver solu\u00e7\u00f5es de hardware e software acess\u00edveis e f\u00e1ceis de utilizar que ajudam as organiza\u00e7\u00f5es a transformar as suas opera\u00e7\u00f5es com tecnologia de drones e a obter uma vantagem competitiva nos seus sectores&#8221;,<\/em> afirmou Sunny Liao, Chief Enterprise Officer da DJI.  &#8220;<em>Como uma solu\u00e7\u00e3o de mapeamento e modela\u00e7\u00e3o tudo-em-um, o DJI Terra torna simples e eficiente a extra\u00e7\u00e3o de valor dos dados dos drones, gerando conclus\u00f5es e recomenda\u00e7\u00f5es em m\u00faltiplos casos de utiliza\u00e7\u00e3o, desde reconstru\u00e7\u00f5es de acidentes a inspec\u00e7\u00f5es de infra-estruturas cr\u00edticas, bem como mapeamento de campos agr\u00edcolas e modela\u00e7\u00e3o de constru\u00e7\u00f5es e locais&#8221;,<\/em> acrescentou Sunny Liao<em>.<\/em> <\/p>\n<h3>DJI Terra: Planeamento autom\u00e1tico de voo e captura de dados<\/h3>\n<p>  O DJI Terra ajuda os pilotos de drones comerciais a planear rapidamente voos automatizados com v\u00e1rias op\u00e7\u00f5es f\u00e1ceis de utilizar com base na \u00e1rea ou objectos que pretendem captar e no tipo de mapa ou modelo 3D que pretendem criar. Est\u00e3o dispon\u00edveis tr\u00eas tipos de planeamento de miss\u00e3o: \u00c1rea: Captura uma \u00e1rea espec\u00edfica de forma r\u00e1pida e f\u00e1cil, desenhando uma zona de voo poligonal personalizada num mapa. O DJI Terra gera automaticamente op\u00e7\u00f5es de trajet\u00f3ria de voo eficientes com base na \u00e1rea selecionada. Waypoint: Crie traject\u00f3rias de voo din\u00e2micas e personalizadas atrav\u00e9s de uma \u00e1rea ou em torno de objectos, utilizando waypoints e par\u00e2metros ajust\u00e1veis, como altitude, velocidade, rumo, inclina\u00e7\u00e3o e \u00e2ngulo da aeronave. Para miss\u00f5es mais complexas que exigem grande aten\u00e7\u00e3o aos pormenores, a fun\u00e7\u00e3o de visualiza\u00e7\u00e3o de voo em 3D permite a conce\u00e7\u00e3o e a simula\u00e7\u00e3o de miss\u00f5es em modelos 3D existentes. Obl\u00edquo: capte um conjunto de dados rico ao voar automaticamente o mesmo percurso v\u00e1rias vezes. Cada voo ajusta automaticamente o \u00e2ngulo da c\u00e2mara para captar novos detalhes, fornecendo um modelo 3D adicional n\u00edtido do objeto ou ativo a partir de v\u00e1rios \u00e2ngulos. DJI Terra: Mapeamento em tempo real e modelos 3D detalhados Com as capacidades de mapeamento em tempo real, o DJI Terra permite que os pilotos de drones gerem rapidamente mapas ortomosaicos 2D como o drone, ideal para miss\u00f5es sens\u00edveis ao tempo em que a consci\u00eancia situacional \u00e9 cr\u00edtica e as decis\u00f5es devem ser tomadas em minutos. A capacidade de processamento r\u00e1pido do DJI Terra tamb\u00e9m cria representa\u00e7\u00f5es n\u00edtidas e realistas de qualquer ambiente atrav\u00e9s de ortomosaicos 2D detalhados e reconstru\u00e7\u00f5es de modelos 3D utilizados para aplica\u00e7\u00f5es industriais, tais como a reconstru\u00e7\u00e3o de acidentes de ve\u00edculos, o acompanhamento do progresso em projectos de constru\u00e7\u00e3o ou a realiza\u00e7\u00e3o de inspec\u00e7\u00f5es de infra-estruturas cr\u00edticas em grande escala em pontes e auto-estradas. Compatibilidade de aeronaves  <\/p>\n<ul>\n<li>O DJI Terra \u00e9 compat\u00edvel com os drones da s\u00e9rie Phantom 4: Phantom 4 RTK, Phantom 4 Pro V2.0, Phantom 4 Pro + V2.0, Phantom 4 Pro, Phantom 4 Advanced e Phantom 4<\/li>\n<\/ul>\n<p><img decoding=\"async\" src=\"https:\/\/tienda.stockrc.com\/WebRoot\/StoreES2\/Shops\/eb0140\/MediaGallery\/DJI_Terra\/DJI_Terra_1_djiarsmadrid.jpg\" alt=\"DJI_Terra_1_djiarsmadrid\"><img decoding=\"async\" src=\"https:\/\/tienda.stockrc.com\/WebRoot\/StoreES2\/Shops\/eb0140\/MediaGallery\/DJI_Terra\/DJI_Terra_2_djiarsmadrid.jpg\" alt=\"DJI_Terra_2_djiarsmadrid\"><img decoding=\"async\" src=\"https:\/\/tienda.stockrc.com\/WebRoot\/StoreES2\/Shops\/eb0140\/MediaGallery\/DJI_Terra\/DJI_Terra_3_djiarsmadrid.jpg\" alt=\"DJI_Terra_3_djiarsmadrid\"><img decoding=\"async\" src=\"https:\/\/tienda.stockrc.com\/WebRoot\/StoreES2\/Shops\/eb0140\/MediaGallery\/DJI_Terra\/DJI_Terra_4_djiarsmadrid.jpg\" alt=\"DJI_Terra_4_djiarsmadrid\"><img decoding=\"async\" src=\"https:\/\/tienda.stockrc.com\/WebRoot\/StoreES2\/Shops\/eb0140\/MediaGallery\/DJI_Terra\/DJI_Terra_5_djiarsmadrid.jpg\" alt=\"DJI_Terra_5_djiarsmadrid\"><img decoding=\"async\" src=\"https:\/\/tienda.stockrc.com\/WebRoot\/StoreES2\/Shops\/eb0140\/MediaGallery\/DJI_Terra\/DJI_Terra_6_djiarsmadrid.jpg\" alt=\"DJI_Terra_6_djiarsmadrid\"><img decoding=\"async\" src=\"https:\/\/tienda.stockrc.com\/WebRoot\/StoreES2\/Shops\/eb0140\/MediaGallery\/DJI_Terra\/DJI_Terra_7_djiarsmadrid.jpg\" alt=\"DJI_Terra_7_djiarsmadrid\"><img decoding=\"async\" src=\"https:\/\/tienda.stockrc.com\/WebRoot\/StoreES2\/Shops\/eb0140\/MediaGallery\/DJI_Terra\/DJI_Terra_8_djiarsmadrid.jpg\" alt=\"DJI_Terra_8_djiarsmadrid\"><img decoding=\"async\" src=\"https:\/\/tienda.stockrc.com\/WebRoot\/StoreES2\/Shops\/eb0140\/MediaGallery\/DJI_Terra\/DJI_Terra_9_djiarsmadrid.jpg\" alt=\"DJI_Terra_9_djiarsmadrid\"><img decoding=\"async\" src=\"https:\/\/tienda.stockrc.com\/WebRoot\/StoreES2\/Shops\/eb0140\/MediaGallery\/DJI_Terra\/DJI_Terra_10_djiarsmadrid.jpg\" alt=\"DJI_Terra_10_djiarsmadrid\"><img decoding=\"async\" src=\"https:\/\/tienda.stockrc.com\/WebRoot\/StoreES2\/Shops\/eb0140\/MediaGallery\/DJI_Terra\/DJI_Terra_11_djiarsmadrid.jpg\" alt=\"DJI_Terra_11_djiarsmadrid\"><img decoding=\"async\" src=\"https:\/\/tienda.stockrc.com\/WebRoot\/StoreES2\/Shops\/eb0140\/MediaGallery\/DJI_Terra\/DJI_Terra_12_djiarsmadrid.jpg\" alt=\"DJI_Terra_12_djiarsmadrid\"><img decoding=\"async\" src=\"https:\/\/tienda.stockrc.com\/WebRoot\/StoreES2\/Shops\/eb0140\/MediaGallery\/DJI_Terra\/DJI_Terra_13_djiarsmadrid.jpg\" alt=\"DJI_Terra_13_djiarsmadrid\"><img decoding=\"async\" src=\"https:\/\/tienda.stockrc.com\/WebRoot\/StoreES2\/Shops\/eb0140\/MediaGallery\/DJI_Terra\/DJI_Terra_14_djiarsmadrid.jpg\" alt=\"DJI_Terra_14_djiarsmadrid\"><img decoding=\"async\" src=\"https:\/\/tienda.stockrc.com\/WebRoot\/StoreES2\/Shops\/eb0140\/MediaGallery\/DJI_Terra\/DJI_Terra_16_djiarsmadrid.jpg\" alt=\"DJI_Terra_16_djiarsmadrid\"><img decoding=\"async\" src=\"https:\/\/tienda.stockrc.com\/WebRoot\/StoreES2\/Shops\/eb0140\/MediaGallery\/DJI_Terra\/DJI_Terra_17_djiarsmadrid.jpg\" alt=\"DJI_Terra_17_djiarsmadrid\"><img decoding=\"async\" src=\"https:\/\/tienda.stockrc.com\/WebRoot\/StoreES2\/Shops\/eb0140\/MediaGallery\/DJI_Terra\/DJI_Terra_18_djiarsmadrid.jpg\" alt=\"DJI_Terra_18_djiarsmadrid\"><img decoding=\"async\" src=\"https:\/\/tienda.stockrc.com\/WebRoot\/StoreES2\/Shops\/eb0140\/MediaGallery\/DJI_Terra\/DJI_Terra_19_djiarsmadrid.jpg\" alt=\"DJI_Terra_19_djiarsmadrid\"><img decoding=\"async\" src=\"https:\/\/tienda.stockrc.com\/WebRoot\/StoreES2\/Shops\/eb0140\/MediaGallery\/DJI_Terra\/DJI_Terra_21_djiarsmadrid.jpg\" alt=\"DJI_Terra_21_djiarsmadrid\"><img decoding=\"async\" src=\"https:\/\/tienda.stockrc.com\/WebRoot\/StoreES2\/Shops\/eb0140\/MediaGallery\/DJI_Terra\/DJI_Terra_22_djiarsmadrid.jpg\" alt=\"DJI_Terra_22_djiarsmadrid\"><img decoding=\"async\" src=\"https:\/\/tienda.stockrc.com\/WebRoot\/StoreES2\/Shops\/eb0140\/MediaGallery\/DJI_Terra\/DJI_Terra_23_djiarsmadrid.jpg\" alt=\"DJI_Terra_23_djiarsmadrid\"><img decoding=\"async\" src=\"https:\/\/tienda.stockrc.com\/WebRoot\/StoreES2\/Shops\/eb0140\/MediaGallery\/DJI_Terra\/DJI_Terra_24_djiarsmadrid.jpg\" alt=\"DJI_Terra_24_djiarsmadrid\"><img decoding=\"async\" src=\"https:\/\/tienda.stockrc.com\/WebRoot\/StoreES2\/Shops\/eb0140\/MediaGallery\/DJI_Terra\/DJI_Terra_25_djiarsmadrid.jpg\" alt=\"DJI_Terra_25_djiarsmadrid\"><img decoding=\"async\" src=\"https:\/\/tienda.stockrc.com\/WebRoot\/StoreES2\/Shops\/eb0140\/MediaGallery\/DJI_Terra\/DJI_Terra_26_djiarsmadrid.jpg\" alt=\"DJI_Terra_26_djiarsmadrid\"><\/p>\n","protected":false},"excerpt":{"rendered":"<p>DJI Terra Electricity Overseas 1 ano (1 dispositivo) DJI Terra \u00e9 uma nova ferramenta de software. A sua principal carater\u00edstica \u00e9 o facto de transformar dados de drones em modelos<\/p>\n","protected":false},"featured_media":243827,"comment_status":"open","ping_status":"closed","template":"","meta":{"_joinchat":[]},"pwb-brand":[3567],"product_cat":[3329,3373],"product_tag":[],"class_list":{"0":"post-244179","1":"product","2":"type-product","3":"status-publish","4":"has-post-thumbnail","6":"pwb-brand-dji","7":"product_cat-dji-it","8":"product_cat-dji-professionale","10":"first","11":"instock","12":"taxable","13":"shipping-taxable","14":"purchasable","15":"product-type-simple"},"barcode":null,"atum_controlled":true,"out_stock_date":null,"out_stock_threshold":null,"inheritable":false,"stock_on_hold":0,"sold_today":0,"sales_last_days":0,"out_stock_days":0,"lost_sales":0,"update_date":"2026-05-06T23:25:26","atum_locations":[],"atum_stock_status":"instock","restock_status":false,"low_stock_amount":"","sales_update_date":"2026-05-06T23:25:26","calc_backorders":null,"yoast_head":"<!-- This site is optimized with the Yoast SEO plugin v27.3 - https:\/\/yoast.com\/product\/yoast-seo-wordpress\/ -->\n<title>DJI Terra Electricity Overseas 1 ano (1 dispositivo) - Iha Race<\/title>\n<meta name=\"robots\" content=\"index, follow, max-snippet:-1, max-image-preview:large, max-video-preview:-1\" \/>\n<link rel=\"canonical\" href=\"https:\/\/iha-race.com\/pt-pt\/produto\/dji-terra-electricity-overseas-1-ano-1-dispositivo\/\" \/>\n<meta property=\"og:locale\" content=\"pt_PT\" \/>\n<meta property=\"og:type\" content=\"article\" \/>\n<meta property=\"og:title\" content=\"DJI Terra Electricity Overseas 1 ano (1 dispositivo) - Iha Race\" \/>\n<meta property=\"og:description\" content=\"DJI Terra Electricity Overseas 1 ano (1 dispositivo) DJI Terra \u00e9 uma nova ferramenta de software. A sua principal carater\u00edstica \u00e9 o facto de transformar dados de drones em modelos\" \/>\n<meta property=\"og:url\" content=\"https:\/\/iha-race.com\/pt-pt\/produto\/dji-terra-electricity-overseas-1-ano-1-dispositivo\/\" \/>\n<meta property=\"og:site_name\" content=\"Iha Race\" \/>\n<meta property=\"article:modified_time\" content=\"2024-08-29T09:16:29+00:00\" \/>\n<meta property=\"og:image\" content=\"https:\/\/iha-race.com\/wp-content\/uploads\/2024\/02\/DJI_Terra_software_stockrc.png\" \/>\n\t<meta property=\"og:image:width\" content=\"738\" \/>\n\t<meta property=\"og:image:height\" content=\"545\" \/>\n\t<meta property=\"og:image:type\" content=\"image\/png\" \/>\n<meta name=\"twitter:card\" content=\"summary_large_image\" \/>\n<meta name=\"twitter:label1\" content=\"Tempo estimado de leitura\" \/>\n\t<meta name=\"twitter:data1\" content=\"3 minutos\" \/>\n<script type=\"application\/ld+json\" class=\"yoast-schema-graph\">{\"@context\":\"https:\\\/\\\/schema.org\",\"@graph\":[{\"@type\":\"WebPage\",\"@id\":\"https:\\\/\\\/iha-race.com\\\/pt-pt\\\/produto\\\/dji-terra-electricity-overseas-1-ano-1-dispositivo\\\/\",\"url\":\"https:\\\/\\\/iha-race.com\\\/pt-pt\\\/produto\\\/dji-terra-electricity-overseas-1-ano-1-dispositivo\\\/\",\"name\":\"DJI Terra Electricity Overseas 1 ano (1 dispositivo) - Iha Race\",\"isPartOf\":{\"@id\":\"https:\\\/\\\/iha-race.com\\\/pt-pt\\\/#website\"},\"primaryImageOfPage\":{\"@id\":\"https:\\\/\\\/iha-race.com\\\/pt-pt\\\/produto\\\/dji-terra-electricity-overseas-1-ano-1-dispositivo\\\/#primaryimage\"},\"image\":{\"@id\":\"https:\\\/\\\/iha-race.com\\\/pt-pt\\\/produto\\\/dji-terra-electricity-overseas-1-ano-1-dispositivo\\\/#primaryimage\"},\"thumbnailUrl\":\"https:\\\/\\\/iha-race.com\\\/wp-content\\\/uploads\\\/2024\\\/02\\\/DJI_Terra_software_stockrc.png\",\"datePublished\":\"2024-02-08T16:19:44+00:00\",\"dateModified\":\"2024-08-29T09:16:29+00:00\",\"breadcrumb\":{\"@id\":\"https:\\\/\\\/iha-race.com\\\/pt-pt\\\/produto\\\/dji-terra-electricity-overseas-1-ano-1-dispositivo\\\/#breadcrumb\"},\"inLanguage\":\"pt-PT\",\"potentialAction\":[{\"@type\":\"ReadAction\",\"target\":[\"https:\\\/\\\/iha-race.com\\\/pt-pt\\\/produto\\\/dji-terra-electricity-overseas-1-ano-1-dispositivo\\\/\"]}]},{\"@type\":\"ImageObject\",\"inLanguage\":\"pt-PT\",\"@id\":\"https:\\\/\\\/iha-race.com\\\/pt-pt\\\/produto\\\/dji-terra-electricity-overseas-1-ano-1-dispositivo\\\/#primaryimage\",\"url\":\"https:\\\/\\\/iha-race.com\\\/wp-content\\\/uploads\\\/2024\\\/02\\\/DJI_Terra_software_stockrc.png\",\"contentUrl\":\"https:\\\/\\\/iha-race.com\\\/wp-content\\\/uploads\\\/2024\\\/02\\\/DJI_Terra_software_stockrc.png\",\"width\":738,\"height\":545},{\"@type\":\"BreadcrumbList\",\"@id\":\"https:\\\/\\\/iha-race.com\\\/pt-pt\\\/produto\\\/dji-terra-electricity-overseas-1-ano-1-dispositivo\\\/#breadcrumb\",\"itemListElement\":[{\"@type\":\"ListItem\",\"position\":1,\"name\":\"Portada\",\"item\":\"https:\\\/\\\/iha-race.com\\\/pt-pt\\\/\"},{\"@type\":\"ListItem\",\"position\":2,\"name\":\"Shop\",\"item\":\"https:\\\/\\\/iha-race.com\\\/pt-pt\\\/shop\\\/\"},{\"@type\":\"ListItem\",\"position\":3,\"name\":\"DJI Terra Electricity Overseas 1 ano (1 dispositivo)\"}]},{\"@type\":\"WebSite\",\"@id\":\"https:\\\/\\\/iha-race.com\\\/pt-pt\\\/#website\",\"url\":\"https:\\\/\\\/iha-race.com\\\/pt-pt\\\/\",\"name\":\"Iha Race\",\"description\":\"Comprar drones de carreras FPV env\u00edos en un d\u00eda desde Espa\u00f1a\",\"publisher\":{\"@id\":\"https:\\\/\\\/iha-race.com\\\/pt-pt\\\/#organization\"},\"potentialAction\":[{\"@type\":\"SearchAction\",\"target\":{\"@type\":\"EntryPoint\",\"urlTemplate\":\"https:\\\/\\\/iha-race.com\\\/pt-pt\\\/?s={search_term_string}\"},\"query-input\":{\"@type\":\"PropertyValueSpecification\",\"valueRequired\":true,\"valueName\":\"search_term_string\"}}],\"inLanguage\":\"pt-PT\"},{\"@type\":\"Organization\",\"@id\":\"https:\\\/\\\/iha-race.com\\\/pt-pt\\\/#organization\",\"name\":\"Iha Race\",\"url\":\"https:\\\/\\\/iha-race.com\\\/pt-pt\\\/\",\"logo\":{\"@type\":\"ImageObject\",\"inLanguage\":\"pt-PT\",\"@id\":\"https:\\\/\\\/iha-race.com\\\/pt-pt\\\/#\\\/schema\\\/logo\\\/image\\\/\",\"url\":\"https:\\\/\\\/iha-race.com\\\/wp-content\\\/uploads\\\/2018\\\/07\\\/iha-race-drones-de-carreras-tienda-comprar-drones.png\",\"contentUrl\":\"https:\\\/\\\/iha-race.com\\\/wp-content\\\/uploads\\\/2018\\\/07\\\/iha-race-drones-de-carreras-tienda-comprar-drones.png\",\"width\":300,\"height\":100,\"caption\":\"Iha Race\"},\"image\":{\"@id\":\"https:\\\/\\\/iha-race.com\\\/pt-pt\\\/#\\\/schema\\\/logo\\\/image\\\/\"}}]}<\/script>\n<!-- \/ Yoast SEO plugin. -->","yoast_head_json":{"title":"DJI Terra Electricity Overseas 1 ano (1 dispositivo) - Iha Race","robots":{"index":"index","follow":"follow","max-snippet":"max-snippet:-1","max-image-preview":"max-image-preview:large","max-video-preview":"max-video-preview:-1"},"canonical":"https:\/\/iha-race.com\/pt-pt\/produto\/dji-terra-electricity-overseas-1-ano-1-dispositivo\/","og_locale":"pt_PT","og_type":"article","og_title":"DJI Terra Electricity Overseas 1 ano (1 dispositivo) - Iha Race","og_description":"DJI Terra Electricity Overseas 1 ano (1 dispositivo) DJI Terra \u00e9 uma nova ferramenta de software. A sua principal carater\u00edstica \u00e9 o facto de transformar dados de drones em modelos","og_url":"https:\/\/iha-race.com\/pt-pt\/produto\/dji-terra-electricity-overseas-1-ano-1-dispositivo\/","og_site_name":"Iha Race","article_modified_time":"2024-08-29T09:16:29+00:00","og_image":[{"width":738,"height":545,"url":"https:\/\/iha-race.com\/wp-content\/uploads\/2024\/02\/DJI_Terra_software_stockrc.png","type":"image\/png"}],"twitter_card":"summary_large_image","twitter_misc":{"Tempo estimado de leitura":"3 minutos"},"schema":{"@context":"https:\/\/schema.org","@graph":[{"@type":"WebPage","@id":"https:\/\/iha-race.com\/pt-pt\/produto\/dji-terra-electricity-overseas-1-ano-1-dispositivo\/","url":"https:\/\/iha-race.com\/pt-pt\/produto\/dji-terra-electricity-overseas-1-ano-1-dispositivo\/","name":"DJI Terra Electricity Overseas 1 ano (1 dispositivo) - Iha Race","isPartOf":{"@id":"https:\/\/iha-race.com\/pt-pt\/#website"},"primaryImageOfPage":{"@id":"https:\/\/iha-race.com\/pt-pt\/produto\/dji-terra-electricity-overseas-1-ano-1-dispositivo\/#primaryimage"},"image":{"@id":"https:\/\/iha-race.com\/pt-pt\/produto\/dji-terra-electricity-overseas-1-ano-1-dispositivo\/#primaryimage"},"thumbnailUrl":"https:\/\/iha-race.com\/wp-content\/uploads\/2024\/02\/DJI_Terra_software_stockrc.png","datePublished":"2024-02-08T16:19:44+00:00","dateModified":"2024-08-29T09:16:29+00:00","breadcrumb":{"@id":"https:\/\/iha-race.com\/pt-pt\/produto\/dji-terra-electricity-overseas-1-ano-1-dispositivo\/#breadcrumb"},"inLanguage":"pt-PT","potentialAction":[{"@type":"ReadAction","target":["https:\/\/iha-race.com\/pt-pt\/produto\/dji-terra-electricity-overseas-1-ano-1-dispositivo\/"]}]},{"@type":"ImageObject","inLanguage":"pt-PT","@id":"https:\/\/iha-race.com\/pt-pt\/produto\/dji-terra-electricity-overseas-1-ano-1-dispositivo\/#primaryimage","url":"https:\/\/iha-race.com\/wp-content\/uploads\/2024\/02\/DJI_Terra_software_stockrc.png","contentUrl":"https:\/\/iha-race.com\/wp-content\/uploads\/2024\/02\/DJI_Terra_software_stockrc.png","width":738,"height":545},{"@type":"BreadcrumbList","@id":"https:\/\/iha-race.com\/pt-pt\/produto\/dji-terra-electricity-overseas-1-ano-1-dispositivo\/#breadcrumb","itemListElement":[{"@type":"ListItem","position":1,"name":"Portada","item":"https:\/\/iha-race.com\/pt-pt\/"},{"@type":"ListItem","position":2,"name":"Shop","item":"https:\/\/iha-race.com\/pt-pt\/shop\/"},{"@type":"ListItem","position":3,"name":"DJI Terra Electricity Overseas 1 ano (1 dispositivo)"}]},{"@type":"WebSite","@id":"https:\/\/iha-race.com\/pt-pt\/#website","url":"https:\/\/iha-race.com\/pt-pt\/","name":"Iha Race","description":"Comprar drones de carreras FPV env\u00edos en un d\u00eda desde Espa\u00f1a","publisher":{"@id":"https:\/\/iha-race.com\/pt-pt\/#organization"},"potentialAction":[{"@type":"SearchAction","target":{"@type":"EntryPoint","urlTemplate":"https:\/\/iha-race.com\/pt-pt\/?s={search_term_string}"},"query-input":{"@type":"PropertyValueSpecification","valueRequired":true,"valueName":"search_term_string"}}],"inLanguage":"pt-PT"},{"@type":"Organization","@id":"https:\/\/iha-race.com\/pt-pt\/#organization","name":"Iha Race","url":"https:\/\/iha-race.com\/pt-pt\/","logo":{"@type":"ImageObject","inLanguage":"pt-PT","@id":"https:\/\/iha-race.com\/pt-pt\/#\/schema\/logo\/image\/","url":"https:\/\/iha-race.com\/wp-content\/uploads\/2018\/07\/iha-race-drones-de-carreras-tienda-comprar-drones.png","contentUrl":"https:\/\/iha-race.com\/wp-content\/uploads\/2018\/07\/iha-race-drones-de-carreras-tienda-comprar-drones.png","width":300,"height":100,"caption":"Iha Race"},"image":{"@id":"https:\/\/iha-race.com\/pt-pt\/#\/schema\/logo\/image\/"}}]}},"jetpack_sharing_enabled":true,"brands":[{"id":3567,"name":"DJI","slug":"dji"}],"_links":{"self":[{"href":"https:\/\/iha-race.com\/pt-pt\/wp-json\/wp\/v2\/product\/244179","targetHints":{"allow":["GET"]}}],"collection":[{"href":"https:\/\/iha-race.com\/pt-pt\/wp-json\/wp\/v2\/product"}],"about":[{"href":"https:\/\/iha-race.com\/pt-pt\/wp-json\/wp\/v2\/types\/product"}],"replies":[{"embeddable":true,"href":"https:\/\/iha-race.com\/pt-pt\/wp-json\/wp\/v2\/comments?post=244179"}],"version-history":[{"count":2,"href":"https:\/\/iha-race.com\/pt-pt\/wp-json\/wp\/v2\/product\/244179\/revisions"}],"predecessor-version":[{"id":248371,"href":"https:\/\/iha-race.com\/pt-pt\/wp-json\/wp\/v2\/product\/244179\/revisions\/248371"}],"wp:featuredmedia":[{"embeddable":true,"href":"https:\/\/iha-race.com\/pt-pt\/wp-json\/wp\/v2\/media\/243827"}],"wp:attachment":[{"href":"https:\/\/iha-race.com\/pt-pt\/wp-json\/wp\/v2\/media?parent=244179"}],"wp:term":[{"taxonomy":"pwb-brand","embeddable":true,"href":"https:\/\/iha-race.com\/pt-pt\/wp-json\/wp\/v2\/pwb-brand?post=244179"},{"taxonomy":"product_cat","embeddable":true,"href":"https:\/\/iha-race.com\/pt-pt\/wp-json\/wp\/v2\/product_cat?post=244179"},{"taxonomy":"product_tag","embeddable":true,"href":"https:\/\/iha-race.com\/pt-pt\/wp-json\/wp\/v2\/product_tag?post=244179"}],"curies":[{"name":"wp","href":"https:\/\/api.w.org\/{rel}","templated":true}]}}