{"id":243629,"date":"2024-01-10T16:46:25","date_gmt":"2024-01-10T15:46:25","guid":{"rendered":"https:\/\/iha-race.com\/producto\/cabo-dongle-syk-cabo-roxo\/"},"modified":"2024-08-29T11:14:14","modified_gmt":"2024-08-29T09:14:14","slug":"cabo-dongle-syk-cabo-roxo","status":"publish","type":"product","link":"https:\/\/iha-race.com\/pt-pt\/produto\/cabo-dongle-syk-cabo-roxo\/","title":{"rendered":"Cabo dongle SYK + cabo roxo"},"content":{"rendered":"<h2>Cabo dongle SYK + cabo roxo<\/h2>\n<p>  Apresentamos o Syk Dongle, uma solu\u00e7\u00e3o inteligente para os entusiastas de FPV que procuram uma liga\u00e7\u00e3o el\u00e9ctrica r\u00e1pida e f\u00e1cil aos seus \u00f3culos e capacidades de carregamento di\u00e1rias. O Syk Dongle \u00e9 um adaptador XT60 para USB-C concebido para \u00f3culos HD e dispositivos tecnol\u00f3gicos da pr\u00f3xima gera\u00e7\u00e3o. Quando combinado com o cabo USB-C entran\u00e7ado inclu\u00eddo, o dongle gera uma tens\u00e3o estabilizada de 8,4 V, capaz de alimentar qualquer \u00f3culos FPV moderno. Gra\u00e7as ao clipe adicionado, j\u00e1 n\u00e3o tem de se virar, permitindo-lhe concentrar-se na sua experi\u00eancia FPV sem distrac\u00e7\u00f5es. Uma das caracter\u00edsticas de destaque do Syk Dongle \u00e9 a sua sa\u00edda USB-C, que suporta QC3.0, PD e muito mais. Isto significa que agora pode aproveitar ao m\u00e1ximo as suas lipos restantes, utilizando-as para carregar os seus outros dispositivos tecnol\u00f3gicos. Diz adeus ao desperd\u00edcio de energia e aproveita a conveni\u00eancia de reutilizar as tuas lipos para alimentar os teus dispositivos, enquanto desfrutas de velocidades de carregamento r\u00e1pidas.  <\/p>\n<h3 class=\"h1\">Especifica\u00e7\u00f5es<\/h3>\n<ul>\n<li><strong>Pot\u00eancia de entrada:<\/strong> 2-6S. (Para carregamento PD, recomenda-se a utiliza\u00e7\u00e3o de Lipo 4-6S)<\/li>\n<li><strong>Pot\u00eancia de sa\u00edda do cabo:<\/strong> 8,4 V estabilizada.<\/li>\n<li><strong>Protocolo de carregamento:<\/strong> PD 5V, 9V, 12V, Apple, BC1.2, QC 2.0, QC 3.0, Huawei FCP, Samsung: AFC<\/li>\n<li><strong>Peso (sem cabo):<\/strong> 21g<\/li>\n<\/ul>\n","protected":false},"excerpt":{"rendered":"<p>Cabo dongle SYK + cabo roxo Apresentamos o Syk Dongle, uma solu\u00e7\u00e3o inteligente para os entusiastas de FPV que procuram uma liga\u00e7\u00e3o el\u00e9ctrica r\u00e1pida e f\u00e1cil aos seus \u00f3culos e<\/p>\n","protected":false},"featured_media":243144,"comment_status":"open","ping_status":"closed","template":"","meta":{"_joinchat":[]},"pwb-brand":[],"product_cat":[2459,1132],"product_tag":[],"class_list":{"0":"post-243629","1":"product","2":"type-product","3":"status-publish","4":"has-post-thumbnail","6":"product_cat-acessorios-pt-pt","7":"product_cat-oculos-de-proteccao-fpv","9":"first","10":"outofstock","11":"taxable","12":"shipping-taxable","13":"purchasable","14":"product-type-simple"},"barcode":null,"atum_controlled":true,"out_stock_date":"2026-01-13 21:46:23","out_stock_threshold":null,"inheritable":false,"stock_on_hold":0,"sold_today":0,"sales_last_days":0,"out_stock_days":94,"lost_sales":226,"update_date":"2026-04-18T20:30:55","atum_locations":[],"atum_stock_status":"outofstock","restock_status":false,"low_stock_amount":"","sales_update_date":"2026-04-18T20:30:55","calc_backorders":null,"yoast_head":"<!-- This site is optimized with the Yoast SEO plugin v27.3 - https:\/\/yoast.com\/product\/yoast-seo-wordpress\/ -->\n<title>Cabo dongle SYK + cabo roxo - Iha Race<\/title>\n<meta name=\"robots\" content=\"index, follow, max-snippet:-1, max-image-preview:large, max-video-preview:-1\" \/>\n<link rel=\"canonical\" href=\"https:\/\/iha-race.com\/pt-pt\/produto\/cabo-dongle-syk-cabo-roxo\/\" \/>\n<meta property=\"og:locale\" content=\"pt_PT\" \/>\n<meta property=\"og:type\" content=\"article\" \/>\n<meta property=\"og:title\" content=\"Cabo dongle SYK + cabo roxo - Iha Race\" \/>\n<meta property=\"og:description\" content=\"Cabo dongle SYK + cabo roxo Apresentamos o Syk Dongle, uma solu\u00e7\u00e3o inteligente para os entusiastas de FPV que procuram uma liga\u00e7\u00e3o el\u00e9ctrica r\u00e1pida e f\u00e1cil aos seus \u00f3culos e\" \/>\n<meta property=\"og:url\" content=\"https:\/\/iha-race.com\/pt-pt\/produto\/cabo-dongle-syk-cabo-roxo\/\" \/>\n<meta property=\"og:site_name\" content=\"Iha Race\" \/>\n<meta property=\"article:modified_time\" content=\"2024-08-29T09:14:14+00:00\" \/>\n<meta property=\"og:image\" content=\"https:\/\/iha-race.com\/wp-content\/uploads\/2024\/01\/Cable-SYK-dongle-morado.jpg\" \/>\n\t<meta property=\"og:image:width\" content=\"800\" \/>\n\t<meta property=\"og:image:height\" content=\"800\" \/>\n\t<meta property=\"og:image:type\" content=\"image\/jpeg\" \/>\n<meta name=\"twitter:card\" content=\"summary_large_image\" \/>\n<meta name=\"twitter:label1\" content=\"Tempo estimado de leitura\" \/>\n\t<meta name=\"twitter:data1\" content=\"1 minuto\" \/>\n<script type=\"application\/ld+json\" class=\"yoast-schema-graph\">{\"@context\":\"https:\\\/\\\/schema.org\",\"@graph\":[{\"@type\":\"WebPage\",\"@id\":\"https:\\\/\\\/iha-race.com\\\/pt-pt\\\/produto\\\/cabo-dongle-syk-cabo-roxo\\\/\",\"url\":\"https:\\\/\\\/iha-race.com\\\/pt-pt\\\/produto\\\/cabo-dongle-syk-cabo-roxo\\\/\",\"name\":\"Cabo dongle SYK + cabo roxo - Iha Race\",\"isPartOf\":{\"@id\":\"https:\\\/\\\/iha-race.com\\\/pt-pt\\\/#website\"},\"primaryImageOfPage\":{\"@id\":\"https:\\\/\\\/iha-race.com\\\/pt-pt\\\/produto\\\/cabo-dongle-syk-cabo-roxo\\\/#primaryimage\"},\"image\":{\"@id\":\"https:\\\/\\\/iha-race.com\\\/pt-pt\\\/produto\\\/cabo-dongle-syk-cabo-roxo\\\/#primaryimage\"},\"thumbnailUrl\":\"https:\\\/\\\/iha-race.com\\\/wp-content\\\/uploads\\\/2024\\\/01\\\/Cable-SYK-dongle-morado.jpg\",\"datePublished\":\"2024-01-10T15:46:25+00:00\",\"dateModified\":\"2024-08-29T09:14:14+00:00\",\"breadcrumb\":{\"@id\":\"https:\\\/\\\/iha-race.com\\\/pt-pt\\\/produto\\\/cabo-dongle-syk-cabo-roxo\\\/#breadcrumb\"},\"inLanguage\":\"pt-PT\",\"potentialAction\":[{\"@type\":\"ReadAction\",\"target\":[\"https:\\\/\\\/iha-race.com\\\/pt-pt\\\/produto\\\/cabo-dongle-syk-cabo-roxo\\\/\"]}]},{\"@type\":\"ImageObject\",\"inLanguage\":\"pt-PT\",\"@id\":\"https:\\\/\\\/iha-race.com\\\/pt-pt\\\/produto\\\/cabo-dongle-syk-cabo-roxo\\\/#primaryimage\",\"url\":\"https:\\\/\\\/iha-race.com\\\/wp-content\\\/uploads\\\/2024\\\/01\\\/Cable-SYK-dongle-morado.jpg\",\"contentUrl\":\"https:\\\/\\\/iha-race.com\\\/wp-content\\\/uploads\\\/2024\\\/01\\\/Cable-SYK-dongle-morado.jpg\",\"width\":800,\"height\":800},{\"@type\":\"BreadcrumbList\",\"@id\":\"https:\\\/\\\/iha-race.com\\\/pt-pt\\\/produto\\\/cabo-dongle-syk-cabo-roxo\\\/#breadcrumb\",\"itemListElement\":[{\"@type\":\"ListItem\",\"position\":1,\"name\":\"Portada\",\"item\":\"https:\\\/\\\/iha-race.com\\\/pt-pt\\\/elementor-499\\\/\"},{\"@type\":\"ListItem\",\"position\":2,\"name\":\"Shop\",\"item\":\"https:\\\/\\\/iha-race.com\\\/pt-pt\\\/shop\\\/\"},{\"@type\":\"ListItem\",\"position\":3,\"name\":\"Cabo dongle SYK + cabo roxo\"}]},{\"@type\":\"WebSite\",\"@id\":\"https:\\\/\\\/iha-race.com\\\/pt-pt\\\/#website\",\"url\":\"https:\\\/\\\/iha-race.com\\\/pt-pt\\\/\",\"name\":\"Iha Race\",\"description\":\"Comprar drones de carreras FPV env\u00edos en un d\u00eda desde Espa\u00f1a\",\"publisher\":{\"@id\":\"https:\\\/\\\/iha-race.com\\\/pt-pt\\\/#organization\"},\"potentialAction\":[{\"@type\":\"SearchAction\",\"target\":{\"@type\":\"EntryPoint\",\"urlTemplate\":\"https:\\\/\\\/iha-race.com\\\/pt-pt\\\/?s={search_term_string}\"},\"query-input\":{\"@type\":\"PropertyValueSpecification\",\"valueRequired\":true,\"valueName\":\"search_term_string\"}}],\"inLanguage\":\"pt-PT\"},{\"@type\":\"Organization\",\"@id\":\"https:\\\/\\\/iha-race.com\\\/pt-pt\\\/#organization\",\"name\":\"Iha Race\",\"url\":\"https:\\\/\\\/iha-race.com\\\/pt-pt\\\/\",\"logo\":{\"@type\":\"ImageObject\",\"inLanguage\":\"pt-PT\",\"@id\":\"https:\\\/\\\/iha-race.com\\\/pt-pt\\\/#\\\/schema\\\/logo\\\/image\\\/\",\"url\":\"https:\\\/\\\/iha-race.com\\\/wp-content\\\/uploads\\\/2018\\\/07\\\/iha-race-drones-de-carreras-tienda-comprar-drones.png\",\"contentUrl\":\"https:\\\/\\\/iha-race.com\\\/wp-content\\\/uploads\\\/2018\\\/07\\\/iha-race-drones-de-carreras-tienda-comprar-drones.png\",\"width\":300,\"height\":100,\"caption\":\"Iha Race\"},\"image\":{\"@id\":\"https:\\\/\\\/iha-race.com\\\/pt-pt\\\/#\\\/schema\\\/logo\\\/image\\\/\"}}]}<\/script>\n<!-- \/ Yoast SEO plugin. -->","yoast_head_json":{"title":"Cabo dongle SYK + cabo roxo - Iha Race","robots":{"index":"index","follow":"follow","max-snippet":"max-snippet:-1","max-image-preview":"max-image-preview:large","max-video-preview":"max-video-preview:-1"},"canonical":"https:\/\/iha-race.com\/pt-pt\/produto\/cabo-dongle-syk-cabo-roxo\/","og_locale":"pt_PT","og_type":"article","og_title":"Cabo dongle SYK + cabo roxo - Iha Race","og_description":"Cabo dongle SYK + cabo roxo Apresentamos o Syk Dongle, uma solu\u00e7\u00e3o inteligente para os entusiastas de FPV que procuram uma liga\u00e7\u00e3o el\u00e9ctrica r\u00e1pida e f\u00e1cil aos seus \u00f3culos e","og_url":"https:\/\/iha-race.com\/pt-pt\/produto\/cabo-dongle-syk-cabo-roxo\/","og_site_name":"Iha Race","article_modified_time":"2024-08-29T09:14:14+00:00","og_image":[{"width":800,"height":800,"url":"https:\/\/iha-race.com\/wp-content\/uploads\/2024\/01\/Cable-SYK-dongle-morado.jpg","type":"image\/jpeg"}],"twitter_card":"summary_large_image","twitter_misc":{"Tempo estimado de leitura":"1 minuto"},"schema":{"@context":"https:\/\/schema.org","@graph":[{"@type":"WebPage","@id":"https:\/\/iha-race.com\/pt-pt\/produto\/cabo-dongle-syk-cabo-roxo\/","url":"https:\/\/iha-race.com\/pt-pt\/produto\/cabo-dongle-syk-cabo-roxo\/","name":"Cabo dongle SYK + cabo roxo - Iha Race","isPartOf":{"@id":"https:\/\/iha-race.com\/pt-pt\/#website"},"primaryImageOfPage":{"@id":"https:\/\/iha-race.com\/pt-pt\/produto\/cabo-dongle-syk-cabo-roxo\/#primaryimage"},"image":{"@id":"https:\/\/iha-race.com\/pt-pt\/produto\/cabo-dongle-syk-cabo-roxo\/#primaryimage"},"thumbnailUrl":"https:\/\/iha-race.com\/wp-content\/uploads\/2024\/01\/Cable-SYK-dongle-morado.jpg","datePublished":"2024-01-10T15:46:25+00:00","dateModified":"2024-08-29T09:14:14+00:00","breadcrumb":{"@id":"https:\/\/iha-race.com\/pt-pt\/produto\/cabo-dongle-syk-cabo-roxo\/#breadcrumb"},"inLanguage":"pt-PT","potentialAction":[{"@type":"ReadAction","target":["https:\/\/iha-race.com\/pt-pt\/produto\/cabo-dongle-syk-cabo-roxo\/"]}]},{"@type":"ImageObject","inLanguage":"pt-PT","@id":"https:\/\/iha-race.com\/pt-pt\/produto\/cabo-dongle-syk-cabo-roxo\/#primaryimage","url":"https:\/\/iha-race.com\/wp-content\/uploads\/2024\/01\/Cable-SYK-dongle-morado.jpg","contentUrl":"https:\/\/iha-race.com\/wp-content\/uploads\/2024\/01\/Cable-SYK-dongle-morado.jpg","width":800,"height":800},{"@type":"BreadcrumbList","@id":"https:\/\/iha-race.com\/pt-pt\/produto\/cabo-dongle-syk-cabo-roxo\/#breadcrumb","itemListElement":[{"@type":"ListItem","position":1,"name":"Portada","item":"https:\/\/iha-race.com\/pt-pt\/elementor-499\/"},{"@type":"ListItem","position":2,"name":"Shop","item":"https:\/\/iha-race.com\/pt-pt\/shop\/"},{"@type":"ListItem","position":3,"name":"Cabo dongle SYK + cabo roxo"}]},{"@type":"WebSite","@id":"https:\/\/iha-race.com\/pt-pt\/#website","url":"https:\/\/iha-race.com\/pt-pt\/","name":"Iha Race","description":"Comprar drones de carreras FPV env\u00edos en un d\u00eda desde Espa\u00f1a","publisher":{"@id":"https:\/\/iha-race.com\/pt-pt\/#organization"},"potentialAction":[{"@type":"SearchAction","target":{"@type":"EntryPoint","urlTemplate":"https:\/\/iha-race.com\/pt-pt\/?s={search_term_string}"},"query-input":{"@type":"PropertyValueSpecification","valueRequired":true,"valueName":"search_term_string"}}],"inLanguage":"pt-PT"},{"@type":"Organization","@id":"https:\/\/iha-race.com\/pt-pt\/#organization","name":"Iha Race","url":"https:\/\/iha-race.com\/pt-pt\/","logo":{"@type":"ImageObject","inLanguage":"pt-PT","@id":"https:\/\/iha-race.com\/pt-pt\/#\/schema\/logo\/image\/","url":"https:\/\/iha-race.com\/wp-content\/uploads\/2018\/07\/iha-race-drones-de-carreras-tienda-comprar-drones.png","contentUrl":"https:\/\/iha-race.com\/wp-content\/uploads\/2018\/07\/iha-race-drones-de-carreras-tienda-comprar-drones.png","width":300,"height":100,"caption":"Iha Race"},"image":{"@id":"https:\/\/iha-race.com\/pt-pt\/#\/schema\/logo\/image\/"}}]}},"jetpack_sharing_enabled":true,"brands":[],"_links":{"self":[{"href":"https:\/\/iha-race.com\/pt-pt\/wp-json\/wp\/v2\/product\/243629","targetHints":{"allow":["GET"]}}],"collection":[{"href":"https:\/\/iha-race.com\/pt-pt\/wp-json\/wp\/v2\/product"}],"about":[{"href":"https:\/\/iha-race.com\/pt-pt\/wp-json\/wp\/v2\/types\/product"}],"replies":[{"embeddable":true,"href":"https:\/\/iha-race.com\/pt-pt\/wp-json\/wp\/v2\/comments?post=243629"}],"version-history":[{"count":1,"href":"https:\/\/iha-race.com\/pt-pt\/wp-json\/wp\/v2\/product\/243629\/revisions"}],"predecessor-version":[{"id":248346,"href":"https:\/\/iha-race.com\/pt-pt\/wp-json\/wp\/v2\/product\/243629\/revisions\/248346"}],"wp:featuredmedia":[{"embeddable":true,"href":"https:\/\/iha-race.com\/pt-pt\/wp-json\/wp\/v2\/media\/243144"}],"wp:attachment":[{"href":"https:\/\/iha-race.com\/pt-pt\/wp-json\/wp\/v2\/media?parent=243629"}],"wp:term":[{"taxonomy":"pwb-brand","embeddable":true,"href":"https:\/\/iha-race.com\/pt-pt\/wp-json\/wp\/v2\/pwb-brand?post=243629"},{"taxonomy":"product_cat","embeddable":true,"href":"https:\/\/iha-race.com\/pt-pt\/wp-json\/wp\/v2\/product_cat?post=243629"},{"taxonomy":"product_tag","embeddable":true,"href":"https:\/\/iha-race.com\/pt-pt\/wp-json\/wp\/v2\/product_tag?post=243629"}],"curies":[{"name":"wp","href":"https:\/\/api.w.org\/{rel}","templated":true}]}}