{"id":239316,"date":"2023-12-04T18:58:14","date_gmt":"2023-12-04T17:58:14","guid":{"rendered":"https:\/\/iha-race.com\/producto\/estojo-torvol-compact-drone\/"},"modified":"2026-04-20T19:13:40","modified_gmt":"2026-04-20T17:13:40","slug":"torvol-compact-drone-case","status":"publish","type":"product","link":"https:\/\/iha-race.com\/pt-pt\/produto\/torvol-compact-drone-case\/","title":{"rendered":"Estojo Torvol Compact Drone"},"content":{"rendered":"<h2 class=\"product-name\"><span class=\"h1\">MALA COMPACTA PARA DRONE TORVOL<\/span><\/h2>\n<p><strong>Transporte com seguran\u00e7a o seu drone compacto.<\/strong>  A mala Drone Compact \u00e9 uma solu\u00e7\u00e3o de transporte protetor para todo o teu equipamento de drone da s\u00e9rie DJI Mavic (ou qualquer drone semelhante). O compartimento principal cont\u00e9m todo o equipamento do drone. Com acesso f\u00e1cil ao drone, ao controlador e \u00e0s baterias sobresselentes, estar\u00e1 pronto a voar em segundos. O compartimento superior cont\u00e9m todos os acess\u00f3rios de que necessita para se preparar para o seu voo. Carregadores, cabos e muito mais. O bolso grande da manga \u00e9 perfeito para cart\u00f5es SD e h\u00e9lices sobresselentes. 3 divisores de espa\u00e7o almofadados amov\u00edveis e correias el\u00e1sticas protegem o seu valioso equipamento quando se desloca para o seu pr\u00f3ximo local. E o que \u00e9 mais? O estojo compacto do drone cabe perfeitamente dentro da mochila Torvol Drone Explorer, tornando um longo fim de semana de voo de drone ainda mais conveniente.  <\/p>\n<h3>Caracter\u00edsticas<\/h3>\n<ul>\n<li>Caixa de prote\u00e7\u00e3o de espuma dura na parte da frente.<\/li>\n<li>Compartimento principal especificamente concebido para drones compactos.<\/li>\n<li>Compartimento superior para cabos do carregador e pe\u00e7as sobresselentes.<\/li>\n<li>Conjunto de divis\u00f3rias interiores ajust\u00e1veis.<\/li>\n<li>Prote\u00e7\u00e3o do cardan e controlador dedicado.<\/li>\n<li>Concebido para caber perfeitamente dentro da mochila Torvol Drone Explorer.<\/li>\n<li>Bolso organizador interno para cart\u00f5es SD.<\/li>\n<li>Correias de seguran\u00e7a para o drone e o controlador.<\/li>\n<li>Pega de transporte na parte superior.<\/li>\n<\/ul>\n<h3>Especifica\u00e7\u00f5es<\/h3>\n<ul>\n<li><strong>Peso<\/strong>: 0,6 kg<\/li>\n<li><strong>Dimens\u00f5es<\/strong>: 30 \u00d7 18 \u00d7 16,5 cm<\/li>\n<li><strong>Cor<\/strong>: Torvol cinzento-grafite \/ amarelo<\/li>\n<li><strong>Dimens\u00f5es internas<\/strong>: 28 x 16 x 10 cm<\/li>\n<\/ul>\n<div class=\"price-info\"><\/div>\n","protected":false},"excerpt":{"rendered":"<p>MALA COMPACTA PARA DRONE TORVOL Transporte com seguran\u00e7a o seu drone compacto. A mala Drone Compact \u00e9 uma solu\u00e7\u00e3o de transporte protetor para todo o teu equipamento de drone da<\/p>\n","protected":false},"featured_media":239313,"comment_status":"open","ping_status":"closed","template":"","meta":{"_joinchat":[]},"pwb-brand":[],"product_cat":[1083],"product_tag":[],"class_list":{"0":"post-239316","1":"product","2":"type-product","3":"status-publish","4":"has-post-thumbnail","6":"product_cat-acessorios","8":"first","9":"instock","10":"taxable","11":"shipping-taxable","12":"purchasable","13":"product-type-simple"},"barcode":null,"atum_controlled":true,"out_stock_date":null,"out_stock_threshold":null,"inheritable":false,"stock_on_hold":0,"sold_today":0,"sales_last_days":0,"out_stock_days":0,"lost_sales":0,"update_date":"2026-04-27T19:43:53","atum_locations":[],"atum_stock_status":"instock","restock_status":false,"low_stock_amount":"","sales_update_date":"2026-04-27T19:43:53","calc_backorders":null,"yoast_head":"<!-- This site is optimized with the Yoast SEO plugin v27.3 - https:\/\/yoast.com\/product\/yoast-seo-wordpress\/ -->\n<title>Estojo Torvol Compact Drone - Iha Race<\/title>\n<meta name=\"robots\" content=\"index, follow, max-snippet:-1, max-image-preview:large, max-video-preview:-1\" \/>\n<link rel=\"canonical\" href=\"https:\/\/iha-race.com\/pt-pt\/produto\/torvol-compact-drone-case\/\" \/>\n<meta property=\"og:locale\" content=\"pt_PT\" \/>\n<meta property=\"og:type\" content=\"article\" \/>\n<meta property=\"og:title\" content=\"Estojo Torvol Compact Drone - Iha Race\" \/>\n<meta property=\"og:description\" content=\"MALA COMPACTA PARA DRONE TORVOL Transporte com seguran\u00e7a o seu drone compacto. A mala Drone Compact \u00e9 uma solu\u00e7\u00e3o de transporte protetor para todo o teu equipamento de drone da\" \/>\n<meta property=\"og:url\" content=\"https:\/\/iha-race.com\/pt-pt\/produto\/torvol-compact-drone-case\/\" \/>\n<meta property=\"og:site_name\" content=\"Iha Race\" \/>\n<meta property=\"article:modified_time\" content=\"2026-04-20T17:13:40+00:00\" \/>\n<meta property=\"og:image\" content=\"https:\/\/iha-race.com\/wp-content\/uploads\/2023\/12\/ESTUCHE-COMPACTO-DRONES-TORVOL.jpg\" \/>\n\t<meta property=\"og:image:width\" content=\"600\" \/>\n\t<meta property=\"og:image:height\" content=\"600\" \/>\n\t<meta property=\"og:image:type\" content=\"image\/jpeg\" \/>\n<meta name=\"twitter:card\" content=\"summary_large_image\" \/>\n<meta name=\"twitter:label1\" content=\"Tempo estimado de leitura\" \/>\n\t<meta name=\"twitter:data1\" content=\"1 minuto\" \/>\n<script type=\"application\/ld+json\" class=\"yoast-schema-graph\">{\"@context\":\"https:\\\/\\\/schema.org\",\"@graph\":[{\"@type\":\"WebPage\",\"@id\":\"https:\\\/\\\/iha-race.com\\\/pt-pt\\\/produto\\\/torvol-compact-drone-case\\\/\",\"url\":\"https:\\\/\\\/iha-race.com\\\/pt-pt\\\/produto\\\/torvol-compact-drone-case\\\/\",\"name\":\"Estojo Torvol Compact Drone - Iha Race\",\"isPartOf\":{\"@id\":\"https:\\\/\\\/iha-race.com\\\/pt-pt\\\/#website\"},\"primaryImageOfPage\":{\"@id\":\"https:\\\/\\\/iha-race.com\\\/pt-pt\\\/produto\\\/torvol-compact-drone-case\\\/#primaryimage\"},\"image\":{\"@id\":\"https:\\\/\\\/iha-race.com\\\/pt-pt\\\/produto\\\/torvol-compact-drone-case\\\/#primaryimage\"},\"thumbnailUrl\":\"https:\\\/\\\/iha-race.com\\\/wp-content\\\/uploads\\\/2023\\\/12\\\/ESTUCHE-COMPACTO-DRONES-TORVOL.jpg\",\"datePublished\":\"2023-12-04T17:58:14+00:00\",\"dateModified\":\"2026-04-20T17:13:40+00:00\",\"breadcrumb\":{\"@id\":\"https:\\\/\\\/iha-race.com\\\/pt-pt\\\/produto\\\/torvol-compact-drone-case\\\/#breadcrumb\"},\"inLanguage\":\"pt-PT\",\"potentialAction\":[{\"@type\":\"ReadAction\",\"target\":[\"https:\\\/\\\/iha-race.com\\\/pt-pt\\\/produto\\\/torvol-compact-drone-case\\\/\"]}]},{\"@type\":\"ImageObject\",\"inLanguage\":\"pt-PT\",\"@id\":\"https:\\\/\\\/iha-race.com\\\/pt-pt\\\/produto\\\/torvol-compact-drone-case\\\/#primaryimage\",\"url\":\"https:\\\/\\\/iha-race.com\\\/wp-content\\\/uploads\\\/2023\\\/12\\\/ESTUCHE-COMPACTO-DRONES-TORVOL.jpg\",\"contentUrl\":\"https:\\\/\\\/iha-race.com\\\/wp-content\\\/uploads\\\/2023\\\/12\\\/ESTUCHE-COMPACTO-DRONES-TORVOL.jpg\",\"width\":600,\"height\":600},{\"@type\":\"BreadcrumbList\",\"@id\":\"https:\\\/\\\/iha-race.com\\\/pt-pt\\\/produto\\\/torvol-compact-drone-case\\\/#breadcrumb\",\"itemListElement\":[{\"@type\":\"ListItem\",\"position\":1,\"name\":\"Portada\",\"item\":\"https:\\\/\\\/iha-race.com\\\/pt-pt\\\/elementor-499\\\/\"},{\"@type\":\"ListItem\",\"position\":2,\"name\":\"Shop\",\"item\":\"https:\\\/\\\/iha-race.com\\\/pt-pt\\\/shop\\\/\"},{\"@type\":\"ListItem\",\"position\":3,\"name\":\"Estojo Torvol Compact Drone\"}]},{\"@type\":\"WebSite\",\"@id\":\"https:\\\/\\\/iha-race.com\\\/pt-pt\\\/#website\",\"url\":\"https:\\\/\\\/iha-race.com\\\/pt-pt\\\/\",\"name\":\"Iha Race\",\"description\":\"Comprar drones de carreras FPV env\u00edos en un d\u00eda desde Espa\u00f1a\",\"publisher\":{\"@id\":\"https:\\\/\\\/iha-race.com\\\/pt-pt\\\/#organization\"},\"potentialAction\":[{\"@type\":\"SearchAction\",\"target\":{\"@type\":\"EntryPoint\",\"urlTemplate\":\"https:\\\/\\\/iha-race.com\\\/pt-pt\\\/?s={search_term_string}\"},\"query-input\":{\"@type\":\"PropertyValueSpecification\",\"valueRequired\":true,\"valueName\":\"search_term_string\"}}],\"inLanguage\":\"pt-PT\"},{\"@type\":\"Organization\",\"@id\":\"https:\\\/\\\/iha-race.com\\\/pt-pt\\\/#organization\",\"name\":\"Iha Race\",\"url\":\"https:\\\/\\\/iha-race.com\\\/pt-pt\\\/\",\"logo\":{\"@type\":\"ImageObject\",\"inLanguage\":\"pt-PT\",\"@id\":\"https:\\\/\\\/iha-race.com\\\/pt-pt\\\/#\\\/schema\\\/logo\\\/image\\\/\",\"url\":\"https:\\\/\\\/iha-race.com\\\/wp-content\\\/uploads\\\/2018\\\/07\\\/iha-race-drones-de-carreras-tienda-comprar-drones.png\",\"contentUrl\":\"https:\\\/\\\/iha-race.com\\\/wp-content\\\/uploads\\\/2018\\\/07\\\/iha-race-drones-de-carreras-tienda-comprar-drones.png\",\"width\":300,\"height\":100,\"caption\":\"Iha Race\"},\"image\":{\"@id\":\"https:\\\/\\\/iha-race.com\\\/pt-pt\\\/#\\\/schema\\\/logo\\\/image\\\/\"}}]}<\/script>\n<!-- \/ Yoast SEO plugin. -->","yoast_head_json":{"title":"Estojo Torvol Compact Drone - Iha Race","robots":{"index":"index","follow":"follow","max-snippet":"max-snippet:-1","max-image-preview":"max-image-preview:large","max-video-preview":"max-video-preview:-1"},"canonical":"https:\/\/iha-race.com\/pt-pt\/produto\/torvol-compact-drone-case\/","og_locale":"pt_PT","og_type":"article","og_title":"Estojo Torvol Compact Drone - Iha Race","og_description":"MALA COMPACTA PARA DRONE TORVOL Transporte com seguran\u00e7a o seu drone compacto. A mala Drone Compact \u00e9 uma solu\u00e7\u00e3o de transporte protetor para todo o teu equipamento de drone da","og_url":"https:\/\/iha-race.com\/pt-pt\/produto\/torvol-compact-drone-case\/","og_site_name":"Iha Race","article_modified_time":"2026-04-20T17:13:40+00:00","og_image":[{"width":600,"height":600,"url":"https:\/\/iha-race.com\/wp-content\/uploads\/2023\/12\/ESTUCHE-COMPACTO-DRONES-TORVOL.jpg","type":"image\/jpeg"}],"twitter_card":"summary_large_image","twitter_misc":{"Tempo estimado de leitura":"1 minuto"},"schema":{"@context":"https:\/\/schema.org","@graph":[{"@type":"WebPage","@id":"https:\/\/iha-race.com\/pt-pt\/produto\/torvol-compact-drone-case\/","url":"https:\/\/iha-race.com\/pt-pt\/produto\/torvol-compact-drone-case\/","name":"Estojo Torvol Compact Drone - Iha Race","isPartOf":{"@id":"https:\/\/iha-race.com\/pt-pt\/#website"},"primaryImageOfPage":{"@id":"https:\/\/iha-race.com\/pt-pt\/produto\/torvol-compact-drone-case\/#primaryimage"},"image":{"@id":"https:\/\/iha-race.com\/pt-pt\/produto\/torvol-compact-drone-case\/#primaryimage"},"thumbnailUrl":"https:\/\/iha-race.com\/wp-content\/uploads\/2023\/12\/ESTUCHE-COMPACTO-DRONES-TORVOL.jpg","datePublished":"2023-12-04T17:58:14+00:00","dateModified":"2026-04-20T17:13:40+00:00","breadcrumb":{"@id":"https:\/\/iha-race.com\/pt-pt\/produto\/torvol-compact-drone-case\/#breadcrumb"},"inLanguage":"pt-PT","potentialAction":[{"@type":"ReadAction","target":["https:\/\/iha-race.com\/pt-pt\/produto\/torvol-compact-drone-case\/"]}]},{"@type":"ImageObject","inLanguage":"pt-PT","@id":"https:\/\/iha-race.com\/pt-pt\/produto\/torvol-compact-drone-case\/#primaryimage","url":"https:\/\/iha-race.com\/wp-content\/uploads\/2023\/12\/ESTUCHE-COMPACTO-DRONES-TORVOL.jpg","contentUrl":"https:\/\/iha-race.com\/wp-content\/uploads\/2023\/12\/ESTUCHE-COMPACTO-DRONES-TORVOL.jpg","width":600,"height":600},{"@type":"BreadcrumbList","@id":"https:\/\/iha-race.com\/pt-pt\/produto\/torvol-compact-drone-case\/#breadcrumb","itemListElement":[{"@type":"ListItem","position":1,"name":"Portada","item":"https:\/\/iha-race.com\/pt-pt\/elementor-499\/"},{"@type":"ListItem","position":2,"name":"Shop","item":"https:\/\/iha-race.com\/pt-pt\/shop\/"},{"@type":"ListItem","position":3,"name":"Estojo Torvol Compact Drone"}]},{"@type":"WebSite","@id":"https:\/\/iha-race.com\/pt-pt\/#website","url":"https:\/\/iha-race.com\/pt-pt\/","name":"Iha Race","description":"Comprar drones de carreras FPV env\u00edos en un d\u00eda desde Espa\u00f1a","publisher":{"@id":"https:\/\/iha-race.com\/pt-pt\/#organization"},"potentialAction":[{"@type":"SearchAction","target":{"@type":"EntryPoint","urlTemplate":"https:\/\/iha-race.com\/pt-pt\/?s={search_term_string}"},"query-input":{"@type":"PropertyValueSpecification","valueRequired":true,"valueName":"search_term_string"}}],"inLanguage":"pt-PT"},{"@type":"Organization","@id":"https:\/\/iha-race.com\/pt-pt\/#organization","name":"Iha Race","url":"https:\/\/iha-race.com\/pt-pt\/","logo":{"@type":"ImageObject","inLanguage":"pt-PT","@id":"https:\/\/iha-race.com\/pt-pt\/#\/schema\/logo\/image\/","url":"https:\/\/iha-race.com\/wp-content\/uploads\/2018\/07\/iha-race-drones-de-carreras-tienda-comprar-drones.png","contentUrl":"https:\/\/iha-race.com\/wp-content\/uploads\/2018\/07\/iha-race-drones-de-carreras-tienda-comprar-drones.png","width":300,"height":100,"caption":"Iha Race"},"image":{"@id":"https:\/\/iha-race.com\/pt-pt\/#\/schema\/logo\/image\/"}}]}},"jetpack_sharing_enabled":true,"brands":[],"_links":{"self":[{"href":"https:\/\/iha-race.com\/pt-pt\/wp-json\/wp\/v2\/product\/239316","targetHints":{"allow":["GET"]}}],"collection":[{"href":"https:\/\/iha-race.com\/pt-pt\/wp-json\/wp\/v2\/product"}],"about":[{"href":"https:\/\/iha-race.com\/pt-pt\/wp-json\/wp\/v2\/types\/product"}],"replies":[{"embeddable":true,"href":"https:\/\/iha-race.com\/pt-pt\/wp-json\/wp\/v2\/comments?post=239316"}],"version-history":[{"count":2,"href":"https:\/\/iha-race.com\/pt-pt\/wp-json\/wp\/v2\/product\/239316\/revisions"}],"predecessor-version":[{"id":248331,"href":"https:\/\/iha-race.com\/pt-pt\/wp-json\/wp\/v2\/product\/239316\/revisions\/248331"}],"wp:featuredmedia":[{"embeddable":true,"href":"https:\/\/iha-race.com\/pt-pt\/wp-json\/wp\/v2\/media\/239313"}],"wp:attachment":[{"href":"https:\/\/iha-race.com\/pt-pt\/wp-json\/wp\/v2\/media?parent=239316"}],"wp:term":[{"taxonomy":"pwb-brand","embeddable":true,"href":"https:\/\/iha-race.com\/pt-pt\/wp-json\/wp\/v2\/pwb-brand?post=239316"},{"taxonomy":"product_cat","embeddable":true,"href":"https:\/\/iha-race.com\/pt-pt\/wp-json\/wp\/v2\/product_cat?post=239316"},{"taxonomy":"product_tag","embeddable":true,"href":"https:\/\/iha-race.com\/pt-pt\/wp-json\/wp\/v2\/product_tag?post=239316"}],"curies":[{"name":"wp","href":"https:\/\/api.w.org\/{rel}","templated":true}]}}