{"id":237895,"date":"2023-10-16T18:36:07","date_gmt":"2023-10-16T16:36:07","guid":{"rendered":"https:\/\/iha-race.com\/producto\/bob57-o3-cinematic-6s-hd\/"},"modified":"2025-07-06T11:45:07","modified_gmt":"2025-07-06T09:45:07","slug":"bob57-o3-cinematic-6s-hd","status":"publish","type":"product","link":"https:\/\/iha-race.com\/pt-pt\/produto\/bob57-o3-cinematic-6s-hd\/","title":{"rendered":"BOB57 O3 Cinematic 6S HD"},"content":{"rendered":"<div class=\"title-product\">\n<h1>BOB57 O4 Cinematic 6S HD<\/h1>\n<div class=\"woocommerce-product-details__short-description\">\n<div class=\"short-description\">\n<div class=\"woocommerce-product-details__short-description\">\n<div class=\"short-description\">\n<p><span style=\"color: #ff0000;\"><em><strong>ENVIO 7 A 10 DIAS AP\u00d3S A COMPRA<\/strong><\/em><\/span><\/p>\n<\/div>\n<\/div>\n<\/div>\n<\/div>\n<div class=\"wccc-content-block wccc-content-block-3498\">\n<div class=\"font80\">\n<div class=\"temp-specs-tr\">\n<div class=\"temp-specs-td value\">\n<div><\/div>\n<div class=\"temp-specs-td name\"><strong>Descri\u00e7\u00e3o:<\/strong><\/div>\n<div class=\"temp-specs-td value\">\n<p>O iFlight BOB57 \u00e9 um drone HD de longo alcance que foi concebido em colabora\u00e7\u00e3o com o piloto e vide\u00f3grafo Ellis van Jason. A equipa concebeu este drone cinematogr\u00e1fico de 6 polegadas que garante agilidade e tempo de voo, combinando as vantagens dos drones de 5 e 7 polegadas para voos cinematogr\u00e1ficos e de estilo livre. <\/p>\n<div class=\"temp-specs-tr\">\n<div class=\"temp-specs-td name\"><strong>Reflex\u00f5es:<\/strong><\/div>\n<div class=\"temp-specs-td value\">\n<p>Motor de conce\u00e7\u00e3o h\u00edbrida optimizado para utiliza\u00e7\u00e3o com h\u00e9lices de 6&#8243; de duas e tr\u00eas p\u00e1s<\/p>\n<p>O GPS de alta qualidade \u00e9 utilizado para minimizar o risco de falhas durante os voos de proximidade.<\/p>\n<p>Coluna vertebral longa com espa\u00e7o suficiente para colocar baterias 6S 3000 mAh<\/p>\n<p>Suporte de antena s\u00f3lido para menos oscila\u00e7\u00f5es quando utilizas antenas longas<\/p>\n<p>A caixa gladiadora protege contra poeira e gotas de \u00e1gua.<\/p>\n<p>ESC com absorvedor de picos de tens\u00e3o incorporado para maior fiabilidade<\/p>\n<p>BEC incorporado para alimentar diretamente uma c\u00e2mara GoPro<\/p>\n<p>Tempo de voo de 9 minutos com uma bateria Lipo 6S de 3000 mAh<\/p>\n<p>XT-60 de montagem frontal<\/p>\n<p>&nbsp;<\/p>\n<\/div>\n<\/div>\n<div class=\"temp-specs-tr\">\n<div class=\"temp-specs-td name\"><strong>Or\u00e7amento:<\/strong><\/div>\n<div class=\"temp-specs-td value\">\n<p>Nome do produto: BOB57 O3 6S HD BNF<\/p>\n<p>FC: BLITZ F722<\/p>\n<p>ESC: ESC BLITZ E55 55A 4 EM 1<\/p>\n<p>Transmiss\u00e3o de v\u00eddeo: Unidade de ar DJI O3<\/p>\n<p>Quadro: 280 mm de dist\u00e2ncia entre eixos<\/p>\n<p>Motor: XING2 2506 1500KV Motores<\/p>\n<p>H\u00e9lices: H\u00e9lices GEMFAN 6032-3<\/p>\n<p>Peso: 580 \u00b1 5 g<\/p>\n<p>Peso \u00e0 descolagem: Aprox. 805 \u00b1 5 g (com 6S 1400 mAh)<\/p>\n<p>Dimens\u00f5es (C\u00d7L\u00d7A): 226\u00d7166\u00d734 mm<\/p>\n<p data-sider-select-id=\"d8157a33-5cd0-4ea0-9be2-b63bb4d12283\">Velocidade m\u00e1xima: 180 km\/h (modo manual)<\/p>\n<p>Altitude m\u00e1xima de descolagem: 7000 m<\/p>\n<p>Tempo m\u00e1ximo de pairar: Aprox. 8 minutos (com 6S 1400 sem carga). <\/p>\n<p>Resist\u00eancia \u00e0 velocidade m\u00e1xima do vento: n\u00edvel 7<\/p>\n<p>pt-PT Rango de temperatura de funcionamiento: -10\u00b0 a 40\u00b0 C (14\u00b0 a 104\u00b0 F)<\/p>\n<p>Antenas: 2 antenas<\/p>\n<p>Sistemas Globais de Navega\u00e7\u00e3o (GNSS): GPS, SBAS, Galileo, QZSS e Glonass<\/p>\n<p>&nbsp;<\/p>\n<\/div>\n<\/div>\n<div class=\"temp-specs-tr\">\n<div class=\"temp-specs-td name\"><strong>Transmiss\u00e3o de v\u00eddeo<\/strong><\/div>\n<div class=\"temp-specs-td value\">\n<p>Nome do produto: Unidade de ar DJI O3<\/p>\n<p>Peso: Aproximado. 36,4 gramas (incluindo a fita para a cabe\u00e7a)<\/p>\n<p>Dimens\u00f5es (C \u00d7 L \u00d7 A): C 32,5 x L 30,5 x A 14,5 mm<\/p>\n<p>Largura de banda de comunica\u00e7\u00e3o: M\u00e1x. 40 MHz<\/p>\n<p>Campo de vis\u00e3o (ecr\u00e3 \u00fanico): 155\u00b0 (ecr\u00e3 \u00fanico)<\/p>\n<p>Frequ\u00eancia de comunica\u00e7\u00e3o: 2,400-2,4835 GHz; 5,725-5,850 GHz<\/p>\n<p>Lat\u00eancia de ponta a ponta<\/p>\n<p>Com os \u00f3culos de prote\u00e7\u00e3o DJI FPV V2:<\/p>\n<p>Qualidade de transmiss\u00e3o de v\u00eddeo de 810p\/120 fps: a lat\u00eancia \u00e9 inferior a 28 ms.<\/p>\n<p>Qualidade de transmiss\u00e3o de v\u00eddeo 810p\/60fps: A lat\u00eancia \u00e9 inferior a 40 ms.<\/p>\n<p>Com DJI Goggles 2:<\/p>\n<p>Qualidade de transmiss\u00e3o de v\u00eddeo 1080p\/100 fps: a lat\u00eancia \u00e9 t\u00e3o baixa quanto 30 ms.<\/p>\n<p>Qualidade de transmiss\u00e3o de v\u00eddeo 1080p\/60 fps: a lat\u00eancia \u00e9 t\u00e3o baixa quanto 40 ms.<\/p>\n<p>Velocidade m\u00e1xima de transmiss\u00e3o de v\u00eddeo: 50 Mbps<\/p>\n<p>Alcance m\u00e1ximo de transmiss\u00e3o de v\u00eddeo: 10 km (FCC), 2 km (CE), 6 km (SRRC)<\/p>\n<p>Gama de temperaturas de funcionamento: -10\u00b0 a 40\u00b0 C (14\u00b0 a 104\u00b0 F)<\/p>\n<p>Entrada de alimenta\u00e7\u00e3o: 7,4-26,4 V<\/p>\n<p>Transmiss\u00e3o \u00e1udio: N\/A<\/p>\n<p>&nbsp;<\/p>\n<\/div>\n<\/div>\n<div class=\"temp-specs-tr\">\n<div class=\"temp-specs-td name\"><strong>O pacote inclui<\/strong><\/div>\n<div class=\"temp-specs-td value\">\n<p>1 x BOB57 6S HD BNF 2 x Antenas 2 x Suportes de bateria 2 x Suporte (pares)<\/p>\n<p>&nbsp;<\/p>\n<\/div>\n<\/div>\n<div class=\"temp-specs-tr\">\n<div class=\"temp-specs-td name\"><strong>Importante:<\/strong><\/div>\n<div class=\"temp-specs-td value\">\n<p>N\u00e3o te preocupes com a afina\u00e7\u00e3o, n\u00f3s j\u00e1 o fizemos por ti! Aplic\u00e1mos a afina\u00e7\u00e3o b\u00e1sica do PID e do filtro para te proporcionar uma excelente experi\u00eancia de voo. <\/p>\n<p>Para recuperares as m\u00fasicas ou actualiza\u00e7\u00f5es perdidas, consulta o nosso artigo sobre &#8220;Firmware\/factory dumps&#8221;.<\/p>\n<p>O modo Angle (modo de nivelamento auto-equilibrado) est\u00e1 ativado por defeito para garantir que o teu primeiro voo n\u00e3o termina em desastre!<\/p>\n<p>Consulta o nosso artigo sobre &#8220;Como desativar o modo de \u00e2ngulo e ativar o modo de acrobacias&#8221;.<\/p>\n<p>&nbsp;<\/p>\n<\/div>\n<\/div>\n<div class=\"temp-specs-tr\">\n<div class=\"temp-specs-td name\"><strong>Nota:<\/strong><\/div>\n<div class=\"temp-specs-td value\">\n<p>1. Os produtos iFlight s\u00f3 podem ser utilizados para fins civis e \u00e9 proibida qualquer utiliza\u00e7\u00e3o direta ou indireta dos produtos iFlight para ou em liga\u00e7\u00e3o com o seguinte:<\/p>\n<p>(1) Qualquer finalidade de combate militar ou utiliza\u00e7\u00e3o relacionada com o combate militar;<\/p>\n<p>(2) Actividades terroristas: O comprador deve tamb\u00e9m exigir que os seus clientes ou utilizadores finais cumpram os requisitos acima referidos.<\/p>\n<p>2. Os parceiros do iFlight devem cumprir rigorosamente as leis e san\u00e7\u00f5es de controlo das exporta\u00e7\u00f5es aplic\u00e1veis, bem como quaisquer requisitos de conformidade por escrito relativos a estes controlos emitidos periodicamente pelo iFlight.<\/p>\n<p>Se a Parte A tiver violado a legisla\u00e7\u00e3o e a regulamenta\u00e7\u00e3o aplic\u00e1veis em mat\u00e9ria de controlo das exporta\u00e7\u00f5es ou as san\u00e7\u00f5es econ\u00f3micas, a Parte B tem o direito de suspender imediatamente a entrega de mercadorias \u00e0 Parte A ou de p\u00f4r termo \u00e0 coopera\u00e7\u00e3o relevante sem qualquer responsabilidade.<\/p>\n<p>Para conte\u00fados mais espec\u00edficos, consulta: <a href=\"https:\/\/shop.iflight.com\/Export-Policy-info\">https:\/\/shop.iflight.com\/Export-Policy-info<\/a><\/p>\n<\/div>\n<\/div>\n<\/div>\n<\/div>\n<\/div>\n<\/div>\n<\/div>\n<\/div>\n","protected":false},"excerpt":{"rendered":"<p><span style=\"color: #ff0000;\"><em><strong>ENVIO 7 A 10 DIAS AP\u00d3S A COMPRA<\/strong><\/em><\/span><\/p>\n","protected":false},"featured_media":237875,"comment_status":"open","ping_status":"closed","template":"","meta":{"_joinchat":[]},"pwb-brand":[3571],"product_cat":[27,3668],"product_tag":[],"class_list":{"0":"post-237895","1":"product","2":"type-product","3":"status-publish","4":"has-post-thumbnail","6":"pwb-brand-iflight","7":"product_cat-drones-fpv","8":"product_cat-rtf-montados","10":"first","11":"instock","12":"taxable","13":"shipping-taxable","14":"purchasable","15":"product-type-variable"},"barcode":null,"atum_controlled":true,"out_stock_date":null,"out_stock_threshold":null,"inheritable":true,"stock_on_hold":0,"sold_today":0,"sales_last_days":0,"out_stock_days":0,"lost_sales":0,"update_date":"2026-04-18T09:55:25","atum_locations":[],"atum_stock_status":"instock","restock_status":false,"low_stock_amount":"","sales_update_date":"2026-04-18T09:55:25","calc_backorders":null,"yoast_head":"<!-- This site is optimized with the Yoast SEO plugin v27.3 - https:\/\/yoast.com\/product\/yoast-seo-wordpress\/ -->\n<title>BOB57 O3 Cinematic 6S HD - Iha Race<\/title>\n<meta name=\"robots\" content=\"index, follow, max-snippet:-1, max-image-preview:large, max-video-preview:-1\" \/>\n<link rel=\"canonical\" href=\"https:\/\/iha-race.com\/pt-pt\/produto\/bob57-o3-cinematic-6s-hd\/\" \/>\n<meta property=\"og:locale\" content=\"pt_PT\" \/>\n<meta property=\"og:type\" content=\"article\" \/>\n<meta property=\"og:title\" content=\"BOB57 O3 Cinematic 6S HD - Iha Race\" \/>\n<meta property=\"og:description\" content=\"ENVIO 7 A 10 DIAS AP\u00d3S A COMPRA\" \/>\n<meta property=\"og:url\" content=\"https:\/\/iha-race.com\/pt-pt\/produto\/bob57-o3-cinematic-6s-hd\/\" \/>\n<meta property=\"og:site_name\" content=\"Iha Race\" \/>\n<meta property=\"article:modified_time\" content=\"2025-07-06T09:45:07+00:00\" \/>\n<meta property=\"og:image\" content=\"https:\/\/iha-race.com\/wp-content\/uploads\/2023\/10\/BOB57-O3-Cinematico-6S-HD.png\" \/>\n\t<meta property=\"og:image:width\" content=\"1000\" \/>\n\t<meta property=\"og:image:height\" content=\"1000\" \/>\n\t<meta property=\"og:image:type\" content=\"image\/png\" \/>\n<meta name=\"twitter:card\" content=\"summary_large_image\" \/>\n<meta name=\"twitter:label1\" content=\"Tempo estimado de leitura\" \/>\n\t<meta name=\"twitter:data1\" content=\"4 minutos\" \/>\n<script type=\"application\/ld+json\" class=\"yoast-schema-graph\">{\"@context\":\"https:\\\/\\\/schema.org\",\"@graph\":[{\"@type\":\"WebPage\",\"@id\":\"https:\\\/\\\/iha-race.com\\\/pt-pt\\\/produto\\\/bob57-o3-cinematic-6s-hd\\\/\",\"url\":\"https:\\\/\\\/iha-race.com\\\/pt-pt\\\/produto\\\/bob57-o3-cinematic-6s-hd\\\/\",\"name\":\"BOB57 O3 Cinematic 6S HD - Iha Race\",\"isPartOf\":{\"@id\":\"https:\\\/\\\/iha-race.com\\\/pt-pt\\\/#website\"},\"primaryImageOfPage\":{\"@id\":\"https:\\\/\\\/iha-race.com\\\/pt-pt\\\/produto\\\/bob57-o3-cinematic-6s-hd\\\/#primaryimage\"},\"image\":{\"@id\":\"https:\\\/\\\/iha-race.com\\\/pt-pt\\\/produto\\\/bob57-o3-cinematic-6s-hd\\\/#primaryimage\"},\"thumbnailUrl\":\"https:\\\/\\\/iha-race.com\\\/wp-content\\\/uploads\\\/2023\\\/10\\\/BOB57-O3-Cinematico-6S-HD.png\",\"datePublished\":\"2023-10-16T16:36:07+00:00\",\"dateModified\":\"2025-07-06T09:45:07+00:00\",\"breadcrumb\":{\"@id\":\"https:\\\/\\\/iha-race.com\\\/pt-pt\\\/produto\\\/bob57-o3-cinematic-6s-hd\\\/#breadcrumb\"},\"inLanguage\":\"pt-PT\",\"potentialAction\":[{\"@type\":\"ReadAction\",\"target\":[\"https:\\\/\\\/iha-race.com\\\/pt-pt\\\/produto\\\/bob57-o3-cinematic-6s-hd\\\/\"]}]},{\"@type\":\"ImageObject\",\"inLanguage\":\"pt-PT\",\"@id\":\"https:\\\/\\\/iha-race.com\\\/pt-pt\\\/produto\\\/bob57-o3-cinematic-6s-hd\\\/#primaryimage\",\"url\":\"https:\\\/\\\/iha-race.com\\\/wp-content\\\/uploads\\\/2023\\\/10\\\/BOB57-O3-Cinematico-6S-HD.png\",\"contentUrl\":\"https:\\\/\\\/iha-race.com\\\/wp-content\\\/uploads\\\/2023\\\/10\\\/BOB57-O3-Cinematico-6S-HD.png\",\"width\":1000,\"height\":1000},{\"@type\":\"BreadcrumbList\",\"@id\":\"https:\\\/\\\/iha-race.com\\\/pt-pt\\\/produto\\\/bob57-o3-cinematic-6s-hd\\\/#breadcrumb\",\"itemListElement\":[{\"@type\":\"ListItem\",\"position\":1,\"name\":\"Portada\",\"item\":\"https:\\\/\\\/iha-race.com\\\/pt-pt\\\/elementor-499\\\/\"},{\"@type\":\"ListItem\",\"position\":2,\"name\":\"Shop\",\"item\":\"https:\\\/\\\/iha-race.com\\\/pt-pt\\\/shop\\\/\"},{\"@type\":\"ListItem\",\"position\":3,\"name\":\"BOB57 O3 Cinematic 6S HD\"}]},{\"@type\":\"WebSite\",\"@id\":\"https:\\\/\\\/iha-race.com\\\/pt-pt\\\/#website\",\"url\":\"https:\\\/\\\/iha-race.com\\\/pt-pt\\\/\",\"name\":\"Iha Race\",\"description\":\"Comprar drones de carreras FPV env\u00edos en un d\u00eda desde Espa\u00f1a\",\"publisher\":{\"@id\":\"https:\\\/\\\/iha-race.com\\\/pt-pt\\\/#organization\"},\"potentialAction\":[{\"@type\":\"SearchAction\",\"target\":{\"@type\":\"EntryPoint\",\"urlTemplate\":\"https:\\\/\\\/iha-race.com\\\/pt-pt\\\/?s={search_term_string}\"},\"query-input\":{\"@type\":\"PropertyValueSpecification\",\"valueRequired\":true,\"valueName\":\"search_term_string\"}}],\"inLanguage\":\"pt-PT\"},{\"@type\":\"Organization\",\"@id\":\"https:\\\/\\\/iha-race.com\\\/pt-pt\\\/#organization\",\"name\":\"Iha Race\",\"url\":\"https:\\\/\\\/iha-race.com\\\/pt-pt\\\/\",\"logo\":{\"@type\":\"ImageObject\",\"inLanguage\":\"pt-PT\",\"@id\":\"https:\\\/\\\/iha-race.com\\\/pt-pt\\\/#\\\/schema\\\/logo\\\/image\\\/\",\"url\":\"https:\\\/\\\/iha-race.com\\\/wp-content\\\/uploads\\\/2018\\\/07\\\/iha-race-drones-de-carreras-tienda-comprar-drones.png\",\"contentUrl\":\"https:\\\/\\\/iha-race.com\\\/wp-content\\\/uploads\\\/2018\\\/07\\\/iha-race-drones-de-carreras-tienda-comprar-drones.png\",\"width\":300,\"height\":100,\"caption\":\"Iha Race\"},\"image\":{\"@id\":\"https:\\\/\\\/iha-race.com\\\/pt-pt\\\/#\\\/schema\\\/logo\\\/image\\\/\"}}]}<\/script>\n<!-- \/ Yoast SEO plugin. -->","yoast_head_json":{"title":"BOB57 O3 Cinematic 6S HD - Iha Race","robots":{"index":"index","follow":"follow","max-snippet":"max-snippet:-1","max-image-preview":"max-image-preview:large","max-video-preview":"max-video-preview:-1"},"canonical":"https:\/\/iha-race.com\/pt-pt\/produto\/bob57-o3-cinematic-6s-hd\/","og_locale":"pt_PT","og_type":"article","og_title":"BOB57 O3 Cinematic 6S HD - Iha Race","og_description":"ENVIO 7 A 10 DIAS AP\u00d3S A COMPRA","og_url":"https:\/\/iha-race.com\/pt-pt\/produto\/bob57-o3-cinematic-6s-hd\/","og_site_name":"Iha Race","article_modified_time":"2025-07-06T09:45:07+00:00","og_image":[{"width":1000,"height":1000,"url":"https:\/\/iha-race.com\/wp-content\/uploads\/2023\/10\/BOB57-O3-Cinematico-6S-HD.png","type":"image\/png"}],"twitter_card":"summary_large_image","twitter_misc":{"Tempo estimado de leitura":"4 minutos"},"schema":{"@context":"https:\/\/schema.org","@graph":[{"@type":"WebPage","@id":"https:\/\/iha-race.com\/pt-pt\/produto\/bob57-o3-cinematic-6s-hd\/","url":"https:\/\/iha-race.com\/pt-pt\/produto\/bob57-o3-cinematic-6s-hd\/","name":"BOB57 O3 Cinematic 6S HD - Iha Race","isPartOf":{"@id":"https:\/\/iha-race.com\/pt-pt\/#website"},"primaryImageOfPage":{"@id":"https:\/\/iha-race.com\/pt-pt\/produto\/bob57-o3-cinematic-6s-hd\/#primaryimage"},"image":{"@id":"https:\/\/iha-race.com\/pt-pt\/produto\/bob57-o3-cinematic-6s-hd\/#primaryimage"},"thumbnailUrl":"https:\/\/iha-race.com\/wp-content\/uploads\/2023\/10\/BOB57-O3-Cinematico-6S-HD.png","datePublished":"2023-10-16T16:36:07+00:00","dateModified":"2025-07-06T09:45:07+00:00","breadcrumb":{"@id":"https:\/\/iha-race.com\/pt-pt\/produto\/bob57-o3-cinematic-6s-hd\/#breadcrumb"},"inLanguage":"pt-PT","potentialAction":[{"@type":"ReadAction","target":["https:\/\/iha-race.com\/pt-pt\/produto\/bob57-o3-cinematic-6s-hd\/"]}]},{"@type":"ImageObject","inLanguage":"pt-PT","@id":"https:\/\/iha-race.com\/pt-pt\/produto\/bob57-o3-cinematic-6s-hd\/#primaryimage","url":"https:\/\/iha-race.com\/wp-content\/uploads\/2023\/10\/BOB57-O3-Cinematico-6S-HD.png","contentUrl":"https:\/\/iha-race.com\/wp-content\/uploads\/2023\/10\/BOB57-O3-Cinematico-6S-HD.png","width":1000,"height":1000},{"@type":"BreadcrumbList","@id":"https:\/\/iha-race.com\/pt-pt\/produto\/bob57-o3-cinematic-6s-hd\/#breadcrumb","itemListElement":[{"@type":"ListItem","position":1,"name":"Portada","item":"https:\/\/iha-race.com\/pt-pt\/elementor-499\/"},{"@type":"ListItem","position":2,"name":"Shop","item":"https:\/\/iha-race.com\/pt-pt\/shop\/"},{"@type":"ListItem","position":3,"name":"BOB57 O3 Cinematic 6S HD"}]},{"@type":"WebSite","@id":"https:\/\/iha-race.com\/pt-pt\/#website","url":"https:\/\/iha-race.com\/pt-pt\/","name":"Iha Race","description":"Comprar drones de carreras FPV env\u00edos en un d\u00eda desde Espa\u00f1a","publisher":{"@id":"https:\/\/iha-race.com\/pt-pt\/#organization"},"potentialAction":[{"@type":"SearchAction","target":{"@type":"EntryPoint","urlTemplate":"https:\/\/iha-race.com\/pt-pt\/?s={search_term_string}"},"query-input":{"@type":"PropertyValueSpecification","valueRequired":true,"valueName":"search_term_string"}}],"inLanguage":"pt-PT"},{"@type":"Organization","@id":"https:\/\/iha-race.com\/pt-pt\/#organization","name":"Iha Race","url":"https:\/\/iha-race.com\/pt-pt\/","logo":{"@type":"ImageObject","inLanguage":"pt-PT","@id":"https:\/\/iha-race.com\/pt-pt\/#\/schema\/logo\/image\/","url":"https:\/\/iha-race.com\/wp-content\/uploads\/2018\/07\/iha-race-drones-de-carreras-tienda-comprar-drones.png","contentUrl":"https:\/\/iha-race.com\/wp-content\/uploads\/2018\/07\/iha-race-drones-de-carreras-tienda-comprar-drones.png","width":300,"height":100,"caption":"Iha Race"},"image":{"@id":"https:\/\/iha-race.com\/pt-pt\/#\/schema\/logo\/image\/"}}]}},"jetpack_sharing_enabled":true,"brands":[{"id":3571,"name":"iFlight","slug":"iflight"}],"_links":{"self":[{"href":"https:\/\/iha-race.com\/pt-pt\/wp-json\/wp\/v2\/product\/237895","targetHints":{"allow":["GET"]}}],"collection":[{"href":"https:\/\/iha-race.com\/pt-pt\/wp-json\/wp\/v2\/product"}],"about":[{"href":"https:\/\/iha-race.com\/pt-pt\/wp-json\/wp\/v2\/types\/product"}],"replies":[{"embeddable":true,"href":"https:\/\/iha-race.com\/pt-pt\/wp-json\/wp\/v2\/comments?post=237895"}],"version-history":[{"count":5,"href":"https:\/\/iha-race.com\/pt-pt\/wp-json\/wp\/v2\/product\/237895\/revisions"}],"predecessor-version":[{"id":252948,"href":"https:\/\/iha-race.com\/pt-pt\/wp-json\/wp\/v2\/product\/237895\/revisions\/252948"}],"wp:featuredmedia":[{"embeddable":true,"href":"https:\/\/iha-race.com\/pt-pt\/wp-json\/wp\/v2\/media\/237875"}],"wp:attachment":[{"href":"https:\/\/iha-race.com\/pt-pt\/wp-json\/wp\/v2\/media?parent=237895"}],"wp:term":[{"taxonomy":"pwb-brand","embeddable":true,"href":"https:\/\/iha-race.com\/pt-pt\/wp-json\/wp\/v2\/pwb-brand?post=237895"},{"taxonomy":"product_cat","embeddable":true,"href":"https:\/\/iha-race.com\/pt-pt\/wp-json\/wp\/v2\/product_cat?post=237895"},{"taxonomy":"product_tag","embeddable":true,"href":"https:\/\/iha-race.com\/pt-pt\/wp-json\/wp\/v2\/product_tag?post=237895"}],"curies":[{"name":"wp","href":"https:\/\/api.w.org\/{rel}","templated":true}]}}