{"id":236920,"date":"2023-09-20T10:16:51","date_gmt":"2023-09-20T08:16:51","guid":{"rendered":"https:\/\/iha-race.com\/producto\/cabo-flexivel-2s-whoop-bt2-0-5-pecas\/"},"modified":"2024-08-29T11:10:39","modified_gmt":"2024-08-29T09:10:39","slug":"cable-flexible-2s-whoop-bt2-0-5-piezas","status":"publish","type":"product","link":"https:\/\/iha-race.com\/pt-pt\/produto\/cable-flexible-2s-whoop-bt2-0-5-piezas\/","title":{"rendered":"Cabo flex\u00edvel 2S Whoop (BT2.0) (5 pe\u00e7as)"},"content":{"rendered":"<h1>Cabo flex\u00edvel 2S Whoop (BT2.0) (5 pe\u00e7as)<\/h1>\n<p>&nbsp;<\/p>\n<p><span>Este cabo de conetor duplo BT2.0 destina-se a drones 2S, tais como<\/span><span>Beta65XHD<\/span><span>y<\/span><span>Beta65X FPV<\/span><span>. Com conetor BT2.0,  <\/span><span>pode resolver o problema da queda de tens\u00e3o, a descarga da bateria lipo 1S torna-se mais eficiente. Os pilotos podem desfrutar de mais tempo de voo sem serem perturbados pelo aviso de baixa tens\u00e3o.  <\/span><\/p>\n<p><img decoding=\"async\" src=\"https:\/\/cdn.shopify.cn\/s\/files\/1\/1778\/6615\/files\/FB_269fa4bf-708d-46b8-8f35-6421c06fe506_1024x1024.jpg?v=1589014306\" alt=\"\"><\/p>\n<h2><span>Desenho animado<\/span><\/h2>\n<ul>\n<li><span>Especializado em drones 2S, tais como <\/span><span>Beta65XHD<\/span><span> y <\/span><span>Beta65X FPV<\/span><span>. <\/span> <\/li>\n<li><span>Com o cabo leve e personalizado de 22 AWG, o drone ficar\u00e1 mais leve. O cabo utiliza um n\u00facleo padr\u00e3o americano de 0,08 mm x 60. O di\u00e2metro da camada exterior  <\/span><span class=\"tlid-translation translation\" lang=\"en\"><span class=\"\" title=\"\"><span>silicone<\/span><\/span><\/span><span> tem apenas 1,5 mm, o que \u00e9 0,2 mm mais fino do que o cabo 22 AWG normal.<\/span><\/li>\n<li><span>O conetor BT2.0 diminuiu efetivamente a resist\u00eancia interna do conetor, actualizando os pinos engastados para o conetor tipo banana de 1,0 mm e aumentando a \u00e1rea da sec\u00e7\u00e3o transversal do conetor tipo banana de 1,0 mm.<\/span><\/li>\n<li><span>O conetor BT2.0 suporta 9A DC e 15A burst, enquanto o conetor PH2.0 suporta 4.5A DC. Proporciona uma experi\u00eancia de voo mais perfeita ao pilotar o drone sem escovas 1S.<\/span><\/li>\n<li><span>Ao utilizar o conetor BT2.0, pode resolver o problema da queda de tens\u00e3o e a descarga da bateria lipo 1S torna-se mais eficiente. Os pilotos podem desfrutar de mais tempo de voo sem serem perturbados pelo aviso de baixa tens\u00e3o.  <\/span><\/li>\n<\/ul>\n<h2><span>Especifica\u00e7\u00f5es<\/span><\/h2>\n<ul>\n<li><span>Artigo: Cabo flex\u00edvel 2S (BT 2.0)<\/span><\/li>\n<li><span>Conector: BT2.0<\/span><\/li>\n<li><span>Cabo: 22 AWG<\/span><\/li>\n<li><span>Comprimento: 55 mm (sem incluir a ficha)<\/span><\/li>\n<li><span>Peso: 1,5 g<\/span><\/li>\n<li><span>Nota: O azul representa o p\u00f3lo positivo (+); o branco representa o p\u00f3lo negativo (-).<\/span><\/li>\n<\/ul>\n<p><img decoding=\"async\" src=\"https:\/\/cdn.shopify.com\/s\/files\/1\/1778\/6615\/files\/f7d7c897f798fc44c391847188c3ac79_d6fe188c-3486-49b4-b35f-86ded3cecafc_600x600.jpg?v=1686560466\" alt=\"Cabo flex\u00edvel 2S Whoop (BT2.0)\"><\/p>\n<p><span>Nota: O comprimento do produto foi modificado da vers\u00e3o original de 51 mm\/2 para uma nova vers\u00e3o de 45 mm\/1,8.<\/span><\/p>\n<h2><span>Conector BT2.0<\/span><\/h2>\n<p><span>O conector BT2.0 de concep\u00e7\u00e3o \u00fanica da BETAFPV ultrapassou o gargalo do conector PH2.0. O conetor BT2.0 reduziu eficazmente a resist\u00eancia interna do conetor para permitir a transfer\u00eancia de mais corrente, o que significa que suporta uma corrente cont\u00ednua de 9A (15A burst), oferece maior pot\u00eancia e maior tempo de voo em drones sem escovas 1S, enquanto o PH2.0 suporta apenas 4,5A. Desfrute de mais tempo de voo sem perturbar o aviso de baixa tens\u00e3o, resolvendo o problema da queda de tens\u00e3o. Para mais instru\u00e7\u00f5es,  <\/span><a href=\"https:\/\/betafpv.com\/products\/bt2-0-300mah-1s-30c-battery-8pcs\" target=\"_blank\" rel=\"noopener\"><span>clica aqui<\/span><\/a><span> alcan\u00e7a.<\/span><\/p>\n<p><img decoding=\"async\" src=\"https:\/\/cdn.shopify.com\/s\/files\/1\/1778\/6615\/files\/1FB_480x480.jpg?v=1573558601\" alt=\"\"><\/p>\n<p><span>Existe uma tabela de compara\u00e7\u00e3o entre o conector BT2.0 e o conector PH2.0 (vers\u00e3o de pino s\u00f3lido) na bateria BETAFPV 1S 300mAh. A corrente de descarga \u00e9 de 9A neste teste. Pode ver que demora o dobro do tempo (cerca de 2 minutos) com o conetor BT2.0.<\/span><\/p>\n<div><img decoding=\"async\" src=\"https:\/\/cdn.shopify.com\/s\/files\/1\/1778\/6615\/files\/QQ_20191112174705_1024x1024.png?v=1573552068\" alt=\"\"><\/div>\n<p>&nbsp;<\/p>\n<p><img decoding=\"async\" src=\"https:\/\/cdn.shopify.com\/s\/files\/1\/1778\/6615\/files\/81fd8c1ee93af5581746bfe52c7418e6_e324a92a-45cd-45ab-8b7b-0d597340acf6_1024x1024.jpg?v=1578452843\" alt=\"\"><\/p>\n<h2><span>Pacote<\/span><\/h2>\n<ul>\n<li><span>Cabo flex\u00edvel 5*2S (BT 2.0)<\/span><\/li>\n<\/ul>\n","protected":false},"excerpt":{"rendered":"<p>Cabo flex\u00edvel 2S Whoop (BT2.0) (5 pe\u00e7as) &nbsp; Este cabo de conetor duplo BT2.0 destina-se a drones 2S, tais comoBeta65XHDyBeta65X FPV. Com conetor BT2.0, pode resolver o problema da queda<\/p>\n","protected":false},"featured_media":236908,"comment_status":"open","ping_status":"closed","template":"","meta":{"_joinchat":[]},"pwb-brand":[],"product_cat":[1083,1069,1062,1088],"product_tag":[],"class_list":{"0":"post-236920","1":"product","2":"type-product","3":"status-publish","4":"has-post-thumbnail","6":"product_cat-acessorios","7":"product_cat-acessorios-de-bateria","8":"product_cat-baterias-fpv","9":"product_cat-conectores-pt-pt","11":"first","12":"instock","13":"taxable","14":"shipping-taxable","15":"purchasable","16":"product-type-simple"},"barcode":null,"atum_controlled":true,"out_stock_date":null,"out_stock_threshold":null,"inheritable":false,"stock_on_hold":0,"sold_today":0,"sales_last_days":0,"out_stock_days":0,"lost_sales":0,"update_date":"2026-04-18T09:22:07","atum_locations":[],"atum_stock_status":"instock","restock_status":false,"low_stock_amount":"","sales_update_date":"2026-04-18T09:22:07","calc_backorders":null,"yoast_head":"<!-- This site is optimized with the Yoast SEO plugin v27.3 - https:\/\/yoast.com\/product\/yoast-seo-wordpress\/ -->\n<title>Cabo flex\u00edvel 2S Whoop (BT2.0) (5 pe\u00e7as) - Iha Race<\/title>\n<meta name=\"robots\" content=\"index, follow, max-snippet:-1, max-image-preview:large, max-video-preview:-1\" \/>\n<link rel=\"canonical\" href=\"https:\/\/iha-race.com\/pt-pt\/produto\/cable-flexible-2s-whoop-bt2-0-5-piezas\/\" \/>\n<meta property=\"og:locale\" content=\"pt_PT\" \/>\n<meta property=\"og:type\" content=\"article\" \/>\n<meta property=\"og:title\" content=\"Cabo flex\u00edvel 2S Whoop (BT2.0) (5 pe\u00e7as) - Iha Race\" \/>\n<meta property=\"og:description\" content=\"Cabo flex\u00edvel 2S Whoop (BT2.0) (5 pe\u00e7as) &nbsp; Este cabo de conetor duplo BT2.0 destina-se a drones 2S, tais comoBeta65XHDyBeta65X FPV. Com conetor BT2.0, pode resolver o problema da queda\" \/>\n<meta property=\"og:url\" content=\"https:\/\/iha-race.com\/pt-pt\/produto\/cable-flexible-2s-whoop-bt2-0-5-piezas\/\" \/>\n<meta property=\"og:site_name\" content=\"Iha Race\" \/>\n<meta property=\"article:modified_time\" content=\"2024-08-29T09:10:39+00:00\" \/>\n<meta property=\"og:image\" content=\"https:\/\/iha-race.com\/wp-content\/uploads\/2023\/09\/BETAFPV-Pigtail-Kabel-2S-BT2-0-Whoops_l.jpg\" \/>\n\t<meta property=\"og:image:width\" content=\"740\" \/>\n\t<meta property=\"og:image:height\" content=\"740\" \/>\n\t<meta property=\"og:image:type\" content=\"image\/jpeg\" \/>\n<meta name=\"twitter:card\" content=\"summary_large_image\" \/>\n<meta name=\"twitter:label1\" content=\"Tempo estimado de leitura\" \/>\n\t<meta name=\"twitter:data1\" content=\"2 minutos\" \/>\n<script type=\"application\/ld+json\" class=\"yoast-schema-graph\">{\"@context\":\"https:\\\/\\\/schema.org\",\"@graph\":[{\"@type\":\"WebPage\",\"@id\":\"https:\\\/\\\/iha-race.com\\\/pt-pt\\\/produto\\\/cable-flexible-2s-whoop-bt2-0-5-piezas\\\/\",\"url\":\"https:\\\/\\\/iha-race.com\\\/pt-pt\\\/produto\\\/cable-flexible-2s-whoop-bt2-0-5-piezas\\\/\",\"name\":\"Cabo flex\u00edvel 2S Whoop (BT2.0) (5 pe\u00e7as) - Iha Race\",\"isPartOf\":{\"@id\":\"https:\\\/\\\/iha-race.com\\\/pt-pt\\\/#website\"},\"primaryImageOfPage\":{\"@id\":\"https:\\\/\\\/iha-race.com\\\/pt-pt\\\/produto\\\/cable-flexible-2s-whoop-bt2-0-5-piezas\\\/#primaryimage\"},\"image\":{\"@id\":\"https:\\\/\\\/iha-race.com\\\/pt-pt\\\/produto\\\/cable-flexible-2s-whoop-bt2-0-5-piezas\\\/#primaryimage\"},\"thumbnailUrl\":\"https:\\\/\\\/iha-race.com\\\/wp-content\\\/uploads\\\/2023\\\/09\\\/BETAFPV-Pigtail-Kabel-2S-BT2-0-Whoops_l.jpg\",\"datePublished\":\"2023-09-20T08:16:51+00:00\",\"dateModified\":\"2024-08-29T09:10:39+00:00\",\"breadcrumb\":{\"@id\":\"https:\\\/\\\/iha-race.com\\\/pt-pt\\\/produto\\\/cable-flexible-2s-whoop-bt2-0-5-piezas\\\/#breadcrumb\"},\"inLanguage\":\"pt-PT\",\"potentialAction\":[{\"@type\":\"ReadAction\",\"target\":[\"https:\\\/\\\/iha-race.com\\\/pt-pt\\\/produto\\\/cable-flexible-2s-whoop-bt2-0-5-piezas\\\/\"]}]},{\"@type\":\"ImageObject\",\"inLanguage\":\"pt-PT\",\"@id\":\"https:\\\/\\\/iha-race.com\\\/pt-pt\\\/produto\\\/cable-flexible-2s-whoop-bt2-0-5-piezas\\\/#primaryimage\",\"url\":\"https:\\\/\\\/iha-race.com\\\/wp-content\\\/uploads\\\/2023\\\/09\\\/BETAFPV-Pigtail-Kabel-2S-BT2-0-Whoops_l.jpg\",\"contentUrl\":\"https:\\\/\\\/iha-race.com\\\/wp-content\\\/uploads\\\/2023\\\/09\\\/BETAFPV-Pigtail-Kabel-2S-BT2-0-Whoops_l.jpg\",\"width\":740,\"height\":740,\"caption\":\"Copmprar Cable flexible 2S Whoop (BT2.0) (5 piezas)\"},{\"@type\":\"BreadcrumbList\",\"@id\":\"https:\\\/\\\/iha-race.com\\\/pt-pt\\\/produto\\\/cable-flexible-2s-whoop-bt2-0-5-piezas\\\/#breadcrumb\",\"itemListElement\":[{\"@type\":\"ListItem\",\"position\":1,\"name\":\"Portada\",\"item\":\"https:\\\/\\\/iha-race.com\\\/pt-pt\\\/elementor-499\\\/\"},{\"@type\":\"ListItem\",\"position\":2,\"name\":\"Shop\",\"item\":\"https:\\\/\\\/iha-race.com\\\/pt-pt\\\/shop\\\/\"},{\"@type\":\"ListItem\",\"position\":3,\"name\":\"Cabo flex\u00edvel 2S Whoop (BT2.0) (5 pe\u00e7as)\"}]},{\"@type\":\"WebSite\",\"@id\":\"https:\\\/\\\/iha-race.com\\\/pt-pt\\\/#website\",\"url\":\"https:\\\/\\\/iha-race.com\\\/pt-pt\\\/\",\"name\":\"Iha Race\",\"description\":\"Comprar drones de carreras FPV env\u00edos en un d\u00eda desde Espa\u00f1a\",\"publisher\":{\"@id\":\"https:\\\/\\\/iha-race.com\\\/pt-pt\\\/#organization\"},\"potentialAction\":[{\"@type\":\"SearchAction\",\"target\":{\"@type\":\"EntryPoint\",\"urlTemplate\":\"https:\\\/\\\/iha-race.com\\\/pt-pt\\\/?s={search_term_string}\"},\"query-input\":{\"@type\":\"PropertyValueSpecification\",\"valueRequired\":true,\"valueName\":\"search_term_string\"}}],\"inLanguage\":\"pt-PT\"},{\"@type\":\"Organization\",\"@id\":\"https:\\\/\\\/iha-race.com\\\/pt-pt\\\/#organization\",\"name\":\"Iha Race\",\"url\":\"https:\\\/\\\/iha-race.com\\\/pt-pt\\\/\",\"logo\":{\"@type\":\"ImageObject\",\"inLanguage\":\"pt-PT\",\"@id\":\"https:\\\/\\\/iha-race.com\\\/pt-pt\\\/#\\\/schema\\\/logo\\\/image\\\/\",\"url\":\"https:\\\/\\\/iha-race.com\\\/wp-content\\\/uploads\\\/2018\\\/07\\\/iha-race-drones-de-carreras-tienda-comprar-drones.png\",\"contentUrl\":\"https:\\\/\\\/iha-race.com\\\/wp-content\\\/uploads\\\/2018\\\/07\\\/iha-race-drones-de-carreras-tienda-comprar-drones.png\",\"width\":300,\"height\":100,\"caption\":\"Iha Race\"},\"image\":{\"@id\":\"https:\\\/\\\/iha-race.com\\\/pt-pt\\\/#\\\/schema\\\/logo\\\/image\\\/\"}}]}<\/script>\n<!-- \/ Yoast SEO plugin. -->","yoast_head_json":{"title":"Cabo flex\u00edvel 2S Whoop (BT2.0) (5 pe\u00e7as) - Iha Race","robots":{"index":"index","follow":"follow","max-snippet":"max-snippet:-1","max-image-preview":"max-image-preview:large","max-video-preview":"max-video-preview:-1"},"canonical":"https:\/\/iha-race.com\/pt-pt\/produto\/cable-flexible-2s-whoop-bt2-0-5-piezas\/","og_locale":"pt_PT","og_type":"article","og_title":"Cabo flex\u00edvel 2S Whoop (BT2.0) (5 pe\u00e7as) - Iha Race","og_description":"Cabo flex\u00edvel 2S Whoop (BT2.0) (5 pe\u00e7as) &nbsp; Este cabo de conetor duplo BT2.0 destina-se a drones 2S, tais comoBeta65XHDyBeta65X FPV. Com conetor BT2.0, pode resolver o problema da queda","og_url":"https:\/\/iha-race.com\/pt-pt\/produto\/cable-flexible-2s-whoop-bt2-0-5-piezas\/","og_site_name":"Iha Race","article_modified_time":"2024-08-29T09:10:39+00:00","og_image":[{"width":740,"height":740,"url":"https:\/\/iha-race.com\/wp-content\/uploads\/2023\/09\/BETAFPV-Pigtail-Kabel-2S-BT2-0-Whoops_l.jpg","type":"image\/jpeg"}],"twitter_card":"summary_large_image","twitter_misc":{"Tempo estimado de leitura":"2 minutos"},"schema":{"@context":"https:\/\/schema.org","@graph":[{"@type":"WebPage","@id":"https:\/\/iha-race.com\/pt-pt\/produto\/cable-flexible-2s-whoop-bt2-0-5-piezas\/","url":"https:\/\/iha-race.com\/pt-pt\/produto\/cable-flexible-2s-whoop-bt2-0-5-piezas\/","name":"Cabo flex\u00edvel 2S Whoop (BT2.0) (5 pe\u00e7as) - Iha Race","isPartOf":{"@id":"https:\/\/iha-race.com\/pt-pt\/#website"},"primaryImageOfPage":{"@id":"https:\/\/iha-race.com\/pt-pt\/produto\/cable-flexible-2s-whoop-bt2-0-5-piezas\/#primaryimage"},"image":{"@id":"https:\/\/iha-race.com\/pt-pt\/produto\/cable-flexible-2s-whoop-bt2-0-5-piezas\/#primaryimage"},"thumbnailUrl":"https:\/\/iha-race.com\/wp-content\/uploads\/2023\/09\/BETAFPV-Pigtail-Kabel-2S-BT2-0-Whoops_l.jpg","datePublished":"2023-09-20T08:16:51+00:00","dateModified":"2024-08-29T09:10:39+00:00","breadcrumb":{"@id":"https:\/\/iha-race.com\/pt-pt\/produto\/cable-flexible-2s-whoop-bt2-0-5-piezas\/#breadcrumb"},"inLanguage":"pt-PT","potentialAction":[{"@type":"ReadAction","target":["https:\/\/iha-race.com\/pt-pt\/produto\/cable-flexible-2s-whoop-bt2-0-5-piezas\/"]}]},{"@type":"ImageObject","inLanguage":"pt-PT","@id":"https:\/\/iha-race.com\/pt-pt\/produto\/cable-flexible-2s-whoop-bt2-0-5-piezas\/#primaryimage","url":"https:\/\/iha-race.com\/wp-content\/uploads\/2023\/09\/BETAFPV-Pigtail-Kabel-2S-BT2-0-Whoops_l.jpg","contentUrl":"https:\/\/iha-race.com\/wp-content\/uploads\/2023\/09\/BETAFPV-Pigtail-Kabel-2S-BT2-0-Whoops_l.jpg","width":740,"height":740,"caption":"Copmprar Cable flexible 2S Whoop (BT2.0) (5 piezas)"},{"@type":"BreadcrumbList","@id":"https:\/\/iha-race.com\/pt-pt\/produto\/cable-flexible-2s-whoop-bt2-0-5-piezas\/#breadcrumb","itemListElement":[{"@type":"ListItem","position":1,"name":"Portada","item":"https:\/\/iha-race.com\/pt-pt\/elementor-499\/"},{"@type":"ListItem","position":2,"name":"Shop","item":"https:\/\/iha-race.com\/pt-pt\/shop\/"},{"@type":"ListItem","position":3,"name":"Cabo flex\u00edvel 2S Whoop (BT2.0) (5 pe\u00e7as)"}]},{"@type":"WebSite","@id":"https:\/\/iha-race.com\/pt-pt\/#website","url":"https:\/\/iha-race.com\/pt-pt\/","name":"Iha Race","description":"Comprar drones de carreras FPV env\u00edos en un d\u00eda desde Espa\u00f1a","publisher":{"@id":"https:\/\/iha-race.com\/pt-pt\/#organization"},"potentialAction":[{"@type":"SearchAction","target":{"@type":"EntryPoint","urlTemplate":"https:\/\/iha-race.com\/pt-pt\/?s={search_term_string}"},"query-input":{"@type":"PropertyValueSpecification","valueRequired":true,"valueName":"search_term_string"}}],"inLanguage":"pt-PT"},{"@type":"Organization","@id":"https:\/\/iha-race.com\/pt-pt\/#organization","name":"Iha Race","url":"https:\/\/iha-race.com\/pt-pt\/","logo":{"@type":"ImageObject","inLanguage":"pt-PT","@id":"https:\/\/iha-race.com\/pt-pt\/#\/schema\/logo\/image\/","url":"https:\/\/iha-race.com\/wp-content\/uploads\/2018\/07\/iha-race-drones-de-carreras-tienda-comprar-drones.png","contentUrl":"https:\/\/iha-race.com\/wp-content\/uploads\/2018\/07\/iha-race-drones-de-carreras-tienda-comprar-drones.png","width":300,"height":100,"caption":"Iha Race"},"image":{"@id":"https:\/\/iha-race.com\/pt-pt\/#\/schema\/logo\/image\/"}}]}},"jetpack_sharing_enabled":true,"brands":[],"_links":{"self":[{"href":"https:\/\/iha-race.com\/pt-pt\/wp-json\/wp\/v2\/product\/236920","targetHints":{"allow":["GET"]}}],"collection":[{"href":"https:\/\/iha-race.com\/pt-pt\/wp-json\/wp\/v2\/product"}],"about":[{"href":"https:\/\/iha-race.com\/pt-pt\/wp-json\/wp\/v2\/types\/product"}],"replies":[{"embeddable":true,"href":"https:\/\/iha-race.com\/pt-pt\/wp-json\/wp\/v2\/comments?post=236920"}],"version-history":[{"count":1,"href":"https:\/\/iha-race.com\/pt-pt\/wp-json\/wp\/v2\/product\/236920\/revisions"}],"predecessor-version":[{"id":248255,"href":"https:\/\/iha-race.com\/pt-pt\/wp-json\/wp\/v2\/product\/236920\/revisions\/248255"}],"wp:featuredmedia":[{"embeddable":true,"href":"https:\/\/iha-race.com\/pt-pt\/wp-json\/wp\/v2\/media\/236908"}],"wp:attachment":[{"href":"https:\/\/iha-race.com\/pt-pt\/wp-json\/wp\/v2\/media?parent=236920"}],"wp:term":[{"taxonomy":"pwb-brand","embeddable":true,"href":"https:\/\/iha-race.com\/pt-pt\/wp-json\/wp\/v2\/pwb-brand?post=236920"},{"taxonomy":"product_cat","embeddable":true,"href":"https:\/\/iha-race.com\/pt-pt\/wp-json\/wp\/v2\/product_cat?post=236920"},{"taxonomy":"product_tag","embeddable":true,"href":"https:\/\/iha-race.com\/pt-pt\/wp-json\/wp\/v2\/product_tag?post=236920"}],"curies":[{"name":"wp","href":"https:\/\/api.w.org\/{rel}","templated":true}]}}