{"id":235963,"date":"2023-08-10T17:40:53","date_gmt":"2023-08-10T15:40:53","guid":{"rendered":"https:\/\/iha-race.com\/producto\/motor-t-motor-f60prov-lv\/"},"modified":"2024-07-24T12:05:51","modified_gmt":"2024-07-24T10:05:51","slug":"motor-t-motor-f60prov-lv-1950kv-2020kv","status":"publish","type":"product","link":"https:\/\/iha-race.com\/pt-pt\/produto\/motor-t-motor-f60prov-lv-1950kv-2020kv\/","title":{"rendered":"Motor T-Motor F60PROV-LV (1950Kv\/2020Kv)"},"content":{"rendered":"<h2>Motor T-Motor F60PROV-LV (1950Kv\/2020Kv)<\/h2>\n<div class=\"wrap-sticky\">\n<div id=\"news11tabs\" class=\"navbar navbar-sticky bootsnav on sticked\">  Chegaram os motores <strong>T-Motor F60 PRO V! <\/strong>Apresentam algumas <strong>melhorias<\/strong> em rela\u00e7\u00e3o aos seus antecessores, tais como <strong>mais impulso<\/strong>, mais <strong>durabilidade<\/strong> e uma sensa\u00e7\u00e3o de acelera\u00e7\u00e3o mais linear.<\/div>\n<\/div>\n<div>\n<p><strong>Escolha de entre:<\/strong><\/p>\n<ul>\n<li>1950KV<\/li>\n<li>2020KV<\/li>\n<\/ul>\n<div data-content-type=\"text\" data-appearance=\"default\" data-element=\"main\">\n<p><strong>VIDEO: O meu motor preferido! Motor T F60 Pro V-LV (\u00c1udio em ingl\u00eas)<\/strong><\/p>\n<\/div>\n<\/div>\n<p><iframe title=\"My Favorite Motor!! T-Motor F60 Pro V-LV\" width=\"1200\" height=\"675\" src=\"https:\/\/www.youtube.com\/embed\/xJ7khZeGmEw?feature=oembed\" frameborder=\"0\" allow=\"accelerometer; autoplay; clipboard-write; encrypted-media; gyroscope; picture-in-picture; web-share\" referrerpolicy=\"strict-origin-when-cross-origin\" allowfullscreen><\/iframe><br \/>\n &nbsp;<\/p>\n<h2 data-content-type=\"heading\" data-appearance=\"default\" data-element=\"main\">Caracter\u00edsticas<\/h2>\n<div data-content-type=\"text\" data-appearance=\"default\" data-element=\"main\">\n<ul>\n<li>Velocidade mais r\u00e1pida<\/li>\n<li>Isqueiro AUW<\/li>\n<\/ul>\n<\/div>\n<p>&nbsp;<\/p>\n<div id=\"news11\" class=\"tabblock\">\n<div id=\"a_news11\" class=\"tabcon\">\n<p><img decoding=\"async\" src=\"https:\/\/store.tmotor.com\/images\/202208\/041659575722743434.jpg\"><img decoding=\"async\" src=\"https:\/\/store.tmotor.com\/images\/202208\/041659575722165092.jpg\"><img decoding=\"async\" src=\"https:\/\/store.tmotor.com\/images\/202208\/041659575722150321.jpg\"><img decoding=\"async\" src=\"https:\/\/store.tmotor.com\/images\/202208\/041659575741553005.jpg\"><img decoding=\"async\" src=\"https:\/\/store.tmotor.com\/images\/202208\/041659575741947796.jpg\"><img decoding=\"async\" src=\"https:\/\/store.tmotor.com\/images\/202208\/041659575741594065.jpg\"><img decoding=\"async\" src=\"https:\/\/store.tmotor.com\/images\/202208\/041659575741311666.jpg\"><\/p>\n<\/div>\n<div data-content-type=\"row\" data-appearance=\"contained\" data-element=\"main\">\n<div data-enable-parallax=\"0\" data-parallax-speed=\"0.5\" data-background-images=\"{}\" data-background-type=\"image\" data-video-loop=\"true\" data-video-play-only-visible=\"true\" data-video-lazy-load=\"true\" data-video-fallback-src=\"\" data-element=\"inner\" data-pb-style=\"DGQPQ33\">\n<h2 data-content-type=\"heading\" data-appearance=\"default\" data-element=\"main\">Especifica\u00e7\u00f5es<\/h2>\n<div data-content-type=\"text\" data-appearance=\"default\" data-element=\"main\">\n<p><strong>1950KV<\/strong><\/p>\n<\/div>\n<div data-content-type=\"text\" data-appearance=\"default\" data-element=\"main\">\n<ul>\n<li>Pot\u00eancia m\u00e1xima (10s): 1191W<\/li>\n<li>Configura\u00e7\u00e3o: 12N14P<\/li>\n<li>Di\u00e2metro do eixo: 4 mm<\/li>\n<li>Corrente de marcha lenta: 1,19A<\/li>\n<li>Explos\u00e3o (10s): 48,3A<\/li>\n<li>Chumbo: 20 # 150 mm<\/li>\n<li>Tens\u00e3o: 25.2 V<\/li>\n<li>Peso: 32,4g<\/li>\n<li>KV: 1950<\/li>\n<\/ul>\n<\/div>\n<div data-content-type=\"text\" data-appearance=\"default\" data-element=\"main\">\n<p><strong>2020KV<\/strong><\/p>\n<\/div>\n<div data-content-type=\"text\" data-appearance=\"default\" data-element=\"main\">\n<ul>\n<li>Pot\u00eancia m\u00e1xima (10s): 1306W<\/li>\n<li>Configura\u00e7\u00e3o: 12N14P<\/li>\n<li>Di\u00e2metro do eixo: 4 mm<\/li>\n<li>Corrente de marcha lenta: 1,19A<\/li>\n<li>Chumbo: 20 # 150 mm<\/li>\n<li>Explos\u00e3o (10s): 53.1A<\/li>\n<li>Tens\u00e3o: 25.2 V<\/li>\n<li>Peso: 32,1g<\/li>\n<li>KV: 2020<\/li>\n<\/ul>\n<\/div>\n<\/div>\n<\/div>\n<div data-content-type=\"row\" data-appearance=\"contained\" data-element=\"main\">\n<div data-enable-parallax=\"0\" data-parallax-speed=\"0.5\" data-background-images=\"{}\" data-background-type=\"image\" data-video-loop=\"true\" data-video-play-only-visible=\"true\" data-video-lazy-load=\"true\" data-video-fallback-src=\"\" data-element=\"inner\" data-pb-style=\"QJ6I8VY\">\n<h2 data-content-type=\"heading\" data-appearance=\"default\" data-element=\"main\">O pacote inclui<\/h2>\n<div data-content-type=\"text\" data-appearance=\"default\" data-element=\"main\">\n<ul>\n<li>1 x Motor T F60 PRO V-LV (1950KV ou 2020KV)<\/li>\n<li>13 x parafusos<\/li>\n<li>1 x porca<\/li>\n<\/ul>\n<\/div>\n<\/div>\n<\/div>\n<div id=\"a_news11\" class=\"tabcon\">\n<div id=\"news11\" class=\"tabblock\">\n<div id=\"b_news11\" class=\"tabcon\">\n<p>&nbsp;<\/p>\n<\/div>\n<\/div>\n<p>&nbsp;<\/p>\n<\/div>\n<\/div>\n","protected":false},"excerpt":{"rendered":"<p>Motor T-Motor F60PROV-LV (1950Kv\/2020Kv) Chegaram os motores T-Motor F60 PRO V! Apresentam algumas melhorias em rela\u00e7\u00e3o aos seus antecessores, tais como mais impulso, mais durabilidade e uma sensa\u00e7\u00e3o de acelera\u00e7\u00e3o<\/p>\n","protected":false},"featured_media":235936,"comment_status":"open","ping_status":"closed","template":"","meta":{"_joinchat":[]},"pwb-brand":[],"product_cat":[46,2475],"product_tag":[],"class_list":{"0":"post-235963","1":"product","2":"type-product","3":"status-publish","4":"has-post-thumbnail","6":"product_cat-motores","7":"product_cat-sin-escobillas-con-eje","9":"first","10":"instock","11":"taxable","12":"shipping-taxable","13":"purchasable","14":"product-type-variable"},"barcode":null,"atum_controlled":true,"out_stock_date":null,"out_stock_threshold":null,"inheritable":true,"stock_on_hold":0,"sold_today":1,"sales_last_days":1,"out_stock_days":null,"lost_sales":0,"update_date":"2026-04-18T23:34:58","atum_locations":[],"atum_stock_status":"instock","restock_status":false,"low_stock_amount":"","sales_update_date":"2026-04-18T23:34:58","calc_backorders":null,"yoast_head":"<!-- This site is optimized with the Yoast SEO plugin v27.3 - https:\/\/yoast.com\/product\/yoast-seo-wordpress\/ -->\n<title>Motor T-Motor F60PROV-LV (1950Kv\/2020Kv) - Iha Race<\/title>\n<meta name=\"robots\" content=\"index, follow, max-snippet:-1, max-image-preview:large, max-video-preview:-1\" \/>\n<link rel=\"canonical\" href=\"https:\/\/iha-race.com\/pt-pt\/produto\/motor-t-motor-f60prov-lv-1950kv-2020kv\/\" \/>\n<meta property=\"og:locale\" content=\"pt_PT\" \/>\n<meta property=\"og:type\" content=\"article\" \/>\n<meta property=\"og:title\" content=\"Motor T-Motor F60PROV-LV (1950Kv\/2020Kv) - Iha Race\" \/>\n<meta property=\"og:description\" content=\"Motor T-Motor F60PROV-LV (1950Kv\/2020Kv) Chegaram os motores T-Motor F60 PRO V! Apresentam algumas melhorias em rela\u00e7\u00e3o aos seus antecessores, tais como mais impulso, mais durabilidade e uma sensa\u00e7\u00e3o de acelera\u00e7\u00e3o\" \/>\n<meta property=\"og:url\" content=\"https:\/\/iha-race.com\/pt-pt\/produto\/motor-t-motor-f60prov-lv-1950kv-2020kv\/\" \/>\n<meta property=\"og:site_name\" content=\"Iha Race\" \/>\n<meta property=\"article:modified_time\" content=\"2024-07-24T10:05:51+00:00\" \/>\n<meta property=\"og:image\" content=\"https:\/\/iha-race.com\/wp-content\/uploads\/2023\/08\/Motor-T-Motor-F60PROV-LV.jpeg\" \/>\n\t<meta property=\"og:image:width\" content=\"800\" \/>\n\t<meta property=\"og:image:height\" content=\"800\" \/>\n\t<meta property=\"og:image:type\" content=\"image\/jpeg\" \/>\n<meta name=\"twitter:card\" content=\"summary_large_image\" \/>\n<meta name=\"twitter:label1\" content=\"Tempo estimado de leitura\" \/>\n\t<meta name=\"twitter:data1\" content=\"1 minuto\" \/>\n<script type=\"application\/ld+json\" class=\"yoast-schema-graph\">{\"@context\":\"https:\\\/\\\/schema.org\",\"@graph\":[{\"@type\":\"WebPage\",\"@id\":\"https:\\\/\\\/iha-race.com\\\/pt-pt\\\/produto\\\/motor-t-motor-f60prov-lv-1950kv-2020kv\\\/\",\"url\":\"https:\\\/\\\/iha-race.com\\\/pt-pt\\\/produto\\\/motor-t-motor-f60prov-lv-1950kv-2020kv\\\/\",\"name\":\"Motor T-Motor F60PROV-LV (1950Kv\\\/2020Kv) - Iha Race\",\"isPartOf\":{\"@id\":\"https:\\\/\\\/iha-race.com\\\/pt-pt\\\/#website\"},\"primaryImageOfPage\":{\"@id\":\"https:\\\/\\\/iha-race.com\\\/pt-pt\\\/produto\\\/motor-t-motor-f60prov-lv-1950kv-2020kv\\\/#primaryimage\"},\"image\":{\"@id\":\"https:\\\/\\\/iha-race.com\\\/pt-pt\\\/produto\\\/motor-t-motor-f60prov-lv-1950kv-2020kv\\\/#primaryimage\"},\"thumbnailUrl\":\"https:\\\/\\\/iha-race.com\\\/wp-content\\\/uploads\\\/2023\\\/08\\\/Motor-T-Motor-F60PROV-LV.jpeg\",\"datePublished\":\"2023-08-10T15:40:53+00:00\",\"dateModified\":\"2024-07-24T10:05:51+00:00\",\"breadcrumb\":{\"@id\":\"https:\\\/\\\/iha-race.com\\\/pt-pt\\\/produto\\\/motor-t-motor-f60prov-lv-1950kv-2020kv\\\/#breadcrumb\"},\"inLanguage\":\"pt-PT\",\"potentialAction\":[{\"@type\":\"ReadAction\",\"target\":[\"https:\\\/\\\/iha-race.com\\\/pt-pt\\\/produto\\\/motor-t-motor-f60prov-lv-1950kv-2020kv\\\/\"]}]},{\"@type\":\"ImageObject\",\"inLanguage\":\"pt-PT\",\"@id\":\"https:\\\/\\\/iha-race.com\\\/pt-pt\\\/produto\\\/motor-t-motor-f60prov-lv-1950kv-2020kv\\\/#primaryimage\",\"url\":\"https:\\\/\\\/iha-race.com\\\/wp-content\\\/uploads\\\/2023\\\/08\\\/Motor-T-Motor-F60PROV-LV.jpeg\",\"contentUrl\":\"https:\\\/\\\/iha-race.com\\\/wp-content\\\/uploads\\\/2023\\\/08\\\/Motor-T-Motor-F60PROV-LV.jpeg\",\"width\":800,\"height\":800,\"caption\":\"Comprar Motor T-Motor F60PROV-LV\"},{\"@type\":\"BreadcrumbList\",\"@id\":\"https:\\\/\\\/iha-race.com\\\/pt-pt\\\/produto\\\/motor-t-motor-f60prov-lv-1950kv-2020kv\\\/#breadcrumb\",\"itemListElement\":[{\"@type\":\"ListItem\",\"position\":1,\"name\":\"Portada\",\"item\":\"https:\\\/\\\/iha-race.com\\\/pt-pt\\\/elementor-499\\\/\"},{\"@type\":\"ListItem\",\"position\":2,\"name\":\"Shop\",\"item\":\"https:\\\/\\\/iha-race.com\\\/pt-pt\\\/shop\\\/\"},{\"@type\":\"ListItem\",\"position\":3,\"name\":\"Motor T-Motor F60PROV-LV (1950Kv\\\/2020Kv)\"}]},{\"@type\":\"WebSite\",\"@id\":\"https:\\\/\\\/iha-race.com\\\/pt-pt\\\/#website\",\"url\":\"https:\\\/\\\/iha-race.com\\\/pt-pt\\\/\",\"name\":\"Iha Race\",\"description\":\"Comprar drones de carreras FPV env\u00edos en un d\u00eda desde Espa\u00f1a\",\"publisher\":{\"@id\":\"https:\\\/\\\/iha-race.com\\\/pt-pt\\\/#organization\"},\"potentialAction\":[{\"@type\":\"SearchAction\",\"target\":{\"@type\":\"EntryPoint\",\"urlTemplate\":\"https:\\\/\\\/iha-race.com\\\/pt-pt\\\/?s={search_term_string}\"},\"query-input\":{\"@type\":\"PropertyValueSpecification\",\"valueRequired\":true,\"valueName\":\"search_term_string\"}}],\"inLanguage\":\"pt-PT\"},{\"@type\":\"Organization\",\"@id\":\"https:\\\/\\\/iha-race.com\\\/pt-pt\\\/#organization\",\"name\":\"Iha Race\",\"url\":\"https:\\\/\\\/iha-race.com\\\/pt-pt\\\/\",\"logo\":{\"@type\":\"ImageObject\",\"inLanguage\":\"pt-PT\",\"@id\":\"https:\\\/\\\/iha-race.com\\\/pt-pt\\\/#\\\/schema\\\/logo\\\/image\\\/\",\"url\":\"https:\\\/\\\/iha-race.com\\\/wp-content\\\/uploads\\\/2018\\\/07\\\/iha-race-drones-de-carreras-tienda-comprar-drones.png\",\"contentUrl\":\"https:\\\/\\\/iha-race.com\\\/wp-content\\\/uploads\\\/2018\\\/07\\\/iha-race-drones-de-carreras-tienda-comprar-drones.png\",\"width\":300,\"height\":100,\"caption\":\"Iha Race\"},\"image\":{\"@id\":\"https:\\\/\\\/iha-race.com\\\/pt-pt\\\/#\\\/schema\\\/logo\\\/image\\\/\"}}]}<\/script>\n<!-- \/ Yoast SEO plugin. -->","yoast_head_json":{"title":"Motor T-Motor F60PROV-LV (1950Kv\/2020Kv) - Iha Race","robots":{"index":"index","follow":"follow","max-snippet":"max-snippet:-1","max-image-preview":"max-image-preview:large","max-video-preview":"max-video-preview:-1"},"canonical":"https:\/\/iha-race.com\/pt-pt\/produto\/motor-t-motor-f60prov-lv-1950kv-2020kv\/","og_locale":"pt_PT","og_type":"article","og_title":"Motor T-Motor F60PROV-LV (1950Kv\/2020Kv) - Iha Race","og_description":"Motor T-Motor F60PROV-LV (1950Kv\/2020Kv) Chegaram os motores T-Motor F60 PRO V! Apresentam algumas melhorias em rela\u00e7\u00e3o aos seus antecessores, tais como mais impulso, mais durabilidade e uma sensa\u00e7\u00e3o de acelera\u00e7\u00e3o","og_url":"https:\/\/iha-race.com\/pt-pt\/produto\/motor-t-motor-f60prov-lv-1950kv-2020kv\/","og_site_name":"Iha Race","article_modified_time":"2024-07-24T10:05:51+00:00","og_image":[{"width":800,"height":800,"url":"https:\/\/iha-race.com\/wp-content\/uploads\/2023\/08\/Motor-T-Motor-F60PROV-LV.jpeg","type":"image\/jpeg"}],"twitter_card":"summary_large_image","twitter_misc":{"Tempo estimado de leitura":"1 minuto"},"schema":{"@context":"https:\/\/schema.org","@graph":[{"@type":"WebPage","@id":"https:\/\/iha-race.com\/pt-pt\/produto\/motor-t-motor-f60prov-lv-1950kv-2020kv\/","url":"https:\/\/iha-race.com\/pt-pt\/produto\/motor-t-motor-f60prov-lv-1950kv-2020kv\/","name":"Motor T-Motor F60PROV-LV (1950Kv\/2020Kv) - Iha Race","isPartOf":{"@id":"https:\/\/iha-race.com\/pt-pt\/#website"},"primaryImageOfPage":{"@id":"https:\/\/iha-race.com\/pt-pt\/produto\/motor-t-motor-f60prov-lv-1950kv-2020kv\/#primaryimage"},"image":{"@id":"https:\/\/iha-race.com\/pt-pt\/produto\/motor-t-motor-f60prov-lv-1950kv-2020kv\/#primaryimage"},"thumbnailUrl":"https:\/\/iha-race.com\/wp-content\/uploads\/2023\/08\/Motor-T-Motor-F60PROV-LV.jpeg","datePublished":"2023-08-10T15:40:53+00:00","dateModified":"2024-07-24T10:05:51+00:00","breadcrumb":{"@id":"https:\/\/iha-race.com\/pt-pt\/produto\/motor-t-motor-f60prov-lv-1950kv-2020kv\/#breadcrumb"},"inLanguage":"pt-PT","potentialAction":[{"@type":"ReadAction","target":["https:\/\/iha-race.com\/pt-pt\/produto\/motor-t-motor-f60prov-lv-1950kv-2020kv\/"]}]},{"@type":"ImageObject","inLanguage":"pt-PT","@id":"https:\/\/iha-race.com\/pt-pt\/produto\/motor-t-motor-f60prov-lv-1950kv-2020kv\/#primaryimage","url":"https:\/\/iha-race.com\/wp-content\/uploads\/2023\/08\/Motor-T-Motor-F60PROV-LV.jpeg","contentUrl":"https:\/\/iha-race.com\/wp-content\/uploads\/2023\/08\/Motor-T-Motor-F60PROV-LV.jpeg","width":800,"height":800,"caption":"Comprar Motor T-Motor F60PROV-LV"},{"@type":"BreadcrumbList","@id":"https:\/\/iha-race.com\/pt-pt\/produto\/motor-t-motor-f60prov-lv-1950kv-2020kv\/#breadcrumb","itemListElement":[{"@type":"ListItem","position":1,"name":"Portada","item":"https:\/\/iha-race.com\/pt-pt\/elementor-499\/"},{"@type":"ListItem","position":2,"name":"Shop","item":"https:\/\/iha-race.com\/pt-pt\/shop\/"},{"@type":"ListItem","position":3,"name":"Motor T-Motor F60PROV-LV (1950Kv\/2020Kv)"}]},{"@type":"WebSite","@id":"https:\/\/iha-race.com\/pt-pt\/#website","url":"https:\/\/iha-race.com\/pt-pt\/","name":"Iha Race","description":"Comprar drones de carreras FPV env\u00edos en un d\u00eda desde Espa\u00f1a","publisher":{"@id":"https:\/\/iha-race.com\/pt-pt\/#organization"},"potentialAction":[{"@type":"SearchAction","target":{"@type":"EntryPoint","urlTemplate":"https:\/\/iha-race.com\/pt-pt\/?s={search_term_string}"},"query-input":{"@type":"PropertyValueSpecification","valueRequired":true,"valueName":"search_term_string"}}],"inLanguage":"pt-PT"},{"@type":"Organization","@id":"https:\/\/iha-race.com\/pt-pt\/#organization","name":"Iha Race","url":"https:\/\/iha-race.com\/pt-pt\/","logo":{"@type":"ImageObject","inLanguage":"pt-PT","@id":"https:\/\/iha-race.com\/pt-pt\/#\/schema\/logo\/image\/","url":"https:\/\/iha-race.com\/wp-content\/uploads\/2018\/07\/iha-race-drones-de-carreras-tienda-comprar-drones.png","contentUrl":"https:\/\/iha-race.com\/wp-content\/uploads\/2018\/07\/iha-race-drones-de-carreras-tienda-comprar-drones.png","width":300,"height":100,"caption":"Iha Race"},"image":{"@id":"https:\/\/iha-race.com\/pt-pt\/#\/schema\/logo\/image\/"}}]}},"jetpack_sharing_enabled":true,"brands":[],"_links":{"self":[{"href":"https:\/\/iha-race.com\/pt-pt\/wp-json\/wp\/v2\/product\/235963","targetHints":{"allow":["GET"]}}],"collection":[{"href":"https:\/\/iha-race.com\/pt-pt\/wp-json\/wp\/v2\/product"}],"about":[{"href":"https:\/\/iha-race.com\/pt-pt\/wp-json\/wp\/v2\/types\/product"}],"replies":[{"embeddable":true,"href":"https:\/\/iha-race.com\/pt-pt\/wp-json\/wp\/v2\/comments?post=235963"}],"version-history":[{"count":2,"href":"https:\/\/iha-race.com\/pt-pt\/wp-json\/wp\/v2\/product\/235963\/revisions"}],"predecessor-version":[{"id":247835,"href":"https:\/\/iha-race.com\/pt-pt\/wp-json\/wp\/v2\/product\/235963\/revisions\/247835"}],"wp:featuredmedia":[{"embeddable":true,"href":"https:\/\/iha-race.com\/pt-pt\/wp-json\/wp\/v2\/media\/235936"}],"wp:attachment":[{"href":"https:\/\/iha-race.com\/pt-pt\/wp-json\/wp\/v2\/media?parent=235963"}],"wp:term":[{"taxonomy":"pwb-brand","embeddable":true,"href":"https:\/\/iha-race.com\/pt-pt\/wp-json\/wp\/v2\/pwb-brand?post=235963"},{"taxonomy":"product_cat","embeddable":true,"href":"https:\/\/iha-race.com\/pt-pt\/wp-json\/wp\/v2\/product_cat?post=235963"},{"taxonomy":"product_tag","embeddable":true,"href":"https:\/\/iha-race.com\/pt-pt\/wp-json\/wp\/v2\/product_tag?post=235963"}],"curies":[{"name":"wp","href":"https:\/\/api.w.org\/{rel}","templated":true}]}}