{"id":235040,"date":"2023-07-20T18:49:45","date_gmt":"2023-07-20T16:49:45","guid":{"rendered":"https:\/\/iha-race.com\/producto\/endereco-do-diatone-snt-y60-c3\/"},"modified":"2024-08-29T11:28:51","modified_gmt":"2024-08-29T09:28:51","slug":"diatone-snt-y60-c3-direcao","status":"publish","type":"product","link":"https:\/\/iha-race.com\/pt-pt\/produto\/diatone-snt-y60-c3-direcao\/","title":{"rendered":"Endere\u00e7o do Diatone SNT Y60-C3"},"content":{"rendered":"<h3>Endere\u00e7o do Diatone SNT Y60-C3<\/h3>\n<ul>\n<li><span>Compat\u00edvel com a s\u00e9rie C3: 3005\/3010<\/span><\/li>\n<li><span>Dimens\u00f5es: 13,5X6,2 X 16 mm<\/span><\/li>\n<li><span>peso: 1,7 g<\/span><\/li>\n<li><span>Tens\u00e3o de entrada: 2,5 V ~ 4,8 V<\/span><\/li>\n<li><span>Par:<\/span>\n<ul>\n<li><span>3,7 V: 65 g-cm<\/span><\/li>\n<li><span>4,2 V: 75 g-cm<\/span><\/li>\n<\/ul>\n<\/li>\n<li><span>Velocidade:<\/span>\n<ul>\n<li><span>3,7 V: 0,07 seg\/ 60\u00b0 3,7 V: 0,07 seg\/ 60\u00b0 3,7 V: 0,07 seg\/ 60<\/span><\/li>\n<li><span>4,2V: 0,05 seg\/60\u00b0.<\/span><\/li>\n<\/ul>\n<\/li>\n<\/ul>\n<h3><span>O pacote inclui<\/span><\/h3>\n<ul>\n<li><span>Endere\u00e7o SS1\u00d71<\/span><\/li>\n<\/ul>\n","protected":false},"excerpt":{"rendered":"<p>Endere\u00e7o do Diatone SNT Y60-C3 Compat\u00edvel com a s\u00e9rie C3: 3005\/3010 Dimens\u00f5es: 13,5X6,2 X 16 mm peso: 1,7 g Tens\u00e3o de entrada: 2,5 V ~ 4,8 V Par: 3,7 V:<\/p>\n","protected":false},"featured_media":235036,"comment_status":"open","ping_status":"closed","template":"","meta":{"_joinchat":[]},"pwb-brand":[],"product_cat":[3632,3636],"product_tag":[],"class_list":{"0":"post-235040","1":"product","2":"type-product","3":"status-publish","4":"has-post-thumbnail","6":"product_cat-carros-rc-fpv","7":"product_cat-pecas-para-automoveis-fpv","9":"first","10":"instock","11":"taxable","12":"shipping-taxable","13":"purchasable","14":"product-type-simple"},"barcode":null,"atum_controlled":true,"out_stock_date":null,"out_stock_threshold":null,"inheritable":false,"stock_on_hold":0,"sold_today":0,"sales_last_days":0,"out_stock_days":0,"lost_sales":0,"update_date":"2026-04-08T16:53:04","atum_locations":[],"atum_stock_status":"instock","restock_status":false,"low_stock_amount":"","sales_update_date":"2025-09-09T07:24:26","calc_backorders":null,"yoast_head":"<!-- This site is optimized with the Yoast SEO plugin v27.3 - https:\/\/yoast.com\/product\/yoast-seo-wordpress\/ -->\n<title>Endere\u00e7o do Diatone SNT Y60-C3 - Iha Race<\/title>\n<meta name=\"robots\" content=\"index, follow, max-snippet:-1, max-image-preview:large, max-video-preview:-1\" \/>\n<link rel=\"canonical\" href=\"https:\/\/iha-race.com\/pt-pt\/produto\/diatone-snt-y60-c3-direcao\/\" \/>\n<meta property=\"og:locale\" content=\"pt_PT\" \/>\n<meta property=\"og:type\" content=\"article\" \/>\n<meta property=\"og:title\" content=\"Endere\u00e7o do Diatone SNT Y60-C3 - Iha Race\" \/>\n<meta property=\"og:description\" content=\"Endere\u00e7o do Diatone SNT Y60-C3 Compat\u00edvel com a s\u00e9rie C3: 3005\/3010 Dimens\u00f5es: 13,5X6,2 X 16 mm peso: 1,7 g Tens\u00e3o de entrada: 2,5 V ~ 4,8 V Par: 3,7 V:\" \/>\n<meta property=\"og:url\" content=\"https:\/\/iha-race.com\/pt-pt\/produto\/diatone-snt-y60-c3-direcao\/\" \/>\n<meta property=\"og:site_name\" content=\"Iha Race\" \/>\n<meta property=\"article:modified_time\" content=\"2024-08-29T09:28:51+00:00\" \/>\n<meta property=\"og:image\" content=\"https:\/\/iha-race.com\/wp-content\/uploads\/2023\/07\/Diatone-SNT-Y60-C3-direccion.webp\" \/>\n\t<meta property=\"og:image:width\" content=\"700\" \/>\n\t<meta property=\"og:image:height\" content=\"700\" \/>\n\t<meta property=\"og:image:type\" content=\"image\/webp\" \/>\n<meta name=\"twitter:card\" content=\"summary_large_image\" \/>\n<script type=\"application\/ld+json\" class=\"yoast-schema-graph\">{\"@context\":\"https:\\\/\\\/schema.org\",\"@graph\":[{\"@type\":\"WebPage\",\"@id\":\"https:\\\/\\\/iha-race.com\\\/pt-pt\\\/produto\\\/diatone-snt-y60-c3-direcao\\\/\",\"url\":\"https:\\\/\\\/iha-race.com\\\/pt-pt\\\/produto\\\/diatone-snt-y60-c3-direcao\\\/\",\"name\":\"Endere\u00e7o do Diatone SNT Y60-C3 - Iha Race\",\"isPartOf\":{\"@id\":\"https:\\\/\\\/iha-race.com\\\/pt-pt\\\/#website\"},\"primaryImageOfPage\":{\"@id\":\"https:\\\/\\\/iha-race.com\\\/pt-pt\\\/produto\\\/diatone-snt-y60-c3-direcao\\\/#primaryimage\"},\"image\":{\"@id\":\"https:\\\/\\\/iha-race.com\\\/pt-pt\\\/produto\\\/diatone-snt-y60-c3-direcao\\\/#primaryimage\"},\"thumbnailUrl\":\"https:\\\/\\\/iha-race.com\\\/wp-content\\\/uploads\\\/2023\\\/07\\\/Diatone-SNT-Y60-C3-direccion.webp\",\"datePublished\":\"2023-07-20T16:49:45+00:00\",\"dateModified\":\"2024-08-29T09:28:51+00:00\",\"breadcrumb\":{\"@id\":\"https:\\\/\\\/iha-race.com\\\/pt-pt\\\/produto\\\/diatone-snt-y60-c3-direcao\\\/#breadcrumb\"},\"inLanguage\":\"pt-PT\",\"potentialAction\":[{\"@type\":\"ReadAction\",\"target\":[\"https:\\\/\\\/iha-race.com\\\/pt-pt\\\/produto\\\/diatone-snt-y60-c3-direcao\\\/\"]}]},{\"@type\":\"ImageObject\",\"inLanguage\":\"pt-PT\",\"@id\":\"https:\\\/\\\/iha-race.com\\\/pt-pt\\\/produto\\\/diatone-snt-y60-c3-direcao\\\/#primaryimage\",\"url\":\"https:\\\/\\\/iha-race.com\\\/wp-content\\\/uploads\\\/2023\\\/07\\\/Diatone-SNT-Y60-C3-direccion.webp\",\"contentUrl\":\"https:\\\/\\\/iha-race.com\\\/wp-content\\\/uploads\\\/2023\\\/07\\\/Diatone-SNT-Y60-C3-direccion.webp\",\"width\":700,\"height\":700},{\"@type\":\"BreadcrumbList\",\"@id\":\"https:\\\/\\\/iha-race.com\\\/pt-pt\\\/produto\\\/diatone-snt-y60-c3-direcao\\\/#breadcrumb\",\"itemListElement\":[{\"@type\":\"ListItem\",\"position\":1,\"name\":\"Portada\",\"item\":\"https:\\\/\\\/iha-race.com\\\/pt-pt\\\/elementor-499\\\/\"},{\"@type\":\"ListItem\",\"position\":2,\"name\":\"Shop\",\"item\":\"https:\\\/\\\/iha-race.com\\\/pt-pt\\\/shop\\\/\"},{\"@type\":\"ListItem\",\"position\":3,\"name\":\"Endere\u00e7o do Diatone SNT Y60-C3\"}]},{\"@type\":\"WebSite\",\"@id\":\"https:\\\/\\\/iha-race.com\\\/pt-pt\\\/#website\",\"url\":\"https:\\\/\\\/iha-race.com\\\/pt-pt\\\/\",\"name\":\"Iha Race\",\"description\":\"Comprar drones de carreras FPV env\u00edos en un d\u00eda desde Espa\u00f1a\",\"publisher\":{\"@id\":\"https:\\\/\\\/iha-race.com\\\/pt-pt\\\/#organization\"},\"potentialAction\":[{\"@type\":\"SearchAction\",\"target\":{\"@type\":\"EntryPoint\",\"urlTemplate\":\"https:\\\/\\\/iha-race.com\\\/pt-pt\\\/?s={search_term_string}\"},\"query-input\":{\"@type\":\"PropertyValueSpecification\",\"valueRequired\":true,\"valueName\":\"search_term_string\"}}],\"inLanguage\":\"pt-PT\"},{\"@type\":\"Organization\",\"@id\":\"https:\\\/\\\/iha-race.com\\\/pt-pt\\\/#organization\",\"name\":\"Iha Race\",\"url\":\"https:\\\/\\\/iha-race.com\\\/pt-pt\\\/\",\"logo\":{\"@type\":\"ImageObject\",\"inLanguage\":\"pt-PT\",\"@id\":\"https:\\\/\\\/iha-race.com\\\/pt-pt\\\/#\\\/schema\\\/logo\\\/image\\\/\",\"url\":\"https:\\\/\\\/iha-race.com\\\/wp-content\\\/uploads\\\/2018\\\/07\\\/iha-race-drones-de-carreras-tienda-comprar-drones.png\",\"contentUrl\":\"https:\\\/\\\/iha-race.com\\\/wp-content\\\/uploads\\\/2018\\\/07\\\/iha-race-drones-de-carreras-tienda-comprar-drones.png\",\"width\":300,\"height\":100,\"caption\":\"Iha Race\"},\"image\":{\"@id\":\"https:\\\/\\\/iha-race.com\\\/pt-pt\\\/#\\\/schema\\\/logo\\\/image\\\/\"}}]}<\/script>\n<!-- \/ Yoast SEO plugin. -->","yoast_head_json":{"title":"Endere\u00e7o do Diatone SNT Y60-C3 - Iha Race","robots":{"index":"index","follow":"follow","max-snippet":"max-snippet:-1","max-image-preview":"max-image-preview:large","max-video-preview":"max-video-preview:-1"},"canonical":"https:\/\/iha-race.com\/pt-pt\/produto\/diatone-snt-y60-c3-direcao\/","og_locale":"pt_PT","og_type":"article","og_title":"Endere\u00e7o do Diatone SNT Y60-C3 - Iha Race","og_description":"Endere\u00e7o do Diatone SNT Y60-C3 Compat\u00edvel com a s\u00e9rie C3: 3005\/3010 Dimens\u00f5es: 13,5X6,2 X 16 mm peso: 1,7 g Tens\u00e3o de entrada: 2,5 V ~ 4,8 V Par: 3,7 V:","og_url":"https:\/\/iha-race.com\/pt-pt\/produto\/diatone-snt-y60-c3-direcao\/","og_site_name":"Iha Race","article_modified_time":"2024-08-29T09:28:51+00:00","og_image":[{"width":700,"height":700,"url":"https:\/\/iha-race.com\/wp-content\/uploads\/2023\/07\/Diatone-SNT-Y60-C3-direccion.webp","type":"image\/webp"}],"twitter_card":"summary_large_image","schema":{"@context":"https:\/\/schema.org","@graph":[{"@type":"WebPage","@id":"https:\/\/iha-race.com\/pt-pt\/produto\/diatone-snt-y60-c3-direcao\/","url":"https:\/\/iha-race.com\/pt-pt\/produto\/diatone-snt-y60-c3-direcao\/","name":"Endere\u00e7o do Diatone SNT Y60-C3 - Iha Race","isPartOf":{"@id":"https:\/\/iha-race.com\/pt-pt\/#website"},"primaryImageOfPage":{"@id":"https:\/\/iha-race.com\/pt-pt\/produto\/diatone-snt-y60-c3-direcao\/#primaryimage"},"image":{"@id":"https:\/\/iha-race.com\/pt-pt\/produto\/diatone-snt-y60-c3-direcao\/#primaryimage"},"thumbnailUrl":"https:\/\/iha-race.com\/wp-content\/uploads\/2023\/07\/Diatone-SNT-Y60-C3-direccion.webp","datePublished":"2023-07-20T16:49:45+00:00","dateModified":"2024-08-29T09:28:51+00:00","breadcrumb":{"@id":"https:\/\/iha-race.com\/pt-pt\/produto\/diatone-snt-y60-c3-direcao\/#breadcrumb"},"inLanguage":"pt-PT","potentialAction":[{"@type":"ReadAction","target":["https:\/\/iha-race.com\/pt-pt\/produto\/diatone-snt-y60-c3-direcao\/"]}]},{"@type":"ImageObject","inLanguage":"pt-PT","@id":"https:\/\/iha-race.com\/pt-pt\/produto\/diatone-snt-y60-c3-direcao\/#primaryimage","url":"https:\/\/iha-race.com\/wp-content\/uploads\/2023\/07\/Diatone-SNT-Y60-C3-direccion.webp","contentUrl":"https:\/\/iha-race.com\/wp-content\/uploads\/2023\/07\/Diatone-SNT-Y60-C3-direccion.webp","width":700,"height":700},{"@type":"BreadcrumbList","@id":"https:\/\/iha-race.com\/pt-pt\/produto\/diatone-snt-y60-c3-direcao\/#breadcrumb","itemListElement":[{"@type":"ListItem","position":1,"name":"Portada","item":"https:\/\/iha-race.com\/pt-pt\/elementor-499\/"},{"@type":"ListItem","position":2,"name":"Shop","item":"https:\/\/iha-race.com\/pt-pt\/shop\/"},{"@type":"ListItem","position":3,"name":"Endere\u00e7o do Diatone SNT Y60-C3"}]},{"@type":"WebSite","@id":"https:\/\/iha-race.com\/pt-pt\/#website","url":"https:\/\/iha-race.com\/pt-pt\/","name":"Iha Race","description":"Comprar drones de carreras FPV env\u00edos en un d\u00eda desde Espa\u00f1a","publisher":{"@id":"https:\/\/iha-race.com\/pt-pt\/#organization"},"potentialAction":[{"@type":"SearchAction","target":{"@type":"EntryPoint","urlTemplate":"https:\/\/iha-race.com\/pt-pt\/?s={search_term_string}"},"query-input":{"@type":"PropertyValueSpecification","valueRequired":true,"valueName":"search_term_string"}}],"inLanguage":"pt-PT"},{"@type":"Organization","@id":"https:\/\/iha-race.com\/pt-pt\/#organization","name":"Iha Race","url":"https:\/\/iha-race.com\/pt-pt\/","logo":{"@type":"ImageObject","inLanguage":"pt-PT","@id":"https:\/\/iha-race.com\/pt-pt\/#\/schema\/logo\/image\/","url":"https:\/\/iha-race.com\/wp-content\/uploads\/2018\/07\/iha-race-drones-de-carreras-tienda-comprar-drones.png","contentUrl":"https:\/\/iha-race.com\/wp-content\/uploads\/2018\/07\/iha-race-drones-de-carreras-tienda-comprar-drones.png","width":300,"height":100,"caption":"Iha Race"},"image":{"@id":"https:\/\/iha-race.com\/pt-pt\/#\/schema\/logo\/image\/"}}]}},"brands":[],"_links":{"self":[{"href":"https:\/\/iha-race.com\/pt-pt\/wp-json\/wp\/v2\/product\/235040","targetHints":{"allow":["GET"]}}],"collection":[{"href":"https:\/\/iha-race.com\/pt-pt\/wp-json\/wp\/v2\/product"}],"about":[{"href":"https:\/\/iha-race.com\/pt-pt\/wp-json\/wp\/v2\/types\/product"}],"replies":[{"embeddable":true,"href":"https:\/\/iha-race.com\/pt-pt\/wp-json\/wp\/v2\/comments?post=235040"}],"version-history":[{"count":1,"href":"https:\/\/iha-race.com\/pt-pt\/wp-json\/wp\/v2\/product\/235040\/revisions"}],"predecessor-version":[{"id":235522,"href":"https:\/\/iha-race.com\/pt-pt\/wp-json\/wp\/v2\/product\/235040\/revisions\/235522"}],"wp:featuredmedia":[{"embeddable":true,"href":"https:\/\/iha-race.com\/pt-pt\/wp-json\/wp\/v2\/media\/235036"}],"wp:attachment":[{"href":"https:\/\/iha-race.com\/pt-pt\/wp-json\/wp\/v2\/media?parent=235040"}],"wp:term":[{"taxonomy":"pwb-brand","embeddable":true,"href":"https:\/\/iha-race.com\/pt-pt\/wp-json\/wp\/v2\/pwb-brand?post=235040"},{"taxonomy":"product_cat","embeddable":true,"href":"https:\/\/iha-race.com\/pt-pt\/wp-json\/wp\/v2\/product_cat?post=235040"},{"taxonomy":"product_tag","embeddable":true,"href":"https:\/\/iha-race.com\/pt-pt\/wp-json\/wp\/v2\/product_tag?post=235040"}],"curies":[{"name":"wp","href":"https:\/\/api.w.org\/{rel}","templated":true}]}}