{"id":234472,"date":"2023-07-11T18:30:47","date_gmt":"2023-07-11T16:30:47","guid":{"rendered":"https:\/\/iha-race.com\/producto\/bateria-tattu-r-line-4-0-1400-mah-130c-6s-xt60\/"},"modified":"2026-04-02T20:36:53","modified_gmt":"2026-04-02T18:36:53","slug":"bateria-tattu-r-line-4-0-1400-mah-130c-6s-xt60","status":"publish","type":"product","link":"https:\/\/iha-race.com\/pt-pt\/produto\/bateria-tattu-r-line-4-0-1400-mah-130c-6s-xt60\/","title":{"rendered":"Bateria Tattu R-Line Lipo 5.0 vers\u00e3o 1400mAh 22.2V 150C 6S XT60"},"content":{"rendered":"<h2>Bateria Tattu R-Line Lipo 5.0 vers\u00e3o 1400mAh 22.2V 150C 6S XT60<\/h2>\n<p>Tattu R-Line Vers\u00e3o 4.0 1400mAh 22.2V 130C 6S1P A bateria LiPo \u00e9 a vers\u00e3o actualizada da s\u00e9rie R-Line em 2021. Com mais for\u00e7a, menos resist\u00eancia interna e menos peso, a linha R V4 Tattu V4 ir\u00e1 definitivamente dominar todas as suas ra\u00e7as.<\/p>\n<p><strong>O que \u00e9 a R-Line?  <\/strong>  R-Line \u00e9 uma nova linha de produtos concebida especificamente para competi\u00e7\u00f5es profissionais de corridas de FPV. Esta \u00e9 a vers\u00e3o comercial das baterias Toppilot. \u00c9 tamb\u00e9m uma filial da marca Tattu. Tem maior capacidade, menor resist\u00eancia interna e temperaturas de aterragem mais baixas. S\u00e3o mais potentes do que qualquer bateria de grafeno. Geralmente, as baterias R-Line t\u00eam as mesmas especifica\u00e7\u00f5es que as nossas populares baterias Toppilot. Existem diferentes vers\u00f5es da R-Line para as necessidades das diferentes competi\u00e7\u00f5es de FPV.<\/p>\n<p><strong>Caracter\u00edsticas<\/strong>:<\/p>\n<ul>\n<li>Energia fi\u00e1vel e de alta qualidade<\/li>\n<li>A tecnologia est\u00e1vel de empilhamento autom\u00e1tico permite capacidades de c\u00e9lula \u00fanica de 1400 mAh<\/li>\n<li>Maior capacidade do que embalagens de tamanho compar\u00e1vel<\/li>\n<li>Taxa de C muito elevada. Concebido para corridas profissionais de FPV<\/li>\n<li>Sem efeito de mem\u00f3ria.<\/li>\n<\/ul>\n<p><strong>Especifica\u00e7\u00f5es:<\/strong><\/p>\n<ul>\n<li>Capacidade m\u00ednima: 1400 mAh<\/li>\n<li>Configura\u00e7\u00e3o: 6S1P \/ 22.2V \/ 6 C\u00e9lulas<\/li>\n<li>Taxa de descarga: 130C<\/li>\n<li>Peso l\u00edquido (\u00b1 10 g): 225 g<\/li>\n<li>Dimens\u00f5es: 78*39*42 mm (comprimento x largura x altura)<\/li>\n<li>Tomada de carregamento: JST-XHR<\/li>\n<li>Ficha de descarga: XT60<\/li>\n<\/ul>\n<h3>O pacote inclui<\/h3>\n<ul>\n<li>1 x Bateria Tattu R-Line 4.0 1400 mAh 130C 6S XT60<\/li>\n<\/ul>\n","protected":false},"excerpt":{"rendered":"<p>Bateria Tattu R-Line Lipo 5.0 vers\u00e3o 1400mAh 22.2V 150C 6S XT60 Tattu R-Line Vers\u00e3o 4.0 1400mAh 22.2V 130C 6S1P A bateria LiPo \u00e9 a vers\u00e3o actualizada da s\u00e9rie R-Line em<\/p>\n","protected":false},"featured_media":256829,"comment_status":"open","ping_status":"closed","template":"","meta":{"_joinchat":[]},"pwb-brand":[],"product_cat":[1062,1339],"product_tag":[],"class_list":{"0":"post-234472","1":"product","2":"type-product","3":"status-publish","4":"has-post-thumbnail","6":"product_cat-baterias-fpv","7":"product_cat-s6-pt-pt","9":"first","10":"instock","11":"taxable","12":"shipping-taxable","13":"purchasable","14":"product-type-simple"},"barcode":null,"atum_controlled":true,"out_stock_date":null,"out_stock_threshold":null,"inheritable":false,"stock_on_hold":0,"sold_today":0,"sales_last_days":0,"out_stock_days":0,"lost_sales":0,"update_date":"2026-04-18T09:49:17","atum_locations":[],"atum_stock_status":"instock","restock_status":false,"low_stock_amount":"","sales_update_date":"2026-04-18T09:49:17","calc_backorders":null,"yoast_head":"<!-- This site is optimized with the Yoast SEO plugin v27.3 - https:\/\/yoast.com\/product\/yoast-seo-wordpress\/ -->\n<title>Bateria Tattu R-Line Lipo 5.0 vers\u00e3o 1400mAh 22.2V 150C 6S XT60 - Iha Race<\/title>\n<meta name=\"robots\" content=\"index, follow, max-snippet:-1, max-image-preview:large, max-video-preview:-1\" \/>\n<link rel=\"canonical\" href=\"https:\/\/iha-race.com\/pt-pt\/produto\/bateria-tattu-r-line-4-0-1400-mah-130c-6s-xt60\/\" \/>\n<meta property=\"og:locale\" content=\"pt_PT\" \/>\n<meta property=\"og:type\" content=\"article\" \/>\n<meta property=\"og:title\" content=\"Bateria Tattu R-Line Lipo 5.0 vers\u00e3o 1400mAh 22.2V 150C 6S XT60 - Iha Race\" \/>\n<meta property=\"og:description\" content=\"Bateria Tattu R-Line Lipo 5.0 vers\u00e3o 1400mAh 22.2V 150C 6S XT60 Tattu R-Line Vers\u00e3o 4.0 1400mAh 22.2V 130C 6S1P A bateria LiPo \u00e9 a vers\u00e3o actualizada da s\u00e9rie R-Line em\" \/>\n<meta property=\"og:url\" content=\"https:\/\/iha-race.com\/pt-pt\/produto\/bateria-tattu-r-line-4-0-1400-mah-130c-6s-xt60\/\" \/>\n<meta property=\"og:site_name\" content=\"Iha Race\" \/>\n<meta property=\"article:modified_time\" content=\"2026-04-02T18:36:53+00:00\" \/>\n<meta property=\"og:image\" content=\"https:\/\/iha-race.com\/wp-content\/uploads\/2023\/07\/Bateria-Lipo-Tattu-R-Line-version-5.0-1400mAh-22.2V-150C-6S-XT60.webp\" \/>\n\t<meta property=\"og:image:width\" content=\"1517\" \/>\n\t<meta property=\"og:image:height\" content=\"1517\" \/>\n\t<meta property=\"og:image:type\" content=\"image\/webp\" \/>\n<meta name=\"twitter:card\" content=\"summary_large_image\" \/>\n<meta name=\"twitter:label1\" content=\"Tempo estimado de leitura\" \/>\n\t<meta name=\"twitter:data1\" content=\"1 minuto\" \/>\n<script type=\"application\/ld+json\" class=\"yoast-schema-graph\">{\"@context\":\"https:\\\/\\\/schema.org\",\"@graph\":[{\"@type\":\"WebPage\",\"@id\":\"https:\\\/\\\/iha-race.com\\\/pt-pt\\\/produto\\\/bateria-tattu-r-line-4-0-1400-mah-130c-6s-xt60\\\/\",\"url\":\"https:\\\/\\\/iha-race.com\\\/pt-pt\\\/produto\\\/bateria-tattu-r-line-4-0-1400-mah-130c-6s-xt60\\\/\",\"name\":\"Bateria Tattu R-Line Lipo 5.0 vers\u00e3o 1400mAh 22.2V 150C 6S XT60 - Iha Race\",\"isPartOf\":{\"@id\":\"https:\\\/\\\/iha-race.com\\\/pt-pt\\\/#website\"},\"primaryImageOfPage\":{\"@id\":\"https:\\\/\\\/iha-race.com\\\/pt-pt\\\/produto\\\/bateria-tattu-r-line-4-0-1400-mah-130c-6s-xt60\\\/#primaryimage\"},\"image\":{\"@id\":\"https:\\\/\\\/iha-race.com\\\/pt-pt\\\/produto\\\/bateria-tattu-r-line-4-0-1400-mah-130c-6s-xt60\\\/#primaryimage\"},\"thumbnailUrl\":\"https:\\\/\\\/iha-race.com\\\/wp-content\\\/uploads\\\/2023\\\/07\\\/Tattu_R-Line_Version_5.0_1480mAh_22.2V_150C_6S_Lipo_Battery_Pack_with_XT60_Plug_for_fpv_drone.webp\",\"datePublished\":\"2023-07-11T16:30:47+00:00\",\"dateModified\":\"2026-04-02T18:36:53+00:00\",\"breadcrumb\":{\"@id\":\"https:\\\/\\\/iha-race.com\\\/pt-pt\\\/produto\\\/bateria-tattu-r-line-4-0-1400-mah-130c-6s-xt60\\\/#breadcrumb\"},\"inLanguage\":\"pt-PT\",\"potentialAction\":[{\"@type\":\"ReadAction\",\"target\":[\"https:\\\/\\\/iha-race.com\\\/pt-pt\\\/produto\\\/bateria-tattu-r-line-4-0-1400-mah-130c-6s-xt60\\\/\"]}]},{\"@type\":\"ImageObject\",\"inLanguage\":\"pt-PT\",\"@id\":\"https:\\\/\\\/iha-race.com\\\/pt-pt\\\/produto\\\/bateria-tattu-r-line-4-0-1400-mah-130c-6s-xt60\\\/#primaryimage\",\"url\":\"https:\\\/\\\/iha-race.com\\\/wp-content\\\/uploads\\\/2023\\\/07\\\/Tattu_R-Line_Version_5.0_1480mAh_22.2V_150C_6S_Lipo_Battery_Pack_with_XT60_Plug_for_fpv_drone.webp\",\"contentUrl\":\"https:\\\/\\\/iha-race.com\\\/wp-content\\\/uploads\\\/2023\\\/07\\\/Tattu_R-Line_Version_5.0_1480mAh_22.2V_150C_6S_Lipo_Battery_Pack_with_XT60_Plug_for_fpv_drone.webp\",\"width\":900,\"height\":900,\"caption\":\"Comprar Bater\u00eda Tattu R-Line versi\u00f3n 5.0 de 1480 mAh, 22,2 V, 150 C y 6S Lipo con conector XT60\"},{\"@type\":\"BreadcrumbList\",\"@id\":\"https:\\\/\\\/iha-race.com\\\/pt-pt\\\/produto\\\/bateria-tattu-r-line-4-0-1400-mah-130c-6s-xt60\\\/#breadcrumb\",\"itemListElement\":[{\"@type\":\"ListItem\",\"position\":1,\"name\":\"Portada\",\"item\":\"https:\\\/\\\/iha-race.com\\\/pt-pt\\\/elementor-499\\\/\"},{\"@type\":\"ListItem\",\"position\":2,\"name\":\"Shop\",\"item\":\"https:\\\/\\\/iha-race.com\\\/pt-pt\\\/shop\\\/\"},{\"@type\":\"ListItem\",\"position\":3,\"name\":\"Bateria Tattu R-Line Lipo 5.0 vers\u00e3o 1400mAh 22.2V 150C 6S XT60\"}]},{\"@type\":\"WebSite\",\"@id\":\"https:\\\/\\\/iha-race.com\\\/pt-pt\\\/#website\",\"url\":\"https:\\\/\\\/iha-race.com\\\/pt-pt\\\/\",\"name\":\"Iha Race\",\"description\":\"Comprar drones de carreras FPV env\u00edos en un d\u00eda desde Espa\u00f1a\",\"publisher\":{\"@id\":\"https:\\\/\\\/iha-race.com\\\/pt-pt\\\/#organization\"},\"potentialAction\":[{\"@type\":\"SearchAction\",\"target\":{\"@type\":\"EntryPoint\",\"urlTemplate\":\"https:\\\/\\\/iha-race.com\\\/pt-pt\\\/?s={search_term_string}\"},\"query-input\":{\"@type\":\"PropertyValueSpecification\",\"valueRequired\":true,\"valueName\":\"search_term_string\"}}],\"inLanguage\":\"pt-PT\"},{\"@type\":\"Organization\",\"@id\":\"https:\\\/\\\/iha-race.com\\\/pt-pt\\\/#organization\",\"name\":\"Iha Race\",\"url\":\"https:\\\/\\\/iha-race.com\\\/pt-pt\\\/\",\"logo\":{\"@type\":\"ImageObject\",\"inLanguage\":\"pt-PT\",\"@id\":\"https:\\\/\\\/iha-race.com\\\/pt-pt\\\/#\\\/schema\\\/logo\\\/image\\\/\",\"url\":\"https:\\\/\\\/iha-race.com\\\/wp-content\\\/uploads\\\/2018\\\/07\\\/iha-race-drones-de-carreras-tienda-comprar-drones.png\",\"contentUrl\":\"https:\\\/\\\/iha-race.com\\\/wp-content\\\/uploads\\\/2018\\\/07\\\/iha-race-drones-de-carreras-tienda-comprar-drones.png\",\"width\":300,\"height\":100,\"caption\":\"Iha Race\"},\"image\":{\"@id\":\"https:\\\/\\\/iha-race.com\\\/pt-pt\\\/#\\\/schema\\\/logo\\\/image\\\/\"}}]}<\/script>\n<!-- \/ Yoast SEO plugin. -->","yoast_head_json":{"title":"Bateria Tattu R-Line Lipo 5.0 vers\u00e3o 1400mAh 22.2V 150C 6S XT60 - Iha Race","robots":{"index":"index","follow":"follow","max-snippet":"max-snippet:-1","max-image-preview":"max-image-preview:large","max-video-preview":"max-video-preview:-1"},"canonical":"https:\/\/iha-race.com\/pt-pt\/produto\/bateria-tattu-r-line-4-0-1400-mah-130c-6s-xt60\/","og_locale":"pt_PT","og_type":"article","og_title":"Bateria Tattu R-Line Lipo 5.0 vers\u00e3o 1400mAh 22.2V 150C 6S XT60 - Iha Race","og_description":"Bateria Tattu R-Line Lipo 5.0 vers\u00e3o 1400mAh 22.2V 150C 6S XT60 Tattu R-Line Vers\u00e3o 4.0 1400mAh 22.2V 130C 6S1P A bateria LiPo \u00e9 a vers\u00e3o actualizada da s\u00e9rie R-Line em","og_url":"https:\/\/iha-race.com\/pt-pt\/produto\/bateria-tattu-r-line-4-0-1400-mah-130c-6s-xt60\/","og_site_name":"Iha Race","article_modified_time":"2026-04-02T18:36:53+00:00","og_image":[{"width":1517,"height":1517,"url":"https:\/\/iha-race.com\/wp-content\/uploads\/2023\/07\/Bateria-Lipo-Tattu-R-Line-version-5.0-1400mAh-22.2V-150C-6S-XT60.webp","type":"image\/webp"}],"twitter_card":"summary_large_image","twitter_misc":{"Tempo estimado de leitura":"1 minuto"},"schema":{"@context":"https:\/\/schema.org","@graph":[{"@type":"WebPage","@id":"https:\/\/iha-race.com\/pt-pt\/produto\/bateria-tattu-r-line-4-0-1400-mah-130c-6s-xt60\/","url":"https:\/\/iha-race.com\/pt-pt\/produto\/bateria-tattu-r-line-4-0-1400-mah-130c-6s-xt60\/","name":"Bateria Tattu R-Line Lipo 5.0 vers\u00e3o 1400mAh 22.2V 150C 6S XT60 - Iha Race","isPartOf":{"@id":"https:\/\/iha-race.com\/pt-pt\/#website"},"primaryImageOfPage":{"@id":"https:\/\/iha-race.com\/pt-pt\/produto\/bateria-tattu-r-line-4-0-1400-mah-130c-6s-xt60\/#primaryimage"},"image":{"@id":"https:\/\/iha-race.com\/pt-pt\/produto\/bateria-tattu-r-line-4-0-1400-mah-130c-6s-xt60\/#primaryimage"},"thumbnailUrl":"https:\/\/iha-race.com\/wp-content\/uploads\/2023\/07\/Tattu_R-Line_Version_5.0_1480mAh_22.2V_150C_6S_Lipo_Battery_Pack_with_XT60_Plug_for_fpv_drone.webp","datePublished":"2023-07-11T16:30:47+00:00","dateModified":"2026-04-02T18:36:53+00:00","breadcrumb":{"@id":"https:\/\/iha-race.com\/pt-pt\/produto\/bateria-tattu-r-line-4-0-1400-mah-130c-6s-xt60\/#breadcrumb"},"inLanguage":"pt-PT","potentialAction":[{"@type":"ReadAction","target":["https:\/\/iha-race.com\/pt-pt\/produto\/bateria-tattu-r-line-4-0-1400-mah-130c-6s-xt60\/"]}]},{"@type":"ImageObject","inLanguage":"pt-PT","@id":"https:\/\/iha-race.com\/pt-pt\/produto\/bateria-tattu-r-line-4-0-1400-mah-130c-6s-xt60\/#primaryimage","url":"https:\/\/iha-race.com\/wp-content\/uploads\/2023\/07\/Tattu_R-Line_Version_5.0_1480mAh_22.2V_150C_6S_Lipo_Battery_Pack_with_XT60_Plug_for_fpv_drone.webp","contentUrl":"https:\/\/iha-race.com\/wp-content\/uploads\/2023\/07\/Tattu_R-Line_Version_5.0_1480mAh_22.2V_150C_6S_Lipo_Battery_Pack_with_XT60_Plug_for_fpv_drone.webp","width":900,"height":900,"caption":"Comprar Bater\u00eda Tattu R-Line versi\u00f3n 5.0 de 1480 mAh, 22,2 V, 150 C y 6S Lipo con conector XT60"},{"@type":"BreadcrumbList","@id":"https:\/\/iha-race.com\/pt-pt\/produto\/bateria-tattu-r-line-4-0-1400-mah-130c-6s-xt60\/#breadcrumb","itemListElement":[{"@type":"ListItem","position":1,"name":"Portada","item":"https:\/\/iha-race.com\/pt-pt\/elementor-499\/"},{"@type":"ListItem","position":2,"name":"Shop","item":"https:\/\/iha-race.com\/pt-pt\/shop\/"},{"@type":"ListItem","position":3,"name":"Bateria Tattu R-Line Lipo 5.0 vers\u00e3o 1400mAh 22.2V 150C 6S XT60"}]},{"@type":"WebSite","@id":"https:\/\/iha-race.com\/pt-pt\/#website","url":"https:\/\/iha-race.com\/pt-pt\/","name":"Iha Race","description":"Comprar drones de carreras FPV env\u00edos en un d\u00eda desde Espa\u00f1a","publisher":{"@id":"https:\/\/iha-race.com\/pt-pt\/#organization"},"potentialAction":[{"@type":"SearchAction","target":{"@type":"EntryPoint","urlTemplate":"https:\/\/iha-race.com\/pt-pt\/?s={search_term_string}"},"query-input":{"@type":"PropertyValueSpecification","valueRequired":true,"valueName":"search_term_string"}}],"inLanguage":"pt-PT"},{"@type":"Organization","@id":"https:\/\/iha-race.com\/pt-pt\/#organization","name":"Iha Race","url":"https:\/\/iha-race.com\/pt-pt\/","logo":{"@type":"ImageObject","inLanguage":"pt-PT","@id":"https:\/\/iha-race.com\/pt-pt\/#\/schema\/logo\/image\/","url":"https:\/\/iha-race.com\/wp-content\/uploads\/2018\/07\/iha-race-drones-de-carreras-tienda-comprar-drones.png","contentUrl":"https:\/\/iha-race.com\/wp-content\/uploads\/2018\/07\/iha-race-drones-de-carreras-tienda-comprar-drones.png","width":300,"height":100,"caption":"Iha Race"},"image":{"@id":"https:\/\/iha-race.com\/pt-pt\/#\/schema\/logo\/image\/"}}]}},"brands":[],"_links":{"self":[{"href":"https:\/\/iha-race.com\/pt-pt\/wp-json\/wp\/v2\/product\/234472","targetHints":{"allow":["GET"]}}],"collection":[{"href":"https:\/\/iha-race.com\/pt-pt\/wp-json\/wp\/v2\/product"}],"about":[{"href":"https:\/\/iha-race.com\/pt-pt\/wp-json\/wp\/v2\/types\/product"}],"replies":[{"embeddable":true,"href":"https:\/\/iha-race.com\/pt-pt\/wp-json\/wp\/v2\/comments?post=234472"}],"version-history":[{"count":3,"href":"https:\/\/iha-race.com\/pt-pt\/wp-json\/wp\/v2\/product\/234472\/revisions"}],"predecessor-version":[{"id":253323,"href":"https:\/\/iha-race.com\/pt-pt\/wp-json\/wp\/v2\/product\/234472\/revisions\/253323"}],"wp:featuredmedia":[{"embeddable":true,"href":"https:\/\/iha-race.com\/pt-pt\/wp-json\/wp\/v2\/media\/256829"}],"wp:attachment":[{"href":"https:\/\/iha-race.com\/pt-pt\/wp-json\/wp\/v2\/media?parent=234472"}],"wp:term":[{"taxonomy":"pwb-brand","embeddable":true,"href":"https:\/\/iha-race.com\/pt-pt\/wp-json\/wp\/v2\/pwb-brand?post=234472"},{"taxonomy":"product_cat","embeddable":true,"href":"https:\/\/iha-race.com\/pt-pt\/wp-json\/wp\/v2\/product_cat?post=234472"},{"taxonomy":"product_tag","embeddable":true,"href":"https:\/\/iha-race.com\/pt-pt\/wp-json\/wp\/v2\/product_tag?post=234472"}],"curies":[{"name":"wp","href":"https:\/\/api.w.org\/{rel}","templated":true}]}}