{"id":230887,"date":"2023-03-23T17:18:31","date_gmt":"2023-03-23T16:18:31","guid":{"rendered":"https:\/\/iha-race.com\/producto\/motor-iflight-defender-25-1404-41500kv-cw-ccw\/"},"modified":"2024-08-29T11:22:42","modified_gmt":"2024-08-29T09:22:42","slug":"motor-iflight-defender-25-1404-41500kv-cw-ccw","status":"publish","type":"product","link":"https:\/\/iha-race.com\/pt-pt\/produto\/motor-iflight-defender-25-1404-41500kv-cw-ccw\/","title":{"rendered":"Motor iFlight Defender 25 1404 41500Kv (CW\/CCW)"},"content":{"rendered":"<h2>Motor iFlight Defender 25 1404 41500Kv (CW\/CCW)<\/h2>\n<div class=\"temp-specs-tr\">\n<h3 class=\"temp-specs-td name\">Descri\u00e7\u00e3o<\/h3>\n<div class=\"temp-specs-td value\">  O novo Defender 25 Motor concebido para uma constru\u00e7\u00e3o ultra-leve, o micro drone que est\u00e1 a mudar o FPV atual. O Defender 25 constr\u00f3i menos de 250 gramas como estes tornaram-se muito melhores desde que obtivemos a pr\u00f3xima gera\u00e7\u00e3o do estilo whoop tudo-em-um (AIO) com o novo quadro Iflight Defender 25 que pode construir o micro drone ultra-leve.  <\/div>\n<\/div>\n<div class=\"temp-specs-tr\">\n<h3 class=\"temp-specs-td name\">Especifica\u00e7\u00f5es<\/h3>\n<div class=\"temp-specs-td value\">\n<ul>\n<li>Modelo: Defender 25 Motor<\/li>\n<li>KV: 4150kV<\/li>\n<li>Peso (incluindo o cabo): 8g\u00b10,5g<\/li>\n<li>Dimens\u00e3o: \u03c617.7*12.5mm<\/li>\n<li>Resist\u00eancia da interface: 0,188\u03a9<\/li>\n<li>Volts de entrada: 4S<\/li>\n<li>Corrente m\u00e1xima: 12,03A<\/li>\n<li>Pot\u00eancia m\u00e1xima: 200,8W<\/li>\n<li>Furos de montagem: 3 x 9*9 \u03c62 mm <b><span style=\"color: #ff0000;\">(3 furos de montagem)<\/span><\/b><\/li>\n<li>Caracter\u00edsticas do rotor: camp\u00e2nula segmentada<\/li>\n<li>Di\u00e2metro do eixo: 1,5 mm<\/li>\n<li>Comprimento saliente do veio: 1,8 mm \u00b1 0,2 mm<\/li>\n<li>Cabo: 65 mm\/26 AWG<\/li>\n<li>Im\u00e3: Curva N52H<\/li>\n<li>Configura\u00e7\u00e3o: 9N12P<\/li>\n<li>Tipo de rolamento: NMB<\/li>\n<li>Especifica\u00e7\u00e3o da chumaceira: \u03c65*\u03c62*2,5<\/li>\n<li>Bobinagem: bobinagem de cobre de fio simples<\/li>\n<\/ul>\n<\/div>\n<\/div>\n<div class=\"temp-specs-tr\">\n<h3 class=\"temp-specs-td name\">O pacote inclui<\/h3>\n<div class=\"temp-specs-td value\">\n<ul>\n<li>1 x motor Defender 25 1404.<\/li>\n<li>4 x parafusos de montagem M2x5<\/li>\n<\/ul>\n<\/div>\n<\/div>\n","protected":false},"excerpt":{"rendered":"<p>Motor iFlight Defender 25 1404 41500Kv (CW\/CCW) Descri\u00e7\u00e3o O novo Defender 25 Motor concebido para uma constru\u00e7\u00e3o ultra-leve, o micro drone que est\u00e1 a mudar o FPV atual. O Defender<\/p>\n","protected":false},"featured_media":227108,"comment_status":"open","ping_status":"closed","template":"","meta":{"_joinchat":[]},"pwb-brand":[],"product_cat":[1289,2480],"product_tag":[],"class_list":{"0":"post-230887","1":"product","2":"type-product","3":"status-publish","4":"has-post-thumbnail","6":"product_cat-motores-fpv","7":"product_cat-sem-eixo-sem-escovas","9":"first","10":"instock","11":"taxable","12":"shipping-taxable","13":"purchasable","14":"product-type-variable"},"barcode":null,"atum_controlled":true,"out_stock_date":null,"out_stock_threshold":null,"inheritable":true,"stock_on_hold":0,"sold_today":4,"sales_last_days":4,"out_stock_days":null,"lost_sales":0,"update_date":"2026-04-16T08:17:36","atum_locations":[],"atum_stock_status":"instock","restock_status":false,"low_stock_amount":"","sales_update_date":"2026-04-16T08:17:36","calc_backorders":null,"yoast_head":"<!-- This site is optimized with the Yoast SEO plugin v27.3 - https:\/\/yoast.com\/product\/yoast-seo-wordpress\/ -->\n<title>Motor iFlight Defender 25 1404 41500Kv (CW\/CCW) - Iha Race<\/title>\n<meta name=\"robots\" content=\"index, follow, max-snippet:-1, max-image-preview:large, max-video-preview:-1\" \/>\n<link rel=\"canonical\" href=\"https:\/\/iha-race.com\/pt-pt\/produto\/motor-iflight-defender-25-1404-41500kv-cw-ccw\/\" \/>\n<meta property=\"og:locale\" content=\"pt_PT\" \/>\n<meta property=\"og:type\" content=\"article\" \/>\n<meta property=\"og:title\" content=\"Motor iFlight Defender 25 1404 41500Kv (CW\/CCW) - Iha Race\" \/>\n<meta property=\"og:description\" content=\"Motor iFlight Defender 25 1404 41500Kv (CW\/CCW) Descri\u00e7\u00e3o O novo Defender 25 Motor concebido para uma constru\u00e7\u00e3o ultra-leve, o micro drone que est\u00e1 a mudar o FPV atual. O Defender\" \/>\n<meta property=\"og:url\" content=\"https:\/\/iha-race.com\/pt-pt\/produto\/motor-iflight-defender-25-1404-41500kv-cw-ccw\/\" \/>\n<meta property=\"og:site_name\" content=\"Iha Race\" \/>\n<meta property=\"article:modified_time\" content=\"2024-08-29T09:22:42+00:00\" \/>\n<meta property=\"og:image\" content=\"https:\/\/iha-race.com\/wp-content\/uploads\/2023\/03\/Motor-iFlight-Defender-25-1404-CWCCW-41500Kv.png\" \/>\n\t<meta property=\"og:image:width\" content=\"1000\" \/>\n\t<meta property=\"og:image:height\" content=\"1000\" \/>\n\t<meta property=\"og:image:type\" content=\"image\/png\" \/>\n<meta name=\"twitter:card\" content=\"summary_large_image\" \/>\n<meta name=\"twitter:label1\" content=\"Tempo estimado de leitura\" \/>\n\t<meta name=\"twitter:data1\" content=\"1 minuto\" \/>\n<script type=\"application\/ld+json\" class=\"yoast-schema-graph\">{\"@context\":\"https:\\\/\\\/schema.org\",\"@graph\":[{\"@type\":\"WebPage\",\"@id\":\"https:\\\/\\\/iha-race.com\\\/pt-pt\\\/produto\\\/motor-iflight-defender-25-1404-41500kv-cw-ccw\\\/\",\"url\":\"https:\\\/\\\/iha-race.com\\\/pt-pt\\\/produto\\\/motor-iflight-defender-25-1404-41500kv-cw-ccw\\\/\",\"name\":\"Motor iFlight Defender 25 1404 41500Kv (CW\\\/CCW) - Iha Race\",\"isPartOf\":{\"@id\":\"https:\\\/\\\/iha-race.com\\\/pt-pt\\\/#website\"},\"primaryImageOfPage\":{\"@id\":\"https:\\\/\\\/iha-race.com\\\/pt-pt\\\/produto\\\/motor-iflight-defender-25-1404-41500kv-cw-ccw\\\/#primaryimage\"},\"image\":{\"@id\":\"https:\\\/\\\/iha-race.com\\\/pt-pt\\\/produto\\\/motor-iflight-defender-25-1404-41500kv-cw-ccw\\\/#primaryimage\"},\"thumbnailUrl\":\"https:\\\/\\\/iha-race.com\\\/wp-content\\\/uploads\\\/2023\\\/03\\\/Motor-iFlight-Defender-25-1404-CWCCW-41500Kv.png\",\"datePublished\":\"2023-03-23T16:18:31+00:00\",\"dateModified\":\"2024-08-29T09:22:42+00:00\",\"breadcrumb\":{\"@id\":\"https:\\\/\\\/iha-race.com\\\/pt-pt\\\/produto\\\/motor-iflight-defender-25-1404-41500kv-cw-ccw\\\/#breadcrumb\"},\"inLanguage\":\"pt-PT\",\"potentialAction\":[{\"@type\":\"ReadAction\",\"target\":[\"https:\\\/\\\/iha-race.com\\\/pt-pt\\\/produto\\\/motor-iflight-defender-25-1404-41500kv-cw-ccw\\\/\"]}]},{\"@type\":\"ImageObject\",\"inLanguage\":\"pt-PT\",\"@id\":\"https:\\\/\\\/iha-race.com\\\/pt-pt\\\/produto\\\/motor-iflight-defender-25-1404-41500kv-cw-ccw\\\/#primaryimage\",\"url\":\"https:\\\/\\\/iha-race.com\\\/wp-content\\\/uploads\\\/2023\\\/03\\\/Motor-iFlight-Defender-25-1404-CWCCW-41500Kv.png\",\"contentUrl\":\"https:\\\/\\\/iha-race.com\\\/wp-content\\\/uploads\\\/2023\\\/03\\\/Motor-iFlight-Defender-25-1404-CWCCW-41500Kv.png\",\"width\":1000,\"height\":1000,\"caption\":\"Comprar Motor iFlight Defender 25 1404 CW\\\/CCW 41500Kv\"},{\"@type\":\"BreadcrumbList\",\"@id\":\"https:\\\/\\\/iha-race.com\\\/pt-pt\\\/produto\\\/motor-iflight-defender-25-1404-41500kv-cw-ccw\\\/#breadcrumb\",\"itemListElement\":[{\"@type\":\"ListItem\",\"position\":1,\"name\":\"Portada\",\"item\":\"https:\\\/\\\/iha-race.com\\\/pt-pt\\\/elementor-499\\\/\"},{\"@type\":\"ListItem\",\"position\":2,\"name\":\"Shop\",\"item\":\"https:\\\/\\\/iha-race.com\\\/pt-pt\\\/shop\\\/\"},{\"@type\":\"ListItem\",\"position\":3,\"name\":\"Motor iFlight Defender 25 1404 41500Kv (CW\\\/CCW)\"}]},{\"@type\":\"WebSite\",\"@id\":\"https:\\\/\\\/iha-race.com\\\/pt-pt\\\/#website\",\"url\":\"https:\\\/\\\/iha-race.com\\\/pt-pt\\\/\",\"name\":\"Iha Race\",\"description\":\"Comprar drones de carreras FPV env\u00edos en un d\u00eda desde Espa\u00f1a\",\"publisher\":{\"@id\":\"https:\\\/\\\/iha-race.com\\\/pt-pt\\\/#organization\"},\"potentialAction\":[{\"@type\":\"SearchAction\",\"target\":{\"@type\":\"EntryPoint\",\"urlTemplate\":\"https:\\\/\\\/iha-race.com\\\/pt-pt\\\/?s={search_term_string}\"},\"query-input\":{\"@type\":\"PropertyValueSpecification\",\"valueRequired\":true,\"valueName\":\"search_term_string\"}}],\"inLanguage\":\"pt-PT\"},{\"@type\":\"Organization\",\"@id\":\"https:\\\/\\\/iha-race.com\\\/pt-pt\\\/#organization\",\"name\":\"Iha Race\",\"url\":\"https:\\\/\\\/iha-race.com\\\/pt-pt\\\/\",\"logo\":{\"@type\":\"ImageObject\",\"inLanguage\":\"pt-PT\",\"@id\":\"https:\\\/\\\/iha-race.com\\\/pt-pt\\\/#\\\/schema\\\/logo\\\/image\\\/\",\"url\":\"https:\\\/\\\/iha-race.com\\\/wp-content\\\/uploads\\\/2018\\\/07\\\/iha-race-drones-de-carreras-tienda-comprar-drones.png\",\"contentUrl\":\"https:\\\/\\\/iha-race.com\\\/wp-content\\\/uploads\\\/2018\\\/07\\\/iha-race-drones-de-carreras-tienda-comprar-drones.png\",\"width\":300,\"height\":100,\"caption\":\"Iha Race\"},\"image\":{\"@id\":\"https:\\\/\\\/iha-race.com\\\/pt-pt\\\/#\\\/schema\\\/logo\\\/image\\\/\"}}]}<\/script>\n<!-- \/ Yoast SEO plugin. -->","yoast_head_json":{"title":"Motor iFlight Defender 25 1404 41500Kv (CW\/CCW) - Iha Race","robots":{"index":"index","follow":"follow","max-snippet":"max-snippet:-1","max-image-preview":"max-image-preview:large","max-video-preview":"max-video-preview:-1"},"canonical":"https:\/\/iha-race.com\/pt-pt\/produto\/motor-iflight-defender-25-1404-41500kv-cw-ccw\/","og_locale":"pt_PT","og_type":"article","og_title":"Motor iFlight Defender 25 1404 41500Kv (CW\/CCW) - Iha Race","og_description":"Motor iFlight Defender 25 1404 41500Kv (CW\/CCW) Descri\u00e7\u00e3o O novo Defender 25 Motor concebido para uma constru\u00e7\u00e3o ultra-leve, o micro drone que est\u00e1 a mudar o FPV atual. O Defender","og_url":"https:\/\/iha-race.com\/pt-pt\/produto\/motor-iflight-defender-25-1404-41500kv-cw-ccw\/","og_site_name":"Iha Race","article_modified_time":"2024-08-29T09:22:42+00:00","og_image":[{"width":1000,"height":1000,"url":"https:\/\/iha-race.com\/wp-content\/uploads\/2023\/03\/Motor-iFlight-Defender-25-1404-CWCCW-41500Kv.png","type":"image\/png"}],"twitter_card":"summary_large_image","twitter_misc":{"Tempo estimado de leitura":"1 minuto"},"schema":{"@context":"https:\/\/schema.org","@graph":[{"@type":"WebPage","@id":"https:\/\/iha-race.com\/pt-pt\/produto\/motor-iflight-defender-25-1404-41500kv-cw-ccw\/","url":"https:\/\/iha-race.com\/pt-pt\/produto\/motor-iflight-defender-25-1404-41500kv-cw-ccw\/","name":"Motor iFlight Defender 25 1404 41500Kv (CW\/CCW) - Iha Race","isPartOf":{"@id":"https:\/\/iha-race.com\/pt-pt\/#website"},"primaryImageOfPage":{"@id":"https:\/\/iha-race.com\/pt-pt\/produto\/motor-iflight-defender-25-1404-41500kv-cw-ccw\/#primaryimage"},"image":{"@id":"https:\/\/iha-race.com\/pt-pt\/produto\/motor-iflight-defender-25-1404-41500kv-cw-ccw\/#primaryimage"},"thumbnailUrl":"https:\/\/iha-race.com\/wp-content\/uploads\/2023\/03\/Motor-iFlight-Defender-25-1404-CWCCW-41500Kv.png","datePublished":"2023-03-23T16:18:31+00:00","dateModified":"2024-08-29T09:22:42+00:00","breadcrumb":{"@id":"https:\/\/iha-race.com\/pt-pt\/produto\/motor-iflight-defender-25-1404-41500kv-cw-ccw\/#breadcrumb"},"inLanguage":"pt-PT","potentialAction":[{"@type":"ReadAction","target":["https:\/\/iha-race.com\/pt-pt\/produto\/motor-iflight-defender-25-1404-41500kv-cw-ccw\/"]}]},{"@type":"ImageObject","inLanguage":"pt-PT","@id":"https:\/\/iha-race.com\/pt-pt\/produto\/motor-iflight-defender-25-1404-41500kv-cw-ccw\/#primaryimage","url":"https:\/\/iha-race.com\/wp-content\/uploads\/2023\/03\/Motor-iFlight-Defender-25-1404-CWCCW-41500Kv.png","contentUrl":"https:\/\/iha-race.com\/wp-content\/uploads\/2023\/03\/Motor-iFlight-Defender-25-1404-CWCCW-41500Kv.png","width":1000,"height":1000,"caption":"Comprar Motor iFlight Defender 25 1404 CW\/CCW 41500Kv"},{"@type":"BreadcrumbList","@id":"https:\/\/iha-race.com\/pt-pt\/produto\/motor-iflight-defender-25-1404-41500kv-cw-ccw\/#breadcrumb","itemListElement":[{"@type":"ListItem","position":1,"name":"Portada","item":"https:\/\/iha-race.com\/pt-pt\/elementor-499\/"},{"@type":"ListItem","position":2,"name":"Shop","item":"https:\/\/iha-race.com\/pt-pt\/shop\/"},{"@type":"ListItem","position":3,"name":"Motor iFlight Defender 25 1404 41500Kv (CW\/CCW)"}]},{"@type":"WebSite","@id":"https:\/\/iha-race.com\/pt-pt\/#website","url":"https:\/\/iha-race.com\/pt-pt\/","name":"Iha Race","description":"Comprar drones de carreras FPV env\u00edos en un d\u00eda desde Espa\u00f1a","publisher":{"@id":"https:\/\/iha-race.com\/pt-pt\/#organization"},"potentialAction":[{"@type":"SearchAction","target":{"@type":"EntryPoint","urlTemplate":"https:\/\/iha-race.com\/pt-pt\/?s={search_term_string}"},"query-input":{"@type":"PropertyValueSpecification","valueRequired":true,"valueName":"search_term_string"}}],"inLanguage":"pt-PT"},{"@type":"Organization","@id":"https:\/\/iha-race.com\/pt-pt\/#organization","name":"Iha Race","url":"https:\/\/iha-race.com\/pt-pt\/","logo":{"@type":"ImageObject","inLanguage":"pt-PT","@id":"https:\/\/iha-race.com\/pt-pt\/#\/schema\/logo\/image\/","url":"https:\/\/iha-race.com\/wp-content\/uploads\/2018\/07\/iha-race-drones-de-carreras-tienda-comprar-drones.png","contentUrl":"https:\/\/iha-race.com\/wp-content\/uploads\/2018\/07\/iha-race-drones-de-carreras-tienda-comprar-drones.png","width":300,"height":100,"caption":"Iha Race"},"image":{"@id":"https:\/\/iha-race.com\/pt-pt\/#\/schema\/logo\/image\/"}}]}},"brands":[],"_links":{"self":[{"href":"https:\/\/iha-race.com\/pt-pt\/wp-json\/wp\/v2\/product\/230887","targetHints":{"allow":["GET"]}}],"collection":[{"href":"https:\/\/iha-race.com\/pt-pt\/wp-json\/wp\/v2\/product"}],"about":[{"href":"https:\/\/iha-race.com\/pt-pt\/wp-json\/wp\/v2\/types\/product"}],"replies":[{"embeddable":true,"href":"https:\/\/iha-race.com\/pt-pt\/wp-json\/wp\/v2\/comments?post=230887"}],"version-history":[{"count":1,"href":"https:\/\/iha-race.com\/pt-pt\/wp-json\/wp\/v2\/product\/230887\/revisions"}],"predecessor-version":[{"id":248581,"href":"https:\/\/iha-race.com\/pt-pt\/wp-json\/wp\/v2\/product\/230887\/revisions\/248581"}],"wp:featuredmedia":[{"embeddable":true,"href":"https:\/\/iha-race.com\/pt-pt\/wp-json\/wp\/v2\/media\/227108"}],"wp:attachment":[{"href":"https:\/\/iha-race.com\/pt-pt\/wp-json\/wp\/v2\/media?parent=230887"}],"wp:term":[{"taxonomy":"pwb-brand","embeddable":true,"href":"https:\/\/iha-race.com\/pt-pt\/wp-json\/wp\/v2\/pwb-brand?post=230887"},{"taxonomy":"product_cat","embeddable":true,"href":"https:\/\/iha-race.com\/pt-pt\/wp-json\/wp\/v2\/product_cat?post=230887"},{"taxonomy":"product_tag","embeddable":true,"href":"https:\/\/iha-race.com\/pt-pt\/wp-json\/wp\/v2\/product_tag?post=230887"}],"curies":[{"name":"wp","href":"https:\/\/api.w.org\/{rel}","templated":true}]}}