{"id":230866,"date":"2023-03-21T18:40:01","date_gmt":"2023-03-21T17:40:01","guid":{"rendered":"https:\/\/iha-race.com\/producto\/dji-mavic-3-enterprise-centro-de-carregamento-de-baterias\/"},"modified":"2024-08-29T11:21:47","modified_gmt":"2024-08-29T09:21:47","slug":"dji-mavic-3-enterprise-battery-charging-center","status":"publish","type":"product","link":"https:\/\/iha-race.com\/pt-pt\/produto\/dji-mavic-3-enterprise-battery-charging-center\/","title":{"rendered":"DJI Mavic 3 Enterprise &#8211; Centro de carregamento de baterias"},"content":{"rendered":"<h1>DJI Mavic 3 Enterprise &#8211; Centro de Carga de Bateria (100W)<\/h1>\n<p><strong>Vis\u00e3o geral<\/strong> Quando ligado a um carregador port\u00e1til de 100W ou a um carregador para autom\u00f3vel, o DJI Mavic 3 Battery Charging Hub (100W) pode aumentar o n\u00famero de portas de carregamento para tr\u00eas.<br \/>\nConsegue carregar as baterias sequencialmente, do n\u00edvel de carga mais alto para o mais baixo, o que aumenta consideravelmente a efici\u00eancia do carregamento. <strong>Carater\u00edsticas dignas de nota<\/strong> Quando ligado a um carregador port\u00e1til ou de autom\u00f3vel de 100 W, o hub de carregamento do DJI Mavic 3 (100 W) pode carregar at\u00e9 tr\u00eas baterias em sequ\u00eancia. <strong>Dicas<\/strong> <\/p>\n<ol>\n<li>O centro de carga serve apenas para aumentar as interfaces de carga. Recomenda-se a utiliza\u00e7\u00e3o de um adaptador de corrente DJI USB-C (100W) para fornecer energia.<\/li>\n<li>O centro de carregamento s\u00f3 \u00e9 compat\u00edvel com as baterias de voo inteligentes BWX260-5000-15.4. N\u00c3O tente utilizar o centro de carga com outros modelos de bateria.<\/li>\n<li>Colocar o centro de carga numa superf\u00edcie lisa e est\u00e1vel quando estiver a ser utilizado. Assegurar que o dispositivo est\u00e1 devidamente isolado para evitar o risco de inc\u00eandio.<\/li>\n<li>N\u00c3O tente tocar nos terminais met\u00e1licos do inv\u00f3lucro da bateria.<\/li>\n<li>Limpe os terminais met\u00e1licos da caixa da bateria com um pano limpo e seco se houver sujidade vis\u00edvel.<\/li>\n<\/ol>\n<p><strong>Especifica\u00e7\u00f5es<\/strong><\/p>\n<ul>\n<li>Dimens\u00f5es: 150 \u00d7 55 \u00d7 28 mm ((l. \u00d7 l. \u00d7 l. \u00d7 h.)<\/li>\n<li>Peso: 116 g<\/li>\n<li>Temperatura de funcionamento: 5 a 40 \u00b0C (41 a 104 \u00b0F)<\/li>\n<li>Entrada: 5-20 V, m\u00e1x. 5 A<\/li>\n<li>Tempo de carregamento: aprox. 1 h e 10 min (uma bateria)*.<\/li>\n<\/ul>\n<p>* <em> Medido com o adaptador de corrente DJI USB-C (100 W)<\/em><strong>Compatibilidade<\/strong> da bateria de voo inteligente <em> do DJI<\/em> Mavic 3 <strong>Conte\u00fado da embalagem<\/strong><\/p>\n<ul>\n<li>1 x hub de carregamento da bateria do DJI Mavic 3 (100 W)<\/li>\n<\/ul>\n","protected":false},"excerpt":{"rendered":"<p>DJI Mavic 3 Enterprise &#8211; Centro de Carga de Bateria (100W) Vis\u00e3o geral Quando ligado a um carregador port\u00e1til de 100W ou a um carregador para autom\u00f3vel, o DJI Mavic<\/p>\n","protected":false},"featured_media":0,"comment_status":"open","ping_status":"closed","template":"","meta":{"_joinchat":[]},"pwb-brand":[],"product_cat":[3332],"product_tag":[],"class_list":{"0":"post-230866","1":"product","2":"type-product","3":"status-publish","5":"product_cat-dji-pt-pt","7":"first","8":"instock","9":"taxable","10":"shipping-taxable","11":"purchasable","12":"product-type-simple"},"barcode":null,"atum_controlled":true,"out_stock_date":null,"out_stock_threshold":null,"inheritable":false,"stock_on_hold":0,"sold_today":0,"sales_last_days":0,"out_stock_days":0,"lost_sales":0,"update_date":"2026-04-18T22:03:26","atum_locations":[],"atum_stock_status":"instock","restock_status":false,"low_stock_amount":"","sales_update_date":"2026-04-18T22:03:26","calc_backorders":null,"yoast_head":"<!-- This site is optimized with the Yoast SEO plugin v27.3 - https:\/\/yoast.com\/product\/yoast-seo-wordpress\/ -->\n<title>DJI Mavic 3 Enterprise - Centro de carregamento de baterias - Iha Race<\/title>\n<meta name=\"robots\" content=\"index, follow, max-snippet:-1, max-image-preview:large, max-video-preview:-1\" \/>\n<link rel=\"canonical\" href=\"https:\/\/iha-race.com\/pt-pt\/produto\/dji-mavic-3-enterprise-battery-charging-center\/\" \/>\n<meta property=\"og:locale\" content=\"pt_PT\" \/>\n<meta property=\"og:type\" content=\"article\" \/>\n<meta property=\"og:title\" content=\"DJI Mavic 3 Enterprise - Centro de carregamento de baterias - Iha Race\" \/>\n<meta property=\"og:description\" content=\"DJI Mavic 3 Enterprise &#8211; Centro de Carga de Bateria (100W) Vis\u00e3o geral Quando ligado a um carregador port\u00e1til de 100W ou a um carregador para autom\u00f3vel, o DJI Mavic\" \/>\n<meta property=\"og:url\" content=\"https:\/\/iha-race.com\/pt-pt\/produto\/dji-mavic-3-enterprise-battery-charging-center\/\" \/>\n<meta property=\"og:site_name\" content=\"Iha Race\" \/>\n<meta property=\"article:modified_time\" content=\"2024-08-29T09:21:47+00:00\" \/>\n<meta name=\"twitter:card\" content=\"summary_large_image\" \/>\n<meta name=\"twitter:label1\" content=\"Tempo estimado de leitura\" \/>\n\t<meta name=\"twitter:data1\" content=\"1 minuto\" \/>\n<script type=\"application\/ld+json\" class=\"yoast-schema-graph\">{\"@context\":\"https:\\\/\\\/schema.org\",\"@graph\":[{\"@type\":\"WebPage\",\"@id\":\"https:\\\/\\\/iha-race.com\\\/pt-pt\\\/produto\\\/dji-mavic-3-enterprise-battery-charging-center\\\/\",\"url\":\"https:\\\/\\\/iha-race.com\\\/pt-pt\\\/produto\\\/dji-mavic-3-enterprise-battery-charging-center\\\/\",\"name\":\"DJI Mavic 3 Enterprise - Centro de carregamento de baterias - Iha Race\",\"isPartOf\":{\"@id\":\"https:\\\/\\\/iha-race.com\\\/pt-pt\\\/#website\"},\"datePublished\":\"2023-03-21T17:40:01+00:00\",\"dateModified\":\"2024-08-29T09:21:47+00:00\",\"breadcrumb\":{\"@id\":\"https:\\\/\\\/iha-race.com\\\/pt-pt\\\/produto\\\/dji-mavic-3-enterprise-battery-charging-center\\\/#breadcrumb\"},\"inLanguage\":\"pt-PT\",\"potentialAction\":[{\"@type\":\"ReadAction\",\"target\":[\"https:\\\/\\\/iha-race.com\\\/pt-pt\\\/produto\\\/dji-mavic-3-enterprise-battery-charging-center\\\/\"]}]},{\"@type\":\"BreadcrumbList\",\"@id\":\"https:\\\/\\\/iha-race.com\\\/pt-pt\\\/produto\\\/dji-mavic-3-enterprise-battery-charging-center\\\/#breadcrumb\",\"itemListElement\":[{\"@type\":\"ListItem\",\"position\":1,\"name\":\"Portada\",\"item\":\"https:\\\/\\\/iha-race.com\\\/pt-pt\\\/elementor-499\\\/\"},{\"@type\":\"ListItem\",\"position\":2,\"name\":\"Shop\",\"item\":\"https:\\\/\\\/iha-race.com\\\/pt-pt\\\/shop\\\/\"},{\"@type\":\"ListItem\",\"position\":3,\"name\":\"DJI Mavic 3 Enterprise &#8211; Centro de carregamento de baterias\"}]},{\"@type\":\"WebSite\",\"@id\":\"https:\\\/\\\/iha-race.com\\\/pt-pt\\\/#website\",\"url\":\"https:\\\/\\\/iha-race.com\\\/pt-pt\\\/\",\"name\":\"Iha Race\",\"description\":\"Comprar drones de carreras FPV env\u00edos en un d\u00eda desde Espa\u00f1a\",\"publisher\":{\"@id\":\"https:\\\/\\\/iha-race.com\\\/pt-pt\\\/#organization\"},\"potentialAction\":[{\"@type\":\"SearchAction\",\"target\":{\"@type\":\"EntryPoint\",\"urlTemplate\":\"https:\\\/\\\/iha-race.com\\\/pt-pt\\\/?s={search_term_string}\"},\"query-input\":{\"@type\":\"PropertyValueSpecification\",\"valueRequired\":true,\"valueName\":\"search_term_string\"}}],\"inLanguage\":\"pt-PT\"},{\"@type\":\"Organization\",\"@id\":\"https:\\\/\\\/iha-race.com\\\/pt-pt\\\/#organization\",\"name\":\"Iha Race\",\"url\":\"https:\\\/\\\/iha-race.com\\\/pt-pt\\\/\",\"logo\":{\"@type\":\"ImageObject\",\"inLanguage\":\"pt-PT\",\"@id\":\"https:\\\/\\\/iha-race.com\\\/pt-pt\\\/#\\\/schema\\\/logo\\\/image\\\/\",\"url\":\"https:\\\/\\\/iha-race.com\\\/wp-content\\\/uploads\\\/2018\\\/07\\\/iha-race-drones-de-carreras-tienda-comprar-drones.png\",\"contentUrl\":\"https:\\\/\\\/iha-race.com\\\/wp-content\\\/uploads\\\/2018\\\/07\\\/iha-race-drones-de-carreras-tienda-comprar-drones.png\",\"width\":300,\"height\":100,\"caption\":\"Iha Race\"},\"image\":{\"@id\":\"https:\\\/\\\/iha-race.com\\\/pt-pt\\\/#\\\/schema\\\/logo\\\/image\\\/\"}}]}<\/script>\n<!-- \/ Yoast SEO plugin. -->","yoast_head_json":{"title":"DJI Mavic 3 Enterprise - Centro de carregamento de baterias - Iha Race","robots":{"index":"index","follow":"follow","max-snippet":"max-snippet:-1","max-image-preview":"max-image-preview:large","max-video-preview":"max-video-preview:-1"},"canonical":"https:\/\/iha-race.com\/pt-pt\/produto\/dji-mavic-3-enterprise-battery-charging-center\/","og_locale":"pt_PT","og_type":"article","og_title":"DJI Mavic 3 Enterprise - Centro de carregamento de baterias - Iha Race","og_description":"DJI Mavic 3 Enterprise &#8211; Centro de Carga de Bateria (100W) Vis\u00e3o geral Quando ligado a um carregador port\u00e1til de 100W ou a um carregador para autom\u00f3vel, o DJI Mavic","og_url":"https:\/\/iha-race.com\/pt-pt\/produto\/dji-mavic-3-enterprise-battery-charging-center\/","og_site_name":"Iha Race","article_modified_time":"2024-08-29T09:21:47+00:00","twitter_card":"summary_large_image","twitter_misc":{"Tempo estimado de leitura":"1 minuto"},"schema":{"@context":"https:\/\/schema.org","@graph":[{"@type":"WebPage","@id":"https:\/\/iha-race.com\/pt-pt\/produto\/dji-mavic-3-enterprise-battery-charging-center\/","url":"https:\/\/iha-race.com\/pt-pt\/produto\/dji-mavic-3-enterprise-battery-charging-center\/","name":"DJI Mavic 3 Enterprise - Centro de carregamento de baterias - Iha Race","isPartOf":{"@id":"https:\/\/iha-race.com\/pt-pt\/#website"},"datePublished":"2023-03-21T17:40:01+00:00","dateModified":"2024-08-29T09:21:47+00:00","breadcrumb":{"@id":"https:\/\/iha-race.com\/pt-pt\/produto\/dji-mavic-3-enterprise-battery-charging-center\/#breadcrumb"},"inLanguage":"pt-PT","potentialAction":[{"@type":"ReadAction","target":["https:\/\/iha-race.com\/pt-pt\/produto\/dji-mavic-3-enterprise-battery-charging-center\/"]}]},{"@type":"BreadcrumbList","@id":"https:\/\/iha-race.com\/pt-pt\/produto\/dji-mavic-3-enterprise-battery-charging-center\/#breadcrumb","itemListElement":[{"@type":"ListItem","position":1,"name":"Portada","item":"https:\/\/iha-race.com\/pt-pt\/elementor-499\/"},{"@type":"ListItem","position":2,"name":"Shop","item":"https:\/\/iha-race.com\/pt-pt\/shop\/"},{"@type":"ListItem","position":3,"name":"DJI Mavic 3 Enterprise &#8211; Centro de carregamento de baterias"}]},{"@type":"WebSite","@id":"https:\/\/iha-race.com\/pt-pt\/#website","url":"https:\/\/iha-race.com\/pt-pt\/","name":"Iha Race","description":"Comprar drones de carreras FPV env\u00edos en un d\u00eda desde Espa\u00f1a","publisher":{"@id":"https:\/\/iha-race.com\/pt-pt\/#organization"},"potentialAction":[{"@type":"SearchAction","target":{"@type":"EntryPoint","urlTemplate":"https:\/\/iha-race.com\/pt-pt\/?s={search_term_string}"},"query-input":{"@type":"PropertyValueSpecification","valueRequired":true,"valueName":"search_term_string"}}],"inLanguage":"pt-PT"},{"@type":"Organization","@id":"https:\/\/iha-race.com\/pt-pt\/#organization","name":"Iha Race","url":"https:\/\/iha-race.com\/pt-pt\/","logo":{"@type":"ImageObject","inLanguage":"pt-PT","@id":"https:\/\/iha-race.com\/pt-pt\/#\/schema\/logo\/image\/","url":"https:\/\/iha-race.com\/wp-content\/uploads\/2018\/07\/iha-race-drones-de-carreras-tienda-comprar-drones.png","contentUrl":"https:\/\/iha-race.com\/wp-content\/uploads\/2018\/07\/iha-race-drones-de-carreras-tienda-comprar-drones.png","width":300,"height":100,"caption":"Iha Race"},"image":{"@id":"https:\/\/iha-race.com\/pt-pt\/#\/schema\/logo\/image\/"}}]}},"jetpack_sharing_enabled":true,"brands":[],"_links":{"self":[{"href":"https:\/\/iha-race.com\/pt-pt\/wp-json\/wp\/v2\/product\/230866","targetHints":{"allow":["GET"]}}],"collection":[{"href":"https:\/\/iha-race.com\/pt-pt\/wp-json\/wp\/v2\/product"}],"about":[{"href":"https:\/\/iha-race.com\/pt-pt\/wp-json\/wp\/v2\/types\/product"}],"replies":[{"embeddable":true,"href":"https:\/\/iha-race.com\/pt-pt\/wp-json\/wp\/v2\/comments?post=230866"}],"version-history":[{"count":1,"href":"https:\/\/iha-race.com\/pt-pt\/wp-json\/wp\/v2\/product\/230866\/revisions"}],"predecessor-version":[{"id":248552,"href":"https:\/\/iha-race.com\/pt-pt\/wp-json\/wp\/v2\/product\/230866\/revisions\/248552"}],"wp:attachment":[{"href":"https:\/\/iha-race.com\/pt-pt\/wp-json\/wp\/v2\/media?parent=230866"}],"wp:term":[{"taxonomy":"pwb-brand","embeddable":true,"href":"https:\/\/iha-race.com\/pt-pt\/wp-json\/wp\/v2\/pwb-brand?post=230866"},{"taxonomy":"product_cat","embeddable":true,"href":"https:\/\/iha-race.com\/pt-pt\/wp-json\/wp\/v2\/product_cat?post=230866"},{"taxonomy":"product_tag","embeddable":true,"href":"https:\/\/iha-race.com\/pt-pt\/wp-json\/wp\/v2\/product_tag?post=230866"}],"curies":[{"name":"wp","href":"https:\/\/api.w.org\/{rel}","templated":true}]}}