{"id":230812,"date":"2023-03-23T16:03:05","date_gmt":"2023-03-23T15:03:05","guid":{"rendered":"https:\/\/iha-race.com\/producto\/kit-de-armacao-defender-25\/"},"modified":"2024-12-12T11:37:40","modified_gmt":"2024-12-12T10:37:40","slug":"kit-de-proteccao-de-molduras-25","status":"publish","type":"product","link":"https:\/\/iha-race.com\/pt-pt\/produto\/kit-de-proteccao-de-molduras-25\/","title":{"rendered":"Kit de arma\u00e7\u00e3o Defender 25"},"content":{"rendered":"<h2><span data-sheets-value=\"{\"1\":2,\"2\":\"Kit de cuadro Defender 25\"}\" data-sheets-userformat=\"{\"2\":14977,\"3\":{\"1\":0},\"10\":2,\"12\":0,\"14\":{\"1\":2,\"2\":-654311424},\"15\":\"roboto, blinkmacsystemfont, \\\"segoe ui\\\", \\\"helvetica neue\\\", Helvetica, Arial, \\\"pingfang sc\\\", -apple-system, \\\"noto sans sc\\\", \\\"hiragino sans gb\\\", \\\"noto sans\\\", \\\"microsoft yahei\\\", \u5fae\u8f6f\u96c5\u9ed1, \\\"wenquanyi micro hei\\\", \\\"heiti sc\\\", sans-serif\",\"16\":12}\">Kit de arma\u00e7\u00e3o Defender 25<\/span><\/h2>\n<p><iframe title=\"Defender 25 | Fly Bold\" width=\"1200\" height=\"675\" src=\"https:\/\/www.youtube.com\/embed\/ySA3Oupf2OE?feature=oembed\" frameborder=\"0\" allow=\"accelerometer; autoplay; clipboard-write; encrypted-media; gyroscope; picture-in-picture; web-share\" referrerpolicy=\"strict-origin-when-cross-origin\" allowfullscreen><\/iframe><\/p>\n<div class=\"temp-specs-tr\">\n<h3 class=\"temp-specs-td name\">Compatibilidade<\/h3>\n<div class=\"temp-specs-td value\">\n<p>Bateria com conector XT30, como 650mAh \/ 850mAh \/ 1100mAh. \u00c9 necess\u00e1rio um pouco de trabalho de bricolage para ligar a bateria.<\/p>\n<\/div>\n<\/div>\n<div class=\"temp-specs-tr\">\n<h2 class=\"temp-specs-td name\">Descri\u00e7\u00e3o<\/h2>\n<div class=\"temp-specs-td value\">\n<p><b>Pequeno mas poderoso<\/b><\/p>\n<p>As protec\u00e7\u00f5es de h\u00e9lice de 2,5 polegadas incorporadas foram concebidas para voar corajosamente. Ir\u00e1 experimentar uma liberdade criativa totalmente nova para voar quando e onde quiser. A estrutura dur\u00e1vel moldada por injec\u00e7\u00e3o n\u00e3o s\u00f3 evita danos nos motores ou h\u00e9lices, como tamb\u00e9m protege o ambiente de pequenos erros de voo.<\/p>\n<p>Tamb\u00e9m adicion\u00e1mos um suporte de c\u00e2mara especial com amortecimento de vibra\u00e7\u00f5es para manter as suas filmagens em bruto t\u00e3o suaves quanto poss\u00edvel, bem como para garantir bons dados de girosc\u00f3pio para estabiliza\u00e7\u00e3o da c\u00e2mara incorporada ou traseira.<\/p>\n<\/div>\n<\/div>\n<div class=\"temp-specs-tr\">\n<h3 class=\"temp-specs-td name\">Especifica\u00e7\u00f5es<\/h3>\n<div class=\"temp-specs-td value\">\n<ul>\n<li>Nome do produto: Kit de arma\u00e7\u00e3o Defender 25<\/li>\n<li>Dist\u00e2ncia centro-centro do quadro: 112 \u00b1 2 mm<\/li>\n<li>Dimens\u00e3o do quadro: L158*W155*H37,5 mm<\/li>\n<li>Espessura do bra\u00e7o: 2,5 mm<\/li>\n<li>Espessura da placa superior: 2,5 mm<\/li>\n<li>Fixa\u00e7\u00e3o do motor: 9&#215;9 mm-\u03c62 mm<\/li>\n<li>Montagem do VTX: 25,5*25,5\/\u03a61,6 mm<\/li>\n<\/ul>\n<\/div>\n<\/div>\n<div class=\"temp-specs-tr\">\n<h3 class=\"temp-specs-td name\">O pacote inclui<\/h3>\n<div class=\"temp-specs-td value\">\n<ul>\n<li>1 x kit de arma\u00e7\u00e3o Defender 25<\/li>\n<li>1 x p\u00e1ra-chispas.<\/li>\n<li>1 x saco de parafusos<\/li>\n<\/ul>\n<\/div>\n<\/div>\n","protected":false},"excerpt":{"rendered":"<p>Kit de arma\u00e7\u00e3o Defender 25 Compatibilidade Bateria com conector XT30, como 650mAh \/ 850mAh \/ 1100mAh. \u00c9 necess\u00e1rio um pouco de trabalho de bricolage para ligar a bateria. Descri\u00e7\u00e3o Pequeno<\/p>\n","protected":false},"featured_media":227033,"comment_status":"open","ping_status":"closed","template":"","meta":{"_joinchat":[]},"pwb-brand":[],"product_cat":[1458,3671,4116],"product_tag":[],"class_list":{"0":"post-230812","1":"product","2":"type-product","3":"status-publish","4":"has-post-thumbnail","6":"product_cat-fpv-drones","7":"product_cat-molduras","8":"product_cat-sexta-feira-negra-2024","10":"first","11":"instock","12":"taxable","13":"shipping-taxable","14":"purchasable","15":"product-type-simple"},"barcode":null,"atum_controlled":true,"out_stock_date":null,"out_stock_threshold":null,"inheritable":false,"stock_on_hold":0,"sold_today":0,"sales_last_days":0,"out_stock_days":0,"lost_sales":0,"update_date":"2026-04-08T16:51:54","atum_locations":[],"atum_stock_status":"instock","restock_status":false,"low_stock_amount":"","sales_update_date":"2026-03-21T11:41:44","calc_backorders":null,"yoast_head":"<!-- This site is optimized with the Yoast SEO plugin v27.3 - https:\/\/yoast.com\/product\/yoast-seo-wordpress\/ -->\n<title>Kit de arma\u00e7\u00e3o Defender 25 - Iha Race<\/title>\n<meta name=\"robots\" content=\"index, follow, max-snippet:-1, max-image-preview:large, max-video-preview:-1\" \/>\n<link rel=\"canonical\" href=\"https:\/\/iha-race.com\/pt-pt\/produto\/kit-de-proteccao-de-molduras-25\/\" \/>\n<meta property=\"og:locale\" content=\"pt_PT\" \/>\n<meta property=\"og:type\" content=\"article\" \/>\n<meta property=\"og:title\" content=\"Kit de arma\u00e7\u00e3o Defender 25 - Iha Race\" \/>\n<meta property=\"og:description\" content=\"Kit de arma\u00e7\u00e3o Defender 25 Compatibilidade Bateria com conector XT30, como 650mAh \/ 850mAh \/ 1100mAh. \u00c9 necess\u00e1rio um pouco de trabalho de bricolage para ligar a bateria. Descri\u00e7\u00e3o Pequeno\" \/>\n<meta property=\"og:url\" content=\"https:\/\/iha-race.com\/pt-pt\/produto\/kit-de-proteccao-de-molduras-25\/\" \/>\n<meta property=\"og:site_name\" content=\"Iha Race\" \/>\n<meta property=\"article:modified_time\" content=\"2024-12-12T10:37:40+00:00\" \/>\n<meta property=\"og:image\" content=\"https:\/\/iha-race.com\/wp-content\/uploads\/2023\/03\/Kit-de-cuadro-Defender-25.png\" \/>\n\t<meta property=\"og:image:width\" content=\"2500\" \/>\n\t<meta property=\"og:image:height\" content=\"2500\" \/>\n\t<meta property=\"og:image:type\" content=\"image\/png\" \/>\n<meta name=\"twitter:card\" content=\"summary_large_image\" \/>\n<meta name=\"twitter:label1\" content=\"Tempo estimado de leitura\" \/>\n\t<meta name=\"twitter:data1\" content=\"1 minuto\" \/>\n<script type=\"application\/ld+json\" class=\"yoast-schema-graph\">{\"@context\":\"https:\\\/\\\/schema.org\",\"@graph\":[{\"@type\":\"WebPage\",\"@id\":\"https:\\\/\\\/iha-race.com\\\/pt-pt\\\/produto\\\/kit-de-proteccao-de-molduras-25\\\/\",\"url\":\"https:\\\/\\\/iha-race.com\\\/pt-pt\\\/produto\\\/kit-de-proteccao-de-molduras-25\\\/\",\"name\":\"Kit de arma\u00e7\u00e3o Defender 25 - Iha Race\",\"isPartOf\":{\"@id\":\"https:\\\/\\\/iha-race.com\\\/pt-pt\\\/#website\"},\"primaryImageOfPage\":{\"@id\":\"https:\\\/\\\/iha-race.com\\\/pt-pt\\\/produto\\\/kit-de-proteccao-de-molduras-25\\\/#primaryimage\"},\"image\":{\"@id\":\"https:\\\/\\\/iha-race.com\\\/pt-pt\\\/produto\\\/kit-de-proteccao-de-molduras-25\\\/#primaryimage\"},\"thumbnailUrl\":\"https:\\\/\\\/iha-race.com\\\/wp-content\\\/uploads\\\/2023\\\/03\\\/Kit-de-cuadro-Defender-25.png\",\"datePublished\":\"2023-03-23T15:03:05+00:00\",\"dateModified\":\"2024-12-12T10:37:40+00:00\",\"breadcrumb\":{\"@id\":\"https:\\\/\\\/iha-race.com\\\/pt-pt\\\/produto\\\/kit-de-proteccao-de-molduras-25\\\/#breadcrumb\"},\"inLanguage\":\"pt-PT\",\"potentialAction\":[{\"@type\":\"ReadAction\",\"target\":[\"https:\\\/\\\/iha-race.com\\\/pt-pt\\\/produto\\\/kit-de-proteccao-de-molduras-25\\\/\"]}]},{\"@type\":\"ImageObject\",\"inLanguage\":\"pt-PT\",\"@id\":\"https:\\\/\\\/iha-race.com\\\/pt-pt\\\/produto\\\/kit-de-proteccao-de-molduras-25\\\/#primaryimage\",\"url\":\"https:\\\/\\\/iha-race.com\\\/wp-content\\\/uploads\\\/2023\\\/03\\\/Kit-de-cuadro-Defender-25.png\",\"contentUrl\":\"https:\\\/\\\/iha-race.com\\\/wp-content\\\/uploads\\\/2023\\\/03\\\/Kit-de-cuadro-Defender-25.png\",\"width\":2500,\"height\":2500,\"caption\":\"Comprar Kit de cuadro Defender 25\"},{\"@type\":\"BreadcrumbList\",\"@id\":\"https:\\\/\\\/iha-race.com\\\/pt-pt\\\/produto\\\/kit-de-proteccao-de-molduras-25\\\/#breadcrumb\",\"itemListElement\":[{\"@type\":\"ListItem\",\"position\":1,\"name\":\"Portada\",\"item\":\"https:\\\/\\\/iha-race.com\\\/pt-pt\\\/elementor-499\\\/\"},{\"@type\":\"ListItem\",\"position\":2,\"name\":\"Shop\",\"item\":\"https:\\\/\\\/iha-race.com\\\/pt-pt\\\/shop\\\/\"},{\"@type\":\"ListItem\",\"position\":3,\"name\":\"Kit de arma\u00e7\u00e3o Defender 25\"}]},{\"@type\":\"WebSite\",\"@id\":\"https:\\\/\\\/iha-race.com\\\/pt-pt\\\/#website\",\"url\":\"https:\\\/\\\/iha-race.com\\\/pt-pt\\\/\",\"name\":\"Iha Race\",\"description\":\"Comprar drones de carreras FPV env\u00edos en un d\u00eda desde Espa\u00f1a\",\"publisher\":{\"@id\":\"https:\\\/\\\/iha-race.com\\\/pt-pt\\\/#organization\"},\"potentialAction\":[{\"@type\":\"SearchAction\",\"target\":{\"@type\":\"EntryPoint\",\"urlTemplate\":\"https:\\\/\\\/iha-race.com\\\/pt-pt\\\/?s={search_term_string}\"},\"query-input\":{\"@type\":\"PropertyValueSpecification\",\"valueRequired\":true,\"valueName\":\"search_term_string\"}}],\"inLanguage\":\"pt-PT\"},{\"@type\":\"Organization\",\"@id\":\"https:\\\/\\\/iha-race.com\\\/pt-pt\\\/#organization\",\"name\":\"Iha Race\",\"url\":\"https:\\\/\\\/iha-race.com\\\/pt-pt\\\/\",\"logo\":{\"@type\":\"ImageObject\",\"inLanguage\":\"pt-PT\",\"@id\":\"https:\\\/\\\/iha-race.com\\\/pt-pt\\\/#\\\/schema\\\/logo\\\/image\\\/\",\"url\":\"https:\\\/\\\/iha-race.com\\\/wp-content\\\/uploads\\\/2018\\\/07\\\/iha-race-drones-de-carreras-tienda-comprar-drones.png\",\"contentUrl\":\"https:\\\/\\\/iha-race.com\\\/wp-content\\\/uploads\\\/2018\\\/07\\\/iha-race-drones-de-carreras-tienda-comprar-drones.png\",\"width\":300,\"height\":100,\"caption\":\"Iha Race\"},\"image\":{\"@id\":\"https:\\\/\\\/iha-race.com\\\/pt-pt\\\/#\\\/schema\\\/logo\\\/image\\\/\"}}]}<\/script>\n<!-- \/ Yoast SEO plugin. -->","yoast_head_json":{"title":"Kit de arma\u00e7\u00e3o Defender 25 - Iha Race","robots":{"index":"index","follow":"follow","max-snippet":"max-snippet:-1","max-image-preview":"max-image-preview:large","max-video-preview":"max-video-preview:-1"},"canonical":"https:\/\/iha-race.com\/pt-pt\/produto\/kit-de-proteccao-de-molduras-25\/","og_locale":"pt_PT","og_type":"article","og_title":"Kit de arma\u00e7\u00e3o Defender 25 - Iha Race","og_description":"Kit de arma\u00e7\u00e3o Defender 25 Compatibilidade Bateria com conector XT30, como 650mAh \/ 850mAh \/ 1100mAh. \u00c9 necess\u00e1rio um pouco de trabalho de bricolage para ligar a bateria. Descri\u00e7\u00e3o Pequeno","og_url":"https:\/\/iha-race.com\/pt-pt\/produto\/kit-de-proteccao-de-molduras-25\/","og_site_name":"Iha Race","article_modified_time":"2024-12-12T10:37:40+00:00","og_image":[{"width":2500,"height":2500,"url":"https:\/\/iha-race.com\/wp-content\/uploads\/2023\/03\/Kit-de-cuadro-Defender-25.png","type":"image\/png"}],"twitter_card":"summary_large_image","twitter_misc":{"Tempo estimado de leitura":"1 minuto"},"schema":{"@context":"https:\/\/schema.org","@graph":[{"@type":"WebPage","@id":"https:\/\/iha-race.com\/pt-pt\/produto\/kit-de-proteccao-de-molduras-25\/","url":"https:\/\/iha-race.com\/pt-pt\/produto\/kit-de-proteccao-de-molduras-25\/","name":"Kit de arma\u00e7\u00e3o Defender 25 - Iha Race","isPartOf":{"@id":"https:\/\/iha-race.com\/pt-pt\/#website"},"primaryImageOfPage":{"@id":"https:\/\/iha-race.com\/pt-pt\/produto\/kit-de-proteccao-de-molduras-25\/#primaryimage"},"image":{"@id":"https:\/\/iha-race.com\/pt-pt\/produto\/kit-de-proteccao-de-molduras-25\/#primaryimage"},"thumbnailUrl":"https:\/\/iha-race.com\/wp-content\/uploads\/2023\/03\/Kit-de-cuadro-Defender-25.png","datePublished":"2023-03-23T15:03:05+00:00","dateModified":"2024-12-12T10:37:40+00:00","breadcrumb":{"@id":"https:\/\/iha-race.com\/pt-pt\/produto\/kit-de-proteccao-de-molduras-25\/#breadcrumb"},"inLanguage":"pt-PT","potentialAction":[{"@type":"ReadAction","target":["https:\/\/iha-race.com\/pt-pt\/produto\/kit-de-proteccao-de-molduras-25\/"]}]},{"@type":"ImageObject","inLanguage":"pt-PT","@id":"https:\/\/iha-race.com\/pt-pt\/produto\/kit-de-proteccao-de-molduras-25\/#primaryimage","url":"https:\/\/iha-race.com\/wp-content\/uploads\/2023\/03\/Kit-de-cuadro-Defender-25.png","contentUrl":"https:\/\/iha-race.com\/wp-content\/uploads\/2023\/03\/Kit-de-cuadro-Defender-25.png","width":2500,"height":2500,"caption":"Comprar Kit de cuadro Defender 25"},{"@type":"BreadcrumbList","@id":"https:\/\/iha-race.com\/pt-pt\/produto\/kit-de-proteccao-de-molduras-25\/#breadcrumb","itemListElement":[{"@type":"ListItem","position":1,"name":"Portada","item":"https:\/\/iha-race.com\/pt-pt\/elementor-499\/"},{"@type":"ListItem","position":2,"name":"Shop","item":"https:\/\/iha-race.com\/pt-pt\/shop\/"},{"@type":"ListItem","position":3,"name":"Kit de arma\u00e7\u00e3o Defender 25"}]},{"@type":"WebSite","@id":"https:\/\/iha-race.com\/pt-pt\/#website","url":"https:\/\/iha-race.com\/pt-pt\/","name":"Iha Race","description":"Comprar drones de carreras FPV env\u00edos en un d\u00eda desde Espa\u00f1a","publisher":{"@id":"https:\/\/iha-race.com\/pt-pt\/#organization"},"potentialAction":[{"@type":"SearchAction","target":{"@type":"EntryPoint","urlTemplate":"https:\/\/iha-race.com\/pt-pt\/?s={search_term_string}"},"query-input":{"@type":"PropertyValueSpecification","valueRequired":true,"valueName":"search_term_string"}}],"inLanguage":"pt-PT"},{"@type":"Organization","@id":"https:\/\/iha-race.com\/pt-pt\/#organization","name":"Iha Race","url":"https:\/\/iha-race.com\/pt-pt\/","logo":{"@type":"ImageObject","inLanguage":"pt-PT","@id":"https:\/\/iha-race.com\/pt-pt\/#\/schema\/logo\/image\/","url":"https:\/\/iha-race.com\/wp-content\/uploads\/2018\/07\/iha-race-drones-de-carreras-tienda-comprar-drones.png","contentUrl":"https:\/\/iha-race.com\/wp-content\/uploads\/2018\/07\/iha-race-drones-de-carreras-tienda-comprar-drones.png","width":300,"height":100,"caption":"Iha Race"},"image":{"@id":"https:\/\/iha-race.com\/pt-pt\/#\/schema\/logo\/image\/"}}]}},"brands":[],"_links":{"self":[{"href":"https:\/\/iha-race.com\/pt-pt\/wp-json\/wp\/v2\/product\/230812","targetHints":{"allow":["GET"]}}],"collection":[{"href":"https:\/\/iha-race.com\/pt-pt\/wp-json\/wp\/v2\/product"}],"about":[{"href":"https:\/\/iha-race.com\/pt-pt\/wp-json\/wp\/v2\/types\/product"}],"replies":[{"embeddable":true,"href":"https:\/\/iha-race.com\/pt-pt\/wp-json\/wp\/v2\/comments?post=230812"}],"version-history":[{"count":3,"href":"https:\/\/iha-race.com\/pt-pt\/wp-json\/wp\/v2\/product\/230812\/revisions"}],"predecessor-version":[{"id":252524,"href":"https:\/\/iha-race.com\/pt-pt\/wp-json\/wp\/v2\/product\/230812\/revisions\/252524"}],"wp:featuredmedia":[{"embeddable":true,"href":"https:\/\/iha-race.com\/pt-pt\/wp-json\/wp\/v2\/media\/227033"}],"wp:attachment":[{"href":"https:\/\/iha-race.com\/pt-pt\/wp-json\/wp\/v2\/media?parent=230812"}],"wp:term":[{"taxonomy":"pwb-brand","embeddable":true,"href":"https:\/\/iha-race.com\/pt-pt\/wp-json\/wp\/v2\/pwb-brand?post=230812"},{"taxonomy":"product_cat","embeddable":true,"href":"https:\/\/iha-race.com\/pt-pt\/wp-json\/wp\/v2\/product_cat?post=230812"},{"taxonomy":"product_tag","embeddable":true,"href":"https:\/\/iha-race.com\/pt-pt\/wp-json\/wp\/v2\/product_tag?post=230812"}],"curies":[{"name":"wp","href":"https:\/\/api.w.org\/{rel}","templated":true}]}}