{"id":228691,"date":"2023-04-18T18:28:00","date_gmt":"2023-04-18T16:28:00","guid":{"rendered":"https:\/\/iha-race.com\/producto\/potenciometro-do-transmissor-literadio-nano-gimbal-alavanca-de-acelerador-ou-alavanca-de-inclinacao\/"},"modified":"2024-08-29T11:23:25","modified_gmt":"2024-08-29T09:23:25","slug":"transmissor-literadio-gimbal-power-meter-aceleracao-alavanca-ou-paddle-paddle-head","status":"publish","type":"product","link":"https:\/\/iha-race.com\/pt-pt\/produto\/transmissor-literadio-gimbal-power-meter-aceleracao-alavanca-ou-paddle-paddle-head\/","title":{"rendered":"Potenci\u00f3metro do Transmissor de Gimbal LiteRadio (Alavanca de Acelerador ou Alavanca de Inclina\u00e7\u00e3o)"},"content":{"rendered":"<h2>Transmissor LiteRadio Gimbal<\/h2>\n<p>  Este \u00e9 o joystick gimbal original para o LiteRadio 3 e o LiteRadio 2 SE. Tem um bom desempenho na sua durabilidade, proporcionando uma boa experi\u00eancia de voo para os pilotos. Al\u00e9m disso, a suspens\u00e3o cardan com fio torna muito f\u00e1cil a sua substitui\u00e7\u00e3o. Para os clientes que querem substituir ou atualizar o gimbal para o LiteRadio 3 ou LiteRadio 2 SE, este gimbal tem um bom desempenho e um pre\u00e7o razo\u00e1vel.  <img decoding=\"async\" src=\"https:\/\/cdn.shopify.com\/s\/files\/1\/1778\/6615\/files\/FB_83946ef5-11f6-4039-af0d-5ee2c790d6bf_1024x1024.jpg?v=1642042636\"><\/p>\n<h2>Caracter\u00edsticas<\/h2>\n<ul>\n<li>Fabricado em pl\u00e1stico e metal de alta qualidade. Com pontas de poste de forma ergon\u00f3mica, o poste \u00e9 destac\u00e1vel, antideslizante e ajust\u00e1vel em altura.<\/li>\n<li>O cardan do potenci\u00f3metro tem uma longa dura\u00e7\u00e3o at\u00e9 120k de rota\u00e7\u00f5es. A suspens\u00e3o cardan do cabo \u00e9 muito f\u00e1cil de substituir.<\/li>\n<li>O potenci\u00f3metro tem um posicionamento preciso e uma sensibilidade de resposta r\u00e1pida, trazendo uma boa experi\u00eancia ao seu voo.<\/li>\n<li>A suspens\u00e3o cardan Hall apresenta quatro rolamentos de precis\u00e3o, tens\u00e3o de mola ajust\u00e1vel e extremidades de alavanca ergon\u00f3micas para uma sensa\u00e7\u00e3o sem igual.<\/li>\n<li>A alavanca do acelerador\/yaw \u00e9 utilizada para acelera\u00e7\u00e3o e n\u00e3o pode voltar automaticamente ao centro. Enquanto a alavanca de inclina\u00e7\u00e3o\/rota\u00e7\u00e3o controla a direc\u00e7\u00e3o e pode voltar ao centro.<\/li>\n<\/ul>\n<h2 style=\"text-align: left;\">Especifica\u00e7\u00f5es<\/h2>\n<ul>\n<li>Item: Transmissor LiteRadio Nano Gimbal<\/li>\n<li>Sensor: Potenci\u00f3metro\/Hall<\/li>\n<li>Preto<\/li>\n<li>Tamanho: 35 mm * 42 mm<\/li>\n<li>Firmware necess\u00e1rio: LiteRadio_PLUS_V1.0.2 (Salon Cardan)<\/li>\n<li>Emissor recomendado: LiteRadio 3, LiteRadio 2 SE<\/li>\n<\/ul>\n<p><img decoding=\"async\" src=\"https:\/\/cdn.shopifycdn.net\/s\/files\/1\/1778\/6615\/files\/9f129dc471796112f26615522eb4b389_360x360.jpg?v=1639479364\"><\/p>\n<h2>Potenci\u00f3metro ou Gimbal Hall<\/h2>\n<p>  A principal diferen\u00e7a entre os dois gimbals \u00e9 o sensor. O potenci\u00f3metro gimbal cont\u00e9m v\u00e1rios componentes electr\u00f3nicos que aumentam ou diminuem o n\u00edvel de resist\u00eancia quando em movimento. Em compara\u00e7\u00e3o com os gimbals de potenci\u00f3metro, os gimbals de hall utilizam um sistema magn\u00e9tico que n\u00e3o se desgasta devido ao contacto f\u00edsico.  <\/p>\n<div class=\"table-wrapper\">\n<table width=\"100%\">\n<tbody>\n<tr>\n<td><\/td>\n<td>potenci\u00f3metro de eixo cardan<\/td>\n<td>Sala do cardan<\/td>\n<\/tr>\n<tr>\n<td>Sensor<\/td>\n<td>Potenci\u00f3metro<\/td>\n<td>Efeito Hall<\/td>\n<\/tr>\n<tr>\n<td>Extremidades do poste<\/td>\n<td>Ajust\u00e1veis<\/td>\n<td>Ajust\u00e1vel<\/td>\n<\/tr>\n<tr>\n<td>Tens\u00e3o da mola<\/td>\n<td>n\u00e3o ajust\u00e1vel<\/td>\n<td>Ajust\u00e1vel<\/td>\n<\/tr>\n<tr>\n<td>Tamanho<\/td>\n<td>35 mm * 42 mm<\/td>\n<td>35 mm * 42 mm<\/td>\n<\/tr>\n<tr>\n<td>Compat\u00edvel com TX<\/td>\n<td>Literradio 3\/2 SE<\/td>\n<td>Literradio 3\/2 SE<\/td>\n<\/tr>\n<\/tbody>\n<\/table>\n<\/div>\n<h2>Diagrama de cablagem<\/h2>\n<p>  O diagrama de liga\u00e7\u00e3o do cardan do potenci\u00f3metro \u00e9 mostrado abaixo. Aqui tens um exemplo no Literadio 2 SE (modo 2).  <img decoding=\"async\" src=\"https:\/\/cdn.shopify.com\/s\/files\/1\/1778\/6615\/files\/LR2_SE_df5d35b1-75b4-479d-b4b0-3cd7f6c2b81b_600x600.jpg?v=1642156940\">  O diagrama de liga\u00e7\u00e3o do veio cardan do corredor \u00e9 apresentado abaixo. Aqui tens um exemplo no Literadio 3 (modo 2).  <img decoding=\"async\" src=\"https:\/\/cdn.shopify.com\/s\/files\/1\/1778\/6615\/files\/f4b3da9554de4e60ffd11b8edcb16ff8_44444834-b364-4657-a99b-15b6382d88c5_600x600.jpg?v=1642156954\">  O ajuste da tens\u00e3o da mola para a junta universal de hall \u00e9 mostrado abaixo. A tampa traseira deve ser removida antes de ajustar a tens\u00e3o da mola. Aqui tens um exemplo no Literadio 3 (modo 2).  <img decoding=\"async\" src=\"https:\/\/cdn.shopify.com\/s\/files\/1\/1778\/6615\/files\/8_e4ffb7ce-9055-44bd-9bcf-3a8f3225234b_600x600.jpg?v=1642156972\">  Se o LiteRadio 2 SE for uma vers\u00e3o mais antiga, tens de cortar partes do compartimento das pilhas. As pe\u00e7as de corte dependem do local onde o eixo do acelerador \u00e9 instalado. Para a nova vers\u00e3o LiteRadio 2 SE, o gimbal pode ser substitu\u00eddo normalmente.  <em>Nota: As pe\u00e7as do compartimento da bateria tamb\u00e9m devem ser cortadas se estiver pronto para substituir as cardan para a LiteRadio 2. Consultar a vers\u00e3o anterior de LiterRadio 2 SE para pe\u00e7as cortadas.<\/em><\/p>\n<p><img decoding=\"async\" src=\"https:\/\/cdn.shopifycdn.net\/s\/files\/1\/1778\/6615\/files\/dca3527c75cbd6f4e37a2ed5c742b2e6_6e9844de-957a-435d-a85e-fb9ccb91dda2_600x600.jpg?v=1639560810\"><\/p>\n<h2>Perguntas mais frequentes<\/h2>\n<ul>\n<li><a title=\"Como substituir a Literadio 2 SE gimbals\" href=\"https:\/\/support.betafpv.com\/hc\/en-us\/articles\/900005704103-How-to-replace-the-gimbals-of-Literadio-2-SE\" target=\"_blank\" rel=\"noopener\">Como substituir as hastes cardan?<\/a>  O v\u00eddeo instrutivo aplica-se ao transmissor da s\u00e9rie LiteRadio. (\u00c1UDIO EM INGL\u00caS)<\/li>\n<\/ul>\n<p><iframe title=\"BETAFPV LiteRadio 2 SE\/LiteRadio 2 I How to Replace the Gimbals\" width=\"1200\" height=\"675\" src=\"https:\/\/www.youtube.com\/embed\/JtDGNqkaiJ8?feature=oembed\" frameborder=\"0\" allow=\"accelerometer; autoplay; clipboard-write; encrypted-media; gyroscope; picture-in-picture; web-share\" referrerpolicy=\"strict-origin-when-cross-origin\" allowfullscreen><\/iframe><br \/>\n <em>Nota: Efectuar uma calibra\u00e7\u00e3o com joystick ap\u00f3s a substitui\u00e7\u00e3o da suspens\u00e3o cardan. Este v\u00eddeo ir\u00e1 ajud\u00e1-lo a aprender mais sobre a calibra\u00e7\u00e3o de joystick. Os passos s\u00e3o os mesmos para o transmissor da s\u00e9rie LiteRadio.<\/em><br \/>\n<iframe title=\"BETAFPV Literadio 2 SE Joystick Calibration\" width=\"1200\" height=\"675\" src=\"https:\/\/www.youtube.com\/embed\/mkDREF-_yOk?feature=oembed\" frameborder=\"0\" allow=\"accelerometer; autoplay; clipboard-write; encrypted-media; gyroscope; picture-in-picture; web-share\" referrerpolicy=\"strict-origin-when-cross-origin\" allowfullscreen><\/iframe><\/p>\n<h2>O pacote inclui<\/h2>\n<ul>\n<li>1 x Transmissor LiteRadio Nano Gimbal (alavanca do acelerador\/desvio ou alavanca pitch\/roll)<\/li>\n<\/ul>\n","protected":false},"excerpt":{"rendered":"<p>Transmissor LiteRadio Gimbal Este \u00e9 o joystick gimbal original para o LiteRadio 3 e o LiteRadio 2 SE. Tem um bom desempenho na sua durabilidade, proporcionando uma boa experi\u00eancia de<\/p>\n","protected":false},"featured_media":228665,"comment_status":"open","ping_status":"closed","template":"","meta":{"_joinchat":[]},"pwb-brand":[],"product_cat":[1249,2448],"product_tag":[],"class_list":{"0":"post-228691","1":"product","2":"type-product","3":"status-publish","4":"has-post-thumbnail","6":"product_cat-emissoras","7":"product_cat-pecas-sobressalentes-pt-pt","9":"first","10":"instock","11":"taxable","12":"shipping-taxable","13":"purchasable","14":"product-type-variable"},"barcode":null,"atum_controlled":true,"out_stock_date":null,"out_stock_threshold":null,"inheritable":true,"stock_on_hold":0,"sold_today":2,"sales_last_days":2,"out_stock_days":null,"lost_sales":0,"update_date":"2026-03-21T11:17:10","atum_locations":[],"atum_stock_status":"instock","restock_status":false,"low_stock_amount":"","sales_update_date":"2026-03-21T11:17:10","calc_backorders":null,"yoast_head":"<!-- This site is optimized with the Yoast SEO plugin v27.3 - https:\/\/yoast.com\/product\/yoast-seo-wordpress\/ -->\n<title>Potenci\u00f3metro do Transmissor de Gimbal LiteRadio (Alavanca de Acelerador ou Alavanca de Inclina\u00e7\u00e3o) - Iha Race<\/title>\n<meta name=\"robots\" content=\"index, follow, max-snippet:-1, max-image-preview:large, max-video-preview:-1\" \/>\n<link rel=\"canonical\" href=\"https:\/\/iha-race.com\/pt-pt\/produto\/transmissor-literadio-gimbal-power-meter-aceleracao-alavanca-ou-paddle-paddle-head\/\" \/>\n<meta property=\"og:locale\" content=\"pt_PT\" \/>\n<meta property=\"og:type\" content=\"article\" \/>\n<meta property=\"og:title\" content=\"Potenci\u00f3metro do Transmissor de Gimbal LiteRadio (Alavanca de Acelerador ou Alavanca de Inclina\u00e7\u00e3o) - Iha Race\" \/>\n<meta property=\"og:description\" content=\"Transmissor LiteRadio Gimbal Este \u00e9 o joystick gimbal original para o LiteRadio 3 e o LiteRadio 2 SE. Tem um bom desempenho na sua durabilidade, proporcionando uma boa experi\u00eancia de\" \/>\n<meta property=\"og:url\" content=\"https:\/\/iha-race.com\/pt-pt\/produto\/transmissor-literadio-gimbal-power-meter-aceleracao-alavanca-ou-paddle-paddle-head\/\" \/>\n<meta property=\"og:site_name\" content=\"Iha Race\" \/>\n<meta property=\"article:modified_time\" content=\"2024-08-29T09:23:25+00:00\" \/>\n<meta property=\"og:image\" content=\"https:\/\/iha-race.com\/wp-content\/uploads\/2023\/04\/Transmisor-LiteRadio-Nano-Gimbal-Potenciometro-Palanca-de-aceleracion-Palanca-de-cabeceo.webp\" \/>\n\t<meta property=\"og:image:width\" content=\"720\" \/>\n\t<meta property=\"og:image:height\" content=\"720\" \/>\n\t<meta property=\"og:image:type\" content=\"image\/webp\" \/>\n<meta name=\"twitter:card\" content=\"summary_large_image\" \/>\n<meta name=\"twitter:label1\" content=\"Tempo estimado de leitura\" \/>\n\t<meta name=\"twitter:data1\" content=\"3 minutos\" \/>\n<script type=\"application\/ld+json\" class=\"yoast-schema-graph\">{\"@context\":\"https:\\\/\\\/schema.org\",\"@graph\":[{\"@type\":\"WebPage\",\"@id\":\"https:\\\/\\\/iha-race.com\\\/pt-pt\\\/produto\\\/transmissor-literadio-gimbal-power-meter-aceleracao-alavanca-ou-paddle-paddle-head\\\/\",\"url\":\"https:\\\/\\\/iha-race.com\\\/pt-pt\\\/produto\\\/transmissor-literadio-gimbal-power-meter-aceleracao-alavanca-ou-paddle-paddle-head\\\/\",\"name\":\"Potenci\u00f3metro do Transmissor de Gimbal LiteRadio (Alavanca de Acelerador ou Alavanca de Inclina\u00e7\u00e3o) - Iha Race\",\"isPartOf\":{\"@id\":\"https:\\\/\\\/iha-race.com\\\/pt-pt\\\/#website\"},\"primaryImageOfPage\":{\"@id\":\"https:\\\/\\\/iha-race.com\\\/pt-pt\\\/produto\\\/transmissor-literadio-gimbal-power-meter-aceleracao-alavanca-ou-paddle-paddle-head\\\/#primaryimage\"},\"image\":{\"@id\":\"https:\\\/\\\/iha-race.com\\\/pt-pt\\\/produto\\\/transmissor-literadio-gimbal-power-meter-aceleracao-alavanca-ou-paddle-paddle-head\\\/#primaryimage\"},\"thumbnailUrl\":\"https:\\\/\\\/iha-race.com\\\/wp-content\\\/uploads\\\/2023\\\/04\\\/Transmisor-LiteRadio-Nano-Gimbal-Potenciometro-Palanca-de-aceleracion-Palanca-de-cabeceo.webp\",\"datePublished\":\"2023-04-18T16:28:00+00:00\",\"dateModified\":\"2024-08-29T09:23:25+00:00\",\"breadcrumb\":{\"@id\":\"https:\\\/\\\/iha-race.com\\\/pt-pt\\\/produto\\\/transmissor-literadio-gimbal-power-meter-aceleracao-alavanca-ou-paddle-paddle-head\\\/#breadcrumb\"},\"inLanguage\":\"pt-PT\",\"potentialAction\":[{\"@type\":\"ReadAction\",\"target\":[\"https:\\\/\\\/iha-race.com\\\/pt-pt\\\/produto\\\/transmissor-literadio-gimbal-power-meter-aceleracao-alavanca-ou-paddle-paddle-head\\\/\"]}]},{\"@type\":\"ImageObject\",\"inLanguage\":\"pt-PT\",\"@id\":\"https:\\\/\\\/iha-race.com\\\/pt-pt\\\/produto\\\/transmissor-literadio-gimbal-power-meter-aceleracao-alavanca-ou-paddle-paddle-head\\\/#primaryimage\",\"url\":\"https:\\\/\\\/iha-race.com\\\/wp-content\\\/uploads\\\/2023\\\/04\\\/Transmisor-LiteRadio-Nano-Gimbal-Potenciometro-Palanca-de-aceleracion-Palanca-de-cabeceo.webp\",\"contentUrl\":\"https:\\\/\\\/iha-race.com\\\/wp-content\\\/uploads\\\/2023\\\/04\\\/Transmisor-LiteRadio-Nano-Gimbal-Potenciometro-Palanca-de-aceleracion-Palanca-de-cabeceo.webp\",\"width\":720,\"height\":720},{\"@type\":\"BreadcrumbList\",\"@id\":\"https:\\\/\\\/iha-race.com\\\/pt-pt\\\/produto\\\/transmissor-literadio-gimbal-power-meter-aceleracao-alavanca-ou-paddle-paddle-head\\\/#breadcrumb\",\"itemListElement\":[{\"@type\":\"ListItem\",\"position\":1,\"name\":\"Portada\",\"item\":\"https:\\\/\\\/iha-race.com\\\/pt-pt\\\/elementor-499\\\/\"},{\"@type\":\"ListItem\",\"position\":2,\"name\":\"Shop\",\"item\":\"https:\\\/\\\/iha-race.com\\\/pt-pt\\\/shop\\\/\"},{\"@type\":\"ListItem\",\"position\":3,\"name\":\"Potenci\u00f3metro do Transmissor de Gimbal LiteRadio (Alavanca de Acelerador ou Alavanca de Inclina\u00e7\u00e3o)\"}]},{\"@type\":\"WebSite\",\"@id\":\"https:\\\/\\\/iha-race.com\\\/pt-pt\\\/#website\",\"url\":\"https:\\\/\\\/iha-race.com\\\/pt-pt\\\/\",\"name\":\"Iha Race\",\"description\":\"Comprar drones de carreras FPV env\u00edos en un d\u00eda desde Espa\u00f1a\",\"publisher\":{\"@id\":\"https:\\\/\\\/iha-race.com\\\/pt-pt\\\/#organization\"},\"potentialAction\":[{\"@type\":\"SearchAction\",\"target\":{\"@type\":\"EntryPoint\",\"urlTemplate\":\"https:\\\/\\\/iha-race.com\\\/pt-pt\\\/?s={search_term_string}\"},\"query-input\":{\"@type\":\"PropertyValueSpecification\",\"valueRequired\":true,\"valueName\":\"search_term_string\"}}],\"inLanguage\":\"pt-PT\"},{\"@type\":\"Organization\",\"@id\":\"https:\\\/\\\/iha-race.com\\\/pt-pt\\\/#organization\",\"name\":\"Iha Race\",\"url\":\"https:\\\/\\\/iha-race.com\\\/pt-pt\\\/\",\"logo\":{\"@type\":\"ImageObject\",\"inLanguage\":\"pt-PT\",\"@id\":\"https:\\\/\\\/iha-race.com\\\/pt-pt\\\/#\\\/schema\\\/logo\\\/image\\\/\",\"url\":\"https:\\\/\\\/iha-race.com\\\/wp-content\\\/uploads\\\/2018\\\/07\\\/iha-race-drones-de-carreras-tienda-comprar-drones.png\",\"contentUrl\":\"https:\\\/\\\/iha-race.com\\\/wp-content\\\/uploads\\\/2018\\\/07\\\/iha-race-drones-de-carreras-tienda-comprar-drones.png\",\"width\":300,\"height\":100,\"caption\":\"Iha Race\"},\"image\":{\"@id\":\"https:\\\/\\\/iha-race.com\\\/pt-pt\\\/#\\\/schema\\\/logo\\\/image\\\/\"}}]}<\/script>\n<!-- \/ Yoast SEO plugin. -->","yoast_head_json":{"title":"Potenci\u00f3metro do Transmissor de Gimbal LiteRadio (Alavanca de Acelerador ou Alavanca de Inclina\u00e7\u00e3o) - Iha Race","robots":{"index":"index","follow":"follow","max-snippet":"max-snippet:-1","max-image-preview":"max-image-preview:large","max-video-preview":"max-video-preview:-1"},"canonical":"https:\/\/iha-race.com\/pt-pt\/produto\/transmissor-literadio-gimbal-power-meter-aceleracao-alavanca-ou-paddle-paddle-head\/","og_locale":"pt_PT","og_type":"article","og_title":"Potenci\u00f3metro do Transmissor de Gimbal LiteRadio (Alavanca de Acelerador ou Alavanca de Inclina\u00e7\u00e3o) - Iha Race","og_description":"Transmissor LiteRadio Gimbal Este \u00e9 o joystick gimbal original para o LiteRadio 3 e o LiteRadio 2 SE. Tem um bom desempenho na sua durabilidade, proporcionando uma boa experi\u00eancia de","og_url":"https:\/\/iha-race.com\/pt-pt\/produto\/transmissor-literadio-gimbal-power-meter-aceleracao-alavanca-ou-paddle-paddle-head\/","og_site_name":"Iha Race","article_modified_time":"2024-08-29T09:23:25+00:00","og_image":[{"width":720,"height":720,"url":"https:\/\/iha-race.com\/wp-content\/uploads\/2023\/04\/Transmisor-LiteRadio-Nano-Gimbal-Potenciometro-Palanca-de-aceleracion-Palanca-de-cabeceo.webp","type":"image\/webp"}],"twitter_card":"summary_large_image","twitter_misc":{"Tempo estimado de leitura":"3 minutos"},"schema":{"@context":"https:\/\/schema.org","@graph":[{"@type":"WebPage","@id":"https:\/\/iha-race.com\/pt-pt\/produto\/transmissor-literadio-gimbal-power-meter-aceleracao-alavanca-ou-paddle-paddle-head\/","url":"https:\/\/iha-race.com\/pt-pt\/produto\/transmissor-literadio-gimbal-power-meter-aceleracao-alavanca-ou-paddle-paddle-head\/","name":"Potenci\u00f3metro do Transmissor de Gimbal LiteRadio (Alavanca de Acelerador ou Alavanca de Inclina\u00e7\u00e3o) - Iha Race","isPartOf":{"@id":"https:\/\/iha-race.com\/pt-pt\/#website"},"primaryImageOfPage":{"@id":"https:\/\/iha-race.com\/pt-pt\/produto\/transmissor-literadio-gimbal-power-meter-aceleracao-alavanca-ou-paddle-paddle-head\/#primaryimage"},"image":{"@id":"https:\/\/iha-race.com\/pt-pt\/produto\/transmissor-literadio-gimbal-power-meter-aceleracao-alavanca-ou-paddle-paddle-head\/#primaryimage"},"thumbnailUrl":"https:\/\/iha-race.com\/wp-content\/uploads\/2023\/04\/Transmisor-LiteRadio-Nano-Gimbal-Potenciometro-Palanca-de-aceleracion-Palanca-de-cabeceo.webp","datePublished":"2023-04-18T16:28:00+00:00","dateModified":"2024-08-29T09:23:25+00:00","breadcrumb":{"@id":"https:\/\/iha-race.com\/pt-pt\/produto\/transmissor-literadio-gimbal-power-meter-aceleracao-alavanca-ou-paddle-paddle-head\/#breadcrumb"},"inLanguage":"pt-PT","potentialAction":[{"@type":"ReadAction","target":["https:\/\/iha-race.com\/pt-pt\/produto\/transmissor-literadio-gimbal-power-meter-aceleracao-alavanca-ou-paddle-paddle-head\/"]}]},{"@type":"ImageObject","inLanguage":"pt-PT","@id":"https:\/\/iha-race.com\/pt-pt\/produto\/transmissor-literadio-gimbal-power-meter-aceleracao-alavanca-ou-paddle-paddle-head\/#primaryimage","url":"https:\/\/iha-race.com\/wp-content\/uploads\/2023\/04\/Transmisor-LiteRadio-Nano-Gimbal-Potenciometro-Palanca-de-aceleracion-Palanca-de-cabeceo.webp","contentUrl":"https:\/\/iha-race.com\/wp-content\/uploads\/2023\/04\/Transmisor-LiteRadio-Nano-Gimbal-Potenciometro-Palanca-de-aceleracion-Palanca-de-cabeceo.webp","width":720,"height":720},{"@type":"BreadcrumbList","@id":"https:\/\/iha-race.com\/pt-pt\/produto\/transmissor-literadio-gimbal-power-meter-aceleracao-alavanca-ou-paddle-paddle-head\/#breadcrumb","itemListElement":[{"@type":"ListItem","position":1,"name":"Portada","item":"https:\/\/iha-race.com\/pt-pt\/elementor-499\/"},{"@type":"ListItem","position":2,"name":"Shop","item":"https:\/\/iha-race.com\/pt-pt\/shop\/"},{"@type":"ListItem","position":3,"name":"Potenci\u00f3metro do Transmissor de Gimbal LiteRadio (Alavanca de Acelerador ou Alavanca de Inclina\u00e7\u00e3o)"}]},{"@type":"WebSite","@id":"https:\/\/iha-race.com\/pt-pt\/#website","url":"https:\/\/iha-race.com\/pt-pt\/","name":"Iha Race","description":"Comprar drones de carreras FPV env\u00edos en un d\u00eda desde Espa\u00f1a","publisher":{"@id":"https:\/\/iha-race.com\/pt-pt\/#organization"},"potentialAction":[{"@type":"SearchAction","target":{"@type":"EntryPoint","urlTemplate":"https:\/\/iha-race.com\/pt-pt\/?s={search_term_string}"},"query-input":{"@type":"PropertyValueSpecification","valueRequired":true,"valueName":"search_term_string"}}],"inLanguage":"pt-PT"},{"@type":"Organization","@id":"https:\/\/iha-race.com\/pt-pt\/#organization","name":"Iha Race","url":"https:\/\/iha-race.com\/pt-pt\/","logo":{"@type":"ImageObject","inLanguage":"pt-PT","@id":"https:\/\/iha-race.com\/pt-pt\/#\/schema\/logo\/image\/","url":"https:\/\/iha-race.com\/wp-content\/uploads\/2018\/07\/iha-race-drones-de-carreras-tienda-comprar-drones.png","contentUrl":"https:\/\/iha-race.com\/wp-content\/uploads\/2018\/07\/iha-race-drones-de-carreras-tienda-comprar-drones.png","width":300,"height":100,"caption":"Iha Race"},"image":{"@id":"https:\/\/iha-race.com\/pt-pt\/#\/schema\/logo\/image\/"}}]}},"brands":[],"_links":{"self":[{"href":"https:\/\/iha-race.com\/pt-pt\/wp-json\/wp\/v2\/product\/228691","targetHints":{"allow":["GET"]}}],"collection":[{"href":"https:\/\/iha-race.com\/pt-pt\/wp-json\/wp\/v2\/product"}],"about":[{"href":"https:\/\/iha-race.com\/pt-pt\/wp-json\/wp\/v2\/types\/product"}],"replies":[{"embeddable":true,"href":"https:\/\/iha-race.com\/pt-pt\/wp-json\/wp\/v2\/comments?post=228691"}],"version-history":[{"count":2,"href":"https:\/\/iha-race.com\/pt-pt\/wp-json\/wp\/v2\/product\/228691\/revisions"}],"predecessor-version":[{"id":248606,"href":"https:\/\/iha-race.com\/pt-pt\/wp-json\/wp\/v2\/product\/228691\/revisions\/248606"}],"wp:featuredmedia":[{"embeddable":true,"href":"https:\/\/iha-race.com\/pt-pt\/wp-json\/wp\/v2\/media\/228665"}],"wp:attachment":[{"href":"https:\/\/iha-race.com\/pt-pt\/wp-json\/wp\/v2\/media?parent=228691"}],"wp:term":[{"taxonomy":"pwb-brand","embeddable":true,"href":"https:\/\/iha-race.com\/pt-pt\/wp-json\/wp\/v2\/pwb-brand?post=228691"},{"taxonomy":"product_cat","embeddable":true,"href":"https:\/\/iha-race.com\/pt-pt\/wp-json\/wp\/v2\/product_cat?post=228691"},{"taxonomy":"product_tag","embeddable":true,"href":"https:\/\/iha-race.com\/pt-pt\/wp-json\/wp\/v2\/product_tag?post=228691"}],"curies":[{"name":"wp","href":"https:\/\/api.w.org\/{rel}","templated":true}]}}