{"id":228544,"date":"2023-04-14T17:18:21","date_gmt":"2023-04-14T15:18:21","guid":{"rendered":"https:\/\/iha-race.com\/producto\/kit-adaptador-de-antena-universal-lumenier-para-oculos-de-dji-2\/"},"modified":"2024-08-29T11:23:11","modified_gmt":"2024-08-29T09:23:11","slug":"universal-lumenier-universal-antenna-adapter-kit-for-dji-goggles-2","status":"publish","type":"product","link":"https:\/\/iha-race.com\/pt-pt\/produto\/universal-lumenier-universal-antenna-adapter-kit-for-dji-goggles-2\/","title":{"rendered":"Kit adaptador de antena universal Lumenier para \u00f3culos de DJI 2"},"content":{"rendered":"<h2><span data-sheets-value=\"{\"1\":2,\"2\":\"Kit de adaptador de antena universal Lumenier para DJI Goggles 2\"}\" data-sheets-userformat=\"{\"2\":4995,\"3\":{\"1\":0},\"4\":{\"1\":2,\"2\":16777215},\"10\":2,\"11\":4,\"12\":0,\"15\":\"\\\"Segoe UI\\\", \\\"Helvetica Neue\\\", Arial, sans-serif\"}\">Kit adaptador de antena universal Lumenier para \u00f3culos de DJI 2<\/span><\/h2>\n<h2 class=\"text-gray-900 text-2xl title-font font-base w-full pb-3\">Sobre este produto<\/h2>\n<div class=\"w-full\">\n<div class=\"prose max-w-none\">\n<div data-content-type=\"row\" data-appearance=\"contained\" data-element=\"main\">\n<div data-enable-parallax=\"0\" data-parallax-speed=\"0.5\" data-background-images=\"{}\" data-background-type=\"image\" data-video-loop=\"true\" data-video-play-only-visible=\"true\" data-video-lazy-load=\"true\" data-video-fallback-src=\"\" data-element=\"inner\" data-pb-style=\"PAXGX1Y\">\n<div data-content-type=\"text\" data-appearance=\"default\" data-element=\"main\">  O <strong>Kit Adaptador de Antena Universal Lumenier<\/strong> permite-te ligar uma antena RP-SMA ou SMA, como as antenas Lumenier AXII, aos DJI Goggles 2. Basta pressionar o adaptador e o conector juntos, depois ligar a sua antena para uma experi\u00eancia FPV mais vers\u00e1til. Agora pode trocar facilmente os seus \u00f3culos de protec\u00e7\u00e3o 2 antenas pela antena perfeita para o trabalho. Escolha AXII Stubby para uma cobertura s\u00f3lida de 360 graus, ou AXII Patch para voos de alto ganho, de longo alcance, ou o melhor dos dois mundos com antenas duplas AXII! Os adaptadores Lumenier permitem-te escolher a melhor antena para as tuas necessidades!  <\/div>\n<\/div>\n<\/div>\n<div data-content-type=\"row\" data-appearance=\"contained\" data-element=\"main\">\n<div data-enable-parallax=\"0\" data-parallax-speed=\"0.5\" data-background-images=\"{}\" data-background-type=\"image\" data-video-loop=\"true\" data-video-play-only-visible=\"true\" data-video-lazy-load=\"true\" data-video-fallback-src=\"\" data-element=\"inner\" data-pb-style=\"AD36V8E\">\n<div data-content-type=\"text\" data-appearance=\"default\" data-element=\"main\">\n<p><strong>Escolher um adaptador:<\/strong><\/p>\n<ul>\n<li><strong>MCX para RP-SMA<\/strong><\/li>\n<li><strong>MCX para SMA<\/strong><\/li>\n<\/ul>\n<\/div>\n<\/div>\n<\/div>\n<div data-content-type=\"row\" data-appearance=\"contained\" data-element=\"main\">\n<div data-enable-parallax=\"0\" data-parallax-speed=\"0.5\" data-background-images=\"{}\" data-background-type=\"image\" data-video-loop=\"true\" data-video-play-only-visible=\"true\" data-video-lazy-load=\"true\" data-video-fallback-src=\"\" data-element=\"inner\" data-pb-style=\"FNA0EIV\">\n<div data-content-type=\"text\" data-appearance=\"default\" data-element=\"main\">\n<p><em>Nota: Os \u00f3culos n\u00e3o est\u00e3o inclu\u00eddos. Escolha um tipo de conector e certifique-se de que combina SMA ou RP-SMA com a antena da sua escolha.<\/em><\/p>\n<\/div>\n<\/div>\n<\/div>\n<div data-content-type=\"row\" data-appearance=\"contained\" data-element=\"main\">\n<div data-enable-parallax=\"0\" data-parallax-speed=\"0.5\" data-background-images=\"{}\" data-background-type=\"image\" data-video-loop=\"true\" data-video-play-only-visible=\"true\" data-video-lazy-load=\"true\" data-video-fallback-src=\"\" data-element=\"inner\" data-pb-style=\"YBCEH8T\">\n<h2 data-content-type=\"heading\" data-appearance=\"default\" data-element=\"main\">Caracter\u00edsticas<\/h2>\n<div data-content-type=\"text\" data-appearance=\"default\" data-element=\"main\">\n<ul>\n<li>Adapte os seus \u00f3culos de DJI para caber nas antenas RP-SMA ou SMA<\/li>\n<li>F\u00e1cil de instalar, basta remover as antenas originais e pressionar os adaptadores MCX at\u00e9 os ouvir encaixar no lugar.<\/li>\n<li>Compartimentos de conectores moldados por injec\u00e7\u00e3o, com chaveta \u00e0 esquerda e \u00e0 direita<\/li>\n<li>Cor adaptada a Goggles 2, aspecto e toque OEM.<\/li>\n<\/ul>\n<\/div>\n<\/div>\n<\/div>\n<div data-content-type=\"row\" data-appearance=\"contained\" data-element=\"main\">\n<div data-enable-parallax=\"0\" data-parallax-speed=\"0.5\" data-background-images=\"{}\" data-background-type=\"image\" data-video-loop=\"true\" data-video-play-only-visible=\"true\" data-video-lazy-load=\"true\" data-video-fallback-src=\"\" data-element=\"inner\" data-pb-style=\"P920YL6\">\n<h2 data-content-type=\"heading\" data-appearance=\"default\" data-element=\"main\">Especifica\u00e7\u00f5es<\/h2>\n<div data-content-type=\"text\" data-appearance=\"default\" data-element=\"main\">\n<ul>\n<li>Conector: escolha entre MCX para RP-SMA ou MCX para SMA<\/li>\n<li>Compatibilidade: \u00d3culos DJI 2<\/li>\n<li>Orienta\u00e7\u00e3o: adaptadores \u00e0 esquerda e \u00e0 direita<\/li>\n<li>Peso (Kit completo): 6g<\/li>\n<\/ul>\n<\/div>\n<\/div>\n<\/div>\n<div data-content-type=\"row\" data-appearance=\"contained\" data-element=\"main\">\n<div data-enable-parallax=\"0\" data-parallax-speed=\"0.5\" data-background-images=\"{}\" data-background-type=\"image\" data-video-loop=\"true\" data-video-play-only-visible=\"true\" data-video-lazy-load=\"true\" data-video-fallback-src=\"\" data-element=\"inner\" data-pb-style=\"OPC2EU7\">\n<div data-content-type=\"text\" data-appearance=\"default\" data-element=\"main\">\n<p><em>NOTAS IMPORTANTES<\/em><\/p>\n<\/div>\n<div data-content-type=\"text\" data-appearance=\"default\" data-element=\"main\">\n<ul>\n<li id=\"PHHTXSE\">Estes adaptadores n\u00e3o funcionam com os DJI Goggles Integra, uma vez que estas antenas n\u00e3o s\u00e3o amov\u00edveis.<\/li>\n<\/ul>\n<\/div>\n<\/div>\n<\/div>\n<div data-content-type=\"row\" data-appearance=\"contained\" data-element=\"main\">\n<div data-enable-parallax=\"0\" data-parallax-speed=\"0.5\" data-background-images=\"{}\" data-background-type=\"image\" data-video-loop=\"true\" data-video-play-only-visible=\"true\" data-video-lazy-load=\"true\" data-video-fallback-src=\"\" data-element=\"inner\" data-pb-style=\"YG7H1MH\">\n<h2 data-content-type=\"heading\" data-appearance=\"default\" data-element=\"main\">Recomendado (N\u00e3o Inclu\u00eddo)<\/h2>\n<div data-content-type=\"text\" data-appearance=\"default\" data-element=\"main\">\n<ul>\n<li>\u00d3culos DJI 2<\/li>\n<\/ul>\n<\/div>\n<\/div>\n<\/div>\n<div data-content-type=\"row\" data-appearance=\"contained\" data-element=\"main\">\n<div data-enable-parallax=\"0\" data-parallax-speed=\"0.5\" data-background-images=\"{}\" data-background-type=\"image\" data-video-loop=\"true\" data-video-play-only-visible=\"true\" data-video-lazy-load=\"true\" data-video-fallback-src=\"\" data-element=\"inner\" data-pb-style=\"XOVY7TT\">\n<h2 data-content-type=\"heading\" data-appearance=\"default\" data-element=\"main\">Inclui<\/h2>\n<div data-content-type=\"text\" data-appearance=\"default\" data-element=\"main\">\n<ul>\n<li>2 conectores Lumenier (escolher MCX para RP-SMA ou MCX para SMA)<\/li>\n<li>1x Adaptador universal Lumenier para \u00f3culos de DJI 2 &#8211; Direito (Preto)<\/li>\n<li>1x Adaptador Universal Lumenier para \u00f3culos de DJI 2 &#8211; Esquerda (Preto)<\/li>\n<\/ul>\n<\/div>\n<\/div>\n<\/div>\n<div data-content-type=\"row\" data-appearance=\"contained\" data-element=\"main\">\n<div data-enable-parallax=\"0\" data-parallax-speed=\"0.5\" data-background-images=\"{}\" data-background-type=\"image\" data-video-loop=\"true\" data-video-play-only-visible=\"true\" data-video-lazy-load=\"true\" data-video-fallback-src=\"\" data-element=\"inner\" data-pb-style=\"MPIFNTO\">\n<figure data-content-type=\"image\" data-appearance=\"full-width\" data-element=\"main\" data-pb-style=\"GXY4JW3\"><img decoding=\"async\" class=\"pagebuilder-mobile-hidden\" title=\"\" src=\"https:\/\/cdn.getfpv.com\/media\/wysiwyg\/Web-Compatability-Chart-Antenna-Adapters-864-3_copy.webp\" alt=\"\" data-element=\"desktop_image\" data-pb-style=\"PRDL3AQ\"><\/figure>\n<\/div>\n<\/div>\n<\/div>\n<\/div>\n","protected":false},"excerpt":{"rendered":"<p>Kit adaptador de antena universal Lumenier para \u00f3culos de DJI 2 Sobre este produto O Kit Adaptador de Antena Universal Lumenier permite-te ligar uma antena RP-SMA ou SMA, como as<\/p>\n","protected":false},"featured_media":228505,"comment_status":"open","ping_status":"closed","template":"","meta":{"_joinchat":[]},"pwb-brand":[],"product_cat":[1510,1198],"product_tag":[],"class_list":{"0":"post-228544","1":"product","2":"type-product","3":"status-publish","4":"has-post-thumbnail","6":"product_cat-acessorios-para-antenas","7":"product_cat-antenas-fpv","9":"first","10":"instock","11":"taxable","12":"shipping-taxable","13":"purchasable","14":"product-type-variable"},"barcode":null,"atum_controlled":true,"out_stock_date":null,"out_stock_threshold":null,"inheritable":true,"stock_on_hold":0,"sold_today":0,"sales_last_days":2,"out_stock_days":null,"lost_sales":0,"update_date":"2026-04-18T22:03:26","atum_locations":[],"atum_stock_status":"instock","restock_status":false,"low_stock_amount":"","sales_update_date":"2026-04-18T22:03:26","calc_backorders":null,"yoast_head":"<!-- This site is optimized with the Yoast SEO plugin v27.3 - https:\/\/yoast.com\/product\/yoast-seo-wordpress\/ -->\n<title>Kit adaptador de antena universal Lumenier para \u00f3culos de DJI 2 - Iha Race<\/title>\n<meta name=\"robots\" content=\"index, follow, max-snippet:-1, max-image-preview:large, max-video-preview:-1\" \/>\n<link rel=\"canonical\" href=\"https:\/\/iha-race.com\/pt-pt\/produto\/universal-lumenier-universal-antenna-adapter-kit-for-dji-goggles-2\/\" \/>\n<meta property=\"og:locale\" content=\"pt_PT\" \/>\n<meta property=\"og:type\" content=\"article\" \/>\n<meta property=\"og:title\" content=\"Kit adaptador de antena universal Lumenier para \u00f3culos de DJI 2 - Iha Race\" \/>\n<meta property=\"og:description\" content=\"Kit adaptador de antena universal Lumenier para \u00f3culos de DJI 2 Sobre este produto O Kit Adaptador de Antena Universal Lumenier permite-te ligar uma antena RP-SMA ou SMA, como as\" \/>\n<meta property=\"og:url\" content=\"https:\/\/iha-race.com\/pt-pt\/produto\/universal-lumenier-universal-antenna-adapter-kit-for-dji-goggles-2\/\" \/>\n<meta property=\"og:site_name\" content=\"Iha Race\" \/>\n<meta property=\"article:modified_time\" content=\"2024-08-29T09:23:11+00:00\" \/>\n<meta property=\"og:image\" content=\"https:\/\/iha-race.com\/wp-content\/uploads\/2023\/04\/Kit-de-adaptador-de-antena-universal-Lumenier-para-DJI-Goggles-2.jpeg\" \/>\n\t<meta property=\"og:image:width\" content=\"1920\" \/>\n\t<meta property=\"og:image:height\" content=\"1920\" \/>\n\t<meta property=\"og:image:type\" content=\"image\/jpeg\" \/>\n<meta name=\"twitter:card\" content=\"summary_large_image\" \/>\n<meta name=\"twitter:label1\" content=\"Tempo estimado de leitura\" \/>\n\t<meta name=\"twitter:data1\" content=\"1 minuto\" \/>\n<script type=\"application\/ld+json\" class=\"yoast-schema-graph\">{\"@context\":\"https:\\\/\\\/schema.org\",\"@graph\":[{\"@type\":\"WebPage\",\"@id\":\"https:\\\/\\\/iha-race.com\\\/pt-pt\\\/produto\\\/universal-lumenier-universal-antenna-adapter-kit-for-dji-goggles-2\\\/\",\"url\":\"https:\\\/\\\/iha-race.com\\\/pt-pt\\\/produto\\\/universal-lumenier-universal-antenna-adapter-kit-for-dji-goggles-2\\\/\",\"name\":\"Kit adaptador de antena universal Lumenier para \u00f3culos de DJI 2 - Iha Race\",\"isPartOf\":{\"@id\":\"https:\\\/\\\/iha-race.com\\\/pt-pt\\\/#website\"},\"primaryImageOfPage\":{\"@id\":\"https:\\\/\\\/iha-race.com\\\/pt-pt\\\/produto\\\/universal-lumenier-universal-antenna-adapter-kit-for-dji-goggles-2\\\/#primaryimage\"},\"image\":{\"@id\":\"https:\\\/\\\/iha-race.com\\\/pt-pt\\\/produto\\\/universal-lumenier-universal-antenna-adapter-kit-for-dji-goggles-2\\\/#primaryimage\"},\"thumbnailUrl\":\"https:\\\/\\\/iha-race.com\\\/wp-content\\\/uploads\\\/2023\\\/04\\\/Kit-de-adaptador-de-antena-universal-Lumenier-para-DJI-Goggles-2.jpeg\",\"datePublished\":\"2023-04-14T15:18:21+00:00\",\"dateModified\":\"2024-08-29T09:23:11+00:00\",\"breadcrumb\":{\"@id\":\"https:\\\/\\\/iha-race.com\\\/pt-pt\\\/produto\\\/universal-lumenier-universal-antenna-adapter-kit-for-dji-goggles-2\\\/#breadcrumb\"},\"inLanguage\":\"pt-PT\",\"potentialAction\":[{\"@type\":\"ReadAction\",\"target\":[\"https:\\\/\\\/iha-race.com\\\/pt-pt\\\/produto\\\/universal-lumenier-universal-antenna-adapter-kit-for-dji-goggles-2\\\/\"]}]},{\"@type\":\"ImageObject\",\"inLanguage\":\"pt-PT\",\"@id\":\"https:\\\/\\\/iha-race.com\\\/pt-pt\\\/produto\\\/universal-lumenier-universal-antenna-adapter-kit-for-dji-goggles-2\\\/#primaryimage\",\"url\":\"https:\\\/\\\/iha-race.com\\\/wp-content\\\/uploads\\\/2023\\\/04\\\/Kit-de-adaptador-de-antena-universal-Lumenier-para-DJI-Goggles-2.jpeg\",\"contentUrl\":\"https:\\\/\\\/iha-race.com\\\/wp-content\\\/uploads\\\/2023\\\/04\\\/Kit-de-adaptador-de-antena-universal-Lumenier-para-DJI-Goggles-2.jpeg\",\"width\":1920,\"height\":1920,\"caption\":\"Comprar Kit de adaptador de antena universal Lumenier para DJI Goggles 2\"},{\"@type\":\"BreadcrumbList\",\"@id\":\"https:\\\/\\\/iha-race.com\\\/pt-pt\\\/produto\\\/universal-lumenier-universal-antenna-adapter-kit-for-dji-goggles-2\\\/#breadcrumb\",\"itemListElement\":[{\"@type\":\"ListItem\",\"position\":1,\"name\":\"Portada\",\"item\":\"https:\\\/\\\/iha-race.com\\\/pt-pt\\\/elementor-499\\\/\"},{\"@type\":\"ListItem\",\"position\":2,\"name\":\"Shop\",\"item\":\"https:\\\/\\\/iha-race.com\\\/pt-pt\\\/shop\\\/\"},{\"@type\":\"ListItem\",\"position\":3,\"name\":\"Kit adaptador de antena universal Lumenier para \u00f3culos de DJI 2\"}]},{\"@type\":\"WebSite\",\"@id\":\"https:\\\/\\\/iha-race.com\\\/pt-pt\\\/#website\",\"url\":\"https:\\\/\\\/iha-race.com\\\/pt-pt\\\/\",\"name\":\"Iha Race\",\"description\":\"Comprar drones de carreras FPV env\u00edos en un d\u00eda desde Espa\u00f1a\",\"publisher\":{\"@id\":\"https:\\\/\\\/iha-race.com\\\/pt-pt\\\/#organization\"},\"potentialAction\":[{\"@type\":\"SearchAction\",\"target\":{\"@type\":\"EntryPoint\",\"urlTemplate\":\"https:\\\/\\\/iha-race.com\\\/pt-pt\\\/?s={search_term_string}\"},\"query-input\":{\"@type\":\"PropertyValueSpecification\",\"valueRequired\":true,\"valueName\":\"search_term_string\"}}],\"inLanguage\":\"pt-PT\"},{\"@type\":\"Organization\",\"@id\":\"https:\\\/\\\/iha-race.com\\\/pt-pt\\\/#organization\",\"name\":\"Iha Race\",\"url\":\"https:\\\/\\\/iha-race.com\\\/pt-pt\\\/\",\"logo\":{\"@type\":\"ImageObject\",\"inLanguage\":\"pt-PT\",\"@id\":\"https:\\\/\\\/iha-race.com\\\/pt-pt\\\/#\\\/schema\\\/logo\\\/image\\\/\",\"url\":\"https:\\\/\\\/iha-race.com\\\/wp-content\\\/uploads\\\/2018\\\/07\\\/iha-race-drones-de-carreras-tienda-comprar-drones.png\",\"contentUrl\":\"https:\\\/\\\/iha-race.com\\\/wp-content\\\/uploads\\\/2018\\\/07\\\/iha-race-drones-de-carreras-tienda-comprar-drones.png\",\"width\":300,\"height\":100,\"caption\":\"Iha Race\"},\"image\":{\"@id\":\"https:\\\/\\\/iha-race.com\\\/pt-pt\\\/#\\\/schema\\\/logo\\\/image\\\/\"}}]}<\/script>\n<!-- \/ Yoast SEO plugin. -->","yoast_head_json":{"title":"Kit adaptador de antena universal Lumenier para \u00f3culos de DJI 2 - Iha Race","robots":{"index":"index","follow":"follow","max-snippet":"max-snippet:-1","max-image-preview":"max-image-preview:large","max-video-preview":"max-video-preview:-1"},"canonical":"https:\/\/iha-race.com\/pt-pt\/produto\/universal-lumenier-universal-antenna-adapter-kit-for-dji-goggles-2\/","og_locale":"pt_PT","og_type":"article","og_title":"Kit adaptador de antena universal Lumenier para \u00f3culos de DJI 2 - Iha Race","og_description":"Kit adaptador de antena universal Lumenier para \u00f3culos de DJI 2 Sobre este produto O Kit Adaptador de Antena Universal Lumenier permite-te ligar uma antena RP-SMA ou SMA, como as","og_url":"https:\/\/iha-race.com\/pt-pt\/produto\/universal-lumenier-universal-antenna-adapter-kit-for-dji-goggles-2\/","og_site_name":"Iha Race","article_modified_time":"2024-08-29T09:23:11+00:00","og_image":[{"width":1920,"height":1920,"url":"https:\/\/iha-race.com\/wp-content\/uploads\/2023\/04\/Kit-de-adaptador-de-antena-universal-Lumenier-para-DJI-Goggles-2.jpeg","type":"image\/jpeg"}],"twitter_card":"summary_large_image","twitter_misc":{"Tempo estimado de leitura":"1 minuto"},"schema":{"@context":"https:\/\/schema.org","@graph":[{"@type":"WebPage","@id":"https:\/\/iha-race.com\/pt-pt\/produto\/universal-lumenier-universal-antenna-adapter-kit-for-dji-goggles-2\/","url":"https:\/\/iha-race.com\/pt-pt\/produto\/universal-lumenier-universal-antenna-adapter-kit-for-dji-goggles-2\/","name":"Kit adaptador de antena universal Lumenier para \u00f3culos de DJI 2 - Iha Race","isPartOf":{"@id":"https:\/\/iha-race.com\/pt-pt\/#website"},"primaryImageOfPage":{"@id":"https:\/\/iha-race.com\/pt-pt\/produto\/universal-lumenier-universal-antenna-adapter-kit-for-dji-goggles-2\/#primaryimage"},"image":{"@id":"https:\/\/iha-race.com\/pt-pt\/produto\/universal-lumenier-universal-antenna-adapter-kit-for-dji-goggles-2\/#primaryimage"},"thumbnailUrl":"https:\/\/iha-race.com\/wp-content\/uploads\/2023\/04\/Kit-de-adaptador-de-antena-universal-Lumenier-para-DJI-Goggles-2.jpeg","datePublished":"2023-04-14T15:18:21+00:00","dateModified":"2024-08-29T09:23:11+00:00","breadcrumb":{"@id":"https:\/\/iha-race.com\/pt-pt\/produto\/universal-lumenier-universal-antenna-adapter-kit-for-dji-goggles-2\/#breadcrumb"},"inLanguage":"pt-PT","potentialAction":[{"@type":"ReadAction","target":["https:\/\/iha-race.com\/pt-pt\/produto\/universal-lumenier-universal-antenna-adapter-kit-for-dji-goggles-2\/"]}]},{"@type":"ImageObject","inLanguage":"pt-PT","@id":"https:\/\/iha-race.com\/pt-pt\/produto\/universal-lumenier-universal-antenna-adapter-kit-for-dji-goggles-2\/#primaryimage","url":"https:\/\/iha-race.com\/wp-content\/uploads\/2023\/04\/Kit-de-adaptador-de-antena-universal-Lumenier-para-DJI-Goggles-2.jpeg","contentUrl":"https:\/\/iha-race.com\/wp-content\/uploads\/2023\/04\/Kit-de-adaptador-de-antena-universal-Lumenier-para-DJI-Goggles-2.jpeg","width":1920,"height":1920,"caption":"Comprar Kit de adaptador de antena universal Lumenier para DJI Goggles 2"},{"@type":"BreadcrumbList","@id":"https:\/\/iha-race.com\/pt-pt\/produto\/universal-lumenier-universal-antenna-adapter-kit-for-dji-goggles-2\/#breadcrumb","itemListElement":[{"@type":"ListItem","position":1,"name":"Portada","item":"https:\/\/iha-race.com\/pt-pt\/elementor-499\/"},{"@type":"ListItem","position":2,"name":"Shop","item":"https:\/\/iha-race.com\/pt-pt\/shop\/"},{"@type":"ListItem","position":3,"name":"Kit adaptador de antena universal Lumenier para \u00f3culos de DJI 2"}]},{"@type":"WebSite","@id":"https:\/\/iha-race.com\/pt-pt\/#website","url":"https:\/\/iha-race.com\/pt-pt\/","name":"Iha Race","description":"Comprar drones de carreras FPV env\u00edos en un d\u00eda desde Espa\u00f1a","publisher":{"@id":"https:\/\/iha-race.com\/pt-pt\/#organization"},"potentialAction":[{"@type":"SearchAction","target":{"@type":"EntryPoint","urlTemplate":"https:\/\/iha-race.com\/pt-pt\/?s={search_term_string}"},"query-input":{"@type":"PropertyValueSpecification","valueRequired":true,"valueName":"search_term_string"}}],"inLanguage":"pt-PT"},{"@type":"Organization","@id":"https:\/\/iha-race.com\/pt-pt\/#organization","name":"Iha Race","url":"https:\/\/iha-race.com\/pt-pt\/","logo":{"@type":"ImageObject","inLanguage":"pt-PT","@id":"https:\/\/iha-race.com\/pt-pt\/#\/schema\/logo\/image\/","url":"https:\/\/iha-race.com\/wp-content\/uploads\/2018\/07\/iha-race-drones-de-carreras-tienda-comprar-drones.png","contentUrl":"https:\/\/iha-race.com\/wp-content\/uploads\/2018\/07\/iha-race-drones-de-carreras-tienda-comprar-drones.png","width":300,"height":100,"caption":"Iha Race"},"image":{"@id":"https:\/\/iha-race.com\/pt-pt\/#\/schema\/logo\/image\/"}}]}},"jetpack_sharing_enabled":true,"brands":[],"_links":{"self":[{"href":"https:\/\/iha-race.com\/pt-pt\/wp-json\/wp\/v2\/product\/228544","targetHints":{"allow":["GET"]}}],"collection":[{"href":"https:\/\/iha-race.com\/pt-pt\/wp-json\/wp\/v2\/product"}],"about":[{"href":"https:\/\/iha-race.com\/pt-pt\/wp-json\/wp\/v2\/types\/product"}],"replies":[{"embeddable":true,"href":"https:\/\/iha-race.com\/pt-pt\/wp-json\/wp\/v2\/comments?post=228544"}],"version-history":[{"count":3,"href":"https:\/\/iha-race.com\/pt-pt\/wp-json\/wp\/v2\/product\/228544\/revisions"}],"predecessor-version":[{"id":248598,"href":"https:\/\/iha-race.com\/pt-pt\/wp-json\/wp\/v2\/product\/228544\/revisions\/248598"}],"wp:featuredmedia":[{"embeddable":true,"href":"https:\/\/iha-race.com\/pt-pt\/wp-json\/wp\/v2\/media\/228505"}],"wp:attachment":[{"href":"https:\/\/iha-race.com\/pt-pt\/wp-json\/wp\/v2\/media?parent=228544"}],"wp:term":[{"taxonomy":"pwb-brand","embeddable":true,"href":"https:\/\/iha-race.com\/pt-pt\/wp-json\/wp\/v2\/pwb-brand?post=228544"},{"taxonomy":"product_cat","embeddable":true,"href":"https:\/\/iha-race.com\/pt-pt\/wp-json\/wp\/v2\/product_cat?post=228544"},{"taxonomy":"product_tag","embeddable":true,"href":"https:\/\/iha-race.com\/pt-pt\/wp-json\/wp\/v2\/product_tag?post=228544"}],"curies":[{"name":"wp","href":"https:\/\/api.w.org\/{rel}","templated":true}]}}