{"id":228482,"date":"2023-04-14T16:38:50","date_gmt":"2023-04-14T14:38:50","guid":{"rendered":"https:\/\/iha-race.com\/producto\/antena-lumenier-double-axii-2-58-ghz-de-longo-alcance-90-sma-rhcp\/"},"modified":"2024-08-29T11:23:09","modified_gmt":"2024-08-29T09:23:09","slug":"lumenier-double-axii-2-antenna-90o-long-range-58-ghz-sma-rhcp","status":"publish","type":"product","link":"https:\/\/iha-race.com\/pt-pt\/produto\/lumenier-double-axii-2-antenna-90o-long-range-58-ghz-sma-rhcp\/","title":{"rendered":"Antena Lumenier Double AXII 2 5,8 GHz de longo alcance 90\u00b0 (SMA\/RHCP)"},"content":{"rendered":"<h2><span data-sheets-value=\"{\"1\":2,\"2\":\"Lumenier Double AXII 2 Antena 90\u00ba de largo alcance de 5,8 GHz (SMA\/RHCP)\"}\" data-sheets-userformat=\"{\"2\":4995,\"3\":{\"1\":0},\"4\":{\"1\":2,\"2\":16777215},\"10\":2,\"11\":4,\"12\":0,\"15\":\"Arial\"}\">Antena Lumenier Double AXII 2 5,8 GHz de longo alcance 90\u00b0 (SMA\/RHCP)<\/span><\/h2>\n<div class=\"w-full\">\n<div class=\"prose max-w-none\">  A Lumenier AXII 2 \u00e9 conhecida por ser a linha de antenas FPV mais vers\u00e1til e de melhor desempenho dispon\u00edvel atualmente. A Lumenier foi capaz de melhorar o melhor e torn\u00e1-lo ainda melhor com a nova e \u00fanica antena Double AXII 2!  <\/p>\n<h3>O dobro do ganho = maior alcance<\/h3>\n<p>  Uma das carater\u00edsticas mais importantes da antena Double AXII \u00e9 a combina\u00e7\u00e3o \u00fanica de 2 elementos de antena numa \u00fanica rede de antena de alto ganho. Com fabrico de precis\u00e3o e afina\u00e7\u00e3o fina, cada Double AXII \u00e9 capaz de efectivamente duplicar o ganho de uma antena padr\u00e3o 2.2 AXII 2 para uma incr\u00edvel 4.7dBiC! Isto significa que podes voar mais longe ou atr\u00e1s de mais objectos e continuar a ter um sinal de v\u00eddeo FPV n\u00edtido.  <\/p>\n<h3>Alto ganho + omnidireccional<\/h3>\n<p>  As antenas de alto ganho n\u00e3o s\u00e3o novidade. \u00c9 poss\u00edvel encontrar muitas antenas de remendo, helicoidais e de estilo crossover que oferecer\u00e3o um ganho elevado, mas a desvantagem \u00e9 que s\u00e3o extremamente direccionais. Isto significa que s\u00f3 funcionam bem na direc\u00e7\u00e3o para a qual apontam. A antena Double AXII 2 \u00e9 omni-direccional, o que significa que funciona a 360 graus \u00e0 sua volta. Pode voar \u00e0 frente, atr\u00e1s ou de lado e ainda assim ter a mesma grande recep\u00e7\u00e3o. N\u00e3o importa para onde est\u00e1s a apontar, ter\u00e1s um excelente sinal \u00e0 tua volta!  <\/p>\n<h3>Melhor na recep\u00e7\u00e3o ou transmiss\u00e3o?<\/h3>\n<p>  A antena Lumenier Double AXII 2 pode funcionar tanto para rece\u00e7\u00e3o como para transmiss\u00e3o; no entanto, devido \u00e0 natureza do padr\u00e3o de radia\u00e7\u00e3o, \u00e9 mais adequada como antena recetora na maioria dos casos. O ganho mais elevado d\u00e1-lhe um alcance muito maior num padr\u00e3o de radia\u00e7\u00e3o estilo &#8220;donut&#8221;, mas tem alguns nulos directamente acima\/abaixo da antena e alguns pequenos nulos em torno das \u00e1reas de 50 graus. Como antena de recep\u00e7\u00e3o, se tiver o duplo AXII 2 em orienta\u00e7\u00e3o vertical, ter\u00e1 um excelente sinal \u00e0 sua volta num FOV de 32 graus. Pode fazer o mesmo colocando a antena no transmissor do seu avi\u00e3o, contudo, durante o voo, se se inclinar ou inclinar demasiado, pode atingir as \u00e1reas nulas da antena. \u00c9 por isso que \u00e9 geralmente melhor utilizada como antena de recep\u00e7\u00e3o. Mas n\u00e3o deixe que o impe\u00e7amos de ser criativo! Precisa de uma antena no seu avi\u00e3o para uma derradeira miss\u00e3o de longo alcance? Esta pode ser a op\u00e7\u00e3o perfeita para ti.  <img decoding=\"async\" src=\"https:\/\/cdn.getfpv.com\/media\/wysiwyg\/lumenier\/Lumenier-Double-AXII-Antenna-desc-image.jpg\" alt=\"Antena Dupla AXII 2\"><\/p>\n<h3>Caracter\u00edsticas melhoradas em compara\u00e7\u00e3o com a norma AXII V1<\/h3>\n<ul>\n<li>Gama significativamente melhorada com maior ganho (4.7dBiC ganho)<\/li>\n<li>Largura de banda mais larga (5,3-6,2 GHz)<\/li>\n<li>Sinal mais limpo e melhor rejei\u00e7\u00e3o de interfer\u00eancias<\/li>\n<li>Mais dur\u00e1vel: melhor alojamento moldado por injec\u00e7\u00e3o<\/li>\n<li>Rela\u00e7\u00e3o axial virtualmente perfeita<\/li>\n<\/ul>\n<p>  A engenharia de precis\u00e3o deu a esta antena uma rela\u00e7\u00e3o axial de 1,0 virtualmente perfeita, resultando numa verdadeira circularidade. Para al\u00e9m disso, o Double AXII 2 tem um ganho m\u00e1ximo incr\u00edvel de 4,7dBiC, uma verdadeira melhoria em rela\u00e7\u00e3o ao AXII original.  <\/p>\n<h3>Super-resistente<\/h3>\n<p>  As antenas sofrem muitos abusos, especialmente quando colocadas num quadriciclo. A caixa robusta da antena AXII 2 \u00e9 feita de um novo policarbonato moldado por injec\u00e7\u00e3o com um selo soldado por ultra-sons. Isto melhorou significativamente a durabilidade da carca\u00e7a do AXII. O cabo semi-r\u00edgido RG402 de 120 mm de comprimento permite 90 graus ou mais de liberdade. A liga\u00e7\u00e3o SMA \u00e9 refor\u00e7ada com um colar de metal engastado na base para maior apoio.  <em>Nota: Ao instalar, fixar a antena atrav\u00e9s do conector SMA, n\u00e3o rodar a tampa.<\/em><\/p>\n<hr>\n<p>&nbsp;<\/p>\n<p><strong>Tamb\u00e9m funciona muito bem com \u00f3culos de DJI FPV digitais! Basta adquirir adaptadores RP-SMA para SMA para que possa montar correctamente os \u00f3culos na liga\u00e7\u00e3o RP-SMA.<\/strong><\/p>\n<p>&nbsp;<\/p>\n<h2>Especifica\u00e7\u00f5es<\/h2>\n<ul>\n<li><strong>Ganho:<\/strong> 4.7dBiC<\/li>\n<li><strong>Rela\u00e7\u00e3o axial:<\/strong> 1.0 (quase perfeito)<\/li>\n<li><strong>Largura de banda:<\/strong> 5,3 GHz-6,2 GHz<\/li>\n<li><strong>Efici\u00eancia da radia\u00e7\u00e3o:<\/strong> 98%.<\/li>\n<li><strong>ROE:<\/strong> &lt;=1.5:1<\/li>\n<li><strong>Peso:<\/strong> 17g<\/li>\n<li><strong>Tamanho:<\/strong> 190 mm x 17,5 mm<\/li>\n<li><strong>Cabo:<\/strong> Semi-r\u00edgido RG402<\/li>\n<li><strong>Conector:<\/strong> SMA \u00e2ngulo recto<\/li>\n<\/ul>\n<h2><strong>Polariza\u00e7\u00e3o<\/strong><\/h2>\n<ul>\n<li>Circular da M\u00e3o Direita (RHCP)<\/li>\n<\/ul>\n<h2>O pacote inclui<\/h2>\n<ul>\n<li>1 x Lumenier Duplo AXII 2 5,8 GHz SMA antena de longo alcance em \u00e2ngulo recto (RHCP)<\/li>\n<\/ul>\n<\/div>\n<\/div>\n","protected":false},"excerpt":{"rendered":"<p>Antena Lumenier Double AXII 2 5,8 GHz de longo alcance 90\u00b0 (SMA\/RHCP) A Lumenier AXII 2 \u00e9 conhecida por ser a linha de antenas FPV mais vers\u00e1til e de melhor<\/p>\n","protected":false},"featured_media":228450,"comment_status":"open","ping_status":"closed","template":"","meta":{"_joinchat":[]},"pwb-brand":[],"product_cat":[1198],"product_tag":[],"class_list":{"0":"post-228482","1":"product","2":"type-product","3":"status-publish","4":"has-post-thumbnail","6":"product_cat-antenas-fpv","8":"first","9":"instock","10":"taxable","11":"shipping-taxable","12":"purchasable","13":"product-type-simple"},"barcode":null,"atum_controlled":true,"out_stock_date":null,"out_stock_threshold":null,"inheritable":false,"stock_on_hold":0,"sold_today":0,"sales_last_days":0,"out_stock_days":0,"lost_sales":0,"update_date":"2026-04-18T20:30:54","atum_locations":[],"atum_stock_status":"instock","restock_status":false,"low_stock_amount":"","sales_update_date":"2026-04-18T20:30:54","calc_backorders":null,"yoast_head":"<!-- This site is optimized with the Yoast SEO plugin v27.3 - https:\/\/yoast.com\/product\/yoast-seo-wordpress\/ -->\n<title>Antena Lumenier Double AXII 2 5,8 GHz de longo alcance 90\u00b0 (SMA\/RHCP) - Iha Race<\/title>\n<meta name=\"robots\" content=\"index, follow, max-snippet:-1, max-image-preview:large, max-video-preview:-1\" \/>\n<link rel=\"canonical\" href=\"https:\/\/iha-race.com\/pt-pt\/produto\/lumenier-double-axii-2-antenna-90o-long-range-58-ghz-sma-rhcp\/\" \/>\n<meta property=\"og:locale\" content=\"pt_PT\" \/>\n<meta property=\"og:type\" content=\"article\" \/>\n<meta property=\"og:title\" content=\"Antena Lumenier Double AXII 2 5,8 GHz de longo alcance 90\u00b0 (SMA\/RHCP) - Iha Race\" \/>\n<meta property=\"og:description\" content=\"Antena Lumenier Double AXII 2 5,8 GHz de longo alcance 90\u00b0 (SMA\/RHCP) A Lumenier AXII 2 \u00e9 conhecida por ser a linha de antenas FPV mais vers\u00e1til e de melhor\" \/>\n<meta property=\"og:url\" content=\"https:\/\/iha-race.com\/pt-pt\/produto\/lumenier-double-axii-2-antenna-90o-long-range-58-ghz-sma-rhcp\/\" \/>\n<meta property=\"og:site_name\" content=\"Iha Race\" \/>\n<meta property=\"article:modified_time\" content=\"2024-08-29T09:23:09+00:00\" \/>\n<meta property=\"og:image\" content=\"https:\/\/iha-race.com\/wp-content\/uploads\/2023\/04\/lumenier-double-axii-antenna-rhcp-90-degree-sma.jpg\" \/>\n\t<meta property=\"og:image:width\" content=\"1000\" \/>\n\t<meta property=\"og:image:height\" content=\"1000\" \/>\n\t<meta property=\"og:image:type\" content=\"image\/jpeg\" \/>\n<meta name=\"twitter:card\" content=\"summary_large_image\" \/>\n<meta name=\"twitter:label1\" content=\"Tempo estimado de leitura\" \/>\n\t<meta name=\"twitter:data1\" content=\"3 minutos\" \/>\n<script type=\"application\/ld+json\" class=\"yoast-schema-graph\">{\"@context\":\"https:\\\/\\\/schema.org\",\"@graph\":[{\"@type\":\"WebPage\",\"@id\":\"https:\\\/\\\/iha-race.com\\\/pt-pt\\\/produto\\\/lumenier-double-axii-2-antenna-90o-long-range-58-ghz-sma-rhcp\\\/\",\"url\":\"https:\\\/\\\/iha-race.com\\\/pt-pt\\\/produto\\\/lumenier-double-axii-2-antenna-90o-long-range-58-ghz-sma-rhcp\\\/\",\"name\":\"Antena Lumenier Double AXII 2 5,8 GHz de longo alcance 90\u00b0 (SMA\\\/RHCP) - Iha Race\",\"isPartOf\":{\"@id\":\"https:\\\/\\\/iha-race.com\\\/pt-pt\\\/#website\"},\"primaryImageOfPage\":{\"@id\":\"https:\\\/\\\/iha-race.com\\\/pt-pt\\\/produto\\\/lumenier-double-axii-2-antenna-90o-long-range-58-ghz-sma-rhcp\\\/#primaryimage\"},\"image\":{\"@id\":\"https:\\\/\\\/iha-race.com\\\/pt-pt\\\/produto\\\/lumenier-double-axii-2-antenna-90o-long-range-58-ghz-sma-rhcp\\\/#primaryimage\"},\"thumbnailUrl\":\"https:\\\/\\\/iha-race.com\\\/wp-content\\\/uploads\\\/2023\\\/04\\\/lumenier-double-axii-antenna-rhcp-90-degree-sma.jpg\",\"datePublished\":\"2023-04-14T14:38:50+00:00\",\"dateModified\":\"2024-08-29T09:23:09+00:00\",\"breadcrumb\":{\"@id\":\"https:\\\/\\\/iha-race.com\\\/pt-pt\\\/produto\\\/lumenier-double-axii-2-antenna-90o-long-range-58-ghz-sma-rhcp\\\/#breadcrumb\"},\"inLanguage\":\"pt-PT\",\"potentialAction\":[{\"@type\":\"ReadAction\",\"target\":[\"https:\\\/\\\/iha-race.com\\\/pt-pt\\\/produto\\\/lumenier-double-axii-2-antenna-90o-long-range-58-ghz-sma-rhcp\\\/\"]}]},{\"@type\":\"ImageObject\",\"inLanguage\":\"pt-PT\",\"@id\":\"https:\\\/\\\/iha-race.com\\\/pt-pt\\\/produto\\\/lumenier-double-axii-2-antenna-90o-long-range-58-ghz-sma-rhcp\\\/#primaryimage\",\"url\":\"https:\\\/\\\/iha-race.com\\\/wp-content\\\/uploads\\\/2023\\\/04\\\/lumenier-double-axii-antenna-rhcp-90-degree-sma.jpg\",\"contentUrl\":\"https:\\\/\\\/iha-race.com\\\/wp-content\\\/uploads\\\/2023\\\/04\\\/lumenier-double-axii-antenna-rhcp-90-degree-sma.jpg\",\"width\":1000,\"height\":1000,\"caption\":\"Comprar Lumenier Double AXII 2 Antena 90\u00ba de largo alcance de 5,8 GHz (SMA\\\/RHCP)\"},{\"@type\":\"BreadcrumbList\",\"@id\":\"https:\\\/\\\/iha-race.com\\\/pt-pt\\\/produto\\\/lumenier-double-axii-2-antenna-90o-long-range-58-ghz-sma-rhcp\\\/#breadcrumb\",\"itemListElement\":[{\"@type\":\"ListItem\",\"position\":1,\"name\":\"Portada\",\"item\":\"https:\\\/\\\/iha-race.com\\\/pt-pt\\\/\"},{\"@type\":\"ListItem\",\"position\":2,\"name\":\"Shop\",\"item\":\"https:\\\/\\\/iha-race.com\\\/pt-pt\\\/shop\\\/\"},{\"@type\":\"ListItem\",\"position\":3,\"name\":\"Antena Lumenier Double AXII 2 5,8 GHz de longo alcance 90\u00b0 (SMA\\\/RHCP)\"}]},{\"@type\":\"WebSite\",\"@id\":\"https:\\\/\\\/iha-race.com\\\/pt-pt\\\/#website\",\"url\":\"https:\\\/\\\/iha-race.com\\\/pt-pt\\\/\",\"name\":\"Iha Race\",\"description\":\"Comprar drones de carreras FPV env\u00edos en un d\u00eda desde Espa\u00f1a\",\"publisher\":{\"@id\":\"https:\\\/\\\/iha-race.com\\\/pt-pt\\\/#organization\"},\"potentialAction\":[{\"@type\":\"SearchAction\",\"target\":{\"@type\":\"EntryPoint\",\"urlTemplate\":\"https:\\\/\\\/iha-race.com\\\/pt-pt\\\/?s={search_term_string}\"},\"query-input\":{\"@type\":\"PropertyValueSpecification\",\"valueRequired\":true,\"valueName\":\"search_term_string\"}}],\"inLanguage\":\"pt-PT\"},{\"@type\":\"Organization\",\"@id\":\"https:\\\/\\\/iha-race.com\\\/pt-pt\\\/#organization\",\"name\":\"Iha Race\",\"url\":\"https:\\\/\\\/iha-race.com\\\/pt-pt\\\/\",\"logo\":{\"@type\":\"ImageObject\",\"inLanguage\":\"pt-PT\",\"@id\":\"https:\\\/\\\/iha-race.com\\\/pt-pt\\\/#\\\/schema\\\/logo\\\/image\\\/\",\"url\":\"https:\\\/\\\/iha-race.com\\\/wp-content\\\/uploads\\\/2018\\\/07\\\/iha-race-drones-de-carreras-tienda-comprar-drones.png\",\"contentUrl\":\"https:\\\/\\\/iha-race.com\\\/wp-content\\\/uploads\\\/2018\\\/07\\\/iha-race-drones-de-carreras-tienda-comprar-drones.png\",\"width\":300,\"height\":100,\"caption\":\"Iha Race\"},\"image\":{\"@id\":\"https:\\\/\\\/iha-race.com\\\/pt-pt\\\/#\\\/schema\\\/logo\\\/image\\\/\"}}]}<\/script>\n<!-- \/ Yoast SEO plugin. -->","yoast_head_json":{"title":"Antena Lumenier Double AXII 2 5,8 GHz de longo alcance 90\u00b0 (SMA\/RHCP) - Iha Race","robots":{"index":"index","follow":"follow","max-snippet":"max-snippet:-1","max-image-preview":"max-image-preview:large","max-video-preview":"max-video-preview:-1"},"canonical":"https:\/\/iha-race.com\/pt-pt\/produto\/lumenier-double-axii-2-antenna-90o-long-range-58-ghz-sma-rhcp\/","og_locale":"pt_PT","og_type":"article","og_title":"Antena Lumenier Double AXII 2 5,8 GHz de longo alcance 90\u00b0 (SMA\/RHCP) - Iha Race","og_description":"Antena Lumenier Double AXII 2 5,8 GHz de longo alcance 90\u00b0 (SMA\/RHCP) A Lumenier AXII 2 \u00e9 conhecida por ser a linha de antenas FPV mais vers\u00e1til e de melhor","og_url":"https:\/\/iha-race.com\/pt-pt\/produto\/lumenier-double-axii-2-antenna-90o-long-range-58-ghz-sma-rhcp\/","og_site_name":"Iha Race","article_modified_time":"2024-08-29T09:23:09+00:00","og_image":[{"width":1000,"height":1000,"url":"https:\/\/iha-race.com\/wp-content\/uploads\/2023\/04\/lumenier-double-axii-antenna-rhcp-90-degree-sma.jpg","type":"image\/jpeg"}],"twitter_card":"summary_large_image","twitter_misc":{"Tempo estimado de leitura":"3 minutos"},"schema":{"@context":"https:\/\/schema.org","@graph":[{"@type":"WebPage","@id":"https:\/\/iha-race.com\/pt-pt\/produto\/lumenier-double-axii-2-antenna-90o-long-range-58-ghz-sma-rhcp\/","url":"https:\/\/iha-race.com\/pt-pt\/produto\/lumenier-double-axii-2-antenna-90o-long-range-58-ghz-sma-rhcp\/","name":"Antena Lumenier Double AXII 2 5,8 GHz de longo alcance 90\u00b0 (SMA\/RHCP) - Iha Race","isPartOf":{"@id":"https:\/\/iha-race.com\/pt-pt\/#website"},"primaryImageOfPage":{"@id":"https:\/\/iha-race.com\/pt-pt\/produto\/lumenier-double-axii-2-antenna-90o-long-range-58-ghz-sma-rhcp\/#primaryimage"},"image":{"@id":"https:\/\/iha-race.com\/pt-pt\/produto\/lumenier-double-axii-2-antenna-90o-long-range-58-ghz-sma-rhcp\/#primaryimage"},"thumbnailUrl":"https:\/\/iha-race.com\/wp-content\/uploads\/2023\/04\/lumenier-double-axii-antenna-rhcp-90-degree-sma.jpg","datePublished":"2023-04-14T14:38:50+00:00","dateModified":"2024-08-29T09:23:09+00:00","breadcrumb":{"@id":"https:\/\/iha-race.com\/pt-pt\/produto\/lumenier-double-axii-2-antenna-90o-long-range-58-ghz-sma-rhcp\/#breadcrumb"},"inLanguage":"pt-PT","potentialAction":[{"@type":"ReadAction","target":["https:\/\/iha-race.com\/pt-pt\/produto\/lumenier-double-axii-2-antenna-90o-long-range-58-ghz-sma-rhcp\/"]}]},{"@type":"ImageObject","inLanguage":"pt-PT","@id":"https:\/\/iha-race.com\/pt-pt\/produto\/lumenier-double-axii-2-antenna-90o-long-range-58-ghz-sma-rhcp\/#primaryimage","url":"https:\/\/iha-race.com\/wp-content\/uploads\/2023\/04\/lumenier-double-axii-antenna-rhcp-90-degree-sma.jpg","contentUrl":"https:\/\/iha-race.com\/wp-content\/uploads\/2023\/04\/lumenier-double-axii-antenna-rhcp-90-degree-sma.jpg","width":1000,"height":1000,"caption":"Comprar Lumenier Double AXII 2 Antena 90\u00ba de largo alcance de 5,8 GHz (SMA\/RHCP)"},{"@type":"BreadcrumbList","@id":"https:\/\/iha-race.com\/pt-pt\/produto\/lumenier-double-axii-2-antenna-90o-long-range-58-ghz-sma-rhcp\/#breadcrumb","itemListElement":[{"@type":"ListItem","position":1,"name":"Portada","item":"https:\/\/iha-race.com\/pt-pt\/"},{"@type":"ListItem","position":2,"name":"Shop","item":"https:\/\/iha-race.com\/pt-pt\/shop\/"},{"@type":"ListItem","position":3,"name":"Antena Lumenier Double AXII 2 5,8 GHz de longo alcance 90\u00b0 (SMA\/RHCP)"}]},{"@type":"WebSite","@id":"https:\/\/iha-race.com\/pt-pt\/#website","url":"https:\/\/iha-race.com\/pt-pt\/","name":"Iha Race","description":"Comprar drones de carreras FPV env\u00edos en un d\u00eda desde Espa\u00f1a","publisher":{"@id":"https:\/\/iha-race.com\/pt-pt\/#organization"},"potentialAction":[{"@type":"SearchAction","target":{"@type":"EntryPoint","urlTemplate":"https:\/\/iha-race.com\/pt-pt\/?s={search_term_string}"},"query-input":{"@type":"PropertyValueSpecification","valueRequired":true,"valueName":"search_term_string"}}],"inLanguage":"pt-PT"},{"@type":"Organization","@id":"https:\/\/iha-race.com\/pt-pt\/#organization","name":"Iha Race","url":"https:\/\/iha-race.com\/pt-pt\/","logo":{"@type":"ImageObject","inLanguage":"pt-PT","@id":"https:\/\/iha-race.com\/pt-pt\/#\/schema\/logo\/image\/","url":"https:\/\/iha-race.com\/wp-content\/uploads\/2018\/07\/iha-race-drones-de-carreras-tienda-comprar-drones.png","contentUrl":"https:\/\/iha-race.com\/wp-content\/uploads\/2018\/07\/iha-race-drones-de-carreras-tienda-comprar-drones.png","width":300,"height":100,"caption":"Iha Race"},"image":{"@id":"https:\/\/iha-race.com\/pt-pt\/#\/schema\/logo\/image\/"}}]}},"jetpack_sharing_enabled":true,"brands":[],"_links":{"self":[{"href":"https:\/\/iha-race.com\/pt-pt\/wp-json\/wp\/v2\/product\/228482","targetHints":{"allow":["GET"]}}],"collection":[{"href":"https:\/\/iha-race.com\/pt-pt\/wp-json\/wp\/v2\/product"}],"about":[{"href":"https:\/\/iha-race.com\/pt-pt\/wp-json\/wp\/v2\/types\/product"}],"replies":[{"embeddable":true,"href":"https:\/\/iha-race.com\/pt-pt\/wp-json\/wp\/v2\/comments?post=228482"}],"version-history":[{"count":2,"href":"https:\/\/iha-race.com\/pt-pt\/wp-json\/wp\/v2\/product\/228482\/revisions"}],"predecessor-version":[{"id":248596,"href":"https:\/\/iha-race.com\/pt-pt\/wp-json\/wp\/v2\/product\/228482\/revisions\/248596"}],"wp:featuredmedia":[{"embeddable":true,"href":"https:\/\/iha-race.com\/pt-pt\/wp-json\/wp\/v2\/media\/228450"}],"wp:attachment":[{"href":"https:\/\/iha-race.com\/pt-pt\/wp-json\/wp\/v2\/media?parent=228482"}],"wp:term":[{"taxonomy":"pwb-brand","embeddable":true,"href":"https:\/\/iha-race.com\/pt-pt\/wp-json\/wp\/v2\/pwb-brand?post=228482"},{"taxonomy":"product_cat","embeddable":true,"href":"https:\/\/iha-race.com\/pt-pt\/wp-json\/wp\/v2\/product_cat?post=228482"},{"taxonomy":"product_tag","embeddable":true,"href":"https:\/\/iha-race.com\/pt-pt\/wp-json\/wp\/v2\/product_tag?post=228482"}],"curies":[{"name":"wp","href":"https:\/\/api.w.org\/{rel}","templated":true}]}}