{"id":226482,"date":"2023-03-13T17:53:01","date_gmt":"2023-03-13T16:53:01","guid":{"rendered":"https:\/\/iha-race.com\/producto\/bateria-matrice-serie-30-tb30\/"},"modified":"2024-08-29T11:21:06","modified_gmt":"2024-08-29T09:21:06","slug":"matrice-30-series-battery-tb30","status":"publish","type":"product","link":"https:\/\/iha-race.com\/pt-pt\/produto\/matrice-30-series-battery-tb30\/","title":{"rendered":"Bateria Matrice S\u00e9rie 30 TB30"},"content":{"rendered":"<h2>Descri\u00e7\u00e3o Geral<\/h2>\n<p>  A bateria inteligente TB30 pode auto-aquecer-se e carregar at\u00e9 400 ciclos. Suporta a troca a quente de m\u00f3dulos, o que poupa tempo em tarefas cr\u00edticas e garante opera\u00e7\u00f5es de voo sem problemas.  <\/p>\n<h2>Caracter\u00edsticas not\u00e1veis<\/h2>\n<p>  Suporta recarga at\u00e9 400 ciclos e substitui\u00e7\u00e3o do m\u00f3dulo a quente.  <\/p>\n<h2>Aconselhamento<\/h2>\n<p>  Guardar as pilhas com um n\u00edvel de carga elevado pode afetar a sua vida \u00fatil. Segue o manual do utilizador da Esta\u00e7\u00e3o de bateria inteligente BS30.  <\/p>\n<h2>Especifica\u00e7\u00f5es<\/h2>\n<ul>\n<li>Capacidade: 5880 mAh<\/li>\n<li>Peso: aprox. 685 g<\/li>\n<li>Tens\u00e3o: 26,1 V<\/li>\n<li>Temperatura de funcionamento: -20 a 50 \u00b0C (-4 a 122 \u00b0F)<\/li>\n<\/ul>\n<h2>Compatibilidade<\/h2>\n<p>  S\u00e9rie Matrice 30  <\/p>\n<h2>O pacote inclui<\/h2>\n<ul>\n<li>1 x bateria de voo inteligente TB30<\/li>\n<\/ul>\n","protected":false},"excerpt":{"rendered":"<p>Descri\u00e7\u00e3o Geral A bateria inteligente TB30 pode auto-aquecer-se e carregar at\u00e9 400 ciclos. Suporta a troca a quente de m\u00f3dulos, o que poupa tempo em tarefas cr\u00edticas e garante opera\u00e7\u00f5es<\/p>\n","protected":false},"featured_media":226469,"comment_status":"open","ping_status":"closed","template":"","meta":{"_joinchat":[]},"pwb-brand":[],"product_cat":[3332],"product_tag":[],"class_list":{"0":"post-226482","1":"product","2":"type-product","3":"status-publish","4":"has-post-thumbnail","6":"product_cat-dji-pt-pt","8":"first","9":"instock","10":"taxable","11":"shipping-taxable","12":"purchasable","13":"product-type-simple"},"barcode":null,"atum_controlled":true,"out_stock_date":null,"out_stock_threshold":null,"inheritable":false,"stock_on_hold":0,"sold_today":0,"sales_last_days":0,"out_stock_days":0,"lost_sales":0,"update_date":"2026-04-08T16:51:17","atum_locations":[],"atum_stock_status":"instock","restock_status":false,"low_stock_amount":"","sales_update_date":"2024-01-05T08:18:34","calc_backorders":null,"yoast_head":"<!-- This site is optimized with the Yoast SEO plugin v27.3 - https:\/\/yoast.com\/product\/yoast-seo-wordpress\/ -->\n<title>Bateria Matrice S\u00e9rie 30 TB30 - Iha Race<\/title>\n<meta name=\"robots\" content=\"index, follow, max-snippet:-1, max-image-preview:large, max-video-preview:-1\" \/>\n<link rel=\"canonical\" href=\"https:\/\/iha-race.com\/pt-pt\/produto\/matrice-30-series-battery-tb30\/\" \/>\n<meta property=\"og:locale\" content=\"pt_PT\" \/>\n<meta property=\"og:type\" content=\"article\" \/>\n<meta property=\"og:title\" content=\"Bateria Matrice S\u00e9rie 30 TB30 - Iha Race\" \/>\n<meta property=\"og:description\" content=\"Descri\u00e7\u00e3o Geral A bateria inteligente TB30 pode auto-aquecer-se e carregar at\u00e9 400 ciclos. Suporta a troca a quente de m\u00f3dulos, o que poupa tempo em tarefas cr\u00edticas e garante opera\u00e7\u00f5es\" \/>\n<meta property=\"og:url\" content=\"https:\/\/iha-race.com\/pt-pt\/produto\/matrice-30-series-battery-tb30\/\" \/>\n<meta property=\"og:site_name\" content=\"Iha Race\" \/>\n<meta property=\"article:modified_time\" content=\"2024-08-29T09:21:06+00:00\" \/>\n<meta property=\"og:image\" content=\"https:\/\/iha-race.com\/wp-content\/uploads\/2023\/03\/df5b08dc1de30898abcba9f1fd5cffbc-matrice-30-series-bateria-tb30.jpg.jpeg\" \/>\n\t<meta property=\"og:image:width\" content=\"1100\" \/>\n\t<meta property=\"og:image:height\" content=\"1422\" \/>\n\t<meta property=\"og:image:type\" content=\"image\/jpeg\" \/>\n<meta name=\"twitter:card\" content=\"summary_large_image\" \/>\n<meta name=\"twitter:label1\" content=\"Tempo estimado de leitura\" \/>\n\t<meta name=\"twitter:data1\" content=\"1 minuto\" \/>\n<script type=\"application\/ld+json\" class=\"yoast-schema-graph\">{\"@context\":\"https:\\\/\\\/schema.org\",\"@graph\":[{\"@type\":\"WebPage\",\"@id\":\"https:\\\/\\\/iha-race.com\\\/pt-pt\\\/produto\\\/matrice-30-series-battery-tb30\\\/\",\"url\":\"https:\\\/\\\/iha-race.com\\\/pt-pt\\\/produto\\\/matrice-30-series-battery-tb30\\\/\",\"name\":\"Bateria Matrice S\u00e9rie 30 TB30 - Iha Race\",\"isPartOf\":{\"@id\":\"https:\\\/\\\/iha-race.com\\\/pt-pt\\\/#website\"},\"primaryImageOfPage\":{\"@id\":\"https:\\\/\\\/iha-race.com\\\/pt-pt\\\/produto\\\/matrice-30-series-battery-tb30\\\/#primaryimage\"},\"image\":{\"@id\":\"https:\\\/\\\/iha-race.com\\\/pt-pt\\\/produto\\\/matrice-30-series-battery-tb30\\\/#primaryimage\"},\"thumbnailUrl\":\"https:\\\/\\\/iha-race.com\\\/wp-content\\\/uploads\\\/2023\\\/03\\\/df5b08dc1de30898abcba9f1fd5cffbc-matrice-30-series-bateria-tb30.jpg.jpeg\",\"datePublished\":\"2023-03-13T16:53:01+00:00\",\"dateModified\":\"2024-08-29T09:21:06+00:00\",\"breadcrumb\":{\"@id\":\"https:\\\/\\\/iha-race.com\\\/pt-pt\\\/produto\\\/matrice-30-series-battery-tb30\\\/#breadcrumb\"},\"inLanguage\":\"pt-PT\",\"potentialAction\":[{\"@type\":\"ReadAction\",\"target\":[\"https:\\\/\\\/iha-race.com\\\/pt-pt\\\/produto\\\/matrice-30-series-battery-tb30\\\/\"]}]},{\"@type\":\"ImageObject\",\"inLanguage\":\"pt-PT\",\"@id\":\"https:\\\/\\\/iha-race.com\\\/pt-pt\\\/produto\\\/matrice-30-series-battery-tb30\\\/#primaryimage\",\"url\":\"https:\\\/\\\/iha-race.com\\\/wp-content\\\/uploads\\\/2023\\\/03\\\/df5b08dc1de30898abcba9f1fd5cffbc-matrice-30-series-bateria-tb30.jpg.jpeg\",\"contentUrl\":\"https:\\\/\\\/iha-race.com\\\/wp-content\\\/uploads\\\/2023\\\/03\\\/df5b08dc1de30898abcba9f1fd5cffbc-matrice-30-series-bateria-tb30.jpg.jpeg\",\"width\":1100,\"height\":1422},{\"@type\":\"BreadcrumbList\",\"@id\":\"https:\\\/\\\/iha-race.com\\\/pt-pt\\\/produto\\\/matrice-30-series-battery-tb30\\\/#breadcrumb\",\"itemListElement\":[{\"@type\":\"ListItem\",\"position\":1,\"name\":\"Portada\",\"item\":\"https:\\\/\\\/iha-race.com\\\/pt-pt\\\/elementor-499\\\/\"},{\"@type\":\"ListItem\",\"position\":2,\"name\":\"Shop\",\"item\":\"https:\\\/\\\/iha-race.com\\\/pt-pt\\\/shop\\\/\"},{\"@type\":\"ListItem\",\"position\":3,\"name\":\"Bateria Matrice S\u00e9rie 30 TB30\"}]},{\"@type\":\"WebSite\",\"@id\":\"https:\\\/\\\/iha-race.com\\\/pt-pt\\\/#website\",\"url\":\"https:\\\/\\\/iha-race.com\\\/pt-pt\\\/\",\"name\":\"Iha Race\",\"description\":\"Comprar drones de carreras FPV env\u00edos en un d\u00eda desde Espa\u00f1a\",\"publisher\":{\"@id\":\"https:\\\/\\\/iha-race.com\\\/pt-pt\\\/#organization\"},\"potentialAction\":[{\"@type\":\"SearchAction\",\"target\":{\"@type\":\"EntryPoint\",\"urlTemplate\":\"https:\\\/\\\/iha-race.com\\\/pt-pt\\\/?s={search_term_string}\"},\"query-input\":{\"@type\":\"PropertyValueSpecification\",\"valueRequired\":true,\"valueName\":\"search_term_string\"}}],\"inLanguage\":\"pt-PT\"},{\"@type\":\"Organization\",\"@id\":\"https:\\\/\\\/iha-race.com\\\/pt-pt\\\/#organization\",\"name\":\"Iha Race\",\"url\":\"https:\\\/\\\/iha-race.com\\\/pt-pt\\\/\",\"logo\":{\"@type\":\"ImageObject\",\"inLanguage\":\"pt-PT\",\"@id\":\"https:\\\/\\\/iha-race.com\\\/pt-pt\\\/#\\\/schema\\\/logo\\\/image\\\/\",\"url\":\"https:\\\/\\\/iha-race.com\\\/wp-content\\\/uploads\\\/2018\\\/07\\\/iha-race-drones-de-carreras-tienda-comprar-drones.png\",\"contentUrl\":\"https:\\\/\\\/iha-race.com\\\/wp-content\\\/uploads\\\/2018\\\/07\\\/iha-race-drones-de-carreras-tienda-comprar-drones.png\",\"width\":300,\"height\":100,\"caption\":\"Iha Race\"},\"image\":{\"@id\":\"https:\\\/\\\/iha-race.com\\\/pt-pt\\\/#\\\/schema\\\/logo\\\/image\\\/\"}}]}<\/script>\n<!-- \/ Yoast SEO plugin. -->","yoast_head_json":{"title":"Bateria Matrice S\u00e9rie 30 TB30 - Iha Race","robots":{"index":"index","follow":"follow","max-snippet":"max-snippet:-1","max-image-preview":"max-image-preview:large","max-video-preview":"max-video-preview:-1"},"canonical":"https:\/\/iha-race.com\/pt-pt\/produto\/matrice-30-series-battery-tb30\/","og_locale":"pt_PT","og_type":"article","og_title":"Bateria Matrice S\u00e9rie 30 TB30 - Iha Race","og_description":"Descri\u00e7\u00e3o Geral A bateria inteligente TB30 pode auto-aquecer-se e carregar at\u00e9 400 ciclos. Suporta a troca a quente de m\u00f3dulos, o que poupa tempo em tarefas cr\u00edticas e garante opera\u00e7\u00f5es","og_url":"https:\/\/iha-race.com\/pt-pt\/produto\/matrice-30-series-battery-tb30\/","og_site_name":"Iha Race","article_modified_time":"2024-08-29T09:21:06+00:00","og_image":[{"width":1100,"height":1422,"url":"https:\/\/iha-race.com\/wp-content\/uploads\/2023\/03\/df5b08dc1de30898abcba9f1fd5cffbc-matrice-30-series-bateria-tb30.jpg.jpeg","type":"image\/jpeg"}],"twitter_card":"summary_large_image","twitter_misc":{"Tempo estimado de leitura":"1 minuto"},"schema":{"@context":"https:\/\/schema.org","@graph":[{"@type":"WebPage","@id":"https:\/\/iha-race.com\/pt-pt\/produto\/matrice-30-series-battery-tb30\/","url":"https:\/\/iha-race.com\/pt-pt\/produto\/matrice-30-series-battery-tb30\/","name":"Bateria Matrice S\u00e9rie 30 TB30 - Iha Race","isPartOf":{"@id":"https:\/\/iha-race.com\/pt-pt\/#website"},"primaryImageOfPage":{"@id":"https:\/\/iha-race.com\/pt-pt\/produto\/matrice-30-series-battery-tb30\/#primaryimage"},"image":{"@id":"https:\/\/iha-race.com\/pt-pt\/produto\/matrice-30-series-battery-tb30\/#primaryimage"},"thumbnailUrl":"https:\/\/iha-race.com\/wp-content\/uploads\/2023\/03\/df5b08dc1de30898abcba9f1fd5cffbc-matrice-30-series-bateria-tb30.jpg.jpeg","datePublished":"2023-03-13T16:53:01+00:00","dateModified":"2024-08-29T09:21:06+00:00","breadcrumb":{"@id":"https:\/\/iha-race.com\/pt-pt\/produto\/matrice-30-series-battery-tb30\/#breadcrumb"},"inLanguage":"pt-PT","potentialAction":[{"@type":"ReadAction","target":["https:\/\/iha-race.com\/pt-pt\/produto\/matrice-30-series-battery-tb30\/"]}]},{"@type":"ImageObject","inLanguage":"pt-PT","@id":"https:\/\/iha-race.com\/pt-pt\/produto\/matrice-30-series-battery-tb30\/#primaryimage","url":"https:\/\/iha-race.com\/wp-content\/uploads\/2023\/03\/df5b08dc1de30898abcba9f1fd5cffbc-matrice-30-series-bateria-tb30.jpg.jpeg","contentUrl":"https:\/\/iha-race.com\/wp-content\/uploads\/2023\/03\/df5b08dc1de30898abcba9f1fd5cffbc-matrice-30-series-bateria-tb30.jpg.jpeg","width":1100,"height":1422},{"@type":"BreadcrumbList","@id":"https:\/\/iha-race.com\/pt-pt\/produto\/matrice-30-series-battery-tb30\/#breadcrumb","itemListElement":[{"@type":"ListItem","position":1,"name":"Portada","item":"https:\/\/iha-race.com\/pt-pt\/elementor-499\/"},{"@type":"ListItem","position":2,"name":"Shop","item":"https:\/\/iha-race.com\/pt-pt\/shop\/"},{"@type":"ListItem","position":3,"name":"Bateria Matrice S\u00e9rie 30 TB30"}]},{"@type":"WebSite","@id":"https:\/\/iha-race.com\/pt-pt\/#website","url":"https:\/\/iha-race.com\/pt-pt\/","name":"Iha Race","description":"Comprar drones de carreras FPV env\u00edos en un d\u00eda desde Espa\u00f1a","publisher":{"@id":"https:\/\/iha-race.com\/pt-pt\/#organization"},"potentialAction":[{"@type":"SearchAction","target":{"@type":"EntryPoint","urlTemplate":"https:\/\/iha-race.com\/pt-pt\/?s={search_term_string}"},"query-input":{"@type":"PropertyValueSpecification","valueRequired":true,"valueName":"search_term_string"}}],"inLanguage":"pt-PT"},{"@type":"Organization","@id":"https:\/\/iha-race.com\/pt-pt\/#organization","name":"Iha Race","url":"https:\/\/iha-race.com\/pt-pt\/","logo":{"@type":"ImageObject","inLanguage":"pt-PT","@id":"https:\/\/iha-race.com\/pt-pt\/#\/schema\/logo\/image\/","url":"https:\/\/iha-race.com\/wp-content\/uploads\/2018\/07\/iha-race-drones-de-carreras-tienda-comprar-drones.png","contentUrl":"https:\/\/iha-race.com\/wp-content\/uploads\/2018\/07\/iha-race-drones-de-carreras-tienda-comprar-drones.png","width":300,"height":100,"caption":"Iha Race"},"image":{"@id":"https:\/\/iha-race.com\/pt-pt\/#\/schema\/logo\/image\/"}}]}},"brands":[],"_links":{"self":[{"href":"https:\/\/iha-race.com\/pt-pt\/wp-json\/wp\/v2\/product\/226482","targetHints":{"allow":["GET"]}}],"collection":[{"href":"https:\/\/iha-race.com\/pt-pt\/wp-json\/wp\/v2\/product"}],"about":[{"href":"https:\/\/iha-race.com\/pt-pt\/wp-json\/wp\/v2\/types\/product"}],"replies":[{"embeddable":true,"href":"https:\/\/iha-race.com\/pt-pt\/wp-json\/wp\/v2\/comments?post=226482"}],"version-history":[{"count":2,"href":"https:\/\/iha-race.com\/pt-pt\/wp-json\/wp\/v2\/product\/226482\/revisions"}],"predecessor-version":[{"id":248526,"href":"https:\/\/iha-race.com\/pt-pt\/wp-json\/wp\/v2\/product\/226482\/revisions\/248526"}],"wp:featuredmedia":[{"embeddable":true,"href":"https:\/\/iha-race.com\/pt-pt\/wp-json\/wp\/v2\/media\/226469"}],"wp:attachment":[{"href":"https:\/\/iha-race.com\/pt-pt\/wp-json\/wp\/v2\/media?parent=226482"}],"wp:term":[{"taxonomy":"pwb-brand","embeddable":true,"href":"https:\/\/iha-race.com\/pt-pt\/wp-json\/wp\/v2\/pwb-brand?post=226482"},{"taxonomy":"product_cat","embeddable":true,"href":"https:\/\/iha-race.com\/pt-pt\/wp-json\/wp\/v2\/product_cat?post=226482"},{"taxonomy":"product_tag","embeddable":true,"href":"https:\/\/iha-race.com\/pt-pt\/wp-json\/wp\/v2\/product_tag?post=226482"}],"curies":[{"name":"wp","href":"https:\/\/api.w.org\/{rel}","templated":true}]}}