{"id":226411,"date":"2023-03-13T16:53:42","date_gmt":"2023-03-13T15:53:42","guid":{"rendered":"https:\/\/iha-race.com\/producto\/oculos-de-proteccao-emax-transporter-ii-hd-fpv\/"},"modified":"2024-08-29T11:20:52","modified_gmt":"2024-08-29T09:20:52","slug":"eyewear-emax-transporter-ii-hd-fpv","status":"publish","type":"product","link":"https:\/\/iha-race.com\/pt-pt\/produto\/eyewear-emax-transporter-ii-hd-fpv\/","title":{"rendered":"\u00d3culos de protec\u00e7\u00e3o EMAX Transporter II HD FPV"},"content":{"rendered":"<h2><span data-sheets-value=\"{\"1\":2,\"2\":\"Gafas EMAX Transporter II HD FPV\"}\" data-sheets-userformat=\"{\"2\":14979,\"3\":{\"1\":0},\"4\":{\"1\":2,\"2\":16777215},\"10\":2,\"12\":0,\"14\":{\"1\":2,\"2\":3355443},\"15\":\"Poppins, sans-serif\",\"16\":12}\">\u00d3culos de protec\u00e7\u00e3o EMAX Transporter II HD FPV<\/span><\/h2>\n<div class=\"w-full\">\n<div class=\"prose max-w-none\">  Apresentamos-te&#8230; os <strong>\u00f3culos EMAX Transporter 2<\/strong>! Os \u00f3culos <strong>EMAX Transporter 2<\/strong> FPV funcionam com duas antenas para uma for\u00e7a dupla. O ecr\u00e3 LCD DVR de 4,3&#8243; \u00e9 destac\u00e1vel para utiliza\u00e7\u00e3o com um controlador de r\u00e1dio. O design ergon\u00f3mico, o cinto ajust\u00e1vel de 3 vias e a ventoinha anti-embaciamento incorporada fazem desta uma excelente escolha para as tuas necessidades de voo FPV.  <strong>V\u00cdDEO: EMAX &#8211; Apresenta\u00e7\u00e3o do Transportador 2 e do Transmissor E8<\/strong><\/p>\n<p><iframe title=\"leitor de v\u00eddeo do youtube\" src=\"https:\/\/www.youtube.com\/embed\/NEFcUNNF0CE\" width=\"864\" height=\"486\" frameborder=\"0\" data-mce-fragment=\"1\"><\/iframe><\/p>\n<h2>Caracter\u00edsticas<\/h2>\n<ul>\n<li>Altamente compat\u00edvel com o transmissor de r\u00e1dio E8<\/li>\n<li>Ecr\u00e3 de 4,3&#8243; 800x480p DVR destac\u00e1vel<\/li>\n<li>Tr\u00eas modos de v\u00eddeo &#8211; VGA\/D1\/HD<\/li>\n<li>Bateria de l\u00edtio de 3000 mAh incorporada<\/li>\n<li>Dist\u00e2ncia focal ajust\u00e1vel<\/li>\n<li>40 canais<\/li>\n<\/ul>\n<p><img decoding=\"async\" src=\"https:\/\/cdn.getfpv.com\/media\/wysiwyg\/Goggles\/EMAX-Transporter-2-5.8GHz-FPV-Goggles-Info.jpg\"><\/p>\n<p>&nbsp;<\/p>\n<h2>Especifica\u00e7\u00f5es<\/h2>\n<ul>\n<li>Sistema de carregamento: Sistema de carregamento de bateria de i\u00f5es de l\u00edtio linear USB 5V&#8211;1A incorporado<\/li>\n<li>Tamanho m\u00e1ximo: (Sem antena &#8211; Dobrado) 155x100x90mm<\/li>\n<li>Frequ\u00eancia: 5,8 GHz (5658 MHz-5945 MHz)<\/li>\n<li>V\u00eddeo: VGA\/D1\/HD (Off\/3min\/5min\/10min)<\/li>\n<li>DVR: Cart\u00e3o TF 32G (m\u00e1x.), MJPEG, AVI<\/li>\n<li>Bateria: 1300 mAh bateria de l\u00edtio-\u00edon<\/li>\n<li>Resolu\u00e7\u00e3o do ecr\u00e3: 480X800<\/li>\n<li>Peso (com bateria): 398g<\/li>\n<li>Tens\u00e3o de funcionamento: 4,2 V-3,7 V<\/li>\n<li>Tamanho do ecr\u00e3: 4,3 polegadas<\/li>\n<\/ul>\n<h2>Manual<\/h2>\n<ul>\n<li><a href=\"https:\/\/getfpv-media.s3.amazonaws.com\/wysiwyg\/files\/DVR-TRANSPORTER+2-Instructions-v2.0.pdf\" target=\"_blank\" rel=\"noopener\">EMAX Transporter 2 \u00d3culos FPV<\/a><\/li>\n<\/ul>\n<h2>O pacote inclui<\/h2>\n<ul>\n<li>1 x EMAX Transporter 2 \u00d3culos FPV<\/li>\n<li>1 x cabo micro USB<\/li>\n<li>2 x antenas<\/li>\n<\/ul>\n<\/div>\n<\/div>\n","protected":false},"excerpt":{"rendered":"<p>\u00d3culos de protec\u00e7\u00e3o EMAX Transporter II HD FPV Apresentamos-te&#8230; os \u00f3culos EMAX Transporter 2! Os \u00f3culos EMAX Transporter 2 FPV funcionam com duas antenas para uma for\u00e7a dupla. O ecr\u00e3<\/p>\n","protected":false},"featured_media":226387,"comment_status":"open","ping_status":"closed","template":"","meta":{"_joinchat":[]},"pwb-brand":[],"product_cat":[1132,2454],"product_tag":[],"class_list":{"0":"post-226411","1":"product","2":"type-product","3":"status-publish","4":"has-post-thumbnail","6":"product_cat-oculos-de-proteccao-fpv","7":"product_cat-vidros-e-monitores","9":"first","10":"instock","11":"sale","12":"taxable","13":"shipping-taxable","14":"purchasable","15":"product-type-simple"},"barcode":null,"atum_controlled":true,"out_stock_date":null,"out_stock_threshold":null,"inheritable":false,"stock_on_hold":0,"sold_today":0,"sales_last_days":0,"out_stock_days":0,"lost_sales":0,"update_date":"2026-04-20T12:55:08","atum_locations":[],"atum_stock_status":"instock","restock_status":false,"low_stock_amount":2,"sales_update_date":"2026-04-18T20:30:54","calc_backorders":null,"yoast_head":"<!-- This site is optimized with the Yoast SEO plugin v27.3 - https:\/\/yoast.com\/product\/yoast-seo-wordpress\/ -->\n<title>\u00d3culos de protec\u00e7\u00e3o EMAX Transporter II HD FPV - Iha Race<\/title>\n<meta name=\"robots\" content=\"index, follow, max-snippet:-1, max-image-preview:large, max-video-preview:-1\" \/>\n<link rel=\"canonical\" href=\"https:\/\/iha-race.com\/pt-pt\/produto\/eyewear-emax-transporter-ii-hd-fpv\/\" \/>\n<meta property=\"og:locale\" content=\"pt_PT\" \/>\n<meta property=\"og:type\" content=\"article\" \/>\n<meta property=\"og:title\" content=\"\u00d3culos de protec\u00e7\u00e3o EMAX Transporter II HD FPV - Iha Race\" \/>\n<meta property=\"og:description\" content=\"\u00d3culos de protec\u00e7\u00e3o EMAX Transporter II HD FPV Apresentamos-te&#8230; os \u00f3culos EMAX Transporter 2! Os \u00f3culos EMAX Transporter 2 FPV funcionam com duas antenas para uma for\u00e7a dupla. O ecr\u00e3\" \/>\n<meta property=\"og:url\" content=\"https:\/\/iha-race.com\/pt-pt\/produto\/eyewear-emax-transporter-ii-hd-fpv\/\" \/>\n<meta property=\"og:site_name\" content=\"Iha Race\" \/>\n<meta property=\"article:modified_time\" content=\"2024-08-29T09:20:52+00:00\" \/>\n<meta property=\"og:image\" content=\"https:\/\/iha-race.com\/wp-content\/uploads\/2023\/03\/Gafas-EMAX-Transporter-II-HD-FPV.webp\" \/>\n\t<meta property=\"og:image:width\" content=\"1000\" \/>\n\t<meta property=\"og:image:height\" content=\"1000\" \/>\n\t<meta property=\"og:image:type\" content=\"image\/webp\" \/>\n<meta name=\"twitter:card\" content=\"summary_large_image\" \/>\n<meta name=\"twitter:label1\" content=\"Tempo estimado de leitura\" \/>\n\t<meta name=\"twitter:data1\" content=\"1 minuto\" \/>\n<script type=\"application\/ld+json\" class=\"yoast-schema-graph\">{\"@context\":\"https:\\\/\\\/schema.org\",\"@graph\":[{\"@type\":\"WebPage\",\"@id\":\"https:\\\/\\\/iha-race.com\\\/pt-pt\\\/produto\\\/eyewear-emax-transporter-ii-hd-fpv\\\/\",\"url\":\"https:\\\/\\\/iha-race.com\\\/pt-pt\\\/produto\\\/eyewear-emax-transporter-ii-hd-fpv\\\/\",\"name\":\"\u00d3culos de protec\u00e7\u00e3o EMAX Transporter II HD FPV - Iha Race\",\"isPartOf\":{\"@id\":\"https:\\\/\\\/iha-race.com\\\/pt-pt\\\/#website\"},\"primaryImageOfPage\":{\"@id\":\"https:\\\/\\\/iha-race.com\\\/pt-pt\\\/produto\\\/eyewear-emax-transporter-ii-hd-fpv\\\/#primaryimage\"},\"image\":{\"@id\":\"https:\\\/\\\/iha-race.com\\\/pt-pt\\\/produto\\\/eyewear-emax-transporter-ii-hd-fpv\\\/#primaryimage\"},\"thumbnailUrl\":\"https:\\\/\\\/iha-race.com\\\/wp-content\\\/uploads\\\/2023\\\/03\\\/Gafas-EMAX-Transporter-II-HD-FPV.webp\",\"datePublished\":\"2023-03-13T15:53:42+00:00\",\"dateModified\":\"2024-08-29T09:20:52+00:00\",\"breadcrumb\":{\"@id\":\"https:\\\/\\\/iha-race.com\\\/pt-pt\\\/produto\\\/eyewear-emax-transporter-ii-hd-fpv\\\/#breadcrumb\"},\"inLanguage\":\"pt-PT\",\"potentialAction\":[{\"@type\":\"ReadAction\",\"target\":[\"https:\\\/\\\/iha-race.com\\\/pt-pt\\\/produto\\\/eyewear-emax-transporter-ii-hd-fpv\\\/\"]}]},{\"@type\":\"ImageObject\",\"inLanguage\":\"pt-PT\",\"@id\":\"https:\\\/\\\/iha-race.com\\\/pt-pt\\\/produto\\\/eyewear-emax-transporter-ii-hd-fpv\\\/#primaryimage\",\"url\":\"https:\\\/\\\/iha-race.com\\\/wp-content\\\/uploads\\\/2023\\\/03\\\/Gafas-EMAX-Transporter-II-HD-FPV.webp\",\"contentUrl\":\"https:\\\/\\\/iha-race.com\\\/wp-content\\\/uploads\\\/2023\\\/03\\\/Gafas-EMAX-Transporter-II-HD-FPV.webp\",\"width\":1000,\"height\":1000,\"caption\":\"Comprar Gafas EMAX Transporter II HD FPV\"},{\"@type\":\"BreadcrumbList\",\"@id\":\"https:\\\/\\\/iha-race.com\\\/pt-pt\\\/produto\\\/eyewear-emax-transporter-ii-hd-fpv\\\/#breadcrumb\",\"itemListElement\":[{\"@type\":\"ListItem\",\"position\":1,\"name\":\"Portada\",\"item\":\"https:\\\/\\\/iha-race.com\\\/pt-pt\\\/elementor-499\\\/\"},{\"@type\":\"ListItem\",\"position\":2,\"name\":\"Shop\",\"item\":\"https:\\\/\\\/iha-race.com\\\/pt-pt\\\/shop\\\/\"},{\"@type\":\"ListItem\",\"position\":3,\"name\":\"\u00d3culos de protec\u00e7\u00e3o EMAX Transporter II HD FPV\"}]},{\"@type\":\"WebSite\",\"@id\":\"https:\\\/\\\/iha-race.com\\\/pt-pt\\\/#website\",\"url\":\"https:\\\/\\\/iha-race.com\\\/pt-pt\\\/\",\"name\":\"Iha Race\",\"description\":\"Comprar drones de carreras FPV env\u00edos en un d\u00eda desde Espa\u00f1a\",\"publisher\":{\"@id\":\"https:\\\/\\\/iha-race.com\\\/pt-pt\\\/#organization\"},\"potentialAction\":[{\"@type\":\"SearchAction\",\"target\":{\"@type\":\"EntryPoint\",\"urlTemplate\":\"https:\\\/\\\/iha-race.com\\\/pt-pt\\\/?s={search_term_string}\"},\"query-input\":{\"@type\":\"PropertyValueSpecification\",\"valueRequired\":true,\"valueName\":\"search_term_string\"}}],\"inLanguage\":\"pt-PT\"},{\"@type\":\"Organization\",\"@id\":\"https:\\\/\\\/iha-race.com\\\/pt-pt\\\/#organization\",\"name\":\"Iha Race\",\"url\":\"https:\\\/\\\/iha-race.com\\\/pt-pt\\\/\",\"logo\":{\"@type\":\"ImageObject\",\"inLanguage\":\"pt-PT\",\"@id\":\"https:\\\/\\\/iha-race.com\\\/pt-pt\\\/#\\\/schema\\\/logo\\\/image\\\/\",\"url\":\"https:\\\/\\\/iha-race.com\\\/wp-content\\\/uploads\\\/2018\\\/07\\\/iha-race-drones-de-carreras-tienda-comprar-drones.png\",\"contentUrl\":\"https:\\\/\\\/iha-race.com\\\/wp-content\\\/uploads\\\/2018\\\/07\\\/iha-race-drones-de-carreras-tienda-comprar-drones.png\",\"width\":300,\"height\":100,\"caption\":\"Iha Race\"},\"image\":{\"@id\":\"https:\\\/\\\/iha-race.com\\\/pt-pt\\\/#\\\/schema\\\/logo\\\/image\\\/\"}}]}<\/script>\n<!-- \/ Yoast SEO plugin. -->","yoast_head_json":{"title":"\u00d3culos de protec\u00e7\u00e3o EMAX Transporter II HD FPV - Iha Race","robots":{"index":"index","follow":"follow","max-snippet":"max-snippet:-1","max-image-preview":"max-image-preview:large","max-video-preview":"max-video-preview:-1"},"canonical":"https:\/\/iha-race.com\/pt-pt\/produto\/eyewear-emax-transporter-ii-hd-fpv\/","og_locale":"pt_PT","og_type":"article","og_title":"\u00d3culos de protec\u00e7\u00e3o EMAX Transporter II HD FPV - Iha Race","og_description":"\u00d3culos de protec\u00e7\u00e3o EMAX Transporter II HD FPV Apresentamos-te&#8230; os \u00f3culos EMAX Transporter 2! Os \u00f3culos EMAX Transporter 2 FPV funcionam com duas antenas para uma for\u00e7a dupla. O ecr\u00e3","og_url":"https:\/\/iha-race.com\/pt-pt\/produto\/eyewear-emax-transporter-ii-hd-fpv\/","og_site_name":"Iha Race","article_modified_time":"2024-08-29T09:20:52+00:00","og_image":[{"width":1000,"height":1000,"url":"https:\/\/iha-race.com\/wp-content\/uploads\/2023\/03\/Gafas-EMAX-Transporter-II-HD-FPV.webp","type":"image\/webp"}],"twitter_card":"summary_large_image","twitter_misc":{"Tempo estimado de leitura":"1 minuto"},"schema":{"@context":"https:\/\/schema.org","@graph":[{"@type":"WebPage","@id":"https:\/\/iha-race.com\/pt-pt\/produto\/eyewear-emax-transporter-ii-hd-fpv\/","url":"https:\/\/iha-race.com\/pt-pt\/produto\/eyewear-emax-transporter-ii-hd-fpv\/","name":"\u00d3culos de protec\u00e7\u00e3o EMAX Transporter II HD FPV - Iha Race","isPartOf":{"@id":"https:\/\/iha-race.com\/pt-pt\/#website"},"primaryImageOfPage":{"@id":"https:\/\/iha-race.com\/pt-pt\/produto\/eyewear-emax-transporter-ii-hd-fpv\/#primaryimage"},"image":{"@id":"https:\/\/iha-race.com\/pt-pt\/produto\/eyewear-emax-transporter-ii-hd-fpv\/#primaryimage"},"thumbnailUrl":"https:\/\/iha-race.com\/wp-content\/uploads\/2023\/03\/Gafas-EMAX-Transporter-II-HD-FPV.webp","datePublished":"2023-03-13T15:53:42+00:00","dateModified":"2024-08-29T09:20:52+00:00","breadcrumb":{"@id":"https:\/\/iha-race.com\/pt-pt\/produto\/eyewear-emax-transporter-ii-hd-fpv\/#breadcrumb"},"inLanguage":"pt-PT","potentialAction":[{"@type":"ReadAction","target":["https:\/\/iha-race.com\/pt-pt\/produto\/eyewear-emax-transporter-ii-hd-fpv\/"]}]},{"@type":"ImageObject","inLanguage":"pt-PT","@id":"https:\/\/iha-race.com\/pt-pt\/produto\/eyewear-emax-transporter-ii-hd-fpv\/#primaryimage","url":"https:\/\/iha-race.com\/wp-content\/uploads\/2023\/03\/Gafas-EMAX-Transporter-II-HD-FPV.webp","contentUrl":"https:\/\/iha-race.com\/wp-content\/uploads\/2023\/03\/Gafas-EMAX-Transporter-II-HD-FPV.webp","width":1000,"height":1000,"caption":"Comprar Gafas EMAX Transporter II HD FPV"},{"@type":"BreadcrumbList","@id":"https:\/\/iha-race.com\/pt-pt\/produto\/eyewear-emax-transporter-ii-hd-fpv\/#breadcrumb","itemListElement":[{"@type":"ListItem","position":1,"name":"Portada","item":"https:\/\/iha-race.com\/pt-pt\/elementor-499\/"},{"@type":"ListItem","position":2,"name":"Shop","item":"https:\/\/iha-race.com\/pt-pt\/shop\/"},{"@type":"ListItem","position":3,"name":"\u00d3culos de protec\u00e7\u00e3o EMAX Transporter II HD FPV"}]},{"@type":"WebSite","@id":"https:\/\/iha-race.com\/pt-pt\/#website","url":"https:\/\/iha-race.com\/pt-pt\/","name":"Iha Race","description":"Comprar drones de carreras FPV env\u00edos en un d\u00eda desde Espa\u00f1a","publisher":{"@id":"https:\/\/iha-race.com\/pt-pt\/#organization"},"potentialAction":[{"@type":"SearchAction","target":{"@type":"EntryPoint","urlTemplate":"https:\/\/iha-race.com\/pt-pt\/?s={search_term_string}"},"query-input":{"@type":"PropertyValueSpecification","valueRequired":true,"valueName":"search_term_string"}}],"inLanguage":"pt-PT"},{"@type":"Organization","@id":"https:\/\/iha-race.com\/pt-pt\/#organization","name":"Iha Race","url":"https:\/\/iha-race.com\/pt-pt\/","logo":{"@type":"ImageObject","inLanguage":"pt-PT","@id":"https:\/\/iha-race.com\/pt-pt\/#\/schema\/logo\/image\/","url":"https:\/\/iha-race.com\/wp-content\/uploads\/2018\/07\/iha-race-drones-de-carreras-tienda-comprar-drones.png","contentUrl":"https:\/\/iha-race.com\/wp-content\/uploads\/2018\/07\/iha-race-drones-de-carreras-tienda-comprar-drones.png","width":300,"height":100,"caption":"Iha Race"},"image":{"@id":"https:\/\/iha-race.com\/pt-pt\/#\/schema\/logo\/image\/"}}]}},"jetpack_sharing_enabled":true,"brands":[],"_links":{"self":[{"href":"https:\/\/iha-race.com\/pt-pt\/wp-json\/wp\/v2\/product\/226411","targetHints":{"allow":["GET"]}}],"collection":[{"href":"https:\/\/iha-race.com\/pt-pt\/wp-json\/wp\/v2\/product"}],"about":[{"href":"https:\/\/iha-race.com\/pt-pt\/wp-json\/wp\/v2\/types\/product"}],"replies":[{"embeddable":true,"href":"https:\/\/iha-race.com\/pt-pt\/wp-json\/wp\/v2\/comments?post=226411"}],"version-history":[{"count":2,"href":"https:\/\/iha-race.com\/pt-pt\/wp-json\/wp\/v2\/product\/226411\/revisions"}],"predecessor-version":[{"id":248519,"href":"https:\/\/iha-race.com\/pt-pt\/wp-json\/wp\/v2\/product\/226411\/revisions\/248519"}],"wp:featuredmedia":[{"embeddable":true,"href":"https:\/\/iha-race.com\/pt-pt\/wp-json\/wp\/v2\/media\/226387"}],"wp:attachment":[{"href":"https:\/\/iha-race.com\/pt-pt\/wp-json\/wp\/v2\/media?parent=226411"}],"wp:term":[{"taxonomy":"pwb-brand","embeddable":true,"href":"https:\/\/iha-race.com\/pt-pt\/wp-json\/wp\/v2\/pwb-brand?post=226411"},{"taxonomy":"product_cat","embeddable":true,"href":"https:\/\/iha-race.com\/pt-pt\/wp-json\/wp\/v2\/product_cat?post=226411"},{"taxonomy":"product_tag","embeddable":true,"href":"https:\/\/iha-race.com\/pt-pt\/wp-json\/wp\/v2\/product_tag?post=226411"}],"curies":[{"name":"wp","href":"https:\/\/api.w.org\/{rel}","templated":true}]}}