{"id":226060,"date":"2023-02-28T18:52:07","date_gmt":"2023-02-28T17:52:07","guid":{"rendered":"https:\/\/iha-race.com\/producto\/dji-avata-vista-pro-combo\/"},"modified":"2024-08-29T11:20:38","modified_gmt":"2024-08-29T09:20:38","slug":"dji-avata-pro-view-combo-2","status":"publish","type":"product","link":"https:\/\/iha-race.com\/pt-pt\/produto\/dji-avata-pro-view-combo-2\/","title":{"rendered":"DJI Avata &#8211; Vista Pro COMBO"},"content":{"rendered":"<h1>DJI Avata &#8211; Vista Pro COMBO<\/h1>\n<h2><span style=\"color: #ff0000;\">30 DIAS DE PR\u00c9-ENCOMENDA<\/span><\/h2>\n<p><strong>Equipado com um sensor CMOS de 1\/1,7 polegadas, Avata suporta 4K grava\u00e7\u00e3o ultra grande angular com uma abertura de f\/2,8. Juntamente com um desempenho de imagem de alta qualidade, proporciona imagens excepcionais que manter\u00e3o o seu p\u00fablico em admira\u00e7\u00e3o.<\/strong><\/p>\n<p><strong>Nascido para voar<\/strong> Quando combinas a Avata com os \u00f3culos de prote\u00e7\u00e3o e o comando de movimento, voar torna-se acess\u00edvel a todos. Sinta a emo\u00e7\u00e3o da imers\u00e3o total com seguran\u00e7a e controlo inigual\u00e1veis. Abrace a sua espontaneidade e capte o mundo \u00e0 sua volta. Alguns de n\u00f3s nascemos para voar. Compacto e leve, o DJI Avata \u00e9 \u00e1gil em espa\u00e7os apertados, e todos os aspectos do seu design foram feitos para que se possa ser ousado. A protec\u00e7\u00e3o integrada da h\u00e9lice significa que se o Avata contactar um objecto, ele pode saltar para tr\u00e1s, permanecer no ar e continuar a voar. Compacto e leve, DJI Avata \u00e9 \u00e1gil em espa\u00e7os apertados. Cada aspecto da sua concep\u00e7\u00e3o foi feito para que possa ser ousado. A prote\u00e7\u00e3o integrada da h\u00e9lice significa que, se o Avata entrar em contacto com um objeto, pode saltar para tr\u00e1s, manter-se no ar e continuar a voar. <strong>DJI Motion ControllerExperimenta<\/strong><strong>a magia de voar<\/strong> O DJI Motion Controller coloca o voo intuitivo nas tuas m\u00e3os. Pressiona o gatilho e avan\u00e7a, ou faz uma curva com um simples movimento do pulso. Os controlos s\u00e3o f\u00e1ceis de utilizar e oferecem uma forma totalmente \u00fanica de voar.  <\/p>\n<h3><strong>Os movimentos fixes merecem v\u00eddeos fixes<\/strong><\/h3>\n<p><strong>Um avan\u00e7o nos efeitos visuais FPV<\/strong> Equipado com um sensor CMOS de 1\/1,7 polegadas, o DJI Avata permite a grava\u00e7\u00e3o ultra grande angular em 4K com uma abertura f\/2.8. Juntamente com um desempenho de imagem superior, proporciona efeitos visuais excepcionais que manter\u00e3o o teu p\u00fablico atento.  <\/p>\n<table>\n<tbody>\n<tr>\n<td><strong>1\/1,7 polegadas<\/strong><strong>Sensor<\/strong><\/td>\n<td><strong>4K\/60 fps[6]<\/strong><strong>V\u00eddeo<\/strong><\/td>\n<\/tr>\n<tr>\n<td><strong>155\u00b0<\/strong><strong>Campo de vis\u00e3o super amplo<\/strong><\/td>\n<td><strong>D-Cinelike<\/strong><strong>Modo de cor<\/strong><\/td>\n<\/tr>\n<tr>\n<td><strong>RockSteady 2.0<\/strong><strong>Estabiliza\u00e7\u00e3o eletr\u00f3nica de imagem<\/strong><\/td>\n<td><strong>HorizonSteady<\/strong><strong>Estabiliza\u00e7\u00e3o eletr\u00f3nica de imagem<\/strong><\/td>\n<\/tr>\n<\/tbody>\n<\/table>\n<p><strong>Campo de vis\u00e3o super-amplo de 155\u00b0<\/strong> A maioria dos drones com c\u00e2mara oferece, na melhor das hip\u00f3teses, um campo de vis\u00e3o de 84\u00b0. O DJI Avata vai mais longe com o seu campo de vis\u00e3o super-amplo de 155\u00b0. Esta perspetiva ampliada est\u00e1 mais pr\u00f3xima do que vemos com os nossos pr\u00f3prios olhos e cria efeitos visuais impressionantes e extremamente envolventes. <strong>Grava\u00e7\u00e3o soberba<\/strong> Mant\u00e9m os teus v\u00eddeos est\u00e1veis enquanto fazes acrobacias com o RockSteady 2.0 e o HorizonSteady[8]. Estas tecnologias de ponta abrem um mundo de possibilidades cinematogr\u00e1ficas, reduzindo a vibra\u00e7\u00e3o da c\u00e2mara e assegurando um v\u00eddeo ultra HD suave.  <strong>RockSteady 2.0<\/strong> O RockSteady reduz ativamente a vibra\u00e7\u00e3o da c\u00e2mara em tempo real.<br \/>\n<strong> HorizonSteady<\/strong> O HorizonSteady bloqueia o n\u00edvel do horizonte dos teus v\u00eddeos para efeitos cinematogr\u00e1ficos.<br \/>\n<strong>Agilidade na sala de edi\u00e7\u00e3o<\/strong> Mergulha num mundo de cor quando filmas no modo D-Cinelike, faz com que os teus v\u00eddeos se destaquem com a grada\u00e7\u00e3o de cor p\u00f3s-edi\u00e7\u00e3o e transforma a tua cria\u00e7\u00e3o numa obra-prima.     <\/p>\n<h3><strong>O seu companheiro mais resistente<\/strong><\/h3>\n<p><strong>Port\u00e1til e pronta para a aventura<\/strong>, a Avata adopta um design novo e inovador a pensar no teu conforto. \u00c9 mais leve, mais compacto e mais f\u00e1cil de transportar.  <strong>Atrever-se a voar para longe.<\/strong>  O DJI Avata \u00e9 robusto, por isso podes ser corajoso. A sua estrutura robusta reduz o risco de danos e d\u00e1-lhe uma maior paz de esp\u00edrito. O novo design aerodin\u00e2mico com nervuras optimiza a efici\u00eancia energ\u00e9tica para permitir um impressionante tempo de voo de 18 minutos. <strong>Voa e explora<\/strong> Redescobre o que te rodeia com total liberdade e descobre formas incr\u00edveis de gravar v\u00eddeos.<br \/>\nA flexibilidade do DJI Avata em v\u00e1rios cen\u00e1rios abre-te um novo mundo de possibilidades criativas. <strong>Voa onde os outros n\u00e3o conseguem<\/strong> Capta v\u00eddeos verdadeiramente \u00fanicos enquanto ziguezagueia entre ramos de \u00e1rvores e passa por baixo de pontes e corredores, filmando em locais que antes eram inacess\u00edveis. <strong>Confian\u00e7a na seguran\u00e7aPara<\/strong> al\u00e9m da prote\u00e7\u00e3o integrada da h\u00e9lice, o Avata possui vis\u00e3o binocular<strong>inferior<\/strong> e dete\u00e7\u00e3o de infravermelhos ToF para uma seguran\u00e7a ainda maior. Estes sensores detectam obst\u00e1culos abaixo e acima do Avata, para que possas voar a baixa altitude ou em espa\u00e7os interiores.   <\/p>\n<ul>\n<li><strong>Voo a baixa altitude<\/strong>: Experimente o voo a baixa altitude de Avata e deslize tentadoramente perto do solo.[11] Isto, em combina\u00e7\u00e3o com o campo de vis\u00e3o super amplo, cria uma perspectiva excitante e totalmente \u00fanica.<\/li>\n<\/ul>\n<ul>\n<li><strong>Stop and Wait<\/strong>: Prima o bot\u00e3o de travagem de emerg\u00eancia se se encontrar numa situa\u00e7\u00e3o que exija uma paragem abrupta. Avata manter\u00e1 o voo em pausa para reduzir o risco de potenciais acidentes.<\/li>\n<\/ul>\n<p><strong>Transmiss\u00e3o em que pode confiar<\/strong><\/p>\n<table>\n<tbody>\n<tr>\n<td><strong>1080p<\/strong><strong>Qualidade m\u00e1xima de transmiss\u00e3o de v\u00eddeo[12]<\/strong><\/td>\n<td><strong>100 fps<\/strong><strong>Taxa de quadros m\u00e1xima de transmiss\u00e3o de v\u00eddeo<\/strong><\/td>\n<\/tr>\n<tr>\n<td><strong>30 ms<\/strong><strong>Lat\u00eancia m\u00ednima de transmiss\u00e3o de v\u00eddeo[12]<\/strong><\/td>\n<td><strong>10 km<\/strong><strong>Alcance m\u00e1ximo de transmiss\u00e3o de v\u00eddeo[13]<\/strong><\/td>\n<\/tr>\n<tr>\n<td><strong>50 Mb\/s<\/strong><strong>Taxa m\u00e1x. de bits de v\u00eddeo[14]<\/strong><\/td>\n<td><strong>H.265<\/strong><strong>Codifica\u00e7\u00e3o de streaming de v\u00eddeo<\/strong><\/td>\n<\/tr>\n<\/tbody>\n<\/table>\n<p><em><strong>*** Quando utilizas os DJI Goggles 2 num ambiente exterior aberto sem interfer\u00eancias ***.<\/strong><\/em><strong>Domina os teus movimentos<\/strong> O DJI Avata \u00e9 compat\u00edvel com v\u00e1rios dispositivos de controlo remoto, cada um deles com diferentes possibilidades. O simulador de voo \u00e9 perfeito para aperfei\u00e7oares as tuas capacidades ou experimentares diferentes modos de controlo que oferecem efeitos visuais melhorados e novas oportunidades.  <\/p>\n<ul>\n<li><strong>M\u00e1xima precis\u00e3o<\/strong>: Voar em modo manual com o controlo remoto DJI FPV 2 para movimentos de voo avan\u00e7ados, efeitos de fotografia a\u00e9rea est\u00e1veis e uma linguagem visual diversificada para grava\u00e7\u00f5es.<\/li>\n<li>A <strong>pr\u00e1tica torna perfeito:<\/strong> A aplica\u00e7\u00e3o DJI Virtual Flight pode ser usada tanto em computadores como em smartphones e cont\u00e9m m\u00faltiplos cen\u00e1rios simulados.[16] Pode praticar dentro e fora de casa, aperfei\u00e7oar as suas capacidades de voo e tornar-se um piloto mestre passo a passo.<\/li>\n<\/ul>\n<ol>\n<li>DJI Avata \u00e9 compat\u00edvel com os \u00f3culos DJI Goggles 2, DJI FPV Remote Control 2 e DJI FPV Goggles V2.<\/li>\n<li>O utilizador e a experi\u00eancia de visualiza\u00e7\u00e3o podem diferir de pessoa para pessoa.<\/li>\n<li>A taxa de actualiza\u00e7\u00e3o do ecr\u00e3 muda de acordo com a taxa de fotogramas do fluxo de v\u00eddeo. Pode mudar entre 100 Hz e 60 Hz para se adequar \u00e0 taxa de fotogramas actual do fluxo de v\u00eddeo.<\/li>\n<li>DJI Goggles 2 n\u00e3o permitem a correc\u00e7\u00e3o do astigmatismo. Se tiver requisitos espec\u00edficos de vis\u00e3o, por favor consulte o seu m\u00e9dico antes de usar.<\/li>\n<li>A experi\u00eancia de visualiza\u00e7\u00e3o pode variar.<\/li>\n<li>Os v\u00eddeos de 4K\/60 fps n\u00e3o s\u00e3o compat\u00edveis com a propor\u00e7\u00e3o 4:3, apenas a propor\u00e7\u00e3o 16:9 \u00e9 suportada.<\/li>\n<li>O campo de vis\u00e3o de 155\u00b0 s\u00f3 est\u00e1 dispon\u00edvel quando a rela\u00e7\u00e3o de aspecto \u00e9 4:3 e a especifica\u00e7\u00e3o de grava\u00e7\u00e3o de v\u00eddeo \u00e9 2,7K a 50\/60 fps ou 1080p a 50\/60 fps, ou quando a rela\u00e7\u00e3o de aspecto \u00e9 16:9 e a especifica\u00e7\u00e3o de grava\u00e7\u00e3o de v\u00eddeo \u00e9 4K a 50\/60 fps, 2,7K a 50\/60 fps ou 1080p a 50\/60 fps.<\/li>\n<li>HorizonSteady s\u00f3 est\u00e1 dispon\u00edvel com o campo de vis\u00e3o no modo Normal com uma rela\u00e7\u00e3o de aspecto de 16:9 e a especifica\u00e7\u00e3o de grava\u00e7\u00e3o de v\u00eddeo de 4K a 50\/60 fps, 2,7K a 50\/60 fps ou 1080p a 50\/60 fps. RockSteady n\u00e3o est\u00e1 dispon\u00edvel quando a especifica\u00e7\u00e3o de grava\u00e7\u00e3o de v\u00eddeo \u00e9 2,7K a 100\/120 fps ou 1080p a 100\/120 fps.<\/li>\n<li>Testado quando pairando num ambiente livre de vento e interfer\u00eancia.<\/li>\n<li>DJI Avata s\u00f3 permite a detec\u00e7\u00e3o de obst\u00e1culos mais baixos quando utilizado com DJI FPV Remote Control 2 ou DJI Motion Controller em N-Mode ou S-Mode.<\/li>\n<li>A aeronave deve manter uma dist\u00e2ncia de pelo menos 0,25 metros do solo.<\/li>\n<li>A lat\u00eancia de transmiss\u00e3o de v\u00eddeo varia entre diferentes modelos.DJI FPV Goggles V2 pode atingir uma transmiss\u00e3o de v\u00eddeo at\u00e9 810p.Ao utilizar DJI FPV Goggles V2 com transmiss\u00e3o de v\u00eddeo a 810p\/120 fps, a lat\u00eancia m\u00ednima de transmiss\u00e3o de v\u00eddeo \u00e9 inferior a 28ms.<\/li>\n<li>Em conformidade com a FCC e testado num ambiente aberto ao ar livre sem interfer\u00eancia.<\/li>\n<li>Testado num ambiente exterior aberto e n\u00e3o-interferente. A taxa de bits de transmiss\u00e3o de v\u00eddeo varia de acordo com os ambientes operacionais.<\/li>\n<li>Compat\u00edvel com DJI FPV Remote Control 2 e DJI Motion Controller, vendido separadamente.<\/li>\n<li>O cliente PC \u00e9 compat\u00edvel com os sistemas operativos Windows. O cliente m\u00f3vel \u00e9 compat\u00edvel com iOS 12.0 e posteriores e Android v9.0 e posteriores.<\/li>\n<\/ol>\n<p>&nbsp;<\/p>\n<p><strong>O pacote inclui:<\/strong><\/p>\n<ul>\n<li>1 x DJI Avata<\/li>\n<li>1 x Bateria de voo DJI Avata<\/li>\n<li>1 x H\u00e9lices (par)<\/li>\n<li>1 x Adaptador de energia<\/li>\n<li>1 x Cabo PD (Tipo C-Tipo C)<\/li>\n<li>1 x Estabilizador protector<\/li>\n<li>1 x Chave de fendas<\/li>\n<li>1 x Parafusos (M2 x7)<\/li>\n<li>1 x Controlador de movimento<\/li>\n<li>1 x \u00d3culos de DJI FPV 2<\/li>\n<li>1 x \u00d3culos de DJI 2 Bateria<\/li>\n<li>1 x protector de ecr\u00e3 DJI Goggles 2<\/li>\n<li>1 x \u00d3culos de DJI 2 Fita de cabe\u00e7a<\/li>\n<li>2 x Antena de banda dupla para \u00f3culos de protec\u00e7\u00e3o DJI (par)<\/li>\n<li>1 x \u00d3culos de DJI 2 cabo de alimenta\u00e7\u00e3o<\/li>\n<li>1 x cabo OTG<\/li>\n<li>1 x Correia<\/li>\n<\/ul>\n","protected":false},"excerpt":{"rendered":"<p>DJI Avata &#8211; Vista Pro COMBO 30 DIAS DE PR\u00c9-ENCOMENDA Equipado com um sensor CMOS de 1\/1,7 polegadas, Avata suporta 4K grava\u00e7\u00e3o ultra grande angular com uma abertura de f\/2,8.<\/p>\n","protected":false},"featured_media":225751,"comment_status":"open","ping_status":"closed","template":"","meta":{"_joinchat":[]},"pwb-brand":[],"product_cat":[3332],"product_tag":[],"class_list":{"0":"post-226060","1":"product","2":"type-product","3":"status-publish","4":"has-post-thumbnail","6":"product_cat-dji-pt-pt","8":"first","9":"instock","10":"taxable","11":"shipping-taxable","12":"purchasable","13":"product-type-simple"},"barcode":null,"atum_controlled":true,"out_stock_date":null,"out_stock_threshold":null,"inheritable":false,"stock_on_hold":0,"sold_today":0,"sales_last_days":1,"out_stock_days":0,"lost_sales":0,"update_date":"2026-04-08T16:51:17","atum_locations":[],"atum_stock_status":"instock","restock_status":false,"low_stock_amount":"","sales_update_date":"2023-10-10T12:16:41","calc_backorders":null,"yoast_head":"<!-- This site is optimized with the Yoast SEO plugin v27.3 - https:\/\/yoast.com\/product\/yoast-seo-wordpress\/ -->\n<title>DJI Avata - Vista Pro COMBO - Iha Race<\/title>\n<meta name=\"robots\" content=\"index, follow, max-snippet:-1, max-image-preview:large, max-video-preview:-1\" \/>\n<link rel=\"canonical\" href=\"https:\/\/iha-race.com\/pt-pt\/produto\/dji-avata-pro-view-combo-2\/\" \/>\n<meta property=\"og:locale\" content=\"pt_PT\" \/>\n<meta property=\"og:type\" content=\"article\" \/>\n<meta property=\"og:title\" content=\"DJI Avata - Vista Pro COMBO - Iha Race\" \/>\n<meta property=\"og:description\" content=\"DJI Avata &#8211; Vista Pro COMBO 30 DIAS DE PR\u00c9-ENCOMENDA Equipado com um sensor CMOS de 1\/1,7 polegadas, Avata suporta 4K grava\u00e7\u00e3o ultra grande angular com uma abertura de f\/2,8.\" \/>\n<meta property=\"og:url\" content=\"https:\/\/iha-race.com\/pt-pt\/produto\/dji-avata-pro-view-combo-2\/\" \/>\n<meta property=\"og:site_name\" content=\"Iha Race\" \/>\n<meta property=\"article:modified_time\" content=\"2024-08-29T09:20:38+00:00\" \/>\n<meta property=\"og:image\" content=\"https:\/\/iha-race.com\/wp-content\/uploads\/2023\/02\/09ef5980909a9f512dd4fd9eba46c59b-dji-avata-pro-view-combo.jpg.jpeg\" \/>\n\t<meta property=\"og:image:width\" content=\"1100\" \/>\n\t<meta property=\"og:image:height\" content=\"1422\" \/>\n\t<meta property=\"og:image:type\" content=\"image\/jpeg\" \/>\n<meta name=\"twitter:card\" content=\"summary_large_image\" \/>\n<meta name=\"twitter:label1\" content=\"Tempo estimado de leitura\" \/>\n\t<meta name=\"twitter:data1\" content=\"8 minutos\" \/>\n<script type=\"application\/ld+json\" class=\"yoast-schema-graph\">{\"@context\":\"https:\\\/\\\/schema.org\",\"@graph\":[{\"@type\":\"WebPage\",\"@id\":\"https:\\\/\\\/iha-race.com\\\/pt-pt\\\/produto\\\/dji-avata-pro-view-combo-2\\\/\",\"url\":\"https:\\\/\\\/iha-race.com\\\/pt-pt\\\/produto\\\/dji-avata-pro-view-combo-2\\\/\",\"name\":\"DJI Avata - Vista Pro COMBO - Iha Race\",\"isPartOf\":{\"@id\":\"https:\\\/\\\/iha-race.com\\\/pt-pt\\\/#website\"},\"primaryImageOfPage\":{\"@id\":\"https:\\\/\\\/iha-race.com\\\/pt-pt\\\/produto\\\/dji-avata-pro-view-combo-2\\\/#primaryimage\"},\"image\":{\"@id\":\"https:\\\/\\\/iha-race.com\\\/pt-pt\\\/produto\\\/dji-avata-pro-view-combo-2\\\/#primaryimage\"},\"thumbnailUrl\":\"https:\\\/\\\/iha-race.com\\\/wp-content\\\/uploads\\\/2023\\\/02\\\/09ef5980909a9f512dd4fd9eba46c59b-dji-avata-pro-view-combo.jpg.jpeg\",\"datePublished\":\"2023-02-28T17:52:07+00:00\",\"dateModified\":\"2024-08-29T09:20:38+00:00\",\"breadcrumb\":{\"@id\":\"https:\\\/\\\/iha-race.com\\\/pt-pt\\\/produto\\\/dji-avata-pro-view-combo-2\\\/#breadcrumb\"},\"inLanguage\":\"pt-PT\",\"potentialAction\":[{\"@type\":\"ReadAction\",\"target\":[\"https:\\\/\\\/iha-race.com\\\/pt-pt\\\/produto\\\/dji-avata-pro-view-combo-2\\\/\"]}]},{\"@type\":\"ImageObject\",\"inLanguage\":\"pt-PT\",\"@id\":\"https:\\\/\\\/iha-race.com\\\/pt-pt\\\/produto\\\/dji-avata-pro-view-combo-2\\\/#primaryimage\",\"url\":\"https:\\\/\\\/iha-race.com\\\/wp-content\\\/uploads\\\/2023\\\/02\\\/09ef5980909a9f512dd4fd9eba46c59b-dji-avata-pro-view-combo.jpg.jpeg\",\"contentUrl\":\"https:\\\/\\\/iha-race.com\\\/wp-content\\\/uploads\\\/2023\\\/02\\\/09ef5980909a9f512dd4fd9eba46c59b-dji-avata-pro-view-combo.jpg.jpeg\",\"width\":1100,\"height\":1422},{\"@type\":\"BreadcrumbList\",\"@id\":\"https:\\\/\\\/iha-race.com\\\/pt-pt\\\/produto\\\/dji-avata-pro-view-combo-2\\\/#breadcrumb\",\"itemListElement\":[{\"@type\":\"ListItem\",\"position\":1,\"name\":\"Portada\",\"item\":\"https:\\\/\\\/iha-race.com\\\/pt-pt\\\/elementor-499\\\/\"},{\"@type\":\"ListItem\",\"position\":2,\"name\":\"Shop\",\"item\":\"https:\\\/\\\/iha-race.com\\\/pt-pt\\\/shop\\\/\"},{\"@type\":\"ListItem\",\"position\":3,\"name\":\"DJI Avata &#8211; Vista Pro COMBO\"}]},{\"@type\":\"WebSite\",\"@id\":\"https:\\\/\\\/iha-race.com\\\/pt-pt\\\/#website\",\"url\":\"https:\\\/\\\/iha-race.com\\\/pt-pt\\\/\",\"name\":\"Iha Race\",\"description\":\"Comprar drones de carreras FPV env\u00edos en un d\u00eda desde Espa\u00f1a\",\"publisher\":{\"@id\":\"https:\\\/\\\/iha-race.com\\\/pt-pt\\\/#organization\"},\"potentialAction\":[{\"@type\":\"SearchAction\",\"target\":{\"@type\":\"EntryPoint\",\"urlTemplate\":\"https:\\\/\\\/iha-race.com\\\/pt-pt\\\/?s={search_term_string}\"},\"query-input\":{\"@type\":\"PropertyValueSpecification\",\"valueRequired\":true,\"valueName\":\"search_term_string\"}}],\"inLanguage\":\"pt-PT\"},{\"@type\":\"Organization\",\"@id\":\"https:\\\/\\\/iha-race.com\\\/pt-pt\\\/#organization\",\"name\":\"Iha Race\",\"url\":\"https:\\\/\\\/iha-race.com\\\/pt-pt\\\/\",\"logo\":{\"@type\":\"ImageObject\",\"inLanguage\":\"pt-PT\",\"@id\":\"https:\\\/\\\/iha-race.com\\\/pt-pt\\\/#\\\/schema\\\/logo\\\/image\\\/\",\"url\":\"https:\\\/\\\/iha-race.com\\\/wp-content\\\/uploads\\\/2018\\\/07\\\/iha-race-drones-de-carreras-tienda-comprar-drones.png\",\"contentUrl\":\"https:\\\/\\\/iha-race.com\\\/wp-content\\\/uploads\\\/2018\\\/07\\\/iha-race-drones-de-carreras-tienda-comprar-drones.png\",\"width\":300,\"height\":100,\"caption\":\"Iha Race\"},\"image\":{\"@id\":\"https:\\\/\\\/iha-race.com\\\/pt-pt\\\/#\\\/schema\\\/logo\\\/image\\\/\"}}]}<\/script>\n<!-- \/ Yoast SEO plugin. -->","yoast_head_json":{"title":"DJI Avata - Vista Pro COMBO - Iha Race","robots":{"index":"index","follow":"follow","max-snippet":"max-snippet:-1","max-image-preview":"max-image-preview:large","max-video-preview":"max-video-preview:-1"},"canonical":"https:\/\/iha-race.com\/pt-pt\/produto\/dji-avata-pro-view-combo-2\/","og_locale":"pt_PT","og_type":"article","og_title":"DJI Avata - Vista Pro COMBO - Iha Race","og_description":"DJI Avata &#8211; Vista Pro COMBO 30 DIAS DE PR\u00c9-ENCOMENDA Equipado com um sensor CMOS de 1\/1,7 polegadas, Avata suporta 4K grava\u00e7\u00e3o ultra grande angular com uma abertura de f\/2,8.","og_url":"https:\/\/iha-race.com\/pt-pt\/produto\/dji-avata-pro-view-combo-2\/","og_site_name":"Iha Race","article_modified_time":"2024-08-29T09:20:38+00:00","og_image":[{"width":1100,"height":1422,"url":"https:\/\/iha-race.com\/wp-content\/uploads\/2023\/02\/09ef5980909a9f512dd4fd9eba46c59b-dji-avata-pro-view-combo.jpg.jpeg","type":"image\/jpeg"}],"twitter_card":"summary_large_image","twitter_misc":{"Tempo estimado de leitura":"8 minutos"},"schema":{"@context":"https:\/\/schema.org","@graph":[{"@type":"WebPage","@id":"https:\/\/iha-race.com\/pt-pt\/produto\/dji-avata-pro-view-combo-2\/","url":"https:\/\/iha-race.com\/pt-pt\/produto\/dji-avata-pro-view-combo-2\/","name":"DJI Avata - Vista Pro COMBO - Iha Race","isPartOf":{"@id":"https:\/\/iha-race.com\/pt-pt\/#website"},"primaryImageOfPage":{"@id":"https:\/\/iha-race.com\/pt-pt\/produto\/dji-avata-pro-view-combo-2\/#primaryimage"},"image":{"@id":"https:\/\/iha-race.com\/pt-pt\/produto\/dji-avata-pro-view-combo-2\/#primaryimage"},"thumbnailUrl":"https:\/\/iha-race.com\/wp-content\/uploads\/2023\/02\/09ef5980909a9f512dd4fd9eba46c59b-dji-avata-pro-view-combo.jpg.jpeg","datePublished":"2023-02-28T17:52:07+00:00","dateModified":"2024-08-29T09:20:38+00:00","breadcrumb":{"@id":"https:\/\/iha-race.com\/pt-pt\/produto\/dji-avata-pro-view-combo-2\/#breadcrumb"},"inLanguage":"pt-PT","potentialAction":[{"@type":"ReadAction","target":["https:\/\/iha-race.com\/pt-pt\/produto\/dji-avata-pro-view-combo-2\/"]}]},{"@type":"ImageObject","inLanguage":"pt-PT","@id":"https:\/\/iha-race.com\/pt-pt\/produto\/dji-avata-pro-view-combo-2\/#primaryimage","url":"https:\/\/iha-race.com\/wp-content\/uploads\/2023\/02\/09ef5980909a9f512dd4fd9eba46c59b-dji-avata-pro-view-combo.jpg.jpeg","contentUrl":"https:\/\/iha-race.com\/wp-content\/uploads\/2023\/02\/09ef5980909a9f512dd4fd9eba46c59b-dji-avata-pro-view-combo.jpg.jpeg","width":1100,"height":1422},{"@type":"BreadcrumbList","@id":"https:\/\/iha-race.com\/pt-pt\/produto\/dji-avata-pro-view-combo-2\/#breadcrumb","itemListElement":[{"@type":"ListItem","position":1,"name":"Portada","item":"https:\/\/iha-race.com\/pt-pt\/elementor-499\/"},{"@type":"ListItem","position":2,"name":"Shop","item":"https:\/\/iha-race.com\/pt-pt\/shop\/"},{"@type":"ListItem","position":3,"name":"DJI Avata &#8211; Vista Pro COMBO"}]},{"@type":"WebSite","@id":"https:\/\/iha-race.com\/pt-pt\/#website","url":"https:\/\/iha-race.com\/pt-pt\/","name":"Iha Race","description":"Comprar drones de carreras FPV env\u00edos en un d\u00eda desde Espa\u00f1a","publisher":{"@id":"https:\/\/iha-race.com\/pt-pt\/#organization"},"potentialAction":[{"@type":"SearchAction","target":{"@type":"EntryPoint","urlTemplate":"https:\/\/iha-race.com\/pt-pt\/?s={search_term_string}"},"query-input":{"@type":"PropertyValueSpecification","valueRequired":true,"valueName":"search_term_string"}}],"inLanguage":"pt-PT"},{"@type":"Organization","@id":"https:\/\/iha-race.com\/pt-pt\/#organization","name":"Iha Race","url":"https:\/\/iha-race.com\/pt-pt\/","logo":{"@type":"ImageObject","inLanguage":"pt-PT","@id":"https:\/\/iha-race.com\/pt-pt\/#\/schema\/logo\/image\/","url":"https:\/\/iha-race.com\/wp-content\/uploads\/2018\/07\/iha-race-drones-de-carreras-tienda-comprar-drones.png","contentUrl":"https:\/\/iha-race.com\/wp-content\/uploads\/2018\/07\/iha-race-drones-de-carreras-tienda-comprar-drones.png","width":300,"height":100,"caption":"Iha Race"},"image":{"@id":"https:\/\/iha-race.com\/pt-pt\/#\/schema\/logo\/image\/"}}]}},"brands":[],"_links":{"self":[{"href":"https:\/\/iha-race.com\/pt-pt\/wp-json\/wp\/v2\/product\/226060","targetHints":{"allow":["GET"]}}],"collection":[{"href":"https:\/\/iha-race.com\/pt-pt\/wp-json\/wp\/v2\/product"}],"about":[{"href":"https:\/\/iha-race.com\/pt-pt\/wp-json\/wp\/v2\/types\/product"}],"replies":[{"embeddable":true,"href":"https:\/\/iha-race.com\/pt-pt\/wp-json\/wp\/v2\/comments?post=226060"}],"version-history":[{"count":2,"href":"https:\/\/iha-race.com\/pt-pt\/wp-json\/wp\/v2\/product\/226060\/revisions"}],"predecessor-version":[{"id":248508,"href":"https:\/\/iha-race.com\/pt-pt\/wp-json\/wp\/v2\/product\/226060\/revisions\/248508"}],"wp:featuredmedia":[{"embeddable":true,"href":"https:\/\/iha-race.com\/pt-pt\/wp-json\/wp\/v2\/media\/225751"}],"wp:attachment":[{"href":"https:\/\/iha-race.com\/pt-pt\/wp-json\/wp\/v2\/media?parent=226060"}],"wp:term":[{"taxonomy":"pwb-brand","embeddable":true,"href":"https:\/\/iha-race.com\/pt-pt\/wp-json\/wp\/v2\/pwb-brand?post=226060"},{"taxonomy":"product_cat","embeddable":true,"href":"https:\/\/iha-race.com\/pt-pt\/wp-json\/wp\/v2\/product_cat?post=226060"},{"taxonomy":"product_tag","embeddable":true,"href":"https:\/\/iha-race.com\/pt-pt\/wp-json\/wp\/v2\/product_tag?post=226060"}],"curies":[{"name":"wp","href":"https:\/\/api.w.org\/{rel}","templated":true}]}}