{"id":225974,"date":"2023-02-28T18:54:38","date_gmt":"2023-02-28T17:54:38","guid":{"rendered":"https:\/\/iha-race.com\/producto\/dji-fpv-drone-combo-2\/"},"modified":"2024-08-29T11:20:47","modified_gmt":"2024-08-29T09:20:47","slug":"dji-fpv-drone-combo-2","status":"publish","type":"product","link":"https:\/\/iha-race.com\/pt-pt\/produto\/dji-fpv-drone-combo-2\/","title":{"rendered":"DJI FPV Drone Combo"},"content":{"rendered":"<h1><strong>DJI FPV Drone Combo<\/strong><\/h1>\n<p><strong>Especifica\u00e7\u00f5es<\/strong><\/p>\n<table>\n<tbody>\n<tr>\n<td><strong>C\u00e2mara<\/strong><\/td>\n<td>Sensor<\/td>\n<td>1\/2.3&#8243; CMOS P\u00edxeis efectivos: 12 milh\u00f5es<\/td>\n<\/tr>\n<tr>\n<td><\/td>\n<td>Lente<\/td>\n<td>Campo de vis\u00e3o: 150\u00b0 Formato equivalente a 35 mm: 14,66 mm Abertura: f\/2,8 Modo de focagem: Focagem fixa Alcance da focagem: de 0,6 m a \u221e<\/td>\n<\/tr>\n<tr>\n<td><\/td>\n<td>ISO<\/td>\n<td>100-12800<\/td>\n<\/tr>\n<tr>\n<td><\/td>\n<td>Velocidade do obturador<\/td>\n<td>1\/50-1\/8000 s<\/td>\n<\/tr>\n<tr>\n<td><\/td>\n<td>Modos de disparo<\/td>\n<td>Disparo \u00fanico<\/td>\n<\/tr>\n<tr>\n<td><\/td>\n<td>Tamanho m\u00e1ximo da imagem<\/td>\n<td>3840\u00d72160<\/td>\n<\/tr>\n<tr>\n<td><\/td>\n<td>Formatos de fotografia<\/td>\n<td>JPEG<\/td>\n<\/tr>\n<tr>\n<td><\/td>\n<td>Resolu\u00e7\u00e3o de v\u00eddeo<\/td>\n<td>4K: 3840\u00d72160 a 50\/60 fps FHD: 1920\u00d71080 a 50\/60\/100\/120 fps<\/td>\n<\/tr>\n<tr>\n<td><\/td>\n<td>Formatos de v\u00eddeo<\/td>\n<td>MP4\/MOV (H.264\/MPEG-4 AVC, H.265\/HEVC\uff09<\/td>\n<\/tr>\n<tr>\n<td><\/td>\n<td>Taxa m\u00e1x. de bits de v\u00eddeo<\/td>\n<td>120 Mbps<\/td>\n<\/tr>\n<tr>\n<td><\/td>\n<td>Perfil de cor<\/td>\n<td>Standard e D-Cinelike.<\/td>\n<\/tr>\n<tr>\n<td><\/td>\n<td>EIS RockSteady<\/td>\n<td>Dispon\u00edvel<\/td>\n<\/tr>\n<tr>\n<td><\/td>\n<td>Corre\u00e7\u00e3o da distor\u00e7\u00e3o<\/td>\n<td>Dispon\u00edvel<\/td>\n<\/tr>\n<tr>\n<td><\/td>\n<td>Formatos de ficheiro suportados<\/td>\n<td>exFAT (recomendado) FAT32<\/td>\n<\/tr>\n<\/tbody>\n<\/table>\n<p>&nbsp;<\/p>\n<table>\n<tbody>\n<tr>\n<td><strong>Estabilizadores<\/strong><\/td>\n<td>Gama mec\u00e2nica<\/td>\n<td>Inclina\u00e7\u00e3o: -65\u00b0 a 70\u00b0<\/td>\n<\/tr>\n<tr>\n<td><\/td>\n<td>Intervalo control\u00e1vel<\/td>\n<td>Inclina\u00e7\u00e3o: -50\u00b0 a 58\u00b0<\/td>\n<\/tr>\n<tr>\n<td><\/td>\n<td>Estabiliza\u00e7\u00e3o<\/td>\n<td>Estabilizador de 1 eixo (inclina\u00e7\u00e3o), eixo de rota\u00e7\u00e3o eletr\u00f3nico<\/td>\n<\/tr>\n<tr>\n<td><\/td>\n<td>Velocidade m\u00e1xima de controlo<\/td>\n<td>60\u00b0\/s<\/td>\n<\/tr>\n<tr>\n<td><\/td>\n<td>Gama de vibra\u00e7\u00f5es angulares<\/td>\n<td>\u00b10,01\u00b0 (modo N)<\/td>\n<\/tr>\n<tr>\n<td><\/td>\n<td>Eixo de rota\u00e7\u00e3o eletr\u00f3nico<\/td>\n<td>Dispon\u00edvel (pode estabilizar o v\u00eddeo quando a aeronave est\u00e1 inclinada em \u00e2ngulos at\u00e9 10\u00b0)<\/td>\n<\/tr>\n<\/tbody>\n<\/table>\n<p>&nbsp;<\/p>\n<table>\n<tbody>\n<tr>\n<td>Aeronave<\/td>\n<td>Peso \u00e0 descolagem<\/td>\n<td>Aproximadamente. 795 g<\/td>\n<\/tr>\n<tr>\n<td><\/td>\n<td>Dimens\u00f5es<\/td>\n<td>255 \u00d7 312 \u00d7 127 mm (com h\u00e9lices) 178 \u00d7 232 \u00d7 127 mm (sem h\u00e9lices)<\/td>\n<\/tr>\n<tr>\n<td><\/td>\n<td>Dist\u00e2ncia diagonal<\/td>\n<td>245 mm<\/td>\n<\/tr>\n<tr>\n<td><\/td>\n<td>Velocidade m\u00e1xima de subida<\/td>\n<td>Modo M: Sem limite &lt;br&gt;Modo S: 15 m\/s &lt;br&gt;Modo N: 8 m\/s<\/td>\n<\/tr>\n<tr>\n<td><\/td>\n<td>Velocidade m\u00e1xima de descida<\/td>\n<td>Modo M: Sem limite &lt;br&gt;Modo S: 10 m\/s &lt;br&gt;Modo N: 5 m\/s<\/td>\n<\/tr>\n<tr>\n<td><\/td>\n<td>Velocidade m\u00e1xima<\/td>\n<td>140 km\/h; Modo M: 39 m\/s (27 m\/s na China continental) Modo S: 27 m\/s Modo N: 15 m\/s<\/td>\n<\/tr>\n<tr>\n<td><\/td>\n<td>Acelera\u00e7\u00e3o m\u00e1xima<\/td>\n<td>0-100 km\/h: 2 s (em condi\u00e7\u00f5es ideais quando se voa no modo M)<\/td>\n<\/tr>\n<tr>\n<td><\/td>\n<td>Altitude m\u00e1xima de servi\u00e7o acima do n\u00edvel do mar<\/td>\n<td>6000 m<\/td>\n<\/tr>\n<tr>\n<td><\/td>\n<td>Tempo m\u00e1ximo de voo<\/td>\n<td>Aproximadamente. 20 min (medido em voo a 40 km\/h e sem vento)<\/td>\n<\/tr>\n<tr>\n<td><\/td>\n<td>Tempo m\u00e1ximo de voo estacion\u00e1rio<\/td>\n<td>Aproximadamente. 16 min (medi\u00e7\u00e3o feita sem vento)<\/td>\n<\/tr>\n<tr>\n<td><\/td>\n<td>Dist\u00e2ncia m\u00e1xima de voo<\/td>\n<td>16,8 km (medido sem vento)<\/td>\n<\/tr>\n<tr>\n<td><\/td>\n<td>Resist\u00eancia m\u00e1xima ao vento<\/td>\n<td>39-49 km\/h (25-31 mi\/h)<\/td>\n<\/tr>\n<tr>\n<td><\/td>\n<td>Temperatura de funcionamento<\/td>\n<td>De -10 a 40 \u00b0C (14 a 104 \u00b0F)<\/td>\n<\/tr>\n<tr>\n<td><\/td>\n<td>Pot\u00eancia do transmissor (EIRP)<\/td>\n<td>2.400-2.4835 GHz&lt;br&gt;  FCC: \u226431,5 dBm&lt;br&gt;CE: \u226420 dBm&lt;br&gt;SRRC: \u226420 dBm&lt;br&gt;MIC: \u226420 dBm FCC: \u226431,5 dBm&lt;br&gt;CE: \u226414 dBm&lt;br&gt;SRRC: \u226425,5 dBm<\/td>\n<\/tr>\n<tr>\n<td><\/td>\n<td>N\u00famero de antenas<\/td>\n<td>Quatro antenas<\/td>\n<\/tr>\n<tr>\n<td><\/td>\n<td>GNSS<\/td>\n<td>GPS + GLONASS + GALILEO<\/td>\n<\/tr>\n<tr>\n<td><\/td>\n<td>Gama de precis\u00e3o em voo de pausa<\/td>\n<td>Vertical:&lt;br&gt;  \u00b10,1 m (com posicionamento visual)&lt;br&gt;  \u00b10,5 m (com posicionamento GPS) Horizontal:&lt;br&gt;  \u00b10,3 m (com posicionamento visual)&lt;br&gt;  \u00b11,5 m (com posicionamento GPS)<\/td>\n<\/tr>\n<tr>\n<td><\/td>\n<td>Cart\u00f5es SD suportados<\/td>\n<td>microSD (at\u00e9 256 GB)<\/td>\n<\/tr>\n<tr>\n<td><\/td>\n<td>Armazenamento interno<\/td>\n<td>N\/D<\/td>\n<\/tr>\n<\/tbody>\n<\/table>\n<p>&nbsp;<\/p>\n<table>\n<tbody>\n<tr>\n<td><strong>Sistema de dete\u00e7\u00e3o<\/strong><\/td>\n<td>Avan\u00e7a<\/td>\n<td>Gama de medi\u00e7\u00e3o exacta: 0,5-18 m Dete\u00e7\u00e3o de obst\u00e1culos: Dispon\u00edvel apenas no modo N Campo de vis\u00e3o: 56\u00b0 (horizontal), 71\u00b0 (vertical)<\/td>\n<\/tr>\n<tr>\n<td><\/td>\n<td>Inferior (sensores de vis\u00e3o duplos + TOF)<\/td>\n<td>Altura efectiva de dete\u00e7\u00e3o (ToF): 10 m Alcance de voo estacion\u00e1rio: 0,5-15 m Alcance de voo estacion\u00e1rio do sensor de vis\u00e3o: 0,5-30 m<\/td>\n<\/tr>\n<tr>\n<td><\/td>\n<td>Luz auxiliar inferior<\/td>\n<td>LED \u00fanico<\/td>\n<\/tr>\n<tr>\n<td><\/td>\n<td>Ambiente operacional<\/td>\n<td>&lt;&gt; &gt; &gt;Refere-se a uma superf\u00edcie reconhec\u00edvel e n\u00e3o reflectora br Reflect\u00e2ncia difusa 20 % (por exemplo, paredes, \u00e1rvores, pessoas) Condi\u00e7\u00f5es de ilumina\u00e7\u00e3o adequadas (lux 15 em condi\u00e7\u00f5es normais com pouca luz)<\/td>\n<\/tr>\n<\/tbody>\n<\/table>\n<p>&nbsp;<\/p>\n<table>\n<tbody>\n<tr>\n<td><strong>Carregador<\/strong><\/td>\n<td>Entrada<\/td>\n<td>100-240 V, 50\/60 Hz, 1,8 A<\/td>\n<\/tr>\n<tr>\n<td><\/td>\n<td>Pot\u00eancia nominal de sa\u00edda<\/td>\n<td>Interface de carregamento da bateria: 25,2 V \u00b1 0,1 V 3,57 A \u00b1 0,1 A (corrente alta)1 A \u00b1 0,2 A (corrente baixa) Porta USB: 5 V\/2 A (\u00d72)90W<\/td>\n<\/tr>\n<\/tbody>\n<\/table>\n<p>&nbsp;<\/p>\n<table>\n<tbody>\n<tr>\n<td><strong>Bateria de voo inteligente<\/strong><\/td>\n<td>Capacidade da bateria<\/td>\n<td>2000 mAh<\/td>\n<\/tr>\n<tr>\n<td><\/td>\n<td>Tens\u00e3o<\/td>\n<td>22.2 V<\/td>\n<\/tr>\n<tr>\n<td><\/td>\n<td>Tens\u00e3o m\u00e1xima de carregamento<\/td>\n<td>25.2 V<\/td>\n<\/tr>\n<tr>\n<td><\/td>\n<td>Tipo de bateria<\/td>\n<td>LiPo 6S<\/td>\n<\/tr>\n<tr>\n<td><\/td>\n<td>Pot\u00eancia<\/td>\n<td>44,4 Wh a 0,5C<\/td>\n<\/tr>\n<tr>\n<td><\/td>\n<td>Constante de descarga<\/td>\n<td>&lt;Padr\u00e3o: 10C br&gt;<\/td>\n<\/tr>\n<tr>\n<td><\/td>\n<td>Peso<\/td>\n<td>295 g<\/td>\n<\/tr>\n<tr>\n<td><\/td>\n<td>Temperatura de carregamento<\/td>\n<td>5 a 40 \u00b0C (41 a 104 \u00b0F)<\/td>\n<\/tr>\n<tr>\n<td><\/td>\n<td>Pot\u00eancia de carga m\u00e1xima<\/td>\n<td>90 W<\/td>\n<\/tr>\n<\/tbody>\n<\/table>\n<p>&nbsp;<\/p>\n<table>\n<tbody>\n<tr>\n<td><strong>Transmiss\u00e3o de v\u00eddeo<\/strong><\/td>\n<td>Frequ\u00eancia de funcionamento<\/td>\n<td>&lt;&gt; 2,400-2,4835 GHz br 5,725-5,850 GHz<\/td>\n<\/tr>\n<tr>\n<td><\/td>\n<td>Largura de banda de comunica\u00e7\u00e3o<\/td>\n<td>40 MHz (m\u00e1x.)<\/td>\n<\/tr>\n<tr>\n<td><\/td>\n<td>Modo de v\u00eddeo em direto<\/td>\n<td>Modo de baixa lat\u00eancia: 810p\/120 fps \u226428 ms Modo de alta qualidade: 810p\/60 fps \u226440 ms<\/td>\n<\/tr>\n<tr>\n<td><\/td>\n<td>Taxa de bits m\u00e1xima de v\u00eddeo<\/td>\n<td>50 Mbps<\/td>\n<\/tr>\n<tr>\n<td><\/td>\n<td>Alcance de transmiss\u00e3o<\/td>\n<td>10 km (FCC); 6 km (EC); 6 km (SRRC); 6 km (MIC)<\/td>\n<\/tr>\n<tr>\n<td><\/td>\n<td>Transmiss\u00e3o \u00e1udio<\/td>\n<td>Sim<\/td>\n<\/tr>\n<\/tbody>\n<\/table>\n<p>&nbsp;<\/p>\n<table>\n<tbody>\n<tr>\n<td><strong>\u00d3culos de prote\u00e7\u00e3o DJI FPV V2<\/strong><\/td>\n<td>Peso<\/td>\n<td>Aproximadamente. 420 g (incluindo a faixa de cabe\u00e7a e as antenas)<\/td>\n<\/tr>\n<tr>\n<td><\/td>\n<td>Dimens\u00f5es<\/td>\n<td>184 \u00d7 122 \u00d7 110 mm (incluindo as antenas) 202 \u00d7 126 \u00d7 110 mm (excluindo as antenas)<\/td>\n<\/tr>\n<tr>\n<td><\/td>\n<td>Tamanho do ecr\u00e3<\/td>\n<td>2 polegadas \u00d7 2<\/td>\n<\/tr>\n<tr>\n<td><\/td>\n<td>Taxa de atualiza\u00e7\u00e3o do ecr\u00e3<\/td>\n<td>144 Hz<\/td>\n<\/tr>\n<tr>\n<td><\/td>\n<td>Frequ\u00eancia de comunica\u00e7\u00e3o&lt;sup&gt;[1]&lt;\/sup&gt;<\/td>\n<td>&lt;&gt; 2,400-2,4835 GHz br 5,725-5,850 GHz<\/td>\n<\/tr>\n<tr>\n<td><\/td>\n<td>Pot\u00eancia do transmissor (EIRP)<\/td>\n<td>2.400-2.4835 GHz&lt;br&gt;  FCC: \u226428,5 dBm&lt;br&gt;CE: \u226420 dBm&lt;br&gt;SRRC: \u226420 dBm&lt;br&gt;MIC: \u226420 dBm&lt;br&gt;&lt;br&gt;  5,725-5,850 GHz&lt;br&gt;  FCC: \u226431,5 dBm&lt;br&gt;CE: \u226414 dBm&lt;br&gt;SRRC: \u226419 dBm<\/td>\n<\/tr>\n<tr>\n<td><\/td>\n<td>Largura de banda de comunica\u00e7\u00e3o<\/td>\n<td>40 MHz (m\u00e1x.)<\/td>\n<\/tr>\n<tr>\n<td><\/td>\n<td>Modo v\u00eddeo ao vivo<\/td>\n<td>&lt;&gt;&lt;&gt; Modo de baixa lat\u00eancia: 810p\/120 fps \u226428 ms* br Modo de alta qualidade: 810p\/60 fps \u226440 ms* br * Um campo de vis\u00e3o de 150\u00b0 est\u00e1 dispon\u00edvel ao capturar imagens a 50 ou 100 fps. Para outras taxas de fotogramas, o campo de vis\u00e3o ser\u00e1 de 142\u00b0.<\/td>\n<\/tr>\n<tr>\n<td><\/td>\n<td>Taxa de bits m\u00e1xima de v\u00eddeo<\/td>\n<td>50 Mbps<\/td>\n<\/tr>\n<tr>\n<td><\/td>\n<td>Gama de transmiss\u00e3o&lt;sup&gt;[2]&lt;\/sup&gt;<\/td>\n<td>10 km (FCC); 6 km (EC); 6 km (SRRC); 6 km (MIC)<\/td>\n<\/tr>\n<tr>\n<td><\/td>\n<td>Formato de v\u00eddeo<\/td>\n<td>MP4 (codec de v\u00eddeo: H.264)<\/td>\n<\/tr>\n<tr>\n<td><\/td>\n<td>Formatos de reprodu\u00e7\u00e3o de \u00e1udio e v\u00eddeo suportados<\/td>\n<td>MP4, MOV, MKV (Formato de v\u00eddeo: H.264; formato de \u00e1udio: AAC-LC, AAC-HE, AC-3, MP3\uff09 &nbsp;<\/td>\n<\/tr>\n<tr>\n<td><\/td>\n<td>Temperatura de funcionamento<\/td>\n<td>0 a 40 \u00b0C (32 a 104 \u00b0F)<\/td>\n<\/tr>\n<tr>\n<td><\/td>\n<td>Energia de entrada<\/td>\n<td>Baterias espec\u00edficas para os DJI Goggles ou outras baterias de 11,1 a 25,2 V.<\/td>\n<\/tr>\n<tr>\n<td><\/td>\n<td>FOV<\/td>\n<td>Campo de vis\u00e3o: 30\u00b0 a 54\u00b0; tamanho da imagem: 50-100 %.<\/td>\n<\/tr>\n<tr>\n<td><\/td>\n<td>Intervalo de dist\u00e2ncia interpupilar<\/td>\n<td>58-70 mm<\/td>\n<\/tr>\n<tr>\n<td><\/td>\n<td>Cart\u00f5es microSD compat\u00edveis<\/td>\n<td>microSD (at\u00e9 256 GB)<\/td>\n<\/tr>\n<\/tbody>\n<\/table>\n<p>&nbsp;<\/p>\n<table>\n<tbody>\n<tr>\n<td><strong>Bateria dos \u00f3culos de prote\u00e7\u00e3o DJI FPV<\/strong><\/td>\n<td>Capacidade<\/td>\n<td>1800 mAh<\/td>\n<\/tr>\n<tr>\n<td><\/td>\n<td>Tens\u00e3o<\/td>\n<td>9 V (m\u00e1x.)<\/td>\n<\/tr>\n<tr>\n<td><\/td>\n<td>Tipo de bateria<\/td>\n<td>LiPo 2S<\/td>\n<\/tr>\n<tr>\n<td><\/td>\n<td>Energia<\/td>\n<td>18 Wh<\/td>\n<\/tr>\n<tr>\n<td><\/td>\n<td>Temperatura de carregamento<\/td>\n<td>0 a 45 \u00b0C<\/td>\n<\/tr>\n<tr>\n<td><\/td>\n<td>Pot\u00eancia de carga m\u00e1xima<\/td>\n<td>10 W<\/td>\n<\/tr>\n<tr>\n<td><\/td>\n<td>Dura\u00e7\u00e3o da bateria<\/td>\n<td>Aproximadamente. 110 minutos (medidos num ambiente de 25 \u00b0C ao n\u00edvel m\u00e1ximo de brilho)<\/td>\n<\/tr>\n<\/tbody>\n<\/table>\n<p>&nbsp;<\/p>\n<table>\n<tbody>\n<tr>\n<td><strong>Controlo remoto DJI FPV<\/strong><\/td>\n<td>Frequ\u00eancia de funcionamento<\/td>\n<td>&lt;&gt; 2.400-2.4835 GHz br 5.725-5.850 GHz<\/td>\n<\/tr>\n<tr>\n<td><\/td>\n<td>Pot\u00eancia do transmissor (EIRP)<\/td>\n<td>2.400-2.4835 GHz&lt;br&gt;  FCC: \u226428,5 dBm&lt;br&gt;CE: \u226420 dBm&lt;br&gt;SRRC: \u226420 dBm&lt;br&gt;MIC: \u226420 dBm&lt;br&gt;&lt;br&gt;  5,725-5,850 GHz&lt;br&gt;  FCC: \u226431,5 dBm&lt;br&gt;CE: \u226414 dBm&lt;br&gt;SRRC: \u226419 dBm<\/td>\n<\/tr>\n<tr>\n<td><\/td>\n<td>M\u00e1x. Alcance de transmiss\u00e3o<\/td>\n<td>10 km (FCC); 6 km (EC); 6 km (SRRC); 6 km (MIC)<\/td>\n<\/tr>\n<tr>\n<td><\/td>\n<td>Dimens\u00f5es do estabilizador<\/td>\n<td>190 \u00d7 140 \u00d7 51 mm<\/td>\n<\/tr>\n<tr>\n<td><\/td>\n<td>Peso<\/td>\n<td>346 g<\/td>\n<\/tr>\n<tr>\n<td><\/td>\n<td>Dura\u00e7\u00e3o da bateria<\/td>\n<td>aproximadamente. 9 h<\/td>\n<\/tr>\n<tr>\n<td><\/td>\n<td>Tempo de carregamento<\/td>\n<td>2,5 horas<\/td>\n<\/tr>\n<\/tbody>\n<\/table>\n<p><img><\/p>\n<h2><strong>O pacote inclui<\/strong><\/h2>\n<ul>\n<li>1 x DJI FPV Racing Drone<\/li>\n<li>1 x Controlo remoto DJI<\/li>\n<li>1 X \u00d3culos de DJI FPV V2<\/li>\n<li>8 X H\u00e9lices (4XCW 4XCCW)<\/li>\n<\/ul>\n<p><img><\/p>\n","protected":false},"excerpt":{"rendered":"<p>DJI FPV Drone Combo Especifica\u00e7\u00f5es C\u00e2mara Sensor 1\/2.3&#8243; CMOS P\u00edxeis efectivos: 12 milh\u00f5es Lente Campo de vis\u00e3o: 150\u00b0 Formato equivalente a 35 mm: 14,66 mm Abertura: f\/2,8 Modo de focagem:<\/p>\n","protected":false},"featured_media":225790,"comment_status":"open","ping_status":"closed","template":"","meta":{"_joinchat":[]},"pwb-brand":[],"product_cat":[3332],"product_tag":[],"class_list":{"0":"post-225974","1":"product","2":"type-product","3":"status-publish","4":"has-post-thumbnail","6":"product_cat-dji-pt-pt","8":"first","9":"instock","10":"taxable","11":"shipping-taxable","12":"purchasable","13":"product-type-simple"},"barcode":null,"atum_controlled":true,"out_stock_date":null,"out_stock_threshold":null,"inheritable":false,"stock_on_hold":0,"sold_today":0,"sales_last_days":0,"out_stock_days":0,"lost_sales":0,"update_date":"2026-04-27T19:56:07","atum_locations":[],"atum_stock_status":"instock","restock_status":false,"low_stock_amount":"","sales_update_date":"2026-04-27T19:56:07","calc_backorders":null,"yoast_head":"<!-- This site is optimized with the Yoast SEO plugin v27.3 - https:\/\/yoast.com\/product\/yoast-seo-wordpress\/ -->\n<title>DJI FPV Drone Combo - Iha Race<\/title>\n<meta name=\"robots\" content=\"index, follow, max-snippet:-1, max-image-preview:large, max-video-preview:-1\" \/>\n<link rel=\"canonical\" href=\"https:\/\/iha-race.com\/pt-pt\/produto\/dji-fpv-drone-combo-2\/\" \/>\n<meta property=\"og:locale\" content=\"pt_PT\" \/>\n<meta property=\"og:type\" content=\"article\" \/>\n<meta property=\"og:title\" content=\"DJI FPV Drone Combo - Iha Race\" \/>\n<meta property=\"og:description\" content=\"DJI FPV Drone Combo Especifica\u00e7\u00f5es C\u00e2mara Sensor 1\/2.3&#8243; CMOS P\u00edxeis efectivos: 12 milh\u00f5es Lente Campo de vis\u00e3o: 150\u00b0 Formato equivalente a 35 mm: 14,66 mm Abertura: f\/2,8 Modo de focagem:\" \/>\n<meta property=\"og:url\" content=\"https:\/\/iha-race.com\/pt-pt\/produto\/dji-fpv-drone-combo-2\/\" \/>\n<meta property=\"og:site_name\" content=\"Iha Race\" \/>\n<meta property=\"article:modified_time\" content=\"2024-08-29T09:20:47+00:00\" \/>\n<meta property=\"og:image\" content=\"https:\/\/iha-race.com\/wp-content\/uploads\/2023\/02\/c2e36a200eabe2c73d6c504ac4dd4d8d-dji-fpv-drone-combo.jpg-1.png\" \/>\n\t<meta property=\"og:image:width\" content=\"1100\" \/>\n\t<meta property=\"og:image:height\" content=\"1422\" \/>\n\t<meta property=\"og:image:type\" content=\"image\/png\" \/>\n<meta name=\"twitter:card\" content=\"summary_large_image\" \/>\n<meta name=\"twitter:label1\" content=\"Tempo estimado de leitura\" \/>\n\t<meta name=\"twitter:data1\" content=\"6 minutos\" \/>\n<script type=\"application\/ld+json\" class=\"yoast-schema-graph\">{\"@context\":\"https:\\\/\\\/schema.org\",\"@graph\":[{\"@type\":\"WebPage\",\"@id\":\"https:\\\/\\\/iha-race.com\\\/pt-pt\\\/produto\\\/dji-fpv-drone-combo-2\\\/\",\"url\":\"https:\\\/\\\/iha-race.com\\\/pt-pt\\\/produto\\\/dji-fpv-drone-combo-2\\\/\",\"name\":\"DJI FPV Drone Combo - Iha Race\",\"isPartOf\":{\"@id\":\"https:\\\/\\\/iha-race.com\\\/pt-pt\\\/#website\"},\"primaryImageOfPage\":{\"@id\":\"https:\\\/\\\/iha-race.com\\\/pt-pt\\\/produto\\\/dji-fpv-drone-combo-2\\\/#primaryimage\"},\"image\":{\"@id\":\"https:\\\/\\\/iha-race.com\\\/pt-pt\\\/produto\\\/dji-fpv-drone-combo-2\\\/#primaryimage\"},\"thumbnailUrl\":\"https:\\\/\\\/iha-race.com\\\/wp-content\\\/uploads\\\/2023\\\/02\\\/c2e36a200eabe2c73d6c504ac4dd4d8d-dji-fpv-drone-combo.jpg-1.png\",\"datePublished\":\"2023-02-28T17:54:38+00:00\",\"dateModified\":\"2024-08-29T09:20:47+00:00\",\"breadcrumb\":{\"@id\":\"https:\\\/\\\/iha-race.com\\\/pt-pt\\\/produto\\\/dji-fpv-drone-combo-2\\\/#breadcrumb\"},\"inLanguage\":\"pt-PT\",\"potentialAction\":[{\"@type\":\"ReadAction\",\"target\":[\"https:\\\/\\\/iha-race.com\\\/pt-pt\\\/produto\\\/dji-fpv-drone-combo-2\\\/\"]}]},{\"@type\":\"ImageObject\",\"inLanguage\":\"pt-PT\",\"@id\":\"https:\\\/\\\/iha-race.com\\\/pt-pt\\\/produto\\\/dji-fpv-drone-combo-2\\\/#primaryimage\",\"url\":\"https:\\\/\\\/iha-race.com\\\/wp-content\\\/uploads\\\/2023\\\/02\\\/c2e36a200eabe2c73d6c504ac4dd4d8d-dji-fpv-drone-combo.jpg-1.png\",\"contentUrl\":\"https:\\\/\\\/iha-race.com\\\/wp-content\\\/uploads\\\/2023\\\/02\\\/c2e36a200eabe2c73d6c504ac4dd4d8d-dji-fpv-drone-combo.jpg-1.png\",\"width\":1100,\"height\":1422},{\"@type\":\"BreadcrumbList\",\"@id\":\"https:\\\/\\\/iha-race.com\\\/pt-pt\\\/produto\\\/dji-fpv-drone-combo-2\\\/#breadcrumb\",\"itemListElement\":[{\"@type\":\"ListItem\",\"position\":1,\"name\":\"Portada\",\"item\":\"https:\\\/\\\/iha-race.com\\\/pt-pt\\\/elementor-499\\\/\"},{\"@type\":\"ListItem\",\"position\":2,\"name\":\"Shop\",\"item\":\"https:\\\/\\\/iha-race.com\\\/pt-pt\\\/shop\\\/\"},{\"@type\":\"ListItem\",\"position\":3,\"name\":\"DJI FPV Drone Combo\"}]},{\"@type\":\"WebSite\",\"@id\":\"https:\\\/\\\/iha-race.com\\\/pt-pt\\\/#website\",\"url\":\"https:\\\/\\\/iha-race.com\\\/pt-pt\\\/\",\"name\":\"Iha Race\",\"description\":\"Comprar drones de carreras FPV env\u00edos en un d\u00eda desde Espa\u00f1a\",\"publisher\":{\"@id\":\"https:\\\/\\\/iha-race.com\\\/pt-pt\\\/#organization\"},\"potentialAction\":[{\"@type\":\"SearchAction\",\"target\":{\"@type\":\"EntryPoint\",\"urlTemplate\":\"https:\\\/\\\/iha-race.com\\\/pt-pt\\\/?s={search_term_string}\"},\"query-input\":{\"@type\":\"PropertyValueSpecification\",\"valueRequired\":true,\"valueName\":\"search_term_string\"}}],\"inLanguage\":\"pt-PT\"},{\"@type\":\"Organization\",\"@id\":\"https:\\\/\\\/iha-race.com\\\/pt-pt\\\/#organization\",\"name\":\"Iha Race\",\"url\":\"https:\\\/\\\/iha-race.com\\\/pt-pt\\\/\",\"logo\":{\"@type\":\"ImageObject\",\"inLanguage\":\"pt-PT\",\"@id\":\"https:\\\/\\\/iha-race.com\\\/pt-pt\\\/#\\\/schema\\\/logo\\\/image\\\/\",\"url\":\"https:\\\/\\\/iha-race.com\\\/wp-content\\\/uploads\\\/2018\\\/07\\\/iha-race-drones-de-carreras-tienda-comprar-drones.png\",\"contentUrl\":\"https:\\\/\\\/iha-race.com\\\/wp-content\\\/uploads\\\/2018\\\/07\\\/iha-race-drones-de-carreras-tienda-comprar-drones.png\",\"width\":300,\"height\":100,\"caption\":\"Iha Race\"},\"image\":{\"@id\":\"https:\\\/\\\/iha-race.com\\\/pt-pt\\\/#\\\/schema\\\/logo\\\/image\\\/\"}}]}<\/script>\n<!-- \/ Yoast SEO plugin. -->","yoast_head_json":{"title":"DJI FPV Drone Combo - Iha Race","robots":{"index":"index","follow":"follow","max-snippet":"max-snippet:-1","max-image-preview":"max-image-preview:large","max-video-preview":"max-video-preview:-1"},"canonical":"https:\/\/iha-race.com\/pt-pt\/produto\/dji-fpv-drone-combo-2\/","og_locale":"pt_PT","og_type":"article","og_title":"DJI FPV Drone Combo - Iha Race","og_description":"DJI FPV Drone Combo Especifica\u00e7\u00f5es C\u00e2mara Sensor 1\/2.3&#8243; CMOS P\u00edxeis efectivos: 12 milh\u00f5es Lente Campo de vis\u00e3o: 150\u00b0 Formato equivalente a 35 mm: 14,66 mm Abertura: f\/2,8 Modo de focagem:","og_url":"https:\/\/iha-race.com\/pt-pt\/produto\/dji-fpv-drone-combo-2\/","og_site_name":"Iha Race","article_modified_time":"2024-08-29T09:20:47+00:00","og_image":[{"width":1100,"height":1422,"url":"https:\/\/iha-race.com\/wp-content\/uploads\/2023\/02\/c2e36a200eabe2c73d6c504ac4dd4d8d-dji-fpv-drone-combo.jpg-1.png","type":"image\/png"}],"twitter_card":"summary_large_image","twitter_misc":{"Tempo estimado de leitura":"6 minutos"},"schema":{"@context":"https:\/\/schema.org","@graph":[{"@type":"WebPage","@id":"https:\/\/iha-race.com\/pt-pt\/produto\/dji-fpv-drone-combo-2\/","url":"https:\/\/iha-race.com\/pt-pt\/produto\/dji-fpv-drone-combo-2\/","name":"DJI FPV Drone Combo - Iha Race","isPartOf":{"@id":"https:\/\/iha-race.com\/pt-pt\/#website"},"primaryImageOfPage":{"@id":"https:\/\/iha-race.com\/pt-pt\/produto\/dji-fpv-drone-combo-2\/#primaryimage"},"image":{"@id":"https:\/\/iha-race.com\/pt-pt\/produto\/dji-fpv-drone-combo-2\/#primaryimage"},"thumbnailUrl":"https:\/\/iha-race.com\/wp-content\/uploads\/2023\/02\/c2e36a200eabe2c73d6c504ac4dd4d8d-dji-fpv-drone-combo.jpg-1.png","datePublished":"2023-02-28T17:54:38+00:00","dateModified":"2024-08-29T09:20:47+00:00","breadcrumb":{"@id":"https:\/\/iha-race.com\/pt-pt\/produto\/dji-fpv-drone-combo-2\/#breadcrumb"},"inLanguage":"pt-PT","potentialAction":[{"@type":"ReadAction","target":["https:\/\/iha-race.com\/pt-pt\/produto\/dji-fpv-drone-combo-2\/"]}]},{"@type":"ImageObject","inLanguage":"pt-PT","@id":"https:\/\/iha-race.com\/pt-pt\/produto\/dji-fpv-drone-combo-2\/#primaryimage","url":"https:\/\/iha-race.com\/wp-content\/uploads\/2023\/02\/c2e36a200eabe2c73d6c504ac4dd4d8d-dji-fpv-drone-combo.jpg-1.png","contentUrl":"https:\/\/iha-race.com\/wp-content\/uploads\/2023\/02\/c2e36a200eabe2c73d6c504ac4dd4d8d-dji-fpv-drone-combo.jpg-1.png","width":1100,"height":1422},{"@type":"BreadcrumbList","@id":"https:\/\/iha-race.com\/pt-pt\/produto\/dji-fpv-drone-combo-2\/#breadcrumb","itemListElement":[{"@type":"ListItem","position":1,"name":"Portada","item":"https:\/\/iha-race.com\/pt-pt\/elementor-499\/"},{"@type":"ListItem","position":2,"name":"Shop","item":"https:\/\/iha-race.com\/pt-pt\/shop\/"},{"@type":"ListItem","position":3,"name":"DJI FPV Drone Combo"}]},{"@type":"WebSite","@id":"https:\/\/iha-race.com\/pt-pt\/#website","url":"https:\/\/iha-race.com\/pt-pt\/","name":"Iha Race","description":"Comprar drones de carreras FPV env\u00edos en un d\u00eda desde Espa\u00f1a","publisher":{"@id":"https:\/\/iha-race.com\/pt-pt\/#organization"},"potentialAction":[{"@type":"SearchAction","target":{"@type":"EntryPoint","urlTemplate":"https:\/\/iha-race.com\/pt-pt\/?s={search_term_string}"},"query-input":{"@type":"PropertyValueSpecification","valueRequired":true,"valueName":"search_term_string"}}],"inLanguage":"pt-PT"},{"@type":"Organization","@id":"https:\/\/iha-race.com\/pt-pt\/#organization","name":"Iha Race","url":"https:\/\/iha-race.com\/pt-pt\/","logo":{"@type":"ImageObject","inLanguage":"pt-PT","@id":"https:\/\/iha-race.com\/pt-pt\/#\/schema\/logo\/image\/","url":"https:\/\/iha-race.com\/wp-content\/uploads\/2018\/07\/iha-race-drones-de-carreras-tienda-comprar-drones.png","contentUrl":"https:\/\/iha-race.com\/wp-content\/uploads\/2018\/07\/iha-race-drones-de-carreras-tienda-comprar-drones.png","width":300,"height":100,"caption":"Iha Race"},"image":{"@id":"https:\/\/iha-race.com\/pt-pt\/#\/schema\/logo\/image\/"}}]}},"jetpack_sharing_enabled":true,"brands":[],"_links":{"self":[{"href":"https:\/\/iha-race.com\/pt-pt\/wp-json\/wp\/v2\/product\/225974","targetHints":{"allow":["GET"]}}],"collection":[{"href":"https:\/\/iha-race.com\/pt-pt\/wp-json\/wp\/v2\/product"}],"about":[{"href":"https:\/\/iha-race.com\/pt-pt\/wp-json\/wp\/v2\/types\/product"}],"replies":[{"embeddable":true,"href":"https:\/\/iha-race.com\/pt-pt\/wp-json\/wp\/v2\/comments?post=225974"}],"version-history":[{"count":1,"href":"https:\/\/iha-race.com\/pt-pt\/wp-json\/wp\/v2\/product\/225974\/revisions"}],"predecessor-version":[{"id":248511,"href":"https:\/\/iha-race.com\/pt-pt\/wp-json\/wp\/v2\/product\/225974\/revisions\/248511"}],"wp:featuredmedia":[{"embeddable":true,"href":"https:\/\/iha-race.com\/pt-pt\/wp-json\/wp\/v2\/media\/225790"}],"wp:attachment":[{"href":"https:\/\/iha-race.com\/pt-pt\/wp-json\/wp\/v2\/media?parent=225974"}],"wp:term":[{"taxonomy":"pwb-brand","embeddable":true,"href":"https:\/\/iha-race.com\/pt-pt\/wp-json\/wp\/v2\/pwb-brand?post=225974"},{"taxonomy":"product_cat","embeddable":true,"href":"https:\/\/iha-race.com\/pt-pt\/wp-json\/wp\/v2\/product_cat?post=225974"},{"taxonomy":"product_tag","embeddable":true,"href":"https:\/\/iha-race.com\/pt-pt\/wp-json\/wp\/v2\/product_tag?post=225974"}],"curies":[{"name":"wp","href":"https:\/\/api.w.org\/{rel}","templated":true}]}}