{"id":224826,"date":"2023-02-21T19:21:23","date_gmt":"2023-02-21T18:21:23","guid":{"rendered":"https:\/\/iha-race.com\/producto\/controlador-de-radio-boxer-m2-4-em-1-e-elrs\/"},"modified":"2026-01-03T22:26:42","modified_gmt":"2026-01-03T21:26:42","slug":"radio-boxer-m2-4-em-1-e-elrs-controller","status":"publish","type":"product","link":"https:\/\/iha-race.com\/pt-pt\/produto\/radio-boxer-m2-4-em-1-e-elrs-controller\/","title":{"rendered":"Radiomaster Boxer M2 Radio Transmissor (4 em 1 e ELRS)"},"content":{"rendered":"<h2>Radiomaster Boxer M2 Radio Transmissor (4 em 1 e ELRS)<\/h2>\n<p>  A combina\u00e7\u00e3o perfeita de tamanho e ergonomia faz da BOXER a escolha ideal para pilotos em movimento. Com gimbals lounge em tamanho real para controlo de precis\u00e3o e uma disposi\u00e7\u00e3o intuitiva dos bot\u00f5es, o BOXER d\u00e1-lhe um r\u00e1dio compacto sem comprometer o conforto e a fun\u00e7\u00e3o.  &nbsp;<\/p>\n<p><img decoding=\"async\" src=\"https:\/\/cdn.shopify.com\/s\/files\/1\/0609\/8324\/7079\/files\/Boxer-Details-Page-EN-PC_01_1024x1024.jpg?v=1669107618\" alt=\"\"><\/p>\n<h2>V\u00eddeo de lan\u00e7amento<\/h2>\n<div class=\"video-wrapper\"><iframe title=\"leitor de v\u00eddeo do youtube\" src=\"https:\/\/www.youtube.com\/embed\/7NCR-KLOfSc\" width=\"560\" height=\"315\" frameborder=\"0\" allowfullscreen=\"allowfullscreen\" data-mce-fragment=\"1\"><\/iframe><\/div>\n<h2>Caracter\u00edsticas<\/h2>\n<ul>\n<li>Dispon\u00edvel com m\u00f3dulos RF 4 em 1\/CC2500 MPM integrados ExpressLRS ou 4 em 1\/CC2500 MPM<\/li>\n<li>Com um poderoso processador STM32VGT6 com 1 MB de RAM<\/li>\n<li>Firmware EdgeTX pr\u00e9-instalado<\/li>\n<li>M\u00f3dulo interno ELRS com capacidade de taxa de actualiza\u00e7\u00e3o de 1000 Hz<\/li>\n<li>Sa\u00edda RF ELRS ajust\u00e1vel (30dBm max FCC ou 20dBm max EU LBT)<\/li>\n<li>Vers\u00e3o 4 em 1 ou CC2500 apenas com capacidade de sa\u00edda de RF at\u00e9 20 dBm<\/li>\n<li>QC3.0 2.0A MAX Suporte de Carga R\u00e1pida<\/li>\n<li>Desenho compacto com excelente ergonomia<\/li>\n<li>Novo interruptor de encravamento SE de baixo perfil e interruptor moment\u00e2neo SF<\/li>\n<li>Compartimento de pilhas sobredimensionado: espa\u00e7o para um pacote de 6200 mAh 2S, at\u00e9 20 horas de vida \u00fatil da pilha (pilhas n\u00e3o inclu\u00eddas)<\/li>\n<li>Efeito Hall V4.0 gimbals de tamanho normal, actualiz\u00e1vel para AG01 Efeito Hall CNC gimbals<\/li>\n<li>Compartimento do m\u00f3dulo padr\u00e3o JR<\/li>\n<li>Ventilador de arrefecimento do m\u00f3dulo interno incorporado (vers\u00e3o ELRS)<\/li>\n<li>Desenho de bot\u00e3o estandardizado do RadioMaster<\/li>\n<li>Vers\u00e1til interruptor de 6 posi\u00e7\u00f5es para acesso ao modo de voo<\/li>\n<li>Antena em forma de T ajust\u00e1vel e amov\u00edvel<\/li>\n<li>A primeira pega de tecido da ind\u00fastria para uma melhor portabilidade<\/li>\n<li>Pegas ergon\u00f3micas intercambi\u00e1veis<\/li>\n<li>Ranhura de cart\u00e3o SD redesenhada com cart\u00e3o SD pr\u00e9-carregado inclu\u00eddo<\/li>\n<li>Ranhuras de alimenta\u00e7\u00e3o do m\u00f3dulo externo na tampa da bateria<\/li>\n<li>A caixa de transporte e o protector de cardan do RadioMaster est\u00e3o inclu\u00eddos como padr\u00e3o para garantir que o seu r\u00e1dio permanece seguro enquanto em movimento.<\/li>\n<\/ul>\n<h2>Especifica\u00e7\u00f5es<\/h2>\n<ul>\n<li>Artigo: R\u00e1dio BOXEADOR<\/li>\n<li>Tamanho: 235*178*77mm<\/li>\n<li>Peso: 532,5 g<\/li>\n<li>Frequ\u00eancia: 2.400GHz-2.480GHz<\/li>\n<li>Op\u00e7\u00f5es de RF internas: CC2500 multiprotocolo\/4 em 1 multiprotocolo\/ELRS 2,4 GHz<\/li>\n<li>Protocolos suportados: Depende do m\u00f3dulo<\/li>\n<li>Pot\u00eancia de transmiss\u00e3o CC2500 e 4IN1: M\u00e1ximo 20dBm<\/li>\n<li>Pot\u00eancia de transmiss\u00e3o ExpressLRS: Max 30dBm (internacional) \/ Max 20dBm (EU LBT)<\/li>\n<li>Ventilador de arrefecimento: Integrado (vers\u00e3o ELRS)<\/li>\n<li>Gama de voltagem: 6,6-8,4 VDC<\/li>\n<li>Firmware de r\u00e1dio: EdgeTX (transmissor)\/multim\u00f3dulo (m\u00f3dulo RF)\/ELRS<\/li>\n<li>Canais: M\u00e1ximo 16 canais (dependendo do receptor)<\/li>\n<li>Bateria: 2 c\u00e9lulas de pol\u00edmero de l\u00edtio 7,4 V \/ duas c\u00e9lulas de l\u00edtio 3,7 V 18650 (baterias n\u00e3o inclu\u00eddas)<\/li>\n<li>Visor: 128*64 ecr\u00e3 LCD monocrom\u00e1tico<\/li>\n<li>Gimbal: Hall de alta precis\u00e3o 4.0 gimbal como padr\u00e3o (AG01 opcional)<\/li>\n<li>M\u00f3dulo externo: compat\u00edvel com JR\/FrSKY\/Crossfire<\/li>\n<li>M\u00e9todo de actualiza\u00e7\u00e3o: cart\u00e3o USB\/SD e software para PC EdgeTX Companion<\/li>\n<\/ul>\n<h2>Sistema operativo EdgeTX<\/h2>\n<p>  Pr\u00e9-instalado com o EdgeTX, o BOXER possui software de \u00faltima gera\u00e7\u00e3o adequado ao seu hardware l\u00edder na sua classe. A RadioMaster trabalha em estreita colabora\u00e7\u00e3o com a equipa da EdgeTX para desenvolver caracter\u00edsticas e optimizar a experi\u00eancia do utilizador. Continuaremos a contribuir e a apoiar projectos como o EdgeTX, assegurando que os conceitos de normas abertas sejam levados por diante.  &nbsp;<\/p>\n<p><img decoding=\"async\" style=\"font-size: 1.4em;\" src=\"https:\/\/cdn.shopify.com\/s\/files\/1\/0609\/8324\/7079\/files\/Boxer-Details-Page-EN-PC_03_1024x1024.jpg?v=1669107862\" alt=\"\"><\/p>\n<h2>Dispon\u00edvel com ExpressLRS e vers\u00e3o 4in1\/CC2500<\/h2>\n<p>  Para al\u00e9m do popular multim\u00f3dulo interno 4 em 1 (CC2500, NRF24L01, A7105 e CYRF6936) e da vers\u00e3o apenas CC2500, o BOXER est\u00e1 agora tamb\u00e9m dispon\u00edvel com um ExpressLRS (m\u00f3dulo ELRS) interno de alta pot\u00eancia, arrefecido por ventoinha, de 1 W e 2,4 GHz. Concebido para proporcionar um controlo fi\u00e1vel a longa dist\u00e2ncia, lat\u00eancia m\u00ednima e altas taxas de actualiza\u00e7\u00e3o. ELRS \u00e9 um protocolo revolucion\u00e1rio de c\u00f3digo aberto que est\u00e1 a tomar de assalto a ind\u00fastria R\/C.  <img decoding=\"async\" src=\"https:\/\/cdn.shopify.com\/s\/files\/1\/0609\/8324\/7079\/files\/Boxer-Details-Page-EN-PC_02_1024x1024.jpg?v=1669107878\" alt=\"\"><\/p>\n<h2>Vers\u00e3o FCC e vers\u00e3o EU LBT dispon\u00edveis<\/h2>\n<p>  Atualmente, oferecemos a vers\u00e3o padr\u00e3o FCC e a vers\u00e3o EU LBT. V\u00ea os protocolos suportados abaixo.  <strong>Vers\u00e3o padr\u00e3o da FCC<\/strong><\/p>\n<ul>\n<li>A vers\u00e3o CC2500 (FCC) suporta todos os protocolos CC2500.<\/li>\n<li>A vers\u00e3o 4 em 1 (FCC) suporta todos os protocolos MPM.<\/li>\n<li>ELRS (FCC) \u00e9 pr\u00e9-instalado com ExpressLRS ISM FW (a pot\u00eancia m\u00e1xima \u00e9 dependente do hardware).<\/li>\n<\/ul>\n<p><strong>Vers\u00e3o UE LBT<\/strong><\/p>\n<article class=\"4ever-article\" data-clipboard-cangjie=\"[\"root\",{\"copyFrom\":641913426},[\"p\",{\"uuid\":\"lbefvbppx7irrffqrzn\",\"list\":{\"listId\":\"8ryyjn7ww1j\",\"level\":0,\"isOrdered\":false,\"isTaskList\":false,\"listStyleType\":\"SCIR_ECIR_SREC\",\"symbolStyle\":{},\"listStyle\":{\"format\":\"bullet\",\"text\":\"\u25cf\",\"align\":\"left\"},\"hideSymbol\":false},\"ind\":{\"left\":0}},[\"span\",{\"data-type\":\"text\"},[\"span\",{\"data-type\":\"leaf\"},\"CC2500 LBT Version (Europe) is limited to LBT compliant protocols FrSKY X\/X2 LBT &amp; HoTT LBT\"]]],[\"p\",{\"uuid\":\"lbefvbppx455b3zl7f\",\"list\":{\"listId\":\"8ryyjn7ww1j\",\"level\":0,\"isOrdered\":false,\"isTaskList\":false,\"listStyleType\":\"SCIR_ECIR_SREC\",\"symbolStyle\":{},\"listStyle\":{\"format\":\"bullet\",\"text\":\"\u25cf\",\"align\":\"left\"},\"hideSymbol\":false},\"ind\":{\"left\":0}},[\"span\",{\"data-type\":\"text\"},[\"span\",{\"data-type\":\"leaf\"},\"4in1 LBT Version (Europe) is limited to LBT compliant protocols FrSKY X\/X2 LBT, HoTT LBT and DSMX\"]]],[\"p\",{\"uuid\":\"lbefvbpp9z14n32bn75\",\"list\":{\"listId\":\"8ryyjn7ww1j\",\"level\":0,\"isOrdered\":false,\"isTaskList\":false,\"listStyleType\":\"SCIR_ECIR_SREC\",\"symbolStyle\":{},\"listStyle\":{\"format\":\"bullet\",\"text\":\"\u25cf\",\"align\":\"left\"},\"hideSymbol\":false},\"ind\":{\"left\":0}},[\"span\",{\"data-type\":\"text\"},[\"span\",{\"data-type\":\"leaf\"},\"ELRS LBT (Europe) Version is pre-installed with ExpressLRS CE EU domain LBT FW (Limited to 100mw power output)\"]]]]\" data-identifier-application__slash__x-cangjie-fragment=\"JTdCJTIya2xhc3MlMjIlM0ElMjJkb2N1bWVudCUyMiUyQyUyMmRhdGElMjIlM0ElN0IlN0QlMkMlMjJub2RlcyUyMiUzQSU1QiU3QiUyMmtsYXNzJTIyJTNBJTIyYmxvY2slMjIlMkMlMjJ0eXBlJTIyJTNBJTIycGFyYWdyYXBoJTIyJTJDJTIyZGF0YSUyMiUzQSU3QiUyMnV1aWQlMjIlM0ElMjJsYmVmdmJwcHg3aXJyZmZxcnpuJTIyJTJDJTIybGlzdCUyMiUzQSU3QiUyMmxpc3RJZCUyMiUzQSUyMjhyeXlqbjd3dzFqJTIyJTJDJTIybGV2ZWwlMjIlM0EwJTJDJTIyaXNPcmRlcmVkJTIyJTNBZmFsc2UlMkMlMjJpc1Rhc2tMaXN0JTIyJTNBZmFsc2UlMkMlMjJsaXN0U3R5bGVUeXBlJTIyJTNBJTIyU0NJUl9FQ0lSX1NSRUMlMjIlMkMlMjJzeW1ib2xTdHlsZSUyMiUzQSU3QiU3RCUyQyUyMmxpc3RTdHlsZSUyMiUzQSU3QiUyMmZvcm1hdCUyMiUzQSUyMmJ1bGxldCUyMiUyQyUyMnRleHQlMjIlM0ElMjIlRTIlOTclOEYlMjIlMkMlMjJhbGlnbiUyMiUzQSUyMmxlZnQlMjIlN0QlMkMlMjJoaWRlU3ltYm9sJTIyJTNBZmFsc2UlN0QlMkMlMjJpbmQlMjIlM0ElN0IlMjJsZWZ0JTIyJTNBMCU3RCU3RCUyQyUyMm5vZGVzJTIyJTNBJTVCJTdCJTIya2xhc3MlMjIlM0ElMjJ0ZXh0JTIyJTJDJTIybGVhdmVzJTIyJTNBJTVCJTdCJTIya2xhc3MlMjIlM0ElMjJsZWFmJTIyJTJDJTIydGV4dCUyMiUzQSUyMkNDMjUwMCUyMExCVCUyMFZlcnNpb24lMjAoRXVyb3BlKSUyMGlzJTIwbGltaXRlZCUyMHRvJTIwTEJUJTIwY29tcGxpYW50JTIwcHJvdG9jb2xzJTIwRnJTS1klMjBYJTJGWDIlMjBMQlQlMjAlMjYlMjBIb1RUJTIwTEJUJTIyJTJDJTIybWFya3MlMjIlM0ElNUIlNUQlN0QlNUQlN0QlNUQlN0QlMkMlN0IlMjJrbGFzcyUyMiUzQSUyMmJsb2NrJTIyJTJDJTIydHlwZSUyMiUzQSUyMnBhcmFncmFwaCUyMiUyQyUyMmRhdGElMjIlM0ElN0IlMjJ1dWlkJTIyJTNBJTIybGJlZnZicHB4NDU1YjN6bDdmJTIyJTJDJTIybGlzdCUyMiUzQSU3QiUyMmxpc3RJZCUyMiUzQSUyMjhyeXlqbjd3dzFqJTIyJTJDJTIybGV2ZWwlMjIlM0EwJTJDJTIyaXNPcmRlcmVkJTIyJTNBZmFsc2UlMkMlMjJpc1Rhc2tMaXN0JTIyJTNBZmFsc2UlMkMlMjJsaXN0U3R5bGVUeXBlJTIyJTNBJTIyU0NJUl9FQ0lSX1NSRUMlMjIlMkMlMjJzeW1ib2xTdHlsZSUyMiUzQSU3QiU3RCUyQyUyMmxpc3RTdHlsZSUyMiUzQSU3QiUyMmZvcm1hdCUyMiUzQSUyMmJ1bGxldCUyMiUyQyUyMnRleHQlMjIlM0ElMjIlRTIlOTclOEYlMjIlMkMlMjJhbGlnbiUyMiUzQSUyMmxlZnQlMjIlN0QlMkMlMjJoaWRlU3ltYm9sJTIyJTNBZmFsc2UlN0QlMkMlMjJpbmQlMjIlM0ElN0IlMjJsZWZ0JTIyJTNBMCU3RCU3RCUyQyUyMm5vZGVzJTIyJTNBJTVCJTdCJTIya2xhc3MlMjIlM0ElMjJ0ZXh0JTIyJTJDJTIybGVhdmVzJTIyJTNBJTVCJTdCJTIya2xhc3MlMjIlM0ElMjJsZWFmJTIyJTJDJTIydGV4dCUyMiUzQSUyMjRpbjElMjBMQlQlMjBWZXJzaW9uJTIwKEV1cm9wZSklMjAlMjBpcyUyMGxpbWl0ZWQlMjB0byUyMExCVCUyMGNvbXBsaWFudCUyMHByb3RvY29scyUyMEZyU0tZJTIwWCUyRlgyJTIwTEJUJTJDJTIwSG9UVCUyMExCVCUyMGFuZCUyMERTTVglMjIlMkMlMjJtYXJrcyUyMiUzQSU1QiU1RCU3RCU1RCU3RCU1RCU3RCUyQyU3QiUyMmtsYXNzJTIyJTNBJTIyYmxvY2slMjIlMkMlMjJ0eXBlJTIyJTNBJTIycGFyYWdyYXBoJTIyJTJDJTIyZGF0YSUyMiUzQSU3QiUyMnV1aWQlMjIlM0ElMjJsYmVmdmJwcDl6MTRuMzJibjc1JTIyJTJDJTIybGlzdCUyMiUzQSU3QiUyMmxpc3RJZCUyMiUzQSUyMjhyeXlqbjd3dzFqJTIyJTJDJTIybGV2ZWwlMjIlM0EwJTJDJTIyaXNPcmRlcmVkJTIyJTNBZmFsc2UlMkMlMjJpc1Rhc2tMaXN0JTIyJTNBZmFsc2UlMkMlMjJsaXN0U3R5bGVUeXBlJTIyJTNBJTIyU0NJUl9FQ0lSX1NSRUMlMjIlMkMlMjJzeW1ib2xTdHlsZSUyMiUzQSU3QiU3RCUyQyUyMmxpc3RTdHlsZSUyMiUzQSU3QiUyMmZvcm1hdCUyMiUzQSUyMmJ1bGxldCUyMiUyQyUyMnRleHQlMjIlM0ElMjIlRTIlOTclOEYlMjIlMkMlMjJhbGlnbiUyMiUzQSUyMmxlZnQlMjIlN0QlMkMlMjJoaWRlU3ltYm9sJTIyJTNBZmFsc2UlN0QlMkMlMjJpbmQlMjIlM0ElN0IlMjJsZWZ0JTIyJTNBMCU3RCU3RCUyQyUyMm5vZGVzJTIyJTNBJTVCJTdCJTIya2xhc3MlMjIlM0ElMjJ0ZXh0JTIyJTJDJTIybGVhdmVzJTIyJTNBJTVCJTdCJTIya2xhc3MlMjIlM0ElMjJsZWFmJTIyJTJDJTIydGV4dCUyMiUzQSUyMkVMUlMlMjBMQlQlMjAoRXVyb3BlKSUyMFZlcnNpb24lMjBpcyUyMHByZS1pbnN0YWxsZWQlMjB3aXRoJTIwRXhwcmVzc0xSUyUyMENFJTIwRVUlMjBkb21haW4lMjBMQlQlMjBGVyUyMChMaW1pdGVkJTIwdG8lMjAxMDBtdyUyMHBvd2VyJTIwb3V0cHV0KSUyMiUyQyUyMm1hcmtzJTIyJTNBJTVCJTVEJTdEJTVEJTdEJTVEJTdEJTVEJTdE\" data-identifier-application__slash__x-doc-key=\"AmPdnp5E2d4eqw98\">\n<ul>\n<li>A vers\u00e3o CC2500 LBT (Europa) est\u00e1 limitada aos protocolos compat\u00edveis LBT FrSKY X\/X2 LBT e HoTT LBT.<\/li>\n<li>A vers\u00e3o LBT 4 em 1 (Europa) \u00e9 limitada aos protocolos compat\u00edveis LBT FrSKY X\/X2 LBT, HoTT LBT e DSMX.<\/li>\n<li>A vers\u00e3o ELRS LBT (Europa) \u00e9 pr\u00e9-instalada com o dom\u00ednio ExpressLRS CE EU LBT FW (limitado a 100 mw de pot\u00eancia de sa\u00edda).<\/li>\n<\/ul>\n<\/article>\n<h2>Poderoso processador STM32VGT6 com 1 MB de RAM<\/h2>\n<p><img decoding=\"async\" src=\"https:\/\/cdn.shopify.com\/s\/files\/1\/0609\/8324\/7079\/files\/Boxer-Details-Page-EN-PC_04_1024x1024.jpg?v=1669107926\" alt=\"\"><\/p>\n<p>&nbsp;<\/p>\n<h2>Desenho compacto com excelente ergonomia<\/h2>\n<p><img decoding=\"async\" src=\"https:\/\/cdn.shopify.com\/s\/files\/1\/0609\/8324\/7079\/files\/Boxer-Details-Page-EN-PC_07_1024x1024.jpg?v=1669108018\" alt=\"\"><br \/>\n<img decoding=\"async\" src=\"https:\/\/cdn.shopify.com\/s\/files\/1\/0609\/8324\/7079\/files\/Boxer-Details-Page-EN-PC_06_1024x1024.jpg?v=1669108001\" alt=\"\"><img decoding=\"async\" src=\"https:\/\/cdn.shopify.com\/s\/files\/1\/0609\/8324\/7079\/files\/Boxer-Details-Page-EN-PC_08_1024x1024.jpg?v=1669108072\" alt=\"\"><img decoding=\"async\" src=\"https:\/\/cdn.shopify.com\/s\/files\/1\/0609\/8324\/7079\/files\/Boxer-Details-Page-EN-PC_09_1024x1024.jpg?v=1669108086\" alt=\"\"><img decoding=\"async\" src=\"https:\/\/cdn.shopify.com\/s\/files\/1\/0609\/8324\/7079\/files\/Boxer-Details-Page-EN-PC_10_1024x1024.jpg?v=1669108109\" alt=\"\"><img decoding=\"async\" src=\"https:\/\/cdn.shopify.com\/s\/files\/1\/0609\/8324\/7079\/files\/Boxer-Details-Page-EN-PC_12_1024x1024.jpg?v=1669108133\" alt=\"\"><img decoding=\"async\" src=\"https:\/\/cdn.shopify.com\/s\/files\/1\/0609\/8324\/7079\/files\/Boxer-Details-Page-EN-PC_13_1024x1024.jpg?v=1669108161\" alt=\"\"><br \/>\n<img decoding=\"async\" src=\"https:\/\/cdn.shopify.com\/s\/files\/1\/0609\/8324\/7079\/files\/Boxer-Details-Page-EN-PC_14_1024x1024.jpg?v=1669108182\" alt=\"\"><img decoding=\"async\" src=\"https:\/\/cdn.shopify.com\/s\/files\/1\/0609\/8324\/7079\/files\/Boxer-Details-Page-EN-PC_16_1024x1024.jpg?v=1669109187\" alt=\"\"><br \/>\n<img decoding=\"async\" src=\"https:\/\/cdn.shopify.com\/s\/files\/1\/0609\/8324\/7079\/files\/Boxer-Details-Page-EN-PC_19_1024x1024.jpg?v=1669108295\" alt=\"\"><img decoding=\"async\" src=\"https:\/\/cdn.shopify.com\/s\/files\/1\/0609\/8324\/7079\/files\/Boxer-Details-Page-EN-PC_21_1024x1024.jpg?v=1669108367\" alt=\"\"><\/p>\n<p>&nbsp;<\/p>\n<h2>Tamanho<\/h2>\n<div><img decoding=\"async\" src=\"https:\/\/cdn.shopify.com\/s\/files\/1\/0609\/8324\/7079\/files\/BOXER-1000X1000_1024x1024.jpg?v=1671436477\" alt=\"Controlador de r\u00e1dio Boxer (M2)\"><\/div>\n<h2>Descri\u00e7\u00e3o geral da r\u00e1dio<\/h2>\n<div style=\"text-align: left;\"><img decoding=\"async\" style=\"float: none;\" src=\"https:\/\/cdn.shopify.com\/s\/files\/1\/0609\/8324\/7079\/files\/Boxer-Details-Page-EN-PC_20_1024x1024.jpg?v=1669108324\"><\/div>\n<h2>Acess\u00f3rios<\/h2>\n<ul>\n<li>2S 7.4V 6200mAh Bateria Lipo<\/li>\n<li>AG01 Sal\u00e3o CNC Gimbals<\/li>\n<li>AG01 CNC Hall Gimbal define novas cores<\/li>\n<\/ul>\n<h2>O pacote inclui<\/h2>\n<ul>\n<li>1 x R\u00e1dio BOXER<\/li>\n<li>1 x Estojo de transporte exclusivo<\/li>\n<li>1 x T-antena.<\/li>\n<li>1 x cabo USB-C<\/li>\n<li>1 x protector de cardan<\/li>\n<li>1 x 1,5 mm chave Allen.<\/li>\n<li>2 x M4 x 4 parafusos.<\/li>\n<li>4 x molas de baixa tens\u00e3o.<\/li>\n<li>1 x 18650 bandeja de bateria.<\/li>\n<li>1 x autocolantes<\/li>\n<\/ul>\n<p>&nbsp;<\/p>\n<p>&nbsp;<\/p>\n","protected":false},"excerpt":{"rendered":"<p>Radiomaster Boxer M2 Radio Transmissor (4 em 1 e ELRS) A combina\u00e7\u00e3o perfeita de tamanho e ergonomia faz da BOXER a escolha ideal para pilotos em movimento. Com gimbals lounge<\/p>\n","protected":false},"featured_media":224776,"comment_status":"open","ping_status":"closed","template":"","meta":{"_joinchat":[]},"pwb-brand":[],"product_cat":[58,2435],"product_tag":[],"class_list":{"0":"post-224826","1":"product","2":"type-product","3":"status-publish","4":"has-post-thumbnail","6":"product_cat-emisoras","7":"product_cat-radios-tx","9":"first","10":"instock","11":"taxable","12":"shipping-taxable","13":"purchasable","14":"product-type-variable"},"barcode":null,"atum_controlled":true,"out_stock_date":null,"out_stock_threshold":null,"inheritable":true,"stock_on_hold":0,"sold_today":0,"sales_last_days":1,"out_stock_days":null,"lost_sales":0,"update_date":"2026-04-16T13:04:20","atum_locations":[],"atum_stock_status":"instock","restock_status":false,"low_stock_amount":"","sales_update_date":"2026-04-16T06:55:23","calc_backorders":null,"yoast_head":"<!-- This site is optimized with the Yoast SEO plugin v27.3 - https:\/\/yoast.com\/product\/yoast-seo-wordpress\/ -->\n<title>Radiomaster Boxer M2 Radio Transmissor (4 em 1 e ELRS) - Iha Race<\/title>\n<meta name=\"robots\" content=\"index, follow, max-snippet:-1, max-image-preview:large, max-video-preview:-1\" \/>\n<link rel=\"canonical\" href=\"https:\/\/iha-race.com\/pt-pt\/produto\/radio-boxer-m2-4-em-1-e-elrs-controller\/\" \/>\n<meta property=\"og:locale\" content=\"pt_PT\" \/>\n<meta property=\"og:type\" content=\"article\" \/>\n<meta property=\"og:title\" content=\"Radiomaster Boxer M2 Radio Transmissor (4 em 1 e ELRS) - Iha Race\" \/>\n<meta property=\"og:description\" content=\"Radiomaster Boxer M2 Radio Transmissor (4 em 1 e ELRS) A combina\u00e7\u00e3o perfeita de tamanho e ergonomia faz da BOXER a escolha ideal para pilotos em movimento. Com gimbals lounge\" \/>\n<meta property=\"og:url\" content=\"https:\/\/iha-race.com\/pt-pt\/produto\/radio-boxer-m2-4-em-1-e-elrs-controller\/\" \/>\n<meta property=\"og:site_name\" content=\"Iha Race\" \/>\n<meta property=\"article:modified_time\" content=\"2026-01-03T21:26:42+00:00\" \/>\n<meta property=\"og:image\" content=\"https:\/\/iha-race.com\/wp-content\/uploads\/2023\/02\/Controlador-de-radio-Boxer-M2-4-en-1-y-ELRS.webp\" \/>\n\t<meta property=\"og:image:width\" content=\"1000\" \/>\n\t<meta property=\"og:image:height\" content=\"1000\" \/>\n\t<meta property=\"og:image:type\" content=\"image\/webp\" \/>\n<meta name=\"twitter:card\" content=\"summary_large_image\" \/>\n<meta name=\"twitter:label1\" content=\"Tempo estimado de leitura\" \/>\n\t<meta name=\"twitter:data1\" content=\"4 minutos\" \/>\n<script type=\"application\/ld+json\" class=\"yoast-schema-graph\">{\"@context\":\"https:\\\/\\\/schema.org\",\"@graph\":[{\"@type\":\"WebPage\",\"@id\":\"https:\\\/\\\/iha-race.com\\\/pt-pt\\\/produto\\\/radio-boxer-m2-4-em-1-e-elrs-controller\\\/\",\"url\":\"https:\\\/\\\/iha-race.com\\\/pt-pt\\\/produto\\\/radio-boxer-m2-4-em-1-e-elrs-controller\\\/\",\"name\":\"Radiomaster Boxer M2 Radio Transmissor (4 em 1 e ELRS) - Iha Race\",\"isPartOf\":{\"@id\":\"https:\\\/\\\/iha-race.com\\\/pt-pt\\\/#website\"},\"primaryImageOfPage\":{\"@id\":\"https:\\\/\\\/iha-race.com\\\/pt-pt\\\/produto\\\/radio-boxer-m2-4-em-1-e-elrs-controller\\\/#primaryimage\"},\"image\":{\"@id\":\"https:\\\/\\\/iha-race.com\\\/pt-pt\\\/produto\\\/radio-boxer-m2-4-em-1-e-elrs-controller\\\/#primaryimage\"},\"thumbnailUrl\":\"https:\\\/\\\/iha-race.com\\\/wp-content\\\/uploads\\\/2023\\\/02\\\/Controlador-de-radio-Boxer-M2-4-en-1-y-ELRS.webp\",\"datePublished\":\"2023-02-21T18:21:23+00:00\",\"dateModified\":\"2026-01-03T21:26:42+00:00\",\"breadcrumb\":{\"@id\":\"https:\\\/\\\/iha-race.com\\\/pt-pt\\\/produto\\\/radio-boxer-m2-4-em-1-e-elrs-controller\\\/#breadcrumb\"},\"inLanguage\":\"pt-PT\",\"potentialAction\":[{\"@type\":\"ReadAction\",\"target\":[\"https:\\\/\\\/iha-race.com\\\/pt-pt\\\/produto\\\/radio-boxer-m2-4-em-1-e-elrs-controller\\\/\"]}]},{\"@type\":\"ImageObject\",\"inLanguage\":\"pt-PT\",\"@id\":\"https:\\\/\\\/iha-race.com\\\/pt-pt\\\/produto\\\/radio-boxer-m2-4-em-1-e-elrs-controller\\\/#primaryimage\",\"url\":\"https:\\\/\\\/iha-race.com\\\/wp-content\\\/uploads\\\/2023\\\/02\\\/Controlador-de-radio-Boxer-M2-4-en-1-y-ELRS.webp\",\"contentUrl\":\"https:\\\/\\\/iha-race.com\\\/wp-content\\\/uploads\\\/2023\\\/02\\\/Controlador-de-radio-Boxer-M2-4-en-1-y-ELRS.webp\",\"width\":1000,\"height\":1000,\"caption\":\"Comprar Controlador de radio Boxer M2 (4 en 1 y ELRS)\"},{\"@type\":\"BreadcrumbList\",\"@id\":\"https:\\\/\\\/iha-race.com\\\/pt-pt\\\/produto\\\/radio-boxer-m2-4-em-1-e-elrs-controller\\\/#breadcrumb\",\"itemListElement\":[{\"@type\":\"ListItem\",\"position\":1,\"name\":\"Portada\",\"item\":\"https:\\\/\\\/iha-race.com\\\/pt-pt\\\/elementor-499\\\/\"},{\"@type\":\"ListItem\",\"position\":2,\"name\":\"Shop\",\"item\":\"https:\\\/\\\/iha-race.com\\\/pt-pt\\\/shop\\\/\"},{\"@type\":\"ListItem\",\"position\":3,\"name\":\"Radiomaster Boxer M2 Radio Transmissor (4 em 1 e ELRS)\"}]},{\"@type\":\"WebSite\",\"@id\":\"https:\\\/\\\/iha-race.com\\\/pt-pt\\\/#website\",\"url\":\"https:\\\/\\\/iha-race.com\\\/pt-pt\\\/\",\"name\":\"Iha Race\",\"description\":\"Comprar drones de carreras FPV env\u00edos en un d\u00eda desde Espa\u00f1a\",\"publisher\":{\"@id\":\"https:\\\/\\\/iha-race.com\\\/pt-pt\\\/#organization\"},\"potentialAction\":[{\"@type\":\"SearchAction\",\"target\":{\"@type\":\"EntryPoint\",\"urlTemplate\":\"https:\\\/\\\/iha-race.com\\\/pt-pt\\\/?s={search_term_string}\"},\"query-input\":{\"@type\":\"PropertyValueSpecification\",\"valueRequired\":true,\"valueName\":\"search_term_string\"}}],\"inLanguage\":\"pt-PT\"},{\"@type\":\"Organization\",\"@id\":\"https:\\\/\\\/iha-race.com\\\/pt-pt\\\/#organization\",\"name\":\"Iha Race\",\"url\":\"https:\\\/\\\/iha-race.com\\\/pt-pt\\\/\",\"logo\":{\"@type\":\"ImageObject\",\"inLanguage\":\"pt-PT\",\"@id\":\"https:\\\/\\\/iha-race.com\\\/pt-pt\\\/#\\\/schema\\\/logo\\\/image\\\/\",\"url\":\"https:\\\/\\\/iha-race.com\\\/wp-content\\\/uploads\\\/2018\\\/07\\\/iha-race-drones-de-carreras-tienda-comprar-drones.png\",\"contentUrl\":\"https:\\\/\\\/iha-race.com\\\/wp-content\\\/uploads\\\/2018\\\/07\\\/iha-race-drones-de-carreras-tienda-comprar-drones.png\",\"width\":300,\"height\":100,\"caption\":\"Iha Race\"},\"image\":{\"@id\":\"https:\\\/\\\/iha-race.com\\\/pt-pt\\\/#\\\/schema\\\/logo\\\/image\\\/\"}}]}<\/script>\n<!-- \/ Yoast SEO plugin. -->","yoast_head_json":{"title":"Radiomaster Boxer M2 Radio Transmissor (4 em 1 e ELRS) - Iha Race","robots":{"index":"index","follow":"follow","max-snippet":"max-snippet:-1","max-image-preview":"max-image-preview:large","max-video-preview":"max-video-preview:-1"},"canonical":"https:\/\/iha-race.com\/pt-pt\/produto\/radio-boxer-m2-4-em-1-e-elrs-controller\/","og_locale":"pt_PT","og_type":"article","og_title":"Radiomaster Boxer M2 Radio Transmissor (4 em 1 e ELRS) - Iha Race","og_description":"Radiomaster Boxer M2 Radio Transmissor (4 em 1 e ELRS) A combina\u00e7\u00e3o perfeita de tamanho e ergonomia faz da BOXER a escolha ideal para pilotos em movimento. Com gimbals lounge","og_url":"https:\/\/iha-race.com\/pt-pt\/produto\/radio-boxer-m2-4-em-1-e-elrs-controller\/","og_site_name":"Iha Race","article_modified_time":"2026-01-03T21:26:42+00:00","og_image":[{"width":1000,"height":1000,"url":"https:\/\/iha-race.com\/wp-content\/uploads\/2023\/02\/Controlador-de-radio-Boxer-M2-4-en-1-y-ELRS.webp","type":"image\/webp"}],"twitter_card":"summary_large_image","twitter_misc":{"Tempo estimado de leitura":"4 minutos"},"schema":{"@context":"https:\/\/schema.org","@graph":[{"@type":"WebPage","@id":"https:\/\/iha-race.com\/pt-pt\/produto\/radio-boxer-m2-4-em-1-e-elrs-controller\/","url":"https:\/\/iha-race.com\/pt-pt\/produto\/radio-boxer-m2-4-em-1-e-elrs-controller\/","name":"Radiomaster Boxer M2 Radio Transmissor (4 em 1 e ELRS) - Iha Race","isPartOf":{"@id":"https:\/\/iha-race.com\/pt-pt\/#website"},"primaryImageOfPage":{"@id":"https:\/\/iha-race.com\/pt-pt\/produto\/radio-boxer-m2-4-em-1-e-elrs-controller\/#primaryimage"},"image":{"@id":"https:\/\/iha-race.com\/pt-pt\/produto\/radio-boxer-m2-4-em-1-e-elrs-controller\/#primaryimage"},"thumbnailUrl":"https:\/\/iha-race.com\/wp-content\/uploads\/2023\/02\/Controlador-de-radio-Boxer-M2-4-en-1-y-ELRS.webp","datePublished":"2023-02-21T18:21:23+00:00","dateModified":"2026-01-03T21:26:42+00:00","breadcrumb":{"@id":"https:\/\/iha-race.com\/pt-pt\/produto\/radio-boxer-m2-4-em-1-e-elrs-controller\/#breadcrumb"},"inLanguage":"pt-PT","potentialAction":[{"@type":"ReadAction","target":["https:\/\/iha-race.com\/pt-pt\/produto\/radio-boxer-m2-4-em-1-e-elrs-controller\/"]}]},{"@type":"ImageObject","inLanguage":"pt-PT","@id":"https:\/\/iha-race.com\/pt-pt\/produto\/radio-boxer-m2-4-em-1-e-elrs-controller\/#primaryimage","url":"https:\/\/iha-race.com\/wp-content\/uploads\/2023\/02\/Controlador-de-radio-Boxer-M2-4-en-1-y-ELRS.webp","contentUrl":"https:\/\/iha-race.com\/wp-content\/uploads\/2023\/02\/Controlador-de-radio-Boxer-M2-4-en-1-y-ELRS.webp","width":1000,"height":1000,"caption":"Comprar Controlador de radio Boxer M2 (4 en 1 y ELRS)"},{"@type":"BreadcrumbList","@id":"https:\/\/iha-race.com\/pt-pt\/produto\/radio-boxer-m2-4-em-1-e-elrs-controller\/#breadcrumb","itemListElement":[{"@type":"ListItem","position":1,"name":"Portada","item":"https:\/\/iha-race.com\/pt-pt\/elementor-499\/"},{"@type":"ListItem","position":2,"name":"Shop","item":"https:\/\/iha-race.com\/pt-pt\/shop\/"},{"@type":"ListItem","position":3,"name":"Radiomaster Boxer M2 Radio Transmissor (4 em 1 e ELRS)"}]},{"@type":"WebSite","@id":"https:\/\/iha-race.com\/pt-pt\/#website","url":"https:\/\/iha-race.com\/pt-pt\/","name":"Iha Race","description":"Comprar drones de carreras FPV env\u00edos en un d\u00eda desde Espa\u00f1a","publisher":{"@id":"https:\/\/iha-race.com\/pt-pt\/#organization"},"potentialAction":[{"@type":"SearchAction","target":{"@type":"EntryPoint","urlTemplate":"https:\/\/iha-race.com\/pt-pt\/?s={search_term_string}"},"query-input":{"@type":"PropertyValueSpecification","valueRequired":true,"valueName":"search_term_string"}}],"inLanguage":"pt-PT"},{"@type":"Organization","@id":"https:\/\/iha-race.com\/pt-pt\/#organization","name":"Iha Race","url":"https:\/\/iha-race.com\/pt-pt\/","logo":{"@type":"ImageObject","inLanguage":"pt-PT","@id":"https:\/\/iha-race.com\/pt-pt\/#\/schema\/logo\/image\/","url":"https:\/\/iha-race.com\/wp-content\/uploads\/2018\/07\/iha-race-drones-de-carreras-tienda-comprar-drones.png","contentUrl":"https:\/\/iha-race.com\/wp-content\/uploads\/2018\/07\/iha-race-drones-de-carreras-tienda-comprar-drones.png","width":300,"height":100,"caption":"Iha Race"},"image":{"@id":"https:\/\/iha-race.com\/pt-pt\/#\/schema\/logo\/image\/"}}]}},"brands":[],"_links":{"self":[{"href":"https:\/\/iha-race.com\/pt-pt\/wp-json\/wp\/v2\/product\/224826","targetHints":{"allow":["GET"]}}],"collection":[{"href":"https:\/\/iha-race.com\/pt-pt\/wp-json\/wp\/v2\/product"}],"about":[{"href":"https:\/\/iha-race.com\/pt-pt\/wp-json\/wp\/v2\/types\/product"}],"replies":[{"embeddable":true,"href":"https:\/\/iha-race.com\/pt-pt\/wp-json\/wp\/v2\/comments?post=224826"}],"version-history":[{"count":4,"href":"https:\/\/iha-race.com\/pt-pt\/wp-json\/wp\/v2\/product\/224826\/revisions"}],"predecessor-version":[{"id":248507,"href":"https:\/\/iha-race.com\/pt-pt\/wp-json\/wp\/v2\/product\/224826\/revisions\/248507"}],"wp:featuredmedia":[{"embeddable":true,"href":"https:\/\/iha-race.com\/pt-pt\/wp-json\/wp\/v2\/media\/224776"}],"wp:attachment":[{"href":"https:\/\/iha-race.com\/pt-pt\/wp-json\/wp\/v2\/media?parent=224826"}],"wp:term":[{"taxonomy":"pwb-brand","embeddable":true,"href":"https:\/\/iha-race.com\/pt-pt\/wp-json\/wp\/v2\/pwb-brand?post=224826"},{"taxonomy":"product_cat","embeddable":true,"href":"https:\/\/iha-race.com\/pt-pt\/wp-json\/wp\/v2\/product_cat?post=224826"},{"taxonomy":"product_tag","embeddable":true,"href":"https:\/\/iha-race.com\/pt-pt\/wp-json\/wp\/v2\/product_tag?post=224826"}],"curies":[{"name":"wp","href":"https:\/\/api.w.org\/{rel}","templated":true}]}}