{"id":224711,"date":"2023-02-20T17:10:01","date_gmt":"2023-02-20T16:10:01","guid":{"rendered":"https:\/\/iha-race.com\/producto\/kit-de-estrutura-speedybee-flex25-de-25-polegadas\/"},"modified":"2024-12-12T12:10:16","modified_gmt":"2024-12-12T11:10:16","slug":"frame-kit-speedybee-flex25-25-inches","status":"publish","type":"product","link":"https:\/\/iha-race.com\/pt-pt\/produto\/frame-kit-speedybee-flex25-25-inches\/","title":{"rendered":"Kit de estrutura SpeedyBee Flex25 de 2,5 polegadas"},"content":{"rendered":"<h1><span data-sheets-value=\"{\"1\":2,\"2\":\"Kit de cuadro SpeedyBee Flex25 de 2,5 pulgadas\"}\" data-sheets-userformat=\"{\"2\":15235,\"3\":{\"1\":0},\"4\":{\"1\":2,\"2\":16777215},\"10\":2,\"11\":4,\"12\":0,\"14\":{\"1\":2,\"2\":4473924},\"15\":\"Montserrat, Arial, Helvetica, sans-serif\",\"16\":12}\">Kit de estrutura SpeedyBee Flex25 de 2,5 polegadas<\/span><\/h1>\n<p>&nbsp;<\/p>\n<div class=\"section section2\"><img decoding=\"async\" title=\"Estrutura SpeedyBee Flex25\" src=\"https:\/\/store-fhxxhuiq8q.mybigcommerce.com\/product_images\/img_SpeedyBee_Flex25_Frame\/Flex25_Frame_1.jpg\" alt=\"Estrutura SpeedyBee Flex25\"><\/div>\n<div class=\"section section2\"><img decoding=\"async\" title=\"Estrutura SpeedyBee Flex25\" src=\"https:\/\/store-fhxxhuiq8q.mybigcommerce.com\/product_images\/img_SpeedyBee_Flex25_Frame\/Flex25_Frame_2.jpg\" alt=\"Estrutura SpeedyBee Flex25\"><\/div>\n<div class=\"section section2\"><img decoding=\"async\" title=\"Estrutura SpeedyBee Flex25\" src=\"https:\/\/store-fhxxhuiq8q.mybigcommerce.com\/product_images\/img_SpeedyBee_Flex25_Frame\/Flex25_Frame-3.jpg\" alt=\"Estrutura SpeedyBee Flex25\"><\/div>\n<div class=\"section section2\"><img decoding=\"async\" title=\"Estrutura SpeedyBee Flex25\" src=\"https:\/\/store-fhxxhuiq8q.mybigcommerce.com\/product_images\/img_SpeedyBee_Flex25_Frame\/Flex25_Frame_4.jpg\" alt=\"Estrutura SpeedyBee Flex25\"><\/div>\n<div class=\"section section2\"><img decoding=\"async\" title=\"Estrutura SpeedyBee Flex25\" src=\"https:\/\/store-fhxxhuiq8q.mybigcommerce.com\/product_images\/img_SpeedyBee_Flex25_Frame\/Flex25_Frame_5.jpg\" alt=\"Estrutura SpeedyBee Flex25\"><\/div>\n<div class=\"section section2\"><img decoding=\"async\" title=\"Estrutura SpeedyBee Flex25\" src=\"https:\/\/store-fhxxhuiq8q.mybigcommerce.com\/product_images\/img_SpeedyBee_Flex25_Frame\/Flex25_Frame_6.jpg\" alt=\"Estrutura SpeedyBee Flex25\"><\/div>\n<div class=\"section section2\"><img decoding=\"async\" title=\"Estrutura SpeedyBee Flex25\" src=\"https:\/\/store-fhxxhuiq8q.mybigcommerce.com\/product_images\/img_SpeedyBee_Flex25_Frame\/Flex25_Frame_7.jpg\" alt=\"Estrutura SpeedyBee Flex25\"><\/div>\n<div class=\"section section2\"><img decoding=\"async\" title=\"Estrutura SpeedyBee Flex25\" src=\"https:\/\/store-fhxxhuiq8q.mybigcommerce.com\/product_images\/img_SpeedyBee_Flex25_Frame\/Flex25_Frame_8.jpg\" alt=\"Estrutura SpeedyBee Flex25\"><\/div>\n<div class=\"section section2\"><img decoding=\"async\" title=\"Estrutura SpeedyBee Flex25\" src=\"https:\/\/store-fhxxhuiq8q.mybigcommerce.com\/product_images\/img_SpeedyBee_Flex25_Frame\/Flex25_Frame_9.jpg\" alt=\"Estrutura SpeedyBee Flex25\"><\/div>\n<div class=\"section section2\"><img decoding=\"async\" title=\"Estrutura SpeedyBee Flex25\" src=\"https:\/\/store-fhxxhuiq8q.mybigcommerce.com\/product_images\/img_SpeedyBee_Flex25_Frame\/Flex25_Frame_10.jpg\" alt=\"Estrutura SpeedyBee Flex25\"><\/div>\n<div class=\"section-Specifications\">\n<div class=\"position-absolute\">\n<h3 id=\"Parameters\" class=\"Specifications\">Especifica\u00e7\u00f5es<\/h3>\n<div><\/div>\n<\/div>\n<table class=\"speedybee-table\">\n<tbody>\n<tr>\n<td width=\"30%\">Nome do produto<\/td>\n<td width=\"70%\">Estrutura SpeedyBee Flex25<\/td>\n<\/tr>\n<tr>\n<td>Tipo<\/td>\n<td>Moldura de 2,5 polegadas<\/td>\n<\/tr>\n<tr>\n<td>dist\u00e2ncia entre eixos<\/td>\n<td>78 mm<\/td>\n<\/tr>\n<tr>\n<td>Tamanho<\/td>\n<td>135x135mm<\/td>\n<\/tr>\n<tr>\n<td>Coluna de alum\u00ednio<\/td>\n<td>M2.5-15mm<\/td>\n<\/tr>\n<tr>\n<td>Orif\u00edcio de montagem FC<\/td>\n<td>25,5&#215;25,5 mm<\/td>\n<\/tr>\n<tr>\n<td>Orif\u00edcio de montagem do motor<\/td>\n<td>9x9mm (Motor recomendado: s\u00e9ries 11\/12\/13\/14)<\/td>\n<\/tr>\n<tr>\n<td>Espa\u00e7amento da c\u00e2mara FPV<\/td>\n<td>14 mm (nano)<\/td>\n<\/tr>\n<tr>\n<td>Peso<\/td>\n<td>Anal\u00f3gico 54g \/ HD 59g<\/td>\n<\/tr>\n<tr>\n<td>Cor<\/td>\n<td>\n<p>Moldura &#8211; preto Anel de prote\u00e7\u00e3o da h\u00e9lice &#8211; cinzento transparente Acess\u00f3rios de impress\u00e3o 3D Vers\u00e3o anal\u00f3gica &#8211; amarelo fluorescente Acess\u00f3rios de impress\u00e3o 3D Vers\u00e3o HD &#8211; preto<\/td>\n<\/tr>\n<\/tbody>\n<\/table>\n<\/div>\n<p>&nbsp;<\/p>\n<div class=\"speedybee-section section8\">\n<h3 id=\"Manual\" class=\"manual\">O pacote inclui<\/h3>\n<ul>\n<li>1 x Kit de estrutura SpeedyBee Flex25 2.5 polegadas<\/li>\n<\/ul>\n<\/div>\n","protected":false},"excerpt":{"rendered":"<p>Kit de estrutura SpeedyBee Flex25 de 2,5 polegadas &nbsp; Especifica\u00e7\u00f5es Nome do produto Estrutura SpeedyBee Flex25 Tipo Moldura de 2,5 polegadas dist\u00e2ncia entre eixos 78 mm Tamanho 135x135mm Coluna de<\/p>\n","protected":false},"featured_media":224672,"comment_status":"open","ping_status":"closed","template":"","meta":{"_joinchat":[]},"pwb-brand":[],"product_cat":[1458,3671,4116],"product_tag":[],"class_list":{"0":"post-224711","1":"product","2":"type-product","3":"status-publish","4":"has-post-thumbnail","6":"product_cat-fpv-drones","7":"product_cat-molduras","8":"product_cat-sexta-feira-negra-2024","10":"first","11":"instock","12":"taxable","13":"shipping-taxable","14":"purchasable","15":"product-type-variable"},"barcode":null,"atum_controlled":true,"out_stock_date":null,"out_stock_threshold":null,"inheritable":true,"stock_on_hold":0,"sold_today":1,"sales_last_days":1,"out_stock_days":0,"lost_sales":0,"update_date":"2026-04-16T07:36:07","atum_locations":[],"atum_stock_status":"instock","restock_status":false,"low_stock_amount":"","sales_update_date":"2026-04-16T07:36:07","calc_backorders":null,"yoast_head":"<!-- This site is optimized with the Yoast SEO plugin v27.3 - https:\/\/yoast.com\/product\/yoast-seo-wordpress\/ -->\n<title>Kit de estrutura SpeedyBee Flex25 de 2,5 polegadas - Iha Race<\/title>\n<meta name=\"robots\" content=\"index, follow, max-snippet:-1, max-image-preview:large, max-video-preview:-1\" \/>\n<link rel=\"canonical\" href=\"https:\/\/iha-race.com\/pt-pt\/produto\/frame-kit-speedybee-flex25-25-inches\/\" \/>\n<meta property=\"og:locale\" content=\"pt_PT\" \/>\n<meta property=\"og:type\" content=\"article\" \/>\n<meta property=\"og:title\" content=\"Kit de estrutura SpeedyBee Flex25 de 2,5 polegadas - Iha Race\" \/>\n<meta property=\"og:description\" content=\"Kit de estrutura SpeedyBee Flex25 de 2,5 polegadas &nbsp; Especifica\u00e7\u00f5es Nome do produto Estrutura SpeedyBee Flex25 Tipo Moldura de 2,5 polegadas dist\u00e2ncia entre eixos 78 mm Tamanho 135x135mm Coluna de\" \/>\n<meta property=\"og:url\" content=\"https:\/\/iha-race.com\/pt-pt\/produto\/frame-kit-speedybee-flex25-25-inches\/\" \/>\n<meta property=\"og:site_name\" content=\"Iha Race\" \/>\n<meta property=\"article:modified_time\" content=\"2024-12-12T11:10:16+00:00\" \/>\n<meta property=\"og:image\" content=\"https:\/\/iha-race.com\/wp-content\/uploads\/2023\/02\/Frame-3__81533.jpg\" \/>\n\t<meta property=\"og:image:width\" content=\"500\" \/>\n\t<meta property=\"og:image:height\" content=\"500\" \/>\n\t<meta property=\"og:image:type\" content=\"image\/jpeg\" \/>\n<meta name=\"twitter:card\" content=\"summary_large_image\" \/>\n<meta name=\"twitter:label1\" content=\"Tempo estimado de leitura\" \/>\n\t<meta name=\"twitter:data1\" content=\"1 minuto\" \/>\n<script type=\"application\/ld+json\" class=\"yoast-schema-graph\">{\"@context\":\"https:\\\/\\\/schema.org\",\"@graph\":[{\"@type\":\"WebPage\",\"@id\":\"https:\\\/\\\/iha-race.com\\\/pt-pt\\\/produto\\\/frame-kit-speedybee-flex25-25-inches\\\/\",\"url\":\"https:\\\/\\\/iha-race.com\\\/pt-pt\\\/produto\\\/frame-kit-speedybee-flex25-25-inches\\\/\",\"name\":\"Kit de estrutura SpeedyBee Flex25 de 2,5 polegadas - Iha Race\",\"isPartOf\":{\"@id\":\"https:\\\/\\\/iha-race.com\\\/pt-pt\\\/#website\"},\"primaryImageOfPage\":{\"@id\":\"https:\\\/\\\/iha-race.com\\\/pt-pt\\\/produto\\\/frame-kit-speedybee-flex25-25-inches\\\/#primaryimage\"},\"image\":{\"@id\":\"https:\\\/\\\/iha-race.com\\\/pt-pt\\\/produto\\\/frame-kit-speedybee-flex25-25-inches\\\/#primaryimage\"},\"thumbnailUrl\":\"https:\\\/\\\/iha-race.com\\\/wp-content\\\/uploads\\\/2023\\\/02\\\/Frame-3__81533.jpg\",\"datePublished\":\"2023-02-20T16:10:01+00:00\",\"dateModified\":\"2024-12-12T11:10:16+00:00\",\"breadcrumb\":{\"@id\":\"https:\\\/\\\/iha-race.com\\\/pt-pt\\\/produto\\\/frame-kit-speedybee-flex25-25-inches\\\/#breadcrumb\"},\"inLanguage\":\"pt-PT\",\"potentialAction\":[{\"@type\":\"ReadAction\",\"target\":[\"https:\\\/\\\/iha-race.com\\\/pt-pt\\\/produto\\\/frame-kit-speedybee-flex25-25-inches\\\/\"]}]},{\"@type\":\"ImageObject\",\"inLanguage\":\"pt-PT\",\"@id\":\"https:\\\/\\\/iha-race.com\\\/pt-pt\\\/produto\\\/frame-kit-speedybee-flex25-25-inches\\\/#primaryimage\",\"url\":\"https:\\\/\\\/iha-race.com\\\/wp-content\\\/uploads\\\/2023\\\/02\\\/Frame-3__81533.jpg\",\"contentUrl\":\"https:\\\/\\\/iha-race.com\\\/wp-content\\\/uploads\\\/2023\\\/02\\\/Frame-3__81533.jpg\",\"width\":500,\"height\":500,\"caption\":\"Comprar Kit de cuadro SpeedyBee Flex25 de 2,5 pulgadas\"},{\"@type\":\"BreadcrumbList\",\"@id\":\"https:\\\/\\\/iha-race.com\\\/pt-pt\\\/produto\\\/frame-kit-speedybee-flex25-25-inches\\\/#breadcrumb\",\"itemListElement\":[{\"@type\":\"ListItem\",\"position\":1,\"name\":\"Portada\",\"item\":\"https:\\\/\\\/iha-race.com\\\/pt-pt\\\/elementor-499\\\/\"},{\"@type\":\"ListItem\",\"position\":2,\"name\":\"Shop\",\"item\":\"https:\\\/\\\/iha-race.com\\\/pt-pt\\\/shop\\\/\"},{\"@type\":\"ListItem\",\"position\":3,\"name\":\"Kit de estrutura SpeedyBee Flex25 de 2,5 polegadas\"}]},{\"@type\":\"WebSite\",\"@id\":\"https:\\\/\\\/iha-race.com\\\/pt-pt\\\/#website\",\"url\":\"https:\\\/\\\/iha-race.com\\\/pt-pt\\\/\",\"name\":\"Iha Race\",\"description\":\"Comprar drones de carreras FPV env\u00edos en un d\u00eda desde Espa\u00f1a\",\"publisher\":{\"@id\":\"https:\\\/\\\/iha-race.com\\\/pt-pt\\\/#organization\"},\"potentialAction\":[{\"@type\":\"SearchAction\",\"target\":{\"@type\":\"EntryPoint\",\"urlTemplate\":\"https:\\\/\\\/iha-race.com\\\/pt-pt\\\/?s={search_term_string}\"},\"query-input\":{\"@type\":\"PropertyValueSpecification\",\"valueRequired\":true,\"valueName\":\"search_term_string\"}}],\"inLanguage\":\"pt-PT\"},{\"@type\":\"Organization\",\"@id\":\"https:\\\/\\\/iha-race.com\\\/pt-pt\\\/#organization\",\"name\":\"Iha Race\",\"url\":\"https:\\\/\\\/iha-race.com\\\/pt-pt\\\/\",\"logo\":{\"@type\":\"ImageObject\",\"inLanguage\":\"pt-PT\",\"@id\":\"https:\\\/\\\/iha-race.com\\\/pt-pt\\\/#\\\/schema\\\/logo\\\/image\\\/\",\"url\":\"https:\\\/\\\/iha-race.com\\\/wp-content\\\/uploads\\\/2018\\\/07\\\/iha-race-drones-de-carreras-tienda-comprar-drones.png\",\"contentUrl\":\"https:\\\/\\\/iha-race.com\\\/wp-content\\\/uploads\\\/2018\\\/07\\\/iha-race-drones-de-carreras-tienda-comprar-drones.png\",\"width\":300,\"height\":100,\"caption\":\"Iha Race\"},\"image\":{\"@id\":\"https:\\\/\\\/iha-race.com\\\/pt-pt\\\/#\\\/schema\\\/logo\\\/image\\\/\"}}]}<\/script>\n<!-- \/ Yoast SEO plugin. -->","yoast_head_json":{"title":"Kit de estrutura SpeedyBee Flex25 de 2,5 polegadas - Iha Race","robots":{"index":"index","follow":"follow","max-snippet":"max-snippet:-1","max-image-preview":"max-image-preview:large","max-video-preview":"max-video-preview:-1"},"canonical":"https:\/\/iha-race.com\/pt-pt\/produto\/frame-kit-speedybee-flex25-25-inches\/","og_locale":"pt_PT","og_type":"article","og_title":"Kit de estrutura SpeedyBee Flex25 de 2,5 polegadas - Iha Race","og_description":"Kit de estrutura SpeedyBee Flex25 de 2,5 polegadas &nbsp; Especifica\u00e7\u00f5es Nome do produto Estrutura SpeedyBee Flex25 Tipo Moldura de 2,5 polegadas dist\u00e2ncia entre eixos 78 mm Tamanho 135x135mm Coluna de","og_url":"https:\/\/iha-race.com\/pt-pt\/produto\/frame-kit-speedybee-flex25-25-inches\/","og_site_name":"Iha Race","article_modified_time":"2024-12-12T11:10:16+00:00","og_image":[{"width":500,"height":500,"url":"https:\/\/iha-race.com\/wp-content\/uploads\/2023\/02\/Frame-3__81533.jpg","type":"image\/jpeg"}],"twitter_card":"summary_large_image","twitter_misc":{"Tempo estimado de leitura":"1 minuto"},"schema":{"@context":"https:\/\/schema.org","@graph":[{"@type":"WebPage","@id":"https:\/\/iha-race.com\/pt-pt\/produto\/frame-kit-speedybee-flex25-25-inches\/","url":"https:\/\/iha-race.com\/pt-pt\/produto\/frame-kit-speedybee-flex25-25-inches\/","name":"Kit de estrutura SpeedyBee Flex25 de 2,5 polegadas - Iha Race","isPartOf":{"@id":"https:\/\/iha-race.com\/pt-pt\/#website"},"primaryImageOfPage":{"@id":"https:\/\/iha-race.com\/pt-pt\/produto\/frame-kit-speedybee-flex25-25-inches\/#primaryimage"},"image":{"@id":"https:\/\/iha-race.com\/pt-pt\/produto\/frame-kit-speedybee-flex25-25-inches\/#primaryimage"},"thumbnailUrl":"https:\/\/iha-race.com\/wp-content\/uploads\/2023\/02\/Frame-3__81533.jpg","datePublished":"2023-02-20T16:10:01+00:00","dateModified":"2024-12-12T11:10:16+00:00","breadcrumb":{"@id":"https:\/\/iha-race.com\/pt-pt\/produto\/frame-kit-speedybee-flex25-25-inches\/#breadcrumb"},"inLanguage":"pt-PT","potentialAction":[{"@type":"ReadAction","target":["https:\/\/iha-race.com\/pt-pt\/produto\/frame-kit-speedybee-flex25-25-inches\/"]}]},{"@type":"ImageObject","inLanguage":"pt-PT","@id":"https:\/\/iha-race.com\/pt-pt\/produto\/frame-kit-speedybee-flex25-25-inches\/#primaryimage","url":"https:\/\/iha-race.com\/wp-content\/uploads\/2023\/02\/Frame-3__81533.jpg","contentUrl":"https:\/\/iha-race.com\/wp-content\/uploads\/2023\/02\/Frame-3__81533.jpg","width":500,"height":500,"caption":"Comprar Kit de cuadro SpeedyBee Flex25 de 2,5 pulgadas"},{"@type":"BreadcrumbList","@id":"https:\/\/iha-race.com\/pt-pt\/produto\/frame-kit-speedybee-flex25-25-inches\/#breadcrumb","itemListElement":[{"@type":"ListItem","position":1,"name":"Portada","item":"https:\/\/iha-race.com\/pt-pt\/elementor-499\/"},{"@type":"ListItem","position":2,"name":"Shop","item":"https:\/\/iha-race.com\/pt-pt\/shop\/"},{"@type":"ListItem","position":3,"name":"Kit de estrutura SpeedyBee Flex25 de 2,5 polegadas"}]},{"@type":"WebSite","@id":"https:\/\/iha-race.com\/pt-pt\/#website","url":"https:\/\/iha-race.com\/pt-pt\/","name":"Iha Race","description":"Comprar drones de carreras FPV env\u00edos en un d\u00eda desde Espa\u00f1a","publisher":{"@id":"https:\/\/iha-race.com\/pt-pt\/#organization"},"potentialAction":[{"@type":"SearchAction","target":{"@type":"EntryPoint","urlTemplate":"https:\/\/iha-race.com\/pt-pt\/?s={search_term_string}"},"query-input":{"@type":"PropertyValueSpecification","valueRequired":true,"valueName":"search_term_string"}}],"inLanguage":"pt-PT"},{"@type":"Organization","@id":"https:\/\/iha-race.com\/pt-pt\/#organization","name":"Iha Race","url":"https:\/\/iha-race.com\/pt-pt\/","logo":{"@type":"ImageObject","inLanguage":"pt-PT","@id":"https:\/\/iha-race.com\/pt-pt\/#\/schema\/logo\/image\/","url":"https:\/\/iha-race.com\/wp-content\/uploads\/2018\/07\/iha-race-drones-de-carreras-tienda-comprar-drones.png","contentUrl":"https:\/\/iha-race.com\/wp-content\/uploads\/2018\/07\/iha-race-drones-de-carreras-tienda-comprar-drones.png","width":300,"height":100,"caption":"Iha Race"},"image":{"@id":"https:\/\/iha-race.com\/pt-pt\/#\/schema\/logo\/image\/"}}]}},"brands":[],"_links":{"self":[{"href":"https:\/\/iha-race.com\/pt-pt\/wp-json\/wp\/v2\/product\/224711","targetHints":{"allow":["GET"]}}],"collection":[{"href":"https:\/\/iha-race.com\/pt-pt\/wp-json\/wp\/v2\/product"}],"about":[{"href":"https:\/\/iha-race.com\/pt-pt\/wp-json\/wp\/v2\/types\/product"}],"replies":[{"embeddable":true,"href":"https:\/\/iha-race.com\/pt-pt\/wp-json\/wp\/v2\/comments?post=224711"}],"version-history":[{"count":4,"href":"https:\/\/iha-race.com\/pt-pt\/wp-json\/wp\/v2\/product\/224711\/revisions"}],"predecessor-version":[{"id":252534,"href":"https:\/\/iha-race.com\/pt-pt\/wp-json\/wp\/v2\/product\/224711\/revisions\/252534"}],"wp:featuredmedia":[{"embeddable":true,"href":"https:\/\/iha-race.com\/pt-pt\/wp-json\/wp\/v2\/media\/224672"}],"wp:attachment":[{"href":"https:\/\/iha-race.com\/pt-pt\/wp-json\/wp\/v2\/media?parent=224711"}],"wp:term":[{"taxonomy":"pwb-brand","embeddable":true,"href":"https:\/\/iha-race.com\/pt-pt\/wp-json\/wp\/v2\/pwb-brand?post=224711"},{"taxonomy":"product_cat","embeddable":true,"href":"https:\/\/iha-race.com\/pt-pt\/wp-json\/wp\/v2\/product_cat?post=224711"},{"taxonomy":"product_tag","embeddable":true,"href":"https:\/\/iha-race.com\/pt-pt\/wp-json\/wp\/v2\/product_tag?post=224711"}],"curies":[{"name":"wp","href":"https:\/\/api.w.org\/{rel}","templated":true}]}}