{"id":224624,"date":"2023-02-20T12:35:04","date_gmt":"2023-02-20T11:35:04","guid":{"rendered":"https:\/\/iha-race.com\/producto\/caixa-de-proteccao-de-inspeccao-industrial-mavic-2-com-chumbo\/"},"modified":"2023-02-20T12:35:04","modified_gmt":"2023-02-20T11:35:04","slug":"caixa-de-proteccao-de-inspeccao-industrial-mavic-2-com-chumbo","status":"publish","type":"product","link":"https:\/\/iha-race.com\/pt-pt\/produto\/caixa-de-proteccao-de-inspeccao-industrial-mavic-2-com-chumbo\/","title":{"rendered":"Caixa de protec\u00e7\u00e3o de inspec\u00e7\u00e3o industrial Mavic 2 (com chumbo)"},"content":{"rendered":"<h2><strong>Caixa de protec\u00e7\u00e3o de inspec\u00e7\u00e3o industrial Mavic 2 (com chumbo)<\/strong><\/h2>\n<\/p>\n<p>***Dron n\u00e3o inclu\u00eddo<\/p>\n<p>A nossa gaiola de inspec\u00e7\u00e3o industrial Mavic PRO 360\u00b0 em espa\u00e7os confinados foi concebida para revolucionar o mundo da inspec\u00e7\u00e3o industrial. Feito principalmente de carbono e favo de mel estruturado, permitir-lhe-\u00e1 voar mantendo a leveza, o conforto, a for\u00e7a mas tamb\u00e9m a toler\u00e2ncia ao choque.<\/p>\n<p>Desenvolvido num \u00fanico eixo de 360\u00b0, permitir\u00e1 n\u00e3o alterar o desempenho do zang\u00e3o em ac\u00e7\u00e3o e assim domar qualquer parede gra\u00e7as \u00e0 sua forma.<\/p>\n<p>Para melhorar a sua experi\u00eancia, o feedback em v\u00eddeo permitir-lhe-\u00e1 inicialmente verificar e aperfei\u00e7oar a sua investiga\u00e7\u00e3o ao mesmo tempo que o voo est\u00e1 a ser realizado, mas tamb\u00e9m orientar o piloto remoto de forma mais eficiente. Finalmente, \u00e9 claro, permitir-lhe-\u00e1 obter uma melhor concentra\u00e7\u00e3o para uma melhor experi\u00eancia.<\/p><\/p>\n","protected":false},"excerpt":{"rendered":"<p>Caixa de protec\u00e7\u00e3o de inspec\u00e7\u00e3o industrial Mavic 2 (com chumbo) ***Dron n\u00e3o inclu\u00eddo A nossa gaiola de inspec\u00e7\u00e3o industrial Mavic PRO 360\u00b0 em espa\u00e7os confinados foi concebida para revolucionar o<\/p>\n","protected":false},"featured_media":224616,"comment_status":"open","ping_status":"closed","template":"","meta":{"_joinchat":[]},"pwb-brand":[],"product_cat":[1060],"product_tag":[],"class_list":{"0":"post-224624","1":"product","2":"type-product","3":"status-publish","4":"has-post-thumbnail","6":"product_cat-sem-categoria","8":"first","9":"instock","10":"taxable","11":"shipping-taxable","12":"purchasable","13":"product-type-simple"},"barcode":null,"atum_controlled":true,"out_stock_date":null,"out_stock_threshold":null,"inheritable":false,"stock_on_hold":0,"sold_today":0,"sales_last_days":0,"out_stock_days":0,"lost_sales":0,"update_date":"2024-01-05T08:16:48","atum_locations":[],"atum_stock_status":"instock","restock_status":false,"low_stock_amount":"","sales_update_date":"2024-01-05T08:16:48","calc_backorders":null,"yoast_head":"<!-- This site is optimized with the Yoast SEO plugin v27.3 - https:\/\/yoast.com\/product\/yoast-seo-wordpress\/ -->\n<title>Caixa de protec\u00e7\u00e3o de inspec\u00e7\u00e3o industrial Mavic 2 (com chumbo) - Iha Race<\/title>\n<meta name=\"robots\" content=\"index, follow, max-snippet:-1, max-image-preview:large, max-video-preview:-1\" \/>\n<link rel=\"canonical\" href=\"https:\/\/iha-race.com\/pt-pt\/produto\/caixa-de-proteccao-de-inspeccao-industrial-mavic-2-com-chumbo\/\" \/>\n<meta property=\"og:locale\" content=\"pt_PT\" \/>\n<meta property=\"og:type\" content=\"article\" \/>\n<meta property=\"og:title\" content=\"Caixa de protec\u00e7\u00e3o de inspec\u00e7\u00e3o industrial Mavic 2 (com chumbo) - Iha Race\" \/>\n<meta property=\"og:description\" content=\"Caixa de protec\u00e7\u00e3o de inspec\u00e7\u00e3o industrial Mavic 2 (com chumbo) ***Dron n\u00e3o inclu\u00eddo A nossa gaiola de inspec\u00e7\u00e3o industrial Mavic PRO 360\u00b0 em espa\u00e7os confinados foi concebida para revolucionar o\" \/>\n<meta property=\"og:url\" content=\"https:\/\/iha-race.com\/pt-pt\/produto\/caixa-de-proteccao-de-inspeccao-industrial-mavic-2-com-chumbo\/\" \/>\n<meta property=\"og:site_name\" content=\"Iha Race\" \/>\n<meta name=\"twitter:card\" content=\"summary_large_image\" \/>\n<meta name=\"twitter:label1\" content=\"Tempo estimado de leitura\" \/>\n\t<meta name=\"twitter:data1\" content=\"1 minuto\" \/>\n<script type=\"application\/ld+json\" class=\"yoast-schema-graph\">{\"@context\":\"https:\\\/\\\/schema.org\",\"@graph\":[{\"@type\":\"WebPage\",\"@id\":\"https:\\\/\\\/iha-race.com\\\/pt-pt\\\/produto\\\/caixa-de-proteccao-de-inspeccao-industrial-mavic-2-com-chumbo\\\/\",\"url\":\"https:\\\/\\\/iha-race.com\\\/pt-pt\\\/produto\\\/caixa-de-proteccao-de-inspeccao-industrial-mavic-2-com-chumbo\\\/\",\"name\":\"Caixa de protec\u00e7\u00e3o de inspec\u00e7\u00e3o industrial Mavic 2 (com chumbo) - Iha Race\",\"isPartOf\":{\"@id\":\"https:\\\/\\\/iha-race.com\\\/pt-pt\\\/#website\"},\"primaryImageOfPage\":{\"@id\":\"https:\\\/\\\/iha-race.com\\\/pt-pt\\\/produto\\\/caixa-de-proteccao-de-inspeccao-industrial-mavic-2-com-chumbo\\\/#primaryimage\"},\"image\":{\"@id\":\"https:\\\/\\\/iha-race.com\\\/pt-pt\\\/produto\\\/caixa-de-proteccao-de-inspeccao-industrial-mavic-2-com-chumbo\\\/#primaryimage\"},\"thumbnailUrl\":\"https:\\\/\\\/iha-race.com\\\/wp-content\\\/uploads\\\/2023\\\/02\\\/da6e68730887dcca4e0e59685aaed8dc-mavic-2-caja-de-proteccion-para-inspeccion-industrial-con-led.jpg.jpeg\",\"datePublished\":\"2023-02-20T11:35:04+00:00\",\"breadcrumb\":{\"@id\":\"https:\\\/\\\/iha-race.com\\\/pt-pt\\\/produto\\\/caixa-de-proteccao-de-inspeccao-industrial-mavic-2-com-chumbo\\\/#breadcrumb\"},\"inLanguage\":\"pt-PT\",\"potentialAction\":[{\"@type\":\"ReadAction\",\"target\":[\"https:\\\/\\\/iha-race.com\\\/pt-pt\\\/produto\\\/caixa-de-proteccao-de-inspeccao-industrial-mavic-2-com-chumbo\\\/\"]}]},{\"@type\":\"ImageObject\",\"inLanguage\":\"pt-PT\",\"@id\":\"https:\\\/\\\/iha-race.com\\\/pt-pt\\\/produto\\\/caixa-de-proteccao-de-inspeccao-industrial-mavic-2-com-chumbo\\\/#primaryimage\",\"url\":\"https:\\\/\\\/iha-race.com\\\/wp-content\\\/uploads\\\/2023\\\/02\\\/da6e68730887dcca4e0e59685aaed8dc-mavic-2-caja-de-proteccion-para-inspeccion-industrial-con-led.jpg.jpeg\",\"contentUrl\":\"https:\\\/\\\/iha-race.com\\\/wp-content\\\/uploads\\\/2023\\\/02\\\/da6e68730887dcca4e0e59685aaed8dc-mavic-2-caja-de-proteccion-para-inspeccion-industrial-con-led.jpg.jpeg\",\"width\":1100,\"height\":1422},{\"@type\":\"BreadcrumbList\",\"@id\":\"https:\\\/\\\/iha-race.com\\\/pt-pt\\\/produto\\\/caixa-de-proteccao-de-inspeccao-industrial-mavic-2-com-chumbo\\\/#breadcrumb\",\"itemListElement\":[{\"@type\":\"ListItem\",\"position\":1,\"name\":\"Portada\",\"item\":\"https:\\\/\\\/iha-race.com\\\/pt-pt\\\/elementor-499\\\/\"},{\"@type\":\"ListItem\",\"position\":2,\"name\":\"Shop\",\"item\":\"https:\\\/\\\/iha-race.com\\\/pt-pt\\\/shop\\\/\"},{\"@type\":\"ListItem\",\"position\":3,\"name\":\"Caixa de protec\u00e7\u00e3o de inspec\u00e7\u00e3o industrial Mavic 2 (com chumbo)\"}]},{\"@type\":\"WebSite\",\"@id\":\"https:\\\/\\\/iha-race.com\\\/pt-pt\\\/#website\",\"url\":\"https:\\\/\\\/iha-race.com\\\/pt-pt\\\/\",\"name\":\"Iha Race\",\"description\":\"Comprar drones de carreras FPV env\u00edos en un d\u00eda desde Espa\u00f1a\",\"publisher\":{\"@id\":\"https:\\\/\\\/iha-race.com\\\/pt-pt\\\/#organization\"},\"potentialAction\":[{\"@type\":\"SearchAction\",\"target\":{\"@type\":\"EntryPoint\",\"urlTemplate\":\"https:\\\/\\\/iha-race.com\\\/pt-pt\\\/?s={search_term_string}\"},\"query-input\":{\"@type\":\"PropertyValueSpecification\",\"valueRequired\":true,\"valueName\":\"search_term_string\"}}],\"inLanguage\":\"pt-PT\"},{\"@type\":\"Organization\",\"@id\":\"https:\\\/\\\/iha-race.com\\\/pt-pt\\\/#organization\",\"name\":\"Iha Race\",\"url\":\"https:\\\/\\\/iha-race.com\\\/pt-pt\\\/\",\"logo\":{\"@type\":\"ImageObject\",\"inLanguage\":\"pt-PT\",\"@id\":\"https:\\\/\\\/iha-race.com\\\/pt-pt\\\/#\\\/schema\\\/logo\\\/image\\\/\",\"url\":\"https:\\\/\\\/iha-race.com\\\/wp-content\\\/uploads\\\/2018\\\/07\\\/iha-race-drones-de-carreras-tienda-comprar-drones.png\",\"contentUrl\":\"https:\\\/\\\/iha-race.com\\\/wp-content\\\/uploads\\\/2018\\\/07\\\/iha-race-drones-de-carreras-tienda-comprar-drones.png\",\"width\":300,\"height\":100,\"caption\":\"Iha Race\"},\"image\":{\"@id\":\"https:\\\/\\\/iha-race.com\\\/pt-pt\\\/#\\\/schema\\\/logo\\\/image\\\/\"}}]}<\/script>\n<!-- \/ Yoast SEO plugin. -->","yoast_head_json":{"title":"Caixa de protec\u00e7\u00e3o de inspec\u00e7\u00e3o industrial Mavic 2 (com chumbo) - Iha Race","robots":{"index":"index","follow":"follow","max-snippet":"max-snippet:-1","max-image-preview":"max-image-preview:large","max-video-preview":"max-video-preview:-1"},"canonical":"https:\/\/iha-race.com\/pt-pt\/produto\/caixa-de-proteccao-de-inspeccao-industrial-mavic-2-com-chumbo\/","og_locale":"pt_PT","og_type":"article","og_title":"Caixa de protec\u00e7\u00e3o de inspec\u00e7\u00e3o industrial Mavic 2 (com chumbo) - Iha Race","og_description":"Caixa de protec\u00e7\u00e3o de inspec\u00e7\u00e3o industrial Mavic 2 (com chumbo) ***Dron n\u00e3o inclu\u00eddo A nossa gaiola de inspec\u00e7\u00e3o industrial Mavic PRO 360\u00b0 em espa\u00e7os confinados foi concebida para revolucionar o","og_url":"https:\/\/iha-race.com\/pt-pt\/produto\/caixa-de-proteccao-de-inspeccao-industrial-mavic-2-com-chumbo\/","og_site_name":"Iha Race","twitter_card":"summary_large_image","twitter_misc":{"Tempo estimado de leitura":"1 minuto"},"schema":{"@context":"https:\/\/schema.org","@graph":[{"@type":"WebPage","@id":"https:\/\/iha-race.com\/pt-pt\/produto\/caixa-de-proteccao-de-inspeccao-industrial-mavic-2-com-chumbo\/","url":"https:\/\/iha-race.com\/pt-pt\/produto\/caixa-de-proteccao-de-inspeccao-industrial-mavic-2-com-chumbo\/","name":"Caixa de protec\u00e7\u00e3o de inspec\u00e7\u00e3o industrial Mavic 2 (com chumbo) - Iha Race","isPartOf":{"@id":"https:\/\/iha-race.com\/pt-pt\/#website"},"primaryImageOfPage":{"@id":"https:\/\/iha-race.com\/pt-pt\/produto\/caixa-de-proteccao-de-inspeccao-industrial-mavic-2-com-chumbo\/#primaryimage"},"image":{"@id":"https:\/\/iha-race.com\/pt-pt\/produto\/caixa-de-proteccao-de-inspeccao-industrial-mavic-2-com-chumbo\/#primaryimage"},"thumbnailUrl":"https:\/\/iha-race.com\/wp-content\/uploads\/2023\/02\/da6e68730887dcca4e0e59685aaed8dc-mavic-2-caja-de-proteccion-para-inspeccion-industrial-con-led.jpg.jpeg","datePublished":"2023-02-20T11:35:04+00:00","breadcrumb":{"@id":"https:\/\/iha-race.com\/pt-pt\/produto\/caixa-de-proteccao-de-inspeccao-industrial-mavic-2-com-chumbo\/#breadcrumb"},"inLanguage":"pt-PT","potentialAction":[{"@type":"ReadAction","target":["https:\/\/iha-race.com\/pt-pt\/produto\/caixa-de-proteccao-de-inspeccao-industrial-mavic-2-com-chumbo\/"]}]},{"@type":"ImageObject","inLanguage":"pt-PT","@id":"https:\/\/iha-race.com\/pt-pt\/produto\/caixa-de-proteccao-de-inspeccao-industrial-mavic-2-com-chumbo\/#primaryimage","url":"https:\/\/iha-race.com\/wp-content\/uploads\/2023\/02\/da6e68730887dcca4e0e59685aaed8dc-mavic-2-caja-de-proteccion-para-inspeccion-industrial-con-led.jpg.jpeg","contentUrl":"https:\/\/iha-race.com\/wp-content\/uploads\/2023\/02\/da6e68730887dcca4e0e59685aaed8dc-mavic-2-caja-de-proteccion-para-inspeccion-industrial-con-led.jpg.jpeg","width":1100,"height":1422},{"@type":"BreadcrumbList","@id":"https:\/\/iha-race.com\/pt-pt\/produto\/caixa-de-proteccao-de-inspeccao-industrial-mavic-2-com-chumbo\/#breadcrumb","itemListElement":[{"@type":"ListItem","position":1,"name":"Portada","item":"https:\/\/iha-race.com\/pt-pt\/elementor-499\/"},{"@type":"ListItem","position":2,"name":"Shop","item":"https:\/\/iha-race.com\/pt-pt\/shop\/"},{"@type":"ListItem","position":3,"name":"Caixa de protec\u00e7\u00e3o de inspec\u00e7\u00e3o industrial Mavic 2 (com chumbo)"}]},{"@type":"WebSite","@id":"https:\/\/iha-race.com\/pt-pt\/#website","url":"https:\/\/iha-race.com\/pt-pt\/","name":"Iha Race","description":"Comprar drones de carreras FPV env\u00edos en un d\u00eda desde Espa\u00f1a","publisher":{"@id":"https:\/\/iha-race.com\/pt-pt\/#organization"},"potentialAction":[{"@type":"SearchAction","target":{"@type":"EntryPoint","urlTemplate":"https:\/\/iha-race.com\/pt-pt\/?s={search_term_string}"},"query-input":{"@type":"PropertyValueSpecification","valueRequired":true,"valueName":"search_term_string"}}],"inLanguage":"pt-PT"},{"@type":"Organization","@id":"https:\/\/iha-race.com\/pt-pt\/#organization","name":"Iha Race","url":"https:\/\/iha-race.com\/pt-pt\/","logo":{"@type":"ImageObject","inLanguage":"pt-PT","@id":"https:\/\/iha-race.com\/pt-pt\/#\/schema\/logo\/image\/","url":"https:\/\/iha-race.com\/wp-content\/uploads\/2018\/07\/iha-race-drones-de-carreras-tienda-comprar-drones.png","contentUrl":"https:\/\/iha-race.com\/wp-content\/uploads\/2018\/07\/iha-race-drones-de-carreras-tienda-comprar-drones.png","width":300,"height":100,"caption":"Iha Race"},"image":{"@id":"https:\/\/iha-race.com\/pt-pt\/#\/schema\/logo\/image\/"}}]}},"jetpack_sharing_enabled":true,"brands":[],"_links":{"self":[{"href":"https:\/\/iha-race.com\/pt-pt\/wp-json\/wp\/v2\/product\/224624","targetHints":{"allow":["GET"]}}],"collection":[{"href":"https:\/\/iha-race.com\/pt-pt\/wp-json\/wp\/v2\/product"}],"about":[{"href":"https:\/\/iha-race.com\/pt-pt\/wp-json\/wp\/v2\/types\/product"}],"replies":[{"embeddable":true,"href":"https:\/\/iha-race.com\/pt-pt\/wp-json\/wp\/v2\/comments?post=224624"}],"version-history":[{"count":0,"href":"https:\/\/iha-race.com\/pt-pt\/wp-json\/wp\/v2\/product\/224624\/revisions"}],"wp:featuredmedia":[{"embeddable":true,"href":"https:\/\/iha-race.com\/pt-pt\/wp-json\/wp\/v2\/media\/224616"}],"wp:attachment":[{"href":"https:\/\/iha-race.com\/pt-pt\/wp-json\/wp\/v2\/media?parent=224624"}],"wp:term":[{"taxonomy":"pwb-brand","embeddable":true,"href":"https:\/\/iha-race.com\/pt-pt\/wp-json\/wp\/v2\/pwb-brand?post=224624"},{"taxonomy":"product_cat","embeddable":true,"href":"https:\/\/iha-race.com\/pt-pt\/wp-json\/wp\/v2\/product_cat?post=224624"},{"taxonomy":"product_tag","embeddable":true,"href":"https:\/\/iha-race.com\/pt-pt\/wp-json\/wp\/v2\/product_tag?post=224624"}],"curies":[{"name":"wp","href":"https:\/\/api.w.org\/{rel}","templated":true}]}}