{"id":216565,"date":"2023-02-02T18:21:10","date_gmt":"2023-02-02T17:21:10","guid":{"rendered":"https:\/\/iha-race.com\/producto\/oculos-de-proteccao-betafpv-vr03-fpv\/"},"modified":"2026-02-05T09:05:15","modified_gmt":"2026-02-05T08:05:15","slug":"oculos-betafpv-vr03-fpv","status":"publish","type":"product","link":"https:\/\/iha-race.com\/pt-pt\/produto\/oculos-betafpv-vr03-fpv\/","title":{"rendered":"\u00d3culos de protec\u00e7\u00e3o BetaFPV VR03 FPV"},"content":{"rendered":"<h1><span data-sheets-value=\"{\"1\":2,\"2\":\"Gafas BetaFPV VR03 FPV\"}\" data-sheets-userformat=\"{\"2\":7107,\"3\":{\"1\":0},\"4\":{\"1\":2,\"2\":16777215},\"9\":0,\"10\":2,\"11\":4,\"12\":0,\"14\":{\"1\":2,\"2\":0},\"15\":\"\\\"Work Sans\\\", sans-serif\"}\">\u00d3culos de protec\u00e7\u00e3o BetaFPV VR03 FPV<\/span><\/h1>\n<p>  Rec\u00e9m-desenvolvidos pela BETAFPV e baseados nos \u00f3culos FPV VR02, os \u00f3culos FPV VR03 t\u00eam as carater\u00edsticas do VR02 e v\u00eam com uma fun\u00e7\u00e3o de grava\u00e7\u00e3o DVR. Esta carater\u00edstica emocionante permite aos pilotos captarem momentos memor\u00e1veis e de cortar a respira\u00e7\u00e3o, o que melhora muito a experi\u00eancia de voo FPV.  <img decoding=\"async\" src=\"https:\/\/cdn.shopify.com\/s\/files\/1\/1778\/6615\/files\/FB_b5b77ea3-4a45-4a96-a18d-ebb67d9f44d4_1024x1024.jpg?v=1663747830\" alt=\"\"><\/p>\n<h2>Caracter\u00edsticas<\/h2>\n<ul class=\"ul1\">\n<li class=\"li1\">Antena externa de alta qualidade 5.8G 3dBi est\u00e1 inclu\u00edda. Os \u00f3culos VR03 apresentam uma antena omnidireccional, que irradia e recebe sinais igualmente em direc\u00e7\u00f5es horizontais de 360 graus, para uma transmiss\u00e3o de v\u00eddeo est\u00e1vel e imagens v\u00edvidas durante o voo.<\/li>\n<li class=\"li1\">O desenho da antena substitu\u00edvel permite que os pilotos testem v\u00e1rias antenas para diferentes usos. Al\u00e9m disso, os pilotos podem ajustar o \u00e2ngulo da antena.<\/li>\n<li class=\"li1\">Com um ecr\u00e3 LCD HD de 4,3 polegadas de 800 x 480 px de alto brilho, os \u00f3culos VR03 ir\u00e3o mostrar-lhe um mundo brilhante sem imagens distorcidas ou desfocadas, que \u00e9 especialmente afinado para corridas de FPV ou avi\u00f5es modelo.<\/li>\n<li class=\"li1\">Ao reservar um slot de cart\u00e3o Micro SD, os pilotos podem gravar v\u00eddeo e guard\u00e1-lo no cart\u00e3o Micro SD. Al\u00e9m disso, o v\u00eddeo pode ser reproduzido atrav\u00e9s de \u00f3culos VR03.<\/li>\n<\/ul>\n<h2>Especifica\u00e7\u00f5es<\/h2>\n<ul>\n<li>Tamanho: 130*145*90mm<\/li>\n<li>Peso: 300g (sem correias)<\/li>\n<li>Formato de v\u00eddeo: NTSC\/PAL<\/li>\n<li>Canal compat\u00edvel: 48CH<\/li>\n<li>Tamanho do ecr\u00e3: 4,3 polegadas<\/li>\n<li>Resolu\u00e7\u00e3o do ecr\u00e3: 800*480<\/li>\n<li>Bateria: 3,7 V, 2000 mAh<\/li>\n<li>Tempo de trabalho: cerca de 2 horas (modo normal)\/1 hora e 10 minutos (modo de grava\u00e7\u00e3o)<\/li>\n<li>Corrente m\u00e1xima de carga: 1A<\/li>\n<li>Porta Antena: RP-SMA (antena de chicote inclu\u00edda)<\/li>\n<li>Porta de carregamento: Tipo C<\/li>\n<li>Ranhura para cart\u00e3o: Cart\u00e3o Micro SD (n\u00e3o inclu\u00eddo), compat\u00edvel com FAT32, suporta at\u00e9 64 GB de armazenamento. A classe 10 \u00e9 recomendada<\/li>\n<li>Resolu\u00e7\u00e3o de grava\u00e7\u00e3o: 480P<\/li>\n<li>Formato de grava\u00e7\u00e3o: AVI<\/li>\n<\/ul>\n<h2>BETAFPV Desenho cl\u00e1ssico<\/h2>\n<p>  O design cl\u00e1ssico nunca passa de moda. Adoptam um desenho ergon\u00f3mico com uma placa frontal de esponja de espuma e uma faixa de cabe\u00e7a ajust\u00e1vel em tr\u00eas lados, estes \u00f3culos FPV adaptam-se perfeitamente ao seu rosto e cabe\u00e7a. Al\u00e9m disso, os \u00f3culos VR03 FPV s\u00e3o muito compactos e requintados, com um peso de 300g, o que \u00e9 f\u00e1cil para os pilotos transportarem.  <img decoding=\"async\" src=\"https:\/\/cdn.shopifycdn.net\/s\/files\/1\/1778\/6615\/files\/FB2_1_a25a63d3-cfec-4e5f-b018-c7b57362c64f_1024x1024.jpg?v=1665493759\" alt=\"\"><\/p>\n<h2>Uma chave para a banda de pesquisa<\/h2>\n<p>  Os \u00f3culos VR03 FPV possuem uma fun\u00e7\u00e3o de pesquisa de frequ\u00eancia e uma fun\u00e7\u00e3o de pesquisa autom\u00e1tica de frequ\u00eancia r\u00e1pida (apenas 3 segundos). Os pilotos podem encontrar facilmente uma banda e um canal com um sinal mais forte para uma melhor experi\u00eancia de voo.  <img decoding=\"async\" src=\"https:\/\/cdn.shopifycdn.net\/s\/files\/1\/1778\/6615\/files\/3_3a064133-cb72-4311-b953-eb44e5069bc4_1024x1024.jpg?v=1665488980\" alt=\"\"><\/p>\n<h2>Fun\u00e7\u00e3o de grava\u00e7\u00e3o DVR<\/h2>\n<p>  Os \u00f3culos VR03 FPV permitem-te gravar perfeitamente os momentos FPV. Al\u00e9m disso, os pilotos podem desfrutar da reprodu\u00e7\u00e3o guardada atrav\u00e9s dos \u00f3culos ou exportar os v\u00eddeos atrav\u00e9s de um cart\u00e3o Micro SD. Aparentemente, os \u00f3culos VR03 FPV proporcionam aos pilotos uma experi\u00eancia FPV muito emocionante.  <img decoding=\"async\" src=\"https:\/\/cdn.shopifycdn.net\/s\/files\/1\/1778\/6615\/files\/2_ab0305d5-864a-48a6-a068-bcd549f32f5a_1024x1024.jpg?v=1665488943\" alt=\"\"><\/p>\n<h2>Diagrama para VR03<\/h2>\n<p>  A imagem seguinte \u00e9 um esquema dos \u00f3culos FPV VR03.  <img decoding=\"async\" src=\"https:\/\/cdn.shopify.com\/s\/files\/1\/1778\/6615\/files\/d2f254306cbea3a0223492d769f044c5_85a99fb7-4cd5-471c-84c0-550c11074bff_600x600.jpg?v=1663732678\" alt=\"\"><\/p>\n<p><span style=\"color: #b3b3b3;\"><em>Nota: Certifique-se de que a bateria est\u00e1 totalmente carregada antes de usar, a voltagem recomendada \u00e9 superior a 3,7V (prima brevemente o bot\u00e3o S para verificar). Usar correctamente os \u00f3culos de protec\u00e7\u00e3o e ajustar a faixa da cabe\u00e7a a um comprimento confort\u00e1vel.<\/em><\/span>  Os \u00f3culos VR03 FPV suportam 5.8G e 48 canais. Manter premido o bot\u00e3o de pesquisa durante 2 segundos para activar a verifica\u00e7\u00e3o de frequ\u00eancia, o resultado ser\u00e1 apresentado ap\u00f3s 3 segundos. As diferentes cores no visor indicam o estado atual de cada frequ\u00eancia da seguinte forma:  <img decoding=\"async\" src=\"https:\/\/cdn.shopifycdn.net\/s\/files\/1\/1778\/6615\/files\/629dbe25aeab458ba5e2e5048ef237133436_600x600.png?v=1663756404\" alt=\"\"><\/p>\n<h2>Como gravar v\u00eddeo<\/h2>\n<p>  Os \u00f3culos VR03 FPV suportam a fun\u00e7\u00e3o de grava\u00e7\u00e3o de v\u00eddeo, pressiona brevemente o bot\u00e3o de grava\u00e7\u00e3o para iniciar ou parar a grava\u00e7\u00e3o de v\u00eddeo.  <\/p>\n<ul>\n<li>Inserir o cart\u00e3o Micro SD na ranhura do cart\u00e3o Micro SD (apenas o sistema FAT32 e o armazenamento m\u00e1ximo de 64G s\u00e3o suportados).<\/li>\n<li>Ap\u00f3s premir brevemente o bot\u00e3o de grava\u00e7\u00e3o, aparecer\u00e1 um ponto vermelho no canto superior esquerdo do ecr\u00e3 e um &#8220;beep-beep&#8221; ser\u00e1 ouvido dos \u00f3culos de protec\u00e7\u00e3o FPV;<\/li>\n<li>Esperar 8 segundos e o ponto vermelho e o LED indicador de grava\u00e7\u00e3o come\u00e7ar\u00e3o a piscar. Ao mesmo tempo, aparece uma linha num\u00e9rica vermelha e o temporizador come\u00e7a a funcionar, indicando o in\u00edcio da grava\u00e7\u00e3o;<\/li>\n<li>Carregar brevemente no bot\u00e3o de grava\u00e7\u00e3o. Ap\u00f3s 2-3 segundos, o ponto vermelho no canto superior esquerdo deixou de piscar juntamente com o temporizador e o LED vermelho de grava\u00e7\u00e3o tamb\u00e9m se apagou. Isto indica que os \u00f3culos pararam de gravar.<\/li>\n<\/ul>\n<p><img decoding=\"async\" src=\"https:\/\/cdn.shopify.com\/s\/files\/1\/1778\/6615\/files\/91D7E6B9-DD6C-483c-9FDC-BA8580E26B90_600x600.png?v=1663751576\" alt=\"\"><\/p>\n<p><span style=\"color: #b3b3b3;\"><em>Nota: Ap\u00f3s premir o bot\u00e3o de grava\u00e7\u00e3o, demorar\u00e1 8 a 10 segundos para que a fun\u00e7\u00e3o de grava\u00e7\u00e3o seja activada, por isso, aguarde pacientemente.<\/em><\/span><\/p>\n<p><span style=\"color: #b3b3b3;\"><em>Nota: A dura\u00e7\u00e3o m\u00e1xima de cada grava\u00e7\u00e3o \u00e9 de 10 minutos. Quando uma grava\u00e7\u00e3o excede os 10 minutos, \u00e9 automaticamente criado um novo ficheiro de grava\u00e7\u00e3o.<\/em><\/span><\/p>\n<h2>Perguntas mais frequentes<\/h2>\n<p><a href=\"https:\/\/support.betafpv.com\/hc\/en-us\/articles\/11492605723161-Manual-for-VR03-Goggles\">Descarregar o manual electr\u00f3nico dos \u00f3culos VR03 FPV.<\/a>  Recomenda quadcopters e VTX: S\u00e9rie Cetus, S\u00e9rie Meteor, A01, A02, A03 5.8G VTX, M01, M02, M03 5.8G VTX, ou a maioria dos VTX anal\u00f3gicos no mercado.  <\/p>\n<h2>O pacote inclui<\/h2>\n<ul>\n<li>1 x \u00d3culos BETAFPV VR03 FPV<\/li>\n<li>1 x Fita ajust\u00e1vel para a cabe\u00e7a.<\/li>\n<li>1 x Manual de instru\u00e7\u00f5es.<\/li>\n<\/ul>\n<p><img decoding=\"async\" src=\"https:\/\/cdn.shopify.com\/s\/files\/1\/1778\/6615\/files\/3f89305fb1dabad87b9b93324e3c25cd_b287f78a-89f6-4de7-a8ab-41f21b90ff0a_600x600.jpg?v=1663756972\" alt=\"\"><\/p>\n","protected":false},"excerpt":{"rendered":"<p>\u00d3culos de protec\u00e7\u00e3o BetaFPV VR03 FPV Rec\u00e9m-desenvolvidos pela BETAFPV e baseados nos \u00f3culos FPV VR02, os \u00f3culos FPV VR03 t\u00eam as carater\u00edsticas do VR02 e v\u00eam com uma fun\u00e7\u00e3o de<\/p>\n","protected":false},"featured_media":216552,"comment_status":"open","ping_status":"closed","template":"","meta":{"_joinchat":[]},"pwb-brand":[],"product_cat":[1132,2454],"product_tag":[],"class_list":{"0":"post-216565","1":"product","2":"type-product","3":"status-publish","4":"has-post-thumbnail","6":"product_cat-oculos-de-proteccao-fpv","7":"product_cat-vidros-e-monitores","9":"first","10":"outofstock","11":"taxable","12":"shipping-taxable","13":"purchasable","14":"product-type-simple"},"barcode":null,"atum_controlled":true,"out_stock_date":"2026-02-05 09:05:15","out_stock_threshold":null,"inheritable":false,"stock_on_hold":0,"sold_today":0,"sales_last_days":0,"out_stock_days":72,"lost_sales":1027,"update_date":"2026-04-18T20:30:54","atum_locations":[],"atum_stock_status":"outofstock","restock_status":false,"low_stock_amount":"","sales_update_date":"2026-04-18T20:30:54","calc_backorders":null,"yoast_head":"<!-- This site is optimized with the Yoast SEO plugin v27.3 - https:\/\/yoast.com\/product\/yoast-seo-wordpress\/ -->\n<title>\u00d3culos de protec\u00e7\u00e3o BetaFPV VR03 FPV - Iha Race<\/title>\n<meta name=\"robots\" content=\"index, follow, max-snippet:-1, max-image-preview:large, max-video-preview:-1\" \/>\n<link rel=\"canonical\" href=\"https:\/\/iha-race.com\/pt-pt\/produto\/oculos-betafpv-vr03-fpv\/\" \/>\n<meta property=\"og:locale\" content=\"pt_PT\" \/>\n<meta property=\"og:type\" content=\"article\" \/>\n<meta property=\"og:title\" content=\"\u00d3culos de protec\u00e7\u00e3o BetaFPV VR03 FPV - Iha Race\" \/>\n<meta property=\"og:description\" content=\"\u00d3culos de protec\u00e7\u00e3o BetaFPV VR03 FPV Rec\u00e9m-desenvolvidos pela BETAFPV e baseados nos \u00f3culos FPV VR02, os \u00f3culos FPV VR03 t\u00eam as carater\u00edsticas do VR02 e v\u00eam com uma fun\u00e7\u00e3o de\" \/>\n<meta property=\"og:url\" content=\"https:\/\/iha-race.com\/pt-pt\/produto\/oculos-betafpv-vr03-fpv\/\" \/>\n<meta property=\"og:site_name\" content=\"Iha Race\" \/>\n<meta property=\"article:modified_time\" content=\"2026-02-05T08:05:15+00:00\" \/>\n<meta property=\"og:image\" content=\"https:\/\/iha-race.com\/wp-content\/uploads\/2023\/02\/Gafas-BetaFPV-VR03-3.webp\" \/>\n\t<meta property=\"og:image:width\" content=\"800\" \/>\n\t<meta property=\"og:image:height\" content=\"800\" \/>\n\t<meta property=\"og:image:type\" content=\"image\/webp\" \/>\n<meta name=\"twitter:card\" content=\"summary_large_image\" \/>\n<meta name=\"twitter:label1\" content=\"Tempo estimado de leitura\" \/>\n\t<meta name=\"twitter:data1\" content=\"5 minutos\" \/>\n<script type=\"application\/ld+json\" class=\"yoast-schema-graph\">{\"@context\":\"https:\\\/\\\/schema.org\",\"@graph\":[{\"@type\":\"WebPage\",\"@id\":\"https:\\\/\\\/iha-race.com\\\/pt-pt\\\/produto\\\/oculos-betafpv-vr03-fpv\\\/\",\"url\":\"https:\\\/\\\/iha-race.com\\\/pt-pt\\\/produto\\\/oculos-betafpv-vr03-fpv\\\/\",\"name\":\"\u00d3culos de protec\u00e7\u00e3o BetaFPV VR03 FPV - Iha Race\",\"isPartOf\":{\"@id\":\"https:\\\/\\\/iha-race.com\\\/pt-pt\\\/#website\"},\"primaryImageOfPage\":{\"@id\":\"https:\\\/\\\/iha-race.com\\\/pt-pt\\\/produto\\\/oculos-betafpv-vr03-fpv\\\/#primaryimage\"},\"image\":{\"@id\":\"https:\\\/\\\/iha-race.com\\\/pt-pt\\\/produto\\\/oculos-betafpv-vr03-fpv\\\/#primaryimage\"},\"thumbnailUrl\":\"https:\\\/\\\/iha-race.com\\\/wp-content\\\/uploads\\\/2023\\\/02\\\/Gafas-BetaFPV-VR03-3.webp\",\"datePublished\":\"2023-02-02T17:21:10+00:00\",\"dateModified\":\"2026-02-05T08:05:15+00:00\",\"breadcrumb\":{\"@id\":\"https:\\\/\\\/iha-race.com\\\/pt-pt\\\/produto\\\/oculos-betafpv-vr03-fpv\\\/#breadcrumb\"},\"inLanguage\":\"pt-PT\",\"potentialAction\":[{\"@type\":\"ReadAction\",\"target\":[\"https:\\\/\\\/iha-race.com\\\/pt-pt\\\/produto\\\/oculos-betafpv-vr03-fpv\\\/\"]}]},{\"@type\":\"ImageObject\",\"inLanguage\":\"pt-PT\",\"@id\":\"https:\\\/\\\/iha-race.com\\\/pt-pt\\\/produto\\\/oculos-betafpv-vr03-fpv\\\/#primaryimage\",\"url\":\"https:\\\/\\\/iha-race.com\\\/wp-content\\\/uploads\\\/2023\\\/02\\\/Gafas-BetaFPV-VR03-3.webp\",\"contentUrl\":\"https:\\\/\\\/iha-race.com\\\/wp-content\\\/uploads\\\/2023\\\/02\\\/Gafas-BetaFPV-VR03-3.webp\",\"width\":800,\"height\":800,\"caption\":\"Comprar Gafas BetaFPV VR03 FPV\"},{\"@type\":\"BreadcrumbList\",\"@id\":\"https:\\\/\\\/iha-race.com\\\/pt-pt\\\/produto\\\/oculos-betafpv-vr03-fpv\\\/#breadcrumb\",\"itemListElement\":[{\"@type\":\"ListItem\",\"position\":1,\"name\":\"Portada\",\"item\":\"https:\\\/\\\/iha-race.com\\\/pt-pt\\\/elementor-499\\\/\"},{\"@type\":\"ListItem\",\"position\":2,\"name\":\"Shop\",\"item\":\"https:\\\/\\\/iha-race.com\\\/pt-pt\\\/shop\\\/\"},{\"@type\":\"ListItem\",\"position\":3,\"name\":\"\u00d3culos de protec\u00e7\u00e3o BetaFPV VR03 FPV\"}]},{\"@type\":\"WebSite\",\"@id\":\"https:\\\/\\\/iha-race.com\\\/pt-pt\\\/#website\",\"url\":\"https:\\\/\\\/iha-race.com\\\/pt-pt\\\/\",\"name\":\"Iha Race\",\"description\":\"Comprar drones de carreras FPV env\u00edos en un d\u00eda desde Espa\u00f1a\",\"publisher\":{\"@id\":\"https:\\\/\\\/iha-race.com\\\/pt-pt\\\/#organization\"},\"potentialAction\":[{\"@type\":\"SearchAction\",\"target\":{\"@type\":\"EntryPoint\",\"urlTemplate\":\"https:\\\/\\\/iha-race.com\\\/pt-pt\\\/?s={search_term_string}\"},\"query-input\":{\"@type\":\"PropertyValueSpecification\",\"valueRequired\":true,\"valueName\":\"search_term_string\"}}],\"inLanguage\":\"pt-PT\"},{\"@type\":\"Organization\",\"@id\":\"https:\\\/\\\/iha-race.com\\\/pt-pt\\\/#organization\",\"name\":\"Iha Race\",\"url\":\"https:\\\/\\\/iha-race.com\\\/pt-pt\\\/\",\"logo\":{\"@type\":\"ImageObject\",\"inLanguage\":\"pt-PT\",\"@id\":\"https:\\\/\\\/iha-race.com\\\/pt-pt\\\/#\\\/schema\\\/logo\\\/image\\\/\",\"url\":\"https:\\\/\\\/iha-race.com\\\/wp-content\\\/uploads\\\/2018\\\/07\\\/iha-race-drones-de-carreras-tienda-comprar-drones.png\",\"contentUrl\":\"https:\\\/\\\/iha-race.com\\\/wp-content\\\/uploads\\\/2018\\\/07\\\/iha-race-drones-de-carreras-tienda-comprar-drones.png\",\"width\":300,\"height\":100,\"caption\":\"Iha Race\"},\"image\":{\"@id\":\"https:\\\/\\\/iha-race.com\\\/pt-pt\\\/#\\\/schema\\\/logo\\\/image\\\/\"}}]}<\/script>\n<!-- \/ Yoast SEO plugin. -->","yoast_head_json":{"title":"\u00d3culos de protec\u00e7\u00e3o BetaFPV VR03 FPV - Iha Race","robots":{"index":"index","follow":"follow","max-snippet":"max-snippet:-1","max-image-preview":"max-image-preview:large","max-video-preview":"max-video-preview:-1"},"canonical":"https:\/\/iha-race.com\/pt-pt\/produto\/oculos-betafpv-vr03-fpv\/","og_locale":"pt_PT","og_type":"article","og_title":"\u00d3culos de protec\u00e7\u00e3o BetaFPV VR03 FPV - Iha Race","og_description":"\u00d3culos de protec\u00e7\u00e3o BetaFPV VR03 FPV Rec\u00e9m-desenvolvidos pela BETAFPV e baseados nos \u00f3culos FPV VR02, os \u00f3culos FPV VR03 t\u00eam as carater\u00edsticas do VR02 e v\u00eam com uma fun\u00e7\u00e3o de","og_url":"https:\/\/iha-race.com\/pt-pt\/produto\/oculos-betafpv-vr03-fpv\/","og_site_name":"Iha Race","article_modified_time":"2026-02-05T08:05:15+00:00","og_image":[{"width":800,"height":800,"url":"https:\/\/iha-race.com\/wp-content\/uploads\/2023\/02\/Gafas-BetaFPV-VR03-3.webp","type":"image\/webp"}],"twitter_card":"summary_large_image","twitter_misc":{"Tempo estimado de leitura":"5 minutos"},"schema":{"@context":"https:\/\/schema.org","@graph":[{"@type":"WebPage","@id":"https:\/\/iha-race.com\/pt-pt\/produto\/oculos-betafpv-vr03-fpv\/","url":"https:\/\/iha-race.com\/pt-pt\/produto\/oculos-betafpv-vr03-fpv\/","name":"\u00d3culos de protec\u00e7\u00e3o BetaFPV VR03 FPV - Iha Race","isPartOf":{"@id":"https:\/\/iha-race.com\/pt-pt\/#website"},"primaryImageOfPage":{"@id":"https:\/\/iha-race.com\/pt-pt\/produto\/oculos-betafpv-vr03-fpv\/#primaryimage"},"image":{"@id":"https:\/\/iha-race.com\/pt-pt\/produto\/oculos-betafpv-vr03-fpv\/#primaryimage"},"thumbnailUrl":"https:\/\/iha-race.com\/wp-content\/uploads\/2023\/02\/Gafas-BetaFPV-VR03-3.webp","datePublished":"2023-02-02T17:21:10+00:00","dateModified":"2026-02-05T08:05:15+00:00","breadcrumb":{"@id":"https:\/\/iha-race.com\/pt-pt\/produto\/oculos-betafpv-vr03-fpv\/#breadcrumb"},"inLanguage":"pt-PT","potentialAction":[{"@type":"ReadAction","target":["https:\/\/iha-race.com\/pt-pt\/produto\/oculos-betafpv-vr03-fpv\/"]}]},{"@type":"ImageObject","inLanguage":"pt-PT","@id":"https:\/\/iha-race.com\/pt-pt\/produto\/oculos-betafpv-vr03-fpv\/#primaryimage","url":"https:\/\/iha-race.com\/wp-content\/uploads\/2023\/02\/Gafas-BetaFPV-VR03-3.webp","contentUrl":"https:\/\/iha-race.com\/wp-content\/uploads\/2023\/02\/Gafas-BetaFPV-VR03-3.webp","width":800,"height":800,"caption":"Comprar Gafas BetaFPV VR03 FPV"},{"@type":"BreadcrumbList","@id":"https:\/\/iha-race.com\/pt-pt\/produto\/oculos-betafpv-vr03-fpv\/#breadcrumb","itemListElement":[{"@type":"ListItem","position":1,"name":"Portada","item":"https:\/\/iha-race.com\/pt-pt\/elementor-499\/"},{"@type":"ListItem","position":2,"name":"Shop","item":"https:\/\/iha-race.com\/pt-pt\/shop\/"},{"@type":"ListItem","position":3,"name":"\u00d3culos de protec\u00e7\u00e3o BetaFPV VR03 FPV"}]},{"@type":"WebSite","@id":"https:\/\/iha-race.com\/pt-pt\/#website","url":"https:\/\/iha-race.com\/pt-pt\/","name":"Iha Race","description":"Comprar drones de carreras FPV env\u00edos en un d\u00eda desde Espa\u00f1a","publisher":{"@id":"https:\/\/iha-race.com\/pt-pt\/#organization"},"potentialAction":[{"@type":"SearchAction","target":{"@type":"EntryPoint","urlTemplate":"https:\/\/iha-race.com\/pt-pt\/?s={search_term_string}"},"query-input":{"@type":"PropertyValueSpecification","valueRequired":true,"valueName":"search_term_string"}}],"inLanguage":"pt-PT"},{"@type":"Organization","@id":"https:\/\/iha-race.com\/pt-pt\/#organization","name":"Iha Race","url":"https:\/\/iha-race.com\/pt-pt\/","logo":{"@type":"ImageObject","inLanguage":"pt-PT","@id":"https:\/\/iha-race.com\/pt-pt\/#\/schema\/logo\/image\/","url":"https:\/\/iha-race.com\/wp-content\/uploads\/2018\/07\/iha-race-drones-de-carreras-tienda-comprar-drones.png","contentUrl":"https:\/\/iha-race.com\/wp-content\/uploads\/2018\/07\/iha-race-drones-de-carreras-tienda-comprar-drones.png","width":300,"height":100,"caption":"Iha Race"},"image":{"@id":"https:\/\/iha-race.com\/pt-pt\/#\/schema\/logo\/image\/"}}]}},"jetpack_sharing_enabled":true,"brands":[],"_links":{"self":[{"href":"https:\/\/iha-race.com\/pt-pt\/wp-json\/wp\/v2\/product\/216565","targetHints":{"allow":["GET"]}}],"collection":[{"href":"https:\/\/iha-race.com\/pt-pt\/wp-json\/wp\/v2\/product"}],"about":[{"href":"https:\/\/iha-race.com\/pt-pt\/wp-json\/wp\/v2\/types\/product"}],"replies":[{"embeddable":true,"href":"https:\/\/iha-race.com\/pt-pt\/wp-json\/wp\/v2\/comments?post=216565"}],"version-history":[{"count":3,"href":"https:\/\/iha-race.com\/pt-pt\/wp-json\/wp\/v2\/product\/216565\/revisions"}],"predecessor-version":[{"id":248694,"href":"https:\/\/iha-race.com\/pt-pt\/wp-json\/wp\/v2\/product\/216565\/revisions\/248694"}],"wp:featuredmedia":[{"embeddable":true,"href":"https:\/\/iha-race.com\/pt-pt\/wp-json\/wp\/v2\/media\/216552"}],"wp:attachment":[{"href":"https:\/\/iha-race.com\/pt-pt\/wp-json\/wp\/v2\/media?parent=216565"}],"wp:term":[{"taxonomy":"pwb-brand","embeddable":true,"href":"https:\/\/iha-race.com\/pt-pt\/wp-json\/wp\/v2\/pwb-brand?post=216565"},{"taxonomy":"product_cat","embeddable":true,"href":"https:\/\/iha-race.com\/pt-pt\/wp-json\/wp\/v2\/product_cat?post=216565"},{"taxonomy":"product_tag","embeddable":true,"href":"https:\/\/iha-race.com\/pt-pt\/wp-json\/wp\/v2\/product_tag?post=216565"}],"curies":[{"name":"wp","href":"https:\/\/api.w.org\/{rel}","templated":true}]}}