{"id":216206,"date":"2023-01-25T18:35:04","date_gmt":"2023-01-25T17:35:04","guid":{"rendered":"https:\/\/iha-race.com\/producto\/dji-mini-3-dji-rc\/"},"modified":"2023-01-26T18:21:40","modified_gmt":"2023-01-26T17:21:40","slug":"dji-mini-3-dji-rc","status":"publish","type":"product","link":"https:\/\/iha-race.com\/pt-pt\/produto\/dji-mini-3-dji-rc\/","title":{"rendered":"DJI Mini 3 (DJI RC)"},"content":{"rendered":"<h1>DJI Mini 3 (DJI RC)<\/h1>\n<p><img decoding=\"async\" src=\"https:\/\/djiarsmadrid.com\/img\/cms\/Mini%203\/1920_750.png\" alt=\"1920_750.png\"><\/p>\n<h3><b><strong>Tocar o c\u00e9u<\/strong><\/b><\/h3>\n<ul style=\"font-weight: 400;\">\n<li>Menos de 249 g<\/li>\n<li>Aumento da dura\u00e7\u00e3o da bateria<\/li>\n<li>V\u00eddeo HDR 4K<\/li>\n<li>Registo vertical<\/li>\n<li>Fun\u00e7\u00f5es inteligentes<\/li>\n<li>Resist\u00eancia ao vento de 38 km\/h (n\u00edvel 5)<\/li>\n<\/ul>\n<p><img decoding=\"async\" src=\"https:\/\/djiarsmadrid.com\/img\/cms\/Mini%203\/Producto\/1.jpg\" alt=\"1\"><img decoding=\"async\" src=\"https:\/\/djiarsmadrid.com\/img\/cms\/Mini%203\/Producto\/2.jpg\" alt=\"\"><\/p>\n<h3 style=\"font-weight: 400;\"><b><strong>Acima da norma<\/strong><\/b><\/h3>\n<p><img decoding=\"async\" src=\"https:\/\/djiarsmadrid.com\/img\/cms\/Mini%203\/Producto\/3.jpg\" alt=\"\"><\/p>\n<h3 style=\"font-weight: 400;\"><b><strong>Voos <em>longos<\/em><\/strong><\/b><\/h3>\n<p style=\"font-weight: 400;\">Esque\u00e7a a ansiedade da bateria e voe com confian\u00e7a e paz de esp\u00edrito. O DJI Mini 3 vem com a bateria de voo inteligente padr\u00e3o para oferecer um tempo m\u00e1ximo de voo de at\u00e9 38 min.<\/p>\n<p><img decoding=\"async\" src=\"https:\/\/djiarsmadrid.com\/img\/cms\/Mini%203\/Producto\/4.jpg\" alt=\"\"><\/p>\n<h3 style=\"font-weight: 400;\"><b><strong>Transforme a sua imagina\u00e7\u00e3o em imagens n\u00edtidas<\/strong><\/b><\/h3>\n<h4 style=\"font-weight: 400;\"><b><strong>Fa\u00e7a as cores voar<\/strong><\/b><\/h4>\n<p style=\"font-weight: 400;\">Gravar v\u00eddeos 4K HDR impressionantes com cores reais tanto de dia como de noite. <sup>[3]<\/sup> A c\u00e2mara Mavic 3 est\u00e1 equipada com um sensor CMOS de 1\/1,3 polegadas com dupla tecnologia ISO nativa e tecnologia HDR a n\u00edvel de chip.<\/p>\n<p style=\"font-weight: 400;\">Durante o dia, capta detalhes em destaques e sombras para resultados visuais matizados com maior profundidade.<\/p>\n<p style=\"font-weight: 400;\">Ainda captura com clareza e brilhantismo, mesmo depois de escurecer.<\/p>\n<h4 style=\"font-weight: 400;\"><b><strong>Est\u00e1 tudo nos detalhes<\/strong><\/b><\/h4>\n<p style=\"font-weight: 400;\">A abertura da c\u00e2mara f\/1.7 e maiores 4 em 1 pixels de 2.4 \u03bcm gravam detalhes mais n\u00edtidos e produzem imagens excepcionais mesmo em situa\u00e7\u00f5es de fraca luminosidade. E com um zoom de 4x pode explorar mais e planear as suas filmagens antes de disparar.<\/p>\n<h4 style=\"font-weight: 400;\"><b><strong>Verdadeiramente vertical<\/strong><\/b><\/h4>\n<p style=\"font-weight: 400;\">Quer seja uma \u00e1rvore exuberante e imponente ou um arranha-c\u00e9us imponente, pode compor esteticamente os seus disparos e mant\u00ea-los todos na moldura. Um desenho inovador do estabilizador permite que a c\u00e2mara se incline em \u00e2ngulos largos. Com uma r\u00e1pida mudan\u00e7a para a Grava\u00e7\u00e3o Vertical, um disparo casual torna-se uma verdadeira obra de arte, pronta a ser partilhada nas redes sociais.<\/p>\n<p><img decoding=\"async\" src=\"https:\/\/djiarsmadrid.com\/img\/cms\/Mini%203\/Producto\/7.jpg\" alt=\"\"><\/p>\n<h4 style=\"font-weight: 400;\"><b><strong>Impacto m\u00e1ximo, esfor\u00e7o m\u00ednimo<\/strong><\/b><\/h4>\n<p style=\"font-weight: 400;\">Obtenha disparos de n\u00edvel avan\u00e7ado em apenas alguns segundos pressionando QuickShots, tais como Dronie, Orbit, Spiral, Rocket e Boomerang.<\/p>\n<p style=\"font-weight: 400;\">Pode enviar os resultados para o seu dispositivo m\u00f3vel para os guardar ou partilhar rapidamente com o QuickTransfer.<\/p>\n<p><img decoding=\"async\" src=\"https:\/\/djiarsmadrid.com\/img\/cms\/Mini%203\/Producto\/8.jpg\" alt=\"8\"><\/p>\n<p style=\"font-weight: 400;\"><b><strong>Livre como o vento<\/strong><\/b><\/p>\n<p style=\"font-weight: 400;\">Quer filmar em costas ventosas ou em vales ventosos? N\u00e3o h\u00e1 problema. O DJI Mini 3 voa suavemente e de forma est\u00e1vel com ventos de at\u00e9 10,7 m\/s. E, com a transmiss\u00e3o de v\u00eddeo digital DJI O2, desfruta de um alcance de 10 km <sup>[4]<\/sup> e de uma poderosa capacidade anti-empastelamento.<\/p>\n<p>&nbsp;<\/p>\n<p><img decoding=\"async\" src=\"https:\/\/djiarsmadrid.com\/img\/cms\/Mini%203\/Producto\/10.jpg\" alt=\"10\"><\/p>\n<h3 style=\"font-weight: 400;\"><b><strong>Desfrute da vista<\/strong><\/b><\/h3>\n<p><img decoding=\"async\" src=\"https:\/\/djiarsmadrid.com\/img\/cms\/Mini%203\/Producto\/12.jpg\" alt=\"\"><\/p>\n<h3 style=\"font-weight: 400;\"><b><strong>\u00c9 tudo t\u00e3o simples<\/strong><\/b><\/h3>\n<p style=\"font-weight: 400;\">Voar \u00e9 mais f\u00e1cil do que pensa, e o DJI Mini 3 vem com uma s\u00e9rie de caracter\u00edsticas inteligentes para o ajudar a come\u00e7ar mais cedo e n\u00e3o mais tarde.<\/p>\n<ul>\n<li style=\"font-weight: 400;\">A fun\u00e7\u00e3o de descolagem autom\u00e1tica ajuda-o a iniciar a sua viagem pelo ar.<\/li>\n<li style=\"font-weight: 400;\">A fun\u00e7\u00e3o Return to Point of Origin (RPO) inclui RPO inteligente, RPO de Bateria Baixa e RPO de Seguran\u00e7a. Esta fun\u00e7\u00e3o instrui a aeronave a regressar automaticamente ao ponto de origem em situa\u00e7\u00f5es como perda de sinal ou bateria fraca.<\/li>\n<li style=\"font-weight: 400;\">A aeronave combina o GNSS com o sistema de vis\u00e3o inferior e o sistema de detec\u00e7\u00e3o de infravermelhos para manter o v\u00f4o est\u00e1vel e preciso, para que possa voar com confian\u00e7a.<\/li>\n<\/ul>\n<h3 style=\"font-weight: 400;\"><b><br \/>\n  <strong>Kit de ferramentas para soltar a sua criatividade &#8211; <\/strong><br \/>\n<\/b><b><br \/>\n  <strong>Acess\u00f3rios feitos para o Mini<\/strong><br \/>\n<\/b><\/h3>\n<ol>\n<li style=\"font-weight: 400;\"><b><strong> DJI RC<\/strong><\/b><\/li>\n<\/ol>\n<p style=\"font-weight: 400;\">Um controlo remoto leve e f\u00e1cil de usar com um visor integrado. Gra\u00e7as \u00e0 aplica\u00e7\u00e3o integrada DJI Fly, est\u00e1 pronta a ser utilizada sem necessidade de liga\u00e7\u00e3o a um smartphone, para que possa descolar imediatamente e desfrutar de mais fotografia a\u00e9rea.<\/p>\n<ol start=\"2\">\n<li style=\"font-weight: 400;\"><b><strong>  Bateria de voo inteligente<\/strong><\/b><\/li>\n<\/ol>\n<p style=\"font-weight: 400;\">Garantem um voo suave e despreocupado. A bateria de voo inteligente padr\u00e3o tem uma dura\u00e7\u00e3o m\u00e1xima de 38 minutos.<\/p>\n<ol start=\"3\">\n<li style=\"font-weight: 400;\"><b><strong>  Centro de carga bidireccional<\/strong><\/b><\/li>\n<\/ol>\n<p style=\"font-weight: 400;\">Carregar o controlo remoto e tr\u00eas baterias em sequ\u00eancia. Al\u00e9m disso, serve como fonte de alimenta\u00e7\u00e3o m\u00f3vel e permite que as baterias sejam armazenadas para um transporte conveniente.<\/p>\n<ol start=\"4\">\n<li style=\"font-weight: 400;\"><b><strong>  Conjunto de filtros ND<\/strong><\/b><\/li>\n<\/ol>\n<p style=\"font-weight: 400;\">Adaptar a c\u00e2mara Mini 3 \u00e0 ilumina\u00e7\u00e3o intensa com filtros ND16\/64\/256 para estar sempre pronta para a fotografia perfeita.<\/p>\n<ol start=\"5\">\n<li style=\"font-weight: 400;\"><b><strong>  Protec\u00e7\u00e3o da h\u00e9lice 360<\/strong><\/b><\/li>\n<\/ol>\n<p style=\"font-weight: 400;\">Protege totalmente as h\u00e9lices e \u00e9 f\u00e1cil de fixar e descolar, para garantir a seguran\u00e7a de voo de uma forma simples e eficiente.<\/p>\n<ol start=\"6\">\n<li style=\"font-weight: 400;\"><b><strong>  Fixa\u00e7\u00e3o da h\u00e9lice<\/strong><\/b><\/li>\n<\/ol>\n<p style=\"font-weight: 400;\">Fixa as h\u00e9lices dianteiras e traseiras quando o avi\u00e3o \u00e9 dobrado para um conveniente armazenamento. Basta atir\u00e1-la para dentro da mochila e p\u00f4r-se a andar.<\/p>\n<p>&nbsp;<\/p>\n<h3>O pacote inclui<\/h3>\n<p>&nbsp;<\/p>\n<p><img decoding=\"async\" src=\"https:\/\/djiarsmadrid.com\/img\/cms\/Mini%203\/combos\/DJI%20RC\/6941565949912%20-%208.jpg\" alt=\"6941565949912_-_7\"><\/p>\n<p>&nbsp;<\/p>\n<p style=\"font-weight: 400;\"><strong><em>* Antes de voar, verifique sempre as leis e regulamentos locais e cumpra-os a qualquer momento.<\/em><\/strong><\/p>\n<p style=\"font-weight: 400;\"><strong><em>** Testado com um modelo de produ\u00e7\u00e3o DJI Mini 3 num ambiente controlado. A experi\u00eancia real pode variar dependendo do ambiente, utiliza\u00e7\u00e3o e vers\u00e3o do firmware.<\/em><\/strong><\/p>\n<p style=\"font-weight: 400;\"><strong><em>*** Todos os v\u00eddeos e fotografias desta p\u00e1gina foram gravados em estrita conformidade com as leis e regulamentos locais.<\/em><\/strong><\/p>\n<p style=\"font-weight: 400;\"><strong><em>**** O DJI Mini 3 deve ser activado atrav\u00e9s da aplica\u00e7\u00e3o DJI Fly antes de ser utilizado.<\/em><\/strong><\/p>\n<ol>\n<li style=\"font-weight: 400;\"><em>Peso padr\u00e3o da aeronave (incluindo bateria de voo inteligente, h\u00e9lices e um cart\u00e3o microSD). O peso real do produto pode variar devido a diferen\u00e7as nos materiais dos lotes e a factores externos. Em alguns pa\u00edses e regi\u00f5es, n\u00e3o \u00e9 necess\u00e1rio qualquer registo. Verificar sempre as leis e regulamentos locais antes de usar.<\/em><\/li>\n<li style=\"font-weight: 400;\"><em>Medido a uma velocidade constante de 21,6 km\/h e sem vento. Com a bateria de voo inteligente, a aeronave pode voar durante at\u00e9 38 min. Antes de voar, verificar sempre as leis e regulamentos locais e respeit\u00e1-los em todos os momentos.<\/em><\/li>\n<li style=\"font-weight: 400;\"><em>O v\u00eddeo HDR n\u00e3o suporta grava\u00e7\u00e3o de v\u00eddeo a mais de 30 fps.<\/em><\/li>\n<li style=\"font-weight: 400;\"><em>Em conformidade com a FCC e testado num ambiente exterior aberto e n\u00e3o-interferente.<\/em><\/li>\n<li style=\"font-weight: 400;\"><em>Os acess\u00f3rios listados s\u00e3o vendidos separadamente. A disponibilidade pode variar.<\/em><\/li>\n<\/ol>\n<p style=\"font-weight: 400;\">\n","protected":false},"excerpt":{"rendered":"<h3><span style=\"color: #ff0000;\"><strong>PR\u00c9-ENCOMENDA 60 DIAS<\/strong><\/span><\/h3>\n","protected":false},"featured_media":216186,"comment_status":"open","ping_status":"closed","template":"","meta":{"_joinchat":[]},"pwb-brand":[3567],"product_cat":[3332,3377],"product_tag":[],"class_list":{"0":"post-216206","1":"product","2":"type-product","3":"status-publish","4":"has-post-thumbnail","6":"pwb-brand-dji","7":"product_cat-dji-pt-pt","8":"product_cat-mavic-pt-pt","10":"first","11":"instock","12":"taxable","13":"shipping-taxable","14":"purchasable","15":"product-type-simple"},"barcode":null,"atum_controlled":true,"out_stock_date":null,"out_stock_threshold":null,"inheritable":false,"stock_on_hold":0,"sold_today":0,"sales_last_days":0,"out_stock_days":0,"lost_sales":0,"update_date":"2025-05-12T10:50:30","atum_locations":[],"atum_stock_status":"instock","restock_status":false,"low_stock_amount":"","sales_update_date":"2024-01-05T08:17:03","calc_backorders":null,"yoast_head":"<!-- This site is optimized with the Yoast SEO plugin v27.3 - https:\/\/yoast.com\/product\/yoast-seo-wordpress\/ -->\n<title>DJI Mini 3 (DJI RC) - Iha Race<\/title>\n<meta name=\"robots\" content=\"index, follow, max-snippet:-1, max-image-preview:large, max-video-preview:-1\" \/>\n<link rel=\"canonical\" href=\"https:\/\/iha-race.com\/pt-pt\/produto\/dji-mini-3-dji-rc\/\" \/>\n<meta property=\"og:locale\" content=\"pt_PT\" \/>\n<meta property=\"og:type\" content=\"article\" \/>\n<meta property=\"og:title\" content=\"DJI Mini 3 (DJI RC) - Iha Race\" \/>\n<meta property=\"og:description\" content=\"PR\u00c9-ENCOMENDA 60 DIAS\" \/>\n<meta property=\"og:url\" content=\"https:\/\/iha-race.com\/pt-pt\/produto\/dji-mini-3-dji-rc\/\" \/>\n<meta property=\"og:site_name\" content=\"Iha Race\" \/>\n<meta property=\"article:modified_time\" content=\"2023-01-26T17:21:40+00:00\" \/>\n<meta property=\"og:image\" content=\"https:\/\/iha-race.com\/wp-content\/uploads\/2023\/01\/Pack-DJI-Mini-3-Vuela-Mas-DJI-RC.png\" \/>\n\t<meta property=\"og:image:width\" content=\"1100\" \/>\n\t<meta property=\"og:image:height\" content=\"1422\" \/>\n\t<meta property=\"og:image:type\" content=\"image\/png\" \/>\n<meta name=\"twitter:card\" content=\"summary_large_image\" \/>\n<meta name=\"twitter:label1\" content=\"Tempo estimado de leitura\" \/>\n\t<meta name=\"twitter:data1\" content=\"5 minutos\" \/>\n<script type=\"application\/ld+json\" class=\"yoast-schema-graph\">{\"@context\":\"https:\\\/\\\/schema.org\",\"@graph\":[{\"@type\":\"WebPage\",\"@id\":\"https:\\\/\\\/iha-race.com\\\/pt-pt\\\/produto\\\/dji-mini-3-dji-rc\\\/\",\"url\":\"https:\\\/\\\/iha-race.com\\\/pt-pt\\\/produto\\\/dji-mini-3-dji-rc\\\/\",\"name\":\"DJI Mini 3 (DJI RC) - Iha Race\",\"isPartOf\":{\"@id\":\"https:\\\/\\\/iha-race.com\\\/pt-pt\\\/#website\"},\"primaryImageOfPage\":{\"@id\":\"https:\\\/\\\/iha-race.com\\\/pt-pt\\\/produto\\\/dji-mini-3-dji-rc\\\/#primaryimage\"},\"image\":{\"@id\":\"https:\\\/\\\/iha-race.com\\\/pt-pt\\\/produto\\\/dji-mini-3-dji-rc\\\/#primaryimage\"},\"thumbnailUrl\":\"https:\\\/\\\/iha-race.com\\\/wp-content\\\/uploads\\\/2023\\\/01\\\/Pack-DJI-Mini-3-Vuela-Mas-DJI-RC.png\",\"datePublished\":\"2023-01-25T17:35:04+00:00\",\"dateModified\":\"2023-01-26T17:21:40+00:00\",\"breadcrumb\":{\"@id\":\"https:\\\/\\\/iha-race.com\\\/pt-pt\\\/produto\\\/dji-mini-3-dji-rc\\\/#breadcrumb\"},\"inLanguage\":\"pt-PT\",\"potentialAction\":[{\"@type\":\"ReadAction\",\"target\":[\"https:\\\/\\\/iha-race.com\\\/pt-pt\\\/produto\\\/dji-mini-3-dji-rc\\\/\"]}]},{\"@type\":\"ImageObject\",\"inLanguage\":\"pt-PT\",\"@id\":\"https:\\\/\\\/iha-race.com\\\/pt-pt\\\/produto\\\/dji-mini-3-dji-rc\\\/#primaryimage\",\"url\":\"https:\\\/\\\/iha-race.com\\\/wp-content\\\/uploads\\\/2023\\\/01\\\/Pack-DJI-Mini-3-Vuela-Mas-DJI-RC.png\",\"contentUrl\":\"https:\\\/\\\/iha-race.com\\\/wp-content\\\/uploads\\\/2023\\\/01\\\/Pack-DJI-Mini-3-Vuela-Mas-DJI-RC.png\",\"width\":1100,\"height\":1422},{\"@type\":\"BreadcrumbList\",\"@id\":\"https:\\\/\\\/iha-race.com\\\/pt-pt\\\/produto\\\/dji-mini-3-dji-rc\\\/#breadcrumb\",\"itemListElement\":[{\"@type\":\"ListItem\",\"position\":1,\"name\":\"Portada\",\"item\":\"https:\\\/\\\/iha-race.com\\\/pt-pt\\\/\"},{\"@type\":\"ListItem\",\"position\":2,\"name\":\"Shop\",\"item\":\"https:\\\/\\\/iha-race.com\\\/pt-pt\\\/shop\\\/\"},{\"@type\":\"ListItem\",\"position\":3,\"name\":\"DJI Mini 3 (DJI RC)\"}]},{\"@type\":\"WebSite\",\"@id\":\"https:\\\/\\\/iha-race.com\\\/pt-pt\\\/#website\",\"url\":\"https:\\\/\\\/iha-race.com\\\/pt-pt\\\/\",\"name\":\"Iha Race\",\"description\":\"Comprar drones de carreras FPV env\u00edos en un d\u00eda desde Espa\u00f1a\",\"publisher\":{\"@id\":\"https:\\\/\\\/iha-race.com\\\/pt-pt\\\/#organization\"},\"potentialAction\":[{\"@type\":\"SearchAction\",\"target\":{\"@type\":\"EntryPoint\",\"urlTemplate\":\"https:\\\/\\\/iha-race.com\\\/pt-pt\\\/?s={search_term_string}\"},\"query-input\":{\"@type\":\"PropertyValueSpecification\",\"valueRequired\":true,\"valueName\":\"search_term_string\"}}],\"inLanguage\":\"pt-PT\"},{\"@type\":\"Organization\",\"@id\":\"https:\\\/\\\/iha-race.com\\\/pt-pt\\\/#organization\",\"name\":\"Iha Race\",\"url\":\"https:\\\/\\\/iha-race.com\\\/pt-pt\\\/\",\"logo\":{\"@type\":\"ImageObject\",\"inLanguage\":\"pt-PT\",\"@id\":\"https:\\\/\\\/iha-race.com\\\/pt-pt\\\/#\\\/schema\\\/logo\\\/image\\\/\",\"url\":\"https:\\\/\\\/iha-race.com\\\/wp-content\\\/uploads\\\/2018\\\/07\\\/iha-race-drones-de-carreras-tienda-comprar-drones.png\",\"contentUrl\":\"https:\\\/\\\/iha-race.com\\\/wp-content\\\/uploads\\\/2018\\\/07\\\/iha-race-drones-de-carreras-tienda-comprar-drones.png\",\"width\":300,\"height\":100,\"caption\":\"Iha Race\"},\"image\":{\"@id\":\"https:\\\/\\\/iha-race.com\\\/pt-pt\\\/#\\\/schema\\\/logo\\\/image\\\/\"}}]}<\/script>\n<!-- \/ Yoast SEO plugin. -->","yoast_head_json":{"title":"DJI Mini 3 (DJI RC) - Iha Race","robots":{"index":"index","follow":"follow","max-snippet":"max-snippet:-1","max-image-preview":"max-image-preview:large","max-video-preview":"max-video-preview:-1"},"canonical":"https:\/\/iha-race.com\/pt-pt\/produto\/dji-mini-3-dji-rc\/","og_locale":"pt_PT","og_type":"article","og_title":"DJI Mini 3 (DJI RC) - Iha Race","og_description":"PR\u00c9-ENCOMENDA 60 DIAS","og_url":"https:\/\/iha-race.com\/pt-pt\/produto\/dji-mini-3-dji-rc\/","og_site_name":"Iha Race","article_modified_time":"2023-01-26T17:21:40+00:00","og_image":[{"width":1100,"height":1422,"url":"https:\/\/iha-race.com\/wp-content\/uploads\/2023\/01\/Pack-DJI-Mini-3-Vuela-Mas-DJI-RC.png","type":"image\/png"}],"twitter_card":"summary_large_image","twitter_misc":{"Tempo estimado de leitura":"5 minutos"},"schema":{"@context":"https:\/\/schema.org","@graph":[{"@type":"WebPage","@id":"https:\/\/iha-race.com\/pt-pt\/produto\/dji-mini-3-dji-rc\/","url":"https:\/\/iha-race.com\/pt-pt\/produto\/dji-mini-3-dji-rc\/","name":"DJI Mini 3 (DJI RC) - Iha Race","isPartOf":{"@id":"https:\/\/iha-race.com\/pt-pt\/#website"},"primaryImageOfPage":{"@id":"https:\/\/iha-race.com\/pt-pt\/produto\/dji-mini-3-dji-rc\/#primaryimage"},"image":{"@id":"https:\/\/iha-race.com\/pt-pt\/produto\/dji-mini-3-dji-rc\/#primaryimage"},"thumbnailUrl":"https:\/\/iha-race.com\/wp-content\/uploads\/2023\/01\/Pack-DJI-Mini-3-Vuela-Mas-DJI-RC.png","datePublished":"2023-01-25T17:35:04+00:00","dateModified":"2023-01-26T17:21:40+00:00","breadcrumb":{"@id":"https:\/\/iha-race.com\/pt-pt\/produto\/dji-mini-3-dji-rc\/#breadcrumb"},"inLanguage":"pt-PT","potentialAction":[{"@type":"ReadAction","target":["https:\/\/iha-race.com\/pt-pt\/produto\/dji-mini-3-dji-rc\/"]}]},{"@type":"ImageObject","inLanguage":"pt-PT","@id":"https:\/\/iha-race.com\/pt-pt\/produto\/dji-mini-3-dji-rc\/#primaryimage","url":"https:\/\/iha-race.com\/wp-content\/uploads\/2023\/01\/Pack-DJI-Mini-3-Vuela-Mas-DJI-RC.png","contentUrl":"https:\/\/iha-race.com\/wp-content\/uploads\/2023\/01\/Pack-DJI-Mini-3-Vuela-Mas-DJI-RC.png","width":1100,"height":1422},{"@type":"BreadcrumbList","@id":"https:\/\/iha-race.com\/pt-pt\/produto\/dji-mini-3-dji-rc\/#breadcrumb","itemListElement":[{"@type":"ListItem","position":1,"name":"Portada","item":"https:\/\/iha-race.com\/pt-pt\/"},{"@type":"ListItem","position":2,"name":"Shop","item":"https:\/\/iha-race.com\/pt-pt\/shop\/"},{"@type":"ListItem","position":3,"name":"DJI Mini 3 (DJI RC)"}]},{"@type":"WebSite","@id":"https:\/\/iha-race.com\/pt-pt\/#website","url":"https:\/\/iha-race.com\/pt-pt\/","name":"Iha Race","description":"Comprar drones de carreras FPV env\u00edos en un d\u00eda desde Espa\u00f1a","publisher":{"@id":"https:\/\/iha-race.com\/pt-pt\/#organization"},"potentialAction":[{"@type":"SearchAction","target":{"@type":"EntryPoint","urlTemplate":"https:\/\/iha-race.com\/pt-pt\/?s={search_term_string}"},"query-input":{"@type":"PropertyValueSpecification","valueRequired":true,"valueName":"search_term_string"}}],"inLanguage":"pt-PT"},{"@type":"Organization","@id":"https:\/\/iha-race.com\/pt-pt\/#organization","name":"Iha Race","url":"https:\/\/iha-race.com\/pt-pt\/","logo":{"@type":"ImageObject","inLanguage":"pt-PT","@id":"https:\/\/iha-race.com\/pt-pt\/#\/schema\/logo\/image\/","url":"https:\/\/iha-race.com\/wp-content\/uploads\/2018\/07\/iha-race-drones-de-carreras-tienda-comprar-drones.png","contentUrl":"https:\/\/iha-race.com\/wp-content\/uploads\/2018\/07\/iha-race-drones-de-carreras-tienda-comprar-drones.png","width":300,"height":100,"caption":"Iha Race"},"image":{"@id":"https:\/\/iha-race.com\/pt-pt\/#\/schema\/logo\/image\/"}}]}},"jetpack_sharing_enabled":true,"brands":[{"id":3567,"name":"DJI","slug":"dji"}],"_links":{"self":[{"href":"https:\/\/iha-race.com\/pt-pt\/wp-json\/wp\/v2\/product\/216206","targetHints":{"allow":["GET"]}}],"collection":[{"href":"https:\/\/iha-race.com\/pt-pt\/wp-json\/wp\/v2\/product"}],"about":[{"href":"https:\/\/iha-race.com\/pt-pt\/wp-json\/wp\/v2\/types\/product"}],"replies":[{"embeddable":true,"href":"https:\/\/iha-race.com\/pt-pt\/wp-json\/wp\/v2\/comments?post=216206"}],"version-history":[{"count":1,"href":"https:\/\/iha-race.com\/pt-pt\/wp-json\/wp\/v2\/product\/216206\/revisions"}],"predecessor-version":[{"id":216324,"href":"https:\/\/iha-race.com\/pt-pt\/wp-json\/wp\/v2\/product\/216206\/revisions\/216324"}],"wp:featuredmedia":[{"embeddable":true,"href":"https:\/\/iha-race.com\/pt-pt\/wp-json\/wp\/v2\/media\/216186"}],"wp:attachment":[{"href":"https:\/\/iha-race.com\/pt-pt\/wp-json\/wp\/v2\/media?parent=216206"}],"wp:term":[{"taxonomy":"pwb-brand","embeddable":true,"href":"https:\/\/iha-race.com\/pt-pt\/wp-json\/wp\/v2\/pwb-brand?post=216206"},{"taxonomy":"product_cat","embeddable":true,"href":"https:\/\/iha-race.com\/pt-pt\/wp-json\/wp\/v2\/product_cat?post=216206"},{"taxonomy":"product_tag","embeddable":true,"href":"https:\/\/iha-race.com\/pt-pt\/wp-json\/wp\/v2\/product_tag?post=216206"}],"curies":[{"name":"wp","href":"https:\/\/api.w.org\/{rel}","templated":true}]}}