{"id":216105,"date":"2023-01-25T17:14:32","date_gmt":"2023-01-25T16:14:32","guid":{"rendered":"https:\/\/iha-race.com\/producto\/dji-mavic-3-classic-rc-n1\/"},"modified":"2024-08-29T11:35:06","modified_gmt":"2024-08-29T09:35:06","slug":"dji-mavic-3-classic-rc-n1","status":"publish","type":"product","link":"https:\/\/iha-race.com\/pt-pt\/produto\/dji-mavic-3-classic-rc-n1\/","title":{"rendered":"DJI Mavic 3 Classic (RC-N1)"},"content":{"rendered":"<h1>DJI Mavic 3 Classic (RC-N1)<\/h1>\n<p style=\"font-weight: 400;\"><b><strong>Nitidez a\u00e9rea<\/strong><\/b><\/p>\n<p><img fetchpriority=\"high\" decoding=\"async\" class=\"\" src=\"https:\/\/djiarsmadrid.com\/img\/cms\/MAVIC%203%20CLASSIC\/5.png\" alt=\"5.png\" width=\"898\" height=\"503\"><\/p>\n<table style=\"font-weight: 400; height: 221px;\" width=\"961\">\n<tbody>\n<tr>\n<td width=\"167\">C\u00e2mara CMOS 4\/3 da Hasselblad<\/td>\n<td width=\"167\">V\u00eddeo HD de 5.1K<sup>[1]<\/sup><\/td>\n<td width=\"167\">46 min. de tempo m\u00e1ximo de voo<sup>[2]<\/sup><\/td>\n<\/tr>\n<tr>\n<td width=\"167\">Dete\u00e7\u00e3o omnidirecional de obst\u00e1culos<sup>[3]<\/sup><\/td>\n<td width=\"167\">Transmiss\u00e3o de v\u00eddeo HD a 15 km<sup>[4]<\/sup><\/td>\n<td width=\"167\">RPO avan\u00e7ado<\/td>\n<\/tr>\n<\/tbody>\n<\/table>\n<h3>Vis\u00e3o geral<\/h3>\n<p>  Com o seu potente desempenho de voo e a c\u00e2mara Hasselblad, o Mavic 3 Classic oferece a derradeira ess\u00eancia da produ\u00e7\u00e3o de imagens de alto n\u00edvel. Leva-o em qualquer aventura para criar trabalhos inesquec\u00edveis.  <\/p>\n<h3>C\u00e2mara Hasselblad, criada para inspirar<\/h3>\n<p style=\"font-weight: 400;\">A lend\u00e1ria marca sueca Hasselblad concebeu e construiu a c\u00e2mara a\u00e9rea L2D-20c especificamente para a s\u00e9rie Mavic 3, integrando um CMOS 4\/3 de qualidade profissional num espa\u00e7o incrivelmente compacto. Os padr\u00f5es rigorosos da Hasselblad s\u00e3o aplicados tanto ao desempenho do hardware como aos algoritmos de software para levar a qualidade de imagem a um n\u00edvel totalmente novo.<\/p>\n<table style=\"font-weight: 400; height: 298px;\" width=\"991\">\n<tbody>\n<tr>\n<td width=\"184\">20 MP Pix\u00e9is efectivos<\/td>\n<td width=\"184\">12-bit RAW 12.8 stops Gama din\u00e2mica nativa<\/td>\n<td width=\"184\">12,8 paragens Gama din\u00e2mica nativa<\/td>\n<\/tr>\n<tr>\n<td width=\"184\">f\/2.8-f\/11 Abertura ajust\u00e1vel<\/td>\n<td width=\"184\">Dist\u00e2ncia focal equivalente a 24 mm<\/td>\n<td width=\"184\">VDAF Tecnologia de focagem autom\u00e1tica de dete\u00e7\u00e3o visual<\/td>\n<\/tr>\n<\/tbody>\n<\/table>\n<p style=\"font-weight: 400;\"><b><strong>Hasselblad Solu\u00e7\u00e3o de Cor Natural Hasselblad (HNCS)<\/strong><\/b><\/p>\n<p style=\"font-weight: 400;\">Para assegurar que a Mavic 3 Classic captura cores naturais da mesma forma que outras c\u00e2maras Hasselblad, a lente L2D-20c adopta os mesmos padr\u00f5es rigorosos e tem todos os pixels sensores calibrados, com HNCS incorporado. O culminar de d\u00e9cadas de experi\u00eancia fotogr\u00e1fica proporciona cores vivas e naturais ao toque do obturador, permitindo capturar belas paisagens ou o brilho do p\u00f4r-do-sol sem a necessidade de edi\u00e7\u00e3o complicada ou predefini\u00e7\u00f5es de cor.<\/p>\n<h3>Imagens profissionais<\/h3>\n<p style=\"font-weight: 400;\"><b><strong>5.1K\/50 fps<\/strong><\/b><\/p>\n<p style=\"font-weight: 400;\">Gravar detalhes mais n\u00edtidos. A grava\u00e7\u00e3o de v\u00eddeo 4K\/60 fps \u00e9 poss\u00edvel com tecnologia de supersampling.<\/p>\n<p style=\"font-weight: 400;\"><b><strong>4K\/120 fps<\/strong><\/b><\/p>\n<p style=\"font-weight: 400;\">A alta resolu\u00e7\u00e3o e a alta taxa de fotogramas produzem facilmente v\u00eddeos HD em c\u00e2mara lenta.<sup>[1]<\/sup><\/p>\n<p style=\"font-weight: 400;\"><b><strong>10-bit D-Log<\/strong><\/b><\/p>\n<p style=\"font-weight: 400;\">Oferece grada\u00e7\u00f5es naturais de cor, mantendo mais detalhes em destaques e sombras para maior flexibilidade na edi\u00e7\u00e3o.<\/p>\n<p style=\"font-weight: 400;\"><b><strong>HLG<\/strong><\/b><\/p>\n<p style=\"font-weight: 400;\">Oferece uma gama din\u00e2mica mais ampla, adequada para uma grande variedade de dispositivos, e produz v\u00eddeo que n\u00e3o requer ajuste de cor na p\u00f3s-produ\u00e7\u00e3o.<\/p>\n<p style=\"font-weight: 400;\"><b><strong>V\u00eddeos nocturnos<\/strong><\/b><\/p>\n<p style=\"font-weight: 400;\">Este modo de v\u00eddeo optimiza a grava\u00e7\u00e3o em cen\u00e1rios de fraca luminosidade, como o nascer e p\u00f4r-do-sol, e reduz o ru\u00eddo para filmagens mais limpas.<\/p>\n<h3>Mais tempo de voo<\/h3>\n<p style=\"font-weight: 400;\">Mavic 3 Classic \u00e9 compat\u00edvel com as baterias Mavic 3 Series para oferecer 40 minutos de pausa e 46 minutos de tempo de voo<sup>[2]<\/sup>, dando-lhe mais tempo para criar e menos tempo para se preocupar com a bateria.<\/p>\n<ul>\n<li style=\"font-weight: 400;\"><b><strong>40 min. &#8211; Tempo de voo estacion\u00e1rio <\/strong><\/b>Tempo de voo estacion\u00e1rio<\/li>\n<li style=\"font-weight: 400;\"><b><strong>46 min &#8211; Tempo de voo <\/strong><\/b>Tempo de voo<\/li>\n<\/ul>\n<p>&nbsp;<\/p>\n<p><img decoding=\"async\" class=\"\" src=\"https:\/\/djiarsmadrid.com\/img\/cms\/MAVIC%203%20CLASSIC\/3.jpg\" width=\"1041\" height=\"778\"><\/p>\n<p>&nbsp;<\/p>\n<h3>Voo simplificado<\/h3>\n<h4>Detec\u00e7\u00e3o de obst\u00e1culos omni-direccionais<\/h4>\n<p style=\"font-weight: 400;\">Com APAS 5.0, Mavic 3 Classic detecta continuamente objectos em todas as direc\u00e7\u00f5es e esquiva-se<sup>[3]<\/sup> a eles r\u00e1pida e suavemente. At\u00e9 pilotos novatos podem voar com confian\u00e7a e seguran\u00e7a e criar v\u00eddeos suaves em cen\u00e1rios complexos.<\/p>\n<p style=\"font-weight: 400;\"><b><strong>Sistema de vis\u00e3o horizontal omnidireccional<\/strong><\/b><\/p>\n<ul>\n<li style=\"font-weight: 400;\"><b><strong>Sistema de vis\u00e3o inferior<\/strong><\/b><\/li>\n<li style=\"font-weight: 400;\"><b><strong>Sistema de vis\u00e3o superior<\/strong><\/b><\/li>\n<\/ul>\n<h4>Extrema precis\u00e3o<\/h4>\n<p style=\"font-weight: 400;\">O posicionamento de precis\u00e3o de dec\u00edmetro elevado torna o Mavic 3 Classic extremamente est\u00e1vel ao pairar, o que n\u00e3o s\u00f3 garante disparos mais n\u00edtidos com longos tempos de exposi\u00e7\u00e3o, mas tamb\u00e9m ajuda a gravar v\u00eddeos de timelapse mais suaves.<\/p>\n<h4>Controlo de velocidade de cruzeiro<\/h4>\n<p style=\"font-weight: 400;\">Fa\u00e7a o Mavic 3 Classic voar em qualquer direc\u00e7\u00e3o sem ter de mover continuamente os paus de controlo, o que n\u00e3o s\u00f3 facilita os voos de longa dist\u00e2ncia, como tamb\u00e9m reduz o tremor durante o controlo manual para permitir um movimento mais suave da c\u00e2mara.<\/p>\n<h4>RPO avan\u00e7ado<\/h4>\n<p style=\"font-weight: 400;\">O Mavic 3 Classic pode voar a uma altitude indicada e depois encontrar uma rota segura e eficiente de volta ao seu ponto de origem, combinando as vantagens da RPO Avan\u00e7ada e da RPO tradicional, permitindo aos utilizadores escolher a melhor op\u00e7\u00e3o com base no seu ambiente.<\/p>\n<h3>Poderosa transmiss\u00e3o de v\u00eddeo<\/h3>\n<h4>Transmiss\u00e3o O3+ e mais al\u00e9m<\/h4>\n<p style=\"font-weight: 400;\">Com uma dist\u00e2ncia de transmiss\u00e3o de at\u00e9 15km,<sup>[4]<\/sup> podes voar com tranquilidade, mais longe e de forma mais est\u00e1vel.A transmiss\u00e3o O3+ pode enviar um sinal ao vivo em 1080p\/60fps.<sup>[5]<\/sup> Isto permite que a vista da c\u00e2mara seja exibida com especifica\u00e7\u00f5es semelhantes \u00e0s que a c\u00e2mara realmente grava.Tamb\u00e9m d\u00e1 ao Mavic 3 Classic uma maior capacidade de resposta ao teu controlo.<\/p>\n<ul>\n<li style=\"font-weight: 400;\">1080p\/60 fps &#8211; <b><strong>Sinal em direto<\/strong><\/b><\/li>\n<li style=\"font-weight: 400;\">15 km &#8211;<strong> A<\/strong><b><strong>ransmiss\u00e3o<\/strong><\/b><\/li>\n<\/ul>\n<h3>Fun\u00e7\u00f5es \u00fateis para criar de forma intuitiva<\/h3>\n<table style=\"font-weight: 400; height: 268px;\" width=\"766\">\n<tbody>\n<tr>\n<td width=\"184\"><b><strong>ActiveTrack 5.0<\/strong><\/b><\/td>\n<td width=\"184\"><b><strong>MasterShots<\/strong><\/b><\/td>\n<td width=\"184\"><b><strong>QuickShots<\/strong><\/b><\/td>\n<\/tr>\n<tr>\n<td width=\"184\">Segue o alvo a partir de diferentes direc\u00e7\u00f5es para expandires a tua linguagem cinematogr\u00e1fica<sup>[1]<\/sup>.<\/td>\n<td width=\"184\">Grava e edita automaticamente para criares v\u00eddeos cinematogr\u00e1ficos.<\/td>\n<td width=\"184\">Executa automaticamente movimentos de c\u00e2mara profissionais, como Dronie, Rocket, Orbit e Spiral.<\/td>\n<\/tr>\n<\/tbody>\n<\/table>\n<table style=\"font-weight: 400; height: 255px;\" width=\"765\">\n<tbody>\n<tr>\n<td width=\"184\"><b><strong>Hyperlapse<\/strong><\/b><\/td>\n<td width=\"184\"><b><strong>Panorama<\/strong><\/b><\/td>\n<td width=\"184\"><b><strong>Transfer\u00eancia r\u00e1pida de alta velocidade<\/strong><\/b><\/td>\n<\/tr>\n<tr>\n<td width=\"184\">V\u00eddeos incr\u00edveis que captam e aceleram a passagem do tempo.<\/td>\n<td width=\"184\">Capture imagens maiores e mais detalhadas do seu ambiente com panorama.<\/td>\n<td width=\"184\">Fotos e v\u00eddeos podem ser rapidamente transferidos para um smartphone para edi\u00e7\u00e3o e partilha.<\/td>\n<\/tr>\n<\/tbody>\n<\/table>\n<h3>Ampla gama de acess\u00f3rios<\/h3>\n<h4>Conjunto de filtros DJI Mavic 3 Classic ND<\/h4>\n<p style=\"font-weight: 400;\">Filtros ND8\/16\/32\/32\/32\/64 inclu\u00eddos.<\/p>\n<h4>DJI Mavic 3 Lente grande angular cl\u00e1ssica <sup>[6] [6<\/sup><\/h4>\n<p style=\"font-weight: 400;\">Compat\u00edvel com a c\u00e2mara Hasselblad no Mavic 3 Classic para oferecer uma vis\u00e3o ultra grande angular de 108\u00b0 e captar mais em cada fotograma.<\/p>\n<h4>Carregador port\u00e1til DJI 65 W<\/h4>\n<p style=\"font-weight: 400;\">Inclui um cabo USB-C de 65W para carregar a bateria do Mavic 3 Classic. Com outra porta USB-A e um cabo de dados USB-C inclu\u00eddo na embalagem, tamb\u00e9m se pode carregar o controlo remoto ao mesmo tempo.<\/p>\n<h4>Centro de Carga de Bateria DJI Mavic 3<\/h4>\n<p style=\"font-weight: 400;\">Quando ligado a um carregador port\u00e1til ou carregador de carro de 65W, o cubo de carga da bateria pode ser alargado para carregar tr\u00eas baterias. O cubo de carga da bateria melhora a efici\u00eancia carregando as baterias em sequ\u00eancia de acordo com o seu n\u00edvel, sendo as baterias mais carregadas em primeiro lugar.<\/p>\n<h4>DJI RC Pro<\/h4>\n<p style=\"font-weight: 400;\">Com um ecr\u00e3 de 1000 l\u00eandeas, processador de alto desempenho e transmiss\u00e3o de v\u00eddeo de 15 km, DJI RC Pro \u00e9 uma escolha inigual\u00e1vel para a cria\u00e7\u00e3o profissional.<\/p>\n<h4>DJI RC<\/h4>\n<p style=\"font-weight: 400;\">DJI RC \u00e9 um comando \u00e0 dist\u00e2ncia de um drone que oferece uma experi\u00eancia excepcional ao utilizador, com um corpo leve, visor HD e bateria de dura\u00e7\u00e3o ultra longa, \u00e9 compat\u00edvel com a tecnologia de transmiss\u00e3o de v\u00eddeo DJI O3+.<\/p>\n<p style=\"font-weight: 400;\"><em>Notas:<\/em><\/p>\n<p style=\"font-weight: 400;\"><em>* Testado com um modelo de produ\u00e7\u00e3o do DJI Mavic 3 Classic num ambiente fechado, em condi\u00e7\u00f5es favor\u00e1veis e com um sinal sem fios desobstru\u00eddo. Os resultados podem variar dependendo do ambiente, m\u00e9todo de utiliza\u00e7\u00e3o e vers\u00e3o do firmware.<\/em><\/p>\n<p style=\"font-weight: 400;\"><em>** Todos os v\u00eddeos e fotografias desta p\u00e1gina foram gravados em estrito cumprimento das leis e regulamentos locais e os utilizadores devem voar sempre em estrito cumprimento das leis e regulamentos locais na sua \u00e1rea de voo.<\/em><\/p>\n<ol>\n<li style=\"font-weight: 400;\"><em>O ActiveTrack n\u00e3o est\u00e1 dispon\u00edvel em resolu\u00e7\u00f5es de v\u00eddeo superiores a 4K ou taxas de fotogramas superiores a 60 fps.<\/em><\/li>\n<li style=\"font-weight: 400;\"><em>Medido por Mavic 3 Classic voando a uma velocidade constante de 32,4 km\/h ao n\u00edvel do mar num ambiente sem vento at\u00e9 a bateria atingir 0 %.dados \u00e9 apenas para refer\u00eancia.durante o voo, preste aten\u00e7\u00e3o aos avisos de regresso \u00e0 origem na aplica\u00e7\u00e3o DJI Fly.<\/em><\/li>\n<li style=\"font-weight: 400;\"><em>N\u00c3O operar a aeronave em condi\u00e7\u00f5es meteorol\u00f3gicas adversas, incluindo velocidades do vento superiores a 12,8 m\/s, neve, chuva, nevoeiro, granizo ou rel\u00e2mpago. N\u00c3O voar a uma altitude igual ou superior a 6000 m acima do n\u00edvel do mar. N\u00c3O voar a aeronave em ambientes onde a temperatura seja inferior a -10 \u00b0C (14 \u00b0F) ou superior a 40 \u00b0C (104 \u00b0F). N\u00c3O descolar de objectos em movimento, tais como carros ou barcos.N\u00c3O descolar de objectos em movimento, tais como carros ou barcos. N\u00c3O voar perto de superf\u00edcies reflectoras, tais como \u00e1gua ou neve, ou o sistema de vis\u00e3o pode ser limitado. Se o sinal GNSS for fraco, voar a aeronave apenas em ambientes com boa ilumina\u00e7\u00e3o e visibilidade.Fontes comuns de interfer\u00eancia magn\u00e9tica ou r\u00e1dio incluem hotspots Wi-Fi, routers, dispositivos Bluetooth, linhas el\u00e9ctricas de alta tens\u00e3o, grandes esta\u00e7\u00f5es de transmiss\u00e3o el\u00e9ctrica, esta\u00e7\u00f5es de radar, esta\u00e7\u00f5es base m\u00f3veis e torres de transmiss\u00e3o.Tenha cuidado ao descolar num deserto ou numa praia, para evitar a entrada de areia na aeronave. voar a aeronave em \u00e1reas abertas. edif\u00edcios, montanhas ou \u00e1rvores podem afectar a b\u00fassola a bordo e bloquear o sinal de GPS.<\/em><\/li>\n<li style=\"font-weight: 400;\"><em>Medido num ambiente desobstru\u00eddo e sem interfer\u00eancias com um alcance m\u00e1ximo de voo de 15 km, em conformidade com os regulamentos da FCC. Os dados acima indicados mostram o alcance de comunica\u00e7\u00e3o mais distante para voos one-way e n\u00e3o-retorno para cada padr\u00e3o. Durante o voo, preste aten\u00e7\u00e3o aos avisos de retorno \u00e0 fonte na aplica\u00e7\u00e3o DJI Fly.<\/em><\/li>\n<li style=\"font-weight: 400;\"><em>Testada num ambiente exterior aberto sem interfer\u00eancias, a resolu\u00e7\u00e3o pode variar dependendo da qualidade do sinal de transmiss\u00e3o.<\/em><\/li>\n<li style=\"font-weight: 400;\"><em>Vendido separadamente.<\/em><\/li>\n<\/ol>\n","protected":false},"excerpt":{"rendered":"<p>DJI Mavic 3 Classic (RC-N1) Nitidez a\u00e9rea C\u00e2mara CMOS 4\/3 da Hasselblad V\u00eddeo HD de 5.1K[1] 46 min. de tempo m\u00e1ximo de voo[2] Dete\u00e7\u00e3o omnidirecional de obst\u00e1culos[3] Transmiss\u00e3o de v\u00eddeo<\/p>\n","protected":false},"featured_media":216089,"comment_status":"open","ping_status":"closed","template":"","meta":{"_joinchat":[]},"pwb-brand":[3567],"product_cat":[3332,3377],"product_tag":[],"class_list":{"0":"post-216105","1":"product","2":"type-product","3":"status-publish","4":"has-post-thumbnail","6":"pwb-brand-dji","7":"product_cat-dji-pt-pt","8":"product_cat-mavic-pt-pt","10":"first","11":"instock","12":"taxable","13":"shipping-taxable","14":"purchasable","15":"product-type-simple"},"barcode":null,"atum_controlled":true,"out_stock_date":null,"out_stock_threshold":null,"inheritable":false,"stock_on_hold":0,"sold_today":0,"sales_last_days":0,"out_stock_days":0,"lost_sales":0,"update_date":"2026-04-16T08:17:35","atum_locations":[],"atum_stock_status":"instock","restock_status":false,"low_stock_amount":"","sales_update_date":"2026-04-16T08:17:35","calc_backorders":null,"yoast_head":"<!-- This site is optimized with the Yoast SEO plugin v27.3 - https:\/\/yoast.com\/product\/yoast-seo-wordpress\/ -->\n<title>DJI Mavic 3 Classic (RC-N1) - Iha Race<\/title>\n<meta name=\"robots\" content=\"index, follow, max-snippet:-1, max-image-preview:large, max-video-preview:-1\" \/>\n<link rel=\"canonical\" href=\"https:\/\/iha-race.com\/pt-pt\/produto\/dji-mavic-3-classic-rc-n1\/\" \/>\n<meta property=\"og:locale\" content=\"pt_PT\" \/>\n<meta property=\"og:type\" content=\"article\" \/>\n<meta property=\"og:title\" content=\"DJI Mavic 3 Classic (RC-N1) - Iha Race\" \/>\n<meta property=\"og:description\" content=\"DJI Mavic 3 Classic (RC-N1) Nitidez a\u00e9rea C\u00e2mara CMOS 4\/3 da Hasselblad V\u00eddeo HD de 5.1K[1] 46 min. de tempo m\u00e1ximo de voo[2] Dete\u00e7\u00e3o omnidirecional de obst\u00e1culos[3] Transmiss\u00e3o de v\u00eddeo\" \/>\n<meta property=\"og:url\" content=\"https:\/\/iha-race.com\/pt-pt\/produto\/dji-mavic-3-classic-rc-n1\/\" \/>\n<meta property=\"og:site_name\" content=\"Iha Race\" \/>\n<meta property=\"article:modified_time\" content=\"2024-08-29T09:35:06+00:00\" \/>\n<meta property=\"og:image\" content=\"https:\/\/iha-race.com\/wp-content\/uploads\/2023\/01\/Mavic-3-Classic-RC-N1.png\" \/>\n\t<meta property=\"og:image:width\" content=\"800\" \/>\n\t<meta property=\"og:image:height\" content=\"800\" \/>\n\t<meta property=\"og:image:type\" content=\"image\/png\" \/>\n<meta name=\"twitter:card\" content=\"summary_large_image\" \/>\n<meta name=\"twitter:label1\" content=\"Tempo estimado de leitura\" \/>\n\t<meta name=\"twitter:data1\" content=\"8 minutos\" \/>\n<script type=\"application\/ld+json\" class=\"yoast-schema-graph\">{\"@context\":\"https:\\\/\\\/schema.org\",\"@graph\":[{\"@type\":\"WebPage\",\"@id\":\"https:\\\/\\\/iha-race.com\\\/pt-pt\\\/produto\\\/dji-mavic-3-classic-rc-n1\\\/\",\"url\":\"https:\\\/\\\/iha-race.com\\\/pt-pt\\\/produto\\\/dji-mavic-3-classic-rc-n1\\\/\",\"name\":\"DJI Mavic 3 Classic (RC-N1) - Iha Race\",\"isPartOf\":{\"@id\":\"https:\\\/\\\/iha-race.com\\\/pt-pt\\\/#website\"},\"primaryImageOfPage\":{\"@id\":\"https:\\\/\\\/iha-race.com\\\/pt-pt\\\/produto\\\/dji-mavic-3-classic-rc-n1\\\/#primaryimage\"},\"image\":{\"@id\":\"https:\\\/\\\/iha-race.com\\\/pt-pt\\\/produto\\\/dji-mavic-3-classic-rc-n1\\\/#primaryimage\"},\"thumbnailUrl\":\"https:\\\/\\\/iha-race.com\\\/wp-content\\\/uploads\\\/2023\\\/01\\\/Mavic-3-Classic-RC-N1.png\",\"datePublished\":\"2023-01-25T16:14:32+00:00\",\"dateModified\":\"2024-08-29T09:35:06+00:00\",\"breadcrumb\":{\"@id\":\"https:\\\/\\\/iha-race.com\\\/pt-pt\\\/produto\\\/dji-mavic-3-classic-rc-n1\\\/#breadcrumb\"},\"inLanguage\":\"pt-PT\",\"potentialAction\":[{\"@type\":\"ReadAction\",\"target\":[\"https:\\\/\\\/iha-race.com\\\/pt-pt\\\/produto\\\/dji-mavic-3-classic-rc-n1\\\/\"]}]},{\"@type\":\"ImageObject\",\"inLanguage\":\"pt-PT\",\"@id\":\"https:\\\/\\\/iha-race.com\\\/pt-pt\\\/produto\\\/dji-mavic-3-classic-rc-n1\\\/#primaryimage\",\"url\":\"https:\\\/\\\/iha-race.com\\\/wp-content\\\/uploads\\\/2023\\\/01\\\/Mavic-3-Classic-RC-N1.png\",\"contentUrl\":\"https:\\\/\\\/iha-race.com\\\/wp-content\\\/uploads\\\/2023\\\/01\\\/Mavic-3-Classic-RC-N1.png\",\"width\":800,\"height\":800},{\"@type\":\"BreadcrumbList\",\"@id\":\"https:\\\/\\\/iha-race.com\\\/pt-pt\\\/produto\\\/dji-mavic-3-classic-rc-n1\\\/#breadcrumb\",\"itemListElement\":[{\"@type\":\"ListItem\",\"position\":1,\"name\":\"Portada\",\"item\":\"https:\\\/\\\/iha-race.com\\\/pt-pt\\\/elementor-499\\\/\"},{\"@type\":\"ListItem\",\"position\":2,\"name\":\"Shop\",\"item\":\"https:\\\/\\\/iha-race.com\\\/pt-pt\\\/shop\\\/\"},{\"@type\":\"ListItem\",\"position\":3,\"name\":\"DJI Mavic 3 Classic (RC-N1)\"}]},{\"@type\":\"WebSite\",\"@id\":\"https:\\\/\\\/iha-race.com\\\/pt-pt\\\/#website\",\"url\":\"https:\\\/\\\/iha-race.com\\\/pt-pt\\\/\",\"name\":\"Iha Race\",\"description\":\"Comprar drones de carreras FPV env\u00edos en un d\u00eda desde Espa\u00f1a\",\"publisher\":{\"@id\":\"https:\\\/\\\/iha-race.com\\\/pt-pt\\\/#organization\"},\"potentialAction\":[{\"@type\":\"SearchAction\",\"target\":{\"@type\":\"EntryPoint\",\"urlTemplate\":\"https:\\\/\\\/iha-race.com\\\/pt-pt\\\/?s={search_term_string}\"},\"query-input\":{\"@type\":\"PropertyValueSpecification\",\"valueRequired\":true,\"valueName\":\"search_term_string\"}}],\"inLanguage\":\"pt-PT\"},{\"@type\":\"Organization\",\"@id\":\"https:\\\/\\\/iha-race.com\\\/pt-pt\\\/#organization\",\"name\":\"Iha Race\",\"url\":\"https:\\\/\\\/iha-race.com\\\/pt-pt\\\/\",\"logo\":{\"@type\":\"ImageObject\",\"inLanguage\":\"pt-PT\",\"@id\":\"https:\\\/\\\/iha-race.com\\\/pt-pt\\\/#\\\/schema\\\/logo\\\/image\\\/\",\"url\":\"https:\\\/\\\/iha-race.com\\\/wp-content\\\/uploads\\\/2018\\\/07\\\/iha-race-drones-de-carreras-tienda-comprar-drones.png\",\"contentUrl\":\"https:\\\/\\\/iha-race.com\\\/wp-content\\\/uploads\\\/2018\\\/07\\\/iha-race-drones-de-carreras-tienda-comprar-drones.png\",\"width\":300,\"height\":100,\"caption\":\"Iha Race\"},\"image\":{\"@id\":\"https:\\\/\\\/iha-race.com\\\/pt-pt\\\/#\\\/schema\\\/logo\\\/image\\\/\"}}]}<\/script>\n<!-- \/ Yoast SEO plugin. -->","yoast_head_json":{"title":"DJI Mavic 3 Classic (RC-N1) - Iha Race","robots":{"index":"index","follow":"follow","max-snippet":"max-snippet:-1","max-image-preview":"max-image-preview:large","max-video-preview":"max-video-preview:-1"},"canonical":"https:\/\/iha-race.com\/pt-pt\/produto\/dji-mavic-3-classic-rc-n1\/","og_locale":"pt_PT","og_type":"article","og_title":"DJI Mavic 3 Classic (RC-N1) - Iha Race","og_description":"DJI Mavic 3 Classic (RC-N1) Nitidez a\u00e9rea C\u00e2mara CMOS 4\/3 da Hasselblad V\u00eddeo HD de 5.1K[1] 46 min. de tempo m\u00e1ximo de voo[2] Dete\u00e7\u00e3o omnidirecional de obst\u00e1culos[3] Transmiss\u00e3o de v\u00eddeo","og_url":"https:\/\/iha-race.com\/pt-pt\/produto\/dji-mavic-3-classic-rc-n1\/","og_site_name":"Iha Race","article_modified_time":"2024-08-29T09:35:06+00:00","og_image":[{"width":800,"height":800,"url":"https:\/\/iha-race.com\/wp-content\/uploads\/2023\/01\/Mavic-3-Classic-RC-N1.png","type":"image\/png"}],"twitter_card":"summary_large_image","twitter_misc":{"Tempo estimado de leitura":"8 minutos"},"schema":{"@context":"https:\/\/schema.org","@graph":[{"@type":"WebPage","@id":"https:\/\/iha-race.com\/pt-pt\/produto\/dji-mavic-3-classic-rc-n1\/","url":"https:\/\/iha-race.com\/pt-pt\/produto\/dji-mavic-3-classic-rc-n1\/","name":"DJI Mavic 3 Classic (RC-N1) - Iha Race","isPartOf":{"@id":"https:\/\/iha-race.com\/pt-pt\/#website"},"primaryImageOfPage":{"@id":"https:\/\/iha-race.com\/pt-pt\/produto\/dji-mavic-3-classic-rc-n1\/#primaryimage"},"image":{"@id":"https:\/\/iha-race.com\/pt-pt\/produto\/dji-mavic-3-classic-rc-n1\/#primaryimage"},"thumbnailUrl":"https:\/\/iha-race.com\/wp-content\/uploads\/2023\/01\/Mavic-3-Classic-RC-N1.png","datePublished":"2023-01-25T16:14:32+00:00","dateModified":"2024-08-29T09:35:06+00:00","breadcrumb":{"@id":"https:\/\/iha-race.com\/pt-pt\/produto\/dji-mavic-3-classic-rc-n1\/#breadcrumb"},"inLanguage":"pt-PT","potentialAction":[{"@type":"ReadAction","target":["https:\/\/iha-race.com\/pt-pt\/produto\/dji-mavic-3-classic-rc-n1\/"]}]},{"@type":"ImageObject","inLanguage":"pt-PT","@id":"https:\/\/iha-race.com\/pt-pt\/produto\/dji-mavic-3-classic-rc-n1\/#primaryimage","url":"https:\/\/iha-race.com\/wp-content\/uploads\/2023\/01\/Mavic-3-Classic-RC-N1.png","contentUrl":"https:\/\/iha-race.com\/wp-content\/uploads\/2023\/01\/Mavic-3-Classic-RC-N1.png","width":800,"height":800},{"@type":"BreadcrumbList","@id":"https:\/\/iha-race.com\/pt-pt\/produto\/dji-mavic-3-classic-rc-n1\/#breadcrumb","itemListElement":[{"@type":"ListItem","position":1,"name":"Portada","item":"https:\/\/iha-race.com\/pt-pt\/elementor-499\/"},{"@type":"ListItem","position":2,"name":"Shop","item":"https:\/\/iha-race.com\/pt-pt\/shop\/"},{"@type":"ListItem","position":3,"name":"DJI Mavic 3 Classic (RC-N1)"}]},{"@type":"WebSite","@id":"https:\/\/iha-race.com\/pt-pt\/#website","url":"https:\/\/iha-race.com\/pt-pt\/","name":"Iha Race","description":"Comprar drones de carreras FPV env\u00edos en un d\u00eda desde Espa\u00f1a","publisher":{"@id":"https:\/\/iha-race.com\/pt-pt\/#organization"},"potentialAction":[{"@type":"SearchAction","target":{"@type":"EntryPoint","urlTemplate":"https:\/\/iha-race.com\/pt-pt\/?s={search_term_string}"},"query-input":{"@type":"PropertyValueSpecification","valueRequired":true,"valueName":"search_term_string"}}],"inLanguage":"pt-PT"},{"@type":"Organization","@id":"https:\/\/iha-race.com\/pt-pt\/#organization","name":"Iha Race","url":"https:\/\/iha-race.com\/pt-pt\/","logo":{"@type":"ImageObject","inLanguage":"pt-PT","@id":"https:\/\/iha-race.com\/pt-pt\/#\/schema\/logo\/image\/","url":"https:\/\/iha-race.com\/wp-content\/uploads\/2018\/07\/iha-race-drones-de-carreras-tienda-comprar-drones.png","contentUrl":"https:\/\/iha-race.com\/wp-content\/uploads\/2018\/07\/iha-race-drones-de-carreras-tienda-comprar-drones.png","width":300,"height":100,"caption":"Iha Race"},"image":{"@id":"https:\/\/iha-race.com\/pt-pt\/#\/schema\/logo\/image\/"}}]}},"brands":[{"id":3567,"name":"DJI","slug":"dji"}],"_links":{"self":[{"href":"https:\/\/iha-race.com\/pt-pt\/wp-json\/wp\/v2\/product\/216105","targetHints":{"allow":["GET"]}}],"collection":[{"href":"https:\/\/iha-race.com\/pt-pt\/wp-json\/wp\/v2\/product"}],"about":[{"href":"https:\/\/iha-race.com\/pt-pt\/wp-json\/wp\/v2\/types\/product"}],"replies":[{"embeddable":true,"href":"https:\/\/iha-race.com\/pt-pt\/wp-json\/wp\/v2\/comments?post=216105"}],"version-history":[{"count":3,"href":"https:\/\/iha-race.com\/pt-pt\/wp-json\/wp\/v2\/product\/216105\/revisions"}],"predecessor-version":[{"id":248889,"href":"https:\/\/iha-race.com\/pt-pt\/wp-json\/wp\/v2\/product\/216105\/revisions\/248889"}],"wp:featuredmedia":[{"embeddable":true,"href":"https:\/\/iha-race.com\/pt-pt\/wp-json\/wp\/v2\/media\/216089"}],"wp:attachment":[{"href":"https:\/\/iha-race.com\/pt-pt\/wp-json\/wp\/v2\/media?parent=216105"}],"wp:term":[{"taxonomy":"pwb-brand","embeddable":true,"href":"https:\/\/iha-race.com\/pt-pt\/wp-json\/wp\/v2\/pwb-brand?post=216105"},{"taxonomy":"product_cat","embeddable":true,"href":"https:\/\/iha-race.com\/pt-pt\/wp-json\/wp\/v2\/product_cat?post=216105"},{"taxonomy":"product_tag","embeddable":true,"href":"https:\/\/iha-race.com\/pt-pt\/wp-json\/wp\/v2\/product_tag?post=216105"}],"curies":[{"name":"wp","href":"https:\/\/api.w.org\/{rel}","templated":true}]}}