{"id":215812,"date":"2023-01-20T16:41:35","date_gmt":"2023-01-20T15:41:35","guid":{"rendered":"https:\/\/iha-race.com\/producto\/camara-de-accao-de-nogueira-caddx\/"},"modified":"2024-08-29T11:34:22","modified_gmt":"2024-08-29T09:34:22","slug":"caddx-action-chamber-walnut","status":"publish","type":"product","link":"https:\/\/iha-race.com\/pt-pt\/produto\/caddx-action-chamber-walnut\/","title":{"rendered":"C\u00e2mara de ac\u00e7\u00e3o de nogueira Caddx"},"content":{"rendered":"<h1>C\u00e2mara de ac\u00e7\u00e3o de nogueira Caddx<\/h1>\n<p>&nbsp;<\/p>\n<div class=\"c-accordion__header-icons\"><\/div>\n<div id=\"c-accordion__panel--efe0d88a-d707-4bb1-add8-cbbb8e054990\" class=\"c-accordion__panel is-active c-accordion__panel--efe0d88a-d707-4bb1-add8-cbbb8e054990 c-accordion__panel--\" data-parent=\"#c-accordion--efe0d88a-d707-4bb1-add8-cbbb8e054990\">\n<div class=\"c-accordion__inner\">\n<p><img decoding=\"async\" style=\"float: none;\" src=\"https:\/\/cdn.shopify.com\/s\/files\/1\/0036\/3921\/4169\/files\/01_be2b3ebe-ec4a-42c2-8e5a-2fe3b72b788e.jpg?v=1669109205\" alt=\"\"><\/p>\n<div style=\"text-align: center;\"><\/div>\n<div style=\"text-align: center;\"><\/div>\n<div style=\"text-align: center;\"><\/div>\n<div style=\"text-align: center;\"><\/div>\n<div style=\"text-align: center;\"><\/div>\n<div style=\"text-align: center;\"><strong>Caracter\u00edsticas do produto:<\/strong><\/div>\n<div style=\"text-align: center;\">4K\/60 fps, 62,8 g, 30 minutos, Gyroflow, carga magn\u00e9tica, filtro ND, controlo remoto, 38*38*36 mm, IP64<\/div>\n<div style=\"text-align: center;\"><\/div>\n<div style=\"text-align: center;\"><\/div>\n<div style=\"text-align: center;\"><img decoding=\"async\" style=\"float: none;\" src=\"https:\/\/cdn.shopify.com\/s\/files\/1\/0036\/3921\/4169\/files\/02_a4f5abb4-1cf0-4f6f-9119-83a4f7ab1f02.jpg?v=1669109241\"><\/div>\n<div style=\"text-align: center;\"><\/div>\n<div style=\"text-align: center;\"><\/div>\n<div style=\"text-align: center;\"><\/div>\n<div style=\"text-align: center;\"><\/div>\n<div style=\"text-align: center;\"><\/div>\n<div style=\"text-align: center;\"><\/div>\n<div style=\"text-align: center;\"><\/div>\n<div><\/div>\n<div><\/div>\n<div style=\"text-align: center;\"><\/div>\n<div style=\"text-align: center;\"><\/div>\n<div style=\"text-align: center;\"><\/div>\n<div style=\"text-align: center;\"><\/div>\n<div style=\"text-align: center;\"><\/div>\n<div style=\"text-align: center;\"><\/div>\n<div style=\"text-align: center;\"><\/div>\n<div style=\"text-align: center;\"><strong>Alta qualidade de imagem<\/strong> Compat\u00edvel com resolu\u00e7\u00e3o 4K\/60fps, 2,7K\/60fps@30fps, taxa de bits at\u00e9 100mbps, leva as tuas imagens para o pr\u00f3ximo n\u00edvel.<\/div>\n<div style=\"text-align: center;\"><img decoding=\"async\" style=\"float: none;\" src=\"https:\/\/cdn.shopify.com\/s\/files\/1\/0036\/3921\/4169\/files\/1_7af79f13-9e4d-40c8-a06c-a5bd13f03358.jpg?v=1669107717\" alt=\"\"><\/div>\n<p style=\"text-align: center;\"><strong>62,8g Leve<\/strong> A Nut pesa apenas 62,8g, o que \u00e9 mais leve do que a maioria das c\u00e2maras de a\u00e7\u00e3o 4K\/60fps no mercado.<img decoding=\"async\" style=\"float: none;\" src=\"https:\/\/cdn.shopify.com\/s\/files\/1\/0036\/3921\/4169\/files\/2_68519981-41aa-4521-ad52-57555027a68d.jpg?v=1669107722\" alt=\"\"><\/p>\n<p style=\"text-align: center;\"><strong>Bateria incorporada de 600mAh Carregamento magn\u00e9tico <\/strong><strong>Bateria incorporada de 600mAh <\/strong>, tempo de grava\u00e7\u00e3o at\u00e9 30 minutos em resolu\u00e7\u00e3o 4K.<br \/>\nAl\u00e9m disso, inclui um carregador magn\u00e9tico especial para FPV, para que n\u00e3o tenhas de te preocupar com a energia durante as filmagens, o carregamento magn\u00e9tico tamb\u00e9m pode ser utilizado para transferir ficheiros. <img decoding=\"async\" src=\"https:\/\/cdn.shopify.com\/s\/files\/1\/0036\/3921\/4169\/files\/6_4a490894-9762-4263-99e8-07cb9d33fded.jpg?v=1670049266\" alt=\"\"><\/p>\n<p style=\"text-align: center;\"> <strong>Compat\u00edvel com Gyroflow <\/strong><strong>+ ElS<\/strong> Walnut integrado com EIS integrado e compat\u00edvel com Gyroflow, proporciona-te uma qualidade de v\u00eddeo suave e estabilizada.<img decoding=\"async\" src=\"https:\/\/cdn.shopify.com\/s\/files\/1\/0036\/3921\/4169\/files\/16_a129dd81-409d-4255-b4d1-78ece62e4d55.jpg?v=1669290272\" alt=\"\"><\/p>\n<p style=\"text-align: center;\"><strong>Filtros ND e ND<\/strong> substitu\u00edveis com rosca Filtros ND8 e ND16 substitu\u00edveis, f\u00e1ceis de instalar, podem proteger eficazmente a objetiva e proporcionar uma imagem cinematogr\u00e1fica<img decoding=\"async\" style=\"float: none;\" src=\"https:\/\/cdn.shopify.com\/s\/files\/1\/0036\/3921\/4169\/files\/5_758d541e-5897-4527-8691-a9bd8ba1e732.jpg?v=1669107740\" alt=\"\"><\/p>\n<div style=\"text-align: center;\"><strong>Super HDR<\/strong><\/div>\n<div style=\"text-align: center;\">Walnut utiliza um sensor HDR de 1\/2,3 polegadas que pode fornecer uma gama din\u00e2mica elevada e manter mais detalhes tanto nos destaques como nas sombras.  <img decoding=\"async\" style=\"float: none;\" src=\"https:\/\/cdn.shopify.com\/s\/files\/1\/0036\/3921\/4169\/files\/63892BC7-4474-49fb-8FD7-E94989AB3882.png?v=1669292608\" alt=\"\"><\/div>\n<p style=\"text-align: center;\"><strong>FOV amplo de 150\u00b0, <\/strong>sem distor\u00e7\u00e3o Walnut utiliza uma lente 8g de distor\u00e7\u00e3o ultra-baixa para reduzir o estiramento, proporciona um FOV amplo de 150\u00b0 e oferece-te filmagens mais naturais e realistas.<img decoding=\"async\" src=\"https:\/\/cdn.shopify.com\/s\/files\/1\/0036\/3921\/4169\/files\/3_2_33e2cd1e-ce1b-4c93-98c8-ab4492bcb8f8.jpg?v=1669285510\" alt=\"\"><\/p>\n<p style=\"text-align: center;\"><img decoding=\"async\" src=\"https:\/\/cdn.shopify.com\/s\/files\/1\/0036\/3921\/4169\/files\/02_f33d2990-7843-4816-b267-d41c316e1228.jpg?v=1669286380\" alt=\"\"><\/p>\n<p style=\"text-align: center;\">A <strong>dimens\u00e3o<\/strong> da noz 38 mm x 38 mm x 36 mm com uma dimens\u00e3o de 38 mm x 38 mm x 36 mm, vem com um suporte de montagem robusto e \u00e9 compat\u00edvel com a base de montagem existente no mercado.<img decoding=\"async\" src=\"https:\/\/cdn.shopify.com\/s\/files\/1\/0036\/3921\/4169\/files\/6_348401cc-656e-45d4-a75f-c7c219121d1c.jpg?v=1669107746\" alt=\"\"><\/p>\n<div style=\"text-align: center;\">A linha de sinal KEY pode controlar remotamente a c\u00e2mara atrav\u00e9s do controlo de voo,<\/div>\n<div style=\"text-align: center;\">por favor leia as precau\u00e7\u00f5es relevantes<img decoding=\"async\" style=\"float: none;\" src=\"https:\/\/cdn.shopify.com\/s\/files\/1\/0036\/3921\/4169\/files\/7_d83dffc0-d1a8-4525-a031-593637cb10a5.jpg?v=1669107751\" alt=\"\"><\/div>\n<div style=\"text-align: center;\"><\/div>\n<div style=\"text-align: center;\"><\/div>\n<div style=\"text-align: center;\"><\/div>\n<div style=\"text-align: center;\">Tamanho do produto<img decoding=\"async\" style=\"float: none;\" src=\"https:\/\/cdn.shopify.com\/s\/files\/1\/0036\/3921\/4169\/files\/8_74d94f53-4202-4b75-9097-7659530e83d3.jpg?v=1669107756\" alt=\"\"><\/div>\n<table width=\"100%\">\n<tbody>\n<tr>\n<td><strong>Especifica\u00e7\u00e3o<\/strong><\/td>\n<td><\/td>\n<\/tr>\n<tr>\n<td>Modelo<\/td>\n<td>CADDX Nogueira<\/td>\n<\/tr>\n<tr>\n<td>Sensor de imagem<\/td>\n<td>Sensor HDR de 1\/2,3<\/td>\n<\/tr>\n<tr>\n<td>Resolu\u00e7\u00e3o principal<\/td>\n<td>4K\/60fps,4K\/30fps(4\/3),2,7K\/60fps(4\/3),2,7K\/30fps(4\/3), 1440P\/60fps,1080p\/120fps.<\/td>\n<\/tr>\n<tr>\n<td>Dimens\u00e3o<\/td>\n<td>38mm*38mm*36mm<\/td>\n<\/tr>\n<tr>\n<td>Peso<\/td>\n<td>62,8g<\/td>\n<\/tr>\n<tr>\n<td>campo de vis\u00e3o<\/td>\n<td>150\u00b0<\/td>\n<\/tr>\n<tr>\n<td>Wifi<\/td>\n<td>Suporta<\/td>\n<\/tr>\n<tr>\n<td>Formato do ficheiro de v\u00eddeo<\/td>\n<td>MP4<\/td>\n<\/tr>\n<tr>\n<td>\u00c1udio<\/td>\n<td>Suporta<\/td>\n<\/tr>\n<tr>\n<td>Taxa de bits da c\u00e2mara<\/td>\n<td>Taxa de bits m\u00e1xima de 100M<\/td>\n<\/tr>\n<tr>\n<td>DIA<\/td>\n<td>Integrado\/Gyroflow<\/td>\n<\/tr>\n<tr>\n<td>Codifica\u00e7\u00e3o de v\u00eddeo<\/td>\n<td>H264<\/td>\n<\/tr>\n<tr>\n<td>L\u00edngua<\/td>\n<td>Autom\u00e1tico<\/td>\n<\/tr>\n<tr>\n<td>Roda a imagem<\/td>\n<td>Apoia<\/td>\n<\/tr>\n<tr>\n<td>Tempo de grava\u00e7\u00e3o<\/td>\n<td>M\u00e1x. 30 minutos<\/td>\n<\/tr>\n<tr>\n<td>Capacidade da bateria<\/td>\n<td>600mAh<\/td>\n<\/tr>\n<tr>\n<td>\u00c0 prova de \u00e1gua<\/td>\n<td>IP64<\/td>\n<\/tr>\n<tr>\n<td>Entrada de alimenta\u00e7\u00e3o<\/td>\n<td>Tipo-c, conetor USB magn\u00e9tico<\/td>\n<\/tr>\n<tr>\n<td>Cart\u00e3o SD<\/td>\n<td>M\u00e1x. 256G<\/td>\n<\/tr>\n<tr>\n<td><strong>Lista de embalagem<\/strong><\/td>\n<td><\/td>\n<\/tr>\n<tr>\n<td>c\u00e2mara de a\u00e7\u00e3o em nogueira<\/td>\n<td>x1<\/td>\n<\/tr>\n<tr>\n<td>Conector USB magn\u00e9tico<\/td>\n<td>x1<\/td>\n<\/tr>\n<tr>\n<td>caixa de montagem<\/td>\n<td>x1<\/td>\n<\/tr>\n<tr>\n<td>M\u00f3dulo de engrenagem 2~6S<\/td>\n<td>x1<\/td>\n<\/tr>\n<tr>\n<td>Linha de silicone de 3 pinos Sh1.25<\/td>\n<td>x1<\/td>\n<\/tr>\n<tr>\n<td>Parafusos M5<\/td>\n<td>x1<\/td>\n<\/tr>\n<tr>\n<td>Cabo tipo C<\/td>\n<td>x1<\/td>\n<\/tr>\n<tr>\n<td>pano para espelho<\/td>\n<td>x1<\/td>\n<\/tr>\n<tr>\n<td>Saco de armazenamento port\u00e1til<\/td>\n<td>x1<\/td>\n<\/tr>\n<\/tbody>\n<\/table>\n<p>&nbsp;<\/p>\n<p>&nbsp;<\/p>\n<\/div>\n<\/div>\n<p>&nbsp;<\/p>\n<p>&nbsp;<\/p>\n","protected":false},"excerpt":{"rendered":"<p>C\u00e2mara de ac\u00e7\u00e3o de nogueira Caddx &nbsp; Caracter\u00edsticas do produto: 4K\/60 fps, 62,8 g, 30 minutos, Gyroflow, carga magn\u00e9tica, filtro ND, controlo remoto, 38*38*36 mm, IP64 Alta qualidade de imagem<\/p>\n","protected":false},"featured_media":215792,"comment_status":"open","ping_status":"closed","template":"","meta":{"_joinchat":[]},"pwb-brand":[],"product_cat":[2424,1168],"product_tag":[],"class_list":{"0":"post-215812","1":"product","2":"type-product","3":"status-publish","4":"has-post-thumbnail","6":"product_cat-camaras-de-gravacao","7":"product_cat-camaras-fpv","9":"first","10":"instock","11":"taxable","12":"shipping-taxable","13":"purchasable","14":"product-type-simple"},"barcode":null,"atum_controlled":true,"out_stock_date":null,"out_stock_threshold":null,"inheritable":false,"stock_on_hold":0,"sold_today":0,"sales_last_days":0,"out_stock_days":0,"lost_sales":0,"update_date":"2026-04-16T07:36:32","atum_locations":[],"atum_stock_status":"instock","restock_status":false,"low_stock_amount":"","sales_update_date":"2026-04-16T07:36:32","calc_backorders":null,"yoast_head":"<!-- This site is optimized with the Yoast SEO plugin v27.3 - https:\/\/yoast.com\/product\/yoast-seo-wordpress\/ -->\n<title>C\u00e2mara de ac\u00e7\u00e3o de nogueira Caddx - Iha Race<\/title>\n<meta name=\"robots\" content=\"index, follow, max-snippet:-1, max-image-preview:large, max-video-preview:-1\" \/>\n<link rel=\"canonical\" href=\"https:\/\/iha-race.com\/pt-pt\/produto\/caddx-action-chamber-walnut\/\" \/>\n<meta property=\"og:locale\" content=\"pt_PT\" \/>\n<meta property=\"og:type\" content=\"article\" \/>\n<meta property=\"og:title\" content=\"C\u00e2mara de ac\u00e7\u00e3o de nogueira Caddx - Iha Race\" \/>\n<meta property=\"og:description\" content=\"C\u00e2mara de ac\u00e7\u00e3o de nogueira Caddx &nbsp; Caracter\u00edsticas do produto: 4K\/60 fps, 62,8 g, 30 minutos, Gyroflow, carga magn\u00e9tica, filtro ND, controlo remoto, 38*38*36 mm, IP64 Alta qualidade de imagem\" \/>\n<meta property=\"og:url\" content=\"https:\/\/iha-race.com\/pt-pt\/produto\/caddx-action-chamber-walnut\/\" \/>\n<meta property=\"og:site_name\" content=\"Iha Race\" \/>\n<meta property=\"article:modified_time\" content=\"2024-08-29T09:34:22+00:00\" \/>\n<meta property=\"og:image\" content=\"https:\/\/iha-race.com\/wp-content\/uploads\/2023\/01\/Caddx-Walnut-Action-Camera1.webp\" \/>\n\t<meta property=\"og:image:width\" content=\"2000\" \/>\n\t<meta property=\"og:image:height\" content=\"2000\" \/>\n\t<meta property=\"og:image:type\" content=\"image\/webp\" \/>\n<meta name=\"twitter:card\" content=\"summary_large_image\" \/>\n<meta name=\"twitter:label1\" content=\"Tempo estimado de leitura\" \/>\n\t<meta name=\"twitter:data1\" content=\"2 minutos\" \/>\n<script type=\"application\/ld+json\" class=\"yoast-schema-graph\">{\"@context\":\"https:\\\/\\\/schema.org\",\"@graph\":[{\"@type\":\"WebPage\",\"@id\":\"https:\\\/\\\/iha-race.com\\\/pt-pt\\\/produto\\\/caddx-action-chamber-walnut\\\/\",\"url\":\"https:\\\/\\\/iha-race.com\\\/pt-pt\\\/produto\\\/caddx-action-chamber-walnut\\\/\",\"name\":\"C\u00e2mara de ac\u00e7\u00e3o de nogueira Caddx - Iha Race\",\"isPartOf\":{\"@id\":\"https:\\\/\\\/iha-race.com\\\/pt-pt\\\/#website\"},\"primaryImageOfPage\":{\"@id\":\"https:\\\/\\\/iha-race.com\\\/pt-pt\\\/produto\\\/caddx-action-chamber-walnut\\\/#primaryimage\"},\"image\":{\"@id\":\"https:\\\/\\\/iha-race.com\\\/pt-pt\\\/produto\\\/caddx-action-chamber-walnut\\\/#primaryimage\"},\"thumbnailUrl\":\"https:\\\/\\\/iha-race.com\\\/wp-content\\\/uploads\\\/2023\\\/01\\\/Caddx-Walnut-Action-Camera1.webp\",\"datePublished\":\"2023-01-20T15:41:35+00:00\",\"dateModified\":\"2024-08-29T09:34:22+00:00\",\"breadcrumb\":{\"@id\":\"https:\\\/\\\/iha-race.com\\\/pt-pt\\\/produto\\\/caddx-action-chamber-walnut\\\/#breadcrumb\"},\"inLanguage\":\"pt-PT\",\"potentialAction\":[{\"@type\":\"ReadAction\",\"target\":[\"https:\\\/\\\/iha-race.com\\\/pt-pt\\\/produto\\\/caddx-action-chamber-walnut\\\/\"]}]},{\"@type\":\"ImageObject\",\"inLanguage\":\"pt-PT\",\"@id\":\"https:\\\/\\\/iha-race.com\\\/pt-pt\\\/produto\\\/caddx-action-chamber-walnut\\\/#primaryimage\",\"url\":\"https:\\\/\\\/iha-race.com\\\/wp-content\\\/uploads\\\/2023\\\/01\\\/Caddx-Walnut-Action-Camera1.webp\",\"contentUrl\":\"https:\\\/\\\/iha-race.com\\\/wp-content\\\/uploads\\\/2023\\\/01\\\/Caddx-Walnut-Action-Camera1.webp\",\"width\":2000,\"height\":2000,\"caption\":\"Comprar Caddx C\u00e1mara de Acci\u00f3n Walnut\"},{\"@type\":\"BreadcrumbList\",\"@id\":\"https:\\\/\\\/iha-race.com\\\/pt-pt\\\/produto\\\/caddx-action-chamber-walnut\\\/#breadcrumb\",\"itemListElement\":[{\"@type\":\"ListItem\",\"position\":1,\"name\":\"Portada\",\"item\":\"https:\\\/\\\/iha-race.com\\\/pt-pt\\\/elementor-499\\\/\"},{\"@type\":\"ListItem\",\"position\":2,\"name\":\"Shop\",\"item\":\"https:\\\/\\\/iha-race.com\\\/pt-pt\\\/shop\\\/\"},{\"@type\":\"ListItem\",\"position\":3,\"name\":\"C\u00e2mara de ac\u00e7\u00e3o de nogueira Caddx\"}]},{\"@type\":\"WebSite\",\"@id\":\"https:\\\/\\\/iha-race.com\\\/pt-pt\\\/#website\",\"url\":\"https:\\\/\\\/iha-race.com\\\/pt-pt\\\/\",\"name\":\"Iha Race\",\"description\":\"Comprar drones de carreras FPV env\u00edos en un d\u00eda desde Espa\u00f1a\",\"publisher\":{\"@id\":\"https:\\\/\\\/iha-race.com\\\/pt-pt\\\/#organization\"},\"potentialAction\":[{\"@type\":\"SearchAction\",\"target\":{\"@type\":\"EntryPoint\",\"urlTemplate\":\"https:\\\/\\\/iha-race.com\\\/pt-pt\\\/?s={search_term_string}\"},\"query-input\":{\"@type\":\"PropertyValueSpecification\",\"valueRequired\":true,\"valueName\":\"search_term_string\"}}],\"inLanguage\":\"pt-PT\"},{\"@type\":\"Organization\",\"@id\":\"https:\\\/\\\/iha-race.com\\\/pt-pt\\\/#organization\",\"name\":\"Iha Race\",\"url\":\"https:\\\/\\\/iha-race.com\\\/pt-pt\\\/\",\"logo\":{\"@type\":\"ImageObject\",\"inLanguage\":\"pt-PT\",\"@id\":\"https:\\\/\\\/iha-race.com\\\/pt-pt\\\/#\\\/schema\\\/logo\\\/image\\\/\",\"url\":\"https:\\\/\\\/iha-race.com\\\/wp-content\\\/uploads\\\/2018\\\/07\\\/iha-race-drones-de-carreras-tienda-comprar-drones.png\",\"contentUrl\":\"https:\\\/\\\/iha-race.com\\\/wp-content\\\/uploads\\\/2018\\\/07\\\/iha-race-drones-de-carreras-tienda-comprar-drones.png\",\"width\":300,\"height\":100,\"caption\":\"Iha Race\"},\"image\":{\"@id\":\"https:\\\/\\\/iha-race.com\\\/pt-pt\\\/#\\\/schema\\\/logo\\\/image\\\/\"}}]}<\/script>\n<!-- \/ Yoast SEO plugin. -->","yoast_head_json":{"title":"C\u00e2mara de ac\u00e7\u00e3o de nogueira Caddx - Iha Race","robots":{"index":"index","follow":"follow","max-snippet":"max-snippet:-1","max-image-preview":"max-image-preview:large","max-video-preview":"max-video-preview:-1"},"canonical":"https:\/\/iha-race.com\/pt-pt\/produto\/caddx-action-chamber-walnut\/","og_locale":"pt_PT","og_type":"article","og_title":"C\u00e2mara de ac\u00e7\u00e3o de nogueira Caddx - Iha Race","og_description":"C\u00e2mara de ac\u00e7\u00e3o de nogueira Caddx &nbsp; Caracter\u00edsticas do produto: 4K\/60 fps, 62,8 g, 30 minutos, Gyroflow, carga magn\u00e9tica, filtro ND, controlo remoto, 38*38*36 mm, IP64 Alta qualidade de imagem","og_url":"https:\/\/iha-race.com\/pt-pt\/produto\/caddx-action-chamber-walnut\/","og_site_name":"Iha Race","article_modified_time":"2024-08-29T09:34:22+00:00","og_image":[{"width":2000,"height":2000,"url":"https:\/\/iha-race.com\/wp-content\/uploads\/2023\/01\/Caddx-Walnut-Action-Camera1.webp","type":"image\/webp"}],"twitter_card":"summary_large_image","twitter_misc":{"Tempo estimado de leitura":"2 minutos"},"schema":{"@context":"https:\/\/schema.org","@graph":[{"@type":"WebPage","@id":"https:\/\/iha-race.com\/pt-pt\/produto\/caddx-action-chamber-walnut\/","url":"https:\/\/iha-race.com\/pt-pt\/produto\/caddx-action-chamber-walnut\/","name":"C\u00e2mara de ac\u00e7\u00e3o de nogueira Caddx - Iha Race","isPartOf":{"@id":"https:\/\/iha-race.com\/pt-pt\/#website"},"primaryImageOfPage":{"@id":"https:\/\/iha-race.com\/pt-pt\/produto\/caddx-action-chamber-walnut\/#primaryimage"},"image":{"@id":"https:\/\/iha-race.com\/pt-pt\/produto\/caddx-action-chamber-walnut\/#primaryimage"},"thumbnailUrl":"https:\/\/iha-race.com\/wp-content\/uploads\/2023\/01\/Caddx-Walnut-Action-Camera1.webp","datePublished":"2023-01-20T15:41:35+00:00","dateModified":"2024-08-29T09:34:22+00:00","breadcrumb":{"@id":"https:\/\/iha-race.com\/pt-pt\/produto\/caddx-action-chamber-walnut\/#breadcrumb"},"inLanguage":"pt-PT","potentialAction":[{"@type":"ReadAction","target":["https:\/\/iha-race.com\/pt-pt\/produto\/caddx-action-chamber-walnut\/"]}]},{"@type":"ImageObject","inLanguage":"pt-PT","@id":"https:\/\/iha-race.com\/pt-pt\/produto\/caddx-action-chamber-walnut\/#primaryimage","url":"https:\/\/iha-race.com\/wp-content\/uploads\/2023\/01\/Caddx-Walnut-Action-Camera1.webp","contentUrl":"https:\/\/iha-race.com\/wp-content\/uploads\/2023\/01\/Caddx-Walnut-Action-Camera1.webp","width":2000,"height":2000,"caption":"Comprar Caddx C\u00e1mara de Acci\u00f3n Walnut"},{"@type":"BreadcrumbList","@id":"https:\/\/iha-race.com\/pt-pt\/produto\/caddx-action-chamber-walnut\/#breadcrumb","itemListElement":[{"@type":"ListItem","position":1,"name":"Portada","item":"https:\/\/iha-race.com\/pt-pt\/elementor-499\/"},{"@type":"ListItem","position":2,"name":"Shop","item":"https:\/\/iha-race.com\/pt-pt\/shop\/"},{"@type":"ListItem","position":3,"name":"C\u00e2mara de ac\u00e7\u00e3o de nogueira Caddx"}]},{"@type":"WebSite","@id":"https:\/\/iha-race.com\/pt-pt\/#website","url":"https:\/\/iha-race.com\/pt-pt\/","name":"Iha Race","description":"Comprar drones de carreras FPV env\u00edos en un d\u00eda desde Espa\u00f1a","publisher":{"@id":"https:\/\/iha-race.com\/pt-pt\/#organization"},"potentialAction":[{"@type":"SearchAction","target":{"@type":"EntryPoint","urlTemplate":"https:\/\/iha-race.com\/pt-pt\/?s={search_term_string}"},"query-input":{"@type":"PropertyValueSpecification","valueRequired":true,"valueName":"search_term_string"}}],"inLanguage":"pt-PT"},{"@type":"Organization","@id":"https:\/\/iha-race.com\/pt-pt\/#organization","name":"Iha Race","url":"https:\/\/iha-race.com\/pt-pt\/","logo":{"@type":"ImageObject","inLanguage":"pt-PT","@id":"https:\/\/iha-race.com\/pt-pt\/#\/schema\/logo\/image\/","url":"https:\/\/iha-race.com\/wp-content\/uploads\/2018\/07\/iha-race-drones-de-carreras-tienda-comprar-drones.png","contentUrl":"https:\/\/iha-race.com\/wp-content\/uploads\/2018\/07\/iha-race-drones-de-carreras-tienda-comprar-drones.png","width":300,"height":100,"caption":"Iha Race"},"image":{"@id":"https:\/\/iha-race.com\/pt-pt\/#\/schema\/logo\/image\/"}}]}},"brands":[],"_links":{"self":[{"href":"https:\/\/iha-race.com\/pt-pt\/wp-json\/wp\/v2\/product\/215812","targetHints":{"allow":["GET"]}}],"collection":[{"href":"https:\/\/iha-race.com\/pt-pt\/wp-json\/wp\/v2\/product"}],"about":[{"href":"https:\/\/iha-race.com\/pt-pt\/wp-json\/wp\/v2\/types\/product"}],"replies":[{"embeddable":true,"href":"https:\/\/iha-race.com\/pt-pt\/wp-json\/wp\/v2\/comments?post=215812"}],"version-history":[{"count":2,"href":"https:\/\/iha-race.com\/pt-pt\/wp-json\/wp\/v2\/product\/215812\/revisions"}],"predecessor-version":[{"id":248866,"href":"https:\/\/iha-race.com\/pt-pt\/wp-json\/wp\/v2\/product\/215812\/revisions\/248866"}],"wp:featuredmedia":[{"embeddable":true,"href":"https:\/\/iha-race.com\/pt-pt\/wp-json\/wp\/v2\/media\/215792"}],"wp:attachment":[{"href":"https:\/\/iha-race.com\/pt-pt\/wp-json\/wp\/v2\/media?parent=215812"}],"wp:term":[{"taxonomy":"pwb-brand","embeddable":true,"href":"https:\/\/iha-race.com\/pt-pt\/wp-json\/wp\/v2\/pwb-brand?post=215812"},{"taxonomy":"product_cat","embeddable":true,"href":"https:\/\/iha-race.com\/pt-pt\/wp-json\/wp\/v2\/product_cat?post=215812"},{"taxonomy":"product_tag","embeddable":true,"href":"https:\/\/iha-race.com\/pt-pt\/wp-json\/wp\/v2\/product_tag?post=215812"}],"curies":[{"name":"wp","href":"https:\/\/api.w.org\/{rel}","templated":true}]}}