{"id":215738,"date":"2023-01-19T11:55:51","date_gmt":"2023-01-19T10:55:51","guid":{"rendered":"https:\/\/iha-race.com\/producto\/kit-de-armacao-hglrc-sector-6-v3-hd-freestyle-3k-kit-de-armacao-em-fibra-de-carbono\/"},"modified":"2024-12-12T12:11:49","modified_gmt":"2024-12-12T11:11:49","slug":"frame-kit-hglrc-sector-6-v3-hd-freestyle-3k-de-fibra-carbono","status":"publish","type":"product","link":"https:\/\/iha-race.com\/pt-pt\/produto\/frame-kit-hglrc-sector-6-v3-hd-freestyle-3k-de-fibra-carbono\/","title":{"rendered":"Kit de arma\u00e7\u00e3o HGLRC Sector 6 V3 HD Freestyle 3K Kit de arma\u00e7\u00e3o em fibra de carbono"},"content":{"rendered":"<h1><span data-sheets-value=\"{\"1\":2,\"2\":\"Frame Kit HGLRC Sector 6 V3 HD Freestyle 3K de Fibra de Carbono\"}\" data-sheets-userformat=\"{\"2\":771,\"3\":{\"1\":0},\"4\":{\"1\":2,\"2\":15389148},\"11\":4,\"12\":0}\">Kit de arma\u00e7\u00e3o HGLRC Sector 6 V3 HD Freestyle 3K Kit de arma\u00e7\u00e3o em fibra de carbono<\/span><\/h1>\n<p><iframe src=\"https:\/\/www.youtube.com\/embed\/u3erGY6IZXY\" width=\"560\" height=\"315\" frameborder=\"0\" allowfullscreen=\"allowfullscreen\" data-mce-fragment=\"1\"><\/iframe><\/p>\n<p><iframe src=\"https:\/\/www.youtube.com\/embed\/Zd0nrKVFBDw\" width=\"560\" height=\"315\" frameborder=\"0\" allowfullscreen=\"allowfullscreen\" data-mce-fragment=\"1\"><\/iframe><\/p>\n<h2><strong>HGLRC Sector 5 V3 Freestyle Quadro HGLRC de 5 polegadas para FPV Racing Drone Compat\u00edvel com 5.8G VTX e DJI Air Unit<\/strong><\/h2>\n<h3><strong>N\u00e3o tens acess\u00f3rios \u00e0 vista<\/strong><\/h3>\n<p>N\u00e3o h\u00e1 mais acess\u00f3rios \u00e0 vista com o V3. Desfrute da vis\u00e3o clara de voar!<\/p>\n<h3><strong>\u00c2ngulo de montagem da c\u00e2mara ajust\u00e1vel<\/strong><\/h3>\n<p>Ajuste o \u00e2ngulo de montagem da c\u00e2mara de 25\u00b0, 30\u00b0, 35\u00b0 a 40\u00b0 de acordo com as suas necessidades.<\/p>\n<h3><strong>Ranhura para condensador para esconder o condensador e ter um aspeto mais arrumado<\/strong><\/h3>\n<p>N\u00e3o consegue encontrar o condensador no zang\u00e3o? est\u00e1 &#8220;escondido&#8221; algures \ud83d\ude42<\/p>\n<h3><strong>Uma gama completa de pe\u00e7as em TPU<\/strong><\/h3>\n<p>Todos os ficheiros STL das pe\u00e7as da TPU utilizadas neste drone estar\u00e3o dispon\u00edveis gratuitamente! Se tiver uma impressora 3D, poder\u00e1 sempre imprimir pe\u00e7as sobressalentes por si pr\u00f3prio. Consulte os arquivos <a href=\"https:\/\/www.thingiverse.com\/thing:4420924\" target=\"_blank\" rel=\"noopener\">aqui<\/a><\/p>\n<p><strong>Nota: A montagem GoPro 7 n\u00e3o est\u00e1 inclu\u00edda no pacote, mas pode imprimi-la com os ficheiros STL partilhados acima. Para a montagem da Go Pro 8, podes obter o ficheiro  <\/strong><\/p>\n<h3><strong>Pe\u00e7as recomendadas<\/strong><\/h3>\n<ul>\n<li>Controlador de voo: HGLRC Zeus F722 (o mais acess\u00edvel e fi\u00e1vel F722 FC)<\/li>\n<li>ESC: HGLRC forward 60A ESC<\/li>\n<li>Marca: HGLRC<\/li>\n<li>Modelo: Sector 5 V3 Frame Kit<\/li>\n<li>Material: fibra de carbono 3K<\/li>\n<li>Espessura da placa superior: 2 mm<\/li>\n<li>Espessura da placa inferior: 2 mm<\/li>\n<li>Espessura m\u00e9dia da placa 2 mm<\/li>\n<li>Espessura do painel lateral da c\u00e2mara: 2 mm<\/li>\n<li>Espessura do bra\u00e7o: 5 mm<\/li>\n<li>Espa\u00e7amento entre placas superior e interm\u00e9dia: 25 mm<\/li>\n<li>Furos de instala\u00e7\u00e3o: 20&#215;20 \/ 30,5&#215;30,5 mm<\/li>\n<li>Suporte da c\u00e2mara: 19&#215;19\/22&#215;22 mm<\/li>\n<li>Furos de montagem do motor: \u220516-19 (7 polegadas)<\/li>\n<\/ul>\n<h3><strong>Sector 5 V3 Moldura de 5 polegadas Freestyle<\/strong><\/h3>\n<ul>\n<li>Tipo: moldura de 5&#8243;.<\/li>\n<li>Dist\u00e2ncia entre eixos: 218mm<\/li>\n<li>Suporte da h\u00e9lice: at\u00e9 5,2 polegadas<\/li>\n<li>Tamanho total: 172,5 * 136,7 mm<\/li>\n<li>Peso: 124,2 g (excluindo TPU)<\/li>\n<li>Dist\u00e2ncia entre eixos:\n<ul>\n<li>6&#8243; \/ 260 mm<\/li>\n<li>7&#8243; \/ 290 mm<\/li>\n<\/ul>\n<\/li>\n<\/ul>\n<p>&nbsp;<\/p>\n<h3><strong>Caracter\u00edsticas<\/strong><\/h3>\n<ul>\n<li>Instala\u00e7\u00e3o de sistema de amortecimento do controlo de voo<\/li>\n<li>Gopro Universal Mount<\/li>\n<li>Apoio Gopro<\/li>\n<li>Gopro Protector de Monte fixo<\/li>\n<li>Protetor de lente Gopro com suporte para motor<\/li>\n<li>T Antena do Monte<\/li>\n<li>Montagem GPS<\/li>\n<li>SMA Antena do Monte<\/li>\n<li>Monte de Antena DJI ANT<\/li>\n<li>Montagem protectora de placa base<\/li>\n<li>Monte da Unidade de Ar DJI<\/li>\n<li>Protector de lentes da c\u00e2mara DJI FPV<\/li>\n<li>Cabo de alimenta\u00e7\u00e3o fixo<\/li>\n<li>Ranhura de montagem para montagem do condensador<\/li>\n<\/ul>\n<h3><strong>O pacote inclui<\/strong><\/h3>\n<ul>\n<li>1 placa superior de 2 mm<\/li>\n<li>1 placa inferior 2mm<\/li>\n<li>1 placa interm\u00e9dia 2mm<\/li>\n<li>4 bra\u00e7os de 5 mm<\/li>\n<li>Placa lateral de 2 mm<\/li>\n<li>2 colunas de alum\u00ednio preto M3 * 32mm<\/li>\n<li>6 colunas de alum\u00ednio preto M3 * 25 mm 3 colunas de alum\u00ednio preto M3 * 23 mm<\/li>\n<li>5x parafuso de cabe\u00e7a redonda M3*25<\/li>\n<li>4x parafuso de cabe\u00e7a redonda M3*16<\/li>\n<li>4x parafuso de cabe\u00e7a redonda M3*12<\/li>\n<li>12x parafuso de cabe\u00e7a redonda M3*8<\/li>\n<li>2x parafuso de cabe\u00e7a redonda M3*6<\/li>\n<li>1x parafuso de cabe\u00e7a redonda M2*30<\/li>\n<li>4x parafuso de cabe\u00e7a redonda M2*25<\/li>\n<li>4x parafuso de cabe\u00e7a redonda M2*12<\/li>\n<li>2x parafuso de cabe\u00e7a redonda M2*6<\/li>\n<li>2x parafuso de cabe\u00e7a redonda M2*4<\/li>\n<li>4x M2*5 coluna de nylon preta<\/li>\n<li>6x porca M3<\/li>\n<li>porca 10x M2 auto-ajust\u00e1vel<\/li>\n<li>tubo de protec\u00e7\u00e3o de antena 4x auto-ajust\u00e1vel<\/li>\n<li>12x M3*6,6 bola amortecedora<\/li>\n<li>8 bolas amortecedoras M2*6 2 abra\u00e7adeiras para cabo de 20 x cabo de bateria<\/li>\n<li>200 mm 2 abra\u00e7adeiras para cabos de bateria 20x 250 mm<\/li>\n<li>1 fita antiderrapante para<\/li>\n<li>bateria 1 montagem universal para<\/li>\n<li>Protetor de lente Gopro 1 para Gopro<\/li>\n<li>1 suporte para prote\u00e7\u00e3o do motor<\/li>\n<li>1 suporte de antena em forma de T<\/li>\n<li>1 suporte para GPS<\/li>\n<li>1 suporte de antena SMA<\/li>\n<li>1 protector de placa base<\/li>\n<li>1 suporte para unidade de ar DJI<\/li>\n<li>1 protetor de lente de c\u00e2mara DJI FPV<\/li>\n<li>1 suporte de antena DJI ANT<\/li>\n<li>1 suporte fixo para o cabo de alimenta\u00e7\u00e3o<\/li>\n<\/ul>\n<p>&nbsp;<\/p>\n<h3><strong>Pe\u00e7as recomendadas (n\u00e3o inclu\u00eddas)<\/strong><\/h3>\n<ul>\n<li>Controlador de voo: Zeus\/F4 \/F7 FC<\/li>\n<li>Motor: Aeolus 2207.5\/Aeolus 2306.5\/FD2408<\/li>\n<li>ESC: 35A-65A<\/li>\n<li>C\u00e2mara: tamanho 19&#215;19\/22x22mm<\/li>\n<li>H\u00e9lice: Setor 5 &#8211; 5 ~ 5,5 polegadas<\/li>\n<li>Bateria: 4S 1500mAh ~ 6S 1600mAh<\/li>\n<\/ul>\n<p><img decoding=\"async\" src=\"https:\/\/cdn.shopifycdn.net\/s\/files\/1\/2672\/8290\/files\/SEC5-003_687241c4-74e2-4cb1-a547-066260891a5c_1024x1024.jpg?v=1599893848\" alt=\"\"><img decoding=\"async\" src=\"https:\/\/cdn.shopifycdn.net\/s\/files\/1\/2672\/8290\/files\/SEC5-004.jpg?v=1592296752\" alt=\"\"><\/p>\n","protected":false},"excerpt":{"rendered":"<p>Kit de arma\u00e7\u00e3o HGLRC Sector 6 V3 HD Freestyle 3K Kit de arma\u00e7\u00e3o em fibra de carbono HGLRC Sector 5 V3 Freestyle Quadro HGLRC de 5 polegadas para FPV Racing<\/p>\n","protected":false},"featured_media":215751,"comment_status":"open","ping_status":"closed","template":"","meta":{"_joinchat":[]},"pwb-brand":[],"product_cat":[1458,3671,4116],"product_tag":[],"class_list":{"0":"post-215738","1":"product","2":"type-product","3":"status-publish","4":"has-post-thumbnail","6":"product_cat-fpv-drones","7":"product_cat-molduras","8":"product_cat-sexta-feira-negra-2024","10":"first","11":"instock","12":"taxable","13":"shipping-taxable","14":"purchasable","15":"product-type-simple"},"barcode":null,"atum_controlled":true,"out_stock_date":null,"out_stock_threshold":null,"inheritable":false,"stock_on_hold":0,"sold_today":0,"sales_last_days":0,"out_stock_days":0,"lost_sales":0,"update_date":"2026-04-08T16:44:46","atum_locations":[],"atum_stock_status":"instock","restock_status":false,"low_stock_amount":"","sales_update_date":"2026-03-21T11:32:14","calc_backorders":null,"yoast_head":"<!-- This site is optimized with the Yoast SEO plugin v27.3 - https:\/\/yoast.com\/product\/yoast-seo-wordpress\/ -->\n<title>Kit de arma\u00e7\u00e3o HGLRC Sector 6 V3 HD Freestyle 3K Kit de arma\u00e7\u00e3o em fibra de carbono - Iha Race<\/title>\n<meta name=\"robots\" content=\"index, follow, max-snippet:-1, max-image-preview:large, max-video-preview:-1\" \/>\n<link rel=\"canonical\" href=\"https:\/\/iha-race.com\/pt-pt\/produto\/frame-kit-hglrc-sector-6-v3-hd-freestyle-3k-de-fibra-carbono\/\" \/>\n<meta property=\"og:locale\" content=\"pt_PT\" \/>\n<meta property=\"og:type\" content=\"article\" \/>\n<meta property=\"og:title\" content=\"Kit de arma\u00e7\u00e3o HGLRC Sector 6 V3 HD Freestyle 3K Kit de arma\u00e7\u00e3o em fibra de carbono - Iha Race\" \/>\n<meta property=\"og:description\" content=\"Kit de arma\u00e7\u00e3o HGLRC Sector 6 V3 HD Freestyle 3K Kit de arma\u00e7\u00e3o em fibra de carbono HGLRC Sector 5 V3 Freestyle Quadro HGLRC de 5 polegadas para FPV Racing\" \/>\n<meta property=\"og:url\" content=\"https:\/\/iha-race.com\/pt-pt\/produto\/frame-kit-hglrc-sector-6-v3-hd-freestyle-3k-de-fibra-carbono\/\" \/>\n<meta property=\"og:site_name\" content=\"Iha Race\" \/>\n<meta property=\"article:modified_time\" content=\"2024-12-12T11:11:49+00:00\" \/>\n<meta property=\"og:image\" content=\"https:\/\/iha-race.com\/wp-content\/uploads\/2023\/01\/HGLRC-SECTOR5-V3-HD-FREESTYLE-FRAME-0.jpg\" \/>\n\t<meta property=\"og:image:width\" content=\"800\" \/>\n\t<meta property=\"og:image:height\" content=\"800\" \/>\n\t<meta property=\"og:image:type\" content=\"image\/jpeg\" \/>\n<meta name=\"twitter:card\" content=\"summary_large_image\" \/>\n<meta name=\"twitter:label1\" content=\"Tempo estimado de leitura\" \/>\n\t<meta name=\"twitter:data1\" content=\"3 minutos\" \/>\n<script type=\"application\/ld+json\" class=\"yoast-schema-graph\">{\"@context\":\"https:\\\/\\\/schema.org\",\"@graph\":[{\"@type\":\"WebPage\",\"@id\":\"https:\\\/\\\/iha-race.com\\\/pt-pt\\\/produto\\\/frame-kit-hglrc-sector-6-v3-hd-freestyle-3k-de-fibra-carbono\\\/\",\"url\":\"https:\\\/\\\/iha-race.com\\\/pt-pt\\\/produto\\\/frame-kit-hglrc-sector-6-v3-hd-freestyle-3k-de-fibra-carbono\\\/\",\"name\":\"Kit de arma\u00e7\u00e3o HGLRC Sector 6 V3 HD Freestyle 3K Kit de arma\u00e7\u00e3o em fibra de carbono - Iha Race\",\"isPartOf\":{\"@id\":\"https:\\\/\\\/iha-race.com\\\/pt-pt\\\/#website\"},\"primaryImageOfPage\":{\"@id\":\"https:\\\/\\\/iha-race.com\\\/pt-pt\\\/produto\\\/frame-kit-hglrc-sector-6-v3-hd-freestyle-3k-de-fibra-carbono\\\/#primaryimage\"},\"image\":{\"@id\":\"https:\\\/\\\/iha-race.com\\\/pt-pt\\\/produto\\\/frame-kit-hglrc-sector-6-v3-hd-freestyle-3k-de-fibra-carbono\\\/#primaryimage\"},\"thumbnailUrl\":\"https:\\\/\\\/iha-race.com\\\/wp-content\\\/uploads\\\/2023\\\/01\\\/HGLRC-SECTOR5-V3-HD-FREESTYLE-FRAME-0.jpg\",\"datePublished\":\"2023-01-19T10:55:51+00:00\",\"dateModified\":\"2024-12-12T11:11:49+00:00\",\"breadcrumb\":{\"@id\":\"https:\\\/\\\/iha-race.com\\\/pt-pt\\\/produto\\\/frame-kit-hglrc-sector-6-v3-hd-freestyle-3k-de-fibra-carbono\\\/#breadcrumb\"},\"inLanguage\":\"pt-PT\",\"potentialAction\":[{\"@type\":\"ReadAction\",\"target\":[\"https:\\\/\\\/iha-race.com\\\/pt-pt\\\/produto\\\/frame-kit-hglrc-sector-6-v3-hd-freestyle-3k-de-fibra-carbono\\\/\"]}]},{\"@type\":\"ImageObject\",\"inLanguage\":\"pt-PT\",\"@id\":\"https:\\\/\\\/iha-race.com\\\/pt-pt\\\/produto\\\/frame-kit-hglrc-sector-6-v3-hd-freestyle-3k-de-fibra-carbono\\\/#primaryimage\",\"url\":\"https:\\\/\\\/iha-race.com\\\/wp-content\\\/uploads\\\/2023\\\/01\\\/HGLRC-SECTOR5-V3-HD-FREESTYLE-FRAME-0.jpg\",\"contentUrl\":\"https:\\\/\\\/iha-race.com\\\/wp-content\\\/uploads\\\/2023\\\/01\\\/HGLRC-SECTOR5-V3-HD-FREESTYLE-FRAME-0.jpg\",\"width\":800,\"height\":800,\"caption\":\"Comprar Frame Kit HGLRC Sector 6 V3 HD Freestyle 3K de Fibra de Carbono\"},{\"@type\":\"BreadcrumbList\",\"@id\":\"https:\\\/\\\/iha-race.com\\\/pt-pt\\\/produto\\\/frame-kit-hglrc-sector-6-v3-hd-freestyle-3k-de-fibra-carbono\\\/#breadcrumb\",\"itemListElement\":[{\"@type\":\"ListItem\",\"position\":1,\"name\":\"Portada\",\"item\":\"https:\\\/\\\/iha-race.com\\\/pt-pt\\\/elementor-499\\\/\"},{\"@type\":\"ListItem\",\"position\":2,\"name\":\"Shop\",\"item\":\"https:\\\/\\\/iha-race.com\\\/pt-pt\\\/shop\\\/\"},{\"@type\":\"ListItem\",\"position\":3,\"name\":\"Kit de arma\u00e7\u00e3o HGLRC Sector 6 V3 HD Freestyle 3K Kit de arma\u00e7\u00e3o em fibra de carbono\"}]},{\"@type\":\"WebSite\",\"@id\":\"https:\\\/\\\/iha-race.com\\\/pt-pt\\\/#website\",\"url\":\"https:\\\/\\\/iha-race.com\\\/pt-pt\\\/\",\"name\":\"Iha Race\",\"description\":\"Comprar drones de carreras FPV env\u00edos en un d\u00eda desde Espa\u00f1a\",\"publisher\":{\"@id\":\"https:\\\/\\\/iha-race.com\\\/pt-pt\\\/#organization\"},\"potentialAction\":[{\"@type\":\"SearchAction\",\"target\":{\"@type\":\"EntryPoint\",\"urlTemplate\":\"https:\\\/\\\/iha-race.com\\\/pt-pt\\\/?s={search_term_string}\"},\"query-input\":{\"@type\":\"PropertyValueSpecification\",\"valueRequired\":true,\"valueName\":\"search_term_string\"}}],\"inLanguage\":\"pt-PT\"},{\"@type\":\"Organization\",\"@id\":\"https:\\\/\\\/iha-race.com\\\/pt-pt\\\/#organization\",\"name\":\"Iha Race\",\"url\":\"https:\\\/\\\/iha-race.com\\\/pt-pt\\\/\",\"logo\":{\"@type\":\"ImageObject\",\"inLanguage\":\"pt-PT\",\"@id\":\"https:\\\/\\\/iha-race.com\\\/pt-pt\\\/#\\\/schema\\\/logo\\\/image\\\/\",\"url\":\"https:\\\/\\\/iha-race.com\\\/wp-content\\\/uploads\\\/2018\\\/07\\\/iha-race-drones-de-carreras-tienda-comprar-drones.png\",\"contentUrl\":\"https:\\\/\\\/iha-race.com\\\/wp-content\\\/uploads\\\/2018\\\/07\\\/iha-race-drones-de-carreras-tienda-comprar-drones.png\",\"width\":300,\"height\":100,\"caption\":\"Iha Race\"},\"image\":{\"@id\":\"https:\\\/\\\/iha-race.com\\\/pt-pt\\\/#\\\/schema\\\/logo\\\/image\\\/\"}}]}<\/script>\n<!-- \/ Yoast SEO plugin. -->","yoast_head_json":{"title":"Kit de arma\u00e7\u00e3o HGLRC Sector 6 V3 HD Freestyle 3K Kit de arma\u00e7\u00e3o em fibra de carbono - Iha Race","robots":{"index":"index","follow":"follow","max-snippet":"max-snippet:-1","max-image-preview":"max-image-preview:large","max-video-preview":"max-video-preview:-1"},"canonical":"https:\/\/iha-race.com\/pt-pt\/produto\/frame-kit-hglrc-sector-6-v3-hd-freestyle-3k-de-fibra-carbono\/","og_locale":"pt_PT","og_type":"article","og_title":"Kit de arma\u00e7\u00e3o HGLRC Sector 6 V3 HD Freestyle 3K Kit de arma\u00e7\u00e3o em fibra de carbono - Iha Race","og_description":"Kit de arma\u00e7\u00e3o HGLRC Sector 6 V3 HD Freestyle 3K Kit de arma\u00e7\u00e3o em fibra de carbono HGLRC Sector 5 V3 Freestyle Quadro HGLRC de 5 polegadas para FPV Racing","og_url":"https:\/\/iha-race.com\/pt-pt\/produto\/frame-kit-hglrc-sector-6-v3-hd-freestyle-3k-de-fibra-carbono\/","og_site_name":"Iha Race","article_modified_time":"2024-12-12T11:11:49+00:00","og_image":[{"width":800,"height":800,"url":"https:\/\/iha-race.com\/wp-content\/uploads\/2023\/01\/HGLRC-SECTOR5-V3-HD-FREESTYLE-FRAME-0.jpg","type":"image\/jpeg"}],"twitter_card":"summary_large_image","twitter_misc":{"Tempo estimado de leitura":"3 minutos"},"schema":{"@context":"https:\/\/schema.org","@graph":[{"@type":"WebPage","@id":"https:\/\/iha-race.com\/pt-pt\/produto\/frame-kit-hglrc-sector-6-v3-hd-freestyle-3k-de-fibra-carbono\/","url":"https:\/\/iha-race.com\/pt-pt\/produto\/frame-kit-hglrc-sector-6-v3-hd-freestyle-3k-de-fibra-carbono\/","name":"Kit de arma\u00e7\u00e3o HGLRC Sector 6 V3 HD Freestyle 3K Kit de arma\u00e7\u00e3o em fibra de carbono - Iha Race","isPartOf":{"@id":"https:\/\/iha-race.com\/pt-pt\/#website"},"primaryImageOfPage":{"@id":"https:\/\/iha-race.com\/pt-pt\/produto\/frame-kit-hglrc-sector-6-v3-hd-freestyle-3k-de-fibra-carbono\/#primaryimage"},"image":{"@id":"https:\/\/iha-race.com\/pt-pt\/produto\/frame-kit-hglrc-sector-6-v3-hd-freestyle-3k-de-fibra-carbono\/#primaryimage"},"thumbnailUrl":"https:\/\/iha-race.com\/wp-content\/uploads\/2023\/01\/HGLRC-SECTOR5-V3-HD-FREESTYLE-FRAME-0.jpg","datePublished":"2023-01-19T10:55:51+00:00","dateModified":"2024-12-12T11:11:49+00:00","breadcrumb":{"@id":"https:\/\/iha-race.com\/pt-pt\/produto\/frame-kit-hglrc-sector-6-v3-hd-freestyle-3k-de-fibra-carbono\/#breadcrumb"},"inLanguage":"pt-PT","potentialAction":[{"@type":"ReadAction","target":["https:\/\/iha-race.com\/pt-pt\/produto\/frame-kit-hglrc-sector-6-v3-hd-freestyle-3k-de-fibra-carbono\/"]}]},{"@type":"ImageObject","inLanguage":"pt-PT","@id":"https:\/\/iha-race.com\/pt-pt\/produto\/frame-kit-hglrc-sector-6-v3-hd-freestyle-3k-de-fibra-carbono\/#primaryimage","url":"https:\/\/iha-race.com\/wp-content\/uploads\/2023\/01\/HGLRC-SECTOR5-V3-HD-FREESTYLE-FRAME-0.jpg","contentUrl":"https:\/\/iha-race.com\/wp-content\/uploads\/2023\/01\/HGLRC-SECTOR5-V3-HD-FREESTYLE-FRAME-0.jpg","width":800,"height":800,"caption":"Comprar Frame Kit HGLRC Sector 6 V3 HD Freestyle 3K de Fibra de Carbono"},{"@type":"BreadcrumbList","@id":"https:\/\/iha-race.com\/pt-pt\/produto\/frame-kit-hglrc-sector-6-v3-hd-freestyle-3k-de-fibra-carbono\/#breadcrumb","itemListElement":[{"@type":"ListItem","position":1,"name":"Portada","item":"https:\/\/iha-race.com\/pt-pt\/elementor-499\/"},{"@type":"ListItem","position":2,"name":"Shop","item":"https:\/\/iha-race.com\/pt-pt\/shop\/"},{"@type":"ListItem","position":3,"name":"Kit de arma\u00e7\u00e3o HGLRC Sector 6 V3 HD Freestyle 3K Kit de arma\u00e7\u00e3o em fibra de carbono"}]},{"@type":"WebSite","@id":"https:\/\/iha-race.com\/pt-pt\/#website","url":"https:\/\/iha-race.com\/pt-pt\/","name":"Iha Race","description":"Comprar drones de carreras FPV env\u00edos en un d\u00eda desde Espa\u00f1a","publisher":{"@id":"https:\/\/iha-race.com\/pt-pt\/#organization"},"potentialAction":[{"@type":"SearchAction","target":{"@type":"EntryPoint","urlTemplate":"https:\/\/iha-race.com\/pt-pt\/?s={search_term_string}"},"query-input":{"@type":"PropertyValueSpecification","valueRequired":true,"valueName":"search_term_string"}}],"inLanguage":"pt-PT"},{"@type":"Organization","@id":"https:\/\/iha-race.com\/pt-pt\/#organization","name":"Iha Race","url":"https:\/\/iha-race.com\/pt-pt\/","logo":{"@type":"ImageObject","inLanguage":"pt-PT","@id":"https:\/\/iha-race.com\/pt-pt\/#\/schema\/logo\/image\/","url":"https:\/\/iha-race.com\/wp-content\/uploads\/2018\/07\/iha-race-drones-de-carreras-tienda-comprar-drones.png","contentUrl":"https:\/\/iha-race.com\/wp-content\/uploads\/2018\/07\/iha-race-drones-de-carreras-tienda-comprar-drones.png","width":300,"height":100,"caption":"Iha Race"},"image":{"@id":"https:\/\/iha-race.com\/pt-pt\/#\/schema\/logo\/image\/"}}]}},"brands":[],"_links":{"self":[{"href":"https:\/\/iha-race.com\/pt-pt\/wp-json\/wp\/v2\/product\/215738","targetHints":{"allow":["GET"]}}],"collection":[{"href":"https:\/\/iha-race.com\/pt-pt\/wp-json\/wp\/v2\/product"}],"about":[{"href":"https:\/\/iha-race.com\/pt-pt\/wp-json\/wp\/v2\/types\/product"}],"replies":[{"embeddable":true,"href":"https:\/\/iha-race.com\/pt-pt\/wp-json\/wp\/v2\/comments?post=215738"}],"version-history":[{"count":5,"href":"https:\/\/iha-race.com\/pt-pt\/wp-json\/wp\/v2\/product\/215738\/revisions"}],"predecessor-version":[{"id":252550,"href":"https:\/\/iha-race.com\/pt-pt\/wp-json\/wp\/v2\/product\/215738\/revisions\/252550"}],"wp:featuredmedia":[{"embeddable":true,"href":"https:\/\/iha-race.com\/pt-pt\/wp-json\/wp\/v2\/media\/215751"}],"wp:attachment":[{"href":"https:\/\/iha-race.com\/pt-pt\/wp-json\/wp\/v2\/media?parent=215738"}],"wp:term":[{"taxonomy":"pwb-brand","embeddable":true,"href":"https:\/\/iha-race.com\/pt-pt\/wp-json\/wp\/v2\/pwb-brand?post=215738"},{"taxonomy":"product_cat","embeddable":true,"href":"https:\/\/iha-race.com\/pt-pt\/wp-json\/wp\/v2\/product_cat?post=215738"},{"taxonomy":"product_tag","embeddable":true,"href":"https:\/\/iha-race.com\/pt-pt\/wp-json\/wp\/v2\/product_tag?post=215738"}],"curies":[{"name":"wp","href":"https:\/\/api.w.org\/{rel}","templated":true}]}}