{"id":215733,"date":"2023-01-19T11:42:55","date_gmt":"2023-01-19T10:42:55","guid":{"rendered":"https:\/\/iha-race.com\/producto\/hglrc-micro-usb-90-em-forma-de-l-placa-de-extensao-macho-a-femea-para-rc-drone\/"},"modified":"2024-08-29T11:34:03","modified_gmt":"2024-08-29T09:34:03","slug":"hglrc-micro-usb-extension-plate-in-the-shape-of-90-male-to-female-for-rc-drone","status":"publish","type":"product","link":"https:\/\/iha-race.com\/pt-pt\/produto\/hglrc-micro-usb-extension-plate-in-the-shape-of-90-male-to-female-for-rc-drone\/","title":{"rendered":"HGLRC Micro USB 90\u00b0 em forma de L Placa de Extens\u00e3o Macho a F\u00eamea para RC Drone"},"content":{"rendered":"<h2>HGLRC Micro USB 90\u00b0 em forma de L Placa de Extens\u00e3o Macho a F\u00eamea para RC Drone<\/h2>\n<ul>\n<li>Nome do artigo: Adaptador USB<\/li>\n<li>Tipo de placa de extens\u00e3o: 90\u00b0 L<\/li>\n<li>Tamanho: 36 * 10 * 15 mm<\/li>\n<li>Peso: 1,9 g<\/li>\n<\/ul>\n<h3>Pacote inclu\u00eddo<\/h3>\n<ul>\n<li>Adaptador USB 3x M\u00f3dulo de extens\u00e3o -90\u00b0 L<\/li>\n<\/ul>\n<p><img decoding=\"async\" src=\"https:\/\/cdn.shopifycdn.net\/s\/files\/1\/2672\/8290\/files\/90_56dc0391-c612-417f-8d13-ffed8806b34a.jpg?v=1626329305\" alt=\"\"><\/p>\n<p>&nbsp;<\/p>\n<p>&nbsp;<\/p>\n","protected":false},"excerpt":{"rendered":"<p>HGLRC Micro USB 90\u00b0 em forma de L Placa de Extens\u00e3o Macho a F\u00eamea para RC Drone Nome do artigo: Adaptador USB Tipo de placa de extens\u00e3o: 90\u00b0 L Tamanho:<\/p>\n","protected":false},"featured_media":215725,"comment_status":"open","ping_status":"closed","template":"","meta":{"_joinchat":[]},"pwb-brand":[],"product_cat":[1210],"product_tag":[],"class_list":{"0":"post-215733","1":"product","2":"type-product","3":"status-publish","4":"has-post-thumbnail","6":"product_cat-controladores-de-drone","8":"first","9":"instock","10":"taxable","11":"shipping-taxable","12":"purchasable","13":"product-type-simple"},"barcode":null,"atum_controlled":true,"out_stock_date":null,"out_stock_threshold":null,"inheritable":false,"stock_on_hold":0,"sold_today":0,"sales_last_days":0,"out_stock_days":0,"lost_sales":0,"update_date":"2026-04-18T23:34:58","atum_locations":[],"atum_stock_status":"instock","restock_status":false,"low_stock_amount":"","sales_update_date":"2026-04-18T23:34:58","calc_backorders":null,"yoast_head":"<!-- This site is optimized with the Yoast SEO plugin v27.3 - https:\/\/yoast.com\/product\/yoast-seo-wordpress\/ -->\n<title>HGLRC Micro USB 90\u00b0 em forma de L Placa de Extens\u00e3o Macho a F\u00eamea para RC Drone - Iha Race<\/title>\n<meta name=\"robots\" content=\"index, follow, max-snippet:-1, max-image-preview:large, max-video-preview:-1\" \/>\n<link rel=\"canonical\" href=\"https:\/\/iha-race.com\/pt-pt\/produto\/hglrc-micro-usb-extension-plate-in-the-shape-of-90-male-to-female-for-rc-drone\/\" \/>\n<meta property=\"og:locale\" content=\"pt_PT\" \/>\n<meta property=\"og:type\" content=\"article\" \/>\n<meta property=\"og:title\" content=\"HGLRC Micro USB 90\u00b0 em forma de L Placa de Extens\u00e3o Macho a F\u00eamea para RC Drone - Iha Race\" \/>\n<meta property=\"og:description\" content=\"HGLRC Micro USB 90\u00b0 em forma de L Placa de Extens\u00e3o Macho a F\u00eamea para RC Drone Nome do artigo: Adaptador USB Tipo de placa de extens\u00e3o: 90\u00b0 L Tamanho:\" \/>\n<meta property=\"og:url\" content=\"https:\/\/iha-race.com\/pt-pt\/produto\/hglrc-micro-usb-extension-plate-in-the-shape-of-90-male-to-female-for-rc-drone\/\" \/>\n<meta property=\"og:site_name\" content=\"Iha Race\" \/>\n<meta property=\"article:modified_time\" content=\"2024-08-29T09:34:03+00:00\" \/>\n<meta property=\"og:image\" content=\"https:\/\/iha-race.com\/wp-content\/uploads\/2023\/01\/3-uds-HGLRC-90-grados-en-forma-de-L-de-ngulo-recto-Micro-USB-macho-a.jpg_Q90.jpg_.webp\" \/>\n\t<meta property=\"og:image:width\" content=\"800\" \/>\n\t<meta property=\"og:image:height\" content=\"800\" \/>\n\t<meta property=\"og:image:type\" content=\"image\/webp\" \/>\n<meta name=\"twitter:card\" content=\"summary_large_image\" \/>\n<script type=\"application\/ld+json\" class=\"yoast-schema-graph\">{\"@context\":\"https:\\\/\\\/schema.org\",\"@graph\":[{\"@type\":\"WebPage\",\"@id\":\"https:\\\/\\\/iha-race.com\\\/pt-pt\\\/produto\\\/hglrc-micro-usb-extension-plate-in-the-shape-of-90-male-to-female-for-rc-drone\\\/\",\"url\":\"https:\\\/\\\/iha-race.com\\\/pt-pt\\\/produto\\\/hglrc-micro-usb-extension-plate-in-the-shape-of-90-male-to-female-for-rc-drone\\\/\",\"name\":\"HGLRC Micro USB 90\u00b0 em forma de L Placa de Extens\u00e3o Macho a F\u00eamea para RC Drone - Iha Race\",\"isPartOf\":{\"@id\":\"https:\\\/\\\/iha-race.com\\\/pt-pt\\\/#website\"},\"primaryImageOfPage\":{\"@id\":\"https:\\\/\\\/iha-race.com\\\/pt-pt\\\/produto\\\/hglrc-micro-usb-extension-plate-in-the-shape-of-90-male-to-female-for-rc-drone\\\/#primaryimage\"},\"image\":{\"@id\":\"https:\\\/\\\/iha-race.com\\\/pt-pt\\\/produto\\\/hglrc-micro-usb-extension-plate-in-the-shape-of-90-male-to-female-for-rc-drone\\\/#primaryimage\"},\"thumbnailUrl\":\"https:\\\/\\\/iha-race.com\\\/wp-content\\\/uploads\\\/2023\\\/01\\\/3-uds-HGLRC-90-grados-en-forma-de-L-de-ngulo-recto-Micro-USB-macho-a.jpg_Q90.jpg_.webp\",\"datePublished\":\"2023-01-19T10:42:55+00:00\",\"dateModified\":\"2024-08-29T09:34:03+00:00\",\"breadcrumb\":{\"@id\":\"https:\\\/\\\/iha-race.com\\\/pt-pt\\\/produto\\\/hglrc-micro-usb-extension-plate-in-the-shape-of-90-male-to-female-for-rc-drone\\\/#breadcrumb\"},\"inLanguage\":\"pt-PT\",\"potentialAction\":[{\"@type\":\"ReadAction\",\"target\":[\"https:\\\/\\\/iha-race.com\\\/pt-pt\\\/produto\\\/hglrc-micro-usb-extension-plate-in-the-shape-of-90-male-to-female-for-rc-drone\\\/\"]}]},{\"@type\":\"ImageObject\",\"inLanguage\":\"pt-PT\",\"@id\":\"https:\\\/\\\/iha-race.com\\\/pt-pt\\\/produto\\\/hglrc-micro-usb-extension-plate-in-the-shape-of-90-male-to-female-for-rc-drone\\\/#primaryimage\",\"url\":\"https:\\\/\\\/iha-race.com\\\/wp-content\\\/uploads\\\/2023\\\/01\\\/3-uds-HGLRC-90-grados-en-forma-de-L-de-ngulo-recto-Micro-USB-macho-a.jpg_Q90.jpg_.webp\",\"contentUrl\":\"https:\\\/\\\/iha-race.com\\\/wp-content\\\/uploads\\\/2023\\\/01\\\/3-uds-HGLRC-90-grados-en-forma-de-L-de-ngulo-recto-Micro-USB-macho-a.jpg_Q90.jpg_.webp\",\"width\":800,\"height\":800,\"caption\":\"Comprar HGLRC Placa de extensi\u00f3n Micro USB en forma de L de 90\u00ba macho a hembra para RC Drone\"},{\"@type\":\"BreadcrumbList\",\"@id\":\"https:\\\/\\\/iha-race.com\\\/pt-pt\\\/produto\\\/hglrc-micro-usb-extension-plate-in-the-shape-of-90-male-to-female-for-rc-drone\\\/#breadcrumb\",\"itemListElement\":[{\"@type\":\"ListItem\",\"position\":1,\"name\":\"Portada\",\"item\":\"https:\\\/\\\/iha-race.com\\\/pt-pt\\\/elementor-499\\\/\"},{\"@type\":\"ListItem\",\"position\":2,\"name\":\"Shop\",\"item\":\"https:\\\/\\\/iha-race.com\\\/pt-pt\\\/shop\\\/\"},{\"@type\":\"ListItem\",\"position\":3,\"name\":\"HGLRC Micro USB 90\u00b0 em forma de L Placa de Extens\u00e3o Macho a F\u00eamea para RC Drone\"}]},{\"@type\":\"WebSite\",\"@id\":\"https:\\\/\\\/iha-race.com\\\/pt-pt\\\/#website\",\"url\":\"https:\\\/\\\/iha-race.com\\\/pt-pt\\\/\",\"name\":\"Iha Race\",\"description\":\"Comprar drones de carreras FPV env\u00edos en un d\u00eda desde Espa\u00f1a\",\"publisher\":{\"@id\":\"https:\\\/\\\/iha-race.com\\\/pt-pt\\\/#organization\"},\"potentialAction\":[{\"@type\":\"SearchAction\",\"target\":{\"@type\":\"EntryPoint\",\"urlTemplate\":\"https:\\\/\\\/iha-race.com\\\/pt-pt\\\/?s={search_term_string}\"},\"query-input\":{\"@type\":\"PropertyValueSpecification\",\"valueRequired\":true,\"valueName\":\"search_term_string\"}}],\"inLanguage\":\"pt-PT\"},{\"@type\":\"Organization\",\"@id\":\"https:\\\/\\\/iha-race.com\\\/pt-pt\\\/#organization\",\"name\":\"Iha Race\",\"url\":\"https:\\\/\\\/iha-race.com\\\/pt-pt\\\/\",\"logo\":{\"@type\":\"ImageObject\",\"inLanguage\":\"pt-PT\",\"@id\":\"https:\\\/\\\/iha-race.com\\\/pt-pt\\\/#\\\/schema\\\/logo\\\/image\\\/\",\"url\":\"https:\\\/\\\/iha-race.com\\\/wp-content\\\/uploads\\\/2018\\\/07\\\/iha-race-drones-de-carreras-tienda-comprar-drones.png\",\"contentUrl\":\"https:\\\/\\\/iha-race.com\\\/wp-content\\\/uploads\\\/2018\\\/07\\\/iha-race-drones-de-carreras-tienda-comprar-drones.png\",\"width\":300,\"height\":100,\"caption\":\"Iha Race\"},\"image\":{\"@id\":\"https:\\\/\\\/iha-race.com\\\/pt-pt\\\/#\\\/schema\\\/logo\\\/image\\\/\"}}]}<\/script>\n<!-- \/ Yoast SEO plugin. -->","yoast_head_json":{"title":"HGLRC Micro USB 90\u00b0 em forma de L Placa de Extens\u00e3o Macho a F\u00eamea para RC Drone - Iha Race","robots":{"index":"index","follow":"follow","max-snippet":"max-snippet:-1","max-image-preview":"max-image-preview:large","max-video-preview":"max-video-preview:-1"},"canonical":"https:\/\/iha-race.com\/pt-pt\/produto\/hglrc-micro-usb-extension-plate-in-the-shape-of-90-male-to-female-for-rc-drone\/","og_locale":"pt_PT","og_type":"article","og_title":"HGLRC Micro USB 90\u00b0 em forma de L Placa de Extens\u00e3o Macho a F\u00eamea para RC Drone - Iha Race","og_description":"HGLRC Micro USB 90\u00b0 em forma de L Placa de Extens\u00e3o Macho a F\u00eamea para RC Drone Nome do artigo: Adaptador USB Tipo de placa de extens\u00e3o: 90\u00b0 L Tamanho:","og_url":"https:\/\/iha-race.com\/pt-pt\/produto\/hglrc-micro-usb-extension-plate-in-the-shape-of-90-male-to-female-for-rc-drone\/","og_site_name":"Iha Race","article_modified_time":"2024-08-29T09:34:03+00:00","og_image":[{"width":800,"height":800,"url":"https:\/\/iha-race.com\/wp-content\/uploads\/2023\/01\/3-uds-HGLRC-90-grados-en-forma-de-L-de-ngulo-recto-Micro-USB-macho-a.jpg_Q90.jpg_.webp","type":"image\/webp"}],"twitter_card":"summary_large_image","schema":{"@context":"https:\/\/schema.org","@graph":[{"@type":"WebPage","@id":"https:\/\/iha-race.com\/pt-pt\/produto\/hglrc-micro-usb-extension-plate-in-the-shape-of-90-male-to-female-for-rc-drone\/","url":"https:\/\/iha-race.com\/pt-pt\/produto\/hglrc-micro-usb-extension-plate-in-the-shape-of-90-male-to-female-for-rc-drone\/","name":"HGLRC Micro USB 90\u00b0 em forma de L Placa de Extens\u00e3o Macho a F\u00eamea para RC Drone - Iha Race","isPartOf":{"@id":"https:\/\/iha-race.com\/pt-pt\/#website"},"primaryImageOfPage":{"@id":"https:\/\/iha-race.com\/pt-pt\/produto\/hglrc-micro-usb-extension-plate-in-the-shape-of-90-male-to-female-for-rc-drone\/#primaryimage"},"image":{"@id":"https:\/\/iha-race.com\/pt-pt\/produto\/hglrc-micro-usb-extension-plate-in-the-shape-of-90-male-to-female-for-rc-drone\/#primaryimage"},"thumbnailUrl":"https:\/\/iha-race.com\/wp-content\/uploads\/2023\/01\/3-uds-HGLRC-90-grados-en-forma-de-L-de-ngulo-recto-Micro-USB-macho-a.jpg_Q90.jpg_.webp","datePublished":"2023-01-19T10:42:55+00:00","dateModified":"2024-08-29T09:34:03+00:00","breadcrumb":{"@id":"https:\/\/iha-race.com\/pt-pt\/produto\/hglrc-micro-usb-extension-plate-in-the-shape-of-90-male-to-female-for-rc-drone\/#breadcrumb"},"inLanguage":"pt-PT","potentialAction":[{"@type":"ReadAction","target":["https:\/\/iha-race.com\/pt-pt\/produto\/hglrc-micro-usb-extension-plate-in-the-shape-of-90-male-to-female-for-rc-drone\/"]}]},{"@type":"ImageObject","inLanguage":"pt-PT","@id":"https:\/\/iha-race.com\/pt-pt\/produto\/hglrc-micro-usb-extension-plate-in-the-shape-of-90-male-to-female-for-rc-drone\/#primaryimage","url":"https:\/\/iha-race.com\/wp-content\/uploads\/2023\/01\/3-uds-HGLRC-90-grados-en-forma-de-L-de-ngulo-recto-Micro-USB-macho-a.jpg_Q90.jpg_.webp","contentUrl":"https:\/\/iha-race.com\/wp-content\/uploads\/2023\/01\/3-uds-HGLRC-90-grados-en-forma-de-L-de-ngulo-recto-Micro-USB-macho-a.jpg_Q90.jpg_.webp","width":800,"height":800,"caption":"Comprar HGLRC Placa de extensi\u00f3n Micro USB en forma de L de 90\u00ba macho a hembra para RC Drone"},{"@type":"BreadcrumbList","@id":"https:\/\/iha-race.com\/pt-pt\/produto\/hglrc-micro-usb-extension-plate-in-the-shape-of-90-male-to-female-for-rc-drone\/#breadcrumb","itemListElement":[{"@type":"ListItem","position":1,"name":"Portada","item":"https:\/\/iha-race.com\/pt-pt\/elementor-499\/"},{"@type":"ListItem","position":2,"name":"Shop","item":"https:\/\/iha-race.com\/pt-pt\/shop\/"},{"@type":"ListItem","position":3,"name":"HGLRC Micro USB 90\u00b0 em forma de L Placa de Extens\u00e3o Macho a F\u00eamea para RC Drone"}]},{"@type":"WebSite","@id":"https:\/\/iha-race.com\/pt-pt\/#website","url":"https:\/\/iha-race.com\/pt-pt\/","name":"Iha Race","description":"Comprar drones de carreras FPV env\u00edos en un d\u00eda desde Espa\u00f1a","publisher":{"@id":"https:\/\/iha-race.com\/pt-pt\/#organization"},"potentialAction":[{"@type":"SearchAction","target":{"@type":"EntryPoint","urlTemplate":"https:\/\/iha-race.com\/pt-pt\/?s={search_term_string}"},"query-input":{"@type":"PropertyValueSpecification","valueRequired":true,"valueName":"search_term_string"}}],"inLanguage":"pt-PT"},{"@type":"Organization","@id":"https:\/\/iha-race.com\/pt-pt\/#organization","name":"Iha Race","url":"https:\/\/iha-race.com\/pt-pt\/","logo":{"@type":"ImageObject","inLanguage":"pt-PT","@id":"https:\/\/iha-race.com\/pt-pt\/#\/schema\/logo\/image\/","url":"https:\/\/iha-race.com\/wp-content\/uploads\/2018\/07\/iha-race-drones-de-carreras-tienda-comprar-drones.png","contentUrl":"https:\/\/iha-race.com\/wp-content\/uploads\/2018\/07\/iha-race-drones-de-carreras-tienda-comprar-drones.png","width":300,"height":100,"caption":"Iha Race"},"image":{"@id":"https:\/\/iha-race.com\/pt-pt\/#\/schema\/logo\/image\/"}}]}},"jetpack_sharing_enabled":true,"brands":[],"_links":{"self":[{"href":"https:\/\/iha-race.com\/pt-pt\/wp-json\/wp\/v2\/product\/215733","targetHints":{"allow":["GET"]}}],"collection":[{"href":"https:\/\/iha-race.com\/pt-pt\/wp-json\/wp\/v2\/product"}],"about":[{"href":"https:\/\/iha-race.com\/pt-pt\/wp-json\/wp\/v2\/types\/product"}],"replies":[{"embeddable":true,"href":"https:\/\/iha-race.com\/pt-pt\/wp-json\/wp\/v2\/comments?post=215733"}],"version-history":[{"count":1,"href":"https:\/\/iha-race.com\/pt-pt\/wp-json\/wp\/v2\/product\/215733\/revisions"}],"predecessor-version":[{"id":248849,"href":"https:\/\/iha-race.com\/pt-pt\/wp-json\/wp\/v2\/product\/215733\/revisions\/248849"}],"wp:featuredmedia":[{"embeddable":true,"href":"https:\/\/iha-race.com\/pt-pt\/wp-json\/wp\/v2\/media\/215725"}],"wp:attachment":[{"href":"https:\/\/iha-race.com\/pt-pt\/wp-json\/wp\/v2\/media?parent=215733"}],"wp:term":[{"taxonomy":"pwb-brand","embeddable":true,"href":"https:\/\/iha-race.com\/pt-pt\/wp-json\/wp\/v2\/pwb-brand?post=215733"},{"taxonomy":"product_cat","embeddable":true,"href":"https:\/\/iha-race.com\/pt-pt\/wp-json\/wp\/v2\/product_cat?post=215733"},{"taxonomy":"product_tag","embeddable":true,"href":"https:\/\/iha-race.com\/pt-pt\/wp-json\/wp\/v2\/product_tag?post=215733"}],"curies":[{"name":"wp","href":"https:\/\/api.w.org\/{rel}","templated":true}]}}