{"id":215566,"date":"2023-01-18T10:48:28","date_gmt":"2023-01-18T09:48:28","guid":{"rendered":"https:\/\/iha-race.com\/producto\/escudo-solar-para-phoenix-2-phoenix-se-wasp\/"},"modified":"2024-08-29T11:33:52","modified_gmt":"2024-08-29T09:33:52","slug":"viseira-phoenix-2-phoenix-se-wasp-sun","status":"publish","type":"product","link":"https:\/\/iha-race.com\/pt-pt\/produto\/viseira-phoenix-2-phoenix-se-wasp-sun\/","title":{"rendered":"Escudo Solar para Phoenix 2\/Phoenix SE\/WASP"},"content":{"rendered":"<h2><span data-sheets-value=\"{\"1\":2,\"2\":\"Parasol para Phoenix 2\/Phoenix SE\/WASP\"}\" data-sheets-userformat=\"{\"2\":15235,\"3\":{\"1\":0},\"4\":{\"1\":2,\"2\":16777215},\"10\":2,\"11\":4,\"12\":0,\"14\":{\"1\":2,\"2\":3355443},\"15\":\"MyriadPro\",\"16\":12}\">Escudo Solar para Phoenix 2\/Phoenix SE\/WASP<\/span><\/h2>\n<p>&nbsp;<\/p>\n<div id=\"ProductDescription\" class=\"Block Panel ProductDescription\">\n<div class=\"ProductDescriptionContainer prodAccordionContent\">\n<div class=\"ThumbPro Common ProductFont\">\n<div class=\"Section Section3\"><img decoding=\"async\" class=\"BigImage\" title=\"RunCam WASP\" src=\"https:\/\/store-m8o52p.mybigcommerce.com\/product_images\/img_RunCam_Link_Wasp\/pstbse2-1.jpg\" alt=\"RunCam WASP\"><\/div>\n<div class=\"Section Section3\">\n<div class=\"position-absolute\"><\/div>\n<p><img decoding=\"async\" class=\"BigImage\" title=\"RunCam WASP\" src=\"https:\/\/store-m8o52p.mybigcommerce.com\/product_images\/img_RunCam_Link_Wasp\/pstbse2-2.jpg\" alt=\"RunCam WASP\"><\/p>\n<\/div>\n<\/div>\n<\/div>\n<\/div>\n<div class=\"main\">\n<div class=\"inner\">\n<div id=\"ProductReviews\" class=\"Block Panel\">\n<h2 id=\"Anchor6\" class=\"subtitle\">O pacote inclui:<\/h2>\n<ul>\n<li>1 x Escudo solar para Phoenix 2\/Phoenix SE\/WASP<\/li>\n<\/ul>\n<\/div>\n<\/div>\n<\/div>\n","protected":false},"excerpt":{"rendered":"<p>Escudo Solar para Phoenix 2\/Phoenix SE\/WASP &nbsp; O pacote inclui: 1 x Escudo solar para Phoenix 2\/Phoenix SE\/WASP<\/p>\n","protected":false},"featured_media":215550,"comment_status":"open","ping_status":"closed","template":"","meta":{"_joinchat":[]},"pwb-brand":[],"product_cat":[1168,1208],"product_tag":[],"class_list":{"0":"post-215566","1":"product","2":"type-product","3":"status-publish","4":"has-post-thumbnail","6":"product_cat-camaras-fpv","7":"product_cat-pecas-sobresselentes-para-camaras","9":"first","10":"instock","11":"taxable","12":"shipping-taxable","13":"purchasable","14":"product-type-simple"},"barcode":null,"atum_controlled":true,"out_stock_date":null,"out_stock_threshold":null,"inheritable":false,"stock_on_hold":0,"sold_today":0,"sales_last_days":0,"out_stock_days":0,"lost_sales":0,"update_date":"2026-04-08T16:44:46","atum_locations":[],"atum_stock_status":"instock","restock_status":false,"low_stock_amount":"","sales_update_date":"2026-04-08T10:17:15","calc_backorders":null,"yoast_head":"<!-- This site is optimized with the Yoast SEO plugin v27.3 - https:\/\/yoast.com\/product\/yoast-seo-wordpress\/ -->\n<title>Escudo Solar para Phoenix 2\/Phoenix SE\/WASP - Iha Race<\/title>\n<meta name=\"robots\" content=\"index, follow, max-snippet:-1, max-image-preview:large, max-video-preview:-1\" \/>\n<link rel=\"canonical\" href=\"https:\/\/iha-race.com\/pt-pt\/produto\/viseira-phoenix-2-phoenix-se-wasp-sun\/\" \/>\n<meta property=\"og:locale\" content=\"pt_PT\" \/>\n<meta property=\"og:type\" content=\"article\" \/>\n<meta property=\"og:title\" content=\"Escudo Solar para Phoenix 2\/Phoenix SE\/WASP - Iha Race\" \/>\n<meta property=\"og:description\" content=\"Escudo Solar para Phoenix 2\/Phoenix SE\/WASP &nbsp; O pacote inclui: 1 x Escudo solar para Phoenix 2\/Phoenix SE\/WASP\" \/>\n<meta property=\"og:url\" content=\"https:\/\/iha-race.com\/pt-pt\/produto\/viseira-phoenix-2-phoenix-se-wasp-sun\/\" \/>\n<meta property=\"og:site_name\" content=\"Iha Race\" \/>\n<meta property=\"article:modified_time\" content=\"2024-08-29T09:33:52+00:00\" \/>\n<meta property=\"og:image\" content=\"https:\/\/iha-race.com\/wp-content\/uploads\/2023\/01\/pstbse2-3__79366.jpg\" \/>\n\t<meta property=\"og:image:width\" content=\"1000\" \/>\n\t<meta property=\"og:image:height\" content=\"1000\" \/>\n\t<meta property=\"og:image:type\" content=\"image\/jpeg\" \/>\n<meta name=\"twitter:card\" content=\"summary_large_image\" \/>\n<script type=\"application\/ld+json\" class=\"yoast-schema-graph\">{\"@context\":\"https:\\\/\\\/schema.org\",\"@graph\":[{\"@type\":\"WebPage\",\"@id\":\"https:\\\/\\\/iha-race.com\\\/pt-pt\\\/produto\\\/viseira-phoenix-2-phoenix-se-wasp-sun\\\/\",\"url\":\"https:\\\/\\\/iha-race.com\\\/pt-pt\\\/produto\\\/viseira-phoenix-2-phoenix-se-wasp-sun\\\/\",\"name\":\"Escudo Solar para Phoenix 2\\\/Phoenix SE\\\/WASP - Iha Race\",\"isPartOf\":{\"@id\":\"https:\\\/\\\/iha-race.com\\\/pt-pt\\\/#website\"},\"primaryImageOfPage\":{\"@id\":\"https:\\\/\\\/iha-race.com\\\/pt-pt\\\/produto\\\/viseira-phoenix-2-phoenix-se-wasp-sun\\\/#primaryimage\"},\"image\":{\"@id\":\"https:\\\/\\\/iha-race.com\\\/pt-pt\\\/produto\\\/viseira-phoenix-2-phoenix-se-wasp-sun\\\/#primaryimage\"},\"thumbnailUrl\":\"https:\\\/\\\/iha-race.com\\\/wp-content\\\/uploads\\\/2023\\\/01\\\/pstbse2-3__79366.jpg\",\"datePublished\":\"2023-01-18T09:48:28+00:00\",\"dateModified\":\"2024-08-29T09:33:52+00:00\",\"breadcrumb\":{\"@id\":\"https:\\\/\\\/iha-race.com\\\/pt-pt\\\/produto\\\/viseira-phoenix-2-phoenix-se-wasp-sun\\\/#breadcrumb\"},\"inLanguage\":\"pt-PT\",\"potentialAction\":[{\"@type\":\"ReadAction\",\"target\":[\"https:\\\/\\\/iha-race.com\\\/pt-pt\\\/produto\\\/viseira-phoenix-2-phoenix-se-wasp-sun\\\/\"]}]},{\"@type\":\"ImageObject\",\"inLanguage\":\"pt-PT\",\"@id\":\"https:\\\/\\\/iha-race.com\\\/pt-pt\\\/produto\\\/viseira-phoenix-2-phoenix-se-wasp-sun\\\/#primaryimage\",\"url\":\"https:\\\/\\\/iha-race.com\\\/wp-content\\\/uploads\\\/2023\\\/01\\\/pstbse2-3__79366.jpg\",\"contentUrl\":\"https:\\\/\\\/iha-race.com\\\/wp-content\\\/uploads\\\/2023\\\/01\\\/pstbse2-3__79366.jpg\",\"width\":1000,\"height\":1000,\"caption\":\"Comprar Parasol para Phoenix 2\\\/Phoenix SE\\\/WASP\"},{\"@type\":\"BreadcrumbList\",\"@id\":\"https:\\\/\\\/iha-race.com\\\/pt-pt\\\/produto\\\/viseira-phoenix-2-phoenix-se-wasp-sun\\\/#breadcrumb\",\"itemListElement\":[{\"@type\":\"ListItem\",\"position\":1,\"name\":\"Portada\",\"item\":\"https:\\\/\\\/iha-race.com\\\/pt-pt\\\/elementor-499\\\/\"},{\"@type\":\"ListItem\",\"position\":2,\"name\":\"Shop\",\"item\":\"https:\\\/\\\/iha-race.com\\\/pt-pt\\\/shop\\\/\"},{\"@type\":\"ListItem\",\"position\":3,\"name\":\"Escudo Solar para Phoenix 2\\\/Phoenix SE\\\/WASP\"}]},{\"@type\":\"WebSite\",\"@id\":\"https:\\\/\\\/iha-race.com\\\/pt-pt\\\/#website\",\"url\":\"https:\\\/\\\/iha-race.com\\\/pt-pt\\\/\",\"name\":\"Iha Race\",\"description\":\"Comprar drones de carreras FPV env\u00edos en un d\u00eda desde Espa\u00f1a\",\"publisher\":{\"@id\":\"https:\\\/\\\/iha-race.com\\\/pt-pt\\\/#organization\"},\"potentialAction\":[{\"@type\":\"SearchAction\",\"target\":{\"@type\":\"EntryPoint\",\"urlTemplate\":\"https:\\\/\\\/iha-race.com\\\/pt-pt\\\/?s={search_term_string}\"},\"query-input\":{\"@type\":\"PropertyValueSpecification\",\"valueRequired\":true,\"valueName\":\"search_term_string\"}}],\"inLanguage\":\"pt-PT\"},{\"@type\":\"Organization\",\"@id\":\"https:\\\/\\\/iha-race.com\\\/pt-pt\\\/#organization\",\"name\":\"Iha Race\",\"url\":\"https:\\\/\\\/iha-race.com\\\/pt-pt\\\/\",\"logo\":{\"@type\":\"ImageObject\",\"inLanguage\":\"pt-PT\",\"@id\":\"https:\\\/\\\/iha-race.com\\\/pt-pt\\\/#\\\/schema\\\/logo\\\/image\\\/\",\"url\":\"https:\\\/\\\/iha-race.com\\\/wp-content\\\/uploads\\\/2018\\\/07\\\/iha-race-drones-de-carreras-tienda-comprar-drones.png\",\"contentUrl\":\"https:\\\/\\\/iha-race.com\\\/wp-content\\\/uploads\\\/2018\\\/07\\\/iha-race-drones-de-carreras-tienda-comprar-drones.png\",\"width\":300,\"height\":100,\"caption\":\"Iha Race\"},\"image\":{\"@id\":\"https:\\\/\\\/iha-race.com\\\/pt-pt\\\/#\\\/schema\\\/logo\\\/image\\\/\"}}]}<\/script>\n<!-- \/ Yoast SEO plugin. -->","yoast_head_json":{"title":"Escudo Solar para Phoenix 2\/Phoenix SE\/WASP - Iha Race","robots":{"index":"index","follow":"follow","max-snippet":"max-snippet:-1","max-image-preview":"max-image-preview:large","max-video-preview":"max-video-preview:-1"},"canonical":"https:\/\/iha-race.com\/pt-pt\/produto\/viseira-phoenix-2-phoenix-se-wasp-sun\/","og_locale":"pt_PT","og_type":"article","og_title":"Escudo Solar para Phoenix 2\/Phoenix SE\/WASP - Iha Race","og_description":"Escudo Solar para Phoenix 2\/Phoenix SE\/WASP &nbsp; O pacote inclui: 1 x Escudo solar para Phoenix 2\/Phoenix SE\/WASP","og_url":"https:\/\/iha-race.com\/pt-pt\/produto\/viseira-phoenix-2-phoenix-se-wasp-sun\/","og_site_name":"Iha Race","article_modified_time":"2024-08-29T09:33:52+00:00","og_image":[{"width":1000,"height":1000,"url":"https:\/\/iha-race.com\/wp-content\/uploads\/2023\/01\/pstbse2-3__79366.jpg","type":"image\/jpeg"}],"twitter_card":"summary_large_image","schema":{"@context":"https:\/\/schema.org","@graph":[{"@type":"WebPage","@id":"https:\/\/iha-race.com\/pt-pt\/produto\/viseira-phoenix-2-phoenix-se-wasp-sun\/","url":"https:\/\/iha-race.com\/pt-pt\/produto\/viseira-phoenix-2-phoenix-se-wasp-sun\/","name":"Escudo Solar para Phoenix 2\/Phoenix SE\/WASP - Iha Race","isPartOf":{"@id":"https:\/\/iha-race.com\/pt-pt\/#website"},"primaryImageOfPage":{"@id":"https:\/\/iha-race.com\/pt-pt\/produto\/viseira-phoenix-2-phoenix-se-wasp-sun\/#primaryimage"},"image":{"@id":"https:\/\/iha-race.com\/pt-pt\/produto\/viseira-phoenix-2-phoenix-se-wasp-sun\/#primaryimage"},"thumbnailUrl":"https:\/\/iha-race.com\/wp-content\/uploads\/2023\/01\/pstbse2-3__79366.jpg","datePublished":"2023-01-18T09:48:28+00:00","dateModified":"2024-08-29T09:33:52+00:00","breadcrumb":{"@id":"https:\/\/iha-race.com\/pt-pt\/produto\/viseira-phoenix-2-phoenix-se-wasp-sun\/#breadcrumb"},"inLanguage":"pt-PT","potentialAction":[{"@type":"ReadAction","target":["https:\/\/iha-race.com\/pt-pt\/produto\/viseira-phoenix-2-phoenix-se-wasp-sun\/"]}]},{"@type":"ImageObject","inLanguage":"pt-PT","@id":"https:\/\/iha-race.com\/pt-pt\/produto\/viseira-phoenix-2-phoenix-se-wasp-sun\/#primaryimage","url":"https:\/\/iha-race.com\/wp-content\/uploads\/2023\/01\/pstbse2-3__79366.jpg","contentUrl":"https:\/\/iha-race.com\/wp-content\/uploads\/2023\/01\/pstbse2-3__79366.jpg","width":1000,"height":1000,"caption":"Comprar Parasol para Phoenix 2\/Phoenix SE\/WASP"},{"@type":"BreadcrumbList","@id":"https:\/\/iha-race.com\/pt-pt\/produto\/viseira-phoenix-2-phoenix-se-wasp-sun\/#breadcrumb","itemListElement":[{"@type":"ListItem","position":1,"name":"Portada","item":"https:\/\/iha-race.com\/pt-pt\/elementor-499\/"},{"@type":"ListItem","position":2,"name":"Shop","item":"https:\/\/iha-race.com\/pt-pt\/shop\/"},{"@type":"ListItem","position":3,"name":"Escudo Solar para Phoenix 2\/Phoenix SE\/WASP"}]},{"@type":"WebSite","@id":"https:\/\/iha-race.com\/pt-pt\/#website","url":"https:\/\/iha-race.com\/pt-pt\/","name":"Iha Race","description":"Comprar drones de carreras FPV env\u00edos en un d\u00eda desde Espa\u00f1a","publisher":{"@id":"https:\/\/iha-race.com\/pt-pt\/#organization"},"potentialAction":[{"@type":"SearchAction","target":{"@type":"EntryPoint","urlTemplate":"https:\/\/iha-race.com\/pt-pt\/?s={search_term_string}"},"query-input":{"@type":"PropertyValueSpecification","valueRequired":true,"valueName":"search_term_string"}}],"inLanguage":"pt-PT"},{"@type":"Organization","@id":"https:\/\/iha-race.com\/pt-pt\/#organization","name":"Iha Race","url":"https:\/\/iha-race.com\/pt-pt\/","logo":{"@type":"ImageObject","inLanguage":"pt-PT","@id":"https:\/\/iha-race.com\/pt-pt\/#\/schema\/logo\/image\/","url":"https:\/\/iha-race.com\/wp-content\/uploads\/2018\/07\/iha-race-drones-de-carreras-tienda-comprar-drones.png","contentUrl":"https:\/\/iha-race.com\/wp-content\/uploads\/2018\/07\/iha-race-drones-de-carreras-tienda-comprar-drones.png","width":300,"height":100,"caption":"Iha Race"},"image":{"@id":"https:\/\/iha-race.com\/pt-pt\/#\/schema\/logo\/image\/"}}]}},"brands":[],"_links":{"self":[{"href":"https:\/\/iha-race.com\/pt-pt\/wp-json\/wp\/v2\/product\/215566","targetHints":{"allow":["GET"]}}],"collection":[{"href":"https:\/\/iha-race.com\/pt-pt\/wp-json\/wp\/v2\/product"}],"about":[{"href":"https:\/\/iha-race.com\/pt-pt\/wp-json\/wp\/v2\/types\/product"}],"replies":[{"embeddable":true,"href":"https:\/\/iha-race.com\/pt-pt\/wp-json\/wp\/v2\/comments?post=215566"}],"version-history":[{"count":1,"href":"https:\/\/iha-race.com\/pt-pt\/wp-json\/wp\/v2\/product\/215566\/revisions"}],"predecessor-version":[{"id":215929,"href":"https:\/\/iha-race.com\/pt-pt\/wp-json\/wp\/v2\/product\/215566\/revisions\/215929"}],"wp:featuredmedia":[{"embeddable":true,"href":"https:\/\/iha-race.com\/pt-pt\/wp-json\/wp\/v2\/media\/215550"}],"wp:attachment":[{"href":"https:\/\/iha-race.com\/pt-pt\/wp-json\/wp\/v2\/media?parent=215566"}],"wp:term":[{"taxonomy":"pwb-brand","embeddable":true,"href":"https:\/\/iha-race.com\/pt-pt\/wp-json\/wp\/v2\/pwb-brand?post=215566"},{"taxonomy":"product_cat","embeddable":true,"href":"https:\/\/iha-race.com\/pt-pt\/wp-json\/wp\/v2\/product_cat?post=215566"},{"taxonomy":"product_tag","embeddable":true,"href":"https:\/\/iha-race.com\/pt-pt\/wp-json\/wp\/v2\/product_tag?post=215566"}],"curies":[{"name":"wp","href":"https:\/\/api.w.org\/{rel}","templated":true}]}}