{"id":215112,"date":"2023-01-10T16:24:08","date_gmt":"2023-01-10T15:24:08","guid":{"rendered":"https:\/\/iha-race.com\/producto\/dji-fpv-axisflying-fpv-hd-box-para-saida-de-video-digital\/"},"modified":"2024-08-29T11:33:23","modified_gmt":"2024-08-29T09:33:23","slug":"dji-fpv-axisflying-fpv-hd-box-for-digital-video-output","status":"publish","type":"product","link":"https:\/\/iha-race.com\/pt-pt\/produto\/dji-fpv-axisflying-fpv-hd-box-for-digital-video-output\/","title":{"rendered":"DJI FPV Axisflying FPV HD BOX Para Sa\u00edda de V\u00eddeo Digital"},"content":{"rendered":"<h1 class=\"h1 page-title\">DJI FPV Axisflying FPV HD BOX Para Sa\u00edda de V\u00eddeo Digital<\/h1>\n<div class=\"elementor\">\n<div class=\"elementor-section elementor-element elementor-element-shdzwa8 elementor-top-section elementor-section-boxed elementor-section-height-default elementor-section-height-default\" data-element_type=\"section\">\n<div class=\"elementor-container elementor-column-gap-default\">\n<div class=\"elementor-row\">\n<div class=\"elementor-column elementor-element elementor-element-sls5dya elementor-col-100 elementor-top-column\" data-element_type=\"column\">\n<div class=\"elementor-column-wrap elementor-element-populated\">\n<div class=\"elementor-widget-wrap\">\n<div class=\"elementor-widget elementor-element elementor-element-bfl37u5 elementor-widget-video elementor-aspect-ratio-169\" data-element_type=\"video\">\n<div class=\"elementor-widget-container\">\n<div class=\"elementor-video-wrapper\"><\/div>\n<\/div>\n<\/div>\n<div class=\"elementor-widget elementor-element elementor-element-goh7rwn elementor-widget-image\" data-element_type=\"image\">\n<div class=\"elementor-widget-container\">\n<div class=\"elementor-image\"><img decoding=\"async\" src=\"https:\/\/djiarsmadrid.com\/img\/cms\/DJI%20FPV\/DJI%20FPV%20Axisflying%20FPV%20HD%20BOX%20For%20Digital%20Video%20Output\/DJI%20FPV%20Axisflying%20FP\/Axisflying%20FPV%20HD%20BOX%20For%20Digital%20Video%20Output_2_djiarsmadrid.jpg\" alt=\"\"><\/div>\n<\/div>\n<\/div>\n<div class=\"elementor-widget elementor-element elementor-element-sigxj9s elementor-widget-image\" data-element_type=\"image\">\n<div class=\"elementor-widget-container\">\n<div class=\"elementor-image\"><img decoding=\"async\" src=\"https:\/\/djiarsmadrid.com\/img\/cms\/DJI%20FPV\/DJI%20FPV%20Axisflying%20FPV%20HD%20BOX%20For%20Digital%20Video%20Output\/DJI%20FPV%20Axisflying%20FP\/Axisflying%20FPV%20HD%20BOX%20For%20Digital%20Video%20Output_3_djiarsmadrid.jpg\" alt=\"\"><\/div>\n<\/div>\n<\/div>\n<div class=\"elementor-widget elementor-element elementor-element-nbxtcvw elementor-widget-image\" data-element_type=\"image\">\n<div class=\"elementor-widget-container\">\n<div class=\"elementor-image\"><img decoding=\"async\" src=\"https:\/\/djiarsmadrid.com\/img\/cms\/DJI%20FPV\/DJI%20FPV%20Axisflying%20FPV%20HD%20BOX%20For%20Digital%20Video%20Output\/DJI%20FPV%20Axisflying%20FP\/Axisflying%20FPV%20HD%20BOX%20For%20Digital%20Video%20Output_4_djiarsmadrid.jpg\" alt=\"\"><\/div>\n<\/div>\n<\/div>\n<div class=\"elementor-widget elementor-element elementor-element-wnx3svz elementor-widget-image\" data-element_type=\"image\">\n<div class=\"elementor-widget-container\">\n<div class=\"elementor-image\"><img decoding=\"async\" src=\"https:\/\/djiarsmadrid.com\/img\/cms\/DJI%20FPV\/DJI%20FPV%20Axisflying%20FPV%20HD%20BOX%20For%20Digital%20Video%20Output\/DJI%20FPV%20Axisflying%20FP\/Axisflying%20FPV%20HD%20BOX%20For%20Digital%20Video%20Output_6_djiarsmadrid.jpg\" alt=\"\"><\/div>\n<\/div>\n<\/div>\n<div class=\"elementor-widget elementor-element elementor-element-ghghqsb elementor-widget-image\" data-element_type=\"image\">\n<div class=\"elementor-widget-container\">\n<div class=\"elementor-image\"><img decoding=\"async\" src=\"https:\/\/djiarsmadrid.com\/img\/cms\/DJI%20FPV\/DJI%20FPV%20Axisflying%20FPV%20HD%20BOX%20For%20Digital%20Video%20Output\/DJI%20FPV%20Axisflying%20FP\/Axisflying%20FPV%20HD%20BOX%20For%20Digital%20Video%20Output_8_djiarsmadrid.jpg\" alt=\"\"><\/div>\n<\/div>\n<\/div>\n<div class=\"elementor-widget elementor-element elementor-element-0m1lprm elementor-widget-image\" data-element_type=\"image\">\n<div class=\"elementor-widget-container\">\n<div class=\"elementor-image\"><img decoding=\"async\" src=\"https:\/\/djiarsmadrid.com\/img\/cms\/DJI%20FPV\/DJI%20FPV%20Axisflying%20FPV%20HD%20BOX%20For%20Digital%20Video%20Output\/DJI%20FPV%20Axisflying%20FP\/Axisflying%20FPV%20HD%20BOX%20For%20Digital%20Video%20Output_9_djiarsmadrid.jpg\" alt=\"\"><\/div>\n<\/div>\n<\/div>\n<div class=\"elementor-widget elementor-element elementor-element-kzev1rx elementor-widget-image\" data-element_type=\"image\">\n<div class=\"elementor-widget-container\">\n<div class=\"elementor-image\"><img decoding=\"async\" src=\"https:\/\/djiarsmadrid.com\/img\/cms\/DJI%20FPV\/DJI%20FPV%20Axisflying%20FPV%20HD%20BOX%20For%20Digital%20Video%20Output\/DJI%20FPV%20Axisflying%20FP\/Axisflying%20FPV%20HD%20BOX%20For%20Digital%20Video%20Output_10_djiarsmadrid.jpg\" alt=\"\"><\/div>\n<\/div>\n<\/div>\n<\/div>\n<\/div>\n<\/div>\n<\/div>\n<\/div>\n<\/div>\n<\/div>\n","protected":false},"excerpt":{"rendered":"<p>DJI FPV Axisflying FPV HD BOX Para Sa\u00edda de V\u00eddeo Digital<\/p>\n","protected":false},"featured_media":215052,"comment_status":"open","ping_status":"closed","template":"","meta":{"_joinchat":[]},"pwb-brand":[3567],"product_cat":[3332,3342],"product_tag":[],"class_list":{"0":"post-215112","1":"product","2":"type-product","3":"status-publish","4":"has-post-thumbnail","6":"pwb-brand-dji","7":"product_cat-dji-pt-pt","8":"product_cat-dji-fpv-pt-pt","10":"first","11":"instock","12":"taxable","13":"shipping-taxable","14":"purchasable","15":"product-type-simple"},"barcode":null,"atum_controlled":true,"out_stock_date":null,"out_stock_threshold":null,"inheritable":false,"stock_on_hold":0,"sold_today":0,"sales_last_days":0,"out_stock_days":0,"lost_sales":0,"update_date":"2026-04-16T08:17:52","atum_locations":[],"atum_stock_status":"instock","restock_status":false,"low_stock_amount":"","sales_update_date":"2026-04-16T08:17:52","calc_backorders":null,"yoast_head":"<!-- This site is optimized with the Yoast SEO plugin v27.3 - https:\/\/yoast.com\/product\/yoast-seo-wordpress\/ -->\n<title>DJI FPV Axisflying FPV HD BOX Para Sa\u00edda de V\u00eddeo Digital - Iha Race<\/title>\n<meta name=\"robots\" content=\"index, follow, max-snippet:-1, max-image-preview:large, max-video-preview:-1\" \/>\n<link rel=\"canonical\" href=\"https:\/\/iha-race.com\/pt-pt\/produto\/dji-fpv-axisflying-fpv-hd-box-for-digital-video-output\/\" \/>\n<meta property=\"og:locale\" content=\"pt_PT\" \/>\n<meta property=\"og:type\" content=\"article\" \/>\n<meta property=\"og:title\" content=\"DJI FPV Axisflying FPV HD BOX Para Sa\u00edda de V\u00eddeo Digital - Iha Race\" \/>\n<meta property=\"og:description\" content=\"DJI FPV Axisflying FPV HD BOX Para Sa\u00edda de V\u00eddeo Digital\" \/>\n<meta property=\"og:url\" content=\"https:\/\/iha-race.com\/pt-pt\/produto\/dji-fpv-axisflying-fpv-hd-box-for-digital-video-output\/\" \/>\n<meta property=\"og:site_name\" content=\"Iha Race\" \/>\n<meta property=\"article:modified_time\" content=\"2024-08-29T09:33:23+00:00\" \/>\n<meta property=\"og:image\" content=\"https:\/\/iha-race.com\/wp-content\/uploads\/2023\/01\/dji-fpv-axisflying-fpv-hd-box-para-la-salida-de-video-digital.jpeg\" \/>\n\t<meta property=\"og:image:width\" content=\"1100\" \/>\n\t<meta property=\"og:image:height\" content=\"1422\" \/>\n\t<meta property=\"og:image:type\" content=\"image\/jpeg\" \/>\n<meta name=\"twitter:card\" content=\"summary_large_image\" \/>\n<script type=\"application\/ld+json\" class=\"yoast-schema-graph\">{\"@context\":\"https:\\\/\\\/schema.org\",\"@graph\":[{\"@type\":\"WebPage\",\"@id\":\"https:\\\/\\\/iha-race.com\\\/pt-pt\\\/produto\\\/dji-fpv-axisflying-fpv-hd-box-for-digital-video-output\\\/\",\"url\":\"https:\\\/\\\/iha-race.com\\\/pt-pt\\\/produto\\\/dji-fpv-axisflying-fpv-hd-box-for-digital-video-output\\\/\",\"name\":\"DJI FPV Axisflying FPV HD BOX Para Sa\u00edda de V\u00eddeo Digital - Iha Race\",\"isPartOf\":{\"@id\":\"https:\\\/\\\/iha-race.com\\\/pt-pt\\\/#website\"},\"primaryImageOfPage\":{\"@id\":\"https:\\\/\\\/iha-race.com\\\/pt-pt\\\/produto\\\/dji-fpv-axisflying-fpv-hd-box-for-digital-video-output\\\/#primaryimage\"},\"image\":{\"@id\":\"https:\\\/\\\/iha-race.com\\\/pt-pt\\\/produto\\\/dji-fpv-axisflying-fpv-hd-box-for-digital-video-output\\\/#primaryimage\"},\"thumbnailUrl\":\"https:\\\/\\\/iha-race.com\\\/wp-content\\\/uploads\\\/2023\\\/01\\\/dji-fpv-axisflying-fpv-hd-box-para-la-salida-de-video-digital.jpeg\",\"datePublished\":\"2023-01-10T15:24:08+00:00\",\"dateModified\":\"2024-08-29T09:33:23+00:00\",\"breadcrumb\":{\"@id\":\"https:\\\/\\\/iha-race.com\\\/pt-pt\\\/produto\\\/dji-fpv-axisflying-fpv-hd-box-for-digital-video-output\\\/#breadcrumb\"},\"inLanguage\":\"pt-PT\",\"potentialAction\":[{\"@type\":\"ReadAction\",\"target\":[\"https:\\\/\\\/iha-race.com\\\/pt-pt\\\/produto\\\/dji-fpv-axisflying-fpv-hd-box-for-digital-video-output\\\/\"]}]},{\"@type\":\"ImageObject\",\"inLanguage\":\"pt-PT\",\"@id\":\"https:\\\/\\\/iha-race.com\\\/pt-pt\\\/produto\\\/dji-fpv-axisflying-fpv-hd-box-for-digital-video-output\\\/#primaryimage\",\"url\":\"https:\\\/\\\/iha-race.com\\\/wp-content\\\/uploads\\\/2023\\\/01\\\/dji-fpv-axisflying-fpv-hd-box-para-la-salida-de-video-digital.jpeg\",\"contentUrl\":\"https:\\\/\\\/iha-race.com\\\/wp-content\\\/uploads\\\/2023\\\/01\\\/dji-fpv-axisflying-fpv-hd-box-para-la-salida-de-video-digital.jpeg\",\"width\":1100,\"height\":1422,\"caption\":\"Comprar DJI FPV Axisflying FPV HD BOX Para la salida de v\u00eddeo digital\"},{\"@type\":\"BreadcrumbList\",\"@id\":\"https:\\\/\\\/iha-race.com\\\/pt-pt\\\/produto\\\/dji-fpv-axisflying-fpv-hd-box-for-digital-video-output\\\/#breadcrumb\",\"itemListElement\":[{\"@type\":\"ListItem\",\"position\":1,\"name\":\"Portada\",\"item\":\"https:\\\/\\\/iha-race.com\\\/pt-pt\\\/elementor-499\\\/\"},{\"@type\":\"ListItem\",\"position\":2,\"name\":\"Shop\",\"item\":\"https:\\\/\\\/iha-race.com\\\/pt-pt\\\/shop\\\/\"},{\"@type\":\"ListItem\",\"position\":3,\"name\":\"DJI FPV Axisflying FPV HD BOX Para Sa\u00edda de V\u00eddeo Digital\"}]},{\"@type\":\"WebSite\",\"@id\":\"https:\\\/\\\/iha-race.com\\\/pt-pt\\\/#website\",\"url\":\"https:\\\/\\\/iha-race.com\\\/pt-pt\\\/\",\"name\":\"Iha Race\",\"description\":\"Comprar drones de carreras FPV env\u00edos en un d\u00eda desde Espa\u00f1a\",\"publisher\":{\"@id\":\"https:\\\/\\\/iha-race.com\\\/pt-pt\\\/#organization\"},\"potentialAction\":[{\"@type\":\"SearchAction\",\"target\":{\"@type\":\"EntryPoint\",\"urlTemplate\":\"https:\\\/\\\/iha-race.com\\\/pt-pt\\\/?s={search_term_string}\"},\"query-input\":{\"@type\":\"PropertyValueSpecification\",\"valueRequired\":true,\"valueName\":\"search_term_string\"}}],\"inLanguage\":\"pt-PT\"},{\"@type\":\"Organization\",\"@id\":\"https:\\\/\\\/iha-race.com\\\/pt-pt\\\/#organization\",\"name\":\"Iha Race\",\"url\":\"https:\\\/\\\/iha-race.com\\\/pt-pt\\\/\",\"logo\":{\"@type\":\"ImageObject\",\"inLanguage\":\"pt-PT\",\"@id\":\"https:\\\/\\\/iha-race.com\\\/pt-pt\\\/#\\\/schema\\\/logo\\\/image\\\/\",\"url\":\"https:\\\/\\\/iha-race.com\\\/wp-content\\\/uploads\\\/2018\\\/07\\\/iha-race-drones-de-carreras-tienda-comprar-drones.png\",\"contentUrl\":\"https:\\\/\\\/iha-race.com\\\/wp-content\\\/uploads\\\/2018\\\/07\\\/iha-race-drones-de-carreras-tienda-comprar-drones.png\",\"width\":300,\"height\":100,\"caption\":\"Iha Race\"},\"image\":{\"@id\":\"https:\\\/\\\/iha-race.com\\\/pt-pt\\\/#\\\/schema\\\/logo\\\/image\\\/\"}}]}<\/script>\n<!-- \/ Yoast SEO plugin. -->","yoast_head_json":{"title":"DJI FPV Axisflying FPV HD BOX Para Sa\u00edda de V\u00eddeo Digital - Iha Race","robots":{"index":"index","follow":"follow","max-snippet":"max-snippet:-1","max-image-preview":"max-image-preview:large","max-video-preview":"max-video-preview:-1"},"canonical":"https:\/\/iha-race.com\/pt-pt\/produto\/dji-fpv-axisflying-fpv-hd-box-for-digital-video-output\/","og_locale":"pt_PT","og_type":"article","og_title":"DJI FPV Axisflying FPV HD BOX Para Sa\u00edda de V\u00eddeo Digital - Iha Race","og_description":"DJI FPV Axisflying FPV HD BOX Para Sa\u00edda de V\u00eddeo Digital","og_url":"https:\/\/iha-race.com\/pt-pt\/produto\/dji-fpv-axisflying-fpv-hd-box-for-digital-video-output\/","og_site_name":"Iha Race","article_modified_time":"2024-08-29T09:33:23+00:00","og_image":[{"width":1100,"height":1422,"url":"https:\/\/iha-race.com\/wp-content\/uploads\/2023\/01\/dji-fpv-axisflying-fpv-hd-box-para-la-salida-de-video-digital.jpeg","type":"image\/jpeg"}],"twitter_card":"summary_large_image","schema":{"@context":"https:\/\/schema.org","@graph":[{"@type":"WebPage","@id":"https:\/\/iha-race.com\/pt-pt\/produto\/dji-fpv-axisflying-fpv-hd-box-for-digital-video-output\/","url":"https:\/\/iha-race.com\/pt-pt\/produto\/dji-fpv-axisflying-fpv-hd-box-for-digital-video-output\/","name":"DJI FPV Axisflying FPV HD BOX Para Sa\u00edda de V\u00eddeo Digital - Iha Race","isPartOf":{"@id":"https:\/\/iha-race.com\/pt-pt\/#website"},"primaryImageOfPage":{"@id":"https:\/\/iha-race.com\/pt-pt\/produto\/dji-fpv-axisflying-fpv-hd-box-for-digital-video-output\/#primaryimage"},"image":{"@id":"https:\/\/iha-race.com\/pt-pt\/produto\/dji-fpv-axisflying-fpv-hd-box-for-digital-video-output\/#primaryimage"},"thumbnailUrl":"https:\/\/iha-race.com\/wp-content\/uploads\/2023\/01\/dji-fpv-axisflying-fpv-hd-box-para-la-salida-de-video-digital.jpeg","datePublished":"2023-01-10T15:24:08+00:00","dateModified":"2024-08-29T09:33:23+00:00","breadcrumb":{"@id":"https:\/\/iha-race.com\/pt-pt\/produto\/dji-fpv-axisflying-fpv-hd-box-for-digital-video-output\/#breadcrumb"},"inLanguage":"pt-PT","potentialAction":[{"@type":"ReadAction","target":["https:\/\/iha-race.com\/pt-pt\/produto\/dji-fpv-axisflying-fpv-hd-box-for-digital-video-output\/"]}]},{"@type":"ImageObject","inLanguage":"pt-PT","@id":"https:\/\/iha-race.com\/pt-pt\/produto\/dji-fpv-axisflying-fpv-hd-box-for-digital-video-output\/#primaryimage","url":"https:\/\/iha-race.com\/wp-content\/uploads\/2023\/01\/dji-fpv-axisflying-fpv-hd-box-para-la-salida-de-video-digital.jpeg","contentUrl":"https:\/\/iha-race.com\/wp-content\/uploads\/2023\/01\/dji-fpv-axisflying-fpv-hd-box-para-la-salida-de-video-digital.jpeg","width":1100,"height":1422,"caption":"Comprar DJI FPV Axisflying FPV HD BOX Para la salida de v\u00eddeo digital"},{"@type":"BreadcrumbList","@id":"https:\/\/iha-race.com\/pt-pt\/produto\/dji-fpv-axisflying-fpv-hd-box-for-digital-video-output\/#breadcrumb","itemListElement":[{"@type":"ListItem","position":1,"name":"Portada","item":"https:\/\/iha-race.com\/pt-pt\/elementor-499\/"},{"@type":"ListItem","position":2,"name":"Shop","item":"https:\/\/iha-race.com\/pt-pt\/shop\/"},{"@type":"ListItem","position":3,"name":"DJI FPV Axisflying FPV HD BOX Para Sa\u00edda de V\u00eddeo Digital"}]},{"@type":"WebSite","@id":"https:\/\/iha-race.com\/pt-pt\/#website","url":"https:\/\/iha-race.com\/pt-pt\/","name":"Iha Race","description":"Comprar drones de carreras FPV env\u00edos en un d\u00eda desde Espa\u00f1a","publisher":{"@id":"https:\/\/iha-race.com\/pt-pt\/#organization"},"potentialAction":[{"@type":"SearchAction","target":{"@type":"EntryPoint","urlTemplate":"https:\/\/iha-race.com\/pt-pt\/?s={search_term_string}"},"query-input":{"@type":"PropertyValueSpecification","valueRequired":true,"valueName":"search_term_string"}}],"inLanguage":"pt-PT"},{"@type":"Organization","@id":"https:\/\/iha-race.com\/pt-pt\/#organization","name":"Iha Race","url":"https:\/\/iha-race.com\/pt-pt\/","logo":{"@type":"ImageObject","inLanguage":"pt-PT","@id":"https:\/\/iha-race.com\/pt-pt\/#\/schema\/logo\/image\/","url":"https:\/\/iha-race.com\/wp-content\/uploads\/2018\/07\/iha-race-drones-de-carreras-tienda-comprar-drones.png","contentUrl":"https:\/\/iha-race.com\/wp-content\/uploads\/2018\/07\/iha-race-drones-de-carreras-tienda-comprar-drones.png","width":300,"height":100,"caption":"Iha Race"},"image":{"@id":"https:\/\/iha-race.com\/pt-pt\/#\/schema\/logo\/image\/"}}]}},"brands":[{"id":3567,"name":"DJI","slug":"dji"}],"_links":{"self":[{"href":"https:\/\/iha-race.com\/pt-pt\/wp-json\/wp\/v2\/product\/215112","targetHints":{"allow":["GET"]}}],"collection":[{"href":"https:\/\/iha-race.com\/pt-pt\/wp-json\/wp\/v2\/product"}],"about":[{"href":"https:\/\/iha-race.com\/pt-pt\/wp-json\/wp\/v2\/types\/product"}],"replies":[{"embeddable":true,"href":"https:\/\/iha-race.com\/pt-pt\/wp-json\/wp\/v2\/comments?post=215112"}],"version-history":[{"count":1,"href":"https:\/\/iha-race.com\/pt-pt\/wp-json\/wp\/v2\/product\/215112\/revisions"}],"predecessor-version":[{"id":216330,"href":"https:\/\/iha-race.com\/pt-pt\/wp-json\/wp\/v2\/product\/215112\/revisions\/216330"}],"wp:featuredmedia":[{"embeddable":true,"href":"https:\/\/iha-race.com\/pt-pt\/wp-json\/wp\/v2\/media\/215052"}],"wp:attachment":[{"href":"https:\/\/iha-race.com\/pt-pt\/wp-json\/wp\/v2\/media?parent=215112"}],"wp:term":[{"taxonomy":"pwb-brand","embeddable":true,"href":"https:\/\/iha-race.com\/pt-pt\/wp-json\/wp\/v2\/pwb-brand?post=215112"},{"taxonomy":"product_cat","embeddable":true,"href":"https:\/\/iha-race.com\/pt-pt\/wp-json\/wp\/v2\/product_cat?post=215112"},{"taxonomy":"product_tag","embeddable":true,"href":"https:\/\/iha-race.com\/pt-pt\/wp-json\/wp\/v2\/product_tag?post=215112"}],"curies":[{"name":"wp","href":"https:\/\/api.w.org\/{rel}","templated":true}]}}