{"id":214385,"date":"2022-12-29T16:32:49","date_gmt":"2022-12-29T15:32:49","guid":{"rendered":"https:\/\/iha-race.com\/producto\/adaptador-de-alimentacao-usb-c-para-mavic-3-enterprise\/"},"modified":"2024-08-29T11:30:55","modified_gmt":"2024-08-29T09:30:55","slug":"power-adapter-usb-c-adapter-for-mavic-3-enterprise","status":"publish","type":"product","link":"https:\/\/iha-race.com\/pt-pt\/produto\/power-adapter-usb-c-adapter-for-mavic-3-enterprise\/","title":{"rendered":"Adaptador de alimenta\u00e7\u00e3o USB-C para Mavic 3 Enterprise"},"content":{"rendered":"<h1><span data-sheets-value=\"{\"1\":2,\"2\":\"Adaptador de corriente USB-C para Mavic 3 Enterprise\"}\" data-sheets-userformat=\"{\"2\":15261,\"3\":{\"1\":0},\"5\":{\"1\":[{\"1\":2,\"2\":0,\"5\":{\"1\":2,\"2\":12900251}},{\"1\":0,\"2\":0,\"3\":3},{\"1\":1,\"2\":0,\"4\":1}]},\"6\":{\"1\":[{\"1\":2,\"2\":0,\"5\":{\"1\":2,\"2\":12900251}},{\"1\":0,\"2\":0,\"3\":3},{\"1\":1,\"2\":0,\"4\":1}]},\"7\":{\"1\":[{\"1\":2,\"2\":0,\"5\":{\"1\":2,\"2\":12900251}},{\"1\":0,\"2\":0,\"3\":3},{\"1\":1,\"2\":0,\"4\":1}]},\"10\":2,\"11\":0,\"12\":0,\"14\":{\"1\":2,\"2\":0},\"15\":\"Calibri, sans-serif\",\"16\":11}\">Adaptador de alimenta\u00e7\u00e3o USB-C para Mavic 3 Enterprise<\/span><\/h1>\n<h3>Descri\u00e7\u00e3o Geral<\/h3>\n<p>  O adaptador de alimenta\u00e7\u00e3o DJI USB-C USB-C (100W) \u00e9 utilizado para carregar a aeronave DJI MAVIC 3 Enterprise Series, o controlo remoto DJI RC Pro Enterprise ou dispositivos m\u00f3veis com uma porta USB-C, ligando-o a uma tomada el\u00e9ctrica.\u00e7 Carater\u00edsticas principais Carrega a aeronave Mavic 3 Enterprise Series, o DJI RC Pro Enterprise ou dispositivos m\u00f3veis com uma porta USB-C utilizando uma tomada el\u00e9ctrica.  <\/p>\n<h3>Aconselhamento<\/h3>\n<ol>\n<li>N\u00c3O tente tocar nos terminais met\u00e1licos do inv\u00f3lucro da bateria.<\/li>\n<li>Limpe os terminais met\u00e1licos da caixa da bateria com um pano limpo e seco se houver sujidade vis\u00edvel.<\/li>\n<li>O carregador varia consoante a regi\u00e3o. Pode comprar fichas para diferentes regi\u00f5es na loja online do DJI.<\/li>\n<\/ol>\n<h3>Especifica\u00e7\u00f5es<\/h3>\n<ul>\n<li>Dimens\u00f5es: 73,5 \u00d7 70 \u00d7 32 mm (C \u00d7 L \u00d7 L \u00d7 A)<\/li>\n<li>Peso: 268 \u00b1 5 g<\/li>\n<li>Tens\u00e3o de entrada: 100-240 V AC, 50-60 Hz, 2,5 A<\/li>\n<li>Produ\u00e7\u00e3o: m\u00e1x. 100 W (total)<\/li>\n<li>Quando ambas as portas s\u00e3o utilizadas, a pot\u00eancia m\u00e1xima de sa\u00edda de cada interface \u00e9 de 82 W e o carregador ir\u00e1 alocar dinamicamente a pot\u00eancia de sa\u00edda das duas portas de acordo com a carga de pot\u00eancia.<\/li>\n<li>Pot\u00eancia de sa\u00edda: 100 W<\/li>\n<li>Temperatura de funcionamento: 5 a 40 \u00b0C (41 a 104 \u00b0F)<\/li>\n<li>Tempo de carregamento*: Ao carregar apenas o avi\u00e3o DJI Mavic 3 Enterprise, demora 1 hora e 20 minutos a carregar completamente. Ao carregar apenas o DJI RC Pro Enterprise, demora 1 hora e 30 minutos a carregar completamente.<\/li>\n<\/ul>\n<p><em>* Os dispositivos demoram mais tempo a carregar se a bateria de voo inteligente e o controlo remoto ou outros dispositivos forem carregados ao mesmo tempo.<\/em><\/p>\n<h3>Compatibilidade<\/h3>\n<p>  Aeronave DJI Mavic 3 Enterprise Series  &nbsp;<\/p>\n<h3>O pacote inclui<\/h3>\n<ul>\n<li>1 x Adaptador de alimenta\u00e7\u00e3o DJI USB-C USB-C (100 W)<\/li>\n<\/ul>\n","protected":false},"excerpt":{"rendered":"<p>Adaptador de alimenta\u00e7\u00e3o USB-C para Mavic 3 Enterprise Descri\u00e7\u00e3o Geral O adaptador de alimenta\u00e7\u00e3o DJI USB-C USB-C (100W) \u00e9 utilizado para carregar a aeronave DJI MAVIC 3 Enterprise Series, o<\/p>\n","protected":false},"featured_media":214381,"comment_status":"open","ping_status":"closed","template":"","meta":{"_joinchat":[]},"pwb-brand":[3567],"product_cat":[3333,3332],"product_tag":[],"class_list":{"0":"post-214385","1":"product","2":"type-product","3":"status-publish","4":"has-post-thumbnail","6":"pwb-brand-dji","7":"product_cat-companhia-dji","8":"product_cat-dji-pt-pt","10":"first","11":"instock","12":"taxable","13":"shipping-taxable","14":"purchasable","15":"product-type-simple"},"barcode":null,"atum_controlled":true,"out_stock_date":null,"out_stock_threshold":null,"inheritable":false,"stock_on_hold":0,"sold_today":0,"sales_last_days":0,"out_stock_days":0,"lost_sales":0,"update_date":"2025-07-16T15:51:37","atum_locations":[],"atum_stock_status":"instock","restock_status":false,"low_stock_amount":"","sales_update_date":"2025-07-16T15:51:37","calc_backorders":null,"yoast_head":"<!-- This site is optimized with the Yoast SEO plugin v27.3 - https:\/\/yoast.com\/product\/yoast-seo-wordpress\/ -->\n<title>Adaptador de alimenta\u00e7\u00e3o USB-C para Mavic 3 Enterprise - Iha Race<\/title>\n<meta name=\"robots\" content=\"index, follow, max-snippet:-1, max-image-preview:large, max-video-preview:-1\" \/>\n<link rel=\"canonical\" href=\"https:\/\/iha-race.com\/pt-pt\/produto\/power-adapter-usb-c-adapter-for-mavic-3-enterprise\/\" \/>\n<meta property=\"og:locale\" content=\"pt_PT\" \/>\n<meta property=\"og:type\" content=\"article\" \/>\n<meta property=\"og:title\" content=\"Adaptador de alimenta\u00e7\u00e3o USB-C para Mavic 3 Enterprise - Iha Race\" \/>\n<meta property=\"og:description\" content=\"Adaptador de alimenta\u00e7\u00e3o USB-C para Mavic 3 Enterprise Descri\u00e7\u00e3o Geral O adaptador de alimenta\u00e7\u00e3o DJI USB-C USB-C (100W) \u00e9 utilizado para carregar a aeronave DJI MAVIC 3 Enterprise Series, o\" \/>\n<meta property=\"og:url\" content=\"https:\/\/iha-race.com\/pt-pt\/produto\/power-adapter-usb-c-adapter-for-mavic-3-enterprise\/\" \/>\n<meta property=\"og:site_name\" content=\"Iha Race\" \/>\n<meta property=\"article:modified_time\" content=\"2024-08-29T09:30:55+00:00\" \/>\n<meta property=\"og:image\" content=\"https:\/\/iha-race.com\/wp-content\/uploads\/2022\/12\/DJI_USB-C_Power_Adapter_100W_hover.jpeg\" \/>\n\t<meta property=\"og:image:width\" content=\"1500\" \/>\n\t<meta property=\"og:image:height\" content=\"1000\" \/>\n\t<meta property=\"og:image:type\" content=\"image\/jpeg\" \/>\n<meta name=\"twitter:card\" content=\"summary_large_image\" \/>\n<meta name=\"twitter:label1\" content=\"Tempo estimado de leitura\" \/>\n\t<meta name=\"twitter:data1\" content=\"1 minuto\" \/>\n<script type=\"application\/ld+json\" class=\"yoast-schema-graph\">{\"@context\":\"https:\\\/\\\/schema.org\",\"@graph\":[{\"@type\":\"WebPage\",\"@id\":\"https:\\\/\\\/iha-race.com\\\/pt-pt\\\/produto\\\/power-adapter-usb-c-adapter-for-mavic-3-enterprise\\\/\",\"url\":\"https:\\\/\\\/iha-race.com\\\/pt-pt\\\/produto\\\/power-adapter-usb-c-adapter-for-mavic-3-enterprise\\\/\",\"name\":\"Adaptador de alimenta\u00e7\u00e3o USB-C para Mavic 3 Enterprise - Iha Race\",\"isPartOf\":{\"@id\":\"https:\\\/\\\/iha-race.com\\\/pt-pt\\\/#website\"},\"primaryImageOfPage\":{\"@id\":\"https:\\\/\\\/iha-race.com\\\/pt-pt\\\/produto\\\/power-adapter-usb-c-adapter-for-mavic-3-enterprise\\\/#primaryimage\"},\"image\":{\"@id\":\"https:\\\/\\\/iha-race.com\\\/pt-pt\\\/produto\\\/power-adapter-usb-c-adapter-for-mavic-3-enterprise\\\/#primaryimage\"},\"thumbnailUrl\":\"https:\\\/\\\/iha-race.com\\\/wp-content\\\/uploads\\\/2022\\\/12\\\/DJI_USB-C_Power_Adapter_100W_hover.jpeg\",\"datePublished\":\"2022-12-29T15:32:49+00:00\",\"dateModified\":\"2024-08-29T09:30:55+00:00\",\"breadcrumb\":{\"@id\":\"https:\\\/\\\/iha-race.com\\\/pt-pt\\\/produto\\\/power-adapter-usb-c-adapter-for-mavic-3-enterprise\\\/#breadcrumb\"},\"inLanguage\":\"pt-PT\",\"potentialAction\":[{\"@type\":\"ReadAction\",\"target\":[\"https:\\\/\\\/iha-race.com\\\/pt-pt\\\/produto\\\/power-adapter-usb-c-adapter-for-mavic-3-enterprise\\\/\"]}]},{\"@type\":\"ImageObject\",\"inLanguage\":\"pt-PT\",\"@id\":\"https:\\\/\\\/iha-race.com\\\/pt-pt\\\/produto\\\/power-adapter-usb-c-adapter-for-mavic-3-enterprise\\\/#primaryimage\",\"url\":\"https:\\\/\\\/iha-race.com\\\/wp-content\\\/uploads\\\/2022\\\/12\\\/DJI_USB-C_Power_Adapter_100W_hover.jpeg\",\"contentUrl\":\"https:\\\/\\\/iha-race.com\\\/wp-content\\\/uploads\\\/2022\\\/12\\\/DJI_USB-C_Power_Adapter_100W_hover.jpeg\",\"width\":1500,\"height\":1000,\"caption\":\"Comprar Adaptador de corriente USB-C para Mavic 3 Enterprise\"},{\"@type\":\"BreadcrumbList\",\"@id\":\"https:\\\/\\\/iha-race.com\\\/pt-pt\\\/produto\\\/power-adapter-usb-c-adapter-for-mavic-3-enterprise\\\/#breadcrumb\",\"itemListElement\":[{\"@type\":\"ListItem\",\"position\":1,\"name\":\"Portada\",\"item\":\"https:\\\/\\\/iha-race.com\\\/pt-pt\\\/elementor-499\\\/\"},{\"@type\":\"ListItem\",\"position\":2,\"name\":\"Shop\",\"item\":\"https:\\\/\\\/iha-race.com\\\/pt-pt\\\/shop\\\/\"},{\"@type\":\"ListItem\",\"position\":3,\"name\":\"Adaptador de alimenta\u00e7\u00e3o USB-C para Mavic 3 Enterprise\"}]},{\"@type\":\"WebSite\",\"@id\":\"https:\\\/\\\/iha-race.com\\\/pt-pt\\\/#website\",\"url\":\"https:\\\/\\\/iha-race.com\\\/pt-pt\\\/\",\"name\":\"Iha Race\",\"description\":\"Comprar drones de carreras FPV env\u00edos en un d\u00eda desde Espa\u00f1a\",\"publisher\":{\"@id\":\"https:\\\/\\\/iha-race.com\\\/pt-pt\\\/#organization\"},\"potentialAction\":[{\"@type\":\"SearchAction\",\"target\":{\"@type\":\"EntryPoint\",\"urlTemplate\":\"https:\\\/\\\/iha-race.com\\\/pt-pt\\\/?s={search_term_string}\"},\"query-input\":{\"@type\":\"PropertyValueSpecification\",\"valueRequired\":true,\"valueName\":\"search_term_string\"}}],\"inLanguage\":\"pt-PT\"},{\"@type\":\"Organization\",\"@id\":\"https:\\\/\\\/iha-race.com\\\/pt-pt\\\/#organization\",\"name\":\"Iha Race\",\"url\":\"https:\\\/\\\/iha-race.com\\\/pt-pt\\\/\",\"logo\":{\"@type\":\"ImageObject\",\"inLanguage\":\"pt-PT\",\"@id\":\"https:\\\/\\\/iha-race.com\\\/pt-pt\\\/#\\\/schema\\\/logo\\\/image\\\/\",\"url\":\"https:\\\/\\\/iha-race.com\\\/wp-content\\\/uploads\\\/2018\\\/07\\\/iha-race-drones-de-carreras-tienda-comprar-drones.png\",\"contentUrl\":\"https:\\\/\\\/iha-race.com\\\/wp-content\\\/uploads\\\/2018\\\/07\\\/iha-race-drones-de-carreras-tienda-comprar-drones.png\",\"width\":300,\"height\":100,\"caption\":\"Iha Race\"},\"image\":{\"@id\":\"https:\\\/\\\/iha-race.com\\\/pt-pt\\\/#\\\/schema\\\/logo\\\/image\\\/\"}}]}<\/script>\n<!-- \/ Yoast SEO plugin. -->","yoast_head_json":{"title":"Adaptador de alimenta\u00e7\u00e3o USB-C para Mavic 3 Enterprise - Iha Race","robots":{"index":"index","follow":"follow","max-snippet":"max-snippet:-1","max-image-preview":"max-image-preview:large","max-video-preview":"max-video-preview:-1"},"canonical":"https:\/\/iha-race.com\/pt-pt\/produto\/power-adapter-usb-c-adapter-for-mavic-3-enterprise\/","og_locale":"pt_PT","og_type":"article","og_title":"Adaptador de alimenta\u00e7\u00e3o USB-C para Mavic 3 Enterprise - Iha Race","og_description":"Adaptador de alimenta\u00e7\u00e3o USB-C para Mavic 3 Enterprise Descri\u00e7\u00e3o Geral O adaptador de alimenta\u00e7\u00e3o DJI USB-C USB-C (100W) \u00e9 utilizado para carregar a aeronave DJI MAVIC 3 Enterprise Series, o","og_url":"https:\/\/iha-race.com\/pt-pt\/produto\/power-adapter-usb-c-adapter-for-mavic-3-enterprise\/","og_site_name":"Iha Race","article_modified_time":"2024-08-29T09:30:55+00:00","og_image":[{"width":1500,"height":1000,"url":"https:\/\/iha-race.com\/wp-content\/uploads\/2022\/12\/DJI_USB-C_Power_Adapter_100W_hover.jpeg","type":"image\/jpeg"}],"twitter_card":"summary_large_image","twitter_misc":{"Tempo estimado de leitura":"1 minuto"},"schema":{"@context":"https:\/\/schema.org","@graph":[{"@type":"WebPage","@id":"https:\/\/iha-race.com\/pt-pt\/produto\/power-adapter-usb-c-adapter-for-mavic-3-enterprise\/","url":"https:\/\/iha-race.com\/pt-pt\/produto\/power-adapter-usb-c-adapter-for-mavic-3-enterprise\/","name":"Adaptador de alimenta\u00e7\u00e3o USB-C para Mavic 3 Enterprise - Iha Race","isPartOf":{"@id":"https:\/\/iha-race.com\/pt-pt\/#website"},"primaryImageOfPage":{"@id":"https:\/\/iha-race.com\/pt-pt\/produto\/power-adapter-usb-c-adapter-for-mavic-3-enterprise\/#primaryimage"},"image":{"@id":"https:\/\/iha-race.com\/pt-pt\/produto\/power-adapter-usb-c-adapter-for-mavic-3-enterprise\/#primaryimage"},"thumbnailUrl":"https:\/\/iha-race.com\/wp-content\/uploads\/2022\/12\/DJI_USB-C_Power_Adapter_100W_hover.jpeg","datePublished":"2022-12-29T15:32:49+00:00","dateModified":"2024-08-29T09:30:55+00:00","breadcrumb":{"@id":"https:\/\/iha-race.com\/pt-pt\/produto\/power-adapter-usb-c-adapter-for-mavic-3-enterprise\/#breadcrumb"},"inLanguage":"pt-PT","potentialAction":[{"@type":"ReadAction","target":["https:\/\/iha-race.com\/pt-pt\/produto\/power-adapter-usb-c-adapter-for-mavic-3-enterprise\/"]}]},{"@type":"ImageObject","inLanguage":"pt-PT","@id":"https:\/\/iha-race.com\/pt-pt\/produto\/power-adapter-usb-c-adapter-for-mavic-3-enterprise\/#primaryimage","url":"https:\/\/iha-race.com\/wp-content\/uploads\/2022\/12\/DJI_USB-C_Power_Adapter_100W_hover.jpeg","contentUrl":"https:\/\/iha-race.com\/wp-content\/uploads\/2022\/12\/DJI_USB-C_Power_Adapter_100W_hover.jpeg","width":1500,"height":1000,"caption":"Comprar Adaptador de corriente USB-C para Mavic 3 Enterprise"},{"@type":"BreadcrumbList","@id":"https:\/\/iha-race.com\/pt-pt\/produto\/power-adapter-usb-c-adapter-for-mavic-3-enterprise\/#breadcrumb","itemListElement":[{"@type":"ListItem","position":1,"name":"Portada","item":"https:\/\/iha-race.com\/pt-pt\/elementor-499\/"},{"@type":"ListItem","position":2,"name":"Shop","item":"https:\/\/iha-race.com\/pt-pt\/shop\/"},{"@type":"ListItem","position":3,"name":"Adaptador de alimenta\u00e7\u00e3o USB-C para Mavic 3 Enterprise"}]},{"@type":"WebSite","@id":"https:\/\/iha-race.com\/pt-pt\/#website","url":"https:\/\/iha-race.com\/pt-pt\/","name":"Iha Race","description":"Comprar drones de carreras FPV env\u00edos en un d\u00eda desde Espa\u00f1a","publisher":{"@id":"https:\/\/iha-race.com\/pt-pt\/#organization"},"potentialAction":[{"@type":"SearchAction","target":{"@type":"EntryPoint","urlTemplate":"https:\/\/iha-race.com\/pt-pt\/?s={search_term_string}"},"query-input":{"@type":"PropertyValueSpecification","valueRequired":true,"valueName":"search_term_string"}}],"inLanguage":"pt-PT"},{"@type":"Organization","@id":"https:\/\/iha-race.com\/pt-pt\/#organization","name":"Iha Race","url":"https:\/\/iha-race.com\/pt-pt\/","logo":{"@type":"ImageObject","inLanguage":"pt-PT","@id":"https:\/\/iha-race.com\/pt-pt\/#\/schema\/logo\/image\/","url":"https:\/\/iha-race.com\/wp-content\/uploads\/2018\/07\/iha-race-drones-de-carreras-tienda-comprar-drones.png","contentUrl":"https:\/\/iha-race.com\/wp-content\/uploads\/2018\/07\/iha-race-drones-de-carreras-tienda-comprar-drones.png","width":300,"height":100,"caption":"Iha Race"},"image":{"@id":"https:\/\/iha-race.com\/pt-pt\/#\/schema\/logo\/image\/"}}]}},"brands":[{"id":3567,"name":"DJI","slug":"dji"}],"_links":{"self":[{"href":"https:\/\/iha-race.com\/pt-pt\/wp-json\/wp\/v2\/product\/214385","targetHints":{"allow":["GET"]}}],"collection":[{"href":"https:\/\/iha-race.com\/pt-pt\/wp-json\/wp\/v2\/product"}],"about":[{"href":"https:\/\/iha-race.com\/pt-pt\/wp-json\/wp\/v2\/types\/product"}],"replies":[{"embeddable":true,"href":"https:\/\/iha-race.com\/pt-pt\/wp-json\/wp\/v2\/comments?post=214385"}],"version-history":[{"count":2,"href":"https:\/\/iha-race.com\/pt-pt\/wp-json\/wp\/v2\/product\/214385\/revisions"}],"predecessor-version":[{"id":248769,"href":"https:\/\/iha-race.com\/pt-pt\/wp-json\/wp\/v2\/product\/214385\/revisions\/248769"}],"wp:featuredmedia":[{"embeddable":true,"href":"https:\/\/iha-race.com\/pt-pt\/wp-json\/wp\/v2\/media\/214381"}],"wp:attachment":[{"href":"https:\/\/iha-race.com\/pt-pt\/wp-json\/wp\/v2\/media?parent=214385"}],"wp:term":[{"taxonomy":"pwb-brand","embeddable":true,"href":"https:\/\/iha-race.com\/pt-pt\/wp-json\/wp\/v2\/pwb-brand?post=214385"},{"taxonomy":"product_cat","embeddable":true,"href":"https:\/\/iha-race.com\/pt-pt\/wp-json\/wp\/v2\/product_cat?post=214385"},{"taxonomy":"product_tag","embeddable":true,"href":"https:\/\/iha-race.com\/pt-pt\/wp-json\/wp\/v2\/product_tag?post=214385"}],"curies":[{"name":"wp","href":"https:\/\/api.w.org\/{rel}","templated":true}]}}