{"id":214367,"date":"2022-12-29T16:18:20","date_gmt":"2022-12-29T15:18:20","guid":{"rendered":"https:\/\/iha-race.com\/producto\/mavic-3-enterprise-speaker\/"},"modified":"2024-08-29T11:30:54","modified_gmt":"2024-08-29T09:30:54","slug":"altifalante-mavic-3-empresa","status":"publish","type":"product","link":"https:\/\/iha-race.com\/pt-pt\/produto\/altifalante-mavic-3-empresa\/","title":{"rendered":"Mavic 3 Enterprise Speaker"},"content":{"rendered":"<h1>Mavic 3 Enterprise Speaker<\/h1>\n<div class=\"section-container style__body___IaUot style__layout-top-bottom___1J0nW\">\n<article id=\"overview\" class=\"style__tab-content-item___3rpYZ style__overview-item___1oeOT style__content-layout-show-hide___1WFPP style__active___viHCY\">\n<div class=\"style__content-container___qNuZO\">\n<div class=\"product-detail-temp-specs\">\n<div class=\"temp-specs-table\">\n<div class=\"temp-specs-tbody\">\n<div class=\"temp-specs-tr\">\n<div class=\"temp-specs-td name\"><strong>Descri\u00e7\u00e3o Geral<\/strong><\/div>\n<div class=\"temp-specs-td value\">  Transmite som a longas dist\u00e2ncias para tornar mais eficientes as miss\u00f5es de salvamento e outras miss\u00f5es de emerg\u00eancia. Pode guardar v\u00e1rias grava\u00e7\u00f5es de \u00e1udio e suporta a reprodu\u00e7\u00e3o autom\u00e1tica em loop.  <\/div>\n<\/div>\n<div class=\"temp-specs-tr\">\n<div class=\"temp-specs-td name\"><strong>Caracter\u00edsticas not\u00e1veis<\/strong><\/div>\n<div class=\"temp-specs-td value\">  Transmite som a longas dist\u00e2ncias para miss\u00f5es de salvamento e outras emerg\u00eancias. Guarda grava\u00e7\u00f5es de \u00e1udio e reprodu\u00e7\u00e3o autom\u00e1tica de loops.  <\/div>\n<\/div>\n<div class=\"temp-specs-tr\">\n<div class=\"temp-specs-td name\"><strong>Aconselhamento<\/strong><\/div>\n<div class=\"temp-specs-td value\">\n<ul>\n<li>N\u00c3O utilizar o altifalante demasiado pr\u00f3ximo de pessoas ou em \u00e1reas urbanas onde se concentram estruturas sens\u00edveis ao ru\u00eddo, pois o volume pode causar acidentes ou ferimentos.<\/li>\n<li>Recomenda-se a utiliza\u00e7\u00e3o do controlo remoto DJI RC Pro Enterprise para reproduzir mensagens de voz ou importar uma fonte de \u00e1udio de voz para o melhor efeito de reprodu\u00e7\u00e3o. Para evitar danos irrevers\u00edveis no altifalante, n\u00e3o \u00e9 recomendado tocar sons de frequ\u00eancia \u00fanica, tais como alarmes.<\/li>\n<\/ul>\n<\/div>\n<\/div>\n<div class=\"temp-specs-tr\"><\/div>\n<div class=\"temp-specs-tr\">\n<div class=\"temp-specs-td name\"><strong>Especifica\u00e7\u00f5es<\/strong><\/div>\n<div class=\"temp-specs-td value\">\n<ul>\n<li>Dimens\u00f5es: 114,1 \u00d7 82,0 \u00d7 54,7 mm (C \u00d7 L \u00d7 A \u00d7 A)<\/li>\n<li>Peso: 85 \u00b1 2 g<\/li>\n<li>Interface: USB-C<\/li>\n<li>Pot\u00eancia nominal: 3 W<\/li>\n<li>Volume m\u00e1ximo: 110 dB a 1 m*.<\/li>\n<li>Dist\u00e2ncia efectiva de emiss\u00e3o: 100 m a 70 dB*.<\/li>\n<li>Taxa de bits: 16\/32 kb\/s<\/li>\n<li>Temperatura de funcionamento: -10 a 40 \u00b0C (14 a 104 \u00b0F)<\/li>\n<\/ul>\n<p><em>* Todos os dados foram medidos num ambiente experimental e s\u00e3o fornecidos apenas para refer\u00eancia. A situa\u00e7\u00e3o real ser\u00e1 ligeiramente diferente devido a diferentes vers\u00f5es de software, fontes de som, tipos de ambientes e outras condi\u00e7\u00f5es. O resultado final depende da utiliza\u00e7\u00e3o efectiva.<\/em><\/p>\n<\/div>\n<\/div>\n<div class=\"temp-specs-tr\">\n<div class=\"temp-specs-td name\"><strong>Compatibilidade<\/strong><\/div>\n<div class=\"temp-specs-td value\">  Aeronave DJI Mavic 3 Enterprise Series  <\/div>\n<div class=\"temp-specs-td name\"><strong>O pacote inclui<\/strong><\/div>\n<div class=\"temp-specs-td value\">\n<ul>\n<li>1 x Mavic 3 Enterprise Speaker<\/li>\n<\/ul>\n<\/div>\n<\/div>\n<\/div>\n<\/div>\n<\/div>\n<\/div>\n<\/article>\n<\/div>\n<p>&nbsp;<\/p>\n","protected":false},"excerpt":{"rendered":"<p>Mavic 3 Enterprise Speaker Descri\u00e7\u00e3o Geral Transmite som a longas dist\u00e2ncias para tornar mais eficientes as miss\u00f5es de salvamento e outras miss\u00f5es de emerg\u00eancia. Pode guardar v\u00e1rias grava\u00e7\u00f5es de \u00e1udio<\/p>\n","protected":false},"featured_media":214351,"comment_status":"open","ping_status":"closed","template":"","meta":{"_joinchat":[]},"pwb-brand":[3567],"product_cat":[3333,3332],"product_tag":[],"class_list":{"0":"post-214367","1":"product","2":"type-product","3":"status-publish","4":"has-post-thumbnail","6":"pwb-brand-dji","7":"product_cat-companhia-dji","8":"product_cat-dji-pt-pt","10":"first","11":"instock","12":"taxable","13":"shipping-taxable","14":"purchasable","15":"product-type-simple"},"barcode":null,"atum_controlled":true,"out_stock_date":null,"out_stock_threshold":null,"inheritable":false,"stock_on_hold":0,"sold_today":0,"sales_last_days":0,"out_stock_days":0,"lost_sales":0,"update_date":"2025-07-16T15:51:37","atum_locations":[],"atum_stock_status":"instock","restock_status":false,"low_stock_amount":"","sales_update_date":"2025-07-16T15:51:37","calc_backorders":null,"yoast_head":"<!-- This site is optimized with the Yoast SEO plugin v27.3 - https:\/\/yoast.com\/product\/yoast-seo-wordpress\/ -->\n<title>Mavic 3 Enterprise Speaker - Iha Race<\/title>\n<meta name=\"robots\" content=\"index, follow, max-snippet:-1, max-image-preview:large, max-video-preview:-1\" \/>\n<link rel=\"canonical\" href=\"https:\/\/iha-race.com\/pt-pt\/produto\/altifalante-mavic-3-empresa\/\" \/>\n<meta property=\"og:locale\" content=\"pt_PT\" \/>\n<meta property=\"og:type\" content=\"article\" \/>\n<meta property=\"og:title\" content=\"Mavic 3 Enterprise Speaker - Iha Race\" \/>\n<meta property=\"og:description\" content=\"Mavic 3 Enterprise Speaker Descri\u00e7\u00e3o Geral Transmite som a longas dist\u00e2ncias para tornar mais eficientes as miss\u00f5es de salvamento e outras miss\u00f5es de emerg\u00eancia. Pode guardar v\u00e1rias grava\u00e7\u00f5es de \u00e1udio\" \/>\n<meta property=\"og:url\" content=\"https:\/\/iha-race.com\/pt-pt\/produto\/altifalante-mavic-3-empresa\/\" \/>\n<meta property=\"og:site_name\" content=\"Iha Race\" \/>\n<meta property=\"article:modified_time\" content=\"2024-08-29T09:30:54+00:00\" \/>\n<meta property=\"og:image\" content=\"https:\/\/iha-race.com\/wp-content\/uploads\/2022\/12\/7ad4b82de00dbe92b2f1a5e74ba51176large.jpeg\" \/>\n\t<meta property=\"og:image:width\" content=\"1200\" \/>\n\t<meta property=\"og:image:height\" content=\"800\" \/>\n\t<meta property=\"og:image:type\" content=\"image\/jpeg\" \/>\n<meta name=\"twitter:card\" content=\"summary_large_image\" \/>\n<meta name=\"twitter:label1\" content=\"Tempo estimado de leitura\" \/>\n\t<meta name=\"twitter:data1\" content=\"1 minuto\" \/>\n<script type=\"application\/ld+json\" class=\"yoast-schema-graph\">{\"@context\":\"https:\\\/\\\/schema.org\",\"@graph\":[{\"@type\":\"WebPage\",\"@id\":\"https:\\\/\\\/iha-race.com\\\/pt-pt\\\/produto\\\/altifalante-mavic-3-empresa\\\/\",\"url\":\"https:\\\/\\\/iha-race.com\\\/pt-pt\\\/produto\\\/altifalante-mavic-3-empresa\\\/\",\"name\":\"Mavic 3 Enterprise Speaker - Iha Race\",\"isPartOf\":{\"@id\":\"https:\\\/\\\/iha-race.com\\\/pt-pt\\\/#website\"},\"primaryImageOfPage\":{\"@id\":\"https:\\\/\\\/iha-race.com\\\/pt-pt\\\/produto\\\/altifalante-mavic-3-empresa\\\/#primaryimage\"},\"image\":{\"@id\":\"https:\\\/\\\/iha-race.com\\\/pt-pt\\\/produto\\\/altifalante-mavic-3-empresa\\\/#primaryimage\"},\"thumbnailUrl\":\"https:\\\/\\\/iha-race.com\\\/wp-content\\\/uploads\\\/2022\\\/12\\\/7ad4b82de00dbe92b2f1a5e74ba51176large.jpeg\",\"datePublished\":\"2022-12-29T15:18:20+00:00\",\"dateModified\":\"2024-08-29T09:30:54+00:00\",\"breadcrumb\":{\"@id\":\"https:\\\/\\\/iha-race.com\\\/pt-pt\\\/produto\\\/altifalante-mavic-3-empresa\\\/#breadcrumb\"},\"inLanguage\":\"pt-PT\",\"potentialAction\":[{\"@type\":\"ReadAction\",\"target\":[\"https:\\\/\\\/iha-race.com\\\/pt-pt\\\/produto\\\/altifalante-mavic-3-empresa\\\/\"]}]},{\"@type\":\"ImageObject\",\"inLanguage\":\"pt-PT\",\"@id\":\"https:\\\/\\\/iha-race.com\\\/pt-pt\\\/produto\\\/altifalante-mavic-3-empresa\\\/#primaryimage\",\"url\":\"https:\\\/\\\/iha-race.com\\\/wp-content\\\/uploads\\\/2022\\\/12\\\/7ad4b82de00dbe92b2f1a5e74ba51176large.jpeg\",\"contentUrl\":\"https:\\\/\\\/iha-race.com\\\/wp-content\\\/uploads\\\/2022\\\/12\\\/7ad4b82de00dbe92b2f1a5e74ba51176large.jpeg\",\"width\":1200,\"height\":800,\"caption\":\"Comprar Altavoz Mavic 3 Enterprise\"},{\"@type\":\"BreadcrumbList\",\"@id\":\"https:\\\/\\\/iha-race.com\\\/pt-pt\\\/produto\\\/altifalante-mavic-3-empresa\\\/#breadcrumb\",\"itemListElement\":[{\"@type\":\"ListItem\",\"position\":1,\"name\":\"Portada\",\"item\":\"https:\\\/\\\/iha-race.com\\\/pt-pt\\\/elementor-499\\\/\"},{\"@type\":\"ListItem\",\"position\":2,\"name\":\"Shop\",\"item\":\"https:\\\/\\\/iha-race.com\\\/pt-pt\\\/shop\\\/\"},{\"@type\":\"ListItem\",\"position\":3,\"name\":\"Mavic 3 Enterprise Speaker\"}]},{\"@type\":\"WebSite\",\"@id\":\"https:\\\/\\\/iha-race.com\\\/pt-pt\\\/#website\",\"url\":\"https:\\\/\\\/iha-race.com\\\/pt-pt\\\/\",\"name\":\"Iha Race\",\"description\":\"Comprar drones de carreras FPV env\u00edos en un d\u00eda desde Espa\u00f1a\",\"publisher\":{\"@id\":\"https:\\\/\\\/iha-race.com\\\/pt-pt\\\/#organization\"},\"potentialAction\":[{\"@type\":\"SearchAction\",\"target\":{\"@type\":\"EntryPoint\",\"urlTemplate\":\"https:\\\/\\\/iha-race.com\\\/pt-pt\\\/?s={search_term_string}\"},\"query-input\":{\"@type\":\"PropertyValueSpecification\",\"valueRequired\":true,\"valueName\":\"search_term_string\"}}],\"inLanguage\":\"pt-PT\"},{\"@type\":\"Organization\",\"@id\":\"https:\\\/\\\/iha-race.com\\\/pt-pt\\\/#organization\",\"name\":\"Iha Race\",\"url\":\"https:\\\/\\\/iha-race.com\\\/pt-pt\\\/\",\"logo\":{\"@type\":\"ImageObject\",\"inLanguage\":\"pt-PT\",\"@id\":\"https:\\\/\\\/iha-race.com\\\/pt-pt\\\/#\\\/schema\\\/logo\\\/image\\\/\",\"url\":\"https:\\\/\\\/iha-race.com\\\/wp-content\\\/uploads\\\/2018\\\/07\\\/iha-race-drones-de-carreras-tienda-comprar-drones.png\",\"contentUrl\":\"https:\\\/\\\/iha-race.com\\\/wp-content\\\/uploads\\\/2018\\\/07\\\/iha-race-drones-de-carreras-tienda-comprar-drones.png\",\"width\":300,\"height\":100,\"caption\":\"Iha Race\"},\"image\":{\"@id\":\"https:\\\/\\\/iha-race.com\\\/pt-pt\\\/#\\\/schema\\\/logo\\\/image\\\/\"}}]}<\/script>\n<!-- \/ Yoast SEO plugin. -->","yoast_head_json":{"title":"Mavic 3 Enterprise Speaker - Iha Race","robots":{"index":"index","follow":"follow","max-snippet":"max-snippet:-1","max-image-preview":"max-image-preview:large","max-video-preview":"max-video-preview:-1"},"canonical":"https:\/\/iha-race.com\/pt-pt\/produto\/altifalante-mavic-3-empresa\/","og_locale":"pt_PT","og_type":"article","og_title":"Mavic 3 Enterprise Speaker - Iha Race","og_description":"Mavic 3 Enterprise Speaker Descri\u00e7\u00e3o Geral Transmite som a longas dist\u00e2ncias para tornar mais eficientes as miss\u00f5es de salvamento e outras miss\u00f5es de emerg\u00eancia. Pode guardar v\u00e1rias grava\u00e7\u00f5es de \u00e1udio","og_url":"https:\/\/iha-race.com\/pt-pt\/produto\/altifalante-mavic-3-empresa\/","og_site_name":"Iha Race","article_modified_time":"2024-08-29T09:30:54+00:00","og_image":[{"width":1200,"height":800,"url":"https:\/\/iha-race.com\/wp-content\/uploads\/2022\/12\/7ad4b82de00dbe92b2f1a5e74ba51176large.jpeg","type":"image\/jpeg"}],"twitter_card":"summary_large_image","twitter_misc":{"Tempo estimado de leitura":"1 minuto"},"schema":{"@context":"https:\/\/schema.org","@graph":[{"@type":"WebPage","@id":"https:\/\/iha-race.com\/pt-pt\/produto\/altifalante-mavic-3-empresa\/","url":"https:\/\/iha-race.com\/pt-pt\/produto\/altifalante-mavic-3-empresa\/","name":"Mavic 3 Enterprise Speaker - Iha Race","isPartOf":{"@id":"https:\/\/iha-race.com\/pt-pt\/#website"},"primaryImageOfPage":{"@id":"https:\/\/iha-race.com\/pt-pt\/produto\/altifalante-mavic-3-empresa\/#primaryimage"},"image":{"@id":"https:\/\/iha-race.com\/pt-pt\/produto\/altifalante-mavic-3-empresa\/#primaryimage"},"thumbnailUrl":"https:\/\/iha-race.com\/wp-content\/uploads\/2022\/12\/7ad4b82de00dbe92b2f1a5e74ba51176large.jpeg","datePublished":"2022-12-29T15:18:20+00:00","dateModified":"2024-08-29T09:30:54+00:00","breadcrumb":{"@id":"https:\/\/iha-race.com\/pt-pt\/produto\/altifalante-mavic-3-empresa\/#breadcrumb"},"inLanguage":"pt-PT","potentialAction":[{"@type":"ReadAction","target":["https:\/\/iha-race.com\/pt-pt\/produto\/altifalante-mavic-3-empresa\/"]}]},{"@type":"ImageObject","inLanguage":"pt-PT","@id":"https:\/\/iha-race.com\/pt-pt\/produto\/altifalante-mavic-3-empresa\/#primaryimage","url":"https:\/\/iha-race.com\/wp-content\/uploads\/2022\/12\/7ad4b82de00dbe92b2f1a5e74ba51176large.jpeg","contentUrl":"https:\/\/iha-race.com\/wp-content\/uploads\/2022\/12\/7ad4b82de00dbe92b2f1a5e74ba51176large.jpeg","width":1200,"height":800,"caption":"Comprar Altavoz Mavic 3 Enterprise"},{"@type":"BreadcrumbList","@id":"https:\/\/iha-race.com\/pt-pt\/produto\/altifalante-mavic-3-empresa\/#breadcrumb","itemListElement":[{"@type":"ListItem","position":1,"name":"Portada","item":"https:\/\/iha-race.com\/pt-pt\/elementor-499\/"},{"@type":"ListItem","position":2,"name":"Shop","item":"https:\/\/iha-race.com\/pt-pt\/shop\/"},{"@type":"ListItem","position":3,"name":"Mavic 3 Enterprise Speaker"}]},{"@type":"WebSite","@id":"https:\/\/iha-race.com\/pt-pt\/#website","url":"https:\/\/iha-race.com\/pt-pt\/","name":"Iha Race","description":"Comprar drones de carreras FPV env\u00edos en un d\u00eda desde Espa\u00f1a","publisher":{"@id":"https:\/\/iha-race.com\/pt-pt\/#organization"},"potentialAction":[{"@type":"SearchAction","target":{"@type":"EntryPoint","urlTemplate":"https:\/\/iha-race.com\/pt-pt\/?s={search_term_string}"},"query-input":{"@type":"PropertyValueSpecification","valueRequired":true,"valueName":"search_term_string"}}],"inLanguage":"pt-PT"},{"@type":"Organization","@id":"https:\/\/iha-race.com\/pt-pt\/#organization","name":"Iha Race","url":"https:\/\/iha-race.com\/pt-pt\/","logo":{"@type":"ImageObject","inLanguage":"pt-PT","@id":"https:\/\/iha-race.com\/pt-pt\/#\/schema\/logo\/image\/","url":"https:\/\/iha-race.com\/wp-content\/uploads\/2018\/07\/iha-race-drones-de-carreras-tienda-comprar-drones.png","contentUrl":"https:\/\/iha-race.com\/wp-content\/uploads\/2018\/07\/iha-race-drones-de-carreras-tienda-comprar-drones.png","width":300,"height":100,"caption":"Iha Race"},"image":{"@id":"https:\/\/iha-race.com\/pt-pt\/#\/schema\/logo\/image\/"}}]}},"brands":[{"id":3567,"name":"DJI","slug":"dji"}],"_links":{"self":[{"href":"https:\/\/iha-race.com\/pt-pt\/wp-json\/wp\/v2\/product\/214367","targetHints":{"allow":["GET"]}}],"collection":[{"href":"https:\/\/iha-race.com\/pt-pt\/wp-json\/wp\/v2\/product"}],"about":[{"href":"https:\/\/iha-race.com\/pt-pt\/wp-json\/wp\/v2\/types\/product"}],"replies":[{"embeddable":true,"href":"https:\/\/iha-race.com\/pt-pt\/wp-json\/wp\/v2\/comments?post=214367"}],"version-history":[{"count":2,"href":"https:\/\/iha-race.com\/pt-pt\/wp-json\/wp\/v2\/product\/214367\/revisions"}],"predecessor-version":[{"id":248766,"href":"https:\/\/iha-race.com\/pt-pt\/wp-json\/wp\/v2\/product\/214367\/revisions\/248766"}],"wp:featuredmedia":[{"embeddable":true,"href":"https:\/\/iha-race.com\/pt-pt\/wp-json\/wp\/v2\/media\/214351"}],"wp:attachment":[{"href":"https:\/\/iha-race.com\/pt-pt\/wp-json\/wp\/v2\/media?parent=214367"}],"wp:term":[{"taxonomy":"pwb-brand","embeddable":true,"href":"https:\/\/iha-race.com\/pt-pt\/wp-json\/wp\/v2\/pwb-brand?post=214367"},{"taxonomy":"product_cat","embeddable":true,"href":"https:\/\/iha-race.com\/pt-pt\/wp-json\/wp\/v2\/product_cat?post=214367"},{"taxonomy":"product_tag","embeddable":true,"href":"https:\/\/iha-race.com\/pt-pt\/wp-json\/wp\/v2\/product_tag?post=214367"}],"curies":[{"name":"wp","href":"https:\/\/api.w.org\/{rel}","templated":true}]}}