{"id":214229,"date":"2022-12-28T17:38:33","date_gmt":"2022-12-28T16:38:33","guid":{"rendered":"https:\/\/iha-race.com\/producto\/pacote-mavic-3t-plus\/"},"modified":"2024-08-29T11:30:14","modified_gmt":"2024-08-29T09:30:14","slug":"pack-basic-mavic-3t-2-anos-de-idade","status":"publish","type":"product","link":"https:\/\/iha-race.com\/pt-pt\/produto\/pack-basic-mavic-3t-2-anos-de-idade\/","title":{"rendered":"Pacote B\u00e1sico Mavic 3T 2 anos"},"content":{"rendered":"<h2>Pacote B\u00e1sico Mavic 3T 2 anos<\/h2>\n<p>  Inclui 2 anos de Care Enterprise Basic  &nbsp;<\/p>\n<p><img decoding=\"async\" src=\"https:\/\/tienda.stockrc.com\/WebRoot\/StoreES2\/Shops\/eb0140\/MediaGallery\/DJI_Mavic_3_Enterprise\/Mavic3E_RollUp.jpg\" alt=\"Mavic3E_RollUp\"><\/p>\n<p>&nbsp;<\/p>\n<h3>A nova s\u00e9rie DJI Mavic 3 Enterprise estabelece o derradeiro padr\u00e3o para drones comerciais port\u00e1teis<\/h3>\n<p>&nbsp;<\/p>\n<h2>Ver o invis\u00edvel com o DJI Mavic 3T<\/h2>\n<p>  Concebido para servir as necessidades especiais das opera\u00e7\u00f5es a\u00e9reas de combate a inc\u00eandios, busca e salvamento, inspec\u00e7\u00f5es e miss\u00f5es nocturnas, o DJI Mavic 3T tem a mesma c\u00e2mara de dete\u00e7\u00e3o remota que o Mavic 3E, uma c\u00e2mara de 48 MP com um sensor CMOS de 1\/2&#8243;, bem como uma c\u00e2mara t\u00e9rmica com um campo de vis\u00e3o de 61\u00b0 (DFOV) e uma dist\u00e2ncia focal equivalente a 40 mm com uma resolu\u00e7\u00e3o de 640 \u00d7 512 px. A c\u00e2mara t\u00e9rmica Mavic 3T suporta a medi\u00e7\u00e3o da temperatura de pontos e \u00e1reas, alertas de alta temperatura, paletas de cores e isotermas para ajudar os profissionais a encontrar pontos quentes e a tomar decis\u00f5es r\u00e1pidas. Com zoom simult\u00e2neo em ecr\u00e3 dividido, as c\u00e2maras t\u00e9rmicas e de zoom do Mavic 3T suportam um zoom digital cont\u00ednuo de 28\u00d7 de lado a lado para facilitar as compara\u00e7\u00f5es.  &nbsp;<\/p>\n<p><img decoding=\"async\" src=\"https:\/\/tienda.stockrc.com\/WebRoot\/StoreES2\/Shops\/eb0140\/MediaGallery\/DJI_Mavic_3_Enterprise\/B0004077-1.jpg\" alt=\"B0004077-1\"><\/p>\n<p>&nbsp;<\/p>\n<h2>Eleva\u00e7\u00e3o com velocidade com o DJI Mavic 3E<\/h2>\n<p>  A extraordin\u00e1ria combina\u00e7\u00e3o de carater\u00edsticas do DJI Mavic 3E permite miss\u00f5es de mapeamento e levantamento altamente eficientes sem a necessidade de pontos de controlo no solo. Integra uma c\u00e2mara grande angular de 20 MP com um sensor CMOS de 4\/3 com grandes 3.3\u03bcm pixels que, juntamente com o Modo Inteligente de Baixa Luz, oferece um desempenho significativamente melhorado em condi\u00e7\u00f5es de baixa luminosidade. A sua potente c\u00e2mara com zoom h\u00edbrido at\u00e9 56x tem uma dist\u00e2ncia focal equivalente de 162 mm para imagens de 12 MP. Um obturador mec\u00e2nico evita a desfocagem de movimento e permite disparos r\u00e1pidos em intervalos de 0,7 segundos.  <\/p>\n<h2><\/h2>\n<h2>Transmiss\u00e3o de imagem da pr\u00f3xima gera\u00e7\u00e3o<\/h2>\n<p>  Com um alcance m\u00e1ximo de controlo de 15 km, a transmiss\u00e3o DJI O3 Enterprise permite que os drones Mavic 3 Enterprise voem mais longe e transmitam sinais com maior estabilidade, dando aos pilotos maior tranquilidade durante o voo. Proporciona uma alta taxa de fotogramas de transmiss\u00e3o ao vivo a 1080p\/30fps. A dist\u00e2ncia de transmiss\u00e3o \u00e9 um indicador da for\u00e7a do sinal; voa sempre de acordo com as leis e regulamentos locais, incluindo voar com o drone dentro da linha de vis\u00e3o do operador, salvo autoriza\u00e7\u00e3o em contr\u00e1rio.  <\/p>\n<h2><\/h2>\n<h2>Voos despreocupados com maior seguran\u00e7a de voo<\/h2>\n<p>  A DJI sempre liderou a ind\u00fastria de drones no desenvolvimento de carater\u00edsticas de seguran\u00e7a inovadoras e a s\u00e9rie Mavic 3 Enterprise continua este legado com sistemas de navega\u00e7\u00e3o e dete\u00e7\u00e3o de obst\u00e1culos melhorados para dar aos pilotos de drones a orienta\u00e7\u00e3o de que necessitam para se manterem seguros. As aeronaves da s\u00e9rie Mavic 3 Enterprise incluem o DJI AirSense, que recebe sinais ADS-B das aeronaves tradicionais da \u00e1rea para alertar os pilotos de aeronaves de outro tr\u00e1fego a\u00e9reo nas proximidades. O novo sistema DJI APAS 5.0 melhorado para dete\u00e7\u00e3o de obst\u00e1culos sem \u00e2ngulo morto \u00e9 suportado por seis sensores fisheye omnidireccionais.  <\/p>\n<h2><\/h2>\n<p><img decoding=\"async\" src=\"https:\/\/tienda.stockrc.com\/WebRoot\/StoreES2\/Shops\/eb0140\/MediaGallery\/DJI_Mavic_3_Enterprise\/B0002812-1-0726.jpg\" alt=\"B0002812-1-0726\"><\/p>\n<p>&nbsp;<\/p>\n<h2>Um novo kit de ferramentas para profissionais<\/h2>\n<p>  A s\u00e9rie Mavic 3 Enterprise vem com novas ferramentas que combinam acess\u00f3rios e software para miss\u00f5es profissionais. O <u>DJI RC Pro<\/u> Enterprise \u00e9 um controlador remoto profissional com 1.000 l\u00eandeas de alto brilho para uma visibilidade clara sob luz solar directa e um microfone incorporado para uma comunica\u00e7\u00e3o clara. O <u>m\u00f3dulo RTK<\/u> permite que os profissionais de topografia alcancem uma precis\u00e3o de n\u00edvel centim\u00e9trico com suporte para Network RTK, servi\u00e7os personalizados de Network RTK e <u>Esta\u00e7\u00e3o M\u00f3vel D-RTK 2.<\/u> A <u>Esta\u00e7\u00e3o M\u00f3vel D-RTK 2<\/u> \u00e9 o recetor GNSS de alta precis\u00e3o atualizado da DJI que suporta todos os principais sistemas globais de navega\u00e7\u00e3o por sat\u00e9lite, fornecendo correc\u00e7\u00f5es diferenciais em tempo real.<br \/>\nAo ligar o <u>altifalante<\/u><br \/>\nO D-RTK 2 \u00e9 um recetor GNSS de alta precis\u00e3o que suporta os principais sistemas globais de navega\u00e7\u00e3o por sat\u00e9lite, fornecendo correc\u00e7\u00f5es diferenciais em tempo real em tempo diferencial.   &nbsp;<\/p>\n<h2>Pacote completo de software<\/h2>\n<p><strong>As aeronaves da s\u00e9rie Mavic 3 Enterprise est\u00e3o no cora\u00e7\u00e3o de um ecossistema de software avan\u00e7ado e em crescimento para opera\u00e7\u00f5es com aeronaves, permitindo que as plataformas a\u00e9reas atinjam todo o seu potencial como ferramentas para a recolha de dados, mapeamento, gest\u00e3o de frotas e opera\u00e7\u00f5es de voo.<\/strong><\/p>\n<p><u>DJI Pilot 2  <\/u>\u00e9 a interface de voo renovada, concebida para melhorar a efici\u00eancia da pilotagem e a seguran\u00e7a de voo. Os controlos de drone e carga \u00fatil s\u00e3o facilmente acess\u00edveis com um \u00fanico toque. Os utilizadores podem aceder a hardware de drones, transmiss\u00e3o de v\u00eddeo em direto e dados fotogr\u00e1ficos.  <u>DJI FlightHub 2<\/u>o software de gest\u00e3o de opera\u00e7\u00f5es tudo-em-um baseado na nuvem para frotas de drones, permite aos operadores de drones gerir eficazmente as opera\u00e7\u00f5es de voo com planeamento de rotas e gest\u00e3o de miss\u00f5es.  <u>DJI Terra<\/u>  \u00e9 o software de cartografia completo para todas as fases de trabalho, desde o planeamento da miss\u00e3o at\u00e9 ao processamento de modelos 2D e 3D.  <u>Ferramenta de An\u00e1lise T\u00e9rmica DJI 3.0<\/u>  ajuda os profissionais a analisar, anotar e processar imagens captadas pelo Mavic 3T utilizando o DTAT 3.0 para detetar anomalias de temperatura nas suas inspec\u00e7\u00f5es.  &nbsp;<\/p>\n<p><strong><img decoding=\"async\" src=\"https:\/\/tienda.stockrc.com\/WebRoot\/StoreES2\/Shops\/eb0140\/MediaGallery\/DJI_Mavic_3_Enterprise\/M3T_on_box_in_forest.jpg\" alt=\"M3T_on_box_in_forest\"><\/strong><\/p>\n<h2><\/h2>\n<h2>Cumprir com os mais altos protocolos profissionais de seguran\u00e7a de dados<\/h2>\n<p>  Os clientes da DJI Enterprise esperam os mais elevados padr\u00f5es de seguran\u00e7a e privacidade para os seus dados. A s\u00e9rie Mavic 3 Enterprise oferece caracter\u00edsticas de seguran\u00e7a de \u00faltima gera\u00e7\u00e3o para proteger a integridade de fotografias, v\u00eddeos, registos de voo e outros dados gerados durante voos sens\u00edveis. Quando activado, o Modo de Dados Local impedir\u00e1 a aplica\u00e7\u00e3o de controlo de voo DJI Pilot 2 de enviar ou receber quaisquer dados atrav\u00e9s da Internet. Isto proporciona garantias de seguran\u00e7a adicionais aos operadores de voos que envolvam infra-estruturas cr\u00edticas, projectos governamentais ou outras miss\u00f5es sens\u00edveis. A liga\u00e7\u00e3o de r\u00e1dio entre a aeronave e o controlo remoto tem uma encripta\u00e7\u00e3o AES-256 robusta.  &nbsp;<\/p>\n<h2>DJI Care Enterprise e o Programa de Manuten\u00e7\u00e3o DJI<\/h2>\n<p>  O DJI Care Enterprise \u00e9 um plano de prote\u00e7\u00e3o abrangente que oferece ao DJI Mavic 3 Enterprise series cobertura para uma s\u00e9rie de danos acidentais. A DJI Care Enterprise Basic oferece at\u00e9 tr\u00eas substitui\u00e7\u00f5es acess\u00edveis no prazo de dois anos (a dura\u00e7\u00e3o da extens\u00e3o varia consoante a regi\u00e3o). Para reduzir o tempo de paragem do projecto devido a acidentes, o DJI Care Express pode fornecer aos utilizadores um servi\u00e7o de substitui\u00e7\u00e3o r\u00e1pida. O DJI Care Enterprise Plus oferece um n\u00famero ilimitado de repara\u00e7\u00f5es gratuitas dentro do limite de cobertura.  <\/p>\n<h2><\/h2>\n<h2><\/h2>\n<h2><img decoding=\"async\" src=\"https:\/\/tienda.stockrc.com\/WebRoot\/StoreES2\/Shops\/eb0140\/MediaGallery\/DJI_Mavic_3_Enterprise\/Mavic_3T_SKU_Universal_down.jpg\" alt=\"Mavic_3T_SKU_Universal_down\"><\/h2>\n","protected":false},"excerpt":{"rendered":"<p>Pacote B\u00e1sico Mavic 3T 2 anos Inclui 2 anos de Care Enterprise Basic &nbsp; &nbsp; A nova s\u00e9rie DJI Mavic 3 Enterprise estabelece o derradeiro padr\u00e3o para drones comerciais port\u00e1teis<\/p>\n","protected":false},"featured_media":214183,"comment_status":"open","ping_status":"closed","template":"","meta":{"_joinchat":[]},"pwb-brand":[3567],"product_cat":[3333,3332],"product_tag":[],"class_list":{"0":"post-214229","1":"product","2":"type-product","3":"status-publish","4":"has-post-thumbnail","6":"pwb-brand-dji","7":"product_cat-companhia-dji","8":"product_cat-dji-pt-pt","10":"first","11":"instock","12":"taxable","13":"shipping-taxable","14":"purchasable","15":"product-type-simple"},"barcode":null,"atum_controlled":true,"out_stock_date":null,"out_stock_threshold":null,"inheritable":false,"stock_on_hold":0,"sold_today":0,"sales_last_days":0,"out_stock_days":0,"lost_sales":0,"update_date":"2026-04-18T22:18:12","atum_locations":[],"atum_stock_status":"instock","restock_status":false,"low_stock_amount":"","sales_update_date":"2026-04-18T22:18:12","calc_backorders":null,"yoast_head":"<!-- This site is optimized with the Yoast SEO plugin v27.3 - https:\/\/yoast.com\/product\/yoast-seo-wordpress\/ -->\n<title>Pacote B\u00e1sico Mavic 3T 2 anos - Iha Race<\/title>\n<meta name=\"robots\" content=\"index, follow, max-snippet:-1, max-image-preview:large, max-video-preview:-1\" \/>\n<link rel=\"canonical\" href=\"https:\/\/iha-race.com\/pt-pt\/produto\/pack-basic-mavic-3t-2-anos-de-idade\/\" \/>\n<meta property=\"og:locale\" content=\"pt_PT\" \/>\n<meta property=\"og:type\" content=\"article\" \/>\n<meta property=\"og:title\" content=\"Pacote B\u00e1sico Mavic 3T 2 anos - Iha Race\" \/>\n<meta property=\"og:description\" content=\"Pacote B\u00e1sico Mavic 3T 2 anos Inclui 2 anos de Care Enterprise Basic &nbsp; &nbsp; A nova s\u00e9rie DJI Mavic 3 Enterprise estabelece o derradeiro padr\u00e3o para drones comerciais port\u00e1teis\" \/>\n<meta property=\"og:url\" content=\"https:\/\/iha-race.com\/pt-pt\/produto\/pack-basic-mavic-3t-2-anos-de-idade\/\" \/>\n<meta property=\"og:site_name\" content=\"Iha Race\" \/>\n<meta property=\"article:modified_time\" content=\"2024-08-29T09:30:14+00:00\" \/>\n<meta property=\"og:image\" content=\"https:\/\/iha-race.com\/wp-content\/uploads\/2022\/12\/Mavic3TUgCS.png\" \/>\n\t<meta property=\"og:image:width\" content=\"1441\" \/>\n\t<meta property=\"og:image:height\" content=\"1080\" \/>\n\t<meta property=\"og:image:type\" content=\"image\/png\" \/>\n<meta name=\"twitter:card\" content=\"summary_large_image\" \/>\n<meta name=\"twitter:label1\" content=\"Tempo estimado de leitura\" \/>\n\t<meta name=\"twitter:data1\" content=\"6 minutos\" \/>\n<script type=\"application\/ld+json\" class=\"yoast-schema-graph\">{\"@context\":\"https:\\\/\\\/schema.org\",\"@graph\":[{\"@type\":\"WebPage\",\"@id\":\"https:\\\/\\\/iha-race.com\\\/pt-pt\\\/produto\\\/pack-basic-mavic-3t-2-anos-de-idade\\\/\",\"url\":\"https:\\\/\\\/iha-race.com\\\/pt-pt\\\/produto\\\/pack-basic-mavic-3t-2-anos-de-idade\\\/\",\"name\":\"Pacote B\u00e1sico Mavic 3T 2 anos - Iha Race\",\"isPartOf\":{\"@id\":\"https:\\\/\\\/iha-race.com\\\/pt-pt\\\/#website\"},\"primaryImageOfPage\":{\"@id\":\"https:\\\/\\\/iha-race.com\\\/pt-pt\\\/produto\\\/pack-basic-mavic-3t-2-anos-de-idade\\\/#primaryimage\"},\"image\":{\"@id\":\"https:\\\/\\\/iha-race.com\\\/pt-pt\\\/produto\\\/pack-basic-mavic-3t-2-anos-de-idade\\\/#primaryimage\"},\"thumbnailUrl\":\"https:\\\/\\\/iha-race.com\\\/wp-content\\\/uploads\\\/2022\\\/12\\\/Mavic3TUgCS.png\",\"datePublished\":\"2022-12-28T16:38:33+00:00\",\"dateModified\":\"2024-08-29T09:30:14+00:00\",\"breadcrumb\":{\"@id\":\"https:\\\/\\\/iha-race.com\\\/pt-pt\\\/produto\\\/pack-basic-mavic-3t-2-anos-de-idade\\\/#breadcrumb\"},\"inLanguage\":\"pt-PT\",\"potentialAction\":[{\"@type\":\"ReadAction\",\"target\":[\"https:\\\/\\\/iha-race.com\\\/pt-pt\\\/produto\\\/pack-basic-mavic-3t-2-anos-de-idade\\\/\"]}]},{\"@type\":\"ImageObject\",\"inLanguage\":\"pt-PT\",\"@id\":\"https:\\\/\\\/iha-race.com\\\/pt-pt\\\/produto\\\/pack-basic-mavic-3t-2-anos-de-idade\\\/#primaryimage\",\"url\":\"https:\\\/\\\/iha-race.com\\\/wp-content\\\/uploads\\\/2022\\\/12\\\/Mavic3TUgCS.png\",\"contentUrl\":\"https:\\\/\\\/iha-race.com\\\/wp-content\\\/uploads\\\/2022\\\/12\\\/Mavic3TUgCS.png\",\"width\":1441,\"height\":1080,\"caption\":\"Comprar Pack Plus Mavic 3T\"},{\"@type\":\"BreadcrumbList\",\"@id\":\"https:\\\/\\\/iha-race.com\\\/pt-pt\\\/produto\\\/pack-basic-mavic-3t-2-anos-de-idade\\\/#breadcrumb\",\"itemListElement\":[{\"@type\":\"ListItem\",\"position\":1,\"name\":\"Portada\",\"item\":\"https:\\\/\\\/iha-race.com\\\/pt-pt\\\/elementor-499\\\/\"},{\"@type\":\"ListItem\",\"position\":2,\"name\":\"Shop\",\"item\":\"https:\\\/\\\/iha-race.com\\\/pt-pt\\\/shop\\\/\"},{\"@type\":\"ListItem\",\"position\":3,\"name\":\"Pacote B\u00e1sico Mavic 3T 2 anos\"}]},{\"@type\":\"WebSite\",\"@id\":\"https:\\\/\\\/iha-race.com\\\/pt-pt\\\/#website\",\"url\":\"https:\\\/\\\/iha-race.com\\\/pt-pt\\\/\",\"name\":\"Iha Race\",\"description\":\"Comprar drones de carreras FPV env\u00edos en un d\u00eda desde Espa\u00f1a\",\"publisher\":{\"@id\":\"https:\\\/\\\/iha-race.com\\\/pt-pt\\\/#organization\"},\"potentialAction\":[{\"@type\":\"SearchAction\",\"target\":{\"@type\":\"EntryPoint\",\"urlTemplate\":\"https:\\\/\\\/iha-race.com\\\/pt-pt\\\/?s={search_term_string}\"},\"query-input\":{\"@type\":\"PropertyValueSpecification\",\"valueRequired\":true,\"valueName\":\"search_term_string\"}}],\"inLanguage\":\"pt-PT\"},{\"@type\":\"Organization\",\"@id\":\"https:\\\/\\\/iha-race.com\\\/pt-pt\\\/#organization\",\"name\":\"Iha Race\",\"url\":\"https:\\\/\\\/iha-race.com\\\/pt-pt\\\/\",\"logo\":{\"@type\":\"ImageObject\",\"inLanguage\":\"pt-PT\",\"@id\":\"https:\\\/\\\/iha-race.com\\\/pt-pt\\\/#\\\/schema\\\/logo\\\/image\\\/\",\"url\":\"https:\\\/\\\/iha-race.com\\\/wp-content\\\/uploads\\\/2018\\\/07\\\/iha-race-drones-de-carreras-tienda-comprar-drones.png\",\"contentUrl\":\"https:\\\/\\\/iha-race.com\\\/wp-content\\\/uploads\\\/2018\\\/07\\\/iha-race-drones-de-carreras-tienda-comprar-drones.png\",\"width\":300,\"height\":100,\"caption\":\"Iha Race\"},\"image\":{\"@id\":\"https:\\\/\\\/iha-race.com\\\/pt-pt\\\/#\\\/schema\\\/logo\\\/image\\\/\"}}]}<\/script>\n<!-- \/ Yoast SEO plugin. -->","yoast_head_json":{"title":"Pacote B\u00e1sico Mavic 3T 2 anos - Iha Race","robots":{"index":"index","follow":"follow","max-snippet":"max-snippet:-1","max-image-preview":"max-image-preview:large","max-video-preview":"max-video-preview:-1"},"canonical":"https:\/\/iha-race.com\/pt-pt\/produto\/pack-basic-mavic-3t-2-anos-de-idade\/","og_locale":"pt_PT","og_type":"article","og_title":"Pacote B\u00e1sico Mavic 3T 2 anos - Iha Race","og_description":"Pacote B\u00e1sico Mavic 3T 2 anos Inclui 2 anos de Care Enterprise Basic &nbsp; &nbsp; A nova s\u00e9rie DJI Mavic 3 Enterprise estabelece o derradeiro padr\u00e3o para drones comerciais port\u00e1teis","og_url":"https:\/\/iha-race.com\/pt-pt\/produto\/pack-basic-mavic-3t-2-anos-de-idade\/","og_site_name":"Iha Race","article_modified_time":"2024-08-29T09:30:14+00:00","og_image":[{"width":1441,"height":1080,"url":"https:\/\/iha-race.com\/wp-content\/uploads\/2022\/12\/Mavic3TUgCS.png","type":"image\/png"}],"twitter_card":"summary_large_image","twitter_misc":{"Tempo estimado de leitura":"6 minutos"},"schema":{"@context":"https:\/\/schema.org","@graph":[{"@type":"WebPage","@id":"https:\/\/iha-race.com\/pt-pt\/produto\/pack-basic-mavic-3t-2-anos-de-idade\/","url":"https:\/\/iha-race.com\/pt-pt\/produto\/pack-basic-mavic-3t-2-anos-de-idade\/","name":"Pacote B\u00e1sico Mavic 3T 2 anos - Iha Race","isPartOf":{"@id":"https:\/\/iha-race.com\/pt-pt\/#website"},"primaryImageOfPage":{"@id":"https:\/\/iha-race.com\/pt-pt\/produto\/pack-basic-mavic-3t-2-anos-de-idade\/#primaryimage"},"image":{"@id":"https:\/\/iha-race.com\/pt-pt\/produto\/pack-basic-mavic-3t-2-anos-de-idade\/#primaryimage"},"thumbnailUrl":"https:\/\/iha-race.com\/wp-content\/uploads\/2022\/12\/Mavic3TUgCS.png","datePublished":"2022-12-28T16:38:33+00:00","dateModified":"2024-08-29T09:30:14+00:00","breadcrumb":{"@id":"https:\/\/iha-race.com\/pt-pt\/produto\/pack-basic-mavic-3t-2-anos-de-idade\/#breadcrumb"},"inLanguage":"pt-PT","potentialAction":[{"@type":"ReadAction","target":["https:\/\/iha-race.com\/pt-pt\/produto\/pack-basic-mavic-3t-2-anos-de-idade\/"]}]},{"@type":"ImageObject","inLanguage":"pt-PT","@id":"https:\/\/iha-race.com\/pt-pt\/produto\/pack-basic-mavic-3t-2-anos-de-idade\/#primaryimage","url":"https:\/\/iha-race.com\/wp-content\/uploads\/2022\/12\/Mavic3TUgCS.png","contentUrl":"https:\/\/iha-race.com\/wp-content\/uploads\/2022\/12\/Mavic3TUgCS.png","width":1441,"height":1080,"caption":"Comprar Pack Plus Mavic 3T"},{"@type":"BreadcrumbList","@id":"https:\/\/iha-race.com\/pt-pt\/produto\/pack-basic-mavic-3t-2-anos-de-idade\/#breadcrumb","itemListElement":[{"@type":"ListItem","position":1,"name":"Portada","item":"https:\/\/iha-race.com\/pt-pt\/elementor-499\/"},{"@type":"ListItem","position":2,"name":"Shop","item":"https:\/\/iha-race.com\/pt-pt\/shop\/"},{"@type":"ListItem","position":3,"name":"Pacote B\u00e1sico Mavic 3T 2 anos"}]},{"@type":"WebSite","@id":"https:\/\/iha-race.com\/pt-pt\/#website","url":"https:\/\/iha-race.com\/pt-pt\/","name":"Iha Race","description":"Comprar drones de carreras FPV env\u00edos en un d\u00eda desde Espa\u00f1a","publisher":{"@id":"https:\/\/iha-race.com\/pt-pt\/#organization"},"potentialAction":[{"@type":"SearchAction","target":{"@type":"EntryPoint","urlTemplate":"https:\/\/iha-race.com\/pt-pt\/?s={search_term_string}"},"query-input":{"@type":"PropertyValueSpecification","valueRequired":true,"valueName":"search_term_string"}}],"inLanguage":"pt-PT"},{"@type":"Organization","@id":"https:\/\/iha-race.com\/pt-pt\/#organization","name":"Iha Race","url":"https:\/\/iha-race.com\/pt-pt\/","logo":{"@type":"ImageObject","inLanguage":"pt-PT","@id":"https:\/\/iha-race.com\/pt-pt\/#\/schema\/logo\/image\/","url":"https:\/\/iha-race.com\/wp-content\/uploads\/2018\/07\/iha-race-drones-de-carreras-tienda-comprar-drones.png","contentUrl":"https:\/\/iha-race.com\/wp-content\/uploads\/2018\/07\/iha-race-drones-de-carreras-tienda-comprar-drones.png","width":300,"height":100,"caption":"Iha Race"},"image":{"@id":"https:\/\/iha-race.com\/pt-pt\/#\/schema\/logo\/image\/"}}]}},"jetpack_sharing_enabled":true,"brands":[{"id":3567,"name":"DJI","slug":"dji"}],"_links":{"self":[{"href":"https:\/\/iha-race.com\/pt-pt\/wp-json\/wp\/v2\/product\/214229","targetHints":{"allow":["GET"]}}],"collection":[{"href":"https:\/\/iha-race.com\/pt-pt\/wp-json\/wp\/v2\/product"}],"about":[{"href":"https:\/\/iha-race.com\/pt-pt\/wp-json\/wp\/v2\/types\/product"}],"replies":[{"embeddable":true,"href":"https:\/\/iha-race.com\/pt-pt\/wp-json\/wp\/v2\/comments?post=214229"}],"version-history":[{"count":4,"href":"https:\/\/iha-race.com\/pt-pt\/wp-json\/wp\/v2\/product\/214229\/revisions"}],"predecessor-version":[{"id":248743,"href":"https:\/\/iha-race.com\/pt-pt\/wp-json\/wp\/v2\/product\/214229\/revisions\/248743"}],"wp:featuredmedia":[{"embeddable":true,"href":"https:\/\/iha-race.com\/pt-pt\/wp-json\/wp\/v2\/media\/214183"}],"wp:attachment":[{"href":"https:\/\/iha-race.com\/pt-pt\/wp-json\/wp\/v2\/media?parent=214229"}],"wp:term":[{"taxonomy":"pwb-brand","embeddable":true,"href":"https:\/\/iha-race.com\/pt-pt\/wp-json\/wp\/v2\/pwb-brand?post=214229"},{"taxonomy":"product_cat","embeddable":true,"href":"https:\/\/iha-race.com\/pt-pt\/wp-json\/wp\/v2\/product_cat?post=214229"},{"taxonomy":"product_tag","embeddable":true,"href":"https:\/\/iha-race.com\/pt-pt\/wp-json\/wp\/v2\/product_tag?post=214229"}],"curies":[{"name":"wp","href":"https:\/\/api.w.org\/{rel}","templated":true}]}}